{"id":22850,"date":"2026-04-16T11:16:56","date_gmt":"2026-04-16T08:16:56","guid":{"rendered":"https:\/\/deravio.com\/se\/produkt\/sats-for-montering-av-strackbalte\/"},"modified":"2026-04-23T17:38:46","modified_gmt":"2026-04-23T14:38:46","slug":"sats-for-montering-av-strackbalte","status":"publish","type":"product","link":"https:\/\/deravio.com\/se\/produkt\/sats-for-montering-av-strackbalte\/","title":{"rendered":"Sats f\u00f6r montering av str\u00e4ckb\u00e4lte"},"content":{"rendered":"<p style=\"text-align: center\" data-start=\"0\" data-end=\"74\"><strong data-start=\"0\" data-end=\"74\">Ta bort och installera stretchremmar snabbt utan att skada din motor. \ud83d\ude98<\/strong><\/p>\n<p data-start=\"0\" data-end=\"74\"><img decoding=\"async\" class=\"size-full wp-image-23272 aligncenter\" src=\"https:\/\/mekulo.com\/template\/wp-content\/uploads\/sites\/6\/2026\/02\/d9357ac1823487f4ffdc5730d4d7a777f564924d-700.avif\" alt=\"\" \/><\/p>\n<h2 style=\"text-align: center\" data-start=\"362\" data-end=\"379\"><strong>Huvudf\u00f6rdelar \ud83d\udd27<\/strong><\/h2>\n<p data-start=\"382\" data-end=\"451\">\ud83d\udd27 Enkel borttagning &amp; installation av b\u00e4lte &#8211; Ingen b\u00f6jning eller kraft beh\u00f6vs.<\/p>\n<p data-start=\"454\" data-end=\"520\">\ud83d\udee0\ufe0f Skyddar b\u00e4lten och remskivor &#8211; F\u00f6rhindrar skador under arbetet.<\/p>\n<p data-start=\"523\" data-end=\"595\">\ud83d\udcaa Stark metallkonstruktion &#8211; H\u00f6g h\u00e5rdhet och l\u00e5ng livsl\u00e4ngd.<\/p>\n<p data-start=\"598\" data-end=\"656\">\ud83d\udccf Kompakt design &#8211; Perfekt f\u00f6r smala motorutrymmen.<\/p>\n<p data-start=\"659\" data-end=\"742\">\ud83d\ude97 Universell anv\u00e4ndning &#8211; L\u00e4mplig f\u00f6r bilar, lastbilar och fordon med stretchb\u00e4lten.<\/p>\n<p data-start=\"745\" data-end=\"807\">\ud83c\udf92 L\u00e4tt &amp; b\u00e4rbar &#8211; L\u00e4tt att b\u00e4ra i alla verktygsl\u00e5dor.<\/p>\n<p data-start=\"745\" data-end=\"807\"><img fetchpriority=\"high\" decoding=\"async\" class=\"size-full wp-image-23267 aligncenter\" src=\"https:\/\/mekulo.com\/template\/wp-content\/uploads\/sites\/6\/2026\/02\/Sbe7d3365282d43e2b8a7d247b58757978.webp\" alt=\"\" width=\"1001\" height=\"1001\" \/><\/p>\n<h2 style=\"text-align: center\" data-start=\"809\" data-end=\"823\"><strong>Hur Man Anv\u00e4nder \ud83d\udccc<\/strong><\/h2>\n<ol data-start=\"824\" data-end=\"1035\">\n<li data-start=\"824\" data-end=\"884\">\n<p data-start=\"827\" data-end=\"884\">Placera verktyget p\u00e5 remskivans fram- eller baksida.<\/p>\n<\/li>\n<li data-start=\"885\" data-end=\"945\">\n<p data-start=\"888\" data-end=\"945\">Rotera remskivan l\u00e5ngsamt f\u00f6r att ta bort eller installera b\u00e4ltet.<\/p>\n<\/li>\n<li data-start=\"946\" data-end=\"987\">\n<p data-start=\"949\" data-end=\"987\">Se till att b\u00e4ltet sitter korrekt.<\/p>\n<\/li>\n<li data-start=\"988\" data-end=\"1035\">\n<p data-start=\"991\" data-end=\"1035\">Ta bort verktyget n\u00e4r b\u00e4ltet \u00e4r p\u00e5 plats.<\/p>\n<\/li>\n<\/ol>\n<h2 style=\"text-align: center\" data-start=\"1037\" data-end=\"1056\"><strong>Produktdetaljer \ud83d\udccf<\/strong><\/h2>\n<ul data-start=\"1057\" data-end=\"1268\">\n<li data-start=\"1057\" data-end=\"1105\">\n<p data-start=\"1059\" data-end=\"1105\">Material: H\u00f6gkvalitativt j\u00e4rn \/ aluminiumlegering<\/p>\n<\/li>\n<li data-start=\"1124\" data-end=\"1146\">\n<p data-start=\"1126\" data-end=\"1146\">Storlek: 50 x 33 x 25 mm, 43 x 40 x 3,3 mm<\/p>\n<\/li>\n<li data-start=\"1147\" data-end=\"1164\">\n<p data-start=\"1149\" data-end=\"1164\">Vikt: 110 g<\/p>\n<\/li>\n<li data-start=\"1165\" data-end=\"1216\">\n<p data-start=\"1167\" data-end=\"1216\">Funktion: Borttagning och installation av stretchb\u00e4lte<\/p>\n<\/li>\n<li data-start=\"1217\" data-end=\"1268\">\n<p data-start=\"1219\" data-end=\"1268\">Egenskaper: H\u00e5llbar, korrosionsbest\u00e4ndig, kompakt<\/p>\n<\/li>\n<\/ul>\n<h2 style=\"text-align: center\" data-start=\"1270\" data-end=\"1290\"><strong>Paketet Inneh\u00e5ller \ud83d\udce6<\/strong><\/h2>\n<ul data-start=\"1291\" data-end=\"1318\" data-is-last-node=\"\" data-is-only-node=\"\">\n<li data-start=\"1291\" data-end=\"1318\" data-is-last-node=\"\">\n<p data-start=\"1293\" data-end=\"1318\" data-is-last-node=\"\">2, 4x Stretchb\u00e4ltesborttagare.<\/p>\n<\/li>\n<\/ul>\n","protected":false},"excerpt":{"rendered":"<p>\ud83d\ude99Den h\u00e4r remkomponentsatsen \u00e4r utformad f\u00f6r att g\u00f6ra borttagning och montering av stretchremmar snabb, s\u00e4ker och enkel.<br \/>\n\ud83d\udee0\ufe0fDess kompakt storlek g\u00f6r att du enkelt kan arbeta i tr\u00e5nga motorutrymmen samtidigt som du skyddar remmar och remskivor.<br \/>\n\u231bDet h\u00e4r verktyget sparar tid, minskar anstr\u00e4ngningen och f\u00f6rl\u00e4nger livsl\u00e4ngden p\u00e5 dina drivremmar.<\/p>\n","protected":false},"featured_media":22846,"comment_status":"open","ping_status":"closed","template":"","meta":{"site-sidebar-layout":"default","site-content-layout":"","ast-site-content-layout":"default","site-content-style":"default","site-sidebar-style":"default","ast-global-header-display":"","ast-banner-title-visibility":"","ast-main-header-display":"","ast-hfb-above-header-display":"","ast-hfb-below-header-display":"","ast-hfb-mobile-header-display":"","site-post-title":"","ast-breadcrumbs-content":"","ast-featured-img":"","footer-sml-layout":"","ast-disable-related-posts":"","theme-transparent-header-meta":"default","adv-header-id-meta":"","stick-header-meta":"","header-above-stick-meta":"","header-main-stick-meta":"","header-below-stick-meta":"","astra-migrate-meta-layouts":"set","ast-page-background-enabled":"default","ast-page-background-meta":{"desktop":{"background-color":"var(--ast-global-color-5)","background-image":"","background-repeat":"repeat","background-position":"center center","background-size":"auto","background-attachment":"scroll","background-type":"","background-media":"","overlay-type":"","overlay-color":"","overlay-opacity":"","overlay-gradient":""},"tablet":{"background-color":"","background-image":"","background-repeat":"repeat","background-position":"center center","background-size":"auto","background-attachment":"scroll","background-type":"","background-media":"","overlay-type":"","overlay-color":"","overlay-opacity":"","overlay-gradient":""},"mobile":{"background-color":"","background-image":"","background-repeat":"repeat","background-position":"center center","background-size":"auto","background-attachment":"scroll","background-type":"","background-media":"","overlay-type":"","overlay-color":"","overlay-opacity":"","overlay-gradient":""}},"ast-content-background-meta":{"desktop":{"background-color":"var(--ast-global-color-4)","background-image":"","background-repeat":"repeat","background-position":"center center","background-size":"auto","background-attachment":"scroll","background-type":"","background-media":"","overlay-type":"","overlay-color":"","overlay-opacity":"","overlay-gradient":""},"tablet":{"background-color":"var(--ast-global-color-4)","background-image":"","background-repeat":"repeat","background-position":"center center","background-size":"auto","background-attachment":"scroll","background-type":"","background-media":"","overlay-type":"","overlay-color":"","overlay-opacity":"","overlay-gradient":""},"mobile":{"background-color":"var(--ast-global-color-4)","background-image":"","background-repeat":"repeat","background-position":"center center","background-size":"auto","background-attachment":"scroll","background-type":"","background-media":"","overlay-type":"","overlay-color":"","overlay-opacity":"","overlay-gradient":""}}},"product_brand":[],"product_cat":[171],"product_tag":[],"class_list":{"0":"post-22850","1":"product","2":"type-product","3":"status-publish","4":"has-post-thumbnail","6":"product_cat-verktyg","7":"pa_54251_tjayimzb-2-st","8":"pa_54251_tjayimzb-4-st","9":"desktop-align-left","10":"tablet-align-left","11":"mobile-align-left","13":"first","14":"instock","15":"shipping-taxable","16":"purchasable","17":"product-type-variable"},"yoast_head":"<!-- This site is optimized with the Yoast SEO plugin v27.4 - https:\/\/yoast.com\/product\/yoast-seo-wordpress\/ -->\n<title>Sats f\u00f6r montering av str\u00e4ckb\u00e4lte - Deravio SE<\/title>\n<meta name=\"robots\" content=\"index, follow, max-snippet:-1, max-image-preview:large, max-video-preview:-1\" \/>\n<link rel=\"canonical\" href=\"https:\/\/deravio.com\/se\/produkt\/sats-for-montering-av-strackbalte\/\" \/>\n<meta property=\"og:locale\" content=\"nb_NO\" \/>\n<meta property=\"og:type\" content=\"article\" \/>\n<meta property=\"og:title\" content=\"Sats f\u00f6r montering av str\u00e4ckb\u00e4lte - Deravio SE\" \/>\n<meta property=\"og:description\" content=\"\ud83d\ude99Den h\u00e4r remkomponentsatsen \u00e4r utformad f\u00f6r att g\u00f6ra borttagning och montering av stretchremmar snabb, s\u00e4ker och enkel. \ud83d\udee0\ufe0fDess kompakt storlek g\u00f6r att du enkelt kan arbeta i tr\u00e5nga motorutrymmen samtidigt som du skyddar remmar och remskivor. \u231bDet h\u00e4r verktyget sparar tid, minskar anstr\u00e4ngningen och f\u00f6rl\u00e4nger livsl\u00e4ngden p\u00e5 dina drivremmar.\" \/>\n<meta property=\"og:url\" content=\"https:\/\/deravio.com\/se\/produkt\/sats-for-montering-av-strackbalte\/\" \/>\n<meta property=\"og:site_name\" content=\"Deravio SE\" \/>\n<meta property=\"article:modified_time\" content=\"2026-04-23T14:38:46+00:00\" \/>\n<meta property=\"og:image\" content=\"https:\/\/deravio.com\/se\/wp-content\/uploads\/sites\/20\/2026\/04\/420tg31-1.webp\" \/>\n\t<meta property=\"og:image:width\" content=\"1001\" \/>\n\t<meta property=\"og:image:height\" content=\"1001\" \/>\n\t<meta property=\"og:image:type\" content=\"image\/webp\" \/>\n<meta name=\"twitter:card\" content=\"summary_large_image\" \/>\n<meta name=\"twitter:label1\" content=\"Ansl. lesetid\" \/>\n\t<meta name=\"twitter:data1\" content=\"2 minutter\" \/>\n<script type=\"application\/ld+json\" class=\"yoast-schema-graph\">{\"@context\":\"https:\\\/\\\/schema.org\",\"@graph\":[{\"@type\":\"WebPage\",\"@id\":\"https:\\\/\\\/deravio.com\\\/se\\\/produkt\\\/sats-for-montering-av-strackbalte\\\/\",\"url\":\"https:\\\/\\\/deravio.com\\\/se\\\/produkt\\\/sats-for-montering-av-strackbalte\\\/\",\"name\":\"Sats f\u00f6r montering av str\u00e4ckb\u00e4lte - Deravio SE\",\"isPartOf\":{\"@id\":\"https:\\\/\\\/deravio.com\\\/se\\\/#website\"},\"primaryImageOfPage\":{\"@id\":\"https:\\\/\\\/deravio.com\\\/se\\\/produkt\\\/sats-for-montering-av-strackbalte\\\/#primaryimage\"},\"image\":{\"@id\":\"https:\\\/\\\/deravio.com\\\/se\\\/produkt\\\/sats-for-montering-av-strackbalte\\\/#primaryimage\"},\"thumbnailUrl\":\"https:\\\/\\\/deravio.com\\\/se\\\/wp-content\\\/uploads\\\/sites\\\/20\\\/2026\\\/04\\\/420tg31-1.webp\",\"datePublished\":\"2026-04-16T08:16:56+00:00\",\"dateModified\":\"2026-04-23T14:38:46+00:00\",\"breadcrumb\":{\"@id\":\"https:\\\/\\\/deravio.com\\\/se\\\/produkt\\\/sats-for-montering-av-strackbalte\\\/#breadcrumb\"},\"inLanguage\":\"nb-NO\",\"potentialAction\":[{\"@type\":\"ReadAction\",\"target\":[\"https:\\\/\\\/deravio.com\\\/se\\\/produkt\\\/sats-for-montering-av-strackbalte\\\/\"]}]},{\"@type\":\"ImageObject\",\"inLanguage\":\"nb-NO\",\"@id\":\"https:\\\/\\\/deravio.com\\\/se\\\/produkt\\\/sats-for-montering-av-strackbalte\\\/#primaryimage\",\"url\":\"https:\\\/\\\/deravio.com\\\/se\\\/wp-content\\\/uploads\\\/sites\\\/20\\\/2026\\\/04\\\/420tg31-1.webp\",\"contentUrl\":\"https:\\\/\\\/deravio.com\\\/se\\\/wp-content\\\/uploads\\\/sites\\\/20\\\/2026\\\/04\\\/420tg31-1.webp\",\"width\":1001,\"height\":1001},{\"@type\":\"BreadcrumbList\",\"@id\":\"https:\\\/\\\/deravio.com\\\/se\\\/produkt\\\/sats-for-montering-av-strackbalte\\\/#breadcrumb\",\"itemListElement\":[{\"@type\":\"ListItem\",\"position\":1,\"name\":\"Home\",\"item\":\"https:\\\/\\\/deravio.com\\\/se\\\/\"},{\"@type\":\"ListItem\",\"position\":2,\"name\":\"Butik\",\"item\":\"https:\\\/\\\/deravio.com\\\/se\\\/butik\\\/\"},{\"@type\":\"ListItem\",\"position\":3,\"name\":\"Sats f\u00f6r montering av str\u00e4ckb\u00e4lte\"}]},{\"@type\":\"WebSite\",\"@id\":\"https:\\\/\\\/deravio.com\\\/se\\\/#website\",\"url\":\"https:\\\/\\\/deravio.com\\\/se\\\/\",\"name\":\"Deravio SE\",\"description\":\"\",\"publisher\":{\"@id\":\"https:\\\/\\\/deravio.com\\\/se\\\/#organization\"},\"potentialAction\":[{\"@type\":\"SearchAction\",\"target\":{\"@type\":\"EntryPoint\",\"urlTemplate\":\"https:\\\/\\\/deravio.com\\\/se\\\/?s={search_term_string}\"},\"query-input\":{\"@type\":\"PropertyValueSpecification\",\"valueRequired\":true,\"valueName\":\"search_term_string\"}}],\"inLanguage\":\"nb-NO\"},{\"@type\":\"Organization\",\"@id\":\"https:\\\/\\\/deravio.com\\\/se\\\/#organization\",\"name\":\"Mekulo\",\"url\":\"https:\\\/\\\/deravio.com\\\/se\\\/\",\"logo\":{\"@type\":\"ImageObject\",\"inLanguage\":\"nb-NO\",\"@id\":\"https:\\\/\\\/deravio.com\\\/se\\\/#\\\/schema\\\/logo\\\/image\\\/\",\"url\":\"https:\\\/\\\/deravio.com\\\/se\\\/wp-content\\\/uploads\\\/sites\\\/20\\\/2025\\\/12\\\/favicon_mekulo.png\",\"contentUrl\":\"https:\\\/\\\/deravio.com\\\/se\\\/wp-content\\\/uploads\\\/sites\\\/20\\\/2025\\\/12\\\/favicon_mekulo.png\",\"width\":50,\"height\":50,\"caption\":\"Mekulo\"},\"image\":{\"@id\":\"https:\\\/\\\/deravio.com\\\/se\\\/#\\\/schema\\\/logo\\\/image\\\/\"}}]}<\/script>\n<!-- \/ Yoast SEO plugin. -->","yoast_head_json":{"title":"Sats f\u00f6r montering av str\u00e4ckb\u00e4lte - Deravio SE","robots":{"index":"index","follow":"follow","max-snippet":"max-snippet:-1","max-image-preview":"max-image-preview:large","max-video-preview":"max-video-preview:-1"},"canonical":"https:\/\/deravio.com\/se\/produkt\/sats-for-montering-av-strackbalte\/","og_locale":"nb_NO","og_type":"article","og_title":"Sats f\u00f6r montering av str\u00e4ckb\u00e4lte - Deravio SE","og_description":"\ud83d\ude99Den h\u00e4r remkomponentsatsen \u00e4r utformad f\u00f6r att g\u00f6ra borttagning och montering av stretchremmar snabb, s\u00e4ker och enkel. \ud83d\udee0\ufe0fDess kompakt storlek g\u00f6r att du enkelt kan arbeta i tr\u00e5nga motorutrymmen samtidigt som du skyddar remmar och remskivor. \u231bDet h\u00e4r verktyget sparar tid, minskar anstr\u00e4ngningen och f\u00f6rl\u00e4nger livsl\u00e4ngden p\u00e5 dina drivremmar.","og_url":"https:\/\/deravio.com\/se\/produkt\/sats-for-montering-av-strackbalte\/","og_site_name":"Deravio SE","article_modified_time":"2026-04-23T14:38:46+00:00","og_image":[{"width":1001,"height":1001,"url":"https:\/\/deravio.com\/se\/wp-content\/uploads\/sites\/20\/2026\/04\/420tg31-1.webp","type":"image\/webp"}],"twitter_card":"summary_large_image","twitter_misc":{"Ansl. lesetid":"2 minutter"},"schema":{"@context":"https:\/\/schema.org","@graph":[{"@type":"WebPage","@id":"https:\/\/deravio.com\/se\/produkt\/sats-for-montering-av-strackbalte\/","url":"https:\/\/deravio.com\/se\/produkt\/sats-for-montering-av-strackbalte\/","name":"Sats f\u00f6r montering av str\u00e4ckb\u00e4lte - Deravio SE","isPartOf":{"@id":"https:\/\/deravio.com\/se\/#website"},"primaryImageOfPage":{"@id":"https:\/\/deravio.com\/se\/produkt\/sats-for-montering-av-strackbalte\/#primaryimage"},"image":{"@id":"https:\/\/deravio.com\/se\/produkt\/sats-for-montering-av-strackbalte\/#primaryimage"},"thumbnailUrl":"https:\/\/deravio.com\/se\/wp-content\/uploads\/sites\/20\/2026\/04\/420tg31-1.webp","datePublished":"2026-04-16T08:16:56+00:00","dateModified":"2026-04-23T14:38:46+00:00","breadcrumb":{"@id":"https:\/\/deravio.com\/se\/produkt\/sats-for-montering-av-strackbalte\/#breadcrumb"},"inLanguage":"nb-NO","potentialAction":[{"@type":"ReadAction","target":["https:\/\/deravio.com\/se\/produkt\/sats-for-montering-av-strackbalte\/"]}]},{"@type":"ImageObject","inLanguage":"nb-NO","@id":"https:\/\/deravio.com\/se\/produkt\/sats-for-montering-av-strackbalte\/#primaryimage","url":"https:\/\/deravio.com\/se\/wp-content\/uploads\/sites\/20\/2026\/04\/420tg31-1.webp","contentUrl":"https:\/\/deravio.com\/se\/wp-content\/uploads\/sites\/20\/2026\/04\/420tg31-1.webp","width":1001,"height":1001},{"@type":"BreadcrumbList","@id":"https:\/\/deravio.com\/se\/produkt\/sats-for-montering-av-strackbalte\/#breadcrumb","itemListElement":[{"@type":"ListItem","position":1,"name":"Home","item":"https:\/\/deravio.com\/se\/"},{"@type":"ListItem","position":2,"name":"Butik","item":"https:\/\/deravio.com\/se\/butik\/"},{"@type":"ListItem","position":3,"name":"Sats f\u00f6r montering av str\u00e4ckb\u00e4lte"}]},{"@type":"WebSite","@id":"https:\/\/deravio.com\/se\/#website","url":"https:\/\/deravio.com\/se\/","name":"Deravio SE","description":"","publisher":{"@id":"https:\/\/deravio.com\/se\/#organization"},"potentialAction":[{"@type":"SearchAction","target":{"@type":"EntryPoint","urlTemplate":"https:\/\/deravio.com\/se\/?s={search_term_string}"},"query-input":{"@type":"PropertyValueSpecification","valueRequired":true,"valueName":"search_term_string"}}],"inLanguage":"nb-NO"},{"@type":"Organization","@id":"https:\/\/deravio.com\/se\/#organization","name":"Mekulo","url":"https:\/\/deravio.com\/se\/","logo":{"@type":"ImageObject","inLanguage":"nb-NO","@id":"https:\/\/deravio.com\/se\/#\/schema\/logo\/image\/","url":"https:\/\/deravio.com\/se\/wp-content\/uploads\/sites\/20\/2025\/12\/favicon_mekulo.png","contentUrl":"https:\/\/deravio.com\/se\/wp-content\/uploads\/sites\/20\/2025\/12\/favicon_mekulo.png","width":50,"height":50,"caption":"Mekulo"},"image":{"@id":"https:\/\/deravio.com\/se\/#\/schema\/logo\/image\/"}}]}},"_links":{"self":[{"href":"https:\/\/deravio.com\/se\/wp-json\/wp\/v2\/product\/22850","targetHints":{"allow":["GET"]}}],"collection":[{"href":"https:\/\/deravio.com\/se\/wp-json\/wp\/v2\/product"}],"about":[{"href":"https:\/\/deravio.com\/se\/wp-json\/wp\/v2\/types\/product"}],"replies":[{"embeddable":true,"href":"https:\/\/deravio.com\/se\/wp-json\/wp\/v2\/comments?post=22850"}],"wp:featuredmedia":[{"embeddable":true,"href":"https:\/\/deravio.com\/se\/wp-json\/wp\/v2\/media\/22846"}],"wp:attachment":[{"href":"https:\/\/deravio.com\/se\/wp-json\/wp\/v2\/media?parent=22850"}],"wp:term":[{"taxonomy":"product_brand","embeddable":true,"href":"https:\/\/deravio.com\/se\/wp-json\/wp\/v2\/product_brand?post=22850"},{"taxonomy":"product_cat","embeddable":true,"href":"https:\/\/deravio.com\/se\/wp-json\/wp\/v2\/product_cat?post=22850"},{"taxonomy":"product_tag","embeddable":true,"href":"https:\/\/deravio.com\/se\/wp-json\/wp\/v2\/product_tag?post=22850"}],"curies":[{"name":"wp","href":"https:\/\/api.w.org\/{rel}","templated":true}]}}