{"id":22835,"date":"2026-04-16T11:15:37","date_gmt":"2026-04-16T08:15:37","guid":{"rendered":"https:\/\/deravio.com\/se\/produkt\/universellt-kabelbandsspanne-i-nylon\/"},"modified":"2026-04-29T10:58:20","modified_gmt":"2026-04-29T07:58:20","slug":"universellt-kabelbandsspanne-i-nylon","status":"publish","type":"product","link":"https:\/\/deravio.com\/se\/produkt\/universellt-kabelbandsspanne-i-nylon\/","title":{"rendered":"Universellt kabelbandssp\u00e4nne i nylon"},"content":{"rendered":"<p style=\"text-align: center\" data-start=\"0\" data-end=\"72\"><strong data-start=\"0\" data-end=\"72\">S\u00e4kra Kablar Och Bildelar Snabbt Med Ett Starkt, Verktygsfritt Sp\u00e4nne. \ud83d\ude97<\/strong><\/p>\n<p data-start=\"0\" data-end=\"72\"><img decoding=\"async\" class=\"size-full wp-image-21320 aligncenter\" src=\"https:\/\/mekulo.com\/template\/wp-content\/uploads\/sites\/6\/2026\/01\/3d162ee51fea74aac9d9b3ca15035c609342a82a-800.avif\" alt=\"\" \/><\/p>\n<h2 style=\"text-align: center\" data-start=\"349\" data-end=\"369\">Huvudf\u00f6rdelar \ud83d\udd27<\/h2>\n<p data-start=\"372\" data-end=\"430\">\ud83d\udd12 Sj\u00e4lvl\u00e5sande med en knapp &#8211; Snabb och enkel fasts\u00e4ttning.<\/p>\n<p data-start=\"433\" data-end=\"488\">\ud83d\udcaa H\u00f6gh\u00e5llfast nylon &#8211; Slitstark och l\u00e5ngvarig.<\/p>\n<p data-start=\"491\" data-end=\"558\">\ud83c\udf27\ufe0f Allv\u00e4dersbest\u00e4ndig &#8211; UV-, regn- och korrosionsbest\u00e4ndig.<\/p>\n<p data-start=\"561\" data-end=\"630\">\ud83d\ude97 Perfekt f\u00f6r bilreparationer &#8211; Ers\u00e4tter st\u00f6tf\u00e5ngare och f\u00e4stkl\u00e4mmor.<\/p>\n<p data-start=\"633\" data-end=\"698\">\ud83e\uddf5 Perfekt f\u00f6r kabelhantering &#8211; H\u00e5ller kablarna snygga och s\u00e4kra.<\/p>\n<p data-start=\"701\" data-end=\"762\">\ud83d\udce6 Redo f\u00f6r n\u00f6dsituationer &#8211; Liten men viktig f\u00f6r bil\u00e4gare.<\/p>\n<p data-start=\"701\" data-end=\"762\"><img decoding=\"async\" class=\"size-full wp-image-21320 aligncenter\" src=\"https:\/\/mekulo.com\/template\/wp-content\/uploads\/sites\/6\/2026\/01\/3d162ee51fea74aac9d9b3ca15035c609342a82a-800.avif\" alt=\"\" \/><\/p>\n<h2 style=\"text-align: center\" data-start=\"769\" data-end=\"783\">Anv\u00e4ndning \ud83d\udccc<\/h2>\n<ol data-start=\"784\" data-end=\"1011\">\n<li data-start=\"784\" data-end=\"840\">\n<p data-start=\"787\" data-end=\"840\">F\u00f6r in stiftet genom h\u00e5let eller runt f\u00f6rem\u00e5let.<\/p>\n<\/li>\n<li data-start=\"841\" data-end=\"891\">\n<p data-start=\"844\" data-end=\"891\">Tryck p\u00e5 knappen f\u00f6r att l\u00e5sa sp\u00e4nnet p\u00e5 plats.<\/p>\n<\/li>\n<li data-start=\"892\" data-end=\"931\">\n<p data-start=\"895\" data-end=\"931\">Justera f\u00f6r en t\u00e4t och s\u00e4ker passform.<\/p>\n<\/li>\n<li data-start=\"932\" data-end=\"974\">\n<p data-start=\"935\" data-end=\"974\">Anv\u00e4nd f\u00f6r kablar, paneler eller bildelar.<\/p>\n<\/li>\n<li data-start=\"975\" data-end=\"1011\">\n<p data-start=\"978\" data-end=\"1011\">Ta bort och byt ut vid behov.<\/p>\n<\/li>\n<\/ol>\n<h2 style=\"text-align: center\" data-start=\"1018\" data-end=\"1037\">Produktdetaljer \ud83d\udccf<\/h2>\n<ul data-start=\"1038\" data-end=\"1375\">\n<li data-start=\"1089\" data-end=\"1132\">\n<p data-start=\"1091\" data-end=\"1132\">Material: Kraftig UV-best\u00e4ndig nylon<\/p>\n<\/li>\n<li data-start=\"1133\" data-end=\"1149\">\n<p data-start=\"1135\" data-end=\"1149\">F\u00e4rg: Svart<\/p>\n<\/li>\n<li data-start=\"1150\" data-end=\"1189\">\n<p data-start=\"1152\" data-end=\"1189\">Storlek: 90 x 20 mm<\/p>\n<\/li>\n<li data-start=\"1190\" data-end=\"1236\">\n<p data-start=\"1192\" data-end=\"1236\">Design: Sj\u00e4lvl\u00e5sande sp\u00e4nne med stift och knapp<\/p>\n<\/li>\n<li data-start=\"1237\" data-end=\"1257\">\n<p data-start=\"1239\" data-end=\"1257\">Anv\u00e4ndningstyp: Manuell<\/p>\n<\/li>\n<li data-start=\"1258\" data-end=\"1306\">\n<p data-start=\"1260\" data-end=\"1306\">Best\u00e4ndighet: Allv\u00e4dersbest\u00e4ndig, korrosionsbest\u00e4ndig<\/p>\n<\/li>\n<li data-start=\"1307\" data-end=\"1375\">\n<p data-start=\"1309\" data-end=\"1375\">Anv\u00e4ndningsomr\u00e5den: Bilreparationer, st\u00f6tf\u00e5ngarkl\u00e4mmor, buntband, kabelbuntar<\/p>\n<\/li>\n<\/ul>\n<h2 style=\"text-align: center\" data-start=\"1382\" data-end=\"1402\">Paketet Inneh\u00e5ller \ud83d\udce6<\/h2>\n<ul data-start=\"1403\" data-end=\"1490\" data-is-last-node=\"\" data-is-only-node=\"\">\n<li data-start=\"1403\" data-end=\"1490\" data-is-last-node=\"\">\n<p data-start=\"1405\" data-end=\"1490\" data-is-last-node=\"\">50, 100, 200x upps\u00e4ttningar universella buntbandssp\u00e4nnen i nylon (100, 200, 400 st).<\/p>\n<\/li>\n<\/ul>\n","protected":false},"excerpt":{"rendered":"<p>\ud83d\ude97Det h\u00e4r universella kabelbandssp\u00e4nnet i nylon \u00e4r en kraftig f\u00e4stl\u00f6sning f\u00f6r bilreparationer och kabelhantering.<br \/>\n\ud83d\udcccMed en enkel l\u00e5sdesign med en knapp kan du fixa, bunta eller byta ut kl\u00e4mmor snabbt utan verktyg, vilket g\u00f6r det till ett m\u00e5ste f\u00f6r vardaglig anv\u00e4ndning och n\u00f6dsituationer.<br \/>\n\ud83d\udd12Den kompakta storleken g\u00f6r det enkelt att f\u00f6rvara i din bil eller verktygsl\u00e5da hela tiden.<\/p>\n","protected":false},"featured_media":22831,"comment_status":"open","ping_status":"closed","template":"","meta":{"site-sidebar-layout":"default","site-content-layout":"","ast-site-content-layout":"default","site-content-style":"default","site-sidebar-style":"default","ast-global-header-display":"","ast-banner-title-visibility":"","ast-main-header-display":"","ast-hfb-above-header-display":"","ast-hfb-below-header-display":"","ast-hfb-mobile-header-display":"","site-post-title":"","ast-breadcrumbs-content":"","ast-featured-img":"","footer-sml-layout":"","ast-disable-related-posts":"","theme-transparent-header-meta":"default","adv-header-id-meta":"","stick-header-meta":"","header-above-stick-meta":"","header-main-stick-meta":"","header-below-stick-meta":"","astra-migrate-meta-layouts":"set","ast-page-background-enabled":"default","ast-page-background-meta":{"desktop":{"background-color":"var(--ast-global-color-5)","background-image":"","background-repeat":"repeat","background-position":"center center","background-size":"auto","background-attachment":"scroll","background-type":"","background-media":"","overlay-type":"","overlay-color":"","overlay-opacity":"","overlay-gradient":""},"tablet":{"background-color":"","background-image":"","background-repeat":"repeat","background-position":"center center","background-size":"auto","background-attachment":"scroll","background-type":"","background-media":"","overlay-type":"","overlay-color":"","overlay-opacity":"","overlay-gradient":""},"mobile":{"background-color":"","background-image":"","background-repeat":"repeat","background-position":"center center","background-size":"auto","background-attachment":"scroll","background-type":"","background-media":"","overlay-type":"","overlay-color":"","overlay-opacity":"","overlay-gradient":""}},"ast-content-background-meta":{"desktop":{"background-color":"var(--ast-global-color-4)","background-image":"","background-repeat":"repeat","background-position":"center center","background-size":"auto","background-attachment":"scroll","background-type":"","background-media":"","overlay-type":"","overlay-color":"","overlay-opacity":"","overlay-gradient":""},"tablet":{"background-color":"var(--ast-global-color-4)","background-image":"","background-repeat":"repeat","background-position":"center center","background-size":"auto","background-attachment":"scroll","background-type":"","background-media":"","overlay-type":"","overlay-color":"","overlay-opacity":"","overlay-gradient":""},"mobile":{"background-color":"var(--ast-global-color-4)","background-image":"","background-repeat":"repeat","background-position":"center center","background-size":"auto","background-attachment":"scroll","background-type":"","background-media":"","overlay-type":"","overlay-color":"","overlay-opacity":"","overlay-gradient":""}}},"product_brand":[],"product_cat":[15],"product_tag":[],"class_list":{"0":"post-22835","1":"product","2":"type-product","3":"status-publish","4":"has-post-thumbnail","6":"product_cat-okategoriserade","7":"pa_51021_8gaqgla4-100-st","8":"pa_51021_8gaqgla4-200-st","9":"pa_51021_8gaqgla4-400-st","10":"desktop-align-left","11":"tablet-align-left","12":"mobile-align-left","14":"first","15":"instock","16":"shipping-taxable","17":"purchasable","18":"product-type-variable"},"yoast_head":"<!-- This site is optimized with the Yoast SEO plugin v27.4 - https:\/\/yoast.com\/product\/yoast-seo-wordpress\/ -->\n<title>Universellt kabelbandssp\u00e4nne i nylon - Deravio SE<\/title>\n<meta name=\"robots\" content=\"index, follow, max-snippet:-1, max-image-preview:large, max-video-preview:-1\" \/>\n<link rel=\"canonical\" href=\"https:\/\/deravio.com\/se\/produkt\/universellt-kabelbandsspanne-i-nylon\/\" \/>\n<meta property=\"og:locale\" content=\"sv_SE\" \/>\n<meta property=\"og:type\" content=\"article\" \/>\n<meta property=\"og:title\" content=\"Universellt kabelbandssp\u00e4nne i nylon - Deravio SE\" \/>\n<meta property=\"og:description\" content=\"\ud83d\ude97Det h\u00e4r universella kabelbandssp\u00e4nnet i nylon \u00e4r en kraftig f\u00e4stl\u00f6sning f\u00f6r bilreparationer och kabelhantering. \ud83d\udcccMed en enkel l\u00e5sdesign med en knapp kan du fixa, bunta eller byta ut kl\u00e4mmor snabbt utan verktyg, vilket g\u00f6r det till ett m\u00e5ste f\u00f6r vardaglig anv\u00e4ndning och n\u00f6dsituationer. \ud83d\udd12Den kompakta storleken g\u00f6r det enkelt att f\u00f6rvara i din bil eller verktygsl\u00e5da hela tiden.\" \/>\n<meta property=\"og:url\" content=\"https:\/\/deravio.com\/se\/produkt\/universellt-kabelbandsspanne-i-nylon\/\" \/>\n<meta property=\"og:site_name\" content=\"Deravio SE\" \/>\n<meta property=\"article:modified_time\" content=\"2026-04-29T07:58:20+00:00\" \/>\n<meta property=\"og:image\" content=\"https:\/\/deravio.com\/se\/wp-content\/uploads\/sites\/20\/2026\/04\/goo3t9p-1.jpg\" \/>\n\t<meta property=\"og:image:width\" content=\"1080\" \/>\n\t<meta property=\"og:image:height\" content=\"1080\" \/>\n\t<meta property=\"og:image:type\" content=\"image\/jpeg\" \/>\n<meta name=\"twitter:card\" content=\"summary_large_image\" \/>\n<meta name=\"twitter:label1\" content=\"Ber\u00e4knad l\u00e4stid\" \/>\n\t<meta name=\"twitter:data1\" content=\"2 minuter\" \/>\n<script type=\"application\/ld+json\" class=\"yoast-schema-graph\">{\"@context\":\"https:\\\/\\\/schema.org\",\"@graph\":[{\"@type\":\"WebPage\",\"@id\":\"https:\\\/\\\/deravio.com\\\/se\\\/produkt\\\/universellt-kabelbandsspanne-i-nylon\\\/\",\"url\":\"https:\\\/\\\/deravio.com\\\/se\\\/produkt\\\/universellt-kabelbandsspanne-i-nylon\\\/\",\"name\":\"Universellt kabelbandssp\u00e4nne i nylon - Deravio SE\",\"isPartOf\":{\"@id\":\"https:\\\/\\\/deravio.com\\\/se\\\/#website\"},\"primaryImageOfPage\":{\"@id\":\"https:\\\/\\\/deravio.com\\\/se\\\/produkt\\\/universellt-kabelbandsspanne-i-nylon\\\/#primaryimage\"},\"image\":{\"@id\":\"https:\\\/\\\/deravio.com\\\/se\\\/produkt\\\/universellt-kabelbandsspanne-i-nylon\\\/#primaryimage\"},\"thumbnailUrl\":\"https:\\\/\\\/deravio.com\\\/se\\\/wp-content\\\/uploads\\\/sites\\\/20\\\/2026\\\/04\\\/goo3t9p-1.jpg\",\"datePublished\":\"2026-04-16T08:15:37+00:00\",\"dateModified\":\"2026-04-29T07:58:20+00:00\",\"breadcrumb\":{\"@id\":\"https:\\\/\\\/deravio.com\\\/se\\\/produkt\\\/universellt-kabelbandsspanne-i-nylon\\\/#breadcrumb\"},\"inLanguage\":\"sv-SE\",\"potentialAction\":[{\"@type\":\"ReadAction\",\"target\":[\"https:\\\/\\\/deravio.com\\\/se\\\/produkt\\\/universellt-kabelbandsspanne-i-nylon\\\/\"]}]},{\"@type\":\"ImageObject\",\"inLanguage\":\"sv-SE\",\"@id\":\"https:\\\/\\\/deravio.com\\\/se\\\/produkt\\\/universellt-kabelbandsspanne-i-nylon\\\/#primaryimage\",\"url\":\"https:\\\/\\\/deravio.com\\\/se\\\/wp-content\\\/uploads\\\/sites\\\/20\\\/2026\\\/04\\\/goo3t9p-1.jpg\",\"contentUrl\":\"https:\\\/\\\/deravio.com\\\/se\\\/wp-content\\\/uploads\\\/sites\\\/20\\\/2026\\\/04\\\/goo3t9p-1.jpg\",\"width\":1080,\"height\":1080},{\"@type\":\"BreadcrumbList\",\"@id\":\"https:\\\/\\\/deravio.com\\\/se\\\/produkt\\\/universellt-kabelbandsspanne-i-nylon\\\/#breadcrumb\",\"itemListElement\":[{\"@type\":\"ListItem\",\"position\":1,\"name\":\"Home\",\"item\":\"https:\\\/\\\/deravio.com\\\/se\\\/\"},{\"@type\":\"ListItem\",\"position\":2,\"name\":\"Butik\",\"item\":\"https:\\\/\\\/deravio.com\\\/se\\\/butik\\\/\"},{\"@type\":\"ListItem\",\"position\":3,\"name\":\"Universellt kabelbandssp\u00e4nne i nylon\"}]},{\"@type\":\"WebSite\",\"@id\":\"https:\\\/\\\/deravio.com\\\/se\\\/#website\",\"url\":\"https:\\\/\\\/deravio.com\\\/se\\\/\",\"name\":\"Deravio SE\",\"description\":\"\",\"publisher\":{\"@id\":\"https:\\\/\\\/deravio.com\\\/se\\\/#organization\"},\"potentialAction\":[{\"@type\":\"SearchAction\",\"target\":{\"@type\":\"EntryPoint\",\"urlTemplate\":\"https:\\\/\\\/deravio.com\\\/se\\\/?s={search_term_string}\"},\"query-input\":{\"@type\":\"PropertyValueSpecification\",\"valueRequired\":true,\"valueName\":\"search_term_string\"}}],\"inLanguage\":\"sv-SE\"},{\"@type\":\"Organization\",\"@id\":\"https:\\\/\\\/deravio.com\\\/se\\\/#organization\",\"name\":\"Mekulo\",\"url\":\"https:\\\/\\\/deravio.com\\\/se\\\/\",\"logo\":{\"@type\":\"ImageObject\",\"inLanguage\":\"sv-SE\",\"@id\":\"https:\\\/\\\/deravio.com\\\/se\\\/#\\\/schema\\\/logo\\\/image\\\/\",\"url\":\"https:\\\/\\\/deravio.com\\\/se\\\/wp-content\\\/uploads\\\/sites\\\/20\\\/2025\\\/12\\\/favicon_mekulo.png\",\"contentUrl\":\"https:\\\/\\\/deravio.com\\\/se\\\/wp-content\\\/uploads\\\/sites\\\/20\\\/2025\\\/12\\\/favicon_mekulo.png\",\"width\":50,\"height\":50,\"caption\":\"Mekulo\"},\"image\":{\"@id\":\"https:\\\/\\\/deravio.com\\\/se\\\/#\\\/schema\\\/logo\\\/image\\\/\"}}]}<\/script>\n<!-- \/ Yoast SEO plugin. -->","yoast_head_json":{"title":"Universellt kabelbandssp\u00e4nne i nylon - Deravio SE","robots":{"index":"index","follow":"follow","max-snippet":"max-snippet:-1","max-image-preview":"max-image-preview:large","max-video-preview":"max-video-preview:-1"},"canonical":"https:\/\/deravio.com\/se\/produkt\/universellt-kabelbandsspanne-i-nylon\/","og_locale":"sv_SE","og_type":"article","og_title":"Universellt kabelbandssp\u00e4nne i nylon - Deravio SE","og_description":"\ud83d\ude97Det h\u00e4r universella kabelbandssp\u00e4nnet i nylon \u00e4r en kraftig f\u00e4stl\u00f6sning f\u00f6r bilreparationer och kabelhantering. \ud83d\udcccMed en enkel l\u00e5sdesign med en knapp kan du fixa, bunta eller byta ut kl\u00e4mmor snabbt utan verktyg, vilket g\u00f6r det till ett m\u00e5ste f\u00f6r vardaglig anv\u00e4ndning och n\u00f6dsituationer. \ud83d\udd12Den kompakta storleken g\u00f6r det enkelt att f\u00f6rvara i din bil eller verktygsl\u00e5da hela tiden.","og_url":"https:\/\/deravio.com\/se\/produkt\/universellt-kabelbandsspanne-i-nylon\/","og_site_name":"Deravio SE","article_modified_time":"2026-04-29T07:58:20+00:00","og_image":[{"width":1080,"height":1080,"url":"https:\/\/deravio.com\/se\/wp-content\/uploads\/sites\/20\/2026\/04\/goo3t9p-1.jpg","type":"image\/jpeg"}],"twitter_card":"summary_large_image","twitter_misc":{"Ber\u00e4knad l\u00e4stid":"2 minuter"},"schema":{"@context":"https:\/\/schema.org","@graph":[{"@type":"WebPage","@id":"https:\/\/deravio.com\/se\/produkt\/universellt-kabelbandsspanne-i-nylon\/","url":"https:\/\/deravio.com\/se\/produkt\/universellt-kabelbandsspanne-i-nylon\/","name":"Universellt kabelbandssp\u00e4nne i nylon - Deravio SE","isPartOf":{"@id":"https:\/\/deravio.com\/se\/#website"},"primaryImageOfPage":{"@id":"https:\/\/deravio.com\/se\/produkt\/universellt-kabelbandsspanne-i-nylon\/#primaryimage"},"image":{"@id":"https:\/\/deravio.com\/se\/produkt\/universellt-kabelbandsspanne-i-nylon\/#primaryimage"},"thumbnailUrl":"https:\/\/deravio.com\/se\/wp-content\/uploads\/sites\/20\/2026\/04\/goo3t9p-1.jpg","datePublished":"2026-04-16T08:15:37+00:00","dateModified":"2026-04-29T07:58:20+00:00","breadcrumb":{"@id":"https:\/\/deravio.com\/se\/produkt\/universellt-kabelbandsspanne-i-nylon\/#breadcrumb"},"inLanguage":"sv-SE","potentialAction":[{"@type":"ReadAction","target":["https:\/\/deravio.com\/se\/produkt\/universellt-kabelbandsspanne-i-nylon\/"]}]},{"@type":"ImageObject","inLanguage":"sv-SE","@id":"https:\/\/deravio.com\/se\/produkt\/universellt-kabelbandsspanne-i-nylon\/#primaryimage","url":"https:\/\/deravio.com\/se\/wp-content\/uploads\/sites\/20\/2026\/04\/goo3t9p-1.jpg","contentUrl":"https:\/\/deravio.com\/se\/wp-content\/uploads\/sites\/20\/2026\/04\/goo3t9p-1.jpg","width":1080,"height":1080},{"@type":"BreadcrumbList","@id":"https:\/\/deravio.com\/se\/produkt\/universellt-kabelbandsspanne-i-nylon\/#breadcrumb","itemListElement":[{"@type":"ListItem","position":1,"name":"Home","item":"https:\/\/deravio.com\/se\/"},{"@type":"ListItem","position":2,"name":"Butik","item":"https:\/\/deravio.com\/se\/butik\/"},{"@type":"ListItem","position":3,"name":"Universellt kabelbandssp\u00e4nne i nylon"}]},{"@type":"WebSite","@id":"https:\/\/deravio.com\/se\/#website","url":"https:\/\/deravio.com\/se\/","name":"Deravio SE","description":"","publisher":{"@id":"https:\/\/deravio.com\/se\/#organization"},"potentialAction":[{"@type":"SearchAction","target":{"@type":"EntryPoint","urlTemplate":"https:\/\/deravio.com\/se\/?s={search_term_string}"},"query-input":{"@type":"PropertyValueSpecification","valueRequired":true,"valueName":"search_term_string"}}],"inLanguage":"sv-SE"},{"@type":"Organization","@id":"https:\/\/deravio.com\/se\/#organization","name":"Mekulo","url":"https:\/\/deravio.com\/se\/","logo":{"@type":"ImageObject","inLanguage":"sv-SE","@id":"https:\/\/deravio.com\/se\/#\/schema\/logo\/image\/","url":"https:\/\/deravio.com\/se\/wp-content\/uploads\/sites\/20\/2025\/12\/favicon_mekulo.png","contentUrl":"https:\/\/deravio.com\/se\/wp-content\/uploads\/sites\/20\/2025\/12\/favicon_mekulo.png","width":50,"height":50,"caption":"Mekulo"},"image":{"@id":"https:\/\/deravio.com\/se\/#\/schema\/logo\/image\/"}}]}},"_links":{"self":[{"href":"https:\/\/deravio.com\/se\/wp-json\/wp\/v2\/product\/22835","targetHints":{"allow":["GET"]}}],"collection":[{"href":"https:\/\/deravio.com\/se\/wp-json\/wp\/v2\/product"}],"about":[{"href":"https:\/\/deravio.com\/se\/wp-json\/wp\/v2\/types\/product"}],"replies":[{"embeddable":true,"href":"https:\/\/deravio.com\/se\/wp-json\/wp\/v2\/comments?post=22835"}],"wp:featuredmedia":[{"embeddable":true,"href":"https:\/\/deravio.com\/se\/wp-json\/wp\/v2\/media\/22831"}],"wp:attachment":[{"href":"https:\/\/deravio.com\/se\/wp-json\/wp\/v2\/media?parent=22835"}],"wp:term":[{"taxonomy":"product_brand","embeddable":true,"href":"https:\/\/deravio.com\/se\/wp-json\/wp\/v2\/product_brand?post=22835"},{"taxonomy":"product_cat","embeddable":true,"href":"https:\/\/deravio.com\/se\/wp-json\/wp\/v2\/product_cat?post=22835"},{"taxonomy":"product_tag","embeddable":true,"href":"https:\/\/deravio.com\/se\/wp-json\/wp\/v2\/product_tag?post=22835"}],"curies":[{"name":"wp","href":"https:\/\/api.w.org\/{rel}","templated":true}]}}