{"id":22747,"date":"2026-04-16T11:09:57","date_gmt":"2026-04-16T08:09:57","guid":{"rendered":"https:\/\/deravio.com\/se\/produkt\/elektrisk-oronrengorare\/"},"modified":"2026-04-23T17:45:18","modified_gmt":"2026-04-23T14:45:18","slug":"elektrisk-oronrengorare","status":"publish","type":"product","link":"https:\/\/deravio.com\/se\/produkt\/elektrisk-oronrengorare\/","title":{"rendered":"Elektrisk \u00f6ronreng\u00f6rare"},"content":{"rendered":"<h2 style=\"text-align: center\">\ud83d\ude0a Skonsam, enkel och s\u00e4ker f\u00f6r alla<\/h2>\n<p class=\"\" style=\"text-align: center\" data-start=\"64\" data-end=\"183\"><span class=\"relative -mx-px my-[-0.2rem] rounded px-px py-[0.2rem] transition-colors duration-100 ease-in-out\">H\u00e5ll dina \u00f6ron rena och glada med v\u00e5r elektriska \u00f6ronreng\u00f6rare!<\/span> <span class=\"relative -mx-px my-[-0.2rem] rounded px-px py-[0.2rem] transition-colors duration-100 ease-in-out\">Den \u00e4r enkel att anv\u00e4nda, mjuk att ta p\u00e5 och fungerar utm\u00e4rkt f\u00f6r b\u00e5de barn och vuxna.<\/span>\u200b<\/p>\n<p><img decoding=\"async\" class=\"size-full wp-image-14410 aligncenter\" src=\"https:\/\/keluvo.com\/template\/wp-content\/uploads\/sites\/5\/2025\/04\/electricearcleanervideo-ezgif.com-gif-to-webp-converter.webp\" alt=\"\" \/><\/p>\n<h2 style=\"text-align: center\" data-start=\"190\" data-end=\"215\">\ud83c\udf1f Varf\u00f6r du kommer att \u00e4lska den:<\/h2>\n<ul data-start=\"217\" data-end=\"732\">\n<li class=\"\" data-start=\"217\" data-end=\"321\">\n<p class=\"\" data-start=\"219\" data-end=\"321\"><strong data-start=\"219\" data-end=\"238\">Mjuk Och Skonsam<\/strong>: <span class=\"relative -mx-px my-[-0.2rem] rounded px-px py-[0.2rem] transition-colors duration-100 ease-in-out\">Spetsen \u00e4r tillverkad av mjukt, b\u00f6jligt material som k\u00e4nns sk\u00f6nt i \u00f6rat.<\/span><\/p>\n<\/li>\n<li class=\"\" data-start=\"322\" data-end=\"424\">\n<p class=\"\" data-start=\"324\" data-end=\"424\"><strong data-start=\"324\" data-end=\"341\">S\u00e4ker F\u00f6r Barn<\/strong>: <span class=\"relative -mx-px my-[-0.2rem] rounded px-px py-[0.2rem] transition-colors duration-100 ease-in-out\">Designad f\u00f6r att vara skonsam, s\u00e5 den \u00e4r s\u00e4ker f\u00f6r sm\u00e5 \u00f6ron ocks\u00e5.<\/span>\u200b<\/p>\n<\/li>\n<li class=\"\" data-start=\"425\" data-end=\"525\">\n<p class=\"\" data-start=\"427\" data-end=\"525\"><strong>Enkel Att Anv\u00e4nda<\/strong>: <span class=\"relative -mx-px my-[-0.2rem] rounded px-px py-[0.2rem] transition-colors duration-100 ease-in-out\">S\u00e4tt bara p\u00e5 den och placera den f\u00f6rsiktigt i \u00f6rat. Enheten kommer att b\u00f6rja suga ut \u00f6ronvaxet.<\/span>\u200b<\/p>\n<\/li>\n<li class=\"\" data-start=\"526\" data-end=\"624\">\n<p class=\"\" data-start=\"528\" data-end=\"624\"><strong data-start=\"528\" data-end=\"539\">Ingen R\u00f6ra<\/strong>: <span class=\"relative -mx-px my-[-0.2rem] rounded px-px py-[0.2rem] transition-colors duration-100 ease-in-out\">Den speciella spetsen hj\u00e4lper till att ta bort vaxet rent, utan att trycka ner det djupare.<\/span>\u200b<\/p>\n<\/li>\n<li class=\"\" data-start=\"625\" data-end=\"732\">\n<p class=\"\" data-start=\"627\" data-end=\"732\"><strong data-start=\"627\" data-end=\"645\">Snabb Reng\u00f6ring<\/strong>: Klar p\u00e5 bara n\u00e5gra minuter!<\/p>\n<\/li>\n<\/ul>\n<p><img decoding=\"async\" class=\"size-full wp-image-14412 aligncenter\" src=\"https:\/\/keluvo.com\/template\/wp-content\/uploads\/sites\/5\/2025\/04\/c6e5d421-35a4-465f-84b9-ea5bb58f2bfd.webp\" alt=\"\" \/><\/p>\n<h2 style=\"text-align: center\" data-start=\"739\" data-end=\"762\">\ud83d\udee0\ufe0f Produktdetaljer<\/h2>\n<ul data-start=\"764\" data-end=\"1177\">\n<li class=\"\" data-start=\"764\" data-end=\"861\">\n<p class=\"\" data-start=\"766\" data-end=\"861\"><strong data-start=\"766\" data-end=\"774\">Storlek<\/strong>: <span class=\"relative -mx-px my-[-0.2rem] rounded px-px py-[0.2rem] transition-colors duration-100 ease-in-out\">13 cm l\u00e5ng, v\u00e4ger endast 71 gram &#8211; l\u00e4tt att h\u00e5lla i.<\/span><\/p>\n<\/li>\n<li class=\"\" data-start=\"862\" data-end=\"965\">\n<p class=\"\" data-start=\"864\" data-end=\"965\"><strong data-start=\"864\" data-end=\"878\">Spetsl\u00e4ngd<\/strong>: <span class=\"relative -mx-px my-[-0.2rem] rounded px-px py-[0.2rem] transition-colors duration-100 ease-in-out\">Ca 2,5 cm &#8211; precis r\u00e4tt f\u00f6r s\u00e4ker reng\u00f6ring.<\/span>\u200b<\/p>\n<\/li>\n<li class=\"\" data-start=\"966\" data-end=\"1072\">\n<p class=\"\" data-start=\"968\" data-end=\"1072\"><strong data-start=\"968\" data-end=\"985\">Enkel Att Reng\u00f6ra<\/strong>: <span class=\"relative -mx-px my-[-0.2rem] rounded px-px py-[0.2rem] transition-colors duration-100 ease-in-out\">Tv\u00e4tta spetsen med vatten efter anv\u00e4ndning.<\/span>\u200b<\/p>\n<\/li>\n<li class=\"\" data-start=\"1073\" data-end=\"1177\">\n<p class=\"\" data-start=\"1075\" data-end=\"1177\"><strong data-start=\"1075\" data-end=\"1090\">Extra Verktyg<\/strong>: <span class=\"relative -mx-px my-[-0.2rem] rounded px-px py-[0.2rem] transition-colors duration-100 ease-in-out\">Levereras med en liten borste f\u00f6r att reng\u00f6ra filtret.<\/span><span style=\"font-size: 16px;text-align: center\">\u200b<\/span><\/p>\n<\/li>\n<\/ul>\n<div class=\"absolute h-[60px]\">\n<div class=\"flex flex-row-reverse\">\n<div class=\"border-token-main-surface-primary bg-token-main-surface-primary flex items-center overflow-hidden rounded-full -ms-1 first:me-0 border-2 group-hover\/footnote:border-token-main-surface-secondary relative\"><\/div>\n<\/div>\n<\/div>\n<p class=\"\" data-start=\"1075\" data-end=\"1177\">\u200b<\/p>\n","protected":false},"excerpt":{"rendered":"<p>En elektrisk \u00f6ronreng\u00f6rare som \u00e4r utformad f\u00f6r skonsam och s\u00e4ker borttagning av vax. Den anv\u00e4nder mjuka spetsar f\u00f6r att extrahera \u00f6ronvax utan att trycka ner det djupare, vilket g\u00f6r reng\u00f6ringen snabb, enkel och kladdfri. Den \u00e4r l\u00e4mplig f\u00f6r b\u00e5de vuxna och barn och erbjuder ett bekv\u00e4mt och hygieniskt alternativ till bomullspinnar.<\/p>\n","protected":false},"featured_media":22741,"comment_status":"open","ping_status":"closed","template":"","meta":{"site-sidebar-layout":"default","site-content-layout":"","ast-site-content-layout":"default","site-content-style":"default","site-sidebar-style":"default","ast-global-header-display":"","ast-banner-title-visibility":"","ast-main-header-display":"","ast-hfb-above-header-display":"","ast-hfb-below-header-display":"","ast-hfb-mobile-header-display":"","site-post-title":"","ast-breadcrumbs-content":"","ast-featured-img":"","footer-sml-layout":"","ast-disable-related-posts":"","theme-transparent-header-meta":"default","adv-header-id-meta":"","stick-header-meta":"","header-above-stick-meta":"","header-main-stick-meta":"","header-below-stick-meta":"","astra-migrate-meta-layouts":"set","ast-page-background-enabled":"default","ast-page-background-meta":{"desktop":{"background-color":"var(--ast-global-color-5)","background-image":"","background-repeat":"repeat","background-position":"center center","background-size":"auto","background-attachment":"scroll","background-type":"","background-media":"","overlay-type":"","overlay-color":"","overlay-opacity":"","overlay-gradient":""},"tablet":{"background-color":"","background-image":"","background-repeat":"repeat","background-position":"center center","background-size":"auto","background-attachment":"scroll","background-type":"","background-media":"","overlay-type":"","overlay-color":"","overlay-opacity":"","overlay-gradient":""},"mobile":{"background-color":"","background-image":"","background-repeat":"repeat","background-position":"center center","background-size":"auto","background-attachment":"scroll","background-type":"","background-media":"","overlay-type":"","overlay-color":"","overlay-opacity":"","overlay-gradient":""}},"ast-content-background-meta":{"desktop":{"background-color":"var(--ast-global-color-4)","background-image":"","background-repeat":"repeat","background-position":"center center","background-size":"auto","background-attachment":"scroll","background-type":"","background-media":"","overlay-type":"","overlay-color":"","overlay-opacity":"","overlay-gradient":""},"tablet":{"background-color":"var(--ast-global-color-4)","background-image":"","background-repeat":"repeat","background-position":"center center","background-size":"auto","background-attachment":"scroll","background-type":"","background-media":"","overlay-type":"","overlay-color":"","overlay-opacity":"","overlay-gradient":""},"mobile":{"background-color":"var(--ast-global-color-4)","background-image":"","background-repeat":"repeat","background-position":"center center","background-size":"auto","background-attachment":"scroll","background-type":"","background-media":"","overlay-type":"","overlay-color":"","overlay-opacity":"","overlay-gradient":""}}},"product_brand":[],"product_cat":[15],"product_tag":[],"class_list":{"0":"post-22747","1":"product","2":"type-product","3":"status-publish","4":"has-post-thumbnail","6":"product_cat-okategoriserade","7":"desktop-align-left","8":"tablet-align-left","9":"mobile-align-left","11":"first","12":"instock","13":"shipping-taxable","14":"purchasable","15":"product-type-simple"},"yoast_head":"<!-- This site is optimized with the Yoast SEO plugin v27.4 - https:\/\/yoast.com\/product\/yoast-seo-wordpress\/ -->\n<title>Elektrisk \u00f6ronreng\u00f6rare - Deravio SE<\/title>\n<meta name=\"robots\" content=\"index, follow, max-snippet:-1, max-image-preview:large, max-video-preview:-1\" \/>\n<link rel=\"canonical\" href=\"https:\/\/deravio.com\/se\/produkt\/elektrisk-oronrengorare\/\" \/>\n<meta property=\"og:locale\" content=\"nb_NO\" \/>\n<meta property=\"og:type\" content=\"article\" \/>\n<meta property=\"og:title\" content=\"Elektrisk \u00f6ronreng\u00f6rare - Deravio SE\" \/>\n<meta property=\"og:description\" content=\"En elektrisk \u00f6ronreng\u00f6rare som \u00e4r utformad f\u00f6r skonsam och s\u00e4ker borttagning av vax. Den anv\u00e4nder mjuka spetsar f\u00f6r att extrahera \u00f6ronvax utan att trycka ner det djupare, vilket g\u00f6r reng\u00f6ringen snabb, enkel och kladdfri. Den \u00e4r l\u00e4mplig f\u00f6r b\u00e5de vuxna och barn och erbjuder ett bekv\u00e4mt och hygieniskt alternativ till bomullspinnar.\" \/>\n<meta property=\"og:url\" content=\"https:\/\/deravio.com\/se\/produkt\/elektrisk-oronrengorare\/\" \/>\n<meta property=\"og:site_name\" content=\"Deravio SE\" \/>\n<meta property=\"article:modified_time\" content=\"2026-04-23T14:45:18+00:00\" \/>\n<meta property=\"og:image\" content=\"https:\/\/deravio.com\/se\/wp-content\/uploads\/sites\/20\/2026\/04\/4dlqcdx-1.jpeg\" \/>\n\t<meta property=\"og:image:width\" content=\"960\" \/>\n\t<meta property=\"og:image:height\" content=\"960\" \/>\n\t<meta property=\"og:image:type\" content=\"image\/jpeg\" \/>\n<meta name=\"twitter:card\" content=\"summary_large_image\" \/>\n<meta name=\"twitter:label1\" content=\"Ansl. lesetid\" \/>\n\t<meta name=\"twitter:data1\" content=\"2 minutter\" \/>\n<script type=\"application\/ld+json\" class=\"yoast-schema-graph\">{\"@context\":\"https:\\\/\\\/schema.org\",\"@graph\":[{\"@type\":\"WebPage\",\"@id\":\"https:\\\/\\\/deravio.com\\\/se\\\/produkt\\\/elektrisk-oronrengorare\\\/\",\"url\":\"https:\\\/\\\/deravio.com\\\/se\\\/produkt\\\/elektrisk-oronrengorare\\\/\",\"name\":\"Elektrisk \u00f6ronreng\u00f6rare - Deravio SE\",\"isPartOf\":{\"@id\":\"https:\\\/\\\/deravio.com\\\/se\\\/#website\"},\"primaryImageOfPage\":{\"@id\":\"https:\\\/\\\/deravio.com\\\/se\\\/produkt\\\/elektrisk-oronrengorare\\\/#primaryimage\"},\"image\":{\"@id\":\"https:\\\/\\\/deravio.com\\\/se\\\/produkt\\\/elektrisk-oronrengorare\\\/#primaryimage\"},\"thumbnailUrl\":\"https:\\\/\\\/deravio.com\\\/se\\\/wp-content\\\/uploads\\\/sites\\\/20\\\/2026\\\/04\\\/4dlqcdx-1.jpeg\",\"datePublished\":\"2026-04-16T08:09:57+00:00\",\"dateModified\":\"2026-04-23T14:45:18+00:00\",\"breadcrumb\":{\"@id\":\"https:\\\/\\\/deravio.com\\\/se\\\/produkt\\\/elektrisk-oronrengorare\\\/#breadcrumb\"},\"inLanguage\":\"nb-NO\",\"potentialAction\":[{\"@type\":\"ReadAction\",\"target\":[\"https:\\\/\\\/deravio.com\\\/se\\\/produkt\\\/elektrisk-oronrengorare\\\/\"]}]},{\"@type\":\"ImageObject\",\"inLanguage\":\"nb-NO\",\"@id\":\"https:\\\/\\\/deravio.com\\\/se\\\/produkt\\\/elektrisk-oronrengorare\\\/#primaryimage\",\"url\":\"https:\\\/\\\/deravio.com\\\/se\\\/wp-content\\\/uploads\\\/sites\\\/20\\\/2026\\\/04\\\/4dlqcdx-1.jpeg\",\"contentUrl\":\"https:\\\/\\\/deravio.com\\\/se\\\/wp-content\\\/uploads\\\/sites\\\/20\\\/2026\\\/04\\\/4dlqcdx-1.jpeg\",\"width\":960,\"height\":960},{\"@type\":\"BreadcrumbList\",\"@id\":\"https:\\\/\\\/deravio.com\\\/se\\\/produkt\\\/elektrisk-oronrengorare\\\/#breadcrumb\",\"itemListElement\":[{\"@type\":\"ListItem\",\"position\":1,\"name\":\"Home\",\"item\":\"https:\\\/\\\/deravio.com\\\/se\\\/\"},{\"@type\":\"ListItem\",\"position\":2,\"name\":\"Butik\",\"item\":\"https:\\\/\\\/deravio.com\\\/se\\\/butik\\\/\"},{\"@type\":\"ListItem\",\"position\":3,\"name\":\"Elektrisk \u00f6ronreng\u00f6rare\"}]},{\"@type\":\"WebSite\",\"@id\":\"https:\\\/\\\/deravio.com\\\/se\\\/#website\",\"url\":\"https:\\\/\\\/deravio.com\\\/se\\\/\",\"name\":\"Deravio SE\",\"description\":\"\",\"publisher\":{\"@id\":\"https:\\\/\\\/deravio.com\\\/se\\\/#organization\"},\"potentialAction\":[{\"@type\":\"SearchAction\",\"target\":{\"@type\":\"EntryPoint\",\"urlTemplate\":\"https:\\\/\\\/deravio.com\\\/se\\\/?s={search_term_string}\"},\"query-input\":{\"@type\":\"PropertyValueSpecification\",\"valueRequired\":true,\"valueName\":\"search_term_string\"}}],\"inLanguage\":\"nb-NO\"},{\"@type\":\"Organization\",\"@id\":\"https:\\\/\\\/deravio.com\\\/se\\\/#organization\",\"name\":\"Mekulo\",\"url\":\"https:\\\/\\\/deravio.com\\\/se\\\/\",\"logo\":{\"@type\":\"ImageObject\",\"inLanguage\":\"nb-NO\",\"@id\":\"https:\\\/\\\/deravio.com\\\/se\\\/#\\\/schema\\\/logo\\\/image\\\/\",\"url\":\"https:\\\/\\\/deravio.com\\\/se\\\/wp-content\\\/uploads\\\/sites\\\/20\\\/2025\\\/12\\\/favicon_mekulo.png\",\"contentUrl\":\"https:\\\/\\\/deravio.com\\\/se\\\/wp-content\\\/uploads\\\/sites\\\/20\\\/2025\\\/12\\\/favicon_mekulo.png\",\"width\":50,\"height\":50,\"caption\":\"Mekulo\"},\"image\":{\"@id\":\"https:\\\/\\\/deravio.com\\\/se\\\/#\\\/schema\\\/logo\\\/image\\\/\"}}]}<\/script>\n<!-- \/ Yoast SEO plugin. -->","yoast_head_json":{"title":"Elektrisk \u00f6ronreng\u00f6rare - Deravio SE","robots":{"index":"index","follow":"follow","max-snippet":"max-snippet:-1","max-image-preview":"max-image-preview:large","max-video-preview":"max-video-preview:-1"},"canonical":"https:\/\/deravio.com\/se\/produkt\/elektrisk-oronrengorare\/","og_locale":"nb_NO","og_type":"article","og_title":"Elektrisk \u00f6ronreng\u00f6rare - Deravio SE","og_description":"En elektrisk \u00f6ronreng\u00f6rare som \u00e4r utformad f\u00f6r skonsam och s\u00e4ker borttagning av vax. Den anv\u00e4nder mjuka spetsar f\u00f6r att extrahera \u00f6ronvax utan att trycka ner det djupare, vilket g\u00f6r reng\u00f6ringen snabb, enkel och kladdfri. Den \u00e4r l\u00e4mplig f\u00f6r b\u00e5de vuxna och barn och erbjuder ett bekv\u00e4mt och hygieniskt alternativ till bomullspinnar.","og_url":"https:\/\/deravio.com\/se\/produkt\/elektrisk-oronrengorare\/","og_site_name":"Deravio SE","article_modified_time":"2026-04-23T14:45:18+00:00","og_image":[{"width":960,"height":960,"url":"https:\/\/deravio.com\/se\/wp-content\/uploads\/sites\/20\/2026\/04\/4dlqcdx-1.jpeg","type":"image\/jpeg"}],"twitter_card":"summary_large_image","twitter_misc":{"Ansl. lesetid":"2 minutter"},"schema":{"@context":"https:\/\/schema.org","@graph":[{"@type":"WebPage","@id":"https:\/\/deravio.com\/se\/produkt\/elektrisk-oronrengorare\/","url":"https:\/\/deravio.com\/se\/produkt\/elektrisk-oronrengorare\/","name":"Elektrisk \u00f6ronreng\u00f6rare - Deravio SE","isPartOf":{"@id":"https:\/\/deravio.com\/se\/#website"},"primaryImageOfPage":{"@id":"https:\/\/deravio.com\/se\/produkt\/elektrisk-oronrengorare\/#primaryimage"},"image":{"@id":"https:\/\/deravio.com\/se\/produkt\/elektrisk-oronrengorare\/#primaryimage"},"thumbnailUrl":"https:\/\/deravio.com\/se\/wp-content\/uploads\/sites\/20\/2026\/04\/4dlqcdx-1.jpeg","datePublished":"2026-04-16T08:09:57+00:00","dateModified":"2026-04-23T14:45:18+00:00","breadcrumb":{"@id":"https:\/\/deravio.com\/se\/produkt\/elektrisk-oronrengorare\/#breadcrumb"},"inLanguage":"nb-NO","potentialAction":[{"@type":"ReadAction","target":["https:\/\/deravio.com\/se\/produkt\/elektrisk-oronrengorare\/"]}]},{"@type":"ImageObject","inLanguage":"nb-NO","@id":"https:\/\/deravio.com\/se\/produkt\/elektrisk-oronrengorare\/#primaryimage","url":"https:\/\/deravio.com\/se\/wp-content\/uploads\/sites\/20\/2026\/04\/4dlqcdx-1.jpeg","contentUrl":"https:\/\/deravio.com\/se\/wp-content\/uploads\/sites\/20\/2026\/04\/4dlqcdx-1.jpeg","width":960,"height":960},{"@type":"BreadcrumbList","@id":"https:\/\/deravio.com\/se\/produkt\/elektrisk-oronrengorare\/#breadcrumb","itemListElement":[{"@type":"ListItem","position":1,"name":"Home","item":"https:\/\/deravio.com\/se\/"},{"@type":"ListItem","position":2,"name":"Butik","item":"https:\/\/deravio.com\/se\/butik\/"},{"@type":"ListItem","position":3,"name":"Elektrisk \u00f6ronreng\u00f6rare"}]},{"@type":"WebSite","@id":"https:\/\/deravio.com\/se\/#website","url":"https:\/\/deravio.com\/se\/","name":"Deravio SE","description":"","publisher":{"@id":"https:\/\/deravio.com\/se\/#organization"},"potentialAction":[{"@type":"SearchAction","target":{"@type":"EntryPoint","urlTemplate":"https:\/\/deravio.com\/se\/?s={search_term_string}"},"query-input":{"@type":"PropertyValueSpecification","valueRequired":true,"valueName":"search_term_string"}}],"inLanguage":"nb-NO"},{"@type":"Organization","@id":"https:\/\/deravio.com\/se\/#organization","name":"Mekulo","url":"https:\/\/deravio.com\/se\/","logo":{"@type":"ImageObject","inLanguage":"nb-NO","@id":"https:\/\/deravio.com\/se\/#\/schema\/logo\/image\/","url":"https:\/\/deravio.com\/se\/wp-content\/uploads\/sites\/20\/2025\/12\/favicon_mekulo.png","contentUrl":"https:\/\/deravio.com\/se\/wp-content\/uploads\/sites\/20\/2025\/12\/favicon_mekulo.png","width":50,"height":50,"caption":"Mekulo"},"image":{"@id":"https:\/\/deravio.com\/se\/#\/schema\/logo\/image\/"}}]}},"_links":{"self":[{"href":"https:\/\/deravio.com\/se\/wp-json\/wp\/v2\/product\/22747","targetHints":{"allow":["GET"]}}],"collection":[{"href":"https:\/\/deravio.com\/se\/wp-json\/wp\/v2\/product"}],"about":[{"href":"https:\/\/deravio.com\/se\/wp-json\/wp\/v2\/types\/product"}],"replies":[{"embeddable":true,"href":"https:\/\/deravio.com\/se\/wp-json\/wp\/v2\/comments?post=22747"}],"wp:featuredmedia":[{"embeddable":true,"href":"https:\/\/deravio.com\/se\/wp-json\/wp\/v2\/media\/22741"}],"wp:attachment":[{"href":"https:\/\/deravio.com\/se\/wp-json\/wp\/v2\/media?parent=22747"}],"wp:term":[{"taxonomy":"product_brand","embeddable":true,"href":"https:\/\/deravio.com\/se\/wp-json\/wp\/v2\/product_brand?post=22747"},{"taxonomy":"product_cat","embeddable":true,"href":"https:\/\/deravio.com\/se\/wp-json\/wp\/v2\/product_cat?post=22747"},{"taxonomy":"product_tag","embeddable":true,"href":"https:\/\/deravio.com\/se\/wp-json\/wp\/v2\/product_tag?post=22747"}],"curies":[{"name":"wp","href":"https:\/\/api.w.org\/{rel}","templated":true}]}}