{"id":22709,"date":"2026-04-16T11:07:23","date_gmt":"2026-04-16T08:07:23","guid":{"rendered":"https:\/\/deravio.com\/se\/produkt\/fallbart-gangjarnsfaste\/"},"modified":"2026-04-16T11:07:48","modified_gmt":"2026-04-16T08:07:48","slug":"fallbart-gangjarnsfaste","status":"publish","type":"product","link":"https:\/\/deravio.com\/se\/produkt\/fallbart-gangjarnsfaste\/","title":{"rendered":"F\u00e4llbart g\u00e5ngj\u00e4rnsf\u00e4ste"},"content":{"rendered":"<p style=\"text-align: center\" data-start=\"0\" data-end=\"68\"><strong data-start=\"0\" data-end=\"68\">Skapa Starka, Hopf\u00e4llbara M\u00f6bler Med Ett S\u00e4kert L\u00e5sningsst\u00f6d. \ud83c\udfe1<\/strong><\/p>\n<p data-start=\"0\" data-end=\"68\"><img decoding=\"async\" class=\"size-full wp-image-22332 aligncenter\" src=\"https:\/\/mekulo.com\/template\/wp-content\/uploads\/sites\/6\/2026\/01\/505afc46b27ade85340fa3a4d786e6ab18d77a6b-900.avif\" alt=\"\" \/><\/p>\n<h2 style=\"text-align: center\" data-start=\"410\" data-end=\"427\">Huvudf\u00f6rdelar \ud83c\udfe0<\/h2>\n<p data-start=\"430\" data-end=\"489\">\ud83d\udcaa Kraftigt st\u00f6d &#8211; H\u00e5ller \u00f6ver 226 kg per f\u00e4ste.<\/p>\n<p data-start=\"492\" data-end=\"544\">\ud83d\udd10 Sj\u00e4lvl\u00e5sande design &#8211; L\u00e5ser s\u00e4kert i 90\u00b0.<\/p>\n<p data-start=\"547\" data-end=\"602\">\ud83e\uddf2 Snabbkoppling &#8211; Tryck f\u00f6r att f\u00e4lla, inga verktyg beh\u00f6vs.<\/p>\n<p data-start=\"605\" data-end=\"660\">\ud83d\udee1\ufe0f Stark st\u00e5lkonstruktion &#8211; 2,5 mm kallvalsat st\u00e5l.<\/p>\n<p data-start=\"663\" data-end=\"727\">\ud83c\udf27\ufe0f Rostbest\u00e4ndig &#8211; Galvaniserad f\u00f6r inomhus- och utomhusbruk.<\/p>\n<p data-start=\"730\" data-end=\"798\">\ud83c\udfaf M\u00e5ngsidig anv\u00e4ndning &#8211; Perfekt f\u00f6r m\u00f6bler och platsbesparande byggen.<\/p>\n<p data-start=\"730\" data-end=\"798\"><img decoding=\"async\" class=\"size-full wp-image-22333 aligncenter\" src=\"https:\/\/mekulo.com\/template\/wp-content\/uploads\/sites\/6\/2026\/01\/61aa03485daf78cf2c0c71b492dc1421739e79e7-900.avif\" alt=\"\" \/><\/p>\n<h2 style=\"text-align: center\" data-start=\"800\" data-end=\"814\">Hur Man Anv\u00e4nder \ud83d\udccc<\/h2>\n<ol data-start=\"815\" data-end=\"1051\">\n<li data-start=\"815\" data-end=\"865\">\n<p data-start=\"818\" data-end=\"865\">Placera f\u00e4stet d\u00e4r st\u00f6d beh\u00f6vs.<\/p>\n<\/li>\n<li data-start=\"866\" data-end=\"917\">\n<p data-start=\"869\" data-end=\"917\">Rikta in de f\u00f6rborrade h\u00e5len mot ytan.<\/p>\n<\/li>\n<li data-start=\"918\" data-end=\"958\">\n<p data-start=\"921\" data-end=\"958\">F\u00e4st med skruvar (ing\u00e5r ej).<\/p>\n<\/li>\n<li data-start=\"959\" data-end=\"1005\">\n<p data-start=\"962\" data-end=\"1005\">F\u00f6rl\u00e4ng f\u00e4stet tills det l\u00e5ser i 90\u00b0.<\/p>\n<\/li>\n<li data-start=\"1006\" data-end=\"1051\">\n<p data-start=\"1009\" data-end=\"1051\">Tryck p\u00e5 frig\u00f6ringsknappen f\u00f6r att f\u00e4lla ihop det n\u00e4r det inte anv\u00e4nds.<\/p>\n<\/li>\n<\/ol>\n<h2 style=\"text-align: center\" data-start=\"1053\" data-end=\"1072\">Produktdetaljer \ud83d\udccf<\/h2>\n<ul data-start=\"1073\" data-end=\"1299\">\n<li data-start=\"1073\" data-end=\"1131\">\n<p data-start=\"1075\" data-end=\"1131\">Material: 2,5 mm kallvalsat st\u00e5l, elektrogalvaniserat<\/p>\n<\/li>\n<li data-start=\"1132\" data-end=\"1174\">\n<p data-start=\"1134\" data-end=\"1174\">Lastkapacitet: \u00d6ver 226 kg per f\u00e4ste<\/p>\n<\/li>\n<li data-start=\"1175\" data-end=\"1211\">\n<p data-start=\"1177\" data-end=\"1211\">L\u00e5svinkel: 90\u00b0, sj\u00e4lvl\u00e5sande<\/p>\n<\/li>\n<li data-start=\"1212\" data-end=\"1243\">\n<p data-start=\"1214\" data-end=\"1243\">Dimensioner: 63 x 68 x 54 mm<\/p>\n<\/li>\n<li data-start=\"1244\" data-end=\"1273\">\n<p data-start=\"1246\" data-end=\"1273\">Vikt: 180 g per f\u00e4ste<\/p>\n<\/li>\n<\/ul>\n<h2 style=\"text-align: center\" data-start=\"1301\" data-end=\"1321\">F\u00f6rpackningen Inneh\u00e5ller \ud83d\udce6<\/h2>\n<ul data-start=\"1322\" data-end=\"1349\" data-is-last-node=\"\" data-is-only-node=\"\">\n<li data-start=\"1322\" data-end=\"1349\" data-is-last-node=\"\">\n<p data-start=\"1324\" data-end=\"1349\" data-is-last-node=\"\">1, 2, 4x f\u00e4llbart g\u00e5ngj\u00e4rnsf\u00e4ste\/s<\/p>\n<\/li>\n<li data-start=\"1322\" data-end=\"1349\" data-is-last-node=\"\">\n<p data-start=\"1324\" data-end=\"1349\" data-is-last-node=\"\">9, 18, 36x skruvar.<\/p>\n<\/li>\n<\/ul>\n","protected":false},"excerpt":{"rendered":"<p>\ud83e\udeb5Det h\u00e4r f\u00e4llbara g\u00e5ngj\u00e4rnsf\u00e4stet ger kraftigt st\u00f6d samtidigt som det g\u00f6r att bord, b\u00e4nkar och m\u00f6beldelar kan f\u00e4llas undan n\u00e4r de inte anv\u00e4nds.<br \/>\n\ud83e\uddf2Det l\u00e5ses fast i 90\u00b0 vinkel och f\u00e4lls enkelt ned, vilket g\u00f6r det perfekt f\u00f6r att spara utrymme och bygga anpassade projekt.<br \/>\n\ud83d\udecb\ufe0fPerfect f\u00f6r DIY-byggen d\u00e4r styrka, s\u00e4kerhet och flexibilitet \u00e4r avg\u00f6rande.<\/p>\n","protected":false},"featured_media":22705,"comment_status":"open","ping_status":"closed","template":"","meta":{"site-sidebar-layout":"default","site-content-layout":"","ast-site-content-layout":"default","site-content-style":"default","site-sidebar-style":"default","ast-global-header-display":"","ast-banner-title-visibility":"","ast-main-header-display":"","ast-hfb-above-header-display":"","ast-hfb-below-header-display":"","ast-hfb-mobile-header-display":"","site-post-title":"","ast-breadcrumbs-content":"","ast-featured-img":"","footer-sml-layout":"","theme-transparent-header-meta":"default","adv-header-id-meta":"","stick-header-meta":"","header-above-stick-meta":"","header-main-stick-meta":"","header-below-stick-meta":"","astra-migrate-meta-layouts":"set","ast-page-background-enabled":"default","ast-page-background-meta":{"desktop":{"background-color":"var(--ast-global-color-5)","background-image":"","background-repeat":"repeat","background-position":"center center","background-size":"auto","background-attachment":"scroll","background-type":"","background-media":"","overlay-type":"","overlay-color":"","overlay-opacity":"","overlay-gradient":""},"tablet":{"background-color":"","background-image":"","background-repeat":"repeat","background-position":"center center","background-size":"auto","background-attachment":"scroll","background-type":"","background-media":"","overlay-type":"","overlay-color":"","overlay-opacity":"","overlay-gradient":""},"mobile":{"background-color":"","background-image":"","background-repeat":"repeat","background-position":"center center","background-size":"auto","background-attachment":"scroll","background-type":"","background-media":"","overlay-type":"","overlay-color":"","overlay-opacity":"","overlay-gradient":""}},"ast-content-background-meta":{"desktop":{"background-color":"var(--ast-global-color-4)","background-image":"","background-repeat":"repeat","background-position":"center center","background-size":"auto","background-attachment":"scroll","background-type":"","background-media":"","overlay-type":"","overlay-color":"","overlay-opacity":"","overlay-gradient":""},"tablet":{"background-color":"var(--ast-global-color-4)","background-image":"","background-repeat":"repeat","background-position":"center center","background-size":"auto","background-attachment":"scroll","background-type":"","background-media":"","overlay-type":"","overlay-color":"","overlay-opacity":"","overlay-gradient":""},"mobile":{"background-color":"var(--ast-global-color-4)","background-image":"","background-repeat":"repeat","background-position":"center center","background-size":"auto","background-attachment":"scroll","background-type":"","background-media":"","overlay-type":"","overlay-color":"","overlay-opacity":"","overlay-gradient":""}}},"product_brand":[],"product_cat":[168],"product_tag":[],"class_list":{"0":"post-22709","1":"product","2":"type-product","3":"status-publish","4":"has-post-thumbnail","6":"product_cat-hushallsprodukter","7":"pa_52576_h1a37mfg-silver","8":"pa_52576_h1a37mfg-svart","9":"pa_52576_wok1t0o4-1-st","10":"pa_52576_wok1t0o4-2-st","11":"pa_52576_wok1t0o4-4-st","12":"desktop-align-left","13":"tablet-align-left","14":"mobile-align-left","16":"first","17":"instock","18":"shipping-taxable","19":"purchasable","20":"product-type-variable","21":"has-default-attributes"},"yoast_head":"<!-- This site is optimized with the Yoast SEO plugin v26.6 - https:\/\/yoast.com\/wordpress\/plugins\/seo\/ -->\n<title>F\u00e4llbart g\u00e5ngj\u00e4rnsf\u00e4ste - Deravio SE<\/title>\n<meta name=\"robots\" content=\"index, follow, max-snippet:-1, max-image-preview:large, max-video-preview:-1\" \/>\n<link rel=\"canonical\" href=\"https:\/\/deravio.com\/se\/produkt\/fallbart-gangjarnsfaste\/\" \/>\n<meta property=\"og:locale\" content=\"sv_SE\" \/>\n<meta property=\"og:type\" content=\"article\" \/>\n<meta property=\"og:title\" content=\"F\u00e4llbart g\u00e5ngj\u00e4rnsf\u00e4ste - Deravio SE\" \/>\n<meta property=\"og:description\" content=\"\ud83e\udeb5Det h\u00e4r f\u00e4llbara g\u00e5ngj\u00e4rnsf\u00e4stet ger kraftigt st\u00f6d samtidigt som det g\u00f6r att bord, b\u00e4nkar och m\u00f6beldelar kan f\u00e4llas undan n\u00e4r de inte anv\u00e4nds. \ud83e\uddf2Det l\u00e5ses fast i 90\u00b0 vinkel och f\u00e4lls enkelt ned, vilket g\u00f6r det perfekt f\u00f6r att spara utrymme och bygga anpassade projekt. \ud83d\udecb\ufe0fPerfect f\u00f6r DIY-byggen d\u00e4r styrka, s\u00e4kerhet och flexibilitet \u00e4r avg\u00f6rande.\" \/>\n<meta property=\"og:url\" content=\"https:\/\/deravio.com\/se\/produkt\/fallbart-gangjarnsfaste\/\" \/>\n<meta property=\"og:site_name\" content=\"Deravio SE\" \/>\n<meta property=\"article:modified_time\" content=\"2026-04-16T08:07:48+00:00\" \/>\n<meta property=\"og:image\" content=\"https:\/\/deravio.com\/se\/wp-content\/uploads\/sites\/20\/2026\/04\/zo8cxqy-1.jpg\" \/>\n\t<meta property=\"og:image:width\" content=\"800\" \/>\n\t<meta property=\"og:image:height\" content=\"800\" \/>\n\t<meta property=\"og:image:type\" content=\"image\/jpeg\" \/>\n<meta name=\"twitter:card\" content=\"summary_large_image\" \/>\n<meta name=\"twitter:label1\" content=\"Ber\u00e4knad l\u00e4stid\" \/>\n\t<meta name=\"twitter:data1\" content=\"2 minuter\" \/>\n<script type=\"application\/ld+json\" class=\"yoast-schema-graph\">{\"@context\":\"https:\/\/schema.org\",\"@graph\":[{\"@type\":\"WebPage\",\"@id\":\"https:\/\/deravio.com\/se\/produkt\/fallbart-gangjarnsfaste\/\",\"url\":\"https:\/\/deravio.com\/se\/produkt\/fallbart-gangjarnsfaste\/\",\"name\":\"F\u00e4llbart g\u00e5ngj\u00e4rnsf\u00e4ste - Deravio SE\",\"isPartOf\":{\"@id\":\"https:\/\/deravio.com\/se\/#website\"},\"primaryImageOfPage\":{\"@id\":\"https:\/\/deravio.com\/se\/produkt\/fallbart-gangjarnsfaste\/#primaryimage\"},\"image\":{\"@id\":\"https:\/\/deravio.com\/se\/produkt\/fallbart-gangjarnsfaste\/#primaryimage\"},\"thumbnailUrl\":\"https:\/\/deravio.com\/se\/wp-content\/uploads\/sites\/20\/2026\/04\/zo8cxqy-1.jpg\",\"datePublished\":\"2026-04-16T08:07:23+00:00\",\"dateModified\":\"2026-04-16T08:07:48+00:00\",\"breadcrumb\":{\"@id\":\"https:\/\/deravio.com\/se\/produkt\/fallbart-gangjarnsfaste\/#breadcrumb\"},\"inLanguage\":\"sv-SE\",\"potentialAction\":[{\"@type\":\"ReadAction\",\"target\":[\"https:\/\/deravio.com\/se\/produkt\/fallbart-gangjarnsfaste\/\"]}]},{\"@type\":\"ImageObject\",\"inLanguage\":\"sv-SE\",\"@id\":\"https:\/\/deravio.com\/se\/produkt\/fallbart-gangjarnsfaste\/#primaryimage\",\"url\":\"https:\/\/deravio.com\/se\/wp-content\/uploads\/sites\/20\/2026\/04\/zo8cxqy-1.jpg\",\"contentUrl\":\"https:\/\/deravio.com\/se\/wp-content\/uploads\/sites\/20\/2026\/04\/zo8cxqy-1.jpg\",\"width\":800,\"height\":800},{\"@type\":\"BreadcrumbList\",\"@id\":\"https:\/\/deravio.com\/se\/produkt\/fallbart-gangjarnsfaste\/#breadcrumb\",\"itemListElement\":[{\"@type\":\"ListItem\",\"position\":1,\"name\":\"Home\",\"item\":\"https:\/\/deravio.com\/se\/\"},{\"@type\":\"ListItem\",\"position\":2,\"name\":\"Butik\",\"item\":\"https:\/\/deravio.com\/se\/butik\/\"},{\"@type\":\"ListItem\",\"position\":3,\"name\":\"F\u00e4llbart g\u00e5ngj\u00e4rnsf\u00e4ste\"}]},{\"@type\":\"WebSite\",\"@id\":\"https:\/\/deravio.com\/se\/#website\",\"url\":\"https:\/\/deravio.com\/se\/\",\"name\":\"Deravio SE\",\"description\":\"\",\"publisher\":{\"@id\":\"https:\/\/deravio.com\/se\/#organization\"},\"potentialAction\":[{\"@type\":\"SearchAction\",\"target\":{\"@type\":\"EntryPoint\",\"urlTemplate\":\"https:\/\/deravio.com\/se\/?s={search_term_string}\"},\"query-input\":{\"@type\":\"PropertyValueSpecification\",\"valueRequired\":true,\"valueName\":\"search_term_string\"}}],\"inLanguage\":\"sv-SE\"},{\"@type\":\"Organization\",\"@id\":\"https:\/\/deravio.com\/se\/#organization\",\"name\":\"Mekulo\",\"url\":\"https:\/\/deravio.com\/se\/\",\"logo\":{\"@type\":\"ImageObject\",\"inLanguage\":\"sv-SE\",\"@id\":\"https:\/\/deravio.com\/se\/#\/schema\/logo\/image\/\",\"url\":\"https:\/\/deravio.com\/se\/wp-content\/uploads\/sites\/20\/2025\/12\/favicon_mekulo.png\",\"contentUrl\":\"https:\/\/deravio.com\/se\/wp-content\/uploads\/sites\/20\/2025\/12\/favicon_mekulo.png\",\"width\":50,\"height\":50,\"caption\":\"Mekulo\"},\"image\":{\"@id\":\"https:\/\/deravio.com\/se\/#\/schema\/logo\/image\/\"}}]}<\/script>\n<!-- \/ Yoast SEO plugin. -->","yoast_head_json":{"title":"F\u00e4llbart g\u00e5ngj\u00e4rnsf\u00e4ste - Deravio SE","robots":{"index":"index","follow":"follow","max-snippet":"max-snippet:-1","max-image-preview":"max-image-preview:large","max-video-preview":"max-video-preview:-1"},"canonical":"https:\/\/deravio.com\/se\/produkt\/fallbart-gangjarnsfaste\/","og_locale":"sv_SE","og_type":"article","og_title":"F\u00e4llbart g\u00e5ngj\u00e4rnsf\u00e4ste - Deravio SE","og_description":"\ud83e\udeb5Det h\u00e4r f\u00e4llbara g\u00e5ngj\u00e4rnsf\u00e4stet ger kraftigt st\u00f6d samtidigt som det g\u00f6r att bord, b\u00e4nkar och m\u00f6beldelar kan f\u00e4llas undan n\u00e4r de inte anv\u00e4nds. \ud83e\uddf2Det l\u00e5ses fast i 90\u00b0 vinkel och f\u00e4lls enkelt ned, vilket g\u00f6r det perfekt f\u00f6r att spara utrymme och bygga anpassade projekt. \ud83d\udecb\ufe0fPerfect f\u00f6r DIY-byggen d\u00e4r styrka, s\u00e4kerhet och flexibilitet \u00e4r avg\u00f6rande.","og_url":"https:\/\/deravio.com\/se\/produkt\/fallbart-gangjarnsfaste\/","og_site_name":"Deravio SE","article_modified_time":"2026-04-16T08:07:48+00:00","og_image":[{"width":800,"height":800,"url":"https:\/\/deravio.com\/se\/wp-content\/uploads\/sites\/20\/2026\/04\/zo8cxqy-1.jpg","type":"image\/jpeg"}],"twitter_card":"summary_large_image","twitter_misc":{"Ber\u00e4knad l\u00e4stid":"2 minuter"},"schema":{"@context":"https:\/\/schema.org","@graph":[{"@type":"WebPage","@id":"https:\/\/deravio.com\/se\/produkt\/fallbart-gangjarnsfaste\/","url":"https:\/\/deravio.com\/se\/produkt\/fallbart-gangjarnsfaste\/","name":"F\u00e4llbart g\u00e5ngj\u00e4rnsf\u00e4ste - Deravio SE","isPartOf":{"@id":"https:\/\/deravio.com\/se\/#website"},"primaryImageOfPage":{"@id":"https:\/\/deravio.com\/se\/produkt\/fallbart-gangjarnsfaste\/#primaryimage"},"image":{"@id":"https:\/\/deravio.com\/se\/produkt\/fallbart-gangjarnsfaste\/#primaryimage"},"thumbnailUrl":"https:\/\/deravio.com\/se\/wp-content\/uploads\/sites\/20\/2026\/04\/zo8cxqy-1.jpg","datePublished":"2026-04-16T08:07:23+00:00","dateModified":"2026-04-16T08:07:48+00:00","breadcrumb":{"@id":"https:\/\/deravio.com\/se\/produkt\/fallbart-gangjarnsfaste\/#breadcrumb"},"inLanguage":"sv-SE","potentialAction":[{"@type":"ReadAction","target":["https:\/\/deravio.com\/se\/produkt\/fallbart-gangjarnsfaste\/"]}]},{"@type":"ImageObject","inLanguage":"sv-SE","@id":"https:\/\/deravio.com\/se\/produkt\/fallbart-gangjarnsfaste\/#primaryimage","url":"https:\/\/deravio.com\/se\/wp-content\/uploads\/sites\/20\/2026\/04\/zo8cxqy-1.jpg","contentUrl":"https:\/\/deravio.com\/se\/wp-content\/uploads\/sites\/20\/2026\/04\/zo8cxqy-1.jpg","width":800,"height":800},{"@type":"BreadcrumbList","@id":"https:\/\/deravio.com\/se\/produkt\/fallbart-gangjarnsfaste\/#breadcrumb","itemListElement":[{"@type":"ListItem","position":1,"name":"Home","item":"https:\/\/deravio.com\/se\/"},{"@type":"ListItem","position":2,"name":"Butik","item":"https:\/\/deravio.com\/se\/butik\/"},{"@type":"ListItem","position":3,"name":"F\u00e4llbart g\u00e5ngj\u00e4rnsf\u00e4ste"}]},{"@type":"WebSite","@id":"https:\/\/deravio.com\/se\/#website","url":"https:\/\/deravio.com\/se\/","name":"Deravio SE","description":"","publisher":{"@id":"https:\/\/deravio.com\/se\/#organization"},"potentialAction":[{"@type":"SearchAction","target":{"@type":"EntryPoint","urlTemplate":"https:\/\/deravio.com\/se\/?s={search_term_string}"},"query-input":{"@type":"PropertyValueSpecification","valueRequired":true,"valueName":"search_term_string"}}],"inLanguage":"sv-SE"},{"@type":"Organization","@id":"https:\/\/deravio.com\/se\/#organization","name":"Mekulo","url":"https:\/\/deravio.com\/se\/","logo":{"@type":"ImageObject","inLanguage":"sv-SE","@id":"https:\/\/deravio.com\/se\/#\/schema\/logo\/image\/","url":"https:\/\/deravio.com\/se\/wp-content\/uploads\/sites\/20\/2025\/12\/favicon_mekulo.png","contentUrl":"https:\/\/deravio.com\/se\/wp-content\/uploads\/sites\/20\/2025\/12\/favicon_mekulo.png","width":50,"height":50,"caption":"Mekulo"},"image":{"@id":"https:\/\/deravio.com\/se\/#\/schema\/logo\/image\/"}}]}},"_links":{"self":[{"href":"https:\/\/deravio.com\/se\/wp-json\/wp\/v2\/product\/22709","targetHints":{"allow":["GET"]}}],"collection":[{"href":"https:\/\/deravio.com\/se\/wp-json\/wp\/v2\/product"}],"about":[{"href":"https:\/\/deravio.com\/se\/wp-json\/wp\/v2\/types\/product"}],"replies":[{"embeddable":true,"href":"https:\/\/deravio.com\/se\/wp-json\/wp\/v2\/comments?post=22709"}],"wp:featuredmedia":[{"embeddable":true,"href":"https:\/\/deravio.com\/se\/wp-json\/wp\/v2\/media\/22705"}],"wp:attachment":[{"href":"https:\/\/deravio.com\/se\/wp-json\/wp\/v2\/media?parent=22709"}],"wp:term":[{"taxonomy":"product_brand","embeddable":true,"href":"https:\/\/deravio.com\/se\/wp-json\/wp\/v2\/product_brand?post=22709"},{"taxonomy":"product_cat","embeddable":true,"href":"https:\/\/deravio.com\/se\/wp-json\/wp\/v2\/product_cat?post=22709"},{"taxonomy":"product_tag","embeddable":true,"href":"https:\/\/deravio.com\/se\/wp-json\/wp\/v2\/product_tag?post=22709"}],"curies":[{"name":"wp","href":"https:\/\/api.w.org\/{rel}","templated":true}]}}