{"id":546,"date":"2020-10-13T02:48:45","date_gmt":"2020-10-13T02:48:45","guid":{"rendered":"http:\/\/localhost\/razzi\/?page_id=546"},"modified":"2026-04-17T16:05:36","modified_gmt":"2026-04-17T13:05:36","slug":"frakt-returer","status":"publish","type":"page","link":"https:\/\/deravio.com\/se\/frakt-returer\/","title":{"rendered":"Frakt &#038; returer"},"content":{"rendered":"\t\t<div data-elementor-type=\"wp-page\" data-elementor-id=\"546\" class=\"elementor elementor-546\" data-elementor-post-type=\"page\">\n\t\t\t\t<div class=\"elementor-element elementor-element-a937d85 e-flex e-con-boxed e-con e-parent\" data-id=\"a937d85\" data-element_type=\"container\" data-e-type=\"container\">\n\t\t\t\t\t<div class=\"e-con-inner\">\n\t\t\t\t<div class=\"elementor-element elementor-element-3962e41 elementor-widget elementor-widget-heading\" data-id=\"3962e41\" data-element_type=\"widget\" data-e-type=\"widget\" data-widget_type=\"heading.default\">\n\t\t\t\t\t<h2 class=\"elementor-heading-title elementor-size-default\">Fraktinformation<\/h2>\t\t\t\t<\/div>\n\t\t\t\t<div class=\"elementor-element elementor-element-62b522a elementor-widget elementor-widget-text-editor\" data-id=\"62b522a\" data-element_type=\"widget\" data-e-type=\"widget\" data-widget_type=\"text-editor.default\">\n\t\t\t\t\t\t\t\t\t<p data-start=\"0\" data-end=\"16\"><strong data-start=\"0\" data-end=\"16\">Fraktmetoder<\/strong><\/p><p data-start=\"18\" data-end=\"82\">Standard Premiumfrakt<br data-start=\"39\" data-end=\"42\" \/>F\u00f6r alla leveranser inom Sverige: 59 kr.<\/p><p data-start=\"84\" data-end=\"160\">Fri premiumfrakt<br data-start=\"100\" data-end=\"103\" \/>Fri frakt p\u00e5 alla best\u00e4llningar \u00f6ver 375 kr inom Sverige.<\/p><p data-start=\"162\" data-end=\"176\"><strong data-start=\"162\" data-end=\"176\">Fraktzoner<\/strong><\/p><p data-start=\"178\" data-end=\"318\">F\u00f6r n\u00e4rvarande levererar vi endast inom Sverige.<br data-start=\"226\" data-end=\"229\" \/>Vi arbetar med att ut\u00f6ka v\u00e5rt produktsortiment s\u00e5 att vi snart kan leverera inom hela EU.<\/p><p data-start=\"320\" data-end=\"363\"><strong data-start=\"320\" data-end=\"363\">Leveranstider &amp; ytterligare information<\/strong><\/p><p data-start=\"365\" data-end=\"641\">Alla best\u00e4llningar behandlas inom 1\u20132 arbetsdagar och v\u00e5r normala leveranstid \u00e4r 7\u201310 arbetsdagar. Beroende p\u00e5 din plats kan du f\u00e5 din best\u00e4llning tidigare. V\u00e4nligen se alltid informationen i produktbeskrivningen, d\u00e5 vissa produkter f\u00f6r n\u00e4rvarande kan ha l\u00e4ngre leveranstider.<\/p><p data-start=\"643\" data-end=\"1045\">Vi har etablerade samarbeten med v\u00e5ra fraktpartners och str\u00e4var efter att leverera alla paket inom angiven tidsram. Observera att vi inte kan h\u00e5llas ansvariga f\u00f6r f\u00f6rseningar som orsakas av v\u00e4der, felaktiga adressuppgifter, problem hos transport\u00f6ren eller andra omst\u00e4ndigheter utanf\u00f6r v\u00e5r kontroll. Vi g\u00f6r alltid v\u00e5rt b\u00e4sta f\u00f6r att hj\u00e4lpa v\u00e5ra kunder med returer, reklamationer eller borttappade paket.<\/p><p data-start=\"1047\" data-end=\"1409\" data-is-last-node=\"\" data-is-only-node=\"\">Om ett paket f\u00f6rsvinner, saknas eller om leverans inte kan bekr\u00e4ftas via sp\u00e5rning, skickar vi en ny leverans av best\u00e4llningen. Paket som har bekr\u00e4ftad leverans fr\u00e5n transport\u00f6ren utreds och \u00e4r inte \u00e5terbetalningsbara f\u00f6rr\u00e4n \u00e4rendet \u00e4r l\u00f6st. Om ditt paket inte anl\u00e4nder eller anl\u00e4nder skadat, v\u00e4nligen kontakta oss p\u00e5<br data-start=\"1363\" data-end=\"1366\" \/><a class=\"decorated-link cursor-pointer\" rel=\"noopener\" data-start=\"1366\" data-end=\"1382\">Info@deravio.com<\/a> och ange ditt ordernummer.<\/p>\t\t\t\t\t\t\t\t<\/div>\n\t\t\t\t\t<\/div>\n\t\t\t\t<\/div>\n\t\t\t\t<\/div>\n\t\t","protected":false},"excerpt":{"rendered":"<p>Fraktinformation Fraktmetoder Standard PremiumfraktF\u00f6r alla leveranser inom Sverige: 59 kr. Fri premiumfraktFri frakt p\u00e5 alla best\u00e4llningar \u00f6ver 375 kr inom [&hellip;]<\/p>\n","protected":false},"author":1,"featured_media":0,"parent":0,"menu_order":0,"comment_status":"closed","ping_status":"closed","template":"","meta":{"site-sidebar-layout":"default","site-content-layout":"","ast-site-content-layout":"default","site-content-style":"default","site-sidebar-style":"default","ast-global-header-display":"","ast-banner-title-visibility":"","ast-main-header-display":"","ast-hfb-above-header-display":"","ast-hfb-below-header-display":"","ast-hfb-mobile-header-display":"","site-post-title":"disabled","ast-breadcrumbs-content":"","ast-featured-img":"","footer-sml-layout":"","theme-transparent-header-meta":"","adv-header-id-meta":"","stick-header-meta":"","header-above-stick-meta":"","header-main-stick-meta":"","header-below-stick-meta":"","astra-migrate-meta-layouts":"default","ast-page-background-enabled":"default","ast-page-background-meta":{"desktop":{"background-color":"var(--ast-global-color-5)","background-image":"","background-repeat":"repeat","background-position":"center center","background-size":"auto","background-attachment":"scroll","background-type":"","background-media":"","overlay-type":"","overlay-color":"","overlay-opacity":"","overlay-gradient":""},"tablet":{"background-color":"","background-image":"","background-repeat":"repeat","background-position":"center center","background-size":"auto","background-attachment":"scroll","background-type":"","background-media":"","overlay-type":"","overlay-color":"","overlay-opacity":"","overlay-gradient":""},"mobile":{"background-color":"","background-image":"","background-repeat":"repeat","background-position":"center center","background-size":"auto","background-attachment":"scroll","background-type":"","background-media":"","overlay-type":"","overlay-color":"","overlay-opacity":"","overlay-gradient":""}},"ast-content-background-meta":{"desktop":{"background-color":"var(--ast-global-color-4)","background-image":"","background-repeat":"repeat","background-position":"center center","background-size":"auto","background-attachment":"scroll","background-type":"","background-media":"","overlay-type":"","overlay-color":"","overlay-opacity":"","overlay-gradient":""},"tablet":{"background-color":"var(--ast-global-color-4)","background-image":"","background-repeat":"repeat","background-position":"center center","background-size":"auto","background-attachment":"scroll","background-type":"","background-media":"","overlay-type":"","overlay-color":"","overlay-opacity":"","overlay-gradient":""},"mobile":{"background-color":"var(--ast-global-color-4)","background-image":"","background-repeat":"repeat","background-position":"center center","background-size":"auto","background-attachment":"scroll","background-type":"","background-media":"","overlay-type":"","overlay-color":"","overlay-opacity":"","overlay-gradient":""}},"footnotes":""},"class_list":["post-546","page","type-page","status-publish","hentry"],"yoast_head":"<!-- This site is optimized with the Yoast SEO plugin v26.6 - https:\/\/yoast.com\/wordpress\/plugins\/seo\/ -->\n<title>Frakt &amp; returer - Deravio SE<\/title>\n<meta name=\"robots\" content=\"index, follow, max-snippet:-1, max-image-preview:large, max-video-preview:-1\" \/>\n<link rel=\"canonical\" href=\"https:\/\/deravio.com\/se\/frakt-returer\/\" \/>\n<meta property=\"og:locale\" content=\"sv_SE\" \/>\n<meta property=\"og:type\" content=\"article\" \/>\n<meta property=\"og:title\" content=\"Frakt &amp; returer - Deravio SE\" \/>\n<meta property=\"og:description\" content=\"Fraktinformation Fraktmetoder Standard PremiumfraktF\u00f6r alla leveranser inom Sverige: 59 kr. Fri premiumfraktFri frakt p\u00e5 alla best\u00e4llningar \u00f6ver 375 kr inom [&hellip;]\" \/>\n<meta property=\"og:url\" content=\"https:\/\/deravio.com\/se\/frakt-returer\/\" \/>\n<meta property=\"og:site_name\" content=\"Deravio SE\" \/>\n<meta property=\"article:modified_time\" content=\"2026-04-17T13:05:36+00:00\" \/>\n<meta name=\"twitter:card\" content=\"summary_large_image\" \/>\n<meta name=\"twitter:label1\" content=\"Ber\u00e4knad l\u00e4stid\" \/>\n\t<meta name=\"twitter:data1\" content=\"1 minut\" \/>\n<script type=\"application\/ld+json\" class=\"yoast-schema-graph\">{\"@context\":\"https:\/\/schema.org\",\"@graph\":[{\"@type\":\"WebPage\",\"@id\":\"https:\/\/deravio.com\/se\/frakt-returer\/\",\"url\":\"https:\/\/deravio.com\/se\/frakt-returer\/\",\"name\":\"Frakt & returer - Deravio SE\",\"isPartOf\":{\"@id\":\"https:\/\/deravio.com\/se\/#website\"},\"datePublished\":\"2020-10-13T02:48:45+00:00\",\"dateModified\":\"2026-04-17T13:05:36+00:00\",\"breadcrumb\":{\"@id\":\"https:\/\/deravio.com\/se\/frakt-returer\/#breadcrumb\"},\"inLanguage\":\"sv-SE\",\"potentialAction\":[{\"@type\":\"ReadAction\",\"target\":[\"https:\/\/deravio.com\/se\/frakt-returer\/\"]}]},{\"@type\":\"BreadcrumbList\",\"@id\":\"https:\/\/deravio.com\/se\/frakt-returer\/#breadcrumb\",\"itemListElement\":[{\"@type\":\"ListItem\",\"position\":1,\"name\":\"Home\",\"item\":\"https:\/\/deravio.com\/se\/\"},{\"@type\":\"ListItem\",\"position\":2,\"name\":\"Frakt &#038; returer\"}]},{\"@type\":\"WebSite\",\"@id\":\"https:\/\/deravio.com\/se\/#website\",\"url\":\"https:\/\/deravio.com\/se\/\",\"name\":\"Deravio SE\",\"description\":\"\",\"publisher\":{\"@id\":\"https:\/\/deravio.com\/se\/#organization\"},\"potentialAction\":[{\"@type\":\"SearchAction\",\"target\":{\"@type\":\"EntryPoint\",\"urlTemplate\":\"https:\/\/deravio.com\/se\/?s={search_term_string}\"},\"query-input\":{\"@type\":\"PropertyValueSpecification\",\"valueRequired\":true,\"valueName\":\"search_term_string\"}}],\"inLanguage\":\"sv-SE\"},{\"@type\":\"Organization\",\"@id\":\"https:\/\/deravio.com\/se\/#organization\",\"name\":\"Mekulo\",\"url\":\"https:\/\/deravio.com\/se\/\",\"logo\":{\"@type\":\"ImageObject\",\"inLanguage\":\"sv-SE\",\"@id\":\"https:\/\/deravio.com\/se\/#\/schema\/logo\/image\/\",\"url\":\"https:\/\/deravio.com\/se\/wp-content\/uploads\/sites\/20\/2025\/12\/favicon_mekulo.png\",\"contentUrl\":\"https:\/\/deravio.com\/se\/wp-content\/uploads\/sites\/20\/2025\/12\/favicon_mekulo.png\",\"width\":50,\"height\":50,\"caption\":\"Mekulo\"},\"image\":{\"@id\":\"https:\/\/deravio.com\/se\/#\/schema\/logo\/image\/\"}}]}<\/script>\n<!-- \/ Yoast SEO plugin. -->","yoast_head_json":{"title":"Frakt & returer - Deravio SE","robots":{"index":"index","follow":"follow","max-snippet":"max-snippet:-1","max-image-preview":"max-image-preview:large","max-video-preview":"max-video-preview:-1"},"canonical":"https:\/\/deravio.com\/se\/frakt-returer\/","og_locale":"sv_SE","og_type":"article","og_title":"Frakt & returer - Deravio SE","og_description":"Fraktinformation Fraktmetoder Standard PremiumfraktF\u00f6r alla leveranser inom Sverige: 59 kr. Fri premiumfraktFri frakt p\u00e5 alla best\u00e4llningar \u00f6ver 375 kr inom [&hellip;]","og_url":"https:\/\/deravio.com\/se\/frakt-returer\/","og_site_name":"Deravio SE","article_modified_time":"2026-04-17T13:05:36+00:00","twitter_card":"summary_large_image","twitter_misc":{"Ber\u00e4knad l\u00e4stid":"1 minut"},"schema":{"@context":"https:\/\/schema.org","@graph":[{"@type":"WebPage","@id":"https:\/\/deravio.com\/se\/frakt-returer\/","url":"https:\/\/deravio.com\/se\/frakt-returer\/","name":"Frakt & returer - Deravio SE","isPartOf":{"@id":"https:\/\/deravio.com\/se\/#website"},"datePublished":"2020-10-13T02:48:45+00:00","dateModified":"2026-04-17T13:05:36+00:00","breadcrumb":{"@id":"https:\/\/deravio.com\/se\/frakt-returer\/#breadcrumb"},"inLanguage":"sv-SE","potentialAction":[{"@type":"ReadAction","target":["https:\/\/deravio.com\/se\/frakt-returer\/"]}]},{"@type":"BreadcrumbList","@id":"https:\/\/deravio.com\/se\/frakt-returer\/#breadcrumb","itemListElement":[{"@type":"ListItem","position":1,"name":"Home","item":"https:\/\/deravio.com\/se\/"},{"@type":"ListItem","position":2,"name":"Frakt &#038; returer"}]},{"@type":"WebSite","@id":"https:\/\/deravio.com\/se\/#website","url":"https:\/\/deravio.com\/se\/","name":"Deravio SE","description":"","publisher":{"@id":"https:\/\/deravio.com\/se\/#organization"},"potentialAction":[{"@type":"SearchAction","target":{"@type":"EntryPoint","urlTemplate":"https:\/\/deravio.com\/se\/?s={search_term_string}"},"query-input":{"@type":"PropertyValueSpecification","valueRequired":true,"valueName":"search_term_string"}}],"inLanguage":"sv-SE"},{"@type":"Organization","@id":"https:\/\/deravio.com\/se\/#organization","name":"Mekulo","url":"https:\/\/deravio.com\/se\/","logo":{"@type":"ImageObject","inLanguage":"sv-SE","@id":"https:\/\/deravio.com\/se\/#\/schema\/logo\/image\/","url":"https:\/\/deravio.com\/se\/wp-content\/uploads\/sites\/20\/2025\/12\/favicon_mekulo.png","contentUrl":"https:\/\/deravio.com\/se\/wp-content\/uploads\/sites\/20\/2025\/12\/favicon_mekulo.png","width":50,"height":50,"caption":"Mekulo"},"image":{"@id":"https:\/\/deravio.com\/se\/#\/schema\/logo\/image\/"}}]}},"_links":{"self":[{"href":"https:\/\/deravio.com\/se\/wp-json\/wp\/v2\/pages\/546","targetHints":{"allow":["GET"]}}],"collection":[{"href":"https:\/\/deravio.com\/se\/wp-json\/wp\/v2\/pages"}],"about":[{"href":"https:\/\/deravio.com\/se\/wp-json\/wp\/v2\/types\/page"}],"author":[{"embeddable":true,"href":"https:\/\/deravio.com\/se\/wp-json\/wp\/v2\/users\/1"}],"replies":[{"embeddable":true,"href":"https:\/\/deravio.com\/se\/wp-json\/wp\/v2\/comments?post=546"}],"version-history":[{"count":22,"href":"https:\/\/deravio.com\/se\/wp-json\/wp\/v2\/pages\/546\/revisions"}],"predecessor-version":[{"id":23150,"href":"https:\/\/deravio.com\/se\/wp-json\/wp\/v2\/pages\/546\/revisions\/23150"}],"wp:attachment":[{"href":"https:\/\/deravio.com\/se\/wp-json\/wp\/v2\/media?parent=546"}],"curies":[{"name":"wp","href":"https:\/\/api.w.org\/{rel}","templated":true}]}}