{"id":25053,"date":"2026-05-14T14:17:06","date_gmt":"2026-05-14T11:17:06","guid":{"rendered":"https:\/\/deravio.com\/no\/produkt\/justerbare-sommerfuglklemmer\/"},"modified":"2026-05-14T14:20:34","modified_gmt":"2026-05-14T11:20:34","slug":"justerbare-sommerfuglklemmer","status":"publish","type":"product","link":"https:\/\/deravio.com\/no\/produkt\/justerbare-sommerfuglklemmer\/","title":{"rendered":"Justerbare sommerfuglklemmer"},"content":{"rendered":"<h2 style=\"text-align: center;\" data-section-id=\"5d61m3\" data-start=\"2082\" data-end=\"2100\">\u2728 L\u00f8ftet<\/h2>\n<p style=\"text-align: center;\" data-start=\"2102\" data-end=\"2167\">En bedre passform. Uanstrengt stil. Selvtillit i hvert antrekk.<\/p>\n<p data-start=\"2102\" data-end=\"2167\"><img fetchpriority=\"high\" decoding=\"async\" class=\" wp-image-28322 aligncenter\" src=\"https:\/\/mekulo.com\/template\/wp-content\/uploads\/sites\/6\/2026\/03\/122111-ezgif.com-video-to-webp-converter-6.webp\" alt=\"\" width=\"550\" height=\"550\" \/><\/p>\n<h2 style=\"text-align: center;\" data-section-id=\"u4ub2a\" data-start=\"414\" data-end=\"434\">\u2728 Hovedfordeler<\/h2>\n<p data-start=\"438\" data-end=\"533\">\ud83d\udc56 \u00d8yeblikkelig midjejustering &#8211; Stram eller l\u00f8sne jeansene dine p\u00e5 sekunder &#8211; ingen skredder n\u00f8dvendig.<\/p>\n<p data-start=\"537\" data-end=\"641\">\ud83e\udd8b Stilig sommerfugldesign &#8211; Gj\u00f8r en enkel justering til en vakker detalj som l\u00f8fter antrekket ditt.<\/p>\n<p data-start=\"645\" data-end=\"733\">\ud83d\udd04 Gjenbrukbar og avtakbar &#8211; Enkel \u00e5 feste, fjerne og gjenbruke p\u00e5 forskjellige jeans.<\/p>\n<p data-start=\"737\" data-end=\"827\">\u23f1\ufe0f Ingen s\u00f8m, ingen skade &#8211; Snap-on-design betyr null innsats og ingen permanente endringer.<\/p>\n<p data-start=\"831\" data-end=\"922\">\ud83d\udcb8 Spar tid og penger &#8211; Hopp over dyre endringer og fiks passformen din umiddelbart hjemme.<\/p>\n<h2 style=\"text-align: center;\" data-section-id=\"5yj8z6\" data-start=\"929\" data-end=\"955\">\ud83e\udde9 Problem \u2192 L\u00f8sning<\/h2>\n<p data-start=\"957\" data-end=\"1095\"><strong data-start=\"957\" data-end=\"969\">Problem:<\/strong><br data-start=\"969\" data-end=\"972\" \/>Jeans passer ikke alltid perfekt. Vektendringer, st\u00f8rrelsesproblemer eller l\u00f8se linninger gj\u00f8r dem ukomfortable eller umulige \u00e5 ha p\u00e5 seg.<\/p>\n<p data-start=\"1097\" data-end=\"1251\"><strong data-start=\"1097\" data-end=\"1110\">L\u00f8sning:<\/strong><br data-start=\"1110\" data-end=\"1113\" \/>Disse justerbare sommerfuglklipsene gir deg full kontroll over passformen din &#8211; umiddelbart. Ingen verkt\u00f8y, ingen skredders\u00f8m, bare perfekt passform hver gang.<\/p>\n<p data-start=\"1097\" data-end=\"1251\"><img decoding=\"async\" class=\" wp-image-28321 aligncenter\" src=\"https:\/\/mekulo.com\/template\/wp-content\/uploads\/sites\/6\/2026\/03\/122112-ezgif.com-video-to-webp-converter-7.webp\" alt=\"\" width=\"501\" height=\"501\" \/><\/p>\n<h2 style=\"text-align: center;\" data-section-id=\"baj5e8\" data-start=\"1258\" data-end=\"1286\">\ud83c\udf0d Bruksomr\u00e5de \/ Livsstil<\/h2>\n<ul data-start=\"1303\" data-end=\"1492\">\n<li data-section-id=\"10p055l\" data-start=\"1303\" data-end=\"1343\">\n<p data-start=\"1305\" data-end=\"1343\">Jeans som sitter litt for l\u00f8st<\/p>\n<\/li>\n<li data-section-id=\"8ehsx8\" data-start=\"1344\" data-end=\"1390\">\n<p data-start=\"1346\" data-end=\"1390\">Hverdagsantrekk som trenger en renere passform<\/p>\n<\/li>\n<li data-section-id=\"1vfyqxz\" data-start=\"1391\" data-end=\"1443\">\n<p data-start=\"1393\" data-end=\"1443\">Reiser eller travle dager n\u00e5r du trenger raske l\u00f8sninger<\/p>\n<\/li>\n<li data-section-id=\"1sd8a4d\" data-start=\"1444\" data-end=\"1492\">\n<p data-start=\"1446\" data-end=\"1492\">Alle som vil ha stil + praktisk i ett<\/p>\n<\/li>\n<\/ul>\n<p data-start=\"1494\" data-end=\"1577\">Fra casual look til polerte antrekk &#8211; jeansene dine sitter endelig slik de skal.<\/p>\n<h2 style=\"text-align: center;\" data-section-id=\"1r8t0f\" data-start=\"1584\" data-end=\"1603\">\ud83d\udee0\ufe0f Slik bruker du den<\/h2>\n<ol data-start=\"1605\" data-end=\"1749\">\n<li data-section-id=\"7i19id\" data-start=\"1605\" data-end=\"1643\">\n<p data-start=\"1608\" data-end=\"1643\">Fest klemmen p\u00e5 linningen.<\/p>\n<\/li>\n<li data-section-id=\"1ry6rvv\" data-start=\"1644\" data-end=\"1681\">\n<p data-start=\"1647\" data-end=\"1681\">Juster til \u00f8nsket passform.<\/p>\n<\/li>\n<li data-section-id=\"mqz4j2\" data-start=\"1682\" data-end=\"1705\">\n<p data-start=\"1685\" data-end=\"1705\">Fest den p\u00e5 plass.<\/p>\n<\/li>\n<li data-section-id=\"1u4tfws\" data-start=\"1706\" data-end=\"1749\">\n<p data-start=\"1709\" data-end=\"1749\">Ta den av n\u00e5r som helst eller bytt mellom jeans.<\/p>\n<\/li>\n<\/ol>\n<h2 style=\"text-align: center;\" data-section-id=\"1fuqdo7\" data-start=\"1786\" data-end=\"1809\">\ud83d\udce6 Produktdetaljer<\/h2>\n<ul data-start=\"1811\" data-end=\"2008\">\n<li data-section-id=\"1ugnr8z\" data-start=\"1811\" data-end=\"1838\">\n<p data-start=\"1813\" data-end=\"1838\">Materiale: Slitesterk harpiks<\/p>\n<\/li>\n<li data-section-id=\"15zpo7k\" data-start=\"1839\" data-end=\"1873\">\n<p data-start=\"1841\" data-end=\"1873\">Design: Sommerfuglformede klips<\/p>\n<\/li>\n<li data-section-id=\"1vgznv2\" data-start=\"1934\" data-end=\"1969\">\n<p data-start=\"1936\" data-end=\"1969\">Bruk: Midjejustering for jeans<\/p>\n<\/li>\n<li data-section-id=\"153r8hs\" data-start=\"1970\" data-end=\"2008\">\n<p data-start=\"1972\" data-end=\"2008\">Funksjon: Avtakbar, uten sying<\/p>\n<\/li>\n<\/ul>\n<h2 style=\"text-align: center;\" data-section-id=\"13s7cfc\" data-start=\"2015\" data-end=\"2039\">\ud83d\udce5 Pakken inneholder<\/h2>\n<ul data-start=\"2041\" data-end=\"2075\">\n<li data-section-id=\"3kp1s8\" data-start=\"2041\" data-end=\"2075\">\n<p data-start=\"2043\" data-end=\"2075\">6, 12x justerbare sommerfuglklemmer.<\/p>\n<\/li>\n<\/ul>\n","protected":false},"excerpt":{"rendered":"<p>\u2728Perfekt passform. Null innsats. \u00d8yeblikkelig stil.<br \/>\n\ud83d\udc56Juster jeansene dine p\u00e5 f\u00e5 sekunder og gi dem et diskret, elegant preg \u2013 uten \u00e5 sy og uten stress.<br \/>\n\ud83e\udd8bEndelig jeans som passer deg perfekt &#8211; n\u00e5r kroppen din endrer seg, forblir stilen din feilfri.<\/p>\n","protected":false},"featured_media":25049,"comment_status":"open","ping_status":"closed","template":"","meta":{"site-sidebar-layout":"default","site-content-layout":"","ast-site-content-layout":"default","site-content-style":"default","site-sidebar-style":"default","ast-global-header-display":"","ast-banner-title-visibility":"","ast-main-header-display":"","ast-hfb-above-header-display":"","ast-hfb-below-header-display":"","ast-hfb-mobile-header-display":"","site-post-title":"","ast-breadcrumbs-content":"","ast-featured-img":"","footer-sml-layout":"","ast-disable-related-posts":"","theme-transparent-header-meta":"default","adv-header-id-meta":"","stick-header-meta":"","header-above-stick-meta":"","header-main-stick-meta":"","header-below-stick-meta":"","astra-migrate-meta-layouts":"set","ast-page-background-enabled":"default","ast-page-background-meta":{"desktop":{"background-color":"var(--ast-global-color-5)","background-image":"","background-repeat":"repeat","background-position":"center center","background-size":"auto","background-attachment":"scroll","background-type":"","background-media":"","overlay-type":"","overlay-color":"","overlay-opacity":"","overlay-gradient":""},"tablet":{"background-color":"","background-image":"","background-repeat":"repeat","background-position":"center center","background-size":"auto","background-attachment":"scroll","background-type":"","background-media":"","overlay-type":"","overlay-color":"","overlay-opacity":"","overlay-gradient":""},"mobile":{"background-color":"","background-image":"","background-repeat":"repeat","background-position":"center center","background-size":"auto","background-attachment":"scroll","background-type":"","background-media":"","overlay-type":"","overlay-color":"","overlay-opacity":"","overlay-gradient":""}},"ast-content-background-meta":{"desktop":{"background-color":"var(--ast-global-color-4)","background-image":"","background-repeat":"repeat","background-position":"center center","background-size":"auto","background-attachment":"scroll","background-type":"","background-media":"","overlay-type":"","overlay-color":"","overlay-opacity":"","overlay-gradient":""},"tablet":{"background-color":"var(--ast-global-color-4)","background-image":"","background-repeat":"repeat","background-position":"center center","background-size":"auto","background-attachment":"scroll","background-type":"","background-media":"","overlay-type":"","overlay-color":"","overlay-opacity":"","overlay-gradient":""},"mobile":{"background-color":"var(--ast-global-color-4)","background-image":"","background-repeat":"repeat","background-position":"center center","background-size":"auto","background-attachment":"scroll","background-type":"","background-media":"","overlay-type":"","overlay-color":"","overlay-opacity":"","overlay-gradient":""}}},"product_brand":[],"product_cat":[165],"product_tag":[],"class_list":{"0":"post-25053","1":"product","2":"type-product","3":"status-publish","4":"has-post-thumbnail","6":"product_cat-fottoy-tilbehor","7":"pa_67055_8qh7h16u-a","8":"pa_67055_8qh7h16u-b","9":"pa_67055_8qh7h16u-c","10":"pa_67055_8qh7h16u-d","11":"pa_67055_bysvrxz0-12-stk","12":"pa_67055_bysvrxz0-6-stk","13":"desktop-align-left","14":"tablet-align-left","15":"mobile-align-left","17":"first","18":"instock","19":"shipping-taxable","20":"purchasable","21":"product-type-variable","22":"has-default-attributes"},"yoast_head":"<!-- This site is optimized with the Yoast SEO plugin v27.4 - https:\/\/yoast.com\/product\/yoast-seo-wordpress\/ -->\n<title>Justerbare sommerfuglklemmer - Deravio NO<\/title>\n<meta name=\"robots\" content=\"index, follow, max-snippet:-1, max-image-preview:large, max-video-preview:-1\" \/>\n<link rel=\"canonical\" href=\"https:\/\/deravio.com\/no\/produkt\/justerbare-sommerfuglklemmer\/\" \/>\n<meta property=\"og:locale\" content=\"nb_NO\" \/>\n<meta property=\"og:type\" content=\"article\" \/>\n<meta property=\"og:title\" content=\"Justerbare sommerfuglklemmer - Deravio NO\" \/>\n<meta property=\"og:description\" content=\"\u2728Perfekt passform. Null innsats. \u00d8yeblikkelig stil. \ud83d\udc56Juster jeansene dine p\u00e5 f\u00e5 sekunder og gi dem et diskret, elegant preg \u2013 uten \u00e5 sy og uten stress. \ud83e\udd8bEndelig jeans som passer deg perfekt - n\u00e5r kroppen din endrer seg, forblir stilen din feilfri.\" \/>\n<meta property=\"og:url\" content=\"https:\/\/deravio.com\/no\/produkt\/justerbare-sommerfuglklemmer\/\" \/>\n<meta property=\"og:site_name\" content=\"Deravio NO\" \/>\n<meta property=\"article:modified_time\" content=\"2026-05-14T11:20:34+00:00\" \/>\n<meta property=\"og:image\" content=\"https:\/\/deravio.com\/no\/wp-content\/uploads\/sites\/18\/2026\/05\/kjfcdrj-1.jpg\" \/>\n\t<meta property=\"og:image:width\" content=\"800\" \/>\n\t<meta property=\"og:image:height\" content=\"800\" \/>\n\t<meta property=\"og:image:type\" content=\"image\/jpeg\" \/>\n<meta name=\"twitter:card\" content=\"summary_large_image\" \/>\n<meta name=\"twitter:label1\" content=\"Ansl. lesetid\" \/>\n\t<meta name=\"twitter:data1\" content=\"2 minutter\" \/>\n<script type=\"application\/ld+json\" class=\"yoast-schema-graph\">{\"@context\":\"https:\\\/\\\/schema.org\",\"@graph\":[{\"@type\":\"WebPage\",\"@id\":\"https:\\\/\\\/deravio.com\\\/no\\\/produkt\\\/justerbare-sommerfuglklemmer\\\/\",\"url\":\"https:\\\/\\\/deravio.com\\\/no\\\/produkt\\\/justerbare-sommerfuglklemmer\\\/\",\"name\":\"Justerbare sommerfuglklemmer - Deravio NO\",\"isPartOf\":{\"@id\":\"https:\\\/\\\/deravio.com\\\/no\\\/#website\"},\"primaryImageOfPage\":{\"@id\":\"https:\\\/\\\/deravio.com\\\/no\\\/produkt\\\/justerbare-sommerfuglklemmer\\\/#primaryimage\"},\"image\":{\"@id\":\"https:\\\/\\\/deravio.com\\\/no\\\/produkt\\\/justerbare-sommerfuglklemmer\\\/#primaryimage\"},\"thumbnailUrl\":\"https:\\\/\\\/deravio.com\\\/no\\\/wp-content\\\/uploads\\\/sites\\\/18\\\/2026\\\/05\\\/kjfcdrj-1.jpg\",\"datePublished\":\"2026-05-14T11:17:06+00:00\",\"dateModified\":\"2026-05-14T11:20:34+00:00\",\"breadcrumb\":{\"@id\":\"https:\\\/\\\/deravio.com\\\/no\\\/produkt\\\/justerbare-sommerfuglklemmer\\\/#breadcrumb\"},\"inLanguage\":\"nb-NO\",\"potentialAction\":[{\"@type\":\"ReadAction\",\"target\":[\"https:\\\/\\\/deravio.com\\\/no\\\/produkt\\\/justerbare-sommerfuglklemmer\\\/\"]}]},{\"@type\":\"ImageObject\",\"inLanguage\":\"nb-NO\",\"@id\":\"https:\\\/\\\/deravio.com\\\/no\\\/produkt\\\/justerbare-sommerfuglklemmer\\\/#primaryimage\",\"url\":\"https:\\\/\\\/deravio.com\\\/no\\\/wp-content\\\/uploads\\\/sites\\\/18\\\/2026\\\/05\\\/kjfcdrj-1.jpg\",\"contentUrl\":\"https:\\\/\\\/deravio.com\\\/no\\\/wp-content\\\/uploads\\\/sites\\\/18\\\/2026\\\/05\\\/kjfcdrj-1.jpg\",\"width\":800,\"height\":800},{\"@type\":\"BreadcrumbList\",\"@id\":\"https:\\\/\\\/deravio.com\\\/no\\\/produkt\\\/justerbare-sommerfuglklemmer\\\/#breadcrumb\",\"itemListElement\":[{\"@type\":\"ListItem\",\"position\":1,\"name\":\"Home\",\"item\":\"https:\\\/\\\/deravio.com\\\/no\\\/\"},{\"@type\":\"ListItem\",\"position\":2,\"name\":\"Butikk\",\"item\":\"https:\\\/\\\/deravio.com\\\/no\\\/butikk\\\/\"},{\"@type\":\"ListItem\",\"position\":3,\"name\":\"Justerbare sommerfuglklemmer\"}]},{\"@type\":\"WebSite\",\"@id\":\"https:\\\/\\\/deravio.com\\\/no\\\/#website\",\"url\":\"https:\\\/\\\/deravio.com\\\/no\\\/\",\"name\":\"Deravio NO\",\"description\":\"\",\"publisher\":{\"@id\":\"https:\\\/\\\/deravio.com\\\/no\\\/#organization\"},\"potentialAction\":[{\"@type\":\"SearchAction\",\"target\":{\"@type\":\"EntryPoint\",\"urlTemplate\":\"https:\\\/\\\/deravio.com\\\/no\\\/?s={search_term_string}\"},\"query-input\":{\"@type\":\"PropertyValueSpecification\",\"valueRequired\":true,\"valueName\":\"search_term_string\"}}],\"inLanguage\":\"nb-NO\"},{\"@type\":\"Organization\",\"@id\":\"https:\\\/\\\/deravio.com\\\/no\\\/#organization\",\"name\":\"Mekulo\",\"url\":\"https:\\\/\\\/deravio.com\\\/no\\\/\",\"logo\":{\"@type\":\"ImageObject\",\"inLanguage\":\"nb-NO\",\"@id\":\"https:\\\/\\\/deravio.com\\\/no\\\/#\\\/schema\\\/logo\\\/image\\\/\",\"url\":\"https:\\\/\\\/deravio.com\\\/no\\\/wp-content\\\/uploads\\\/sites\\\/18\\\/2025\\\/12\\\/favicon_mekulo.png\",\"contentUrl\":\"https:\\\/\\\/deravio.com\\\/no\\\/wp-content\\\/uploads\\\/sites\\\/18\\\/2025\\\/12\\\/favicon_mekulo.png\",\"width\":50,\"height\":50,\"caption\":\"Mekulo\"},\"image\":{\"@id\":\"https:\\\/\\\/deravio.com\\\/no\\\/#\\\/schema\\\/logo\\\/image\\\/\"}}]}<\/script>\n<!-- \/ Yoast SEO plugin. -->","yoast_head_json":{"title":"Justerbare sommerfuglklemmer - Deravio NO","robots":{"index":"index","follow":"follow","max-snippet":"max-snippet:-1","max-image-preview":"max-image-preview:large","max-video-preview":"max-video-preview:-1"},"canonical":"https:\/\/deravio.com\/no\/produkt\/justerbare-sommerfuglklemmer\/","og_locale":"nb_NO","og_type":"article","og_title":"Justerbare sommerfuglklemmer - Deravio NO","og_description":"\u2728Perfekt passform. Null innsats. \u00d8yeblikkelig stil. \ud83d\udc56Juster jeansene dine p\u00e5 f\u00e5 sekunder og gi dem et diskret, elegant preg \u2013 uten \u00e5 sy og uten stress. \ud83e\udd8bEndelig jeans som passer deg perfekt - n\u00e5r kroppen din endrer seg, forblir stilen din feilfri.","og_url":"https:\/\/deravio.com\/no\/produkt\/justerbare-sommerfuglklemmer\/","og_site_name":"Deravio NO","article_modified_time":"2026-05-14T11:20:34+00:00","og_image":[{"width":800,"height":800,"url":"https:\/\/deravio.com\/no\/wp-content\/uploads\/sites\/18\/2026\/05\/kjfcdrj-1.jpg","type":"image\/jpeg"}],"twitter_card":"summary_large_image","twitter_misc":{"Ansl. lesetid":"2 minutter"},"schema":{"@context":"https:\/\/schema.org","@graph":[{"@type":"WebPage","@id":"https:\/\/deravio.com\/no\/produkt\/justerbare-sommerfuglklemmer\/","url":"https:\/\/deravio.com\/no\/produkt\/justerbare-sommerfuglklemmer\/","name":"Justerbare sommerfuglklemmer - Deravio NO","isPartOf":{"@id":"https:\/\/deravio.com\/no\/#website"},"primaryImageOfPage":{"@id":"https:\/\/deravio.com\/no\/produkt\/justerbare-sommerfuglklemmer\/#primaryimage"},"image":{"@id":"https:\/\/deravio.com\/no\/produkt\/justerbare-sommerfuglklemmer\/#primaryimage"},"thumbnailUrl":"https:\/\/deravio.com\/no\/wp-content\/uploads\/sites\/18\/2026\/05\/kjfcdrj-1.jpg","datePublished":"2026-05-14T11:17:06+00:00","dateModified":"2026-05-14T11:20:34+00:00","breadcrumb":{"@id":"https:\/\/deravio.com\/no\/produkt\/justerbare-sommerfuglklemmer\/#breadcrumb"},"inLanguage":"nb-NO","potentialAction":[{"@type":"ReadAction","target":["https:\/\/deravio.com\/no\/produkt\/justerbare-sommerfuglklemmer\/"]}]},{"@type":"ImageObject","inLanguage":"nb-NO","@id":"https:\/\/deravio.com\/no\/produkt\/justerbare-sommerfuglklemmer\/#primaryimage","url":"https:\/\/deravio.com\/no\/wp-content\/uploads\/sites\/18\/2026\/05\/kjfcdrj-1.jpg","contentUrl":"https:\/\/deravio.com\/no\/wp-content\/uploads\/sites\/18\/2026\/05\/kjfcdrj-1.jpg","width":800,"height":800},{"@type":"BreadcrumbList","@id":"https:\/\/deravio.com\/no\/produkt\/justerbare-sommerfuglklemmer\/#breadcrumb","itemListElement":[{"@type":"ListItem","position":1,"name":"Home","item":"https:\/\/deravio.com\/no\/"},{"@type":"ListItem","position":2,"name":"Butikk","item":"https:\/\/deravio.com\/no\/butikk\/"},{"@type":"ListItem","position":3,"name":"Justerbare sommerfuglklemmer"}]},{"@type":"WebSite","@id":"https:\/\/deravio.com\/no\/#website","url":"https:\/\/deravio.com\/no\/","name":"Deravio NO","description":"","publisher":{"@id":"https:\/\/deravio.com\/no\/#organization"},"potentialAction":[{"@type":"SearchAction","target":{"@type":"EntryPoint","urlTemplate":"https:\/\/deravio.com\/no\/?s={search_term_string}"},"query-input":{"@type":"PropertyValueSpecification","valueRequired":true,"valueName":"search_term_string"}}],"inLanguage":"nb-NO"},{"@type":"Organization","@id":"https:\/\/deravio.com\/no\/#organization","name":"Mekulo","url":"https:\/\/deravio.com\/no\/","logo":{"@type":"ImageObject","inLanguage":"nb-NO","@id":"https:\/\/deravio.com\/no\/#\/schema\/logo\/image\/","url":"https:\/\/deravio.com\/no\/wp-content\/uploads\/sites\/18\/2025\/12\/favicon_mekulo.png","contentUrl":"https:\/\/deravio.com\/no\/wp-content\/uploads\/sites\/18\/2025\/12\/favicon_mekulo.png","width":50,"height":50,"caption":"Mekulo"},"image":{"@id":"https:\/\/deravio.com\/no\/#\/schema\/logo\/image\/"}}]}},"_links":{"self":[{"href":"https:\/\/deravio.com\/no\/wp-json\/wp\/v2\/product\/25053","targetHints":{"allow":["GET"]}}],"collection":[{"href":"https:\/\/deravio.com\/no\/wp-json\/wp\/v2\/product"}],"about":[{"href":"https:\/\/deravio.com\/no\/wp-json\/wp\/v2\/types\/product"}],"replies":[{"embeddable":true,"href":"https:\/\/deravio.com\/no\/wp-json\/wp\/v2\/comments?post=25053"}],"wp:featuredmedia":[{"embeddable":true,"href":"https:\/\/deravio.com\/no\/wp-json\/wp\/v2\/media\/25049"}],"wp:attachment":[{"href":"https:\/\/deravio.com\/no\/wp-json\/wp\/v2\/media?parent=25053"}],"wp:term":[{"taxonomy":"product_brand","embeddable":true,"href":"https:\/\/deravio.com\/no\/wp-json\/wp\/v2\/product_brand?post=25053"},{"taxonomy":"product_cat","embeddable":true,"href":"https:\/\/deravio.com\/no\/wp-json\/wp\/v2\/product_cat?post=25053"},{"taxonomy":"product_tag","embeddable":true,"href":"https:\/\/deravio.com\/no\/wp-json\/wp\/v2\/product_tag?post=25053"}],"curies":[{"name":"wp","href":"https:\/\/api.w.org\/{rel}","templated":true}]}}