{"id":24892,"date":"2026-05-12T09:32:13","date_gmt":"2026-05-12T06:32:13","guid":{"rendered":"https:\/\/deravio.com\/no\/produkt\/reisekjoleboks-for-insulin\/"},"modified":"2026-05-12T09:36:40","modified_gmt":"2026-05-12T06:36:40","slug":"reisekjoleboks-for-insulin","status":"publish","type":"product","link":"https:\/\/deravio.com\/no\/produkt\/reisekjoleboks-for-insulin\/","title":{"rendered":"Reisekj\u00f8leboks for insulin"},"content":{"rendered":"<h2 style=\"text-align: center;\" data-section-id=\"5d61m3\" data-start=\"2167\" data-end=\"2185\">\u2728 L\u00f8ftet<\/h2>\n<p style=\"text-align: center;\" data-start=\"2187\" data-end=\"2261\">P\u00e5litelig kj\u00f8ling.<br data-start=\"2204\" data-end=\"2207\" \/>Konstant bevissthet.<br data-start=\"2226\" data-end=\"2229\" \/>Trygghet uansett hvor du g\u00e5r.<\/p>\n<p data-start=\"2187\" data-end=\"2261\"><img fetchpriority=\"high\" decoding=\"async\" class=\" wp-image-28481 aligncenter\" src=\"https:\/\/mekulo.com\/template\/wp-content\/uploads\/sites\/6\/2026\/03\/1221-ezgif.com-video-to-webp-converter-10.webp\" alt=\"\" width=\"550\" height=\"550\" \/><\/p>\n<h2 style=\"text-align: center;\" data-section-id=\"u4ub2a\" data-start=\"427\" data-end=\"447\">\u2728 Hovedfordeler<\/h2>\n<p data-start=\"451\" data-end=\"564\">\ud83c\udf21\ufe0f Temperaturkontroll i sanntid &#8211; Innebygd display gir deg oversikt over forholdene p\u00e5 et \u00f8yeblikk &#8211; ingen gjetting.<\/p>\n<p data-start=\"568\" data-end=\"670\">\u2744\ufe0f Holder insulinet trygt nedkj\u00f8lt &#8211; Opprettholder optimal temperatur i timevis, selv p\u00e5 lange dager ute.<\/p>\n<p data-start=\"674\" data-end=\"787\">\ud83d\udee1\ufe0f P\u00e5litelig beskyttelse p\u00e5 farten &#8211; Slitesterk, isolert design beskytter medisinen din mot varme og skade.<\/p>\n<p data-start=\"791\" data-end=\"882\">\ud83c\udf92 Kompakt og reisevennlig &#8211; Passer lett i vesken uten \u00e5 legge til masse eller vekt.<\/p>\n<p data-start=\"886\" data-end=\"988\">\u2708\ufe0f Designet for det virkelige liv &#8211; Ideell for flyreiser, bilturer, daglig bruk og alt derimellom.<\/p>\n<h2 style=\"text-align: center;\" data-section-id=\"5yj8z6\" data-start=\"995\" data-end=\"1021\">\ud83e\udde9 Problem \u2192 L\u00f8sning<\/h2>\n<p data-start=\"1023\" data-end=\"1171\"><strong data-start=\"1023\" data-end=\"1035\">Problem:<\/strong><br data-start=\"1035\" data-end=\"1038\" \/>\u00c5 reise med insulin er stressende. Temperaturendringer, manglende overv\u00e5king og up\u00e5litelig oppbevaring kan sette medisinen din i fare.<\/p>\n<p data-start=\"1173\" data-end=\"1321\"><strong data-start=\"1173\" data-end=\"1186\">L\u00f8sning:<\/strong><br data-start=\"1186\" data-end=\"1189\" \/>Denne reisekj\u00f8leren for insulin holder medisinen din stabil, synlig og beskyttet &#8211; slik at du kan fokusere p\u00e5 dagen, ikke p\u00e5 bekymringene.<\/p>\n<p data-start=\"1173\" data-end=\"1321\"><img decoding=\"async\" class=\"size-full wp-image-28478 aligncenter\" src=\"https:\/\/mekulo.com\/template\/wp-content\/uploads\/sites\/6\/2026\/03\/90f032426a31766cf93adac8839365a42e55c8d1-800.jpg\" alt=\"\" width=\"800\" height=\"1066\" \/><\/p>\n<h2 style=\"text-align: center;\" data-section-id=\"baj5e8\" data-start=\"1328\" data-end=\"1356\">\ud83c\udf0d Bruksomr\u00e5de\/Livsstil<\/h2>\n<ul data-start=\"1373\" data-end=\"1540\">\n<li data-section-id=\"1mg0vra\" data-start=\"1373\" data-end=\"1408\">\n<p data-start=\"1375\" data-end=\"1408\">Daglige rutiner og pendling<\/p>\n<\/li>\n<li data-section-id=\"14in3bs\" data-start=\"1409\" data-end=\"1450\">\n<p data-start=\"1411\" data-end=\"1450\">Reiser med fly, bil eller sykkel<\/p>\n<\/li>\n<li data-section-id=\"1xolxnn\" data-start=\"1451\" data-end=\"1494\">\n<p data-start=\"1453\" data-end=\"1494\">Utend\u00f8rsaktiviteter og lange dager ute<\/p>\n<\/li>\n<li data-section-id=\"lvoipk\" data-start=\"1495\" data-end=\"1540\">\n<p data-start=\"1497\" data-end=\"1540\">Alle som trenger p\u00e5litelig oppbevaring av insulin<\/p>\n<\/li>\n<\/ul>\n<p data-start=\"1542\" data-end=\"1603\">For din rutine b\u00f8r ikke begrenses av medisinen din.<\/p>\n<h2 style=\"text-align: center;\" data-section-id=\"1r8t0f\" data-start=\"1610\" data-end=\"1629\">\ud83d\udee0\ufe0f Slik Bruker Du Den<\/h2>\n<ol data-start=\"1631\" data-end=\"1787\">\n<li data-section-id=\"fvv7f3\" data-start=\"1631\" data-end=\"1678\">\n<p data-start=\"1634\" data-end=\"1678\">Frys de medf\u00f8lgende ispakkene (8\u201312 timer).<\/p>\n<\/li>\n<li data-section-id=\"qywcw8\" data-start=\"1679\" data-end=\"1718\">\n<p data-start=\"1682\" data-end=\"1718\">Plasser insulinet ditt i etuiet.<\/p>\n<\/li>\n<li data-section-id=\"1cprifn\" data-start=\"1719\" data-end=\"1744\">\n<p data-start=\"1722\" data-end=\"1744\">Sett inn ispakkene.<\/p>\n<\/li>\n<li data-section-id=\"1scymdx\" data-start=\"1745\" data-end=\"1787\">\n<p data-start=\"1748\" data-end=\"1787\">Sjekk temperaturvisningen n\u00e5r som helst.<\/p>\n<\/li>\n<\/ol>\n<h2 style=\"text-align: center;\" data-section-id=\"1fuqdo7\" data-start=\"1823\" data-end=\"1846\">\ud83d\udce6 Produktdetaljer<\/h2>\n<ul data-start=\"1848\" data-end=\"2069\">\n<li data-section-id=\"9eu0iu\" data-start=\"1848\" data-end=\"1900\">\n<p data-start=\"1850\" data-end=\"1900\">Materiale: EVA + PU utvendig, aluminiumsfolie innvendig<\/p>\n<\/li>\n<li data-section-id=\"10ntrq3\" data-start=\"1901\" data-end=\"1928\">\n<p data-start=\"1903\" data-end=\"1928\">St\u00f8rrelse: 21,5 x 9 x 5,8 cm<\/p>\n<\/li>\n<li data-section-id=\"epr3je\" data-start=\"1929\" data-end=\"1971\">\n<p data-start=\"1931\" data-end=\"1971\">Display: Temperaturmonitor i sanntid<\/p>\n<\/li>\n<li data-section-id=\"td2muc\" data-start=\"1972\" data-end=\"2023\">\n<p data-start=\"1974\" data-end=\"2023\">Kj\u00f8ling: St\u00f8tter ispakker (6\u20138 timers kj\u00f8ling)<\/p>\n<\/li>\n<li data-section-id=\"tr9rvd\" data-start=\"2024\" data-end=\"2069\">\n<p data-start=\"2026\" data-end=\"2069\">Design: Vanntett, isolert, beskyttende<\/p>\n<\/li>\n<\/ul>\n<h2 style=\"text-align: center;\" data-section-id=\"13s7cfc\" data-start=\"2076\" data-end=\"2100\">\ud83d\udce5 Pakken Inkluderer<\/h2>\n<ul data-start=\"2102\" data-end=\"2160\">\n<li data-section-id=\"1xrqsfk\" data-start=\"2102\" data-end=\"2136\">\n<p data-start=\"2104\" data-end=\"2136\">1x reisekj\u00f8leveske for insulin<\/p>\n<\/li>\n<li data-section-id=\"1xrqsfk\" data-start=\"2102\" data-end=\"2136\">2x ispakker.<\/li>\n<\/ul>\n","protected":false},"excerpt":{"rendered":"<p>\ud83c\udf21\ufe0f Medisinene dine. Trygge, kj\u00f8lige og alltid godt beskyttet.<br \/>\n\u2744\ufe0f Reis med ro i sjelen, vel vitende om at insulinet ditt holder riktig temperatur \u2013 uansett hvor livet f\u00f8rer deg.<br \/>\n\ud83d\udc69\u200d\u2695\ufe0f Trygghet i hvert \u00f8yeblikk \u2013 fordi helsen din fortjener p\u00e5litelig beskyttelse.<\/p>\n","protected":false},"featured_media":24888,"comment_status":"open","ping_status":"closed","template":"","meta":{"site-sidebar-layout":"default","site-content-layout":"","ast-site-content-layout":"default","site-content-style":"default","site-sidebar-style":"default","ast-global-header-display":"","ast-banner-title-visibility":"","ast-main-header-display":"","ast-hfb-above-header-display":"","ast-hfb-below-header-display":"","ast-hfb-mobile-header-display":"","site-post-title":"","ast-breadcrumbs-content":"","ast-featured-img":"","footer-sml-layout":"","ast-disable-related-posts":"","theme-transparent-header-meta":"default","adv-header-id-meta":"","stick-header-meta":"","header-above-stick-meta":"","header-main-stick-meta":"","header-below-stick-meta":"","astra-migrate-meta-layouts":"set","ast-page-background-enabled":"default","ast-page-background-meta":{"desktop":{"background-color":"var(--ast-global-color-5)","background-image":"","background-repeat":"repeat","background-position":"center center","background-size":"auto","background-attachment":"scroll","background-type":"","background-media":"","overlay-type":"","overlay-color":"","overlay-opacity":"","overlay-gradient":""},"tablet":{"background-color":"","background-image":"","background-repeat":"repeat","background-position":"center center","background-size":"auto","background-attachment":"scroll","background-type":"","background-media":"","overlay-type":"","overlay-color":"","overlay-opacity":"","overlay-gradient":""},"mobile":{"background-color":"","background-image":"","background-repeat":"repeat","background-position":"center center","background-size":"auto","background-attachment":"scroll","background-type":"","background-media":"","overlay-type":"","overlay-color":"","overlay-opacity":"","overlay-gradient":""}},"ast-content-background-meta":{"desktop":{"background-color":"var(--ast-global-color-4)","background-image":"","background-repeat":"repeat","background-position":"center center","background-size":"auto","background-attachment":"scroll","background-type":"","background-media":"","overlay-type":"","overlay-color":"","overlay-opacity":"","overlay-gradient":""},"tablet":{"background-color":"var(--ast-global-color-4)","background-image":"","background-repeat":"repeat","background-position":"center center","background-size":"auto","background-attachment":"scroll","background-type":"","background-media":"","overlay-type":"","overlay-color":"","overlay-opacity":"","overlay-gradient":""},"mobile":{"background-color":"var(--ast-global-color-4)","background-image":"","background-repeat":"repeat","background-position":"center center","background-size":"auto","background-attachment":"scroll","background-type":"","background-media":"","overlay-type":"","overlay-color":"","overlay-opacity":"","overlay-gradient":""}}},"product_brand":[],"product_cat":[166],"product_tag":[],"class_list":{"0":"post-24892","1":"product","2":"type-product","3":"status-publish","4":"has-post-thumbnail","6":"product_cat-helseprodukter","7":"pa_67579_7ypy7kyf-bla","8":"pa_67579_7ypy7kyf-gronn","9":"pa_67579_7ypy7kyf-svart","10":"desktop-align-left","11":"tablet-align-left","12":"mobile-align-left","14":"first","15":"instock","16":"shipping-taxable","17":"purchasable","18":"product-type-variable"},"yoast_head":"<!-- This site is optimized with the Yoast SEO plugin v27.4 - https:\/\/yoast.com\/product\/yoast-seo-wordpress\/ -->\n<title>Reisekj\u00f8leboks for insulin - Deravio NO<\/title>\n<meta name=\"robots\" content=\"index, follow, max-snippet:-1, max-image-preview:large, max-video-preview:-1\" \/>\n<link rel=\"canonical\" href=\"https:\/\/deravio.com\/no\/produkt\/reisekjoleboks-for-insulin\/\" \/>\n<meta property=\"og:locale\" content=\"nb_NO\" \/>\n<meta property=\"og:type\" content=\"article\" \/>\n<meta property=\"og:title\" content=\"Reisekj\u00f8leboks for insulin - Deravio NO\" \/>\n<meta property=\"og:description\" content=\"\ud83c\udf21\ufe0f Medisinene dine. Trygge, kj\u00f8lige og alltid godt beskyttet. \u2744\ufe0f Reis med ro i sjelen, vel vitende om at insulinet ditt holder riktig temperatur \u2013 uansett hvor livet f\u00f8rer deg. \ud83d\udc69\u200d\u2695\ufe0f Trygghet i hvert \u00f8yeblikk \u2013 fordi helsen din fortjener p\u00e5litelig beskyttelse.\" \/>\n<meta property=\"og:url\" content=\"https:\/\/deravio.com\/no\/produkt\/reisekjoleboks-for-insulin\/\" \/>\n<meta property=\"og:site_name\" content=\"Deravio NO\" \/>\n<meta property=\"article:modified_time\" content=\"2026-05-12T06:36:40+00:00\" \/>\n<meta property=\"og:image\" content=\"https:\/\/deravio.com\/no\/wp-content\/uploads\/sites\/18\/2026\/05\/27lzyw5-1.jpg\" \/>\n\t<meta property=\"og:image:width\" content=\"1436\" \/>\n\t<meta property=\"og:image:height\" content=\"1462\" \/>\n\t<meta property=\"og:image:type\" content=\"image\/jpeg\" \/>\n<meta name=\"twitter:card\" content=\"summary_large_image\" \/>\n<meta name=\"twitter:label1\" content=\"Ansl. lesetid\" \/>\n\t<meta name=\"twitter:data1\" content=\"2 minutter\" \/>\n<script type=\"application\/ld+json\" class=\"yoast-schema-graph\">{\"@context\":\"https:\\\/\\\/schema.org\",\"@graph\":[{\"@type\":\"WebPage\",\"@id\":\"https:\\\/\\\/deravio.com\\\/no\\\/produkt\\\/reisekjoleboks-for-insulin\\\/\",\"url\":\"https:\\\/\\\/deravio.com\\\/no\\\/produkt\\\/reisekjoleboks-for-insulin\\\/\",\"name\":\"Reisekj\u00f8leboks for insulin - Deravio NO\",\"isPartOf\":{\"@id\":\"https:\\\/\\\/deravio.com\\\/no\\\/#website\"},\"primaryImageOfPage\":{\"@id\":\"https:\\\/\\\/deravio.com\\\/no\\\/produkt\\\/reisekjoleboks-for-insulin\\\/#primaryimage\"},\"image\":{\"@id\":\"https:\\\/\\\/deravio.com\\\/no\\\/produkt\\\/reisekjoleboks-for-insulin\\\/#primaryimage\"},\"thumbnailUrl\":\"https:\\\/\\\/deravio.com\\\/no\\\/wp-content\\\/uploads\\\/sites\\\/18\\\/2026\\\/05\\\/27lzyw5-1.jpg\",\"datePublished\":\"2026-05-12T06:32:13+00:00\",\"dateModified\":\"2026-05-12T06:36:40+00:00\",\"breadcrumb\":{\"@id\":\"https:\\\/\\\/deravio.com\\\/no\\\/produkt\\\/reisekjoleboks-for-insulin\\\/#breadcrumb\"},\"inLanguage\":\"nb-NO\",\"potentialAction\":[{\"@type\":\"ReadAction\",\"target\":[\"https:\\\/\\\/deravio.com\\\/no\\\/produkt\\\/reisekjoleboks-for-insulin\\\/\"]}]},{\"@type\":\"ImageObject\",\"inLanguage\":\"nb-NO\",\"@id\":\"https:\\\/\\\/deravio.com\\\/no\\\/produkt\\\/reisekjoleboks-for-insulin\\\/#primaryimage\",\"url\":\"https:\\\/\\\/deravio.com\\\/no\\\/wp-content\\\/uploads\\\/sites\\\/18\\\/2026\\\/05\\\/27lzyw5-1.jpg\",\"contentUrl\":\"https:\\\/\\\/deravio.com\\\/no\\\/wp-content\\\/uploads\\\/sites\\\/18\\\/2026\\\/05\\\/27lzyw5-1.jpg\",\"width\":1436,\"height\":1462},{\"@type\":\"BreadcrumbList\",\"@id\":\"https:\\\/\\\/deravio.com\\\/no\\\/produkt\\\/reisekjoleboks-for-insulin\\\/#breadcrumb\",\"itemListElement\":[{\"@type\":\"ListItem\",\"position\":1,\"name\":\"Home\",\"item\":\"https:\\\/\\\/deravio.com\\\/no\\\/\"},{\"@type\":\"ListItem\",\"position\":2,\"name\":\"Butikk\",\"item\":\"https:\\\/\\\/deravio.com\\\/no\\\/butikk\\\/\"},{\"@type\":\"ListItem\",\"position\":3,\"name\":\"Reisekj\u00f8leboks for insulin\"}]},{\"@type\":\"WebSite\",\"@id\":\"https:\\\/\\\/deravio.com\\\/no\\\/#website\",\"url\":\"https:\\\/\\\/deravio.com\\\/no\\\/\",\"name\":\"Deravio NO\",\"description\":\"\",\"publisher\":{\"@id\":\"https:\\\/\\\/deravio.com\\\/no\\\/#organization\"},\"potentialAction\":[{\"@type\":\"SearchAction\",\"target\":{\"@type\":\"EntryPoint\",\"urlTemplate\":\"https:\\\/\\\/deravio.com\\\/no\\\/?s={search_term_string}\"},\"query-input\":{\"@type\":\"PropertyValueSpecification\",\"valueRequired\":true,\"valueName\":\"search_term_string\"}}],\"inLanguage\":\"nb-NO\"},{\"@type\":\"Organization\",\"@id\":\"https:\\\/\\\/deravio.com\\\/no\\\/#organization\",\"name\":\"Mekulo\",\"url\":\"https:\\\/\\\/deravio.com\\\/no\\\/\",\"logo\":{\"@type\":\"ImageObject\",\"inLanguage\":\"nb-NO\",\"@id\":\"https:\\\/\\\/deravio.com\\\/no\\\/#\\\/schema\\\/logo\\\/image\\\/\",\"url\":\"https:\\\/\\\/deravio.com\\\/no\\\/wp-content\\\/uploads\\\/sites\\\/18\\\/2025\\\/12\\\/favicon_mekulo.png\",\"contentUrl\":\"https:\\\/\\\/deravio.com\\\/no\\\/wp-content\\\/uploads\\\/sites\\\/18\\\/2025\\\/12\\\/favicon_mekulo.png\",\"width\":50,\"height\":50,\"caption\":\"Mekulo\"},\"image\":{\"@id\":\"https:\\\/\\\/deravio.com\\\/no\\\/#\\\/schema\\\/logo\\\/image\\\/\"}}]}<\/script>\n<!-- \/ Yoast SEO plugin. -->","yoast_head_json":{"title":"Reisekj\u00f8leboks for insulin - Deravio NO","robots":{"index":"index","follow":"follow","max-snippet":"max-snippet:-1","max-image-preview":"max-image-preview:large","max-video-preview":"max-video-preview:-1"},"canonical":"https:\/\/deravio.com\/no\/produkt\/reisekjoleboks-for-insulin\/","og_locale":"nb_NO","og_type":"article","og_title":"Reisekj\u00f8leboks for insulin - Deravio NO","og_description":"\ud83c\udf21\ufe0f Medisinene dine. Trygge, kj\u00f8lige og alltid godt beskyttet. \u2744\ufe0f Reis med ro i sjelen, vel vitende om at insulinet ditt holder riktig temperatur \u2013 uansett hvor livet f\u00f8rer deg. \ud83d\udc69\u200d\u2695\ufe0f Trygghet i hvert \u00f8yeblikk \u2013 fordi helsen din fortjener p\u00e5litelig beskyttelse.","og_url":"https:\/\/deravio.com\/no\/produkt\/reisekjoleboks-for-insulin\/","og_site_name":"Deravio NO","article_modified_time":"2026-05-12T06:36:40+00:00","og_image":[{"width":1436,"height":1462,"url":"https:\/\/deravio.com\/no\/wp-content\/uploads\/sites\/18\/2026\/05\/27lzyw5-1.jpg","type":"image\/jpeg"}],"twitter_card":"summary_large_image","twitter_misc":{"Ansl. lesetid":"2 minutter"},"schema":{"@context":"https:\/\/schema.org","@graph":[{"@type":"WebPage","@id":"https:\/\/deravio.com\/no\/produkt\/reisekjoleboks-for-insulin\/","url":"https:\/\/deravio.com\/no\/produkt\/reisekjoleboks-for-insulin\/","name":"Reisekj\u00f8leboks for insulin - Deravio NO","isPartOf":{"@id":"https:\/\/deravio.com\/no\/#website"},"primaryImageOfPage":{"@id":"https:\/\/deravio.com\/no\/produkt\/reisekjoleboks-for-insulin\/#primaryimage"},"image":{"@id":"https:\/\/deravio.com\/no\/produkt\/reisekjoleboks-for-insulin\/#primaryimage"},"thumbnailUrl":"https:\/\/deravio.com\/no\/wp-content\/uploads\/sites\/18\/2026\/05\/27lzyw5-1.jpg","datePublished":"2026-05-12T06:32:13+00:00","dateModified":"2026-05-12T06:36:40+00:00","breadcrumb":{"@id":"https:\/\/deravio.com\/no\/produkt\/reisekjoleboks-for-insulin\/#breadcrumb"},"inLanguage":"nb-NO","potentialAction":[{"@type":"ReadAction","target":["https:\/\/deravio.com\/no\/produkt\/reisekjoleboks-for-insulin\/"]}]},{"@type":"ImageObject","inLanguage":"nb-NO","@id":"https:\/\/deravio.com\/no\/produkt\/reisekjoleboks-for-insulin\/#primaryimage","url":"https:\/\/deravio.com\/no\/wp-content\/uploads\/sites\/18\/2026\/05\/27lzyw5-1.jpg","contentUrl":"https:\/\/deravio.com\/no\/wp-content\/uploads\/sites\/18\/2026\/05\/27lzyw5-1.jpg","width":1436,"height":1462},{"@type":"BreadcrumbList","@id":"https:\/\/deravio.com\/no\/produkt\/reisekjoleboks-for-insulin\/#breadcrumb","itemListElement":[{"@type":"ListItem","position":1,"name":"Home","item":"https:\/\/deravio.com\/no\/"},{"@type":"ListItem","position":2,"name":"Butikk","item":"https:\/\/deravio.com\/no\/butikk\/"},{"@type":"ListItem","position":3,"name":"Reisekj\u00f8leboks for insulin"}]},{"@type":"WebSite","@id":"https:\/\/deravio.com\/no\/#website","url":"https:\/\/deravio.com\/no\/","name":"Deravio NO","description":"","publisher":{"@id":"https:\/\/deravio.com\/no\/#organization"},"potentialAction":[{"@type":"SearchAction","target":{"@type":"EntryPoint","urlTemplate":"https:\/\/deravio.com\/no\/?s={search_term_string}"},"query-input":{"@type":"PropertyValueSpecification","valueRequired":true,"valueName":"search_term_string"}}],"inLanguage":"nb-NO"},{"@type":"Organization","@id":"https:\/\/deravio.com\/no\/#organization","name":"Mekulo","url":"https:\/\/deravio.com\/no\/","logo":{"@type":"ImageObject","inLanguage":"nb-NO","@id":"https:\/\/deravio.com\/no\/#\/schema\/logo\/image\/","url":"https:\/\/deravio.com\/no\/wp-content\/uploads\/sites\/18\/2025\/12\/favicon_mekulo.png","contentUrl":"https:\/\/deravio.com\/no\/wp-content\/uploads\/sites\/18\/2025\/12\/favicon_mekulo.png","width":50,"height":50,"caption":"Mekulo"},"image":{"@id":"https:\/\/deravio.com\/no\/#\/schema\/logo\/image\/"}}]}},"_links":{"self":[{"href":"https:\/\/deravio.com\/no\/wp-json\/wp\/v2\/product\/24892","targetHints":{"allow":["GET"]}}],"collection":[{"href":"https:\/\/deravio.com\/no\/wp-json\/wp\/v2\/product"}],"about":[{"href":"https:\/\/deravio.com\/no\/wp-json\/wp\/v2\/types\/product"}],"replies":[{"embeddable":true,"href":"https:\/\/deravio.com\/no\/wp-json\/wp\/v2\/comments?post=24892"}],"wp:featuredmedia":[{"embeddable":true,"href":"https:\/\/deravio.com\/no\/wp-json\/wp\/v2\/media\/24888"}],"wp:attachment":[{"href":"https:\/\/deravio.com\/no\/wp-json\/wp\/v2\/media?parent=24892"}],"wp:term":[{"taxonomy":"product_brand","embeddable":true,"href":"https:\/\/deravio.com\/no\/wp-json\/wp\/v2\/product_brand?post=24892"},{"taxonomy":"product_cat","embeddable":true,"href":"https:\/\/deravio.com\/no\/wp-json\/wp\/v2\/product_cat?post=24892"},{"taxonomy":"product_tag","embeddable":true,"href":"https:\/\/deravio.com\/no\/wp-json\/wp\/v2\/product_tag?post=24892"}],"curies":[{"name":"wp","href":"https:\/\/api.w.org\/{rel}","templated":true}]}}