{"id":24624,"date":"2026-05-04T19:09:20","date_gmt":"2026-05-04T16:09:20","guid":{"rendered":"https:\/\/deravio.com\/no\/produkt\/baerbart-monokulaert-teleskop-for-utendors-bruk\/"},"modified":"2026-05-04T19:09:20","modified_gmt":"2026-05-04T16:09:20","slug":"baerbart-monokulaert-teleskop-for-utendors-bruk","status":"publish","type":"product","link":"https:\/\/deravio.com\/no\/produkt\/baerbart-monokulaert-teleskop-for-utendors-bruk\/","title":{"rendered":"B\u00e6rbart monokul\u00e6rt teleskop for utend\u00f8rs bruk"},"content":{"rendered":"<h2 style=\"text-align: center\" data-section-id=\"wtab3f\" data-start=\"433\" data-end=\"449\">\u2728 L\u00f8ftet<\/h2>\n<p style=\"text-align: center\" data-start=\"451\" data-end=\"519\">Skarp utsikt.<br data-start=\"465\" data-end=\"468\" \/>b\u00e6rbar utforskning.<br data-start=\"489\" data-end=\"492\" \/>en n\u00e6rmere titt p\u00e5 verden.<\/p>\n<p data-start=\"451\" data-end=\"519\"><img fetchpriority=\"high\" decoding=\"async\" class=\" wp-image-27960 aligncenter\" src=\"https:\/\/mekulo.com\/template\/wp-content\/uploads\/sites\/6\/2026\/03\/12218-ezgif.com-video-to-webp-converter-6.webp\" alt=\"\" width=\"551\" height=\"551\" \/><\/p>\n<h2 style=\"text-align: center\" data-section-id=\"1hi8m7u\" data-start=\"526\" data-end=\"545\">\ud83d\udd2d Hovedfordeler<\/h2>\n<p data-start=\"549\" data-end=\"652\">\ud83d\udc40 Krystallklar forst\u00f8rrelse &#8211; Kraftig optikk bringer fjerne objekter n\u00e6rmere med levende klarhet.<\/p>\n<p data-start=\"656\" data-end=\"765\">\ud83c\udf3f Perfekt for utend\u00f8rsopplevelser &#8211; Ideell for fotturer, fuglekikking, camping, sportsbegivenheter og reiser.<\/p>\n<p data-start=\"769\" data-end=\"889\">\ud83d\udca1 Linser med h\u00f8y lystransmisjon &#8211; Bredb\u00e5ndslinser med gr\u00f8nnbelegg gir bedre lysstyrke og detaljer selv i svakt lys.<\/p>\n<p data-start=\"893\" data-end=\"989\">\ud83e\uddf3 Kompakt design i lommeformat &#8211; Lett og enkel \u00e5 ha med seg i lommen eller ryggsekken.<\/p>\n<p data-start=\"993\" data-end=\"1095\">\u270b Komfortabelt, sklisikkert grep &#8211; Eksteri\u00f8ret i naturgummi gir et sikkert grep ved utend\u00f8rs bruk.<\/p>\n<p data-start=\"1099\" data-end=\"1193\">\ud83c\udf27 Daglig vanntett beskyttelse &#8211; Bygget for \u00e5 t\u00e5le regn, fuktighet og utend\u00f8rs forhold.<\/p>\n<h2 style=\"text-align: center\" data-section-id=\"d0iej6\" data-start=\"1200\" data-end=\"1223\">\u2757 Problem \u2192 L\u00f8sning<\/h2>\n<p data-start=\"1225\" data-end=\"1331\"><strong data-start=\"1225\" data-end=\"1237\">Problem:<\/strong><br data-start=\"1237\" data-end=\"1240\" \/>Dyreliv, landskap eller hendelser langt unna er ofte vanskelige \u00e5 se tydelig med det blotte \u00f8ye.<\/p>\n<p data-start=\"1333\" data-end=\"1514\"><strong data-start=\"1333\" data-end=\"1346\">L\u00f8sning:<\/strong><br data-start=\"1346\" data-end=\"1349\" \/>Dette b\u00e6rbare monokul\u00e6re teleskopet for utend\u00f8rs bruk gir kraftig forst\u00f8rrelse og lyssterk optikk, slik at du kan oppleve alle detaljer uten \u00e5 m\u00e5tte b\u00e6re med deg klumpete utstyr. Se mer om dette. Utforsk mer.<\/p>\n<p data-start=\"1333\" data-end=\"1514\"><img decoding=\"async\" class=\" wp-image-27959 aligncenter\" src=\"https:\/\/mekulo.com\/template\/wp-content\/uploads\/sites\/6\/2026\/03\/12219-ezgif.com-video-to-webp-converter-6.webp\" alt=\"\" width=\"549\" height=\"549\" \/><\/p>\n<h2 style=\"text-align: center\" data-section-id=\"110ucp4\" data-start=\"1546\" data-end=\"1572\">\ud83c\udfd5 Perfekt for<\/h2>\n<ul data-start=\"1588\" data-end=\"1753\">\n<li data-section-id=\"1eeq7q2\" data-start=\"1588\" data-end=\"1616\">\n<p data-start=\"1590\" data-end=\"1616\">Fotturer og campingturer<\/p>\n<\/li>\n<li data-section-id=\"1lnafr9\" data-start=\"1617\" data-end=\"1658\">\n<p data-start=\"1619\" data-end=\"1658\">Fuglekikking og observasjon av dyreliv<\/p>\n<\/li>\n<li data-section-id=\"lgr76c\" data-start=\"1659\" data-end=\"1689\">\n<p data-start=\"1661\" data-end=\"1689\">Sportsbegivenheter og konserter<\/p>\n<\/li>\n<li data-section-id=\"1qwj089\" data-start=\"1690\" data-end=\"1716\">\n<p data-start=\"1692\" data-end=\"1716\">Reiser og sightseeing<\/p>\n<\/li>\n<li data-section-id=\"1hwwkya\" data-start=\"1717\" data-end=\"1753\">\n<p data-start=\"1719\" data-end=\"1753\">Stjernekikking og utforsking utend\u00f8rs<\/p>\n<\/li>\n<\/ul>\n<p data-start=\"1755\" data-end=\"1794\">Et uunnv\u00e6rlig verkt\u00f8y for nysgjerrige oppdagelsesreisende.<\/p>\n<h2 style=\"text-align: center\" data-section-id=\"1k514u3\" data-start=\"1801\" data-end=\"1817\">\u2699\ufe0f Slik bruker du det<\/h2>\n<ol data-start=\"1819\" data-end=\"2021\">\n<li data-section-id=\"277usm\" data-start=\"1819\" data-end=\"1863\">\n<p data-start=\"1822\" data-end=\"1863\">Hold monokularet godt fast med \u00e9n h\u00e5nd.<\/p>\n<\/li>\n<li data-section-id=\"ynd3ca\" data-start=\"1864\" data-end=\"1921\">\n<p data-start=\"1867\" data-end=\"1921\">Se gjennom okularet og sikt mot m\u00e5let ditt.<\/p>\n<\/li>\n<li data-section-id=\"g8nbps\" data-start=\"1922\" data-end=\"1969\">\n<p data-start=\"1925\" data-end=\"1969\">Roter fokusringen for \u00e5 gj\u00f8re bildet skarpere.<\/p>\n<\/li>\n<li data-section-id=\"1um1kod\" data-start=\"1970\" data-end=\"2021\">\n<p data-start=\"1973\" data-end=\"2021\">Nyt en klar, forst\u00f8rret visning av fjerne objekter.<\/p>\n<\/li>\n<\/ol>\n<h2 style=\"text-align: center\" data-section-id=\"6cujb5\" data-start=\"2071\" data-end=\"2092\">\ud83d\udcd0 Produktdetaljer<\/h2>\n<ul data-start=\"2094\" data-end=\"2398\">\n<li data-section-id=\"ncb4lo\" data-start=\"2094\" data-end=\"2145\">Type: 30 x 25 monokul\u00e6rt teleskop<\/li>\n<li data-section-id=\"ncb4lo\" data-start=\"2094\" data-end=\"2145\">Forst\u00f8rrelse: 8x<\/li>\n<li data-section-id=\"ncb4lo\" data-start=\"2094\" data-end=\"2145\">Oppl\u00f8sning: 5,77s<\/li>\n<li data-section-id=\"ncb4lo\" data-start=\"2094\" data-end=\"2145\">Utgangspupillavstand: 9 cm<\/li>\n<li data-section-id=\"ncb4lo\" data-start=\"2094\" data-end=\"2145\">Utgangspupilldiameter: 3,6 cm<\/li>\n<li data-section-id=\"ncb4lo\" data-start=\"2094\" data-end=\"2145\">Linsebelegg: Bredb\u00e5ndsgr\u00f8nt belegg<\/li>\n<li data-section-id=\"ncb4lo\" data-start=\"2094\" data-end=\"2145\">Materiale: Naturgummigrep<\/li>\n<li data-section-id=\"ncb4lo\" data-start=\"2094\" data-end=\"2145\">Vanntett: Daglig vanntett beskyttelse<\/li>\n<li data-section-id=\"1i152oa\" data-start=\"2374\" data-end=\"2398\">\n<p data-start=\"2376\" data-end=\"2398\">St\u00f8rrelse: 30 x 90 mm<\/p>\n<\/li>\n<\/ul>\n<h2 style=\"text-align: center\" data-section-id=\"1qc1r63\" data-start=\"2457\" data-end=\"2479\">\ud83d\udce6 Pakken inkluderer<\/h2>\n<ul data-start=\"2481\" data-end=\"2523\">\n<li data-section-id=\"r207z1\" data-start=\"2481\" data-end=\"2523\">\n<p data-start=\"2483\" data-end=\"2523\">1x utend\u00f8rs b\u00e6rbart monokul\u00e6rt teleskop<\/p>\n<\/li>\n<li data-section-id=\"r207z1\" data-start=\"2481\" data-end=\"2523\">\n<p data-start=\"2483\" data-end=\"2523\">1x telefonklips<\/p>\n<\/li>\n<li data-section-id=\"r207z1\" data-start=\"2481\" data-end=\"2523\">\n<p data-start=\"2483\" data-end=\"2523\">1x beskyttelsesetui<\/p>\n<\/li>\n<p>&lt;li data-section-id=&quot;r207z1&quot; data-start=&quot;<\/p>\n","protected":false},"excerpt":{"rendered":"<p>\ud83c\udfd5\ufe0fSee verden n\u00e6rmere, klarere og skarpere. Et kompakt vindu til fjerne eventyr.<br \/>\n\ud83d\udd2dDette b\u00e6rbare monokul\u00e6re teleskopet for utend\u00f8rs bruk setter fjerne landskap, dyreliv og hendelser i skarpt fokus.<br \/>\n\ud83c\udf3fDesignet for oppdagelsesreisende og hverdagslige eventyrere, og gir kraftig forst\u00f8rrelse i en lett, lommeformet design som du kan ta med deg overalt.<\/p>\n","protected":false},"featured_media":24620,"comment_status":"open","ping_status":"closed","template":"","meta":{"site-sidebar-layout":"default","site-content-layout":"","ast-site-content-layout":"default","site-content-style":"default","site-sidebar-style":"default","ast-global-header-display":"","ast-banner-title-visibility":"","ast-main-header-display":"","ast-hfb-above-header-display":"","ast-hfb-below-header-display":"","ast-hfb-mobile-header-display":"","site-post-title":"","ast-breadcrumbs-content":"","ast-featured-img":"","footer-sml-layout":"","ast-disable-related-posts":"","theme-transparent-header-meta":"default","adv-header-id-meta":"","stick-header-meta":"","header-above-stick-meta":"","header-main-stick-meta":"","header-below-stick-meta":"","astra-migrate-meta-layouts":"set","ast-page-background-enabled":"default","ast-page-background-meta":{"desktop":{"background-color":"var(--ast-global-color-5)","background-image":"","background-repeat":"repeat","background-position":"center center","background-size":"auto","background-attachment":"scroll","background-type":"","background-media":"","overlay-type":"","overlay-color":"","overlay-opacity":"","overlay-gradient":""},"tablet":{"background-color":"","background-image":"","background-repeat":"repeat","background-position":"center center","background-size":"auto","background-attachment":"scroll","background-type":"","background-media":"","overlay-type":"","overlay-color":"","overlay-opacity":"","overlay-gradient":""},"mobile":{"background-color":"","background-image":"","background-repeat":"repeat","background-position":"center center","background-size":"auto","background-attachment":"scroll","background-type":"","background-media":"","overlay-type":"","overlay-color":"","overlay-opacity":"","overlay-gradient":""}},"ast-content-background-meta":{"desktop":{"background-color":"var(--ast-global-color-4)","background-image":"","background-repeat":"repeat","background-position":"center center","background-size":"auto","background-attachment":"scroll","background-type":"","background-media":"","overlay-type":"","overlay-color":"","overlay-opacity":"","overlay-gradient":""},"tablet":{"background-color":"var(--ast-global-color-4)","background-image":"","background-repeat":"repeat","background-position":"center center","background-size":"auto","background-attachment":"scroll","background-type":"","background-media":"","overlay-type":"","overlay-color":"","overlay-opacity":"","overlay-gradient":""},"mobile":{"background-color":"var(--ast-global-color-4)","background-image":"","background-repeat":"repeat","background-position":"center center","background-size":"auto","background-attachment":"scroll","background-type":"","background-media":"","overlay-type":"","overlay-color":"","overlay-opacity":"","overlay-gradient":""}}},"product_brand":[],"product_cat":[172,171],"product_tag":[],"class_list":{"0":"post-24624","1":"product","2":"type-product","3":"status-publish","4":"has-post-thumbnail","6":"product_cat-leker-barne-og-babyprodukter","7":"product_cat-verktoy","8":"desktop-align-left","9":"tablet-align-left","10":"mobile-align-left","12":"first","13":"instock","14":"shipping-taxable","15":"purchasable","16":"product-type-simple"},"yoast_head":"<!-- This site is optimized with the Yoast SEO plugin v27.4 - https:\/\/yoast.com\/product\/yoast-seo-wordpress\/ -->\n<title>B\u00e6rbart monokul\u00e6rt teleskop for utend\u00f8rs bruk - Deravio NO<\/title>\n<meta name=\"robots\" content=\"index, follow, max-snippet:-1, max-image-preview:large, max-video-preview:-1\" \/>\n<link rel=\"canonical\" href=\"https:\/\/deravio.com\/no\/produkt\/baerbart-monokulaert-teleskop-for-utendors-bruk\/\" \/>\n<meta property=\"og:locale\" content=\"nb_NO\" \/>\n<meta property=\"og:type\" content=\"article\" \/>\n<meta property=\"og:title\" content=\"B\u00e6rbart monokul\u00e6rt teleskop for utend\u00f8rs bruk - Deravio NO\" \/>\n<meta property=\"og:description\" content=\"\ud83c\udfd5\ufe0fSee verden n\u00e6rmere, klarere og skarpere. Et kompakt vindu til fjerne eventyr. \ud83d\udd2dDette b\u00e6rbare monokul\u00e6re teleskopet for utend\u00f8rs bruk setter fjerne landskap, dyreliv og hendelser i skarpt fokus. \ud83c\udf3fDesignet for oppdagelsesreisende og hverdagslige eventyrere, og gir kraftig forst\u00f8rrelse i en lett, lommeformet design som du kan ta med deg overalt.\" \/>\n<meta property=\"og:url\" content=\"https:\/\/deravio.com\/no\/produkt\/baerbart-monokulaert-teleskop-for-utendors-bruk\/\" \/>\n<meta property=\"og:site_name\" content=\"Deravio NO\" \/>\n<meta property=\"og:image\" content=\"https:\/\/deravio.com\/no\/wp-content\/uploads\/sites\/18\/2026\/05\/ebp0sfi-1.webp\" \/>\n\t<meta property=\"og:image:width\" content=\"713\" \/>\n\t<meta property=\"og:image:height\" content=\"713\" \/>\n\t<meta property=\"og:image:type\" content=\"image\/webp\" \/>\n<meta name=\"twitter:card\" content=\"summary_large_image\" \/>\n<meta name=\"twitter:label1\" content=\"Ansl. lesetid\" \/>\n\t<meta name=\"twitter:data1\" content=\"2 minutter\" \/>\n<script type=\"application\/ld+json\" class=\"yoast-schema-graph\">{\"@context\":\"https:\\\/\\\/schema.org\",\"@graph\":[{\"@type\":\"WebPage\",\"@id\":\"https:\\\/\\\/deravio.com\\\/no\\\/produkt\\\/baerbart-monokulaert-teleskop-for-utendors-bruk\\\/\",\"url\":\"https:\\\/\\\/deravio.com\\\/no\\\/produkt\\\/baerbart-monokulaert-teleskop-for-utendors-bruk\\\/\",\"name\":\"B\u00e6rbart monokul\u00e6rt teleskop for utend\u00f8rs bruk - Deravio NO\",\"isPartOf\":{\"@id\":\"https:\\\/\\\/deravio.com\\\/no\\\/#website\"},\"primaryImageOfPage\":{\"@id\":\"https:\\\/\\\/deravio.com\\\/no\\\/produkt\\\/baerbart-monokulaert-teleskop-for-utendors-bruk\\\/#primaryimage\"},\"image\":{\"@id\":\"https:\\\/\\\/deravio.com\\\/no\\\/produkt\\\/baerbart-monokulaert-teleskop-for-utendors-bruk\\\/#primaryimage\"},\"thumbnailUrl\":\"https:\\\/\\\/deravio.com\\\/no\\\/wp-content\\\/uploads\\\/sites\\\/18\\\/2026\\\/05\\\/ebp0sfi-1.webp\",\"datePublished\":\"2026-05-04T16:09:20+00:00\",\"breadcrumb\":{\"@id\":\"https:\\\/\\\/deravio.com\\\/no\\\/produkt\\\/baerbart-monokulaert-teleskop-for-utendors-bruk\\\/#breadcrumb\"},\"inLanguage\":\"nb-NO\",\"potentialAction\":[{\"@type\":\"ReadAction\",\"target\":[\"https:\\\/\\\/deravio.com\\\/no\\\/produkt\\\/baerbart-monokulaert-teleskop-for-utendors-bruk\\\/\"]}]},{\"@type\":\"ImageObject\",\"inLanguage\":\"nb-NO\",\"@id\":\"https:\\\/\\\/deravio.com\\\/no\\\/produkt\\\/baerbart-monokulaert-teleskop-for-utendors-bruk\\\/#primaryimage\",\"url\":\"https:\\\/\\\/deravio.com\\\/no\\\/wp-content\\\/uploads\\\/sites\\\/18\\\/2026\\\/05\\\/ebp0sfi-1.webp\",\"contentUrl\":\"https:\\\/\\\/deravio.com\\\/no\\\/wp-content\\\/uploads\\\/sites\\\/18\\\/2026\\\/05\\\/ebp0sfi-1.webp\",\"width\":713,\"height\":713},{\"@type\":\"BreadcrumbList\",\"@id\":\"https:\\\/\\\/deravio.com\\\/no\\\/produkt\\\/baerbart-monokulaert-teleskop-for-utendors-bruk\\\/#breadcrumb\",\"itemListElement\":[{\"@type\":\"ListItem\",\"position\":1,\"name\":\"Home\",\"item\":\"https:\\\/\\\/deravio.com\\\/no\\\/\"},{\"@type\":\"ListItem\",\"position\":2,\"name\":\"Butikk\",\"item\":\"https:\\\/\\\/deravio.com\\\/no\\\/butikk\\\/\"},{\"@type\":\"ListItem\",\"position\":3,\"name\":\"B\u00e6rbart monokul\u00e6rt teleskop for utend\u00f8rs bruk\"}]},{\"@type\":\"WebSite\",\"@id\":\"https:\\\/\\\/deravio.com\\\/no\\\/#website\",\"url\":\"https:\\\/\\\/deravio.com\\\/no\\\/\",\"name\":\"Deravio NO\",\"description\":\"\",\"publisher\":{\"@id\":\"https:\\\/\\\/deravio.com\\\/no\\\/#organization\"},\"potentialAction\":[{\"@type\":\"SearchAction\",\"target\":{\"@type\":\"EntryPoint\",\"urlTemplate\":\"https:\\\/\\\/deravio.com\\\/no\\\/?s={search_term_string}\"},\"query-input\":{\"@type\":\"PropertyValueSpecification\",\"valueRequired\":true,\"valueName\":\"search_term_string\"}}],\"inLanguage\":\"nb-NO\"},{\"@type\":\"Organization\",\"@id\":\"https:\\\/\\\/deravio.com\\\/no\\\/#organization\",\"name\":\"Mekulo\",\"url\":\"https:\\\/\\\/deravio.com\\\/no\\\/\",\"logo\":{\"@type\":\"ImageObject\",\"inLanguage\":\"nb-NO\",\"@id\":\"https:\\\/\\\/deravio.com\\\/no\\\/#\\\/schema\\\/logo\\\/image\\\/\",\"url\":\"https:\\\/\\\/deravio.com\\\/no\\\/wp-content\\\/uploads\\\/sites\\\/18\\\/2025\\\/12\\\/favicon_mekulo.png\",\"contentUrl\":\"https:\\\/\\\/deravio.com\\\/no\\\/wp-content\\\/uploads\\\/sites\\\/18\\\/2025\\\/12\\\/favicon_mekulo.png\",\"width\":50,\"height\":50,\"caption\":\"Mekulo\"},\"image\":{\"@id\":\"https:\\\/\\\/deravio.com\\\/no\\\/#\\\/schema\\\/logo\\\/image\\\/\"}}]}<\/script>\n<!-- \/ Yoast SEO plugin. -->","yoast_head_json":{"title":"B\u00e6rbart monokul\u00e6rt teleskop for utend\u00f8rs bruk - Deravio NO","robots":{"index":"index","follow":"follow","max-snippet":"max-snippet:-1","max-image-preview":"max-image-preview:large","max-video-preview":"max-video-preview:-1"},"canonical":"https:\/\/deravio.com\/no\/produkt\/baerbart-monokulaert-teleskop-for-utendors-bruk\/","og_locale":"nb_NO","og_type":"article","og_title":"B\u00e6rbart monokul\u00e6rt teleskop for utend\u00f8rs bruk - Deravio NO","og_description":"\ud83c\udfd5\ufe0fSee verden n\u00e6rmere, klarere og skarpere. Et kompakt vindu til fjerne eventyr. \ud83d\udd2dDette b\u00e6rbare monokul\u00e6re teleskopet for utend\u00f8rs bruk setter fjerne landskap, dyreliv og hendelser i skarpt fokus. \ud83c\udf3fDesignet for oppdagelsesreisende og hverdagslige eventyrere, og gir kraftig forst\u00f8rrelse i en lett, lommeformet design som du kan ta med deg overalt.","og_url":"https:\/\/deravio.com\/no\/produkt\/baerbart-monokulaert-teleskop-for-utendors-bruk\/","og_site_name":"Deravio NO","og_image":[{"width":713,"height":713,"url":"https:\/\/deravio.com\/no\/wp-content\/uploads\/sites\/18\/2026\/05\/ebp0sfi-1.webp","type":"image\/webp"}],"twitter_card":"summary_large_image","twitter_misc":{"Ansl. lesetid":"2 minutter"},"schema":{"@context":"https:\/\/schema.org","@graph":[{"@type":"WebPage","@id":"https:\/\/deravio.com\/no\/produkt\/baerbart-monokulaert-teleskop-for-utendors-bruk\/","url":"https:\/\/deravio.com\/no\/produkt\/baerbart-monokulaert-teleskop-for-utendors-bruk\/","name":"B\u00e6rbart monokul\u00e6rt teleskop for utend\u00f8rs bruk - Deravio NO","isPartOf":{"@id":"https:\/\/deravio.com\/no\/#website"},"primaryImageOfPage":{"@id":"https:\/\/deravio.com\/no\/produkt\/baerbart-monokulaert-teleskop-for-utendors-bruk\/#primaryimage"},"image":{"@id":"https:\/\/deravio.com\/no\/produkt\/baerbart-monokulaert-teleskop-for-utendors-bruk\/#primaryimage"},"thumbnailUrl":"https:\/\/deravio.com\/no\/wp-content\/uploads\/sites\/18\/2026\/05\/ebp0sfi-1.webp","datePublished":"2026-05-04T16:09:20+00:00","breadcrumb":{"@id":"https:\/\/deravio.com\/no\/produkt\/baerbart-monokulaert-teleskop-for-utendors-bruk\/#breadcrumb"},"inLanguage":"nb-NO","potentialAction":[{"@type":"ReadAction","target":["https:\/\/deravio.com\/no\/produkt\/baerbart-monokulaert-teleskop-for-utendors-bruk\/"]}]},{"@type":"ImageObject","inLanguage":"nb-NO","@id":"https:\/\/deravio.com\/no\/produkt\/baerbart-monokulaert-teleskop-for-utendors-bruk\/#primaryimage","url":"https:\/\/deravio.com\/no\/wp-content\/uploads\/sites\/18\/2026\/05\/ebp0sfi-1.webp","contentUrl":"https:\/\/deravio.com\/no\/wp-content\/uploads\/sites\/18\/2026\/05\/ebp0sfi-1.webp","width":713,"height":713},{"@type":"BreadcrumbList","@id":"https:\/\/deravio.com\/no\/produkt\/baerbart-monokulaert-teleskop-for-utendors-bruk\/#breadcrumb","itemListElement":[{"@type":"ListItem","position":1,"name":"Home","item":"https:\/\/deravio.com\/no\/"},{"@type":"ListItem","position":2,"name":"Butikk","item":"https:\/\/deravio.com\/no\/butikk\/"},{"@type":"ListItem","position":3,"name":"B\u00e6rbart monokul\u00e6rt teleskop for utend\u00f8rs bruk"}]},{"@type":"WebSite","@id":"https:\/\/deravio.com\/no\/#website","url":"https:\/\/deravio.com\/no\/","name":"Deravio NO","description":"","publisher":{"@id":"https:\/\/deravio.com\/no\/#organization"},"potentialAction":[{"@type":"SearchAction","target":{"@type":"EntryPoint","urlTemplate":"https:\/\/deravio.com\/no\/?s={search_term_string}"},"query-input":{"@type":"PropertyValueSpecification","valueRequired":true,"valueName":"search_term_string"}}],"inLanguage":"nb-NO"},{"@type":"Organization","@id":"https:\/\/deravio.com\/no\/#organization","name":"Mekulo","url":"https:\/\/deravio.com\/no\/","logo":{"@type":"ImageObject","inLanguage":"nb-NO","@id":"https:\/\/deravio.com\/no\/#\/schema\/logo\/image\/","url":"https:\/\/deravio.com\/no\/wp-content\/uploads\/sites\/18\/2025\/12\/favicon_mekulo.png","contentUrl":"https:\/\/deravio.com\/no\/wp-content\/uploads\/sites\/18\/2025\/12\/favicon_mekulo.png","width":50,"height":50,"caption":"Mekulo"},"image":{"@id":"https:\/\/deravio.com\/no\/#\/schema\/logo\/image\/"}}]}},"_links":{"self":[{"href":"https:\/\/deravio.com\/no\/wp-json\/wp\/v2\/product\/24624","targetHints":{"allow":["GET"]}}],"collection":[{"href":"https:\/\/deravio.com\/no\/wp-json\/wp\/v2\/product"}],"about":[{"href":"https:\/\/deravio.com\/no\/wp-json\/wp\/v2\/types\/product"}],"replies":[{"embeddable":true,"href":"https:\/\/deravio.com\/no\/wp-json\/wp\/v2\/comments?post=24624"}],"wp:featuredmedia":[{"embeddable":true,"href":"https:\/\/deravio.com\/no\/wp-json\/wp\/v2\/media\/24620"}],"wp:attachment":[{"href":"https:\/\/deravio.com\/no\/wp-json\/wp\/v2\/media?parent=24624"}],"wp:term":[{"taxonomy":"product_brand","embeddable":true,"href":"https:\/\/deravio.com\/no\/wp-json\/wp\/v2\/product_brand?post=24624"},{"taxonomy":"product_cat","embeddable":true,"href":"https:\/\/deravio.com\/no\/wp-json\/wp\/v2\/product_cat?post=24624"},{"taxonomy":"product_tag","embeddable":true,"href":"https:\/\/deravio.com\/no\/wp-json\/wp\/v2\/product_tag?post=24624"}],"curies":[{"name":"wp","href":"https:\/\/api.w.org\/{rel}","templated":true}]}}