{"id":24592,"date":"2026-05-04T19:05:39","date_gmt":"2026-05-04T16:05:39","guid":{"rendered":"https:\/\/deravio.com\/no\/produkt\/vintage-oval-armbandsur\/"},"modified":"2026-05-04T19:05:53","modified_gmt":"2026-05-04T16:05:53","slug":"vintage-oval-armbandsur","status":"publish","type":"product","link":"https:\/\/deravio.com\/no\/produkt\/vintage-oval-armbandsur\/","title":{"rendered":"Vintage oval armb\u00e5ndsur"},"content":{"rendered":"<h2 style=\"text-align: center\" data-section-id=\"wtab3f\" data-start=\"378\" data-end=\"394\">\u2728 L\u00f8ftet<\/h2>\n<p style=\"text-align: center\" data-start=\"396\" data-end=\"456\">Elegant stil.<br data-start=\"410\" data-end=\"413\" \/>p\u00e5litelig tid.<br data-start=\"427\" data-end=\"430\" \/>uanstrengt raffinement.<\/p>\n<p data-start=\"396\" data-end=\"456\"><img fetchpriority=\"high\" decoding=\"async\" class=\" wp-image-27899 aligncenter\" src=\"https:\/\/mekulo.com\/template\/wp-content\/uploads\/sites\/6\/2026\/03\/12213-ezgif.com-video-to-webp-converter-6.webp\" alt=\"\" width=\"550\" height=\"550\" \/><\/p>\n<h2 style=\"text-align: center\" data-section-id=\"ibu26x\" data-start=\"463\" data-end=\"482\">\ud83d\udc8e Hovedfordeler<\/h2>\n<p data-start=\"486\" data-end=\"581\">\u2728 Vintage-inspirert oval design &#8211; Elegant, langstrakt urskive tilf\u00f8rer utseendet ditt tidl\u00f8s sjarm.<\/p>\n<p data-start=\"585\" data-end=\"679\">\u231a N\u00f8yaktig kvartsurverk &#8211; P\u00e5litelig tidtaking som holder tritt med din daglige timeplan.<\/p>\n<p data-start=\"683\" data-end=\"779\">\ud83d\udc9b Smykkestil armb\u00e5nd &#8211; Delikat kjedeledddesign f\u00f8les som \u00e5 ha p\u00e5 seg et armb\u00e5nd.<\/p>\n<p data-start=\"783\" data-end=\"877\">\ud83e\udeb6 Lett og behagelig &#8211; Kun 27 g, designet for bruk hele dagen uten ubehag.<\/p>\n<p data-start=\"881\" data-end=\"976\">\ud83d\udc57 Allsidig motetilbeh\u00f8r &#8211; Perfekt til b\u00e5de hverdagsantrekk og spesielle anledninger.<\/p>\n<p data-start=\"980\" data-end=\"1074\">\ud83d\udee1 Slitesterk legeringskonstruksjon &#8211; Konstruert for \u00e5 opprettholde glans og form gjennom daglig bruk.<\/p>\n<h2 style=\"text-align: center\" data-section-id=\"d0iej6\" data-start=\"1081\" data-end=\"1104\">\u2757 Problem \u2192 L\u00f8sning<\/h2>\n<p data-start=\"1106\" data-end=\"1176\"><strong data-start=\"1106\" data-end=\"1118\">Problem:<\/strong><br data-start=\"1118\" data-end=\"1121\" \/>Mange klokker f\u00f8les klumpete eller passer ikke til elegante antrekk.<\/p>\n<p data-start=\"1178\" data-end=\"1345\"><strong data-start=\"1178\" data-end=\"1191\">L\u00f8sning:<\/strong><br data-start=\"1191\" data-end=\"1194\" \/>Denne ovale vintage-armb\u00e5ndsklokken kombinerer smykkelignende skj\u00f8nnhet med n\u00f8yaktig tidtaking, noe som gir deg et sofistikert tilbeh\u00f8r som utfyller ethvert utseende. En klokke som fremhever stilen din.<\/p>\n<p data-start=\"1178\" data-end=\"1345\"><img decoding=\"async\" class=\" wp-image-27900 aligncenter\" src=\"https:\/\/mekulo.com\/template\/wp-content\/uploads\/sites\/6\/2026\/03\/12212-ezgif.com-video-to-webp-converter-7.webp\" alt=\"\" width=\"551\" height=\"551\" \/><\/p>\n<h2 style=\"text-align: center\" data-section-id=\"ivdk7f\" data-start=\"1387\" data-end=\"1413\">\ud83d\udc57 Perfekt til<\/h2>\n<ul data-start=\"1429\" data-end=\"1567\">\n<li data-section-id=\"q9t9e8\" data-start=\"1429\" data-end=\"1450\">\n<p data-start=\"1431\" data-end=\"1450\">Daglig bruk p\u00e5 kontoret<\/p>\n<\/li>\n<li data-section-id=\"y78izx\" data-start=\"1451\" data-end=\"1481\">\n<p data-start=\"1453\" data-end=\"1481\">Kveldsmiddager og arrangementer<\/p>\n<\/li>\n<li data-section-id=\"18b5feb\" data-start=\"1482\" data-end=\"1511\">\n<p data-start=\"1484\" data-end=\"1511\">Bryllup og feiringer<\/p>\n<\/li>\n<li data-section-id=\"1a7eava\" data-start=\"1512\" data-end=\"1539\">\n<p data-start=\"1514\" data-end=\"1539\">L\u00f8slige hverdagsantrekk<\/p>\n<\/li>\n<li data-section-id=\"hwmdzy\" data-start=\"1540\" data-end=\"1567\">\n<p data-start=\"1542\" data-end=\"1567\">Elegant motestyling<\/p>\n<\/li>\n<\/ul>\n<p data-start=\"1569\" data-end=\"1611\">Et subtilt statement-piece for enhver anledning.<\/p>\n<h2 style=\"text-align: center\" data-section-id=\"1k514u3\" data-start=\"1618\" data-end=\"1634\">\u2699\ufe0f Slik bruker du klokken<\/h2>\n<ol data-start=\"1636\" data-end=\"1793\">\n<li data-section-id=\"1iij4hc\" data-start=\"1636\" data-end=\"1686\">\n<p data-start=\"1639\" data-end=\"1686\">Plasser klokken komfortabelt rundt h\u00e5ndleddet.<\/p>\n<\/li>\n<li data-section-id=\"1xjif61\" data-start=\"1687\" data-end=\"1741\">\n<p data-start=\"1690\" data-end=\"1741\">Juster armb\u00e5ndet om n\u00f8dvendig for \u00e5 f\u00e5 en sikker passform.<\/p>\n<\/li>\n<li data-section-id=\"1bkat4f\" data-start=\"1742\" data-end=\"1793\">\n<p data-start=\"1745\" data-end=\"1793\">Sjekk tiden enkelt med den minimalistiske urskiven.<\/p>\n<\/li>\n<\/ol>\n<h2 style=\"text-align: center\" data-section-id=\"6cujb5\" data-start=\"1829\" data-end=\"1850\">\ud83d\udcd0 Produktdetaljer<\/h2>\n<ul data-start=\"1852\" data-end=\"2082\">\n<li data-section-id=\"3mm24r\" data-start=\"1852\" data-end=\"1885\">\n<p data-start=\"1854\" data-end=\"1885\">Bevegelsesmekanisme: Kvartsurverk<\/p>\n<\/li>\n<li data-section-id=\"18paeal\" data-start=\"1886\" data-end=\"1910\">\n<p data-start=\"1888\" data-end=\"1910\">Kassens form: Oval<\/p>\n<\/li>\n<li data-section-id=\"2g7h5n\" data-start=\"1911\" data-end=\"1952\">\n<p data-start=\"1913\" data-end=\"1952\">Materiale: Legeringskasse<\/p>\n<\/li>\n<li data-section-id=\"268ogt\" data-start=\"1953\" data-end=\"2023\">\n<p data-start=\"1955\" data-end=\"2023\">Urskivestil: Minimalistisk tallfri urskive med dekorative aksenter<\/p>\n<\/li>\n<li data-section-id=\"csk4sw\" data-start=\"2024\" data-end=\"2044\">\n<p data-start=\"2026\" data-end=\"2044\">Vekt: 27 g<\/p>\n<\/li>\n<li data-section-id=\"15v6dw0\" data-start=\"2045\" data-end=\"2082\">\n<p data-start=\"2047\" data-end=\"2082\">Total lengde: 20 cm<\/p>\n<\/li>\n<\/ul>\n<h2 style=\"text-align: center\" data-section-id=\"1qc1r63\" data-start=\"2142\" data-end=\"2164\">\ud83d\udce6 Pakken inkluderer<\/h2>\n<ul data-start=\"2166\" data-end=\"2199\">\n<li data-section-id=\"1v89nmn\" data-start=\"2166\" data-end=\"2199\">\n<p data-start=\"2168\" data-end=\"2199\">1x vintage oval armb\u00e5ndsur.<\/p>\n<\/li>\n<\/ul>\n","protected":false},"excerpt":{"rendered":"<p>\ud83d\udc57Tidl\u00f8s eleganse for hvert \u00f8yeblikk. En delikat klokke som f\u00f8les som et fint smykke.<br \/>\n\u231aDette ovale vintage armb\u00e5ndsuret blander klassisk eleganse med moderne enkelhet.<br \/>\n\u2728Designet med en raffinert oval urskive og et smalt armb\u00e5nd, fungerer det vakkert som b\u00e5de klokke og et stilig tilbeh\u00f8r.<\/p>\n","protected":false},"featured_media":24588,"comment_status":"open","ping_status":"closed","template":"","meta":{"site-sidebar-layout":"default","site-content-layout":"","ast-site-content-layout":"default","site-content-style":"default","site-sidebar-style":"default","ast-global-header-display":"","ast-banner-title-visibility":"","ast-main-header-display":"","ast-hfb-above-header-display":"","ast-hfb-below-header-display":"","ast-hfb-mobile-header-display":"","site-post-title":"","ast-breadcrumbs-content":"","ast-featured-img":"","footer-sml-layout":"","ast-disable-related-posts":"","theme-transparent-header-meta":"default","adv-header-id-meta":"","stick-header-meta":"","header-above-stick-meta":"","header-main-stick-meta":"","header-below-stick-meta":"","astra-migrate-meta-layouts":"set","ast-page-background-enabled":"default","ast-page-background-meta":{"desktop":{"background-color":"var(--ast-global-color-5)","background-image":"","background-repeat":"repeat","background-position":"center center","background-size":"auto","background-attachment":"scroll","background-type":"","background-media":"","overlay-type":"","overlay-color":"","overlay-opacity":"","overlay-gradient":""},"tablet":{"background-color":"","background-image":"","background-repeat":"repeat","background-position":"center center","background-size":"auto","background-attachment":"scroll","background-type":"","background-media":"","overlay-type":"","overlay-color":"","overlay-opacity":"","overlay-gradient":""},"mobile":{"background-color":"","background-image":"","background-repeat":"repeat","background-position":"center center","background-size":"auto","background-attachment":"scroll","background-type":"","background-media":"","overlay-type":"","overlay-color":"","overlay-opacity":"","overlay-gradient":""}},"ast-content-background-meta":{"desktop":{"background-color":"var(--ast-global-color-4)","background-image":"","background-repeat":"repeat","background-position":"center center","background-size":"auto","background-attachment":"scroll","background-type":"","background-media":"","overlay-type":"","overlay-color":"","overlay-opacity":"","overlay-gradient":""},"tablet":{"background-color":"var(--ast-global-color-4)","background-image":"","background-repeat":"repeat","background-position":"center center","background-size":"auto","background-attachment":"scroll","background-type":"","background-media":"","overlay-type":"","overlay-color":"","overlay-opacity":"","overlay-gradient":""},"mobile":{"background-color":"var(--ast-global-color-4)","background-image":"","background-repeat":"repeat","background-position":"center center","background-size":"auto","background-attachment":"scroll","background-type":"","background-media":"","overlay-type":"","overlay-color":"","overlay-opacity":"","overlay-gradient":""}}},"product_brand":[],"product_cat":[165],"product_tag":[],"class_list":{"0":"post-24592","1":"product","2":"type-product","3":"status-publish","4":"has-post-thumbnail","6":"product_cat-fottoy-tilbehor","7":"pa_66736_mnpxa8a9-gull","8":"pa_66736_mnpxa8a9-rosegull","9":"pa_66736_mnpxa8a9-solv","10":"desktop-align-left","11":"tablet-align-left","12":"mobile-align-left","14":"first","15":"instock","16":"shipping-taxable","17":"purchasable","18":"product-type-variable"},"yoast_head":"<!-- This site is optimized with the Yoast SEO plugin v27.4 - https:\/\/yoast.com\/product\/yoast-seo-wordpress\/ -->\n<title>Vintage oval armb\u00e5ndsur - Deravio NO<\/title>\n<meta name=\"robots\" content=\"index, follow, max-snippet:-1, max-image-preview:large, max-video-preview:-1\" \/>\n<link rel=\"canonical\" href=\"https:\/\/deravio.com\/no\/produkt\/vintage-oval-armbandsur\/\" \/>\n<meta property=\"og:locale\" content=\"nb_NO\" \/>\n<meta property=\"og:type\" content=\"article\" \/>\n<meta property=\"og:title\" content=\"Vintage oval armb\u00e5ndsur - Deravio NO\" \/>\n<meta property=\"og:description\" content=\"\ud83d\udc57Tidl\u00f8s eleganse for hvert \u00f8yeblikk. En delikat klokke som f\u00f8les som et fint smykke. \u231aDette ovale vintage armb\u00e5ndsuret blander klassisk eleganse med moderne enkelhet. \u2728Designet med en raffinert oval urskive og et smalt armb\u00e5nd, fungerer det vakkert som b\u00e5de klokke og et stilig tilbeh\u00f8r.\" \/>\n<meta property=\"og:url\" content=\"https:\/\/deravio.com\/no\/produkt\/vintage-oval-armbandsur\/\" \/>\n<meta property=\"og:site_name\" content=\"Deravio NO\" \/>\n<meta property=\"article:modified_time\" content=\"2026-05-04T16:05:53+00:00\" \/>\n<meta property=\"og:image\" content=\"https:\/\/deravio.com\/no\/wp-content\/uploads\/sites\/18\/2026\/05\/82yjhho-1.jpg\" \/>\n\t<meta property=\"og:image:width\" content=\"900\" \/>\n\t<meta property=\"og:image:height\" content=\"900\" \/>\n\t<meta property=\"og:image:type\" content=\"image\/jpeg\" \/>\n<meta name=\"twitter:card\" content=\"summary_large_image\" \/>\n<meta name=\"twitter:label1\" content=\"Ansl. lesetid\" \/>\n\t<meta name=\"twitter:data1\" content=\"2 minutter\" \/>\n<script type=\"application\/ld+json\" class=\"yoast-schema-graph\">{\"@context\":\"https:\\\/\\\/schema.org\",\"@graph\":[{\"@type\":\"WebPage\",\"@id\":\"https:\\\/\\\/deravio.com\\\/no\\\/produkt\\\/vintage-oval-armbandsur\\\/\",\"url\":\"https:\\\/\\\/deravio.com\\\/no\\\/produkt\\\/vintage-oval-armbandsur\\\/\",\"name\":\"Vintage oval armb\u00e5ndsur - Deravio NO\",\"isPartOf\":{\"@id\":\"https:\\\/\\\/deravio.com\\\/no\\\/#website\"},\"primaryImageOfPage\":{\"@id\":\"https:\\\/\\\/deravio.com\\\/no\\\/produkt\\\/vintage-oval-armbandsur\\\/#primaryimage\"},\"image\":{\"@id\":\"https:\\\/\\\/deravio.com\\\/no\\\/produkt\\\/vintage-oval-armbandsur\\\/#primaryimage\"},\"thumbnailUrl\":\"https:\\\/\\\/deravio.com\\\/no\\\/wp-content\\\/uploads\\\/sites\\\/18\\\/2026\\\/05\\\/82yjhho-1.jpg\",\"datePublished\":\"2026-05-04T16:05:39+00:00\",\"dateModified\":\"2026-05-04T16:05:53+00:00\",\"breadcrumb\":{\"@id\":\"https:\\\/\\\/deravio.com\\\/no\\\/produkt\\\/vintage-oval-armbandsur\\\/#breadcrumb\"},\"inLanguage\":\"nb-NO\",\"potentialAction\":[{\"@type\":\"ReadAction\",\"target\":[\"https:\\\/\\\/deravio.com\\\/no\\\/produkt\\\/vintage-oval-armbandsur\\\/\"]}]},{\"@type\":\"ImageObject\",\"inLanguage\":\"nb-NO\",\"@id\":\"https:\\\/\\\/deravio.com\\\/no\\\/produkt\\\/vintage-oval-armbandsur\\\/#primaryimage\",\"url\":\"https:\\\/\\\/deravio.com\\\/no\\\/wp-content\\\/uploads\\\/sites\\\/18\\\/2026\\\/05\\\/82yjhho-1.jpg\",\"contentUrl\":\"https:\\\/\\\/deravio.com\\\/no\\\/wp-content\\\/uploads\\\/sites\\\/18\\\/2026\\\/05\\\/82yjhho-1.jpg\",\"width\":900,\"height\":900},{\"@type\":\"BreadcrumbList\",\"@id\":\"https:\\\/\\\/deravio.com\\\/no\\\/produkt\\\/vintage-oval-armbandsur\\\/#breadcrumb\",\"itemListElement\":[{\"@type\":\"ListItem\",\"position\":1,\"name\":\"Home\",\"item\":\"https:\\\/\\\/deravio.com\\\/no\\\/\"},{\"@type\":\"ListItem\",\"position\":2,\"name\":\"Butikk\",\"item\":\"https:\\\/\\\/deravio.com\\\/no\\\/butikk\\\/\"},{\"@type\":\"ListItem\",\"position\":3,\"name\":\"Vintage oval armb\u00e5ndsur\"}]},{\"@type\":\"WebSite\",\"@id\":\"https:\\\/\\\/deravio.com\\\/no\\\/#website\",\"url\":\"https:\\\/\\\/deravio.com\\\/no\\\/\",\"name\":\"Deravio NO\",\"description\":\"\",\"publisher\":{\"@id\":\"https:\\\/\\\/deravio.com\\\/no\\\/#organization\"},\"potentialAction\":[{\"@type\":\"SearchAction\",\"target\":{\"@type\":\"EntryPoint\",\"urlTemplate\":\"https:\\\/\\\/deravio.com\\\/no\\\/?s={search_term_string}\"},\"query-input\":{\"@type\":\"PropertyValueSpecification\",\"valueRequired\":true,\"valueName\":\"search_term_string\"}}],\"inLanguage\":\"nb-NO\"},{\"@type\":\"Organization\",\"@id\":\"https:\\\/\\\/deravio.com\\\/no\\\/#organization\",\"name\":\"Mekulo\",\"url\":\"https:\\\/\\\/deravio.com\\\/no\\\/\",\"logo\":{\"@type\":\"ImageObject\",\"inLanguage\":\"nb-NO\",\"@id\":\"https:\\\/\\\/deravio.com\\\/no\\\/#\\\/schema\\\/logo\\\/image\\\/\",\"url\":\"https:\\\/\\\/deravio.com\\\/no\\\/wp-content\\\/uploads\\\/sites\\\/18\\\/2025\\\/12\\\/favicon_mekulo.png\",\"contentUrl\":\"https:\\\/\\\/deravio.com\\\/no\\\/wp-content\\\/uploads\\\/sites\\\/18\\\/2025\\\/12\\\/favicon_mekulo.png\",\"width\":50,\"height\":50,\"caption\":\"Mekulo\"},\"image\":{\"@id\":\"https:\\\/\\\/deravio.com\\\/no\\\/#\\\/schema\\\/logo\\\/image\\\/\"}}]}<\/script>\n<!-- \/ Yoast SEO plugin. -->","yoast_head_json":{"title":"Vintage oval armb\u00e5ndsur - Deravio NO","robots":{"index":"index","follow":"follow","max-snippet":"max-snippet:-1","max-image-preview":"max-image-preview:large","max-video-preview":"max-video-preview:-1"},"canonical":"https:\/\/deravio.com\/no\/produkt\/vintage-oval-armbandsur\/","og_locale":"nb_NO","og_type":"article","og_title":"Vintage oval armb\u00e5ndsur - Deravio NO","og_description":"\ud83d\udc57Tidl\u00f8s eleganse for hvert \u00f8yeblikk. En delikat klokke som f\u00f8les som et fint smykke. \u231aDette ovale vintage armb\u00e5ndsuret blander klassisk eleganse med moderne enkelhet. \u2728Designet med en raffinert oval urskive og et smalt armb\u00e5nd, fungerer det vakkert som b\u00e5de klokke og et stilig tilbeh\u00f8r.","og_url":"https:\/\/deravio.com\/no\/produkt\/vintage-oval-armbandsur\/","og_site_name":"Deravio NO","article_modified_time":"2026-05-04T16:05:53+00:00","og_image":[{"width":900,"height":900,"url":"https:\/\/deravio.com\/no\/wp-content\/uploads\/sites\/18\/2026\/05\/82yjhho-1.jpg","type":"image\/jpeg"}],"twitter_card":"summary_large_image","twitter_misc":{"Ansl. lesetid":"2 minutter"},"schema":{"@context":"https:\/\/schema.org","@graph":[{"@type":"WebPage","@id":"https:\/\/deravio.com\/no\/produkt\/vintage-oval-armbandsur\/","url":"https:\/\/deravio.com\/no\/produkt\/vintage-oval-armbandsur\/","name":"Vintage oval armb\u00e5ndsur - Deravio NO","isPartOf":{"@id":"https:\/\/deravio.com\/no\/#website"},"primaryImageOfPage":{"@id":"https:\/\/deravio.com\/no\/produkt\/vintage-oval-armbandsur\/#primaryimage"},"image":{"@id":"https:\/\/deravio.com\/no\/produkt\/vintage-oval-armbandsur\/#primaryimage"},"thumbnailUrl":"https:\/\/deravio.com\/no\/wp-content\/uploads\/sites\/18\/2026\/05\/82yjhho-1.jpg","datePublished":"2026-05-04T16:05:39+00:00","dateModified":"2026-05-04T16:05:53+00:00","breadcrumb":{"@id":"https:\/\/deravio.com\/no\/produkt\/vintage-oval-armbandsur\/#breadcrumb"},"inLanguage":"nb-NO","potentialAction":[{"@type":"ReadAction","target":["https:\/\/deravio.com\/no\/produkt\/vintage-oval-armbandsur\/"]}]},{"@type":"ImageObject","inLanguage":"nb-NO","@id":"https:\/\/deravio.com\/no\/produkt\/vintage-oval-armbandsur\/#primaryimage","url":"https:\/\/deravio.com\/no\/wp-content\/uploads\/sites\/18\/2026\/05\/82yjhho-1.jpg","contentUrl":"https:\/\/deravio.com\/no\/wp-content\/uploads\/sites\/18\/2026\/05\/82yjhho-1.jpg","width":900,"height":900},{"@type":"BreadcrumbList","@id":"https:\/\/deravio.com\/no\/produkt\/vintage-oval-armbandsur\/#breadcrumb","itemListElement":[{"@type":"ListItem","position":1,"name":"Home","item":"https:\/\/deravio.com\/no\/"},{"@type":"ListItem","position":2,"name":"Butikk","item":"https:\/\/deravio.com\/no\/butikk\/"},{"@type":"ListItem","position":3,"name":"Vintage oval armb\u00e5ndsur"}]},{"@type":"WebSite","@id":"https:\/\/deravio.com\/no\/#website","url":"https:\/\/deravio.com\/no\/","name":"Deravio NO","description":"","publisher":{"@id":"https:\/\/deravio.com\/no\/#organization"},"potentialAction":[{"@type":"SearchAction","target":{"@type":"EntryPoint","urlTemplate":"https:\/\/deravio.com\/no\/?s={search_term_string}"},"query-input":{"@type":"PropertyValueSpecification","valueRequired":true,"valueName":"search_term_string"}}],"inLanguage":"nb-NO"},{"@type":"Organization","@id":"https:\/\/deravio.com\/no\/#organization","name":"Mekulo","url":"https:\/\/deravio.com\/no\/","logo":{"@type":"ImageObject","inLanguage":"nb-NO","@id":"https:\/\/deravio.com\/no\/#\/schema\/logo\/image\/","url":"https:\/\/deravio.com\/no\/wp-content\/uploads\/sites\/18\/2025\/12\/favicon_mekulo.png","contentUrl":"https:\/\/deravio.com\/no\/wp-content\/uploads\/sites\/18\/2025\/12\/favicon_mekulo.png","width":50,"height":50,"caption":"Mekulo"},"image":{"@id":"https:\/\/deravio.com\/no\/#\/schema\/logo\/image\/"}}]}},"_links":{"self":[{"href":"https:\/\/deravio.com\/no\/wp-json\/wp\/v2\/product\/24592","targetHints":{"allow":["GET"]}}],"collection":[{"href":"https:\/\/deravio.com\/no\/wp-json\/wp\/v2\/product"}],"about":[{"href":"https:\/\/deravio.com\/no\/wp-json\/wp\/v2\/types\/product"}],"replies":[{"embeddable":true,"href":"https:\/\/deravio.com\/no\/wp-json\/wp\/v2\/comments?post=24592"}],"wp:featuredmedia":[{"embeddable":true,"href":"https:\/\/deravio.com\/no\/wp-json\/wp\/v2\/media\/24588"}],"wp:attachment":[{"href":"https:\/\/deravio.com\/no\/wp-json\/wp\/v2\/media?parent=24592"}],"wp:term":[{"taxonomy":"product_brand","embeddable":true,"href":"https:\/\/deravio.com\/no\/wp-json\/wp\/v2\/product_brand?post=24592"},{"taxonomy":"product_cat","embeddable":true,"href":"https:\/\/deravio.com\/no\/wp-json\/wp\/v2\/product_cat?post=24592"},{"taxonomy":"product_tag","embeddable":true,"href":"https:\/\/deravio.com\/no\/wp-json\/wp\/v2\/product_tag?post=24592"}],"curies":[{"name":"wp","href":"https:\/\/api.w.org\/{rel}","templated":true}]}}