{"id":24559,"date":"2026-05-04T19:03:04","date_gmt":"2026-05-04T16:03:04","guid":{"rendered":"https:\/\/deravio.com\/no\/produkt\/veggmontert-oppbevaringssystem\/"},"modified":"2026-05-04T19:04:00","modified_gmt":"2026-05-04T16:04:00","slug":"veggmontert-oppbevaringssystem","status":"publish","type":"product","link":"https:\/\/deravio.com\/no\/produkt\/veggmontert-oppbevaringssystem\/","title":{"rendered":"Veggmontert oppbevaringssystem"},"content":{"rendered":"<h2 style=\"text-align: center\" data-section-id=\"wtab3f\" data-start=\"436\" data-end=\"452\">\u2728 L\u00f8ftet<\/h2>\n<p style=\"text-align: center\" data-start=\"454\" data-end=\"508\">Mer plass.<br data-start=\"465\" data-end=\"468\" \/>mindre rot.<br data-start=\"481\" data-end=\"484\" \/>enkel organisering.<\/p>\n<p data-start=\"454\" data-end=\"508\"><img fetchpriority=\"high\" decoding=\"async\" class=\" wp-image-27868 aligncenter\" src=\"https:\/\/mekulo.com\/template\/wp-content\/uploads\/sites\/6\/2026\/03\/1221-ezgif.com-video-to-webp-converter-7.webp\" alt=\"\" width=\"550\" height=\"550\" \/><\/p>\n<h2 style=\"text-align: center\" data-section-id=\"1dm31la\" data-start=\"515\" data-end=\"534\">\ud83e\uddfa Hovedfordeler<\/h2>\n<p data-start=\"538\" data-end=\"636\">\ud83e\uddf1 Plassbesparende veggdesign &#8211; frigj\u00f8r benkeplater og hyller ved \u00e5 bruke vertikal veggplass.<\/p>\n<p data-start=\"640\" data-end=\"735\">\ud83d\udee0 Installasjon uten \u00e5 bore &#8211; enkel selvklebende montering holder veggene intakte &#8211; perfekt for leietakere.<\/p>\n<p data-start=\"739\" data-end=\"849\">\ud83d\udce6 Stor oppbevaringskapasitet &#8211; Plass til kj\u00f8kkenutstyr, toalettsaker, rengj\u00f8ringsverkt\u00f8y og hverdagslige ting.<\/p>\n<p data-start=\"853\" data-end=\"954\">\ud83d\udca8 Ventilert hul design &#8211; Tillater luftstr\u00f8m og forhindrer fuktoppbygging for renere oppbevaring.<\/p>\n<p data-start=\"958\" data-end=\"1047\">\ud83d\udd0d Gjennomsiktig materiale &#8211; Enkelt \u00e5 se hva som er inni uten \u00e5 grave gjennom kurver.<\/p>\n<p data-start=\"1051\" data-end=\"1157\">\ud83d\udee1 Slitesterk PP-plastkonstruksjon &#8211; Sterkt, sprekkbestandig materiale bygget for langvarig daglig bruk.<\/p>\n<h2 style=\"text-align: center\" data-section-id=\"d0iej6\" data-start=\"1164\" data-end=\"1187\">\u2757 Problem \u2192 L\u00f8sning<\/h2>\n<p data-start=\"1189\" data-end=\"1272\"><strong data-start=\"1189\" data-end=\"1201\">Problem:<\/strong><br data-start=\"1201\" data-end=\"1204\" \/>Benkeplater og skap blir ofte rotete med hverdagslige ting.<\/p>\n<p data-start=\"1274\" data-end=\"1440\"><strong data-start=\"1274\" data-end=\"1287\">L\u00f8sning:<\/strong><br data-start=\"1287\" data-end=\"1290\" \/>Denne veggmonterte oppbevaringsorganisatoren skaper \u00f8yeblikkelig lagring ved hjelp av ubrukt veggplass, og hjelper deg med \u00e5 holde hjemmet ditt rent, organisert og lett \u00e5 navigere. En enkel oppgradering som gj\u00f8r hverdagen enklere.<\/p>\n<p data-start=\"1274\" data-end=\"1440\"><img decoding=\"async\" class=\" wp-image-27867 aligncenter\" src=\"https:\/\/mekulo.com\/template\/wp-content\/uploads\/sites\/6\/2026\/03\/12211-ezgif.com-video-to-webp-converter-7.webp\" alt=\"\" width=\"551\" height=\"551\" \/><\/p>\n<h2 style=\"text-align: center\" data-section-id=\"10n4q2k\" data-start=\"1495\" data-end=\"1521\">\ud83c\udfe1 Perfekt til<\/h2>\n<ul data-start=\"1548\" data-end=\"1690\">\n<li data-section-id=\"1vyd5hg\" data-start=\"1548\" data-end=\"1581\">\n<p data-start=\"1550\" data-end=\"1581\">Kj\u00f8kkenkrydder og krydder<\/p>\n<\/li>\n<li data-section-id=\"7rqerv\" data-start=\"1582\" data-end=\"1618\">\n<p data-start=\"1584\" data-end=\"1618\">Badekar og hudpleieprodukter<\/p>\n<\/li>\n<li data-section-id=\"1fsa6u0\" data-start=\"1619\" data-end=\"1640\">\n<p data-start=\"1621\" data-end=\"1640\">Rengj\u00f8ringsartikler<\/p>\n<\/li>\n<li data-section-id=\"24u9x8\" data-start=\"1641\" data-end=\"1666\">\n<p data-start=\"1643\" data-end=\"1666\">Kontor- eller h\u00e5ndverksverkt\u00f8y<\/p>\n<\/li>\n<li data-section-id=\"1nez7g2\" data-start=\"1667\" data-end=\"1690\">\n<p data-start=\"1669\" data-end=\"1690\">Romtilbeh\u00f8r<\/p>\n<\/li>\n<\/ul>\n<p data-start=\"1692\" data-end=\"1742\">En allsidig oppbevaring for alle rom i huset.<\/p>\n<h2 style=\"text-align: center\" data-section-id=\"1k514u3\" data-start=\"1749\" data-end=\"1765\">\u2699\ufe0f Slik bruker du den<\/h2>\n<ol data-start=\"1767\" data-end=\"1955\">\n<li data-section-id=\"1g3zf6p\" data-start=\"1767\" data-end=\"1802\">\n<p data-start=\"1770\" data-end=\"1802\">Rengj\u00f8r og t\u00f8rk veggoverflaten.<\/p>\n<\/li>\n<li data-section-id=\"1ojadtn\" data-start=\"1803\" data-end=\"1854\">\n<p data-start=\"1806\" data-end=\"1854\">Trekk av og lim fast den selvklebende kroken.<\/p>\n<\/li>\n<li data-section-id=\"1l11xyv\" data-start=\"1855\" data-end=\"1900\">\n<p data-start=\"1858\" data-end=\"1900\">Monter oppbevaringskurven p\u00e5 kroken.<\/p>\n<\/li>\n<li data-section-id=\"1ikwoml\" data-start=\"1901\" data-end=\"1955\">\n<p data-start=\"1904\" data-end=\"1955\">Plasser gjenstandene dine inni og nyt organisert oppbevaring.<\/p>\n<\/li>\n<\/ol>\n<p data-start=\"1957\" data-end=\"1989\">\ud83d\udcd0 Installasjonen tar bare noen minutter.<\/p>\n<h2 style=\"text-align: center\" data-section-id=\"6cujb5\" data-start=\"1996\" data-end=\"2017\">\ud83d\udcd0 Produktdetaljer<\/h2>\n<ul data-start=\"2019\" data-end=\"2264\">\n<li data-section-id=\"1kfaakg\" data-start=\"2019\" data-end=\"2055\">\n<p data-start=\"2021\" data-end=\"2055\">Materiale: Slitesterk PP-plast<\/p>\n<\/li>\n<li data-section-id=\"1ppfrok\" data-start=\"2056\" data-end=\"2099\">\n<p data-start=\"2058\" data-end=\"2099\">Design: Veggmontert oppbevaringskurv<\/p>\n<\/li>\n<li data-section-id=\"1qf1zls\" data-start=\"2100\" data-end=\"2171\">\n<p data-start=\"2102\" data-end=\"2171\">Installasjon: Selvklebende sporl\u00f8st klistremerke (ingen boring kreves)<\/p>\n<\/li>\n<li data-section-id=\"17dw52x\" data-start=\"2172\" data-end=\"2212\">\n<p data-start=\"2174\" data-end=\"2212\">St\u00f8rrelser: S (11 x 8,5 x 7,5 cm), L (9 x 16,5 x 11 cm)<\/p>\n<\/li>\n<li data-section-id=\"jk3o12\" data-start=\"2213\" data-end=\"2264\">\n<p data-start=\"2215\" data-end=\"2264\">Struktur: Hul, ventilert bunn for luftgjennomstr\u00f8mning<\/p>\n<\/li>\n<\/ul>\n<h2 style=\"text-align: center\" data-section-id=\"1qc1r63\" data-start=\"2328\" data-end=\"2350\">\ud83d\udce6 Pakken inkluderer<\/h2>\n<ul data-start=\"2352\" data-end=\"2420\">\n<li data-section-id=\"9qvqx6\" data-start=\"2352\" data-end=\"2387\">\n<p data-start=\"2354\" data-end=\"2387\">2, 3x veggmonterte oppbevaringskurver<\/p>\n<\/li>\n<li data-section-id=\"1gdh8s6\" data-start=\"2388\" data-end=\"2420\">\n<p data-start=\"2390\" data-end=\"2420\">2, 3x selvklebende klistremerker uten spor.<\/p>\n<\/li>\n<\/ul>\n","protected":false},"excerpt":{"rendered":"<p>\ud83c\udfe0Forvandle tomme vegger til smart oppbevaringsplass. Hold hjemmet organisert uten \u00e5 bore hull.<br \/>\n\ud83e\uddf1Denne veggmonterte oppbevaringsorganisatoren er en enkel og praktisk m\u00e5te \u00e5 holde hverdagslige ting ryddig og innen rekkevidde.<br \/>\n\ud83d\udc69\u200d\ud83c\udf73With Den borrel\u00f8se installasjonen og den romslige designen forvandler ubrukt veggplass til funksjonell oppbevaring p\u00e5 kj\u00f8kken, bad og mer.<\/p>\n","protected":false},"featured_media":24555,"comment_status":"open","ping_status":"closed","template":"","meta":{"site-sidebar-layout":"default","site-content-layout":"","ast-site-content-layout":"default","site-content-style":"default","site-sidebar-style":"default","ast-global-header-display":"","ast-banner-title-visibility":"","ast-main-header-display":"","ast-hfb-above-header-display":"","ast-hfb-below-header-display":"","ast-hfb-mobile-header-display":"","site-post-title":"","ast-breadcrumbs-content":"","ast-featured-img":"","footer-sml-layout":"","ast-disable-related-posts":"","theme-transparent-header-meta":"default","adv-header-id-meta":"","stick-header-meta":"","header-above-stick-meta":"","header-main-stick-meta":"","header-below-stick-meta":"","astra-migrate-meta-layouts":"set","ast-page-background-enabled":"default","ast-page-background-meta":{"desktop":{"background-color":"var(--ast-global-color-5)","background-image":"","background-repeat":"repeat","background-position":"center center","background-size":"auto","background-attachment":"scroll","background-type":"","background-media":"","overlay-type":"","overlay-color":"","overlay-opacity":"","overlay-gradient":""},"tablet":{"background-color":"","background-image":"","background-repeat":"repeat","background-position":"center center","background-size":"auto","background-attachment":"scroll","background-type":"","background-media":"","overlay-type":"","overlay-color":"","overlay-opacity":"","overlay-gradient":""},"mobile":{"background-color":"","background-image":"","background-repeat":"repeat","background-position":"center center","background-size":"auto","background-attachment":"scroll","background-type":"","background-media":"","overlay-type":"","overlay-color":"","overlay-opacity":"","overlay-gradient":""}},"ast-content-background-meta":{"desktop":{"background-color":"var(--ast-global-color-4)","background-image":"","background-repeat":"repeat","background-position":"center center","background-size":"auto","background-attachment":"scroll","background-type":"","background-media":"","overlay-type":"","overlay-color":"","overlay-opacity":"","overlay-gradient":""},"tablet":{"background-color":"var(--ast-global-color-4)","background-image":"","background-repeat":"repeat","background-position":"center center","background-size":"auto","background-attachment":"scroll","background-type":"","background-media":"","overlay-type":"","overlay-color":"","overlay-opacity":"","overlay-gradient":""},"mobile":{"background-color":"var(--ast-global-color-4)","background-image":"","background-repeat":"repeat","background-position":"center center","background-size":"auto","background-attachment":"scroll","background-type":"","background-media":"","overlay-type":"","overlay-color":"","overlay-opacity":"","overlay-gradient":""}}},"product_brand":[],"product_cat":[168],"product_tag":[],"class_list":{"0":"post-24559","1":"product","2":"type-product","3":"status-publish","4":"has-post-thumbnail","6":"product_cat-husholdningsartikler","7":"pa_66726_lmy0fr3e-2-stk","8":"pa_66726_lmy0fr3e-3-stk","9":"pa_66726_ms4ommcn-gra","10":"pa_66726_ms4ommcn-gronn","11":"pa_66726_ms4ommcn-hvit","12":"pa_66726_xekm7nq9-l","13":"pa_66726_xekm7nq9-s","14":"desktop-align-left","15":"tablet-align-left","16":"mobile-align-left","18":"first","19":"instock","20":"shipping-taxable","21":"purchasable","22":"product-type-variable","23":"has-default-attributes"},"yoast_head":"<!-- This site is optimized with the Yoast SEO plugin v27.4 - https:\/\/yoast.com\/product\/yoast-seo-wordpress\/ -->\n<title>Veggmontert oppbevaringssystem - Deravio NO<\/title>\n<meta name=\"robots\" content=\"index, follow, max-snippet:-1, max-image-preview:large, max-video-preview:-1\" \/>\n<link rel=\"canonical\" href=\"https:\/\/deravio.com\/no\/produkt\/veggmontert-oppbevaringssystem\/\" \/>\n<meta property=\"og:locale\" content=\"nb_NO\" \/>\n<meta property=\"og:type\" content=\"article\" \/>\n<meta property=\"og:title\" content=\"Veggmontert oppbevaringssystem - Deravio NO\" \/>\n<meta property=\"og:description\" content=\"\ud83c\udfe0Forvandle tomme vegger til smart oppbevaringsplass. Hold hjemmet organisert uten \u00e5 bore hull. \ud83e\uddf1Denne veggmonterte oppbevaringsorganisatoren er en enkel og praktisk m\u00e5te \u00e5 holde hverdagslige ting ryddig og innen rekkevidde. \ud83d\udc69\u200d\ud83c\udf73With Den borrel\u00f8se installasjonen og den romslige designen forvandler ubrukt veggplass til funksjonell oppbevaring p\u00e5 kj\u00f8kken, bad og mer.\" \/>\n<meta property=\"og:url\" content=\"https:\/\/deravio.com\/no\/produkt\/veggmontert-oppbevaringssystem\/\" \/>\n<meta property=\"og:site_name\" content=\"Deravio NO\" \/>\n<meta property=\"article:modified_time\" content=\"2026-05-04T16:04:00+00:00\" \/>\n<meta property=\"og:image\" content=\"https:\/\/deravio.com\/no\/wp-content\/uploads\/sites\/18\/2026\/05\/ic7x7kr-1.jpg\" \/>\n\t<meta property=\"og:image:width\" content=\"713\" \/>\n\t<meta property=\"og:image:height\" content=\"713\" \/>\n\t<meta property=\"og:image:type\" content=\"image\/jpeg\" \/>\n<meta name=\"twitter:card\" content=\"summary_large_image\" \/>\n<meta name=\"twitter:label1\" content=\"Ansl. lesetid\" \/>\n\t<meta name=\"twitter:data1\" content=\"2 minutter\" \/>\n<script type=\"application\/ld+json\" class=\"yoast-schema-graph\">{\"@context\":\"https:\\\/\\\/schema.org\",\"@graph\":[{\"@type\":\"WebPage\",\"@id\":\"https:\\\/\\\/deravio.com\\\/no\\\/produkt\\\/veggmontert-oppbevaringssystem\\\/\",\"url\":\"https:\\\/\\\/deravio.com\\\/no\\\/produkt\\\/veggmontert-oppbevaringssystem\\\/\",\"name\":\"Veggmontert oppbevaringssystem - Deravio NO\",\"isPartOf\":{\"@id\":\"https:\\\/\\\/deravio.com\\\/no\\\/#website\"},\"primaryImageOfPage\":{\"@id\":\"https:\\\/\\\/deravio.com\\\/no\\\/produkt\\\/veggmontert-oppbevaringssystem\\\/#primaryimage\"},\"image\":{\"@id\":\"https:\\\/\\\/deravio.com\\\/no\\\/produkt\\\/veggmontert-oppbevaringssystem\\\/#primaryimage\"},\"thumbnailUrl\":\"https:\\\/\\\/deravio.com\\\/no\\\/wp-content\\\/uploads\\\/sites\\\/18\\\/2026\\\/05\\\/ic7x7kr-1.jpg\",\"datePublished\":\"2026-05-04T16:03:04+00:00\",\"dateModified\":\"2026-05-04T16:04:00+00:00\",\"breadcrumb\":{\"@id\":\"https:\\\/\\\/deravio.com\\\/no\\\/produkt\\\/veggmontert-oppbevaringssystem\\\/#breadcrumb\"},\"inLanguage\":\"nb-NO\",\"potentialAction\":[{\"@type\":\"ReadAction\",\"target\":[\"https:\\\/\\\/deravio.com\\\/no\\\/produkt\\\/veggmontert-oppbevaringssystem\\\/\"]}]},{\"@type\":\"ImageObject\",\"inLanguage\":\"nb-NO\",\"@id\":\"https:\\\/\\\/deravio.com\\\/no\\\/produkt\\\/veggmontert-oppbevaringssystem\\\/#primaryimage\",\"url\":\"https:\\\/\\\/deravio.com\\\/no\\\/wp-content\\\/uploads\\\/sites\\\/18\\\/2026\\\/05\\\/ic7x7kr-1.jpg\",\"contentUrl\":\"https:\\\/\\\/deravio.com\\\/no\\\/wp-content\\\/uploads\\\/sites\\\/18\\\/2026\\\/05\\\/ic7x7kr-1.jpg\",\"width\":713,\"height\":713},{\"@type\":\"BreadcrumbList\",\"@id\":\"https:\\\/\\\/deravio.com\\\/no\\\/produkt\\\/veggmontert-oppbevaringssystem\\\/#breadcrumb\",\"itemListElement\":[{\"@type\":\"ListItem\",\"position\":1,\"name\":\"Home\",\"item\":\"https:\\\/\\\/deravio.com\\\/no\\\/\"},{\"@type\":\"ListItem\",\"position\":2,\"name\":\"Butikk\",\"item\":\"https:\\\/\\\/deravio.com\\\/no\\\/butikk\\\/\"},{\"@type\":\"ListItem\",\"position\":3,\"name\":\"Veggmontert oppbevaringssystem\"}]},{\"@type\":\"WebSite\",\"@id\":\"https:\\\/\\\/deravio.com\\\/no\\\/#website\",\"url\":\"https:\\\/\\\/deravio.com\\\/no\\\/\",\"name\":\"Deravio NO\",\"description\":\"\",\"publisher\":{\"@id\":\"https:\\\/\\\/deravio.com\\\/no\\\/#organization\"},\"potentialAction\":[{\"@type\":\"SearchAction\",\"target\":{\"@type\":\"EntryPoint\",\"urlTemplate\":\"https:\\\/\\\/deravio.com\\\/no\\\/?s={search_term_string}\"},\"query-input\":{\"@type\":\"PropertyValueSpecification\",\"valueRequired\":true,\"valueName\":\"search_term_string\"}}],\"inLanguage\":\"nb-NO\"},{\"@type\":\"Organization\",\"@id\":\"https:\\\/\\\/deravio.com\\\/no\\\/#organization\",\"name\":\"Mekulo\",\"url\":\"https:\\\/\\\/deravio.com\\\/no\\\/\",\"logo\":{\"@type\":\"ImageObject\",\"inLanguage\":\"nb-NO\",\"@id\":\"https:\\\/\\\/deravio.com\\\/no\\\/#\\\/schema\\\/logo\\\/image\\\/\",\"url\":\"https:\\\/\\\/deravio.com\\\/no\\\/wp-content\\\/uploads\\\/sites\\\/18\\\/2025\\\/12\\\/favicon_mekulo.png\",\"contentUrl\":\"https:\\\/\\\/deravio.com\\\/no\\\/wp-content\\\/uploads\\\/sites\\\/18\\\/2025\\\/12\\\/favicon_mekulo.png\",\"width\":50,\"height\":50,\"caption\":\"Mekulo\"},\"image\":{\"@id\":\"https:\\\/\\\/deravio.com\\\/no\\\/#\\\/schema\\\/logo\\\/image\\\/\"}}]}<\/script>\n<!-- \/ Yoast SEO plugin. -->","yoast_head_json":{"title":"Veggmontert oppbevaringssystem - Deravio NO","robots":{"index":"index","follow":"follow","max-snippet":"max-snippet:-1","max-image-preview":"max-image-preview:large","max-video-preview":"max-video-preview:-1"},"canonical":"https:\/\/deravio.com\/no\/produkt\/veggmontert-oppbevaringssystem\/","og_locale":"nb_NO","og_type":"article","og_title":"Veggmontert oppbevaringssystem - Deravio NO","og_description":"\ud83c\udfe0Forvandle tomme vegger til smart oppbevaringsplass. Hold hjemmet organisert uten \u00e5 bore hull. \ud83e\uddf1Denne veggmonterte oppbevaringsorganisatoren er en enkel og praktisk m\u00e5te \u00e5 holde hverdagslige ting ryddig og innen rekkevidde. \ud83d\udc69\u200d\ud83c\udf73With Den borrel\u00f8se installasjonen og den romslige designen forvandler ubrukt veggplass til funksjonell oppbevaring p\u00e5 kj\u00f8kken, bad og mer.","og_url":"https:\/\/deravio.com\/no\/produkt\/veggmontert-oppbevaringssystem\/","og_site_name":"Deravio NO","article_modified_time":"2026-05-04T16:04:00+00:00","og_image":[{"width":713,"height":713,"url":"https:\/\/deravio.com\/no\/wp-content\/uploads\/sites\/18\/2026\/05\/ic7x7kr-1.jpg","type":"image\/jpeg"}],"twitter_card":"summary_large_image","twitter_misc":{"Ansl. lesetid":"2 minutter"},"schema":{"@context":"https:\/\/schema.org","@graph":[{"@type":"WebPage","@id":"https:\/\/deravio.com\/no\/produkt\/veggmontert-oppbevaringssystem\/","url":"https:\/\/deravio.com\/no\/produkt\/veggmontert-oppbevaringssystem\/","name":"Veggmontert oppbevaringssystem - Deravio NO","isPartOf":{"@id":"https:\/\/deravio.com\/no\/#website"},"primaryImageOfPage":{"@id":"https:\/\/deravio.com\/no\/produkt\/veggmontert-oppbevaringssystem\/#primaryimage"},"image":{"@id":"https:\/\/deravio.com\/no\/produkt\/veggmontert-oppbevaringssystem\/#primaryimage"},"thumbnailUrl":"https:\/\/deravio.com\/no\/wp-content\/uploads\/sites\/18\/2026\/05\/ic7x7kr-1.jpg","datePublished":"2026-05-04T16:03:04+00:00","dateModified":"2026-05-04T16:04:00+00:00","breadcrumb":{"@id":"https:\/\/deravio.com\/no\/produkt\/veggmontert-oppbevaringssystem\/#breadcrumb"},"inLanguage":"nb-NO","potentialAction":[{"@type":"ReadAction","target":["https:\/\/deravio.com\/no\/produkt\/veggmontert-oppbevaringssystem\/"]}]},{"@type":"ImageObject","inLanguage":"nb-NO","@id":"https:\/\/deravio.com\/no\/produkt\/veggmontert-oppbevaringssystem\/#primaryimage","url":"https:\/\/deravio.com\/no\/wp-content\/uploads\/sites\/18\/2026\/05\/ic7x7kr-1.jpg","contentUrl":"https:\/\/deravio.com\/no\/wp-content\/uploads\/sites\/18\/2026\/05\/ic7x7kr-1.jpg","width":713,"height":713},{"@type":"BreadcrumbList","@id":"https:\/\/deravio.com\/no\/produkt\/veggmontert-oppbevaringssystem\/#breadcrumb","itemListElement":[{"@type":"ListItem","position":1,"name":"Home","item":"https:\/\/deravio.com\/no\/"},{"@type":"ListItem","position":2,"name":"Butikk","item":"https:\/\/deravio.com\/no\/butikk\/"},{"@type":"ListItem","position":3,"name":"Veggmontert oppbevaringssystem"}]},{"@type":"WebSite","@id":"https:\/\/deravio.com\/no\/#website","url":"https:\/\/deravio.com\/no\/","name":"Deravio NO","description":"","publisher":{"@id":"https:\/\/deravio.com\/no\/#organization"},"potentialAction":[{"@type":"SearchAction","target":{"@type":"EntryPoint","urlTemplate":"https:\/\/deravio.com\/no\/?s={search_term_string}"},"query-input":{"@type":"PropertyValueSpecification","valueRequired":true,"valueName":"search_term_string"}}],"inLanguage":"nb-NO"},{"@type":"Organization","@id":"https:\/\/deravio.com\/no\/#organization","name":"Mekulo","url":"https:\/\/deravio.com\/no\/","logo":{"@type":"ImageObject","inLanguage":"nb-NO","@id":"https:\/\/deravio.com\/no\/#\/schema\/logo\/image\/","url":"https:\/\/deravio.com\/no\/wp-content\/uploads\/sites\/18\/2025\/12\/favicon_mekulo.png","contentUrl":"https:\/\/deravio.com\/no\/wp-content\/uploads\/sites\/18\/2025\/12\/favicon_mekulo.png","width":50,"height":50,"caption":"Mekulo"},"image":{"@id":"https:\/\/deravio.com\/no\/#\/schema\/logo\/image\/"}}]}},"_links":{"self":[{"href":"https:\/\/deravio.com\/no\/wp-json\/wp\/v2\/product\/24559","targetHints":{"allow":["GET"]}}],"collection":[{"href":"https:\/\/deravio.com\/no\/wp-json\/wp\/v2\/product"}],"about":[{"href":"https:\/\/deravio.com\/no\/wp-json\/wp\/v2\/types\/product"}],"replies":[{"embeddable":true,"href":"https:\/\/deravio.com\/no\/wp-json\/wp\/v2\/comments?post=24559"}],"wp:featuredmedia":[{"embeddable":true,"href":"https:\/\/deravio.com\/no\/wp-json\/wp\/v2\/media\/24555"}],"wp:attachment":[{"href":"https:\/\/deravio.com\/no\/wp-json\/wp\/v2\/media?parent=24559"}],"wp:term":[{"taxonomy":"product_brand","embeddable":true,"href":"https:\/\/deravio.com\/no\/wp-json\/wp\/v2\/product_brand?post=24559"},{"taxonomy":"product_cat","embeddable":true,"href":"https:\/\/deravio.com\/no\/wp-json\/wp\/v2\/product_cat?post=24559"},{"taxonomy":"product_tag","embeddable":true,"href":"https:\/\/deravio.com\/no\/wp-json\/wp\/v2\/product_tag?post=24559"}],"curies":[{"name":"wp","href":"https:\/\/api.w.org\/{rel}","templated":true}]}}