{"id":24489,"date":"2026-05-04T18:58:29","date_gmt":"2026-05-04T15:58:29","guid":{"rendered":"https:\/\/deravio.com\/no\/produkt\/kompresjonsshorts-for-menn\/"},"modified":"2026-05-04T19:00:45","modified_gmt":"2026-05-04T16:00:45","slug":"kompresjonsshorts-for-menn","status":"publish","type":"product","link":"https:\/\/deravio.com\/no\/produkt\/kompresjonsshorts-for-menn\/","title":{"rendered":"Kompresjonsshorts for menn"},"content":{"rendered":"<h2 style=\"text-align: center\" data-section-id=\"wtab3f\" data-start=\"472\" data-end=\"488\">\u2728 L\u00f8ftet<\/h2>\n<p style=\"text-align: center\" data-start=\"490\" data-end=\"545\">Flottere form.<br data-start=\"505\" data-end=\"508\" \/>Bedre st\u00f8tte.<br data-start=\"523\" data-end=\"526\" \/>Selvtillit hele dagen.<\/p>\n<p data-start=\"490\" data-end=\"545\"><img fetchpriority=\"high\" decoding=\"async\" class=\" wp-image-27797 aligncenter\" src=\"https:\/\/mekulo.com\/template\/wp-content\/uploads\/sites\/6\/2026\/03\/12217-ezgif.com-video-to-webp-converter-5.webp\" alt=\"\" width=\"549\" height=\"549\" \/><\/p>\n<h2 style=\"text-align: center\" data-section-id=\"1diz99\" data-start=\"552\" data-end=\"571\">\ud83d\udcaa Hovedfordeler<\/h2>\n<p data-start=\"575\" data-end=\"677\">\ud83d\udd25 Kraftig magekontroll &#8211; Hjelper med \u00e5 flate ut magen og redusere utseendet p\u00e5 kj\u00e6rlighetsh\u00e5ndtak.<\/p>\n<p data-start=\"681\" data-end=\"779\">\ud83e\uddcd Forbedrer holdning og st\u00f8tte &#8211; Gir sk\u00e5nsom ryggst\u00f8tte for \u00e5 hjelpe deg med \u00e5 st\u00e5 mer oppreist.<\/p>\n<p data-start=\"783\" data-end=\"887\">\ud83d\udc56 Usynlig under kl\u00e6rne &#8211; Designet for \u00e5 brukes under dresser, jeans, shorts eller hverdagsantrekk.<\/p>\n<p data-start=\"891\" data-end=\"982\">\ud83c\udf51 Forbedret kroppsforming &#8211; Skaper en jevnere, mer definert midje og silhuett.<\/p>\n<p data-start=\"986\" data-end=\"1083\">\u270b Komfortabel kompresjonspassform &#8211; Sterk formgivning med pustende materialer for daglig komfort.<\/p>\n<p data-start=\"1087\" data-end=\"1187\">\ud83d\udc4c 3D-posest\u00f8ttedesign &#8211; Ergonomisk frontst\u00f8tte designet for naturlig passform og bekvemmelighet.<\/p>\n<h2 style=\"text-align: center\" data-section-id=\"d0iej6\" data-start=\"1194\" data-end=\"1217\">\u2757 Problem \u2192 L\u00f8sning<\/h2>\n<p data-start=\"1219\" data-end=\"1309\"><strong data-start=\"1219\" data-end=\"1231\">Problem:<\/strong><br data-start=\"1231\" data-end=\"1234\" \/>Mange menn sliter med u\u00f8nsket magebule eller ujevn form under kl\u00e6rne.<\/p>\n<p data-start=\"1311\" data-end=\"1484\"><strong data-start=\"1311\" data-end=\"1324\">L\u00f8sning:<\/strong><br data-start=\"1324\" data-end=\"1327\" \/>Disse kompresjonsshortsene for menn gir m\u00e5lrettet kompresjon som jevner ut midjen, st\u00f8tter ryggen og skaper et mer str\u00f8mlinjeformet utseende \u00f8yeblikkelig. Se skarpere ut. F\u00f8ler deg mer selvsikker.<\/p>\n<p data-start=\"1311\" data-end=\"1484\"><img decoding=\"async\" class=\" wp-image-27792 aligncenter\" src=\"https:\/\/mekulo.com\/template\/wp-content\/uploads\/sites\/6\/2026\/03\/DM_20250902204134_001.jpg\" alt=\"\" width=\"549\" height=\"549\" \/><\/p>\n<h2 style=\"text-align: center\" data-section-id=\"a7r488\" data-start=\"1529\" data-end=\"1555\">\ud83d\udc54 Perfekt til<\/h2>\n<ul data-start=\"1571\" data-end=\"1747\">\n<li data-section-id=\"11rhr9r\" data-start=\"1571\" data-end=\"1603\">\n<p data-start=\"1573\" data-end=\"1603\">Bruk under dresser og dresser<\/p>\n<\/li>\n<li data-section-id=\"y0rvos\" data-start=\"1604\" data-end=\"1640\">\n<p data-start=\"1606\" data-end=\"1640\">Hverdagsantrekk og fritidskl\u00e6r<\/p>\n<\/li>\n<li data-section-id=\"1k1lue8\" data-start=\"1641\" data-end=\"1680\">\n<p data-start=\"1643\" data-end=\"1680\">Spesielle arrangementer og formelle anledninger<\/p>\n<\/li>\n<li data-section-id=\"1a7axyo\" data-start=\"1681\" data-end=\"1716\">\n<p data-start=\"1683\" data-end=\"1716\">Treningsstudio eller holdningsst\u00f8tte<\/p>\n<\/li>\n<li data-section-id=\"1w7603s\" data-start=\"1717\" data-end=\"1747\">\n<p data-start=\"1719\" data-end=\"1747\">\u00d8ker selvtilliten i hverdagen<\/p>\n<\/li>\n<\/ul>\n<p data-start=\"1749\" data-end=\"1785\">St\u00f8tte som f\u00f8lger deg hele dagen.<\/p>\n<h2 style=\"text-align: center\" data-section-id=\"1k514u3\" data-start=\"1792\" data-end=\"1808\">\u2699\ufe0f Hvordan bruke<\/h2>\n<ol data-start=\"1810\" data-end=\"2005\">\n<li data-section-id=\"8oscxg\" data-start=\"1810\" data-end=\"1858\">\n<p data-start=\"1813\" data-end=\"1858\">Trapp inn i shortsen som vanlig undert\u00f8y.<\/p>\n<\/li>\n<li data-section-id=\"1oos66s\" data-start=\"1859\" data-end=\"1908\">\n<p data-start=\"1862\" data-end=\"1908\">Trekk den opp slik at den sitter komfortabelt i midjen.<\/p>\n<\/li>\n<li data-section-id=\"k6bssi\" data-start=\"1909\" data-end=\"1963\">\n<p data-start=\"1912\" data-end=\"1963\">Juster for en tettsittende, men behagelig kompresjonspassform.<\/p>\n<\/li>\n<li data-section-id=\"1gohmhl\" data-start=\"1964\" data-end=\"2005\">\n<p data-start=\"1967\" data-end=\"2005\">Bruk under kl\u00e6rne for \u00e5 f\u00e5 en jevn form.<\/p>\n<\/li>\n<\/ol>\n<h2 style=\"text-align: center\" data-section-id=\"6cujb5\" data-start=\"2053\" data-end=\"2074\">\ud83d\udcd0 Produktdetaljer<\/h2>\n<ul data-start=\"2076\" data-end=\"2305\">\n<li data-section-id=\"3kv4vo\" data-start=\"2076\" data-end=\"2121\">\n<p data-start=\"2078\" data-end=\"2121\">Design: Kompresjonsshorts med h\u00f8y midje<\/p>\n<\/li>\n<li data-section-id=\"1rjmyde\" data-start=\"2122\" data-end=\"2168\">\n<p data-start=\"2124\" data-end=\"2168\">St\u00f8tte: Midje, rygg, hofter og l\u00e5r<\/p>\n<\/li>\n<li data-section-id=\"fo2qh2\" data-start=\"2169\" data-end=\"2212\">\n<p data-start=\"2171\" data-end=\"2212\">Funksjon: 3D-pose ergonomisk st\u00f8tte<\/p>\n<\/li>\n<li data-section-id=\"1xnorl7\" data-start=\"2213\" data-end=\"2256\">\n<p data-start=\"2215\" data-end=\"2256\">Passform: Kompresjonsformende teknologi<\/p>\n<\/li>\n<li data-section-id=\"p6aahp\" data-start=\"2257\" data-end=\"2305\">\n<p data-start=\"2259\" data-end=\"2305\">Bruk: Daglig bruk eller under formelle kl\u00e6r<\/p>\n<li data-section-id=\"p6aahp\" data-start=\"2257\" data-end=\"2305\">St\u00f8rrelse: M, L, XL, XXL, 3XL, 4XL<\/li>\n<\/ul>\n<h2 style=\"text-align: center\" data-section-id=\"1qc1r63\" data-start=\"2366\" data-end=\"2388\">\ud83d\udce6 Pakken inneholder<\/h2>\n<ul data-start=\"2390\" data-end=\"2428\">\n<li data-section-id=\"awqs61\" data-start=\"2390\" data-end=\"2428\">\n<p data-start=\"2392\" data-end=\"2428\">1x kompresjonsshorts for menn.<\/p>\n<\/li>\n<\/ul>\n","protected":false},"excerpt":{"rendered":"<p>\ud83d\udd25\u00d8yeblikkelig selvtillit med kraftig kroppsformende st\u00f8tte. Skulpter formen din mens du holder deg komfortabel hele dagen.<br \/>\n\ud83e\ude73Disse kompresjonsshortsene for menn er designet for \u00e5 glatte ut, st\u00f8tte og forbedre din naturlige form.<br \/>\n\ud83e\uddcdMed m\u00e5lrettet kompresjon over midjen, hoftene og l\u00e5rene skaper de en renere silhuett under kl\u00e6rne, samtidig som de gir komfort og holdningsst\u00f8tte hele dagen.<\/p>\n","protected":false},"featured_media":24485,"comment_status":"open","ping_status":"closed","template":"","meta":{"site-sidebar-layout":"default","site-content-layout":"","ast-site-content-layout":"default","site-content-style":"default","site-sidebar-style":"default","ast-global-header-display":"","ast-banner-title-visibility":"","ast-main-header-display":"","ast-hfb-above-header-display":"","ast-hfb-below-header-display":"","ast-hfb-mobile-header-display":"","site-post-title":"","ast-breadcrumbs-content":"","ast-featured-img":"","footer-sml-layout":"","ast-disable-related-posts":"","theme-transparent-header-meta":"default","adv-header-id-meta":"","stick-header-meta":"","header-above-stick-meta":"","header-main-stick-meta":"","header-below-stick-meta":"","astra-migrate-meta-layouts":"set","ast-page-background-enabled":"default","ast-page-background-meta":{"desktop":{"background-color":"var(--ast-global-color-5)","background-image":"","background-repeat":"repeat","background-position":"center center","background-size":"auto","background-attachment":"scroll","background-type":"","background-media":"","overlay-type":"","overlay-color":"","overlay-opacity":"","overlay-gradient":""},"tablet":{"background-color":"","background-image":"","background-repeat":"repeat","background-position":"center center","background-size":"auto","background-attachment":"scroll","background-type":"","background-media":"","overlay-type":"","overlay-color":"","overlay-opacity":"","overlay-gradient":""},"mobile":{"background-color":"","background-image":"","background-repeat":"repeat","background-position":"center center","background-size":"auto","background-attachment":"scroll","background-type":"","background-media":"","overlay-type":"","overlay-color":"","overlay-opacity":"","overlay-gradient":""}},"ast-content-background-meta":{"desktop":{"background-color":"var(--ast-global-color-4)","background-image":"","background-repeat":"repeat","background-position":"center center","background-size":"auto","background-attachment":"scroll","background-type":"","background-media":"","overlay-type":"","overlay-color":"","overlay-opacity":"","overlay-gradient":""},"tablet":{"background-color":"var(--ast-global-color-4)","background-image":"","background-repeat":"repeat","background-position":"center center","background-size":"auto","background-attachment":"scroll","background-type":"","background-media":"","overlay-type":"","overlay-color":"","overlay-opacity":"","overlay-gradient":""},"mobile":{"background-color":"var(--ast-global-color-4)","background-image":"","background-repeat":"repeat","background-position":"center center","background-size":"auto","background-attachment":"scroll","background-type":"","background-media":"","overlay-type":"","overlay-color":"","overlay-opacity":"","overlay-gradient":""}}},"product_brand":[],"product_cat":[165,163],"product_tag":[],"class_list":{"0":"post-24489","1":"product","2":"type-product","3":"status-publish","4":"has-post-thumbnail","6":"product_cat-fottoy-tilbehor","7":"product_cat-herreklaer","8":"pa_66687_49wknism-bla","9":"pa_66687_49wknism-gra","10":"pa_66687_49wknism-hvit","11":"pa_66687_49wknism-rod","12":"pa_66687_49wknism-svart","13":"pa_66687_644goky8-3xl","14":"pa_66687_644goky8-4xl","15":"pa_66687_644goky8-l","16":"pa_66687_644goky8-m","17":"pa_66687_644goky8-xl","18":"pa_66687_644goky8-xxl","19":"desktop-align-left","20":"tablet-align-left","21":"mobile-align-left","23":"first","24":"instock","25":"shipping-taxable","26":"purchasable","27":"product-type-variable","28":"has-default-attributes"},"yoast_head":"<!-- This site is optimized with the Yoast SEO plugin v27.4 - https:\/\/yoast.com\/product\/yoast-seo-wordpress\/ -->\n<title>Kompresjonsshorts for menn - Deravio NO<\/title>\n<meta name=\"robots\" content=\"index, follow, max-snippet:-1, max-image-preview:large, max-video-preview:-1\" \/>\n<link rel=\"canonical\" href=\"https:\/\/deravio.com\/no\/produkt\/kompresjonsshorts-for-menn\/\" \/>\n<meta property=\"og:locale\" content=\"nb_NO\" \/>\n<meta property=\"og:type\" content=\"article\" \/>\n<meta property=\"og:title\" content=\"Kompresjonsshorts for menn - Deravio NO\" \/>\n<meta property=\"og:description\" content=\"\ud83d\udd25\u00d8yeblikkelig selvtillit med kraftig kroppsformende st\u00f8tte. Skulpter formen din mens du holder deg komfortabel hele dagen. \ud83e\ude73Disse kompresjonsshortsene for menn er designet for \u00e5 glatte ut, st\u00f8tte og forbedre din naturlige form. \ud83e\uddcdMed m\u00e5lrettet kompresjon over midjen, hoftene og l\u00e5rene skaper de en renere silhuett under kl\u00e6rne, samtidig som de gir komfort og holdningsst\u00f8tte hele dagen.\" \/>\n<meta property=\"og:url\" content=\"https:\/\/deravio.com\/no\/produkt\/kompresjonsshorts-for-menn\/\" \/>\n<meta property=\"og:site_name\" content=\"Deravio NO\" \/>\n<meta property=\"article:modified_time\" content=\"2026-05-04T16:00:45+00:00\" \/>\n<meta property=\"og:image\" content=\"https:\/\/deravio.com\/no\/wp-content\/uploads\/sites\/18\/2026\/05\/y037h59-1.webp\" \/>\n\t<meta property=\"og:image:width\" content=\"713\" \/>\n\t<meta property=\"og:image:height\" content=\"713\" \/>\n\t<meta property=\"og:image:type\" content=\"image\/webp\" \/>\n<meta name=\"twitter:card\" content=\"summary_large_image\" \/>\n<meta name=\"twitter:label1\" content=\"Ansl. lesetid\" \/>\n\t<meta name=\"twitter:data1\" content=\"2 minutter\" \/>\n<script type=\"application\/ld+json\" class=\"yoast-schema-graph\">{\"@context\":\"https:\\\/\\\/schema.org\",\"@graph\":[{\"@type\":\"WebPage\",\"@id\":\"https:\\\/\\\/deravio.com\\\/no\\\/produkt\\\/kompresjonsshorts-for-menn\\\/\",\"url\":\"https:\\\/\\\/deravio.com\\\/no\\\/produkt\\\/kompresjonsshorts-for-menn\\\/\",\"name\":\"Kompresjonsshorts for menn - Deravio NO\",\"isPartOf\":{\"@id\":\"https:\\\/\\\/deravio.com\\\/no\\\/#website\"},\"primaryImageOfPage\":{\"@id\":\"https:\\\/\\\/deravio.com\\\/no\\\/produkt\\\/kompresjonsshorts-for-menn\\\/#primaryimage\"},\"image\":{\"@id\":\"https:\\\/\\\/deravio.com\\\/no\\\/produkt\\\/kompresjonsshorts-for-menn\\\/#primaryimage\"},\"thumbnailUrl\":\"https:\\\/\\\/deravio.com\\\/no\\\/wp-content\\\/uploads\\\/sites\\\/18\\\/2026\\\/05\\\/y037h59-1.webp\",\"datePublished\":\"2026-05-04T15:58:29+00:00\",\"dateModified\":\"2026-05-04T16:00:45+00:00\",\"breadcrumb\":{\"@id\":\"https:\\\/\\\/deravio.com\\\/no\\\/produkt\\\/kompresjonsshorts-for-menn\\\/#breadcrumb\"},\"inLanguage\":\"nb-NO\",\"potentialAction\":[{\"@type\":\"ReadAction\",\"target\":[\"https:\\\/\\\/deravio.com\\\/no\\\/produkt\\\/kompresjonsshorts-for-menn\\\/\"]}]},{\"@type\":\"ImageObject\",\"inLanguage\":\"nb-NO\",\"@id\":\"https:\\\/\\\/deravio.com\\\/no\\\/produkt\\\/kompresjonsshorts-for-menn\\\/#primaryimage\",\"url\":\"https:\\\/\\\/deravio.com\\\/no\\\/wp-content\\\/uploads\\\/sites\\\/18\\\/2026\\\/05\\\/y037h59-1.webp\",\"contentUrl\":\"https:\\\/\\\/deravio.com\\\/no\\\/wp-content\\\/uploads\\\/sites\\\/18\\\/2026\\\/05\\\/y037h59-1.webp\",\"width\":713,\"height\":713},{\"@type\":\"BreadcrumbList\",\"@id\":\"https:\\\/\\\/deravio.com\\\/no\\\/produkt\\\/kompresjonsshorts-for-menn\\\/#breadcrumb\",\"itemListElement\":[{\"@type\":\"ListItem\",\"position\":1,\"name\":\"Home\",\"item\":\"https:\\\/\\\/deravio.com\\\/no\\\/\"},{\"@type\":\"ListItem\",\"position\":2,\"name\":\"Butikk\",\"item\":\"https:\\\/\\\/deravio.com\\\/no\\\/butikk\\\/\"},{\"@type\":\"ListItem\",\"position\":3,\"name\":\"Kompresjonsshorts for menn\"}]},{\"@type\":\"WebSite\",\"@id\":\"https:\\\/\\\/deravio.com\\\/no\\\/#website\",\"url\":\"https:\\\/\\\/deravio.com\\\/no\\\/\",\"name\":\"Deravio NO\",\"description\":\"\",\"publisher\":{\"@id\":\"https:\\\/\\\/deravio.com\\\/no\\\/#organization\"},\"potentialAction\":[{\"@type\":\"SearchAction\",\"target\":{\"@type\":\"EntryPoint\",\"urlTemplate\":\"https:\\\/\\\/deravio.com\\\/no\\\/?s={search_term_string}\"},\"query-input\":{\"@type\":\"PropertyValueSpecification\",\"valueRequired\":true,\"valueName\":\"search_term_string\"}}],\"inLanguage\":\"nb-NO\"},{\"@type\":\"Organization\",\"@id\":\"https:\\\/\\\/deravio.com\\\/no\\\/#organization\",\"name\":\"Mekulo\",\"url\":\"https:\\\/\\\/deravio.com\\\/no\\\/\",\"logo\":{\"@type\":\"ImageObject\",\"inLanguage\":\"nb-NO\",\"@id\":\"https:\\\/\\\/deravio.com\\\/no\\\/#\\\/schema\\\/logo\\\/image\\\/\",\"url\":\"https:\\\/\\\/deravio.com\\\/no\\\/wp-content\\\/uploads\\\/sites\\\/18\\\/2025\\\/12\\\/favicon_mekulo.png\",\"contentUrl\":\"https:\\\/\\\/deravio.com\\\/no\\\/wp-content\\\/uploads\\\/sites\\\/18\\\/2025\\\/12\\\/favicon_mekulo.png\",\"width\":50,\"height\":50,\"caption\":\"Mekulo\"},\"image\":{\"@id\":\"https:\\\/\\\/deravio.com\\\/no\\\/#\\\/schema\\\/logo\\\/image\\\/\"}}]}<\/script>\n<!-- \/ Yoast SEO plugin. -->","yoast_head_json":{"title":"Kompresjonsshorts for menn - Deravio NO","robots":{"index":"index","follow":"follow","max-snippet":"max-snippet:-1","max-image-preview":"max-image-preview:large","max-video-preview":"max-video-preview:-1"},"canonical":"https:\/\/deravio.com\/no\/produkt\/kompresjonsshorts-for-menn\/","og_locale":"nb_NO","og_type":"article","og_title":"Kompresjonsshorts for menn - Deravio NO","og_description":"\ud83d\udd25\u00d8yeblikkelig selvtillit med kraftig kroppsformende st\u00f8tte. Skulpter formen din mens du holder deg komfortabel hele dagen. \ud83e\ude73Disse kompresjonsshortsene for menn er designet for \u00e5 glatte ut, st\u00f8tte og forbedre din naturlige form. \ud83e\uddcdMed m\u00e5lrettet kompresjon over midjen, hoftene og l\u00e5rene skaper de en renere silhuett under kl\u00e6rne, samtidig som de gir komfort og holdningsst\u00f8tte hele dagen.","og_url":"https:\/\/deravio.com\/no\/produkt\/kompresjonsshorts-for-menn\/","og_site_name":"Deravio NO","article_modified_time":"2026-05-04T16:00:45+00:00","og_image":[{"width":713,"height":713,"url":"https:\/\/deravio.com\/no\/wp-content\/uploads\/sites\/18\/2026\/05\/y037h59-1.webp","type":"image\/webp"}],"twitter_card":"summary_large_image","twitter_misc":{"Ansl. lesetid":"2 minutter"},"schema":{"@context":"https:\/\/schema.org","@graph":[{"@type":"WebPage","@id":"https:\/\/deravio.com\/no\/produkt\/kompresjonsshorts-for-menn\/","url":"https:\/\/deravio.com\/no\/produkt\/kompresjonsshorts-for-menn\/","name":"Kompresjonsshorts for menn - Deravio NO","isPartOf":{"@id":"https:\/\/deravio.com\/no\/#website"},"primaryImageOfPage":{"@id":"https:\/\/deravio.com\/no\/produkt\/kompresjonsshorts-for-menn\/#primaryimage"},"image":{"@id":"https:\/\/deravio.com\/no\/produkt\/kompresjonsshorts-for-menn\/#primaryimage"},"thumbnailUrl":"https:\/\/deravio.com\/no\/wp-content\/uploads\/sites\/18\/2026\/05\/y037h59-1.webp","datePublished":"2026-05-04T15:58:29+00:00","dateModified":"2026-05-04T16:00:45+00:00","breadcrumb":{"@id":"https:\/\/deravio.com\/no\/produkt\/kompresjonsshorts-for-menn\/#breadcrumb"},"inLanguage":"nb-NO","potentialAction":[{"@type":"ReadAction","target":["https:\/\/deravio.com\/no\/produkt\/kompresjonsshorts-for-menn\/"]}]},{"@type":"ImageObject","inLanguage":"nb-NO","@id":"https:\/\/deravio.com\/no\/produkt\/kompresjonsshorts-for-menn\/#primaryimage","url":"https:\/\/deravio.com\/no\/wp-content\/uploads\/sites\/18\/2026\/05\/y037h59-1.webp","contentUrl":"https:\/\/deravio.com\/no\/wp-content\/uploads\/sites\/18\/2026\/05\/y037h59-1.webp","width":713,"height":713},{"@type":"BreadcrumbList","@id":"https:\/\/deravio.com\/no\/produkt\/kompresjonsshorts-for-menn\/#breadcrumb","itemListElement":[{"@type":"ListItem","position":1,"name":"Home","item":"https:\/\/deravio.com\/no\/"},{"@type":"ListItem","position":2,"name":"Butikk","item":"https:\/\/deravio.com\/no\/butikk\/"},{"@type":"ListItem","position":3,"name":"Kompresjonsshorts for menn"}]},{"@type":"WebSite","@id":"https:\/\/deravio.com\/no\/#website","url":"https:\/\/deravio.com\/no\/","name":"Deravio NO","description":"","publisher":{"@id":"https:\/\/deravio.com\/no\/#organization"},"potentialAction":[{"@type":"SearchAction","target":{"@type":"EntryPoint","urlTemplate":"https:\/\/deravio.com\/no\/?s={search_term_string}"},"query-input":{"@type":"PropertyValueSpecification","valueRequired":true,"valueName":"search_term_string"}}],"inLanguage":"nb-NO"},{"@type":"Organization","@id":"https:\/\/deravio.com\/no\/#organization","name":"Mekulo","url":"https:\/\/deravio.com\/no\/","logo":{"@type":"ImageObject","inLanguage":"nb-NO","@id":"https:\/\/deravio.com\/no\/#\/schema\/logo\/image\/","url":"https:\/\/deravio.com\/no\/wp-content\/uploads\/sites\/18\/2025\/12\/favicon_mekulo.png","contentUrl":"https:\/\/deravio.com\/no\/wp-content\/uploads\/sites\/18\/2025\/12\/favicon_mekulo.png","width":50,"height":50,"caption":"Mekulo"},"image":{"@id":"https:\/\/deravio.com\/no\/#\/schema\/logo\/image\/"}}]}},"_links":{"self":[{"href":"https:\/\/deravio.com\/no\/wp-json\/wp\/v2\/product\/24489","targetHints":{"allow":["GET"]}}],"collection":[{"href":"https:\/\/deravio.com\/no\/wp-json\/wp\/v2\/product"}],"about":[{"href":"https:\/\/deravio.com\/no\/wp-json\/wp\/v2\/types\/product"}],"replies":[{"embeddable":true,"href":"https:\/\/deravio.com\/no\/wp-json\/wp\/v2\/comments?post=24489"}],"wp:featuredmedia":[{"embeddable":true,"href":"https:\/\/deravio.com\/no\/wp-json\/wp\/v2\/media\/24485"}],"wp:attachment":[{"href":"https:\/\/deravio.com\/no\/wp-json\/wp\/v2\/media?parent=24489"}],"wp:term":[{"taxonomy":"product_brand","embeddable":true,"href":"https:\/\/deravio.com\/no\/wp-json\/wp\/v2\/product_brand?post=24489"},{"taxonomy":"product_cat","embeddable":true,"href":"https:\/\/deravio.com\/no\/wp-json\/wp\/v2\/product_cat?post=24489"},{"taxonomy":"product_tag","embeddable":true,"href":"https:\/\/deravio.com\/no\/wp-json\/wp\/v2\/product_tag?post=24489"}],"curies":[{"name":"wp","href":"https:\/\/api.w.org\/{rel}","templated":true}]}}