{"id":24457,"date":"2026-05-04T18:53:39","date_gmt":"2026-05-04T15:53:39","guid":{"rendered":"https:\/\/deravio.com\/no\/produkt\/fargerike-selvlysende-sma-ender-40-stk\/"},"modified":"2026-05-04T18:54:11","modified_gmt":"2026-05-04T15:54:11","slug":"fargerike-selvlysende-sma-ender-40-stk","status":"publish","type":"product","link":"https:\/\/deravio.com\/no\/produkt\/fargerike-selvlysende-sma-ender-40-stk\/","title":{"rendered":"Fargerike, selvlysende sm\u00e5 ender (40 stk)"},"content":{"rendered":"<h2 style=\"text-align: center\" data-section-id=\"wtab3f\" data-start=\"459\" data-end=\"475\">\u2728 L\u00f8ftet<\/h2>\n<p style=\"text-align: center\" data-start=\"477\" data-end=\"540\">S\u00f8t design.<br data-start=\"493\" data-end=\"496\" \/>Myk gl\u00f8d om natten.<br data-start=\"516\" data-end=\"519\" \/>Uendelig kreativ moro.<\/p>\n<p data-start=\"477\" data-end=\"540\"><img fetchpriority=\"high\" decoding=\"async\" class=\"size-full wp-image-27765 aligncenter\" src=\"https:\/\/mekulo.com\/template\/wp-content\/uploads\/sites\/6\/2026\/03\/spp_shopify20251005001350_8b459d1bd6ad4fb98deb387859ce5734.jpg\" alt=\"\" width=\"800\" height=\"800\" \/><\/p>\n<h2 style=\"text-align: center\" data-section-id=\"1nz5x0y\" data-start=\"547\" data-end=\"566\">\ud83e\udd86 Hovedfordeler<\/h2>\n<p data-start=\"570\" data-end=\"659\">\ud83c\udf19 Glow-in-the-dark-magi &#8211; Absorberer lys om dagen og lyser mykt om natten.<\/p>\n<p data-start=\"663\" data-end=\"769\">\ud83c\udf08 Lyse fargerike design &#8211; Tilgjengelig i flere livlige farger som umiddelbart lyser opp ethvert rom.<\/p>\n<p data-start=\"773\" data-end=\"889\">\ud83e\uddf8 Perfekt til dekorasjon eller lek &#8211; Ideell til romdekorasjon, plantepotter, eventyrhager og miniatyrlandskap.<\/p>\n<p data-start=\"893\" data-end=\"996\">\ud83d\udee1 Trygt og slitesterkt materiale &#8211; Laget av giftfri harpiks som er glatt, robust og langvarig.<\/p>\n<p data-start=\"1000\" data-end=\"1107\">\ud83d\udccf Liten og plassbesparende &#8211; Den kompakte st\u00f8rrelsen gj\u00f8r dem perfekte for skrivebord, hyller eller kreative utstillinger.<\/p>\n<p data-start=\"1111\" data-end=\"1209\">\ud83c\udf89 Morsomt for barn og voksne &#8211; Perfekt til festgaver, samlinger, h\u00e5ndverk og kreativ lek.<\/p>\n<h2 style=\"text-align: center\" data-section-id=\"d0iej6\" data-start=\"1216\" data-end=\"1239\">\u2757 Problem \u2192 L\u00f8sning<\/h2>\n<p data-start=\"1241\" data-end=\"1342\"><strong data-start=\"1241\" data-end=\"1253\">Problem:<\/strong><br data-start=\"1253\" data-end=\"1256\" \/>Sm\u00e5 pyntegjenstander mangler ofte personlighet og tilf\u00f8rer ikke mye spenning til et rom.<\/p>\n<p data-start=\"1344\" data-end=\"1490\"><strong data-start=\"1344\" data-end=\"1357\">L\u00f8sning:<\/strong><br data-start=\"1357\" data-end=\"1360\" \/>Disse fargerike, lysende sm\u00e5 endene tilf\u00f8rer leken sjarm og gl\u00f8dende magi, og forvandler \u00f8yeblikkelig ethvert rom til et morsomt og kreativt milj\u00f8. Sm\u00e5 detaljer som gj\u00f8r en stor forskjell.<\/p>\n<p data-start=\"1344\" data-end=\"1490\"><img decoding=\"async\" class=\"size-full wp-image-27766 aligncenter\" src=\"https:\/\/mekulo.com\/template\/wp-content\/uploads\/sites\/6\/2026\/03\/S97ec40cea5334040a7ea4a001ef494a54.webp\" alt=\"\" width=\"800\" height=\"800\" \/><\/p>\n<h2 style=\"text-align: center\" data-section-id=\"1cnajmq\" data-start=\"1539\" data-end=\"1565\">\ud83c\udf3f Perfekt til<\/h2>\n<ul data-start=\"1581\" data-end=\"1756\">\n<li data-section-id=\"1m20dfu\" data-start=\"1581\" data-end=\"1607\">\n<p data-start=\"1583\" data-end=\"1607\">Barneromsdekorasjoner<\/p>\n<\/li>\n<li data-section-id=\"e72i10\" data-start=\"1608\" data-end=\"1646\">\n<p data-start=\"1610\" data-end=\"1646\">Eventyrhager og mikrolandskap<\/p>\n<\/li>\n<li data-section-id=\"n7umii\" data-start=\"1647\" data-end=\"1675\">\n<p data-start=\"1649\" data-end=\"1675\">Dekorasjon p\u00e5 skrivebord eller hylle<\/p>\n<\/li>\n<li data-section-id=\"56xi71\" data-start=\"1676\" data-end=\"1702\">\n<p data-start=\"1678\" data-end=\"1702\">Festgaver og gaver<\/p>\n<\/li>\n<li data-section-id=\"1gf3aty\" data-start=\"1703\" data-end=\"1726\">\n<p data-start=\"1705\" data-end=\"1726\">Kreativt DIY-h\u00e5ndverk<\/p>\n<\/li>\n<li data-section-id=\"ppja5b\" data-start=\"1727\" data-end=\"1756\">\n<p data-start=\"1729\" data-end=\"1756\">Lysende aksenter om kvelden<\/p>\n<\/li>\n<\/ul>\n<p data-start=\"1758\" data-end=\"1804\">Legg dem til hvor som helst der du vil ha litt ekstra glede.<\/p>\n<h2 style=\"text-align: center\" data-section-id=\"1k514u3\" data-start=\"1811\" data-end=\"1827\">\u2699\ufe0f Slik bruker du dem<\/h2>\n<ol data-start=\"1829\" data-end=\"2039\">\n<li data-section-id=\"1plloiv\" data-start=\"1829\" data-end=\"1892\">\n<p data-start=\"1832\" data-end=\"1892\">Plasser endene under naturlig lys eller innend\u00f8rsbelysning.<\/p>\n<\/li>\n<li data-section-id=\"16bgxrb\" data-start=\"1893\" data-end=\"1934\">\n<p data-start=\"1896\" data-end=\"1934\">La dem absorbere lys om dagen.<\/p>\n<\/li>\n<li data-section-id=\"w9sus9\" data-start=\"1935\" data-end=\"1995\">\n<p data-start=\"1938\" data-end=\"1995\">Sl\u00e5 av lysene og se dem lyse i m\u00f8rket.<\/p>\n<\/li>\n<li data-section-id=\"7jofqz\" data-start=\"1996\" data-end=\"2039\">\n<p data-start=\"1999\" data-end=\"2039\">Bruk dem til dekorering eller kreativ lek.<\/p>\n<\/li>\n<\/ol>\n<h2 style=\"text-align: center\" data-section-id=\"6cujb5\" data-start=\"2073\" data-end=\"2094\">\ud83d\udcd0 Produktdetaljer<\/h2>\n<ul data-start=\"2096\" data-end=\"2332\">\n<li data-section-id=\"1uq9rsq\" data-start=\"2096\" data-end=\"2119\">\n<p data-start=\"2098\" data-end=\"2119\">Materiale: Harpiks<\/p>\n<\/li>\n<li data-section-id=\"1g3d6eb\" data-start=\"2120\" data-end=\"2165\">\n<p data-start=\"2122\" data-end=\"2165\">Farger: Flere lyse fargealternativer<\/p>\n<\/li>\n<li data-section-id=\"1abda0n\" data-start=\"2166\" data-end=\"2209\">\n<p data-start=\"2168\" data-end=\"2209\">Design: Mini gl\u00f8dende andefigurer<\/p>\n<\/li>\n<li data-section-id=\"10bzu7n\" data-start=\"2210\" data-end=\"2267\">\n<p data-start=\"2212\" data-end=\"2267\">Bruk: Dekorasjon, h\u00e5ndverk, mikrolandskap, leker<\/p>\n<\/li>\n<li data-section-id=\"10n0oi1\" data-start=\"2268\" data-end=\"2332\">\n<p data-start=\"2270\" data-end=\"2332\">M\u00e5ling: Liten manuell m\u00e5levariasjon kan forekomme<\/p>\n<\/li>\n<li data-section-id=\"10n0oi1\" data-start=\"2268\" data-end=\"2332\">St\u00f8rrelse: 1,5 x 1,2 cm<\/li>\n<\/ul>\n<h2 style=\"text-align: center\" data-section-id=\"1qc1r63\" data-start=\"2387\" data-end=\"2409\">\ud83d\udce6 Pakken inneholder<\/h2>\n<ul data-start=\"2411\" data-end=\"2518\">\n<li data-section-id=\"t9xc2a\" data-start=\"2411\" data-end=\"2457\">\n<p data-start=\"2413\" data-end=\"2457\">40x fargerike lysende sm\u00e5 ender.<\/p>\n<\/li>\n<\/ul>\n","protected":false},"excerpt":{"rendered":"<p>\ud83d\udca7Bittesm\u00e5, lysende ender som gir glede dag og natt. S\u00f8te miniatyrkompanjonger som lyser opp fantasien.<br \/>\n\ud83e\udd86Disse fargerike, lysende sm\u00e5 endene er lekne, gl\u00f8dende minidekorasjoner som gir sjarm til ethvert rom.<br \/>\n\ud83c\udf1eOm dagen gir de farge og personlighet, og om natten lyser de mykt og skaper en magisk atmosf\u00e6re som er perfekt for soverom, skrivebord eller kreative mikrolandskaper.<\/p>\n","protected":false},"featured_media":24453,"comment_status":"open","ping_status":"closed","template":"","meta":{"site-sidebar-layout":"default","site-content-layout":"","ast-site-content-layout":"default","site-content-style":"default","site-sidebar-style":"default","ast-global-header-display":"","ast-banner-title-visibility":"","ast-main-header-display":"","ast-hfb-above-header-display":"","ast-hfb-below-header-display":"","ast-hfb-mobile-header-display":"","site-post-title":"","ast-breadcrumbs-content":"","ast-featured-img":"","footer-sml-layout":"","ast-disable-related-posts":"","theme-transparent-header-meta":"default","adv-header-id-meta":"","stick-header-meta":"","header-above-stick-meta":"","header-main-stick-meta":"","header-below-stick-meta":"","astra-migrate-meta-layouts":"set","ast-page-background-enabled":"default","ast-page-background-meta":{"desktop":{"background-color":"var(--ast-global-color-5)","background-image":"","background-repeat":"repeat","background-position":"center center","background-size":"auto","background-attachment":"scroll","background-type":"","background-media":"","overlay-type":"","overlay-color":"","overlay-opacity":"","overlay-gradient":""},"tablet":{"background-color":"","background-image":"","background-repeat":"repeat","background-position":"center center","background-size":"auto","background-attachment":"scroll","background-type":"","background-media":"","overlay-type":"","overlay-color":"","overlay-opacity":"","overlay-gradient":""},"mobile":{"background-color":"","background-image":"","background-repeat":"repeat","background-position":"center center","background-size":"auto","background-attachment":"scroll","background-type":"","background-media":"","overlay-type":"","overlay-color":"","overlay-opacity":"","overlay-gradient":""}},"ast-content-background-meta":{"desktop":{"background-color":"var(--ast-global-color-4)","background-image":"","background-repeat":"repeat","background-position":"center center","background-size":"auto","background-attachment":"scroll","background-type":"","background-media":"","overlay-type":"","overlay-color":"","overlay-opacity":"","overlay-gradient":""},"tablet":{"background-color":"var(--ast-global-color-4)","background-image":"","background-repeat":"repeat","background-position":"center center","background-size":"auto","background-attachment":"scroll","background-type":"","background-media":"","overlay-type":"","overlay-color":"","overlay-opacity":"","overlay-gradient":""},"mobile":{"background-color":"var(--ast-global-color-4)","background-image":"","background-repeat":"repeat","background-position":"center center","background-size":"auto","background-attachment":"scroll","background-type":"","background-media":"","overlay-type":"","overlay-color":"","overlay-opacity":"","overlay-gradient":""}}},"product_brand":[],"product_cat":[15],"product_tag":[],"class_list":{"0":"post-24457","1":"product","2":"type-product","3":"status-publish","4":"has-post-thumbnail","6":"product_cat-ukategorisert","7":"pa_66645_hoihxtin-bla","8":"pa_66645_hoihxtin-gronn","9":"pa_66645_hoihxtin-gul","10":"pa_66645_hoihxtin-hvit","11":"pa_66645_hoihxtin-lilla","12":"pa_66645_hoihxtin-rosa","13":"pa_66645_hoihxtin-tilfeldig","14":"desktop-align-left","15":"tablet-align-left","16":"mobile-align-left","18":"first","19":"instock","20":"shipping-taxable","21":"purchasable","22":"product-type-variable"},"yoast_head":"<!-- This site is optimized with the Yoast SEO plugin v27.4 - https:\/\/yoast.com\/product\/yoast-seo-wordpress\/ -->\n<title>Fargerike, selvlysende sm\u00e5 ender (40 stk) - Deravio NO<\/title>\n<meta name=\"robots\" content=\"index, follow, max-snippet:-1, max-image-preview:large, max-video-preview:-1\" \/>\n<link rel=\"canonical\" href=\"https:\/\/deravio.com\/no\/produkt\/fargerike-selvlysende-sma-ender-40-stk\/\" \/>\n<meta property=\"og:locale\" content=\"nb_NO\" \/>\n<meta property=\"og:type\" content=\"article\" \/>\n<meta property=\"og:title\" content=\"Fargerike, selvlysende sm\u00e5 ender (40 stk) - Deravio NO\" \/>\n<meta property=\"og:description\" content=\"\ud83d\udca7Bittesm\u00e5, lysende ender som gir glede dag og natt. S\u00f8te miniatyrkompanjonger som lyser opp fantasien. \ud83e\udd86Disse fargerike, lysende sm\u00e5 endene er lekne, gl\u00f8dende minidekorasjoner som gir sjarm til ethvert rom. \ud83c\udf1eOm dagen gir de farge og personlighet, og om natten lyser de mykt og skaper en magisk atmosf\u00e6re som er perfekt for soverom, skrivebord eller kreative mikrolandskaper.\" \/>\n<meta property=\"og:url\" content=\"https:\/\/deravio.com\/no\/produkt\/fargerike-selvlysende-sma-ender-40-stk\/\" \/>\n<meta property=\"og:site_name\" content=\"Deravio NO\" \/>\n<meta property=\"article:modified_time\" content=\"2026-05-04T15:54:11+00:00\" \/>\n<meta property=\"og:image\" content=\"https:\/\/deravio.com\/no\/wp-content\/uploads\/sites\/18\/2026\/05\/ofri3fs-1.jpg\" \/>\n\t<meta property=\"og:image:width\" content=\"713\" \/>\n\t<meta property=\"og:image:height\" content=\"713\" \/>\n\t<meta property=\"og:image:type\" content=\"image\/jpeg\" \/>\n<meta name=\"twitter:card\" content=\"summary_large_image\" \/>\n<meta name=\"twitter:label1\" content=\"Ansl. lesetid\" \/>\n\t<meta name=\"twitter:data1\" content=\"2 minutter\" \/>\n<script type=\"application\/ld+json\" class=\"yoast-schema-graph\">{\"@context\":\"https:\\\/\\\/schema.org\",\"@graph\":[{\"@type\":\"WebPage\",\"@id\":\"https:\\\/\\\/deravio.com\\\/no\\\/produkt\\\/fargerike-selvlysende-sma-ender-40-stk\\\/\",\"url\":\"https:\\\/\\\/deravio.com\\\/no\\\/produkt\\\/fargerike-selvlysende-sma-ender-40-stk\\\/\",\"name\":\"Fargerike, selvlysende sm\u00e5 ender (40 stk) - Deravio NO\",\"isPartOf\":{\"@id\":\"https:\\\/\\\/deravio.com\\\/no\\\/#website\"},\"primaryImageOfPage\":{\"@id\":\"https:\\\/\\\/deravio.com\\\/no\\\/produkt\\\/fargerike-selvlysende-sma-ender-40-stk\\\/#primaryimage\"},\"image\":{\"@id\":\"https:\\\/\\\/deravio.com\\\/no\\\/produkt\\\/fargerike-selvlysende-sma-ender-40-stk\\\/#primaryimage\"},\"thumbnailUrl\":\"https:\\\/\\\/deravio.com\\\/no\\\/wp-content\\\/uploads\\\/sites\\\/18\\\/2026\\\/05\\\/ofri3fs-1.jpg\",\"datePublished\":\"2026-05-04T15:53:39+00:00\",\"dateModified\":\"2026-05-04T15:54:11+00:00\",\"breadcrumb\":{\"@id\":\"https:\\\/\\\/deravio.com\\\/no\\\/produkt\\\/fargerike-selvlysende-sma-ender-40-stk\\\/#breadcrumb\"},\"inLanguage\":\"nb-NO\",\"potentialAction\":[{\"@type\":\"ReadAction\",\"target\":[\"https:\\\/\\\/deravio.com\\\/no\\\/produkt\\\/fargerike-selvlysende-sma-ender-40-stk\\\/\"]}]},{\"@type\":\"ImageObject\",\"inLanguage\":\"nb-NO\",\"@id\":\"https:\\\/\\\/deravio.com\\\/no\\\/produkt\\\/fargerike-selvlysende-sma-ender-40-stk\\\/#primaryimage\",\"url\":\"https:\\\/\\\/deravio.com\\\/no\\\/wp-content\\\/uploads\\\/sites\\\/18\\\/2026\\\/05\\\/ofri3fs-1.jpg\",\"contentUrl\":\"https:\\\/\\\/deravio.com\\\/no\\\/wp-content\\\/uploads\\\/sites\\\/18\\\/2026\\\/05\\\/ofri3fs-1.jpg\",\"width\":713,\"height\":713},{\"@type\":\"BreadcrumbList\",\"@id\":\"https:\\\/\\\/deravio.com\\\/no\\\/produkt\\\/fargerike-selvlysende-sma-ender-40-stk\\\/#breadcrumb\",\"itemListElement\":[{\"@type\":\"ListItem\",\"position\":1,\"name\":\"Home\",\"item\":\"https:\\\/\\\/deravio.com\\\/no\\\/\"},{\"@type\":\"ListItem\",\"position\":2,\"name\":\"Butikk\",\"item\":\"https:\\\/\\\/deravio.com\\\/no\\\/butikk\\\/\"},{\"@type\":\"ListItem\",\"position\":3,\"name\":\"Fargerike, selvlysende sm\u00e5 ender (40 stk)\"}]},{\"@type\":\"WebSite\",\"@id\":\"https:\\\/\\\/deravio.com\\\/no\\\/#website\",\"url\":\"https:\\\/\\\/deravio.com\\\/no\\\/\",\"name\":\"Deravio NO\",\"description\":\"\",\"publisher\":{\"@id\":\"https:\\\/\\\/deravio.com\\\/no\\\/#organization\"},\"potentialAction\":[{\"@type\":\"SearchAction\",\"target\":{\"@type\":\"EntryPoint\",\"urlTemplate\":\"https:\\\/\\\/deravio.com\\\/no\\\/?s={search_term_string}\"},\"query-input\":{\"@type\":\"PropertyValueSpecification\",\"valueRequired\":true,\"valueName\":\"search_term_string\"}}],\"inLanguage\":\"nb-NO\"},{\"@type\":\"Organization\",\"@id\":\"https:\\\/\\\/deravio.com\\\/no\\\/#organization\",\"name\":\"Mekulo\",\"url\":\"https:\\\/\\\/deravio.com\\\/no\\\/\",\"logo\":{\"@type\":\"ImageObject\",\"inLanguage\":\"nb-NO\",\"@id\":\"https:\\\/\\\/deravio.com\\\/no\\\/#\\\/schema\\\/logo\\\/image\\\/\",\"url\":\"https:\\\/\\\/deravio.com\\\/no\\\/wp-content\\\/uploads\\\/sites\\\/18\\\/2025\\\/12\\\/favicon_mekulo.png\",\"contentUrl\":\"https:\\\/\\\/deravio.com\\\/no\\\/wp-content\\\/uploads\\\/sites\\\/18\\\/2025\\\/12\\\/favicon_mekulo.png\",\"width\":50,\"height\":50,\"caption\":\"Mekulo\"},\"image\":{\"@id\":\"https:\\\/\\\/deravio.com\\\/no\\\/#\\\/schema\\\/logo\\\/image\\\/\"}}]}<\/script>\n<!-- \/ Yoast SEO plugin. -->","yoast_head_json":{"title":"Fargerike, selvlysende sm\u00e5 ender (40 stk) - Deravio NO","robots":{"index":"index","follow":"follow","max-snippet":"max-snippet:-1","max-image-preview":"max-image-preview:large","max-video-preview":"max-video-preview:-1"},"canonical":"https:\/\/deravio.com\/no\/produkt\/fargerike-selvlysende-sma-ender-40-stk\/","og_locale":"nb_NO","og_type":"article","og_title":"Fargerike, selvlysende sm\u00e5 ender (40 stk) - Deravio NO","og_description":"\ud83d\udca7Bittesm\u00e5, lysende ender som gir glede dag og natt. S\u00f8te miniatyrkompanjonger som lyser opp fantasien. \ud83e\udd86Disse fargerike, lysende sm\u00e5 endene er lekne, gl\u00f8dende minidekorasjoner som gir sjarm til ethvert rom. \ud83c\udf1eOm dagen gir de farge og personlighet, og om natten lyser de mykt og skaper en magisk atmosf\u00e6re som er perfekt for soverom, skrivebord eller kreative mikrolandskaper.","og_url":"https:\/\/deravio.com\/no\/produkt\/fargerike-selvlysende-sma-ender-40-stk\/","og_site_name":"Deravio NO","article_modified_time":"2026-05-04T15:54:11+00:00","og_image":[{"width":713,"height":713,"url":"https:\/\/deravio.com\/no\/wp-content\/uploads\/sites\/18\/2026\/05\/ofri3fs-1.jpg","type":"image\/jpeg"}],"twitter_card":"summary_large_image","twitter_misc":{"Ansl. lesetid":"2 minutter"},"schema":{"@context":"https:\/\/schema.org","@graph":[{"@type":"WebPage","@id":"https:\/\/deravio.com\/no\/produkt\/fargerike-selvlysende-sma-ender-40-stk\/","url":"https:\/\/deravio.com\/no\/produkt\/fargerike-selvlysende-sma-ender-40-stk\/","name":"Fargerike, selvlysende sm\u00e5 ender (40 stk) - Deravio NO","isPartOf":{"@id":"https:\/\/deravio.com\/no\/#website"},"primaryImageOfPage":{"@id":"https:\/\/deravio.com\/no\/produkt\/fargerike-selvlysende-sma-ender-40-stk\/#primaryimage"},"image":{"@id":"https:\/\/deravio.com\/no\/produkt\/fargerike-selvlysende-sma-ender-40-stk\/#primaryimage"},"thumbnailUrl":"https:\/\/deravio.com\/no\/wp-content\/uploads\/sites\/18\/2026\/05\/ofri3fs-1.jpg","datePublished":"2026-05-04T15:53:39+00:00","dateModified":"2026-05-04T15:54:11+00:00","breadcrumb":{"@id":"https:\/\/deravio.com\/no\/produkt\/fargerike-selvlysende-sma-ender-40-stk\/#breadcrumb"},"inLanguage":"nb-NO","potentialAction":[{"@type":"ReadAction","target":["https:\/\/deravio.com\/no\/produkt\/fargerike-selvlysende-sma-ender-40-stk\/"]}]},{"@type":"ImageObject","inLanguage":"nb-NO","@id":"https:\/\/deravio.com\/no\/produkt\/fargerike-selvlysende-sma-ender-40-stk\/#primaryimage","url":"https:\/\/deravio.com\/no\/wp-content\/uploads\/sites\/18\/2026\/05\/ofri3fs-1.jpg","contentUrl":"https:\/\/deravio.com\/no\/wp-content\/uploads\/sites\/18\/2026\/05\/ofri3fs-1.jpg","width":713,"height":713},{"@type":"BreadcrumbList","@id":"https:\/\/deravio.com\/no\/produkt\/fargerike-selvlysende-sma-ender-40-stk\/#breadcrumb","itemListElement":[{"@type":"ListItem","position":1,"name":"Home","item":"https:\/\/deravio.com\/no\/"},{"@type":"ListItem","position":2,"name":"Butikk","item":"https:\/\/deravio.com\/no\/butikk\/"},{"@type":"ListItem","position":3,"name":"Fargerike, selvlysende sm\u00e5 ender (40 stk)"}]},{"@type":"WebSite","@id":"https:\/\/deravio.com\/no\/#website","url":"https:\/\/deravio.com\/no\/","name":"Deravio NO","description":"","publisher":{"@id":"https:\/\/deravio.com\/no\/#organization"},"potentialAction":[{"@type":"SearchAction","target":{"@type":"EntryPoint","urlTemplate":"https:\/\/deravio.com\/no\/?s={search_term_string}"},"query-input":{"@type":"PropertyValueSpecification","valueRequired":true,"valueName":"search_term_string"}}],"inLanguage":"nb-NO"},{"@type":"Organization","@id":"https:\/\/deravio.com\/no\/#organization","name":"Mekulo","url":"https:\/\/deravio.com\/no\/","logo":{"@type":"ImageObject","inLanguage":"nb-NO","@id":"https:\/\/deravio.com\/no\/#\/schema\/logo\/image\/","url":"https:\/\/deravio.com\/no\/wp-content\/uploads\/sites\/18\/2025\/12\/favicon_mekulo.png","contentUrl":"https:\/\/deravio.com\/no\/wp-content\/uploads\/sites\/18\/2025\/12\/favicon_mekulo.png","width":50,"height":50,"caption":"Mekulo"},"image":{"@id":"https:\/\/deravio.com\/no\/#\/schema\/logo\/image\/"}}]}},"_links":{"self":[{"href":"https:\/\/deravio.com\/no\/wp-json\/wp\/v2\/product\/24457","targetHints":{"allow":["GET"]}}],"collection":[{"href":"https:\/\/deravio.com\/no\/wp-json\/wp\/v2\/product"}],"about":[{"href":"https:\/\/deravio.com\/no\/wp-json\/wp\/v2\/types\/product"}],"replies":[{"embeddable":true,"href":"https:\/\/deravio.com\/no\/wp-json\/wp\/v2\/comments?post=24457"}],"wp:featuredmedia":[{"embeddable":true,"href":"https:\/\/deravio.com\/no\/wp-json\/wp\/v2\/media\/24453"}],"wp:attachment":[{"href":"https:\/\/deravio.com\/no\/wp-json\/wp\/v2\/media?parent=24457"}],"wp:term":[{"taxonomy":"product_brand","embeddable":true,"href":"https:\/\/deravio.com\/no\/wp-json\/wp\/v2\/product_brand?post=24457"},{"taxonomy":"product_cat","embeddable":true,"href":"https:\/\/deravio.com\/no\/wp-json\/wp\/v2\/product_cat?post=24457"},{"taxonomy":"product_tag","embeddable":true,"href":"https:\/\/deravio.com\/no\/wp-json\/wp\/v2\/product_tag?post=24457"}],"curies":[{"name":"wp","href":"https:\/\/api.w.org\/{rel}","templated":true}]}}