{"id":24392,"date":"2026-05-04T18:49:35","date_gmt":"2026-05-04T15:49:35","guid":{"rendered":"https:\/\/deravio.com\/no\/produkt\/halskjede-for-mor-og-barn\/"},"modified":"2026-05-04T18:51:39","modified_gmt":"2026-05-04T15:51:39","slug":"halskjede-for-mor-og-barn","status":"publish","type":"product","link":"https:\/\/deravio.com\/no\/produkt\/halskjede-for-mor-og-barn\/","title":{"rendered":"Halskjede for mor og barn"},"content":{"rendered":"<h2 style=\"text-align: center\" data-section-id=\"wtab3f\" data-start=\"415\" data-end=\"431\">\u2728 L\u00f8ftet<\/h2>\n<p style=\"text-align: center\" data-start=\"433\" data-end=\"504\">Et symbol p\u00e5 kj\u00e6rlighet.<br data-start=\"450\" data-end=\"453\" \/>en meningsfull gave.<br data-start=\"471\" data-end=\"474\" \/>et minne hun kan b\u00e6re for alltid.<\/p>\n<p data-start=\"433\" data-end=\"504\"><img fetchpriority=\"high\" decoding=\"async\" class=\" wp-image-27695 aligncenter\" src=\"https:\/\/mekulo.com\/template\/wp-content\/uploads\/sites\/6\/2026\/03\/12213-ezgif.com-video-to-webp-converter-5.webp\" alt=\"\" width=\"550\" height=\"550\" \/><\/p>\n<h2 style=\"text-align: center\" data-section-id=\"jpn2w1\" data-start=\"511\" data-end=\"530\">\u2764\ufe0f Hovedfordeler<\/h2>\n<p data-start=\"534\" data-end=\"650\">\ud83d\udc9e Symbol p\u00e5 mor-barn-b\u00e5ndet &#8211; Et inderlig design som representerer ubetinget kj\u00e6rlighet og familietilknytning.<\/p>\n<p data-start=\"654\" data-end=\"787\">\ud83c\udf81 Perfekt gave til betydningsfulle anledninger &#8211; Ideell til morsdag, bursdager, merkedager eller en overraskende &laquo;bare fordi&raquo;-gave.<\/p>\n<p data-start=\"791\" data-end=\"900\">\ud83d\udc8e Elegante hverdagssmykker &#8211; Et tidl\u00f8st s\u00f8lvdesign som utfyller b\u00e5de uformelle og formelle antrekk.<\/p>\n<p data-start=\"904\" data-end=\"1024\">\ud83d\udee1 Holdbare materialer av h\u00f8y kvalitet &#8211; Laget av f\u00f8rsteklasses materialer designet for \u00e5 motst\u00e5 falming, korrosjon og slitasje.<\/p>\n<p data-start=\"1028\" data-end=\"1132\">\ud83d\udca7 Vannbestandig og lett \u00e5 vedlikeholde &#8211; Kan vaskes forsiktig uten \u00e5 miste glans eller skj\u00f8nnhet.<\/p>\n<p data-start=\"1136\" data-end=\"1241\">\ud83c\udf1f Sentimentalt minnesmerke &#8211; Et smykke hun kan b\u00e6re hver dag som en p\u00e5minnelse om de menneskene som betyr mest.<\/p>\n<h2 style=\"text-align: center\" data-section-id=\"d0iej6\" data-start=\"1248\" data-end=\"1271\">\u2757 Problem \u2192 L\u00f8sning<\/h2>\n<p data-start=\"1273\" data-end=\"1369\"><strong data-start=\"1273\" data-end=\"1285\">Problem:<\/strong><br data-start=\"1285\" data-end=\"1288\" \/>Mange gaver falmer over tid eller klarer ikke \u00e5 uttrykke hvor mye noen betyr for deg.<\/p>\n<p data-start=\"1371\" data-end=\"1532\"><strong data-start=\"1371\" data-end=\"1384\">L\u00f8sning:<\/strong><br data-start=\"1384\" data-end=\"1387\" \/>Dette halskjedet for mor og barn fanger kj\u00e6rligheten i et varig symbol &#8211; et smykke som representerer familie, tilknytning og uforglemmelige \u00f8yeblikk. En gave som taler fra hjertet.<\/p>\n<p data-start=\"1371\" data-end=\"1532\"><img decoding=\"async\" class=\"size-full wp-image-27691 aligncenter\" src=\"https:\/\/mekulo.com\/template\/wp-content\/uploads\/sites\/6\/2026\/03\/See602123399d4cda8f3c216d1faa5b412.jpg_960x960q75.jpg_.avif\" alt=\"\" width=\"960\" height=\"960\" \/><\/p>\n<h2 style=\"text-align: center\" data-section-id=\"1cnajmq\" data-start=\"1575\" data-end=\"1601\">\ud83c\udf3f Perfekt til<\/h2>\n<ul data-start=\"1617\" data-end=\"1756\">\n<li data-section-id=\"12tt0vs\" data-start=\"1617\" data-end=\"1639\">\n<p data-start=\"1619\" data-end=\"1639\">Morsdagsgaver<\/p>\n<\/li>\n<li data-section-id=\"1nyd72j\" data-start=\"1640\" data-end=\"1662\">\n<p data-start=\"1642\" data-end=\"1662\">F\u00f8dselsdagsoverraskelser<\/p>\n<\/li>\n<li data-section-id=\"1303elr\" data-start=\"1663\" data-end=\"1686\">\n<p data-start=\"1665\" data-end=\"1686\">Familiefeiringer<\/p>\n<\/li>\n<li data-section-id=\"1icjjg1\" data-start=\"1687\" data-end=\"1716\">\n<p data-start=\"1689\" data-end=\"1716\">Daglige sentimentale smykker<\/p>\n<\/li>\n<li data-section-id=\"sow21h\" data-start=\"1717\" data-end=\"1756\">\n<p data-start=\"1719\" data-end=\"1756\">En meningsfull p\u00e5minnelse om dine kj\u00e6re<\/p>\n<\/li>\n<\/ul>\n<p data-start=\"1758\" data-end=\"1812\">Et lite smykke med stor f\u00f8lelsesmessig betydning.<\/p>\n<h2 style=\"text-align: center\" data-section-id=\"1k514u3\" data-start=\"1819\" data-end=\"1835\">\u2699\ufe0f Slik bruker du det<\/h2>\n<ol data-start=\"1837\" data-end=\"2022\">\n<li data-section-id=\"h0qfhd\" data-start=\"1837\" data-end=\"1897\">\n<p data-start=\"1840\" data-end=\"1897\">Plasser halskjedet rundt halsen og fest l\u00e5sen.<\/p>\n<\/li>\n<li data-section-id=\"e86mc6\" data-start=\"1898\" data-end=\"1959\">\n<p data-start=\"1901\" data-end=\"1959\">Juster anhenget slik at det sitter komfortabelt n\u00e6r hjertet.<\/p>\n<\/li>\n<li data-section-id=\"1f4zglu\" data-start=\"1960\" data-end=\"2022\">\n<p data-start=\"1963\" data-end=\"2022\">Bruk det hver dag som en p\u00e5minnelse om familiens kj\u00e6rlighet og tilknytning.<\/p>\n<\/li>\n<\/ol>\n<h2 style=\"text-align: center\" data-section-id=\"6cujb5\" data-start=\"2063\" data-end=\"2084\">\ud83d\udcd0 Produktdetaljer<\/h2>\n<ul data-start=\"2086\" data-end=\"2331\">\n<li data-section-id=\"1wjlhlb\" data-start=\"2108\" data-end=\"2152\">\n<p data-start=\"2110\" data-end=\"2152\">Materiale: Holdbart metall av h\u00f8y kvalitet<\/p>\n<\/li>\n<li data-section-id=\"1qghduh\" data-start=\"2153\" data-end=\"2205\">\n<p data-start=\"2155\" data-end=\"2205\">Design: Symbolsk anheng med mor og barn<\/p>\n<\/li>\n<li data-section-id=\"1l6txja\" data-start=\"2206\" data-end=\"2264\">\n<p data-start=\"2208\" data-end=\"2264\">Slitestyrke: Fadebestandig og korrosjonsbestandig<\/p>\n<\/li>\n<li data-section-id=\"1cfot21\" data-start=\"2265\" data-end=\"2306\">\n<p data-start=\"2267\" data-end=\"2306\">Stil: Unisex sentimentale smykker<\/p>\n<\/li>\n<\/ul>\n<h2 style=\"text-align: center\" data-section-id=\"1qc1r63\" data-start=\"2391\" data-end=\"2413\">\ud83d\udce6 Pakken inneholder<\/h2>\n<ul data-start=\"2415\" data-end=\"2444\">\n<li data-section-id=\"w3p3cs\" data-start=\"2415\" data-end=\"2444\">\n<p data-start=\"2417\" data-end=\"2444\">1x mor og barn halskjede.<\/p>\n<\/li>\n<\/ul>\n","protected":false},"excerpt":{"rendered":"<p>\ud83e\udd31Et tidl\u00f8st symbol p\u00e5 en mors ubetingede kj\u00e6rlighet. Feir b\u00e5ndet som varer evig.<br \/>\n\ud83d\udc69\u200d\ud83d\udc67\u200d\ud83d\udc66This mor og barn halskjede er en vakker p\u00e5minnelse om den dype forbindelsen mellom en mor og hennes barn.<br \/>\n\ud83d\udc8cElegant, meningsfylt og designet for \u00e5 vare, b\u00e6rer dette halskjedet et budskap om kj\u00e6rlighet som forblir n\u00e6r hjertet hver eneste dag.<\/p>\n","protected":false},"featured_media":24388,"comment_status":"open","ping_status":"closed","template":"","meta":{"site-sidebar-layout":"default","site-content-layout":"","ast-site-content-layout":"default","site-content-style":"default","site-sidebar-style":"default","ast-global-header-display":"","ast-banner-title-visibility":"","ast-main-header-display":"","ast-hfb-above-header-display":"","ast-hfb-below-header-display":"","ast-hfb-mobile-header-display":"","site-post-title":"","ast-breadcrumbs-content":"","ast-featured-img":"","footer-sml-layout":"","ast-disable-related-posts":"","theme-transparent-header-meta":"default","adv-header-id-meta":"","stick-header-meta":"","header-above-stick-meta":"","header-main-stick-meta":"","header-below-stick-meta":"","astra-migrate-meta-layouts":"set","ast-page-background-enabled":"default","ast-page-background-meta":{"desktop":{"background-color":"var(--ast-global-color-5)","background-image":"","background-repeat":"repeat","background-position":"center center","background-size":"auto","background-attachment":"scroll","background-type":"","background-media":"","overlay-type":"","overlay-color":"","overlay-opacity":"","overlay-gradient":""},"tablet":{"background-color":"","background-image":"","background-repeat":"repeat","background-position":"center center","background-size":"auto","background-attachment":"scroll","background-type":"","background-media":"","overlay-type":"","overlay-color":"","overlay-opacity":"","overlay-gradient":""},"mobile":{"background-color":"","background-image":"","background-repeat":"repeat","background-position":"center center","background-size":"auto","background-attachment":"scroll","background-type":"","background-media":"","overlay-type":"","overlay-color":"","overlay-opacity":"","overlay-gradient":""}},"ast-content-background-meta":{"desktop":{"background-color":"var(--ast-global-color-4)","background-image":"","background-repeat":"repeat","background-position":"center center","background-size":"auto","background-attachment":"scroll","background-type":"","background-media":"","overlay-type":"","overlay-color":"","overlay-opacity":"","overlay-gradient":""},"tablet":{"background-color":"var(--ast-global-color-4)","background-image":"","background-repeat":"repeat","background-position":"center center","background-size":"auto","background-attachment":"scroll","background-type":"","background-media":"","overlay-type":"","overlay-color":"","overlay-opacity":"","overlay-gradient":""},"mobile":{"background-color":"var(--ast-global-color-4)","background-image":"","background-repeat":"repeat","background-position":"center center","background-size":"auto","background-attachment":"scroll","background-type":"","background-media":"","overlay-type":"","overlay-color":"","overlay-opacity":"","overlay-gradient":""}}},"product_brand":[],"product_cat":[165],"product_tag":[],"class_list":{"0":"post-24392","1":"product","2":"type-product","3":"status-publish","4":"has-post-thumbnail","6":"product_cat-fottoy-tilbehor","7":"pa_66643_0gq8tdcv-1-gutt","8":"pa_66643_0gq8tdcv-1-gutt-1-jente","9":"pa_66643_0gq8tdcv-1-jente","10":"pa_66643_0gq8tdcv-1-jente-3-gutter","11":"pa_66643_0gq8tdcv-2-gutter","12":"pa_66643_0gq8tdcv-2-gutter-1-jente","13":"pa_66643_0gq8tdcv-2-jenter","14":"pa_66643_0gq8tdcv-2-jenter-1-gutt","15":"pa_66643_0gq8tdcv-2-jenter-2-gutter","16":"pa_66643_0gq8tdcv-3-gutter","17":"pa_66643_0gq8tdcv-3-jenter","18":"pa_66643_0gq8tdcv-3-jenter-1-gutt","19":"pa_66643_0gq8tdcv-4-gutter","20":"pa_66643_0gq8tdcv-4-jenter","21":"pa_66643_ifk97op5-gull","22":"pa_66643_ifk97op5-solv","23":"desktop-align-left","24":"tablet-align-left","25":"mobile-align-left","27":"first","28":"instock","29":"shipping-taxable","30":"purchasable","31":"product-type-variable","32":"has-default-attributes"},"yoast_head":"<!-- This site is optimized with the Yoast SEO plugin v27.4 - https:\/\/yoast.com\/product\/yoast-seo-wordpress\/ -->\n<title>Halskjede for mor og barn - Deravio NO<\/title>\n<meta name=\"robots\" content=\"index, follow, max-snippet:-1, max-image-preview:large, max-video-preview:-1\" \/>\n<link rel=\"canonical\" href=\"https:\/\/deravio.com\/no\/produkt\/halskjede-for-mor-og-barn\/\" \/>\n<meta property=\"og:locale\" content=\"nb_NO\" \/>\n<meta property=\"og:type\" content=\"article\" \/>\n<meta property=\"og:title\" content=\"Halskjede for mor og barn - Deravio NO\" \/>\n<meta property=\"og:description\" content=\"\ud83e\udd31Et tidl\u00f8st symbol p\u00e5 en mors ubetingede kj\u00e6rlighet. Feir b\u00e5ndet som varer evig. \ud83d\udc69\u200d\ud83d\udc67\u200d\ud83d\udc66This mor og barn halskjede er en vakker p\u00e5minnelse om den dype forbindelsen mellom en mor og hennes barn. \ud83d\udc8cElegant, meningsfylt og designet for \u00e5 vare, b\u00e6rer dette halskjedet et budskap om kj\u00e6rlighet som forblir n\u00e6r hjertet hver eneste dag.\" \/>\n<meta property=\"og:url\" content=\"https:\/\/deravio.com\/no\/produkt\/halskjede-for-mor-og-barn\/\" \/>\n<meta property=\"og:site_name\" content=\"Deravio NO\" \/>\n<meta property=\"article:modified_time\" content=\"2026-05-04T15:51:39+00:00\" \/>\n<meta property=\"og:image\" content=\"https:\/\/deravio.com\/no\/wp-content\/uploads\/sites\/18\/2026\/05\/xuq8n88-1.webp\" \/>\n\t<meta property=\"og:image:width\" content=\"600\" \/>\n\t<meta property=\"og:image:height\" content=\"600\" \/>\n\t<meta property=\"og:image:type\" content=\"image\/webp\" \/>\n<meta name=\"twitter:card\" content=\"summary_large_image\" \/>\n<meta name=\"twitter:label1\" content=\"Ansl. lesetid\" \/>\n\t<meta name=\"twitter:data1\" content=\"2 minutter\" \/>\n<script type=\"application\/ld+json\" class=\"yoast-schema-graph\">{\"@context\":\"https:\\\/\\\/schema.org\",\"@graph\":[{\"@type\":\"WebPage\",\"@id\":\"https:\\\/\\\/deravio.com\\\/no\\\/produkt\\\/halskjede-for-mor-og-barn\\\/\",\"url\":\"https:\\\/\\\/deravio.com\\\/no\\\/produkt\\\/halskjede-for-mor-og-barn\\\/\",\"name\":\"Halskjede for mor og barn - Deravio NO\",\"isPartOf\":{\"@id\":\"https:\\\/\\\/deravio.com\\\/no\\\/#website\"},\"primaryImageOfPage\":{\"@id\":\"https:\\\/\\\/deravio.com\\\/no\\\/produkt\\\/halskjede-for-mor-og-barn\\\/#primaryimage\"},\"image\":{\"@id\":\"https:\\\/\\\/deravio.com\\\/no\\\/produkt\\\/halskjede-for-mor-og-barn\\\/#primaryimage\"},\"thumbnailUrl\":\"https:\\\/\\\/deravio.com\\\/no\\\/wp-content\\\/uploads\\\/sites\\\/18\\\/2026\\\/05\\\/xuq8n88-1.webp\",\"datePublished\":\"2026-05-04T15:49:35+00:00\",\"dateModified\":\"2026-05-04T15:51:39+00:00\",\"breadcrumb\":{\"@id\":\"https:\\\/\\\/deravio.com\\\/no\\\/produkt\\\/halskjede-for-mor-og-barn\\\/#breadcrumb\"},\"inLanguage\":\"nb-NO\",\"potentialAction\":[{\"@type\":\"ReadAction\",\"target\":[\"https:\\\/\\\/deravio.com\\\/no\\\/produkt\\\/halskjede-for-mor-og-barn\\\/\"]}]},{\"@type\":\"ImageObject\",\"inLanguage\":\"nb-NO\",\"@id\":\"https:\\\/\\\/deravio.com\\\/no\\\/produkt\\\/halskjede-for-mor-og-barn\\\/#primaryimage\",\"url\":\"https:\\\/\\\/deravio.com\\\/no\\\/wp-content\\\/uploads\\\/sites\\\/18\\\/2026\\\/05\\\/xuq8n88-1.webp\",\"contentUrl\":\"https:\\\/\\\/deravio.com\\\/no\\\/wp-content\\\/uploads\\\/sites\\\/18\\\/2026\\\/05\\\/xuq8n88-1.webp\",\"width\":600,\"height\":600},{\"@type\":\"BreadcrumbList\",\"@id\":\"https:\\\/\\\/deravio.com\\\/no\\\/produkt\\\/halskjede-for-mor-og-barn\\\/#breadcrumb\",\"itemListElement\":[{\"@type\":\"ListItem\",\"position\":1,\"name\":\"Home\",\"item\":\"https:\\\/\\\/deravio.com\\\/no\\\/\"},{\"@type\":\"ListItem\",\"position\":2,\"name\":\"Butikk\",\"item\":\"https:\\\/\\\/deravio.com\\\/no\\\/butikk\\\/\"},{\"@type\":\"ListItem\",\"position\":3,\"name\":\"Halskjede for mor og barn\"}]},{\"@type\":\"WebSite\",\"@id\":\"https:\\\/\\\/deravio.com\\\/no\\\/#website\",\"url\":\"https:\\\/\\\/deravio.com\\\/no\\\/\",\"name\":\"Deravio NO\",\"description\":\"\",\"publisher\":{\"@id\":\"https:\\\/\\\/deravio.com\\\/no\\\/#organization\"},\"potentialAction\":[{\"@type\":\"SearchAction\",\"target\":{\"@type\":\"EntryPoint\",\"urlTemplate\":\"https:\\\/\\\/deravio.com\\\/no\\\/?s={search_term_string}\"},\"query-input\":{\"@type\":\"PropertyValueSpecification\",\"valueRequired\":true,\"valueName\":\"search_term_string\"}}],\"inLanguage\":\"nb-NO\"},{\"@type\":\"Organization\",\"@id\":\"https:\\\/\\\/deravio.com\\\/no\\\/#organization\",\"name\":\"Mekulo\",\"url\":\"https:\\\/\\\/deravio.com\\\/no\\\/\",\"logo\":{\"@type\":\"ImageObject\",\"inLanguage\":\"nb-NO\",\"@id\":\"https:\\\/\\\/deravio.com\\\/no\\\/#\\\/schema\\\/logo\\\/image\\\/\",\"url\":\"https:\\\/\\\/deravio.com\\\/no\\\/wp-content\\\/uploads\\\/sites\\\/18\\\/2025\\\/12\\\/favicon_mekulo.png\",\"contentUrl\":\"https:\\\/\\\/deravio.com\\\/no\\\/wp-content\\\/uploads\\\/sites\\\/18\\\/2025\\\/12\\\/favicon_mekulo.png\",\"width\":50,\"height\":50,\"caption\":\"Mekulo\"},\"image\":{\"@id\":\"https:\\\/\\\/deravio.com\\\/no\\\/#\\\/schema\\\/logo\\\/image\\\/\"}}]}<\/script>\n<!-- \/ Yoast SEO plugin. -->","yoast_head_json":{"title":"Halskjede for mor og barn - Deravio NO","robots":{"index":"index","follow":"follow","max-snippet":"max-snippet:-1","max-image-preview":"max-image-preview:large","max-video-preview":"max-video-preview:-1"},"canonical":"https:\/\/deravio.com\/no\/produkt\/halskjede-for-mor-og-barn\/","og_locale":"nb_NO","og_type":"article","og_title":"Halskjede for mor og barn - Deravio NO","og_description":"\ud83e\udd31Et tidl\u00f8st symbol p\u00e5 en mors ubetingede kj\u00e6rlighet. Feir b\u00e5ndet som varer evig. \ud83d\udc69\u200d\ud83d\udc67\u200d\ud83d\udc66This mor og barn halskjede er en vakker p\u00e5minnelse om den dype forbindelsen mellom en mor og hennes barn. \ud83d\udc8cElegant, meningsfylt og designet for \u00e5 vare, b\u00e6rer dette halskjedet et budskap om kj\u00e6rlighet som forblir n\u00e6r hjertet hver eneste dag.","og_url":"https:\/\/deravio.com\/no\/produkt\/halskjede-for-mor-og-barn\/","og_site_name":"Deravio NO","article_modified_time":"2026-05-04T15:51:39+00:00","og_image":[{"width":600,"height":600,"url":"https:\/\/deravio.com\/no\/wp-content\/uploads\/sites\/18\/2026\/05\/xuq8n88-1.webp","type":"image\/webp"}],"twitter_card":"summary_large_image","twitter_misc":{"Ansl. lesetid":"2 minutter"},"schema":{"@context":"https:\/\/schema.org","@graph":[{"@type":"WebPage","@id":"https:\/\/deravio.com\/no\/produkt\/halskjede-for-mor-og-barn\/","url":"https:\/\/deravio.com\/no\/produkt\/halskjede-for-mor-og-barn\/","name":"Halskjede for mor og barn - Deravio NO","isPartOf":{"@id":"https:\/\/deravio.com\/no\/#website"},"primaryImageOfPage":{"@id":"https:\/\/deravio.com\/no\/produkt\/halskjede-for-mor-og-barn\/#primaryimage"},"image":{"@id":"https:\/\/deravio.com\/no\/produkt\/halskjede-for-mor-og-barn\/#primaryimage"},"thumbnailUrl":"https:\/\/deravio.com\/no\/wp-content\/uploads\/sites\/18\/2026\/05\/xuq8n88-1.webp","datePublished":"2026-05-04T15:49:35+00:00","dateModified":"2026-05-04T15:51:39+00:00","breadcrumb":{"@id":"https:\/\/deravio.com\/no\/produkt\/halskjede-for-mor-og-barn\/#breadcrumb"},"inLanguage":"nb-NO","potentialAction":[{"@type":"ReadAction","target":["https:\/\/deravio.com\/no\/produkt\/halskjede-for-mor-og-barn\/"]}]},{"@type":"ImageObject","inLanguage":"nb-NO","@id":"https:\/\/deravio.com\/no\/produkt\/halskjede-for-mor-og-barn\/#primaryimage","url":"https:\/\/deravio.com\/no\/wp-content\/uploads\/sites\/18\/2026\/05\/xuq8n88-1.webp","contentUrl":"https:\/\/deravio.com\/no\/wp-content\/uploads\/sites\/18\/2026\/05\/xuq8n88-1.webp","width":600,"height":600},{"@type":"BreadcrumbList","@id":"https:\/\/deravio.com\/no\/produkt\/halskjede-for-mor-og-barn\/#breadcrumb","itemListElement":[{"@type":"ListItem","position":1,"name":"Home","item":"https:\/\/deravio.com\/no\/"},{"@type":"ListItem","position":2,"name":"Butikk","item":"https:\/\/deravio.com\/no\/butikk\/"},{"@type":"ListItem","position":3,"name":"Halskjede for mor og barn"}]},{"@type":"WebSite","@id":"https:\/\/deravio.com\/no\/#website","url":"https:\/\/deravio.com\/no\/","name":"Deravio NO","description":"","publisher":{"@id":"https:\/\/deravio.com\/no\/#organization"},"potentialAction":[{"@type":"SearchAction","target":{"@type":"EntryPoint","urlTemplate":"https:\/\/deravio.com\/no\/?s={search_term_string}"},"query-input":{"@type":"PropertyValueSpecification","valueRequired":true,"valueName":"search_term_string"}}],"inLanguage":"nb-NO"},{"@type":"Organization","@id":"https:\/\/deravio.com\/no\/#organization","name":"Mekulo","url":"https:\/\/deravio.com\/no\/","logo":{"@type":"ImageObject","inLanguage":"nb-NO","@id":"https:\/\/deravio.com\/no\/#\/schema\/logo\/image\/","url":"https:\/\/deravio.com\/no\/wp-content\/uploads\/sites\/18\/2025\/12\/favicon_mekulo.png","contentUrl":"https:\/\/deravio.com\/no\/wp-content\/uploads\/sites\/18\/2025\/12\/favicon_mekulo.png","width":50,"height":50,"caption":"Mekulo"},"image":{"@id":"https:\/\/deravio.com\/no\/#\/schema\/logo\/image\/"}}]}},"_links":{"self":[{"href":"https:\/\/deravio.com\/no\/wp-json\/wp\/v2\/product\/24392","targetHints":{"allow":["GET"]}}],"collection":[{"href":"https:\/\/deravio.com\/no\/wp-json\/wp\/v2\/product"}],"about":[{"href":"https:\/\/deravio.com\/no\/wp-json\/wp\/v2\/types\/product"}],"replies":[{"embeddable":true,"href":"https:\/\/deravio.com\/no\/wp-json\/wp\/v2\/comments?post=24392"}],"wp:featuredmedia":[{"embeddable":true,"href":"https:\/\/deravio.com\/no\/wp-json\/wp\/v2\/media\/24388"}],"wp:attachment":[{"href":"https:\/\/deravio.com\/no\/wp-json\/wp\/v2\/media?parent=24392"}],"wp:term":[{"taxonomy":"product_brand","embeddable":true,"href":"https:\/\/deravio.com\/no\/wp-json\/wp\/v2\/product_brand?post=24392"},{"taxonomy":"product_cat","embeddable":true,"href":"https:\/\/deravio.com\/no\/wp-json\/wp\/v2\/product_cat?post=24392"},{"taxonomy":"product_tag","embeddable":true,"href":"https:\/\/deravio.com\/no\/wp-json\/wp\/v2\/product_tag?post=24392"}],"curies":[{"name":"wp","href":"https:\/\/api.w.org\/{rel}","templated":true}]}}