{"id":24371,"date":"2026-05-04T18:46:21","date_gmt":"2026-05-04T15:46:21","guid":{"rendered":"https:\/\/deravio.com\/no\/produkt\/3-i-1-led-lykt-for-camping\/"},"modified":"2026-05-04T18:46:46","modified_gmt":"2026-05-04T15:46:46","slug":"3-i-1-led-lykt-for-camping","status":"publish","type":"product","link":"https:\/\/deravio.com\/no\/produkt\/3-i-1-led-lykt-for-camping\/","title":{"rendered":"3-i-1 LED-lykt for camping"},"content":{"rendered":"<h2 style=\"text-align: center\" data-section-id=\"wtab3f\" data-start=\"424\" data-end=\"440\">\u2728 L\u00f8ftet<\/h2>\n<p style=\"text-align: center\" data-start=\"442\" data-end=\"498\">Sterkt lys.<br data-start=\"455\" data-end=\"458\" \/>B\u00e6rbar design.<br data-start=\"474\" data-end=\"477\" \/>P\u00e5litelig ytelse.<\/p>\n<p data-start=\"442\" data-end=\"498\"><img fetchpriority=\"high\" decoding=\"async\" class=\" wp-image-27676 aligncenter\" src=\"https:\/\/mekulo.com\/template\/wp-content\/uploads\/sites\/6\/2026\/03\/12212-ezgif.com-video-to-webp-converter-6.webp\" alt=\"\" width=\"551\" height=\"551\" \/><\/p>\n<h2 style=\"text-align: center\" data-section-id=\"c3oupd\" data-start=\"505\" data-end=\"524\">\ud83d\udd26 Hovedfordeler<\/h2>\n<p data-start=\"528\" data-end=\"640\">\ud83d\udca1 Ultraskarp LED-belysning &#8211; 30 energieffektive lysdioder med COB-teknologi gir kraftig belysning.<\/p>\n<p data-start=\"644\" data-end=\"746\">\ud83d\udd04 360\u00b0 lysdekning &#8211; Lyser opp telt, campingplasser eller rom jevnt med lysstyrke i vidvinkel.<\/p>\n<p data-start=\"750\" data-end=\"854\">\ud83e\uddf3 Kompakt, sammenleggbar design &#8211; Kan enkelt foldes sammen for \u00e5 spare plass i ryggsekken eller n\u00f8dutstyret.<\/p>\n<p data-start=\"858\" data-end=\"962\">\ud83e\ude9d Henges opp eller b\u00e6res hvor som helst &#8211; Lett design som gj\u00f8r den enkel \u00e5 henge opp i telt, tr\u00e6r eller tilfluktsrom.<\/p>\n<p data-start=\"966\" data-end=\"1075\">\ud83d\udee1 Slitesterk utend\u00f8rskonstruksjon &#8211; Laget av sterke, vannavst\u00f8tende materialer designet for utend\u00f8rs bruk.<\/p>\n<p data-start=\"1079\" data-end=\"1169\">\ud83d\udd0b Langvarig batterilevetid &#8211; Fungerer i opptil 5 timer med standard AAA-batterier.<\/p>\n<h2 style=\"text-align: center\" data-section-id=\"d0iej6\" data-start=\"1176\" data-end=\"1199\">\u2757 Problem \u2192 L\u00f8sning<\/h2>\n<p data-start=\"1201\" data-end=\"1298\"><strong data-start=\"1201\" data-end=\"1213\">Problem:<\/strong><br data-start=\"1213\" data-end=\"1216\" \/>Uteturer eller uventede str\u00f8mbrudd kan f\u00f8re til at du st\u00e5r uten p\u00e5litelig belysning.<\/p>\n<p data-start=\"1300\" data-end=\"1492\"><strong data-start=\"1300\" data-end=\"1313\">L\u00f8sning:<\/strong><br data-start=\"1313\" data-end=\"1316\" \/>Denne 3-i-1 LED-campinglykten gir sterk, b\u00e6rbar belysning som du enkelt kan b\u00e6re, henge opp eller oppbevare &#8211; slik at du alltid har p\u00e5litelig lys n\u00e5r du trenger det som mest. Lys som er klar for alle situasjoner.<\/p>\n<p data-start=\"1300\" data-end=\"1492\"><img decoding=\"async\" class=\"size-full wp-image-27674 aligncenter\" src=\"https:\/\/mekulo.com\/template\/wp-content\/uploads\/sites\/6\/2026\/03\/3-4.jpg\" alt=\"\" width=\"800\" height=\"800\" \/><\/p>\n<h2 style=\"text-align: center\" data-section-id=\"110ucp4\" data-start=\"1538\" data-end=\"1564\">\ud83c\udfd5 Perfekt for<\/h2>\n<ul data-start=\"1580\" data-end=\"1748\">\n<li data-section-id=\"1wn5syj\" data-start=\"1580\" data-end=\"1597\">\n<p data-start=\"1582\" data-end=\"1597\">Campingturer<\/p>\n<\/li>\n<li data-section-id=\"smj4r0\" data-start=\"1598\" data-end=\"1631\">\n<p data-start=\"1600\" data-end=\"1631\">Fotturer og friluftsliv<\/p>\n<\/li>\n<li data-section-id=\"1jv7ohc\" data-start=\"1632\" data-end=\"1655\">\n<p data-start=\"1634\" data-end=\"1655\">Fiske og jakt<\/p>\n<\/li>\n<li data-section-id=\"1s9qxq4\" data-start=\"1656\" data-end=\"1687\">\n<p data-start=\"1658\" data-end=\"1687\">Nattvandringer og utforsking<\/p>\n<\/li>\n<li data-section-id=\"2iy8v4\" data-start=\"1688\" data-end=\"1715\">\n<p data-start=\"1690\" data-end=\"1715\">N\u00f8dstr\u00f8mbrudd<\/p>\n<\/li>\n<li data-section-id=\"1dixkey\" data-start=\"1716\" data-end=\"1748\">\n<p data-start=\"1718\" data-end=\"1748\">Lesing eller avslapping i telt<\/p>\n<\/li>\n<\/ul>\n<p data-start=\"1750\" data-end=\"1806\">En praktisk belysningsl\u00f8sning for hjemme- og friluftsliv.<\/p>\n<h2 style=\"text-align: center\" data-section-id=\"1k514u3\" data-start=\"1813\" data-end=\"1829\">\u2699\ufe0f Slik bruker du den<\/h2>\n<ol data-start=\"1831\" data-end=\"2024\">\n<li data-section-id=\"p404wv\" data-start=\"1831\" data-end=\"1879\">\n<p data-start=\"1834\" data-end=\"1879\">Sett inn 3 x AAA-batterier i lykten.<\/p>\n<\/li>\n<li data-section-id=\"14gl0hf\" data-start=\"1880\" data-end=\"1930\">\n<p data-start=\"1883\" data-end=\"1930\">Utvid lykten for \u00e5 aktivere LED-lysene.<\/p>\n<\/li>\n<li data-section-id=\"y56ylw\" data-start=\"1931\" data-end=\"1981\">\n<p data-start=\"1934\" data-end=\"1981\">Heng den opp eller plasser den der du trenger belysning.<\/p>\n<\/li>\n<li data-section-id=\"1xsbax8\" data-start=\"1982\" data-end=\"2024\">\n<p data-start=\"1985\" data-end=\"2024\">Skjul den igjen for kompakt oppbevaring.<\/p>\n<\/li>\n<\/ol>\n<h2 style=\"text-align: center\" data-section-id=\"6cujb5\" data-start=\"2070\" data-end=\"2091\">\ud83d\udcd0 Produktdetaljer<\/h2>\n<ul data-start=\"2093\" data-end=\"2359\">\n<li data-section-id=\"1tnqpm9\" data-start=\"2093\" data-end=\"2145\">\n<p data-start=\"2095\" data-end=\"2145\">Lyskilde: 30 LED-lys + COB-teknologi<\/p>\n<\/li>\n<li data-section-id=\"1a736zw\" data-start=\"2146\" data-end=\"2190\">\n<p data-start=\"2148\" data-end=\"2190\">Lysdekning: 360\u00b0 belysning<\/p>\n<\/li>\n<li data-section-id=\"k0tapq\" data-start=\"2191\" data-end=\"2230\">\n<p data-start=\"2193\" data-end=\"2230\">Str\u00f8mkilde: 3x AAA-batterier<\/p>\n<\/li>\n<li data-section-id=\"km8lp6\" data-start=\"2231\" data-end=\"2264\">\n<p data-start=\"2233\" data-end=\"2264\">Brukstid: Opptil 5 timer<\/p>\n<\/li>\n<li data-section-id=\"iyu4p\" data-start=\"2265\" data-end=\"2314\">\n<p data-start=\"2267\" data-end=\"2314\">Materiale: Vannbestandig, slitesterk plast<\/p>\n<\/li>\n<li data-section-id=\"1bh9h2p\" data-start=\"2315\" data-end=\"2359\">\n<p data-start=\"2317\" data-end=\"2359\">Design: Sammenleggbar, b\u00e6rbar lykt<\/p>\n<\/li>\n<li data-section-id=\"1bh9h2p\" data-start=\"2315\" data-end=\"2359\">St\u00f8rrelse: Liten (190 x 68 cm), Stor (250 x 85 cm)<\/li>\n<\/ul>\n<h2 style=\"text-align: center\" data-section-id=\"1qc1r63\" data-start=\"2429\" data-end=\"2451\">\ud83d\udce6 Pakken inneholder<\/h2>\n<ul data-start=\"2453\" data-end=\"2485\">\n<li data-section-id=\"17wcs8n\" data-start=\"2453\" data-end=\"2485\">\n<p data-start=\"2455\" data-end=\"2485\">1, 2, 4x 3-i-1 LED-campinglykt.<\/p>\n<\/li>\n<\/ul>\n","protected":false},"excerpt":{"rendered":"<p>\ud83d\udd0bP\u00e5litelig lys uansett hvor eventyret tar deg. Kompakt kraft for utend\u00f8rs- og n\u00f8dbelysning.<br \/>\n\ud83d\udca1Denne 3-i-1 LED-campinglykten gir sterk 360 \u00b0 belysning i en kompakt, sammenleggbar design.<br \/>\n\ud83c\udfd5\ufe0fBuilt for utend\u00f8rs holdbarhet og hverdagskomfort, og gir p\u00e5litelig belysning enten du er p\u00e5 camping, fotturer eller st\u00e5r overfor str\u00f8mbrudd.<\/p>\n","protected":false},"featured_media":24367,"comment_status":"open","ping_status":"closed","template":"","meta":{"site-sidebar-layout":"default","site-content-layout":"","ast-site-content-layout":"default","site-content-style":"default","site-sidebar-style":"default","ast-global-header-display":"","ast-banner-title-visibility":"","ast-main-header-display":"","ast-hfb-above-header-display":"","ast-hfb-below-header-display":"","ast-hfb-mobile-header-display":"","site-post-title":"","ast-breadcrumbs-content":"","ast-featured-img":"","footer-sml-layout":"","ast-disable-related-posts":"","theme-transparent-header-meta":"default","adv-header-id-meta":"","stick-header-meta":"","header-above-stick-meta":"","header-main-stick-meta":"","header-below-stick-meta":"","astra-migrate-meta-layouts":"set","ast-page-background-enabled":"default","ast-page-background-meta":{"desktop":{"background-color":"var(--ast-global-color-5)","background-image":"","background-repeat":"repeat","background-position":"center center","background-size":"auto","background-attachment":"scroll","background-type":"","background-media":"","overlay-type":"","overlay-color":"","overlay-opacity":"","overlay-gradient":""},"tablet":{"background-color":"","background-image":"","background-repeat":"repeat","background-position":"center center","background-size":"auto","background-attachment":"scroll","background-type":"","background-media":"","overlay-type":"","overlay-color":"","overlay-opacity":"","overlay-gradient":""},"mobile":{"background-color":"","background-image":"","background-repeat":"repeat","background-position":"center center","background-size":"auto","background-attachment":"scroll","background-type":"","background-media":"","overlay-type":"","overlay-color":"","overlay-opacity":"","overlay-gradient":""}},"ast-content-background-meta":{"desktop":{"background-color":"var(--ast-global-color-4)","background-image":"","background-repeat":"repeat","background-position":"center center","background-size":"auto","background-attachment":"scroll","background-type":"","background-media":"","overlay-type":"","overlay-color":"","overlay-opacity":"","overlay-gradient":""},"tablet":{"background-color":"var(--ast-global-color-4)","background-image":"","background-repeat":"repeat","background-position":"center center","background-size":"auto","background-attachment":"scroll","background-type":"","background-media":"","overlay-type":"","overlay-color":"","overlay-opacity":"","overlay-gradient":""},"mobile":{"background-color":"var(--ast-global-color-4)","background-image":"","background-repeat":"repeat","background-position":"center center","background-size":"auto","background-attachment":"scroll","background-type":"","background-media":"","overlay-type":"","overlay-color":"","overlay-opacity":"","overlay-gradient":""}}},"product_brand":[],"product_cat":[167,168],"product_tag":[],"class_list":{"0":"post-24371","1":"product","2":"type-product","3":"status-publish","4":"has-post-thumbnail","6":"product_cat-fottur-camping-og-fritidsutstyr","7":"product_cat-husholdningsartikler","8":"pa_66620_d80bmkhg-l","9":"pa_66620_d80bmkhg-s","10":"pa_66620_zex3atlv-1-stk","11":"pa_66620_zex3atlv-2-stk","12":"pa_66620_zex3atlv-4-stk","13":"desktop-align-left","14":"tablet-align-left","15":"mobile-align-left","17":"first","18":"instock","19":"shipping-taxable","20":"purchasable","21":"product-type-variable","22":"has-default-attributes"},"yoast_head":"<!-- This site is optimized with the Yoast SEO plugin v27.4 - https:\/\/yoast.com\/product\/yoast-seo-wordpress\/ -->\n<title>3-i-1 LED-lykt for camping - Deravio NO<\/title>\n<meta name=\"robots\" content=\"index, follow, max-snippet:-1, max-image-preview:large, max-video-preview:-1\" \/>\n<link rel=\"canonical\" href=\"https:\/\/deravio.com\/no\/produkt\/3-i-1-led-lykt-for-camping\/\" \/>\n<meta property=\"og:locale\" content=\"nb_NO\" \/>\n<meta property=\"og:type\" content=\"article\" \/>\n<meta property=\"og:title\" content=\"3-i-1 LED-lykt for camping - Deravio NO\" \/>\n<meta property=\"og:description\" content=\"\ud83d\udd0bP\u00e5litelig lys uansett hvor eventyret tar deg. Kompakt kraft for utend\u00f8rs- og n\u00f8dbelysning. \ud83d\udca1Denne 3-i-1 LED-campinglykten gir sterk 360 \u00b0 belysning i en kompakt, sammenleggbar design. \ud83c\udfd5\ufe0fBuilt for utend\u00f8rs holdbarhet og hverdagskomfort, og gir p\u00e5litelig belysning enten du er p\u00e5 camping, fotturer eller st\u00e5r overfor str\u00f8mbrudd.\" \/>\n<meta property=\"og:url\" content=\"https:\/\/deravio.com\/no\/produkt\/3-i-1-led-lykt-for-camping\/\" \/>\n<meta property=\"og:site_name\" content=\"Deravio NO\" \/>\n<meta property=\"article:modified_time\" content=\"2026-05-04T15:46:46+00:00\" \/>\n<meta property=\"og:image\" content=\"https:\/\/deravio.com\/no\/wp-content\/uploads\/sites\/18\/2026\/05\/sn1p7ud-1.jpeg\" \/>\n\t<meta property=\"og:image:width\" content=\"800\" \/>\n\t<meta property=\"og:image:height\" content=\"800\" \/>\n\t<meta property=\"og:image:type\" content=\"image\/jpeg\" \/>\n<meta name=\"twitter:card\" content=\"summary_large_image\" \/>\n<meta name=\"twitter:label1\" content=\"Ansl. lesetid\" \/>\n\t<meta name=\"twitter:data1\" content=\"2 minutter\" \/>\n<script type=\"application\/ld+json\" class=\"yoast-schema-graph\">{\"@context\":\"https:\\\/\\\/schema.org\",\"@graph\":[{\"@type\":\"WebPage\",\"@id\":\"https:\\\/\\\/deravio.com\\\/no\\\/produkt\\\/3-i-1-led-lykt-for-camping\\\/\",\"url\":\"https:\\\/\\\/deravio.com\\\/no\\\/produkt\\\/3-i-1-led-lykt-for-camping\\\/\",\"name\":\"3-i-1 LED-lykt for camping - Deravio NO\",\"isPartOf\":{\"@id\":\"https:\\\/\\\/deravio.com\\\/no\\\/#website\"},\"primaryImageOfPage\":{\"@id\":\"https:\\\/\\\/deravio.com\\\/no\\\/produkt\\\/3-i-1-led-lykt-for-camping\\\/#primaryimage\"},\"image\":{\"@id\":\"https:\\\/\\\/deravio.com\\\/no\\\/produkt\\\/3-i-1-led-lykt-for-camping\\\/#primaryimage\"},\"thumbnailUrl\":\"https:\\\/\\\/deravio.com\\\/no\\\/wp-content\\\/uploads\\\/sites\\\/18\\\/2026\\\/05\\\/sn1p7ud-1.jpeg\",\"datePublished\":\"2026-05-04T15:46:21+00:00\",\"dateModified\":\"2026-05-04T15:46:46+00:00\",\"breadcrumb\":{\"@id\":\"https:\\\/\\\/deravio.com\\\/no\\\/produkt\\\/3-i-1-led-lykt-for-camping\\\/#breadcrumb\"},\"inLanguage\":\"nb-NO\",\"potentialAction\":[{\"@type\":\"ReadAction\",\"target\":[\"https:\\\/\\\/deravio.com\\\/no\\\/produkt\\\/3-i-1-led-lykt-for-camping\\\/\"]}]},{\"@type\":\"ImageObject\",\"inLanguage\":\"nb-NO\",\"@id\":\"https:\\\/\\\/deravio.com\\\/no\\\/produkt\\\/3-i-1-led-lykt-for-camping\\\/#primaryimage\",\"url\":\"https:\\\/\\\/deravio.com\\\/no\\\/wp-content\\\/uploads\\\/sites\\\/18\\\/2026\\\/05\\\/sn1p7ud-1.jpeg\",\"contentUrl\":\"https:\\\/\\\/deravio.com\\\/no\\\/wp-content\\\/uploads\\\/sites\\\/18\\\/2026\\\/05\\\/sn1p7ud-1.jpeg\",\"width\":800,\"height\":800},{\"@type\":\"BreadcrumbList\",\"@id\":\"https:\\\/\\\/deravio.com\\\/no\\\/produkt\\\/3-i-1-led-lykt-for-camping\\\/#breadcrumb\",\"itemListElement\":[{\"@type\":\"ListItem\",\"position\":1,\"name\":\"Home\",\"item\":\"https:\\\/\\\/deravio.com\\\/no\\\/\"},{\"@type\":\"ListItem\",\"position\":2,\"name\":\"Butikk\",\"item\":\"https:\\\/\\\/deravio.com\\\/no\\\/butikk\\\/\"},{\"@type\":\"ListItem\",\"position\":3,\"name\":\"3-i-1 LED-lykt for camping\"}]},{\"@type\":\"WebSite\",\"@id\":\"https:\\\/\\\/deravio.com\\\/no\\\/#website\",\"url\":\"https:\\\/\\\/deravio.com\\\/no\\\/\",\"name\":\"Deravio NO\",\"description\":\"\",\"publisher\":{\"@id\":\"https:\\\/\\\/deravio.com\\\/no\\\/#organization\"},\"potentialAction\":[{\"@type\":\"SearchAction\",\"target\":{\"@type\":\"EntryPoint\",\"urlTemplate\":\"https:\\\/\\\/deravio.com\\\/no\\\/?s={search_term_string}\"},\"query-input\":{\"@type\":\"PropertyValueSpecification\",\"valueRequired\":true,\"valueName\":\"search_term_string\"}}],\"inLanguage\":\"nb-NO\"},{\"@type\":\"Organization\",\"@id\":\"https:\\\/\\\/deravio.com\\\/no\\\/#organization\",\"name\":\"Mekulo\",\"url\":\"https:\\\/\\\/deravio.com\\\/no\\\/\",\"logo\":{\"@type\":\"ImageObject\",\"inLanguage\":\"nb-NO\",\"@id\":\"https:\\\/\\\/deravio.com\\\/no\\\/#\\\/schema\\\/logo\\\/image\\\/\",\"url\":\"https:\\\/\\\/deravio.com\\\/no\\\/wp-content\\\/uploads\\\/sites\\\/18\\\/2025\\\/12\\\/favicon_mekulo.png\",\"contentUrl\":\"https:\\\/\\\/deravio.com\\\/no\\\/wp-content\\\/uploads\\\/sites\\\/18\\\/2025\\\/12\\\/favicon_mekulo.png\",\"width\":50,\"height\":50,\"caption\":\"Mekulo\"},\"image\":{\"@id\":\"https:\\\/\\\/deravio.com\\\/no\\\/#\\\/schema\\\/logo\\\/image\\\/\"}}]}<\/script>\n<!-- \/ Yoast SEO plugin. -->","yoast_head_json":{"title":"3-i-1 LED-lykt for camping - Deravio NO","robots":{"index":"index","follow":"follow","max-snippet":"max-snippet:-1","max-image-preview":"max-image-preview:large","max-video-preview":"max-video-preview:-1"},"canonical":"https:\/\/deravio.com\/no\/produkt\/3-i-1-led-lykt-for-camping\/","og_locale":"nb_NO","og_type":"article","og_title":"3-i-1 LED-lykt for camping - Deravio NO","og_description":"\ud83d\udd0bP\u00e5litelig lys uansett hvor eventyret tar deg. Kompakt kraft for utend\u00f8rs- og n\u00f8dbelysning. \ud83d\udca1Denne 3-i-1 LED-campinglykten gir sterk 360 \u00b0 belysning i en kompakt, sammenleggbar design. \ud83c\udfd5\ufe0fBuilt for utend\u00f8rs holdbarhet og hverdagskomfort, og gir p\u00e5litelig belysning enten du er p\u00e5 camping, fotturer eller st\u00e5r overfor str\u00f8mbrudd.","og_url":"https:\/\/deravio.com\/no\/produkt\/3-i-1-led-lykt-for-camping\/","og_site_name":"Deravio NO","article_modified_time":"2026-05-04T15:46:46+00:00","og_image":[{"width":800,"height":800,"url":"https:\/\/deravio.com\/no\/wp-content\/uploads\/sites\/18\/2026\/05\/sn1p7ud-1.jpeg","type":"image\/jpeg"}],"twitter_card":"summary_large_image","twitter_misc":{"Ansl. lesetid":"2 minutter"},"schema":{"@context":"https:\/\/schema.org","@graph":[{"@type":"WebPage","@id":"https:\/\/deravio.com\/no\/produkt\/3-i-1-led-lykt-for-camping\/","url":"https:\/\/deravio.com\/no\/produkt\/3-i-1-led-lykt-for-camping\/","name":"3-i-1 LED-lykt for camping - Deravio NO","isPartOf":{"@id":"https:\/\/deravio.com\/no\/#website"},"primaryImageOfPage":{"@id":"https:\/\/deravio.com\/no\/produkt\/3-i-1-led-lykt-for-camping\/#primaryimage"},"image":{"@id":"https:\/\/deravio.com\/no\/produkt\/3-i-1-led-lykt-for-camping\/#primaryimage"},"thumbnailUrl":"https:\/\/deravio.com\/no\/wp-content\/uploads\/sites\/18\/2026\/05\/sn1p7ud-1.jpeg","datePublished":"2026-05-04T15:46:21+00:00","dateModified":"2026-05-04T15:46:46+00:00","breadcrumb":{"@id":"https:\/\/deravio.com\/no\/produkt\/3-i-1-led-lykt-for-camping\/#breadcrumb"},"inLanguage":"nb-NO","potentialAction":[{"@type":"ReadAction","target":["https:\/\/deravio.com\/no\/produkt\/3-i-1-led-lykt-for-camping\/"]}]},{"@type":"ImageObject","inLanguage":"nb-NO","@id":"https:\/\/deravio.com\/no\/produkt\/3-i-1-led-lykt-for-camping\/#primaryimage","url":"https:\/\/deravio.com\/no\/wp-content\/uploads\/sites\/18\/2026\/05\/sn1p7ud-1.jpeg","contentUrl":"https:\/\/deravio.com\/no\/wp-content\/uploads\/sites\/18\/2026\/05\/sn1p7ud-1.jpeg","width":800,"height":800},{"@type":"BreadcrumbList","@id":"https:\/\/deravio.com\/no\/produkt\/3-i-1-led-lykt-for-camping\/#breadcrumb","itemListElement":[{"@type":"ListItem","position":1,"name":"Home","item":"https:\/\/deravio.com\/no\/"},{"@type":"ListItem","position":2,"name":"Butikk","item":"https:\/\/deravio.com\/no\/butikk\/"},{"@type":"ListItem","position":3,"name":"3-i-1 LED-lykt for camping"}]},{"@type":"WebSite","@id":"https:\/\/deravio.com\/no\/#website","url":"https:\/\/deravio.com\/no\/","name":"Deravio NO","description":"","publisher":{"@id":"https:\/\/deravio.com\/no\/#organization"},"potentialAction":[{"@type":"SearchAction","target":{"@type":"EntryPoint","urlTemplate":"https:\/\/deravio.com\/no\/?s={search_term_string}"},"query-input":{"@type":"PropertyValueSpecification","valueRequired":true,"valueName":"search_term_string"}}],"inLanguage":"nb-NO"},{"@type":"Organization","@id":"https:\/\/deravio.com\/no\/#organization","name":"Mekulo","url":"https:\/\/deravio.com\/no\/","logo":{"@type":"ImageObject","inLanguage":"nb-NO","@id":"https:\/\/deravio.com\/no\/#\/schema\/logo\/image\/","url":"https:\/\/deravio.com\/no\/wp-content\/uploads\/sites\/18\/2025\/12\/favicon_mekulo.png","contentUrl":"https:\/\/deravio.com\/no\/wp-content\/uploads\/sites\/18\/2025\/12\/favicon_mekulo.png","width":50,"height":50,"caption":"Mekulo"},"image":{"@id":"https:\/\/deravio.com\/no\/#\/schema\/logo\/image\/"}}]}},"_links":{"self":[{"href":"https:\/\/deravio.com\/no\/wp-json\/wp\/v2\/product\/24371","targetHints":{"allow":["GET"]}}],"collection":[{"href":"https:\/\/deravio.com\/no\/wp-json\/wp\/v2\/product"}],"about":[{"href":"https:\/\/deravio.com\/no\/wp-json\/wp\/v2\/types\/product"}],"replies":[{"embeddable":true,"href":"https:\/\/deravio.com\/no\/wp-json\/wp\/v2\/comments?post=24371"}],"wp:featuredmedia":[{"embeddable":true,"href":"https:\/\/deravio.com\/no\/wp-json\/wp\/v2\/media\/24367"}],"wp:attachment":[{"href":"https:\/\/deravio.com\/no\/wp-json\/wp\/v2\/media?parent=24371"}],"wp:term":[{"taxonomy":"product_brand","embeddable":true,"href":"https:\/\/deravio.com\/no\/wp-json\/wp\/v2\/product_brand?post=24371"},{"taxonomy":"product_cat","embeddable":true,"href":"https:\/\/deravio.com\/no\/wp-json\/wp\/v2\/product_cat?post=24371"},{"taxonomy":"product_tag","embeddable":true,"href":"https:\/\/deravio.com\/no\/wp-json\/wp\/v2\/product_tag?post=24371"}],"curies":[{"name":"wp","href":"https:\/\/api.w.org\/{rel}","templated":true}]}}