{"id":24323,"date":"2026-05-04T18:41:06","date_gmt":"2026-05-04T15:41:06","guid":{"rendered":"https:\/\/deravio.com\/no\/produkt\/vintageinspirerte-chunky-oredobber\/"},"modified":"2026-05-04T18:41:22","modified_gmt":"2026-05-04T15:41:22","slug":"vintageinspirerte-chunky-oredobber","status":"publish","type":"product","link":"https:\/\/deravio.com\/no\/produkt\/vintageinspirerte-chunky-oredobber\/","title":{"rendered":"Vintageinspirerte, chunky \u00f8redobber"},"content":{"rendered":"<h2 style=\"text-align: center\" data-section-id=\"wtab3f\" data-start=\"404\" data-end=\"420\">\u2728 L\u00f8ftet<\/h2>\n<p style=\"text-align: center\" data-start=\"422\" data-end=\"490\">Timeless elegance.<br data-start=\"440\" data-end=\"443\" \/>Effortless style.<br data-start=\"460\" data-end=\"463\" \/>Confidence in every detail.<\/p>\n<p data-start=\"422\" data-end=\"490\"><img fetchpriority=\"high\" decoding=\"async\" class=\" wp-image-27626 aligncenter\" src=\"https:\/\/mekulo.com\/template\/wp-content\/uploads\/sites\/6\/2026\/03\/1221-ezgif.com-video-to-webp-converter-6.webp\" alt=\"\" width=\"551\" height=\"551\" \/><\/p>\n<h2 style=\"text-align: center\" data-section-id=\"ibu26x\" data-start=\"497\" data-end=\"516\">\ud83d\udc8e Hovedfordeler<\/h2>\n<p data-start=\"520\" data-end=\"616\">\u2728 Vintage-inspirert design &#8211; Klassisk firkantet form gir retro sofistikering til utseendet ditt.<\/p>\n<p data-start=\"620\" data-end=\"710\">\ud83d\udc8e Glitrende rhinestone-aksenter &#8211; Fanger lyset vakkert for subtil glans.<\/p>\n<p data-start=\"714\" data-end=\"804\">\ud83e\udd0d Elegant faux perle midtstykke &#8211; Tilf\u00f8rer tidl\u00f8s sjarm som utfyller ethvert antrekk.<\/p>\n<p data-start=\"808\" data-end=\"913\">\ud83c\udf1f Statement chunky stil &#8211; Dristig, men elegant design som skiller seg ut uten \u00e5 overd\u00f8ve utseendet ditt.<\/p>\n<p data-start=\"917\" data-end=\"1001\">\ud83e\udeb6 Lett og behagelig &#8211; designet for \u00e5 kunne brukes hele dagen uten ubehag.<\/p>\n<p data-start=\"1005\" data-end=\"1112\">\ud83d\udc57 Allsidig for enhver anledning &#8211; perfekt for uformelle antrekk, formelle arrangementer, bryllup eller kveldskl\u00e6r.<\/p>\n<h2 style=\"text-align: center\" data-section-id=\"d0iej6\" data-start=\"1119\" data-end=\"1142\">\u2757 Problem \u2192 L\u00f8sning<\/h2>\n<p data-start=\"1144\" data-end=\"1279\"><strong data-start=\"1144\" data-end=\"1156\">Problem:<\/strong><br data-start=\"1156\" data-end=\"1159\" \/>Mange \u00f8redobber f\u00f8les enten for enkle eller for tunge, noe som gj\u00f8r det vanskelig \u00e5 finne smykker som balanserer eleganse og komfort.<\/p>\n<p data-start=\"1281\" data-end=\"1459\"><strong data-start=\"1281\" data-end=\"1294\">L\u00f8sning:<\/strong><br data-start=\"1294\" data-end=\"1297\" \/>Disse vintageinspirerte, chunky \u00f8restikkene kombinerer statement-stil med lett komfort, noe som gir deg et sofistikert tilbeh\u00f8r du kan bruke med selvtillit hele dagen. Stil uten kompromisser.<\/p>\n<p data-start=\"1281\" data-end=\"1459\"><img decoding=\"async\" class=\"size-full wp-image-27629 aligncenter\" src=\"https:\/\/mekulo.com\/template\/wp-content\/uploads\/sites\/6\/2026\/03\/spp_shopify20251103103714_75c4b9d842ab6da4e6320feafaca9cd9.webp\" alt=\"\" width=\"800\" height=\"800\" \/><\/p>\n<h2 style=\"text-align: center\" data-section-id=\"ivdk7f\" data-start=\"1493\" data-end=\"1519\">\ud83d\udc57 Perfekt til<\/h2>\n<ul data-start=\"1535\" data-end=\"1652\">\n<li data-section-id=\"c7t1d2\" data-start=\"1535\" data-end=\"1565\">\n<p data-start=\"1537\" data-end=\"1565\">Bryllup og formelle arrangementer<\/p>\n<\/li>\n<li data-section-id=\"wtqo8o\" data-start=\"1566\" data-end=\"1585\">\n<p data-start=\"1568\" data-end=\"1585\">Kveldsfester<\/p>\n<\/li>\n<li data-section-id=\"uq2uov\" data-start=\"1586\" data-end=\"1614\">\n<p data-start=\"1588\" data-end=\"1614\">Elegante hverdagsantrekk<\/p>\n<\/li>\n<li data-section-id=\"1qp4621\" data-start=\"1615\" data-end=\"1630\">\n<p data-start=\"1617\" data-end=\"1630\">Kontorkl\u00e6r<\/p>\n<\/li>\n<li data-section-id=\"1cg6jwv\" data-start=\"1631\" data-end=\"1652\">\n<p data-start=\"1633\" data-end=\"1652\">Spesielle anledninger<\/p>\n<\/li>\n<\/ul>\n<p data-start=\"1654\" data-end=\"1703\">Et allsidig tilbeh\u00f8r som l\u00f8fter enhver garderobe.<\/p>\n<h2 style=\"text-align: center\" data-section-id=\"1k514u3\" data-start=\"1710\" data-end=\"1726\">\u2699\ufe0f Slik bruker du<\/h2>\n<ol data-start=\"1728\" data-end=\"1864\">\n<li data-section-id=\"fava1f\" data-start=\"1728\" data-end=\"1774\">\n<p data-start=\"1731\" data-end=\"1774\">Sett \u00f8redobben inn gjennom \u00f8repiercingen, fest den med baksiden, og kombiner den med uformelle eller formelle antrekk for en stilig finish.<\/p>\n<\/li>\n<\/ol>\n<h2 style=\"text-align: center\" data-section-id=\"6cujb5\" data-start=\"1900\" data-end=\"1921\">\ud83d\udcd0 Produktdetaljer<\/h2>\n<ul data-start=\"1923\" data-end=\"2102\">\n<li data-section-id=\"m034oa\" data-start=\"1923\" data-end=\"1959\">\n<p data-start=\"1925\" data-end=\"1959\">Materiale: Legering, Rhinestones<\/p>\n<\/li>\n<li data-section-id=\"3usqoz\" data-start=\"1960\" data-end=\"1991\">\n<p data-start=\"1962\" data-end=\"1991\">Centerpiece: Falsk perle<\/p>\n<\/li>\n<li data-section-id=\"18f5i1z\" data-start=\"1992\" data-end=\"2030\">\n<p data-start=\"1994\" data-end=\"2030\">Form: Firkantet geometrisk design<\/p>\n<\/li>\n<li data-section-id=\"1fldl72\" data-start=\"2031\" data-end=\"2057\">\n<p data-start=\"2033\" data-end=\"2057\">St\u00f8rrelse: 1,8 x 1,8 cm<\/p>\n<\/li>\n<li data-section-id=\"1g3t1ef\" data-start=\"2058\" data-end=\"2102\">\n<p data-start=\"2060\" data-end=\"2102\">Stil: Vintageinspirerte chunky \u00f8restikker<\/p>\n<\/li>\n<\/ul>\n<h2 style=\"text-align: center\" data-section-id=\"1qc1r63\" data-start=\"2164\" data-end=\"2186\">\ud83d\udce6 Pakken inneholder<\/h2>\n<ul data-start=\"2188\" data-end=\"2241\">\n<li data-section-id=\"19da5zv\" data-start=\"2188\" data-end=\"2241\">\n<p data-start=\"2190\" data-end=\"2241\">1x par vintageinspirerte chunky \u00f8restikker.<\/p>\n<\/li>\n<\/ul>\n","protected":false},"excerpt":{"rendered":"<p>\ud83d\udc57Et dristig innslag av eleganse til ethvert antrekk. Klassisk sjarm med et moderne uttrykk.<br \/>\n\ud83e\udd0dDisse vintageinspirerte \u00f8restikkene kombinerer tidl\u00f8s perleeleganse med glitrende rhinestone-aksenter.<br \/>\n\ud83d\udc8eDesignet med en dristig firkantet silhuett, gir de et raffinert uttrykk til b\u00e5de hverdagsantrekk og spesielle anledninger.<\/p>\n","protected":false},"featured_media":24319,"comment_status":"open","ping_status":"closed","template":"","meta":{"site-sidebar-layout":"default","site-content-layout":"","ast-site-content-layout":"default","site-content-style":"default","site-sidebar-style":"default","ast-global-header-display":"","ast-banner-title-visibility":"","ast-main-header-display":"","ast-hfb-above-header-display":"","ast-hfb-below-header-display":"","ast-hfb-mobile-header-display":"","site-post-title":"","ast-breadcrumbs-content":"","ast-featured-img":"","footer-sml-layout":"","ast-disable-related-posts":"","theme-transparent-header-meta":"default","adv-header-id-meta":"","stick-header-meta":"","header-above-stick-meta":"","header-main-stick-meta":"","header-below-stick-meta":"","astra-migrate-meta-layouts":"set","ast-page-background-enabled":"default","ast-page-background-meta":{"desktop":{"background-color":"var(--ast-global-color-5)","background-image":"","background-repeat":"repeat","background-position":"center center","background-size":"auto","background-attachment":"scroll","background-type":"","background-media":"","overlay-type":"","overlay-color":"","overlay-opacity":"","overlay-gradient":""},"tablet":{"background-color":"","background-image":"","background-repeat":"repeat","background-position":"center center","background-size":"auto","background-attachment":"scroll","background-type":"","background-media":"","overlay-type":"","overlay-color":"","overlay-opacity":"","overlay-gradient":""},"mobile":{"background-color":"","background-image":"","background-repeat":"repeat","background-position":"center center","background-size":"auto","background-attachment":"scroll","background-type":"","background-media":"","overlay-type":"","overlay-color":"","overlay-opacity":"","overlay-gradient":""}},"ast-content-background-meta":{"desktop":{"background-color":"var(--ast-global-color-4)","background-image":"","background-repeat":"repeat","background-position":"center center","background-size":"auto","background-attachment":"scroll","background-type":"","background-media":"","overlay-type":"","overlay-color":"","overlay-opacity":"","overlay-gradient":""},"tablet":{"background-color":"var(--ast-global-color-4)","background-image":"","background-repeat":"repeat","background-position":"center center","background-size":"auto","background-attachment":"scroll","background-type":"","background-media":"","overlay-type":"","overlay-color":"","overlay-opacity":"","overlay-gradient":""},"mobile":{"background-color":"var(--ast-global-color-4)","background-image":"","background-repeat":"repeat","background-position":"center center","background-size":"auto","background-attachment":"scroll","background-type":"","background-media":"","overlay-type":"","overlay-color":"","overlay-opacity":"","overlay-gradient":""}}},"product_brand":[],"product_cat":[165],"product_tag":[],"class_list":{"0":"post-24323","1":"product","2":"type-product","3":"status-publish","4":"has-post-thumbnail","6":"product_cat-fottoy-tilbehor","7":"pa_66595_ck0ot3xt-bla","8":"pa_66595_ck0ot3xt-hvit","9":"pa_66595_ck0ot3xt-rod","10":"desktop-align-left","11":"tablet-align-left","12":"mobile-align-left","14":"first","15":"instock","16":"shipping-taxable","17":"purchasable","18":"product-type-variable"},"yoast_head":"<!-- This site is optimized with the Yoast SEO plugin v27.4 - https:\/\/yoast.com\/product\/yoast-seo-wordpress\/ -->\n<title>Vintageinspirerte, chunky \u00f8redobber - Deravio NO<\/title>\n<meta name=\"robots\" content=\"index, follow, max-snippet:-1, max-image-preview:large, max-video-preview:-1\" \/>\n<link rel=\"canonical\" href=\"https:\/\/deravio.com\/no\/produkt\/vintageinspirerte-chunky-oredobber\/\" \/>\n<meta property=\"og:locale\" content=\"nb_NO\" \/>\n<meta property=\"og:type\" content=\"article\" \/>\n<meta property=\"og:title\" content=\"Vintageinspirerte, chunky \u00f8redobber - Deravio NO\" \/>\n<meta property=\"og:description\" content=\"\ud83d\udc57Et dristig innslag av eleganse til ethvert antrekk. Klassisk sjarm med et moderne uttrykk. \ud83e\udd0dDisse vintageinspirerte \u00f8restikkene kombinerer tidl\u00f8s perleeleganse med glitrende rhinestone-aksenter. \ud83d\udc8eDesignet med en dristig firkantet silhuett, gir de et raffinert uttrykk til b\u00e5de hverdagsantrekk og spesielle anledninger.\" \/>\n<meta property=\"og:url\" content=\"https:\/\/deravio.com\/no\/produkt\/vintageinspirerte-chunky-oredobber\/\" \/>\n<meta property=\"og:site_name\" content=\"Deravio NO\" \/>\n<meta property=\"article:modified_time\" content=\"2026-05-04T15:41:22+00:00\" \/>\n<meta property=\"og:image\" content=\"https:\/\/deravio.com\/no\/wp-content\/uploads\/sites\/18\/2026\/05\/yjufnck-1.webp\" \/>\n\t<meta property=\"og:image:width\" content=\"800\" \/>\n\t<meta property=\"og:image:height\" content=\"800\" \/>\n\t<meta property=\"og:image:type\" content=\"image\/webp\" \/>\n<meta name=\"twitter:card\" content=\"summary_large_image\" \/>\n<meta name=\"twitter:label1\" content=\"Ansl. lesetid\" \/>\n\t<meta name=\"twitter:data1\" content=\"2 minutter\" \/>\n<script type=\"application\/ld+json\" class=\"yoast-schema-graph\">{\"@context\":\"https:\\\/\\\/schema.org\",\"@graph\":[{\"@type\":\"WebPage\",\"@id\":\"https:\\\/\\\/deravio.com\\\/no\\\/produkt\\\/vintageinspirerte-chunky-oredobber\\\/\",\"url\":\"https:\\\/\\\/deravio.com\\\/no\\\/produkt\\\/vintageinspirerte-chunky-oredobber\\\/\",\"name\":\"Vintageinspirerte, chunky \u00f8redobber - Deravio NO\",\"isPartOf\":{\"@id\":\"https:\\\/\\\/deravio.com\\\/no\\\/#website\"},\"primaryImageOfPage\":{\"@id\":\"https:\\\/\\\/deravio.com\\\/no\\\/produkt\\\/vintageinspirerte-chunky-oredobber\\\/#primaryimage\"},\"image\":{\"@id\":\"https:\\\/\\\/deravio.com\\\/no\\\/produkt\\\/vintageinspirerte-chunky-oredobber\\\/#primaryimage\"},\"thumbnailUrl\":\"https:\\\/\\\/deravio.com\\\/no\\\/wp-content\\\/uploads\\\/sites\\\/18\\\/2026\\\/05\\\/yjufnck-1.webp\",\"datePublished\":\"2026-05-04T15:41:06+00:00\",\"dateModified\":\"2026-05-04T15:41:22+00:00\",\"breadcrumb\":{\"@id\":\"https:\\\/\\\/deravio.com\\\/no\\\/produkt\\\/vintageinspirerte-chunky-oredobber\\\/#breadcrumb\"},\"inLanguage\":\"nb-NO\",\"potentialAction\":[{\"@type\":\"ReadAction\",\"target\":[\"https:\\\/\\\/deravio.com\\\/no\\\/produkt\\\/vintageinspirerte-chunky-oredobber\\\/\"]}]},{\"@type\":\"ImageObject\",\"inLanguage\":\"nb-NO\",\"@id\":\"https:\\\/\\\/deravio.com\\\/no\\\/produkt\\\/vintageinspirerte-chunky-oredobber\\\/#primaryimage\",\"url\":\"https:\\\/\\\/deravio.com\\\/no\\\/wp-content\\\/uploads\\\/sites\\\/18\\\/2026\\\/05\\\/yjufnck-1.webp\",\"contentUrl\":\"https:\\\/\\\/deravio.com\\\/no\\\/wp-content\\\/uploads\\\/sites\\\/18\\\/2026\\\/05\\\/yjufnck-1.webp\",\"width\":800,\"height\":800},{\"@type\":\"BreadcrumbList\",\"@id\":\"https:\\\/\\\/deravio.com\\\/no\\\/produkt\\\/vintageinspirerte-chunky-oredobber\\\/#breadcrumb\",\"itemListElement\":[{\"@type\":\"ListItem\",\"position\":1,\"name\":\"Home\",\"item\":\"https:\\\/\\\/deravio.com\\\/no\\\/\"},{\"@type\":\"ListItem\",\"position\":2,\"name\":\"Butikk\",\"item\":\"https:\\\/\\\/deravio.com\\\/no\\\/butikk\\\/\"},{\"@type\":\"ListItem\",\"position\":3,\"name\":\"Vintageinspirerte, chunky \u00f8redobber\"}]},{\"@type\":\"WebSite\",\"@id\":\"https:\\\/\\\/deravio.com\\\/no\\\/#website\",\"url\":\"https:\\\/\\\/deravio.com\\\/no\\\/\",\"name\":\"Deravio NO\",\"description\":\"\",\"publisher\":{\"@id\":\"https:\\\/\\\/deravio.com\\\/no\\\/#organization\"},\"potentialAction\":[{\"@type\":\"SearchAction\",\"target\":{\"@type\":\"EntryPoint\",\"urlTemplate\":\"https:\\\/\\\/deravio.com\\\/no\\\/?s={search_term_string}\"},\"query-input\":{\"@type\":\"PropertyValueSpecification\",\"valueRequired\":true,\"valueName\":\"search_term_string\"}}],\"inLanguage\":\"nb-NO\"},{\"@type\":\"Organization\",\"@id\":\"https:\\\/\\\/deravio.com\\\/no\\\/#organization\",\"name\":\"Mekulo\",\"url\":\"https:\\\/\\\/deravio.com\\\/no\\\/\",\"logo\":{\"@type\":\"ImageObject\",\"inLanguage\":\"nb-NO\",\"@id\":\"https:\\\/\\\/deravio.com\\\/no\\\/#\\\/schema\\\/logo\\\/image\\\/\",\"url\":\"https:\\\/\\\/deravio.com\\\/no\\\/wp-content\\\/uploads\\\/sites\\\/18\\\/2025\\\/12\\\/favicon_mekulo.png\",\"contentUrl\":\"https:\\\/\\\/deravio.com\\\/no\\\/wp-content\\\/uploads\\\/sites\\\/18\\\/2025\\\/12\\\/favicon_mekulo.png\",\"width\":50,\"height\":50,\"caption\":\"Mekulo\"},\"image\":{\"@id\":\"https:\\\/\\\/deravio.com\\\/no\\\/#\\\/schema\\\/logo\\\/image\\\/\"}}]}<\/script>\n<!-- \/ Yoast SEO plugin. -->","yoast_head_json":{"title":"Vintageinspirerte, chunky \u00f8redobber - Deravio NO","robots":{"index":"index","follow":"follow","max-snippet":"max-snippet:-1","max-image-preview":"max-image-preview:large","max-video-preview":"max-video-preview:-1"},"canonical":"https:\/\/deravio.com\/no\/produkt\/vintageinspirerte-chunky-oredobber\/","og_locale":"nb_NO","og_type":"article","og_title":"Vintageinspirerte, chunky \u00f8redobber - Deravio NO","og_description":"\ud83d\udc57Et dristig innslag av eleganse til ethvert antrekk. Klassisk sjarm med et moderne uttrykk. \ud83e\udd0dDisse vintageinspirerte \u00f8restikkene kombinerer tidl\u00f8s perleeleganse med glitrende rhinestone-aksenter. \ud83d\udc8eDesignet med en dristig firkantet silhuett, gir de et raffinert uttrykk til b\u00e5de hverdagsantrekk og spesielle anledninger.","og_url":"https:\/\/deravio.com\/no\/produkt\/vintageinspirerte-chunky-oredobber\/","og_site_name":"Deravio NO","article_modified_time":"2026-05-04T15:41:22+00:00","og_image":[{"width":800,"height":800,"url":"https:\/\/deravio.com\/no\/wp-content\/uploads\/sites\/18\/2026\/05\/yjufnck-1.webp","type":"image\/webp"}],"twitter_card":"summary_large_image","twitter_misc":{"Ansl. lesetid":"2 minutter"},"schema":{"@context":"https:\/\/schema.org","@graph":[{"@type":"WebPage","@id":"https:\/\/deravio.com\/no\/produkt\/vintageinspirerte-chunky-oredobber\/","url":"https:\/\/deravio.com\/no\/produkt\/vintageinspirerte-chunky-oredobber\/","name":"Vintageinspirerte, chunky \u00f8redobber - Deravio NO","isPartOf":{"@id":"https:\/\/deravio.com\/no\/#website"},"primaryImageOfPage":{"@id":"https:\/\/deravio.com\/no\/produkt\/vintageinspirerte-chunky-oredobber\/#primaryimage"},"image":{"@id":"https:\/\/deravio.com\/no\/produkt\/vintageinspirerte-chunky-oredobber\/#primaryimage"},"thumbnailUrl":"https:\/\/deravio.com\/no\/wp-content\/uploads\/sites\/18\/2026\/05\/yjufnck-1.webp","datePublished":"2026-05-04T15:41:06+00:00","dateModified":"2026-05-04T15:41:22+00:00","breadcrumb":{"@id":"https:\/\/deravio.com\/no\/produkt\/vintageinspirerte-chunky-oredobber\/#breadcrumb"},"inLanguage":"nb-NO","potentialAction":[{"@type":"ReadAction","target":["https:\/\/deravio.com\/no\/produkt\/vintageinspirerte-chunky-oredobber\/"]}]},{"@type":"ImageObject","inLanguage":"nb-NO","@id":"https:\/\/deravio.com\/no\/produkt\/vintageinspirerte-chunky-oredobber\/#primaryimage","url":"https:\/\/deravio.com\/no\/wp-content\/uploads\/sites\/18\/2026\/05\/yjufnck-1.webp","contentUrl":"https:\/\/deravio.com\/no\/wp-content\/uploads\/sites\/18\/2026\/05\/yjufnck-1.webp","width":800,"height":800},{"@type":"BreadcrumbList","@id":"https:\/\/deravio.com\/no\/produkt\/vintageinspirerte-chunky-oredobber\/#breadcrumb","itemListElement":[{"@type":"ListItem","position":1,"name":"Home","item":"https:\/\/deravio.com\/no\/"},{"@type":"ListItem","position":2,"name":"Butikk","item":"https:\/\/deravio.com\/no\/butikk\/"},{"@type":"ListItem","position":3,"name":"Vintageinspirerte, chunky \u00f8redobber"}]},{"@type":"WebSite","@id":"https:\/\/deravio.com\/no\/#website","url":"https:\/\/deravio.com\/no\/","name":"Deravio NO","description":"","publisher":{"@id":"https:\/\/deravio.com\/no\/#organization"},"potentialAction":[{"@type":"SearchAction","target":{"@type":"EntryPoint","urlTemplate":"https:\/\/deravio.com\/no\/?s={search_term_string}"},"query-input":{"@type":"PropertyValueSpecification","valueRequired":true,"valueName":"search_term_string"}}],"inLanguage":"nb-NO"},{"@type":"Organization","@id":"https:\/\/deravio.com\/no\/#organization","name":"Mekulo","url":"https:\/\/deravio.com\/no\/","logo":{"@type":"ImageObject","inLanguage":"nb-NO","@id":"https:\/\/deravio.com\/no\/#\/schema\/logo\/image\/","url":"https:\/\/deravio.com\/no\/wp-content\/uploads\/sites\/18\/2025\/12\/favicon_mekulo.png","contentUrl":"https:\/\/deravio.com\/no\/wp-content\/uploads\/sites\/18\/2025\/12\/favicon_mekulo.png","width":50,"height":50,"caption":"Mekulo"},"image":{"@id":"https:\/\/deravio.com\/no\/#\/schema\/logo\/image\/"}}]}},"_links":{"self":[{"href":"https:\/\/deravio.com\/no\/wp-json\/wp\/v2\/product\/24323","targetHints":{"allow":["GET"]}}],"collection":[{"href":"https:\/\/deravio.com\/no\/wp-json\/wp\/v2\/product"}],"about":[{"href":"https:\/\/deravio.com\/no\/wp-json\/wp\/v2\/types\/product"}],"replies":[{"embeddable":true,"href":"https:\/\/deravio.com\/no\/wp-json\/wp\/v2\/comments?post=24323"}],"wp:featuredmedia":[{"embeddable":true,"href":"https:\/\/deravio.com\/no\/wp-json\/wp\/v2\/media\/24319"}],"wp:attachment":[{"href":"https:\/\/deravio.com\/no\/wp-json\/wp\/v2\/media?parent=24323"}],"wp:term":[{"taxonomy":"product_brand","embeddable":true,"href":"https:\/\/deravio.com\/no\/wp-json\/wp\/v2\/product_brand?post=24323"},{"taxonomy":"product_cat","embeddable":true,"href":"https:\/\/deravio.com\/no\/wp-json\/wp\/v2\/product_cat?post=24323"},{"taxonomy":"product_tag","embeddable":true,"href":"https:\/\/deravio.com\/no\/wp-json\/wp\/v2\/product_tag?post=24323"}],"curies":[{"name":"wp","href":"https:\/\/api.w.org\/{rel}","templated":true}]}}