{"id":24281,"date":"2026-05-04T18:36:45","date_gmt":"2026-05-04T15:36:45","guid":{"rendered":"https:\/\/deravio.com\/no\/produkt\/handholdt-lommemikroskop\/"},"modified":"2026-05-04T18:37:01","modified_gmt":"2026-05-04T15:37:01","slug":"handholdt-lommemikroskop","status":"publish","type":"product","link":"https:\/\/deravio.com\/no\/produkt\/handholdt-lommemikroskop\/","title":{"rendered":"H\u00e5ndholdt lommemikroskop"},"content":{"rendered":"<h2 style=\"text-align: center\" data-section-id=\"wtab3f\" data-start=\"395\" data-end=\"411\">\u2728 L\u00f8ftet<\/h2>\n<p style=\"text-align: center\" data-start=\"413\" data-end=\"459\">Se mer.<br data-start=\"422\" data-end=\"425\" \/>L\u00e6r mer.<br data-start=\"436\" data-end=\"439\" \/>Oppdag det usynlige.<\/p>\n<p data-start=\"413\" data-end=\"459\"><img fetchpriority=\"high\" decoding=\"async\" class=\" wp-image-27588 aligncenter\" src=\"https:\/\/mekulo.com\/template\/wp-content\/uploads\/sites\/6\/2026\/03\/122110-ezgif.com-video-to-webp-converter-5.webp\" alt=\"\" width=\"550\" height=\"550\" \/><\/p>\n<h2 style=\"text-align: center\" data-section-id=\"sf02kb\" data-start=\"466\" data-end=\"485\">\ud83d\udd2c Hovedfordeler<\/h2>\n<p data-start=\"489\" data-end=\"584\">\ud83d\udd0d Kraftig 1000x forst\u00f8rrelse &#8211; Utforsk mikroskopiske detaljer som er usynlige for det blotte \u00f8yet.<\/p>\n<p data-start=\"588\" data-end=\"681\">\ud83d\udcfa 2-tommers IPS-skjerm &#8211; Lyssterk, klar skjerm som gir en behagelig seeropplevelse.<\/p>\n<p data-start=\"685\" data-end=\"785\">\ud83d\udca1 Justerbar LED-belysning &#8211; \u00c5tte innebygde lysdioder s\u00f8rger for perfekt belysning for hver pr\u00f8ve.<\/p>\n<p data-start=\"789\" data-end=\"888\">\ud83d\udcf8 Foto- og videoopptak &#8211; Lagre oppdagelser som bilder eller videoer og del dem med andre.<\/p>\n<p data-start=\"892\" data-end=\"977\">\ud83d\udd0b B\u00e6rbart, oppladbart design &#8211; Innebygd batteri gj\u00f8r det mulig \u00e5 utforske hvor som helst.<\/p>\n<p data-start=\"981\" data-end=\"1083\">\ud83e\udde0 Oppmuntrer til l\u00e6ring og nysgjerrighet &#8211; Et morsomt pedagogisk verkt\u00f8y som vekker interessen for vitenskap.<\/p>\n<h2 style=\"text-align: center\" data-section-id=\"d0iej6\" data-start=\"1090\" data-end=\"1113\">\u2757 Problem \u2192 L\u00f8sning<\/h2>\n<p data-start=\"1115\" data-end=\"1202\"><strong data-start=\"1115\" data-end=\"1127\">Problem:<\/strong><br data-start=\"1127\" data-end=\"1130\" \/>Tradisjonelle mikroskoper kan v\u00e6re klumpete og vanskelige \u00e5 bruke for nybegynnere.<\/p>\n<p data-start=\"1204\" data-end=\"1388\"><strong data-start=\"1204\" data-end=\"1217\">L\u00f8sning:<\/strong><br data-start=\"1217\" data-end=\"1220\" \/>Dette h\u00e5ndholdte lommemikroskopet har et enkelt, b\u00e6rbart design med innebygd skjerm og belysning, noe som gj\u00f8r vitenskapelig utforsking tilgjengelig og spennende for barn. L\u00e6ring blir et eventyr.<\/p>\n<p data-start=\"1204\" data-end=\"1388\"><img decoding=\"async\" class=\" wp-image-27587 aligncenter\" src=\"https:\/\/mekulo.com\/template\/wp-content\/uploads\/sites\/6\/2026\/03\/122111-ezgif.com-video-to-webp-converter-4.webp\" alt=\"\" width=\"550\" height=\"550\" \/><\/p>\n<h2 style=\"text-align: center\" data-section-id=\"1xzwyz4\" data-start=\"1427\" data-end=\"1453\">\ud83c\udf0d Perfekt for<\/h2>\n<ul data-start=\"1479\" data-end=\"1626\">\n<li data-section-id=\"it78lm\" data-start=\"1479\" data-end=\"1510\">\n<p data-start=\"1481\" data-end=\"1510\">L\u00f8v, insekter og planter<\/p>\n<\/li>\n<li data-section-id=\"2s1wjg\" data-start=\"1511\" data-end=\"1541\">\n<p data-start=\"1513\" data-end=\"1541\">Mynter og hverdagsgjenstander<\/p>\n<\/li>\n<li data-section-id=\"1n79brp\" data-start=\"1542\" data-end=\"1567\">\n<p data-start=\"1544\" data-end=\"1567\">Stoffer og materialer<\/p>\n<\/li>\n<li data-section-id=\"14cbd72\" data-start=\"1568\" data-end=\"1595\">\n<p data-start=\"1570\" data-end=\"1595\">Vitenskapelige prosjekter i skolen<\/p>\n<\/li>\n<li data-section-id=\"19gzs5\" data-start=\"1596\" data-end=\"1626\">\n<p data-start=\"1598\" data-end=\"1626\">Utend\u00f8rs naturoppdagelser<\/p>\n<\/li>\n<\/ul>\n<p data-start=\"1628\" data-end=\"1683\">Passende for hjemmel\u00e6ring, klasserom og nysgjerrige sinn.<\/p>\n<h2 style=\"text-align: center\" data-section-id=\"1k514u3\" data-start=\"1690\" data-end=\"1706\">\u2699\ufe0f Slik bruker du det<\/h2>\n<ol data-start=\"1708\" data-end=\"1923\">\n<li data-section-id=\"11n815b\" data-start=\"1708\" data-end=\"1735\">\n<p data-start=\"1711\" data-end=\"1735\">Sl\u00e5 p\u00e5 mikroskopet.<\/p>\n<\/li>\n<li data-section-id=\"179zzqa\" data-start=\"1736\" data-end=\"1786\">\n<p data-start=\"1739\" data-end=\"1786\">Plasser det over objektet du vil observere.<\/p>\n<\/li>\n<li data-section-id=\"17olw8s\" data-start=\"1787\" data-end=\"1829\">\n<p data-start=\"1790\" data-end=\"1829\">Juster fokus manuelt for klarhet.<\/p>\n<\/li>\n<li data-section-id=\"1s7gzk2\" data-start=\"1830\" data-end=\"1873\">\n<p data-start=\"1833\" data-end=\"1873\">Bruk LED-belysning for bedre synlighet.<\/p>\n<\/li>\n<li data-section-id=\"1pj8v7y\" data-start=\"1874\" data-end=\"1923\">\n<p data-start=\"1877\" data-end=\"1923\">Ta bilder eller videoer av oppdagelsene dine.<\/p>\n<\/li>\n<\/ol>\n<h2 style=\"text-align: center\" data-section-id=\"6cujb5\" data-start=\"1956\" data-end=\"1977\">\ud83d\udcd0 Produktdetaljer<\/h2>\n<ul data-start=\"1979\" data-end=\"2362\">\n<li data-section-id=\"14pex7h\" data-start=\"1979\" data-end=\"2013\">\n<p data-start=\"1981\" data-end=\"2013\">Display: 2-tommers IPS-skjerm<\/p>\n<\/li>\n<li data-section-id=\"12jp7rv\" data-start=\"2014\" data-end=\"2046\">\n<p data-start=\"2016\" data-end=\"2046\">Oppl\u00f8sning: 2 megapiksler<\/p>\n<\/li>\n<li data-section-id=\"172guvb\" data-start=\"2047\" data-end=\"2081\">\n<p data-start=\"2049\" data-end=\"2081\">Forst\u00f8rrelse: Opp til 1000x<\/p>\n<\/li>\n<li data-section-id=\"152jtoo\" data-start=\"2082\" data-end=\"2109\">\n<p data-start=\"2084\" data-end=\"2109\">Fokus: Manuelt fokus<\/p>\n<\/li>\n<li data-section-id=\"11g5ywz\" data-start=\"2110\" data-end=\"2151\">\n<p data-start=\"2112\" data-end=\"2151\">Belysning: 8 justerbare LED-lys<\/p>\n<\/li>\n<li data-section-id=\"l4evuh\" data-start=\"2152\" data-end=\"2185\">\n<p data-start=\"2154\" data-end=\"2185\">Batterikapasitet: 600 mAh<\/p>\n<\/li>\n<li data-section-id=\"1i8uy11\" data-start=\"2186\" data-end=\"2223\">\n<p data-start=\"2188\" data-end=\"2223\">Driftstid: Opptil 2 timer<\/p>\n<\/li>\n<li data-section-id=\"17uocdw\" data-start=\"2224\" data-end=\"2260\">\n<p data-start=\"2226\" data-end=\"2260\">Ladetid: Ca. 2 timer<\/p>\n<\/li>\n<li data-section-id=\"kd46sr\" data-start=\"2261\" data-end=\"2286\">\n<p data-start=\"2263\" data-end=\"2286\">Bildeformat: JPG<\/p>\n<\/li>\n<li data-section-id=\"1wsxi7y\" data-start=\"2287\" data-end=\"2312\">\n<p data-start=\"2289\" data-end=\"2312\">Videoformat: AVI<\/p>\n<\/li>\n<li data-section-id=\"smio78\" data-start=\"2313\" data-end=\"2362\">\n<p data-start=\"2315\" data-end=\"2362\">Intern lagringsplass: 32 MB (ca. 200 bilder)<\/p>\n<\/li>\n<p>&lt;li data-section-id=&quot;smio78&quot; data-start=&quot;231<\/p>\n","protected":false},"excerpt":{"rendered":"<p>\ud83e\udde0Oppdag en skjult verden med hvert blikk. Gj\u00f8r nysgjerrighet til ekte oppdagelser.<br \/>\n\ud83d\udd2cMed dette h\u00e5ndholdte lommemikroskopet kan unge oppdagelsesreisende se den usynlige verden p\u00e5 n\u00e6rt hold.<br \/>\n\ud83d\udd0eMed kraftig forst\u00f8rrelse, en lyssterk skjerm og innebygd belysning forvandler det hverdagslige gjenstander til fascinerende vitenskapelige oppdagelser.<\/p>\n","protected":false},"featured_media":24277,"comment_status":"open","ping_status":"closed","template":"","meta":{"site-sidebar-layout":"default","site-content-layout":"","ast-site-content-layout":"default","site-content-style":"default","site-sidebar-style":"default","ast-global-header-display":"","ast-banner-title-visibility":"","ast-main-header-display":"","ast-hfb-above-header-display":"","ast-hfb-below-header-display":"","ast-hfb-mobile-header-display":"","site-post-title":"","ast-breadcrumbs-content":"","ast-featured-img":"","footer-sml-layout":"","ast-disable-related-posts":"","theme-transparent-header-meta":"default","adv-header-id-meta":"","stick-header-meta":"","header-above-stick-meta":"","header-main-stick-meta":"","header-below-stick-meta":"","astra-migrate-meta-layouts":"set","ast-page-background-enabled":"default","ast-page-background-meta":{"desktop":{"background-color":"var(--ast-global-color-5)","background-image":"","background-repeat":"repeat","background-position":"center center","background-size":"auto","background-attachment":"scroll","background-type":"","background-media":"","overlay-type":"","overlay-color":"","overlay-opacity":"","overlay-gradient":""},"tablet":{"background-color":"","background-image":"","background-repeat":"repeat","background-position":"center center","background-size":"auto","background-attachment":"scroll","background-type":"","background-media":"","overlay-type":"","overlay-color":"","overlay-opacity":"","overlay-gradient":""},"mobile":{"background-color":"","background-image":"","background-repeat":"repeat","background-position":"center center","background-size":"auto","background-attachment":"scroll","background-type":"","background-media":"","overlay-type":"","overlay-color":"","overlay-opacity":"","overlay-gradient":""}},"ast-content-background-meta":{"desktop":{"background-color":"var(--ast-global-color-4)","background-image":"","background-repeat":"repeat","background-position":"center center","background-size":"auto","background-attachment":"scroll","background-type":"","background-media":"","overlay-type":"","overlay-color":"","overlay-opacity":"","overlay-gradient":""},"tablet":{"background-color":"var(--ast-global-color-4)","background-image":"","background-repeat":"repeat","background-position":"center center","background-size":"auto","background-attachment":"scroll","background-type":"","background-media":"","overlay-type":"","overlay-color":"","overlay-opacity":"","overlay-gradient":""},"mobile":{"background-color":"var(--ast-global-color-4)","background-image":"","background-repeat":"repeat","background-position":"center center","background-size":"auto","background-attachment":"scroll","background-type":"","background-media":"","overlay-type":"","overlay-color":"","overlay-opacity":"","overlay-gradient":""}}},"product_brand":[],"product_cat":[172],"product_tag":[],"class_list":{"0":"post-24281","1":"product","2":"type-product","3":"status-publish","4":"has-post-thumbnail","6":"product_cat-leker-barne-og-babyprodukter","7":"pa_66572_q6x6w3e3-gul","8":"pa_66572_q6x6w3e3-hvit","9":"pa_66572_q6x6w3e3-lilla","10":"pa_66572_q6x6w3e3-rosa","11":"desktop-align-left","12":"tablet-align-left","13":"mobile-align-left","15":"first","16":"instock","17":"shipping-taxable","18":"purchasable","19":"product-type-variable"},"yoast_head":"<!-- This site is optimized with the Yoast SEO plugin v27.4 - https:\/\/yoast.com\/product\/yoast-seo-wordpress\/ -->\n<title>H\u00e5ndholdt lommemikroskop - Deravio NO<\/title>\n<meta name=\"robots\" content=\"index, follow, max-snippet:-1, max-image-preview:large, max-video-preview:-1\" \/>\n<link rel=\"canonical\" href=\"https:\/\/deravio.com\/no\/produkt\/handholdt-lommemikroskop\/\" \/>\n<meta property=\"og:locale\" content=\"nb_NO\" \/>\n<meta property=\"og:type\" content=\"article\" \/>\n<meta property=\"og:title\" content=\"H\u00e5ndholdt lommemikroskop - Deravio NO\" \/>\n<meta property=\"og:description\" content=\"\ud83e\udde0Oppdag en skjult verden med hvert blikk. Gj\u00f8r nysgjerrighet til ekte oppdagelser. \ud83d\udd2cMed dette h\u00e5ndholdte lommemikroskopet kan unge oppdagelsesreisende se den usynlige verden p\u00e5 n\u00e6rt hold. \ud83d\udd0eMed kraftig forst\u00f8rrelse, en lyssterk skjerm og innebygd belysning forvandler det hverdagslige gjenstander til fascinerende vitenskapelige oppdagelser.\" \/>\n<meta property=\"og:url\" content=\"https:\/\/deravio.com\/no\/produkt\/handholdt-lommemikroskop\/\" \/>\n<meta property=\"og:site_name\" content=\"Deravio NO\" \/>\n<meta property=\"article:modified_time\" content=\"2026-05-04T15:37:01+00:00\" \/>\n<meta property=\"og:image\" content=\"https:\/\/deravio.com\/no\/wp-content\/uploads\/sites\/18\/2026\/05\/pk62zi3-1.jpg\" \/>\n\t<meta property=\"og:image:width\" content=\"1036\" \/>\n\t<meta property=\"og:image:height\" content=\"1036\" \/>\n\t<meta property=\"og:image:type\" content=\"image\/jpeg\" \/>\n<meta name=\"twitter:card\" content=\"summary_large_image\" \/>\n<meta name=\"twitter:label1\" content=\"Ansl. lesetid\" \/>\n\t<meta name=\"twitter:data1\" content=\"2 minutter\" \/>\n<script type=\"application\/ld+json\" class=\"yoast-schema-graph\">{\"@context\":\"https:\\\/\\\/schema.org\",\"@graph\":[{\"@type\":\"WebPage\",\"@id\":\"https:\\\/\\\/deravio.com\\\/no\\\/produkt\\\/handholdt-lommemikroskop\\\/\",\"url\":\"https:\\\/\\\/deravio.com\\\/no\\\/produkt\\\/handholdt-lommemikroskop\\\/\",\"name\":\"H\u00e5ndholdt lommemikroskop - Deravio NO\",\"isPartOf\":{\"@id\":\"https:\\\/\\\/deravio.com\\\/no\\\/#website\"},\"primaryImageOfPage\":{\"@id\":\"https:\\\/\\\/deravio.com\\\/no\\\/produkt\\\/handholdt-lommemikroskop\\\/#primaryimage\"},\"image\":{\"@id\":\"https:\\\/\\\/deravio.com\\\/no\\\/produkt\\\/handholdt-lommemikroskop\\\/#primaryimage\"},\"thumbnailUrl\":\"https:\\\/\\\/deravio.com\\\/no\\\/wp-content\\\/uploads\\\/sites\\\/18\\\/2026\\\/05\\\/pk62zi3-1.jpg\",\"datePublished\":\"2026-05-04T15:36:45+00:00\",\"dateModified\":\"2026-05-04T15:37:01+00:00\",\"breadcrumb\":{\"@id\":\"https:\\\/\\\/deravio.com\\\/no\\\/produkt\\\/handholdt-lommemikroskop\\\/#breadcrumb\"},\"inLanguage\":\"nb-NO\",\"potentialAction\":[{\"@type\":\"ReadAction\",\"target\":[\"https:\\\/\\\/deravio.com\\\/no\\\/produkt\\\/handholdt-lommemikroskop\\\/\"]}]},{\"@type\":\"ImageObject\",\"inLanguage\":\"nb-NO\",\"@id\":\"https:\\\/\\\/deravio.com\\\/no\\\/produkt\\\/handholdt-lommemikroskop\\\/#primaryimage\",\"url\":\"https:\\\/\\\/deravio.com\\\/no\\\/wp-content\\\/uploads\\\/sites\\\/18\\\/2026\\\/05\\\/pk62zi3-1.jpg\",\"contentUrl\":\"https:\\\/\\\/deravio.com\\\/no\\\/wp-content\\\/uploads\\\/sites\\\/18\\\/2026\\\/05\\\/pk62zi3-1.jpg\",\"width\":1036,\"height\":1036},{\"@type\":\"BreadcrumbList\",\"@id\":\"https:\\\/\\\/deravio.com\\\/no\\\/produkt\\\/handholdt-lommemikroskop\\\/#breadcrumb\",\"itemListElement\":[{\"@type\":\"ListItem\",\"position\":1,\"name\":\"Home\",\"item\":\"https:\\\/\\\/deravio.com\\\/no\\\/\"},{\"@type\":\"ListItem\",\"position\":2,\"name\":\"Butikk\",\"item\":\"https:\\\/\\\/deravio.com\\\/no\\\/butikk\\\/\"},{\"@type\":\"ListItem\",\"position\":3,\"name\":\"H\u00e5ndholdt lommemikroskop\"}]},{\"@type\":\"WebSite\",\"@id\":\"https:\\\/\\\/deravio.com\\\/no\\\/#website\",\"url\":\"https:\\\/\\\/deravio.com\\\/no\\\/\",\"name\":\"Deravio NO\",\"description\":\"\",\"publisher\":{\"@id\":\"https:\\\/\\\/deravio.com\\\/no\\\/#organization\"},\"potentialAction\":[{\"@type\":\"SearchAction\",\"target\":{\"@type\":\"EntryPoint\",\"urlTemplate\":\"https:\\\/\\\/deravio.com\\\/no\\\/?s={search_term_string}\"},\"query-input\":{\"@type\":\"PropertyValueSpecification\",\"valueRequired\":true,\"valueName\":\"search_term_string\"}}],\"inLanguage\":\"nb-NO\"},{\"@type\":\"Organization\",\"@id\":\"https:\\\/\\\/deravio.com\\\/no\\\/#organization\",\"name\":\"Mekulo\",\"url\":\"https:\\\/\\\/deravio.com\\\/no\\\/\",\"logo\":{\"@type\":\"ImageObject\",\"inLanguage\":\"nb-NO\",\"@id\":\"https:\\\/\\\/deravio.com\\\/no\\\/#\\\/schema\\\/logo\\\/image\\\/\",\"url\":\"https:\\\/\\\/deravio.com\\\/no\\\/wp-content\\\/uploads\\\/sites\\\/18\\\/2025\\\/12\\\/favicon_mekulo.png\",\"contentUrl\":\"https:\\\/\\\/deravio.com\\\/no\\\/wp-content\\\/uploads\\\/sites\\\/18\\\/2025\\\/12\\\/favicon_mekulo.png\",\"width\":50,\"height\":50,\"caption\":\"Mekulo\"},\"image\":{\"@id\":\"https:\\\/\\\/deravio.com\\\/no\\\/#\\\/schema\\\/logo\\\/image\\\/\"}}]}<\/script>\n<!-- \/ Yoast SEO plugin. -->","yoast_head_json":{"title":"H\u00e5ndholdt lommemikroskop - Deravio NO","robots":{"index":"index","follow":"follow","max-snippet":"max-snippet:-1","max-image-preview":"max-image-preview:large","max-video-preview":"max-video-preview:-1"},"canonical":"https:\/\/deravio.com\/no\/produkt\/handholdt-lommemikroskop\/","og_locale":"nb_NO","og_type":"article","og_title":"H\u00e5ndholdt lommemikroskop - Deravio NO","og_description":"\ud83e\udde0Oppdag en skjult verden med hvert blikk. Gj\u00f8r nysgjerrighet til ekte oppdagelser. \ud83d\udd2cMed dette h\u00e5ndholdte lommemikroskopet kan unge oppdagelsesreisende se den usynlige verden p\u00e5 n\u00e6rt hold. \ud83d\udd0eMed kraftig forst\u00f8rrelse, en lyssterk skjerm og innebygd belysning forvandler det hverdagslige gjenstander til fascinerende vitenskapelige oppdagelser.","og_url":"https:\/\/deravio.com\/no\/produkt\/handholdt-lommemikroskop\/","og_site_name":"Deravio NO","article_modified_time":"2026-05-04T15:37:01+00:00","og_image":[{"width":1036,"height":1036,"url":"https:\/\/deravio.com\/no\/wp-content\/uploads\/sites\/18\/2026\/05\/pk62zi3-1.jpg","type":"image\/jpeg"}],"twitter_card":"summary_large_image","twitter_misc":{"Ansl. lesetid":"2 minutter"},"schema":{"@context":"https:\/\/schema.org","@graph":[{"@type":"WebPage","@id":"https:\/\/deravio.com\/no\/produkt\/handholdt-lommemikroskop\/","url":"https:\/\/deravio.com\/no\/produkt\/handholdt-lommemikroskop\/","name":"H\u00e5ndholdt lommemikroskop - Deravio NO","isPartOf":{"@id":"https:\/\/deravio.com\/no\/#website"},"primaryImageOfPage":{"@id":"https:\/\/deravio.com\/no\/produkt\/handholdt-lommemikroskop\/#primaryimage"},"image":{"@id":"https:\/\/deravio.com\/no\/produkt\/handholdt-lommemikroskop\/#primaryimage"},"thumbnailUrl":"https:\/\/deravio.com\/no\/wp-content\/uploads\/sites\/18\/2026\/05\/pk62zi3-1.jpg","datePublished":"2026-05-04T15:36:45+00:00","dateModified":"2026-05-04T15:37:01+00:00","breadcrumb":{"@id":"https:\/\/deravio.com\/no\/produkt\/handholdt-lommemikroskop\/#breadcrumb"},"inLanguage":"nb-NO","potentialAction":[{"@type":"ReadAction","target":["https:\/\/deravio.com\/no\/produkt\/handholdt-lommemikroskop\/"]}]},{"@type":"ImageObject","inLanguage":"nb-NO","@id":"https:\/\/deravio.com\/no\/produkt\/handholdt-lommemikroskop\/#primaryimage","url":"https:\/\/deravio.com\/no\/wp-content\/uploads\/sites\/18\/2026\/05\/pk62zi3-1.jpg","contentUrl":"https:\/\/deravio.com\/no\/wp-content\/uploads\/sites\/18\/2026\/05\/pk62zi3-1.jpg","width":1036,"height":1036},{"@type":"BreadcrumbList","@id":"https:\/\/deravio.com\/no\/produkt\/handholdt-lommemikroskop\/#breadcrumb","itemListElement":[{"@type":"ListItem","position":1,"name":"Home","item":"https:\/\/deravio.com\/no\/"},{"@type":"ListItem","position":2,"name":"Butikk","item":"https:\/\/deravio.com\/no\/butikk\/"},{"@type":"ListItem","position":3,"name":"H\u00e5ndholdt lommemikroskop"}]},{"@type":"WebSite","@id":"https:\/\/deravio.com\/no\/#website","url":"https:\/\/deravio.com\/no\/","name":"Deravio NO","description":"","publisher":{"@id":"https:\/\/deravio.com\/no\/#organization"},"potentialAction":[{"@type":"SearchAction","target":{"@type":"EntryPoint","urlTemplate":"https:\/\/deravio.com\/no\/?s={search_term_string}"},"query-input":{"@type":"PropertyValueSpecification","valueRequired":true,"valueName":"search_term_string"}}],"inLanguage":"nb-NO"},{"@type":"Organization","@id":"https:\/\/deravio.com\/no\/#organization","name":"Mekulo","url":"https:\/\/deravio.com\/no\/","logo":{"@type":"ImageObject","inLanguage":"nb-NO","@id":"https:\/\/deravio.com\/no\/#\/schema\/logo\/image\/","url":"https:\/\/deravio.com\/no\/wp-content\/uploads\/sites\/18\/2025\/12\/favicon_mekulo.png","contentUrl":"https:\/\/deravio.com\/no\/wp-content\/uploads\/sites\/18\/2025\/12\/favicon_mekulo.png","width":50,"height":50,"caption":"Mekulo"},"image":{"@id":"https:\/\/deravio.com\/no\/#\/schema\/logo\/image\/"}}]}},"_links":{"self":[{"href":"https:\/\/deravio.com\/no\/wp-json\/wp\/v2\/product\/24281","targetHints":{"allow":["GET"]}}],"collection":[{"href":"https:\/\/deravio.com\/no\/wp-json\/wp\/v2\/product"}],"about":[{"href":"https:\/\/deravio.com\/no\/wp-json\/wp\/v2\/types\/product"}],"replies":[{"embeddable":true,"href":"https:\/\/deravio.com\/no\/wp-json\/wp\/v2\/comments?post=24281"}],"wp:featuredmedia":[{"embeddable":true,"href":"https:\/\/deravio.com\/no\/wp-json\/wp\/v2\/media\/24277"}],"wp:attachment":[{"href":"https:\/\/deravio.com\/no\/wp-json\/wp\/v2\/media?parent=24281"}],"wp:term":[{"taxonomy":"product_brand","embeddable":true,"href":"https:\/\/deravio.com\/no\/wp-json\/wp\/v2\/product_brand?post=24281"},{"taxonomy":"product_cat","embeddable":true,"href":"https:\/\/deravio.com\/no\/wp-json\/wp\/v2\/product_cat?post=24281"},{"taxonomy":"product_tag","embeddable":true,"href":"https:\/\/deravio.com\/no\/wp-json\/wp\/v2\/product_tag?post=24281"}],"curies":[{"name":"wp","href":"https:\/\/api.w.org\/{rel}","templated":true}]}}