{"id":24075,"date":"2026-05-04T18:14:52","date_gmt":"2026-05-04T15:14:52","guid":{"rendered":"https:\/\/deravio.com\/no\/produkt\/beskytter-mot-tilbakeslag-i-vaskemaskinens-avlop\/"},"modified":"2026-05-04T18:14:52","modified_gmt":"2026-05-04T15:14:52","slug":"beskytter-mot-tilbakeslag-i-vaskemaskinens-avlop","status":"publish","type":"product","link":"https:\/\/deravio.com\/no\/produkt\/beskytter-mot-tilbakeslag-i-vaskemaskinens-avlop\/","title":{"rendered":"Beskytter mot tilbakeslag i vaskemaskinens avl\u00f8p"},"content":{"rendered":"<h2 style=\"text-align: center\" data-section-id=\"wtab3f\" data-start=\"407\" data-end=\"423\">\u2728 L\u00f8ftet<\/h2>\n<p style=\"text-align: center\" data-start=\"425\" data-end=\"492\">Rent avl\u00f8p.<br data-start=\"440\" data-end=\"443\" \/>Ingen tilbakestr\u00f8mning.<br data-start=\"455\" data-end=\"458\" \/>P\u00e5litelig beskyttelse for hjemmet ditt.<\/p>\n<p data-start=\"425\" data-end=\"492\"><img fetchpriority=\"high\" decoding=\"async\" class=\" wp-image-27353 aligncenter\" src=\"https:\/\/mekulo.com\/template\/wp-content\/uploads\/sites\/6\/2026\/03\/122119-ezgif.com-video-to-webp-converter-2.webp\" alt=\"\" width=\"550\" height=\"550\" \/><\/p>\n<h2 style=\"text-align: center\" data-section-id=\"1x8y31r\" data-start=\"499\" data-end=\"517\">\u2705 Hovedfordeler<\/h2>\n<p data-start=\"521\" data-end=\"635\">\ud83d\udeab Forhindrer tilbakestr\u00f8mning av vann &#8211; Det automatiske lukkesystemet blokkerer skittent vann fra \u00e5 komme tilbake i avl\u00f8pet.<\/p>\n<p data-start=\"639\" data-end=\"743\">\ud83d\udca7 Rask enveis drenering &#8211; Lar avl\u00f8psvannet renne raskt ut uten \u00e5 tette seg til eller bremse opp.<\/p>\n<p data-start=\"747\" data-end=\"857\">\ud83e\uddfc Holder vaskerommet hygienisk &#8211; Stopper lukt, skittent vann og kloakkgasser fra \u00e5 komme inn i hjemmet ditt.<\/p>\n<p data-start=\"861\" data-end=\"983\">\ud83d\udd27 Passer til flere r\u00f8rst\u00f8rrelser &#8211; Kompatibel med r\u00f8r fra 32 mm til 46 mm takket v\u00e6re medf\u00f8lgende tetningsringer i silikon.<\/p>\n<p data-start=\"987\" data-end=\"1094\">\ud83e\uddfa Koble til to vaskemaskiner &#8211; Treveisgrensesnittet gj\u00f8r det mulig \u00e5 koble til to maskiner samtidig.<\/p>\n<p data-start=\"1098\" data-end=\"1228\">\ud83d\udee0 Holdbar konstruksjon &#8211; Laget med kobberkomponenter av h\u00f8y kvalitet og sterke PVC + ABS-materialer for langsiktig p\u00e5litelighet.<\/p>\n<h2 style=\"text-align: center\" data-section-id=\"d0iej6\" data-start=\"1235\" data-end=\"1258\">\u2757 Problem \u2192 L\u00f8sning<\/h2>\n<p data-start=\"1260\" data-end=\"1420\"><strong data-start=\"1260\" data-end=\"1272\">Problem:<\/strong><br data-start=\"1272\" data-end=\"1275\" \/>Mange vaskemaskinavl\u00f8p lar avl\u00f8psvann eller kloakklukt str\u00f8mme tilbake gjennom r\u00f8ret, noe som for\u00e5rsaker ubehagelig lukt og potensielle hygieneproblemer.<\/p>\n<p data-start=\"1422\" data-end=\"1622\"><strong data-start=\"1422\" data-end=\"1435\">L\u00f8sning:<\/strong><br data-start=\"1435\" data-end=\"1438\" \/>Denne tilbakestr\u00f8mningsbeskyttelsen for vaskemaskinavl\u00f8p skaper et enveis dreneringssystem som automatisk tetter n\u00e5r vannet slutter \u00e5 str\u00f8mme &#8211; og holder avl\u00f8psvannet ute og vaskeromomr\u00e5det ditt rent. Enkel beskyttelse som fungerer automatisk.<\/p>\n<p data-start=\"1422\" data-end=\"1622\"><img decoding=\"async\" class=\" wp-image-27352 aligncenter\" src=\"https:\/\/mekulo.com\/template\/wp-content\/uploads\/sites\/6\/2026\/03\/122120-ezgif.com-video-to-webp-converter-1.webp\" alt=\"\" width=\"550\" height=\"645\" \/><\/p>\n<h2 style=\"text-align: center\" data-section-id=\"10n4q2k\" data-start=\"1674\" data-end=\"1700\">\ud83c\udfe1 Perfekt for<\/h2>\n<ul data-start=\"1716\" data-end=\"1856\">\n<li data-section-id=\"1thg1i5\" data-start=\"1716\" data-end=\"1733\">\n<p data-start=\"1718\" data-end=\"1733\">Vaskerom<\/p>\n<\/li>\n<li data-section-id=\"6ddu34\" data-start=\"1734\" data-end=\"1770\">\n<p data-start=\"1736\" data-end=\"1770\">Vaskemaskinoppsett med flere avdelinger<\/p>\n<\/li>\n<li data-section-id=\"19yzo42\" data-start=\"1771\" data-end=\"1797\">\n<p data-start=\"1773\" data-end=\"1797\">Vaskerom i kjelleren<\/p>\n<\/li>\n<li data-section-id=\"5grq5g\" data-start=\"1798\" data-end=\"1815\">\n<p data-start=\"1800\" data-end=\"1815\">Vaskerom<\/p>\n<\/li>\n<li data-section-id=\"1zul19\" data-start=\"1816\" data-end=\"1856\">\n<p data-start=\"1818\" data-end=\"1856\">Hjem med flere vaskemaskiner<\/p>\n<\/li>\n<\/ul>\n<p data-start=\"1858\" data-end=\"1907\">En praktisk oppgradering for renere avl\u00f8pssystemer.<\/p>\n<h2 style=\"text-align: center\" data-section-id=\"1k514u3\" data-start=\"1914\" data-end=\"1930\">\u2699\ufe0f Slik bruker du den<\/h2>\n<ol data-start=\"1932\" data-end=\"2185\">\n<li data-section-id=\"13ffbc6\" data-start=\"1932\" data-end=\"1987\">\n<p data-start=\"1935\" data-end=\"1987\">Sett koblingen inn i gulvavl\u00f8ps\u00e5pningen.<\/p>\n<\/li>\n<li data-section-id=\"17tuc6i\" data-start=\"1988\" data-end=\"2044\">\n<p data-start=\"1991\" data-end=\"2044\">Velg riktig silikonring for r\u00f8rst\u00f8rrelsen.<\/p>\n<\/li>\n<li data-section-id=\"9n6vh2\" data-start=\"2045\" data-end=\"2088\">\n<p data-start=\"2048\" data-end=\"2088\">Koble til vaskemaskinens avl\u00f8psslange.<\/p>\n<\/li>\n<li data-section-id=\"1e961a1\" data-start=\"2089\" data-end=\"2113\">\n<p data-start=\"2092\" data-end=\"2113\">S\u00f8rg for en tett forsegling.<\/p>\n<\/li>\n<li data-section-id=\"e2v7wk\" data-start=\"2114\" data-end=\"2185\">\n<p data-start=\"2117\" data-end=\"2185\">Vannet vil automatisk renne ut mens ventilen forhindrer tilbakestr\u00f8mning.<\/p>\n<\/li>\n<\/ol>\n<h2 style=\"text-align: center\" data-section-id=\"6cujb5\" data-start=\"2236\" data-end=\"2257\">\ud83d\udcd0 Produktdetaljer<\/h2>\n<ul data-start=\"2259\" data-end=\"2569\">\n<li data-section-id=\"5rrl8i\" data-start=\"2322\" data-end=\"2372\">\n<p data-start=\"2324\" data-end=\"2372\">Materiale: PVC + ABS med kobberkomponenter<\/p>\n<\/li>\n<li data-section-id=\"15gt0kg\" data-start=\"2373\" data-end=\"2412\">\n<p data-start=\"2375\" data-end=\"2412\">R\u00f8rkompatibilitet: 32 mm \u2013 46 mm<\/p>\n<\/li>\n<li data-section-id=\"1yo7ufd\" data-start=\"2413\" data-end=\"2470\">\n<p data-start=\"2415\" data-end=\"2470\">Funksjon: Enveis drenering med automatisk lukking<\/p>\n<\/li>\n<li data-section-id=\"1c4qudj\" data-start=\"2471\" data-end=\"2518\">\n<p data-start=\"2473\" data-end=\"2518\">Design: Treveis gulvavl\u00f8pskontakt<\/p>\n<\/li>\n<li data-section-id=\"emlgqu\" data-start=\"2519\" data-end=\"2569\">\n<p data-start=\"2521\" data-end=\"2569\">Anvendelse: Avl\u00f8pssystemer for vaskemaskiner<\/p>\n<\/li>\n<\/ul>\n<h2 style=\"text-align: center\" data-section-id=\"1qc1r63\" data-start=\"2619\" data-end=\"2641\">\ud83d\udce6 Pakken inkluderer<\/h2>\n<ul data-start=\"2643\" data-end=\"2746\">\n<li data-section-id=\"qk9kt5\" data-start=\"2643\" data-end=\"2691\">\n<p data-start=\"2645\" data-end=\"2691\">1x tilbakestr\u00f8mningsbeskytter for vaskemaskinavl\u00f8p.<\/p>\n<\/li>\n<\/ul>\n","protected":false},"excerpt":{"rendered":"<p>\ud83d\udca6Stopp skittent vann fra \u00e5 komme tilbake i hjemmet ditt.<br \/>\n\ud83d\udc55En smart dreneringsl\u00f8sning som holder vaskeomr\u00e5det rent og beskyttet.<br \/>\n\ud83d\udeb0Denne tilbakestr\u00f8mningsbeskyttelsen for vaskemaskinavl\u00f8p skaper et enveis dreneringssystem som gj\u00f8r at avl\u00f8psvann kan str\u00f8mme ut jevnt, samtidig som det forhindrer at det str\u00f8mmer tilbake i vaskemaskinen eller gulvavl\u00f8pet.<\/p>\n","protected":false},"featured_media":24071,"comment_status":"open","ping_status":"closed","template":"","meta":{"site-sidebar-layout":"default","site-content-layout":"","ast-site-content-layout":"default","site-content-style":"default","site-sidebar-style":"default","ast-global-header-display":"","ast-banner-title-visibility":"","ast-main-header-display":"","ast-hfb-above-header-display":"","ast-hfb-below-header-display":"","ast-hfb-mobile-header-display":"","site-post-title":"","ast-breadcrumbs-content":"","ast-featured-img":"","footer-sml-layout":"","ast-disable-related-posts":"","theme-transparent-header-meta":"default","adv-header-id-meta":"","stick-header-meta":"","header-above-stick-meta":"","header-main-stick-meta":"","header-below-stick-meta":"","astra-migrate-meta-layouts":"set","ast-page-background-enabled":"default","ast-page-background-meta":{"desktop":{"background-color":"var(--ast-global-color-5)","background-image":"","background-repeat":"repeat","background-position":"center center","background-size":"auto","background-attachment":"scroll","background-type":"","background-media":"","overlay-type":"","overlay-color":"","overlay-opacity":"","overlay-gradient":""},"tablet":{"background-color":"","background-image":"","background-repeat":"repeat","background-position":"center center","background-size":"auto","background-attachment":"scroll","background-type":"","background-media":"","overlay-type":"","overlay-color":"","overlay-opacity":"","overlay-gradient":""},"mobile":{"background-color":"","background-image":"","background-repeat":"repeat","background-position":"center center","background-size":"auto","background-attachment":"scroll","background-type":"","background-media":"","overlay-type":"","overlay-color":"","overlay-opacity":"","overlay-gradient":""}},"ast-content-background-meta":{"desktop":{"background-color":"var(--ast-global-color-4)","background-image":"","background-repeat":"repeat","background-position":"center center","background-size":"auto","background-attachment":"scroll","background-type":"","background-media":"","overlay-type":"","overlay-color":"","overlay-opacity":"","overlay-gradient":""},"tablet":{"background-color":"var(--ast-global-color-4)","background-image":"","background-repeat":"repeat","background-position":"center center","background-size":"auto","background-attachment":"scroll","background-type":"","background-media":"","overlay-type":"","overlay-color":"","overlay-opacity":"","overlay-gradient":""},"mobile":{"background-color":"var(--ast-global-color-4)","background-image":"","background-repeat":"repeat","background-position":"center center","background-size":"auto","background-attachment":"scroll","background-type":"","background-media":"","overlay-type":"","overlay-color":"","overlay-opacity":"","overlay-gradient":""}}},"product_brand":[],"product_cat":[168],"product_tag":[],"class_list":{"0":"post-24075","1":"product","2":"type-product","3":"status-publish","4":"has-post-thumbnail","6":"product_cat-husholdningsartikler","7":"desktop-align-left","8":"tablet-align-left","9":"mobile-align-left","11":"first","12":"instock","13":"shipping-taxable","14":"purchasable","15":"product-type-simple"},"yoast_head":"<!-- This site is optimized with the Yoast SEO plugin v27.4 - https:\/\/yoast.com\/product\/yoast-seo-wordpress\/ -->\n<title>Beskytter mot tilbakeslag i vaskemaskinens avl\u00f8p - Deravio NO<\/title>\n<meta name=\"robots\" content=\"index, follow, max-snippet:-1, max-image-preview:large, max-video-preview:-1\" \/>\n<link rel=\"canonical\" href=\"https:\/\/deravio.com\/no\/produkt\/beskytter-mot-tilbakeslag-i-vaskemaskinens-avlop\/\" \/>\n<meta property=\"og:locale\" content=\"nb_NO\" \/>\n<meta property=\"og:type\" content=\"article\" \/>\n<meta property=\"og:title\" content=\"Beskytter mot tilbakeslag i vaskemaskinens avl\u00f8p - Deravio NO\" \/>\n<meta property=\"og:description\" content=\"\ud83d\udca6Stopp skittent vann fra \u00e5 komme tilbake i hjemmet ditt. \ud83d\udc55En smart dreneringsl\u00f8sning som holder vaskeomr\u00e5det rent og beskyttet. \ud83d\udeb0Denne tilbakestr\u00f8mningsbeskyttelsen for vaskemaskinavl\u00f8p skaper et enveis dreneringssystem som gj\u00f8r at avl\u00f8psvann kan str\u00f8mme ut jevnt, samtidig som det forhindrer at det str\u00f8mmer tilbake i vaskemaskinen eller gulvavl\u00f8pet.\" \/>\n<meta property=\"og:url\" content=\"https:\/\/deravio.com\/no\/produkt\/beskytter-mot-tilbakeslag-i-vaskemaskinens-avlop\/\" \/>\n<meta property=\"og:site_name\" content=\"Deravio NO\" \/>\n<meta property=\"og:image\" content=\"https:\/\/deravio.com\/no\/wp-content\/uploads\/sites\/18\/2026\/05\/mwwpv1o-1.jpg\" \/>\n\t<meta property=\"og:image:width\" content=\"713\" \/>\n\t<meta property=\"og:image:height\" content=\"713\" \/>\n\t<meta property=\"og:image:type\" content=\"image\/jpeg\" \/>\n<meta name=\"twitter:card\" content=\"summary_large_image\" \/>\n<meta name=\"twitter:label1\" content=\"Ansl. lesetid\" \/>\n\t<meta name=\"twitter:data1\" content=\"2 minutter\" \/>\n<script type=\"application\/ld+json\" class=\"yoast-schema-graph\">{\"@context\":\"https:\\\/\\\/schema.org\",\"@graph\":[{\"@type\":\"WebPage\",\"@id\":\"https:\\\/\\\/deravio.com\\\/no\\\/produkt\\\/beskytter-mot-tilbakeslag-i-vaskemaskinens-avlop\\\/\",\"url\":\"https:\\\/\\\/deravio.com\\\/no\\\/produkt\\\/beskytter-mot-tilbakeslag-i-vaskemaskinens-avlop\\\/\",\"name\":\"Beskytter mot tilbakeslag i vaskemaskinens avl\u00f8p - Deravio NO\",\"isPartOf\":{\"@id\":\"https:\\\/\\\/deravio.com\\\/no\\\/#website\"},\"primaryImageOfPage\":{\"@id\":\"https:\\\/\\\/deravio.com\\\/no\\\/produkt\\\/beskytter-mot-tilbakeslag-i-vaskemaskinens-avlop\\\/#primaryimage\"},\"image\":{\"@id\":\"https:\\\/\\\/deravio.com\\\/no\\\/produkt\\\/beskytter-mot-tilbakeslag-i-vaskemaskinens-avlop\\\/#primaryimage\"},\"thumbnailUrl\":\"https:\\\/\\\/deravio.com\\\/no\\\/wp-content\\\/uploads\\\/sites\\\/18\\\/2026\\\/05\\\/mwwpv1o-1.jpg\",\"datePublished\":\"2026-05-04T15:14:52+00:00\",\"breadcrumb\":{\"@id\":\"https:\\\/\\\/deravio.com\\\/no\\\/produkt\\\/beskytter-mot-tilbakeslag-i-vaskemaskinens-avlop\\\/#breadcrumb\"},\"inLanguage\":\"nb-NO\",\"potentialAction\":[{\"@type\":\"ReadAction\",\"target\":[\"https:\\\/\\\/deravio.com\\\/no\\\/produkt\\\/beskytter-mot-tilbakeslag-i-vaskemaskinens-avlop\\\/\"]}]},{\"@type\":\"ImageObject\",\"inLanguage\":\"nb-NO\",\"@id\":\"https:\\\/\\\/deravio.com\\\/no\\\/produkt\\\/beskytter-mot-tilbakeslag-i-vaskemaskinens-avlop\\\/#primaryimage\",\"url\":\"https:\\\/\\\/deravio.com\\\/no\\\/wp-content\\\/uploads\\\/sites\\\/18\\\/2026\\\/05\\\/mwwpv1o-1.jpg\",\"contentUrl\":\"https:\\\/\\\/deravio.com\\\/no\\\/wp-content\\\/uploads\\\/sites\\\/18\\\/2026\\\/05\\\/mwwpv1o-1.jpg\",\"width\":713,\"height\":713},{\"@type\":\"BreadcrumbList\",\"@id\":\"https:\\\/\\\/deravio.com\\\/no\\\/produkt\\\/beskytter-mot-tilbakeslag-i-vaskemaskinens-avlop\\\/#breadcrumb\",\"itemListElement\":[{\"@type\":\"ListItem\",\"position\":1,\"name\":\"Home\",\"item\":\"https:\\\/\\\/deravio.com\\\/no\\\/\"},{\"@type\":\"ListItem\",\"position\":2,\"name\":\"Butikk\",\"item\":\"https:\\\/\\\/deravio.com\\\/no\\\/butikk\\\/\"},{\"@type\":\"ListItem\",\"position\":3,\"name\":\"Beskytter mot tilbakeslag i vaskemaskinens avl\u00f8p\"}]},{\"@type\":\"WebSite\",\"@id\":\"https:\\\/\\\/deravio.com\\\/no\\\/#website\",\"url\":\"https:\\\/\\\/deravio.com\\\/no\\\/\",\"name\":\"Deravio NO\",\"description\":\"\",\"publisher\":{\"@id\":\"https:\\\/\\\/deravio.com\\\/no\\\/#organization\"},\"potentialAction\":[{\"@type\":\"SearchAction\",\"target\":{\"@type\":\"EntryPoint\",\"urlTemplate\":\"https:\\\/\\\/deravio.com\\\/no\\\/?s={search_term_string}\"},\"query-input\":{\"@type\":\"PropertyValueSpecification\",\"valueRequired\":true,\"valueName\":\"search_term_string\"}}],\"inLanguage\":\"nb-NO\"},{\"@type\":\"Organization\",\"@id\":\"https:\\\/\\\/deravio.com\\\/no\\\/#organization\",\"name\":\"Mekulo\",\"url\":\"https:\\\/\\\/deravio.com\\\/no\\\/\",\"logo\":{\"@type\":\"ImageObject\",\"inLanguage\":\"nb-NO\",\"@id\":\"https:\\\/\\\/deravio.com\\\/no\\\/#\\\/schema\\\/logo\\\/image\\\/\",\"url\":\"https:\\\/\\\/deravio.com\\\/no\\\/wp-content\\\/uploads\\\/sites\\\/18\\\/2025\\\/12\\\/favicon_mekulo.png\",\"contentUrl\":\"https:\\\/\\\/deravio.com\\\/no\\\/wp-content\\\/uploads\\\/sites\\\/18\\\/2025\\\/12\\\/favicon_mekulo.png\",\"width\":50,\"height\":50,\"caption\":\"Mekulo\"},\"image\":{\"@id\":\"https:\\\/\\\/deravio.com\\\/no\\\/#\\\/schema\\\/logo\\\/image\\\/\"}}]}<\/script>\n<!-- \/ Yoast SEO plugin. -->","yoast_head_json":{"title":"Beskytter mot tilbakeslag i vaskemaskinens avl\u00f8p - Deravio NO","robots":{"index":"index","follow":"follow","max-snippet":"max-snippet:-1","max-image-preview":"max-image-preview:large","max-video-preview":"max-video-preview:-1"},"canonical":"https:\/\/deravio.com\/no\/produkt\/beskytter-mot-tilbakeslag-i-vaskemaskinens-avlop\/","og_locale":"nb_NO","og_type":"article","og_title":"Beskytter mot tilbakeslag i vaskemaskinens avl\u00f8p - Deravio NO","og_description":"\ud83d\udca6Stopp skittent vann fra \u00e5 komme tilbake i hjemmet ditt. \ud83d\udc55En smart dreneringsl\u00f8sning som holder vaskeomr\u00e5det rent og beskyttet. \ud83d\udeb0Denne tilbakestr\u00f8mningsbeskyttelsen for vaskemaskinavl\u00f8p skaper et enveis dreneringssystem som gj\u00f8r at avl\u00f8psvann kan str\u00f8mme ut jevnt, samtidig som det forhindrer at det str\u00f8mmer tilbake i vaskemaskinen eller gulvavl\u00f8pet.","og_url":"https:\/\/deravio.com\/no\/produkt\/beskytter-mot-tilbakeslag-i-vaskemaskinens-avlop\/","og_site_name":"Deravio NO","og_image":[{"width":713,"height":713,"url":"https:\/\/deravio.com\/no\/wp-content\/uploads\/sites\/18\/2026\/05\/mwwpv1o-1.jpg","type":"image\/jpeg"}],"twitter_card":"summary_large_image","twitter_misc":{"Ansl. lesetid":"2 minutter"},"schema":{"@context":"https:\/\/schema.org","@graph":[{"@type":"WebPage","@id":"https:\/\/deravio.com\/no\/produkt\/beskytter-mot-tilbakeslag-i-vaskemaskinens-avlop\/","url":"https:\/\/deravio.com\/no\/produkt\/beskytter-mot-tilbakeslag-i-vaskemaskinens-avlop\/","name":"Beskytter mot tilbakeslag i vaskemaskinens avl\u00f8p - Deravio NO","isPartOf":{"@id":"https:\/\/deravio.com\/no\/#website"},"primaryImageOfPage":{"@id":"https:\/\/deravio.com\/no\/produkt\/beskytter-mot-tilbakeslag-i-vaskemaskinens-avlop\/#primaryimage"},"image":{"@id":"https:\/\/deravio.com\/no\/produkt\/beskytter-mot-tilbakeslag-i-vaskemaskinens-avlop\/#primaryimage"},"thumbnailUrl":"https:\/\/deravio.com\/no\/wp-content\/uploads\/sites\/18\/2026\/05\/mwwpv1o-1.jpg","datePublished":"2026-05-04T15:14:52+00:00","breadcrumb":{"@id":"https:\/\/deravio.com\/no\/produkt\/beskytter-mot-tilbakeslag-i-vaskemaskinens-avlop\/#breadcrumb"},"inLanguage":"nb-NO","potentialAction":[{"@type":"ReadAction","target":["https:\/\/deravio.com\/no\/produkt\/beskytter-mot-tilbakeslag-i-vaskemaskinens-avlop\/"]}]},{"@type":"ImageObject","inLanguage":"nb-NO","@id":"https:\/\/deravio.com\/no\/produkt\/beskytter-mot-tilbakeslag-i-vaskemaskinens-avlop\/#primaryimage","url":"https:\/\/deravio.com\/no\/wp-content\/uploads\/sites\/18\/2026\/05\/mwwpv1o-1.jpg","contentUrl":"https:\/\/deravio.com\/no\/wp-content\/uploads\/sites\/18\/2026\/05\/mwwpv1o-1.jpg","width":713,"height":713},{"@type":"BreadcrumbList","@id":"https:\/\/deravio.com\/no\/produkt\/beskytter-mot-tilbakeslag-i-vaskemaskinens-avlop\/#breadcrumb","itemListElement":[{"@type":"ListItem","position":1,"name":"Home","item":"https:\/\/deravio.com\/no\/"},{"@type":"ListItem","position":2,"name":"Butikk","item":"https:\/\/deravio.com\/no\/butikk\/"},{"@type":"ListItem","position":3,"name":"Beskytter mot tilbakeslag i vaskemaskinens avl\u00f8p"}]},{"@type":"WebSite","@id":"https:\/\/deravio.com\/no\/#website","url":"https:\/\/deravio.com\/no\/","name":"Deravio NO","description":"","publisher":{"@id":"https:\/\/deravio.com\/no\/#organization"},"potentialAction":[{"@type":"SearchAction","target":{"@type":"EntryPoint","urlTemplate":"https:\/\/deravio.com\/no\/?s={search_term_string}"},"query-input":{"@type":"PropertyValueSpecification","valueRequired":true,"valueName":"search_term_string"}}],"inLanguage":"nb-NO"},{"@type":"Organization","@id":"https:\/\/deravio.com\/no\/#organization","name":"Mekulo","url":"https:\/\/deravio.com\/no\/","logo":{"@type":"ImageObject","inLanguage":"nb-NO","@id":"https:\/\/deravio.com\/no\/#\/schema\/logo\/image\/","url":"https:\/\/deravio.com\/no\/wp-content\/uploads\/sites\/18\/2025\/12\/favicon_mekulo.png","contentUrl":"https:\/\/deravio.com\/no\/wp-content\/uploads\/sites\/18\/2025\/12\/favicon_mekulo.png","width":50,"height":50,"caption":"Mekulo"},"image":{"@id":"https:\/\/deravio.com\/no\/#\/schema\/logo\/image\/"}}]}},"_links":{"self":[{"href":"https:\/\/deravio.com\/no\/wp-json\/wp\/v2\/product\/24075","targetHints":{"allow":["GET"]}}],"collection":[{"href":"https:\/\/deravio.com\/no\/wp-json\/wp\/v2\/product"}],"about":[{"href":"https:\/\/deravio.com\/no\/wp-json\/wp\/v2\/types\/product"}],"replies":[{"embeddable":true,"href":"https:\/\/deravio.com\/no\/wp-json\/wp\/v2\/comments?post=24075"}],"wp:featuredmedia":[{"embeddable":true,"href":"https:\/\/deravio.com\/no\/wp-json\/wp\/v2\/media\/24071"}],"wp:attachment":[{"href":"https:\/\/deravio.com\/no\/wp-json\/wp\/v2\/media?parent=24075"}],"wp:term":[{"taxonomy":"product_brand","embeddable":true,"href":"https:\/\/deravio.com\/no\/wp-json\/wp\/v2\/product_brand?post=24075"},{"taxonomy":"product_cat","embeddable":true,"href":"https:\/\/deravio.com\/no\/wp-json\/wp\/v2\/product_cat?post=24075"},{"taxonomy":"product_tag","embeddable":true,"href":"https:\/\/deravio.com\/no\/wp-json\/wp\/v2\/product_tag?post=24075"}],"curies":[{"name":"wp","href":"https:\/\/api.w.org\/{rel}","templated":true}]}}