{"id":24066,"date":"2026-05-04T18:13:04","date_gmt":"2026-05-04T15:13:04","guid":{"rendered":"https:\/\/deravio.com\/no\/produkt\/batteridrevet-skralle-med-borstelos-skralle\/"},"modified":"2026-05-04T18:13:04","modified_gmt":"2026-05-04T15:13:04","slug":"batteridrevet-skralle-med-borstelos-skralle","status":"publish","type":"product","link":"https:\/\/deravio.com\/no\/produkt\/batteridrevet-skralle-med-borstelos-skralle\/","title":{"rendered":"Batteridrevet skralle med b\u00f8rstel\u00f8s skralle"},"content":{"rendered":"<h2 style=\"text-align: center\" data-section-id=\"wtab3f\" data-start=\"405\" data-end=\"421\">\u2728 L\u00f8ftet<\/h2>\n<p style=\"text-align: center\" data-start=\"423\" data-end=\"472\">St\u00f8rre dreiemoment.<br data-start=\"439\" data-end=\"442\" \/>Raskere arbeid.<br data-start=\"454\" data-end=\"457\" \/>Bedre kontroll.<\/p>\n<p data-start=\"423\" data-end=\"472\"><img fetchpriority=\"high\" decoding=\"async\" class=\" wp-image-27264 aligncenter\" src=\"https:\/\/mekulo.com\/template\/wp-content\/uploads\/sites\/6\/2026\/03\/122112-ezgif.com-video-to-webp-converter-3.webp\" alt=\"\" width=\"550\" height=\"550\" \/><\/p>\n<h2 style=\"text-align: center\" data-section-id=\"1x8y31r\" data-start=\"479\" data-end=\"497\">\u2705 Hovedfordeler<\/h2>\n<p data-start=\"501\" data-end=\"610\">\ud83d\udd27 H\u00f8ytytende b\u00f8rstel\u00f8s motor &#8211; Leverer opptil 40 FT.LBS dreiemoment med jevn, effektiv kraft.<\/p>\n<p data-start=\"614\" data-end=\"714\">\u26a1 Rask arbeidshastighet &#8211; N\u00e5r opptil 500 o\/min, noe som gj\u00f8r festeoppgaver raske og uanstrengte.<\/p>\n<p data-start=\"718\" data-end=\"832\">\ud83d\udd0b Dobbelt batterisystem &#8211; To 12 V litiumbatterier p\u00e5 2000 mAh s\u00f8rger for lengre driftstid og uavbrutt arbeid.<\/p>\n<p data-start=\"836\" data-end=\"935\">\ud83d\udca1 Innebygd LED-arbeidslys &#8211; Lyser opp m\u00f8rke arbeidsomr\u00e5der for bedre synlighet og presisjon.<\/p>\n<p data-start=\"939\" data-end=\"1027\">\ud83d\udd04 Fremover-\/bakoverbryter &#8211; Stram eller l\u00f8sne bolter raskt med enkel kontroll.<\/p>\n<p data-start=\"1031\" data-end=\"1145\">\ud83e\uddf0 Komplett stikkontaktsett inkludert &#8211; Leveres med flere stikkontakter, adapter og forlengelsesstang for allsidig bruk.<\/p>\n<p data-start=\"1149\" data-end=\"1252\">\u270b Kompakt, ergonomisk design &#8211; Lett konstruksjon som passer inn i trange rom og reduserer tretthet.<\/p>\n<h2 style=\"text-align: center\" data-section-id=\"d0iej6\" data-start=\"1259\" data-end=\"1282\">\u2757 Problem \u2192 L\u00f8sning<\/h2>\n<p data-start=\"1284\" data-end=\"1404\"><strong data-start=\"1284\" data-end=\"1296\">Problem:<\/strong><br data-start=\"1296\" data-end=\"1299\" \/>Manuelle skralleen\u00f8kler krever betydelig innsats og er langsomme n\u00e5r du arbeider med flere bolter eller p\u00e5 trange steder.<\/p>\n<p data-start=\"1406\" data-end=\"1565\"><strong data-start=\"1406\" data-end=\"1419\">L\u00f8sning:<\/strong><br data-start=\"1419\" data-end=\"1422\" \/>Denne b\u00f8rstel\u00f8se batteridrevne skrallen\u00f8kkelen gir kraftig elektrisk dreiemoment og rask rotasjon, slik at du kan fullf\u00f8re reparasjoner raskt med minimal anstrengelse.<\/p>\n<p data-start=\"1406\" data-end=\"1565\"><img decoding=\"async\" class=\"size-full wp-image-27265 aligncenter\" src=\"https:\/\/mekulo.com\/template\/wp-content\/uploads\/sites\/6\/2026\/03\/9536951b-d88e-4b1a-b8a3-391cecef19c0.jpg\" alt=\"\" width=\"800\" height=\"800\" \/><\/p>\n<h2 style=\"text-align: center\" data-section-id=\"a14dhn\" data-start=\"1614\" data-end=\"1640\">\ud83d\ude97 Perfekt for<\/h2>\n<ul data-start=\"1656\" data-end=\"1782\">\n<li data-section-id=\"i3xs5\" data-start=\"1656\" data-end=\"1678\">\n<p data-start=\"1658\" data-end=\"1678\">Autoreparasjoner<\/p>\n<\/li>\n<li data-section-id=\"2jtdou\" data-start=\"1679\" data-end=\"1705\">\n<p data-start=\"1681\" data-end=\"1705\">Motorsykkelvedlikehold<\/p>\n<\/li>\n<li data-section-id=\"1ht7nna\" data-start=\"1706\" data-end=\"1729\">\n<p data-start=\"1708\" data-end=\"1729\">DIY mekanisk arbeid<\/p>\n<\/li>\n<li data-section-id=\"keqe2u\" data-start=\"1730\" data-end=\"1752\">\n<p data-start=\"1732\" data-end=\"1752\">M\u00f8belmontering<\/p>\n<\/li>\n<li data-section-id=\"tj5dp8\" data-start=\"1753\" data-end=\"1782\">\n<p data-start=\"1755\" data-end=\"1782\">Hjemmevedlikeholdsprosjekter<\/p>\n<\/li>\n<\/ul>\n<p data-start=\"1784\" data-end=\"1843\">Et p\u00e5litelig verkt\u00f8y for b\u00e5de profesjonelle og gj\u00f8r-det-selv-entusiaster.<\/p>\n<h2 style=\"text-align: center\" data-section-id=\"1k514u3\" data-start=\"1850\" data-end=\"1866\">\u2699\ufe0f Slik bruker du<\/h2>\n<ol data-start=\"1868\" data-end=\"2104\">\n<li data-section-id=\"1ge5dex\" data-start=\"1868\" data-end=\"1920\">\n<p data-start=\"1871\" data-end=\"1920\">Sett inn \u00f8nsket hylse i skrallehodet.<\/p>\n<\/li>\n<li data-section-id=\"ffm6nm\" data-start=\"1921\" data-end=\"1961\">\n<p data-start=\"1924\" data-end=\"1961\">Velg retning forover eller bakover.<\/p>\n<\/li>\n<li data-section-id=\"ujkv7o\" data-start=\"1962\" data-end=\"2005\">\n<p data-start=\"1965\" data-end=\"2005\">Plasser verkt\u00f8yet p\u00e5 bolten eller mutteren.<\/p>\n<\/li>\n<li data-section-id=\"aqbq6e\" data-start=\"2006\" data-end=\"2049\">\n<p data-start=\"2009\" data-end=\"2049\">Trykk p\u00e5 avtrekkeren for \u00e5 stramme eller l\u00f8sne.<\/p>\n<\/li>\n<li data-section-id=\"1uko94u\" data-start=\"2050\" data-end=\"2104\">\n<p data-start=\"2053\" data-end=\"2104\">Bruk LED-lyset for bedre synlighet om n\u00f8dvendig.<\/p>\n<\/li>\n<\/ol>\n<h2 style=\"text-align: center\" data-section-id=\"6cujb5\" data-start=\"2153\" data-end=\"2174\">\ud83d\udcd0 Produktdetaljer<\/h2>\n<ul data-start=\"2176\" data-end=\"2423\">\n<li data-section-id=\"enmo1x\" data-start=\"2176\" data-end=\"2206\">\n<p data-start=\"2178\" data-end=\"2206\">Motor: B\u00f8rstel\u00f8s motor<\/p>\n<\/li>\n<li data-section-id=\"1dpd9wl\" data-start=\"2207\" data-end=\"2227\">\n<p data-start=\"2209\" data-end=\"2227\">Spenning: 12V<\/p>\n<\/li>\n<li data-section-id=\"15qcv8r\" data-start=\"2228\" data-end=\"2257\">\n<p data-start=\"2230\" data-end=\"2257\">Max dreiemoment: 40 FT.LBS<\/p>\n<\/li>\n<li data-section-id=\"m0vqa9\" data-start=\"2258\" data-end=\"2286\">\n<p data-start=\"2260\" data-end=\"2286\">Hastighet: Opptil 500 RPM<\/p>\n<\/li>\n<li data-section-id=\"y6rar7\" data-start=\"2287\" data-end=\"2315\">\n<p data-start=\"2289\" data-end=\"2315\">Drive-st\u00f8rrelse: 0,95 cm<\/p>\n<\/li>\n<li data-section-id=\"kifevf\" data-start=\"2316\" data-end=\"2371\">\n<p data-start=\"2318\" data-end=\"2371\">Batterikapasitet: 2x 2000mAh litiumbatterier<\/p>\n<\/li>\n<li data-section-id=\"1qr2f3g\" data-start=\"2372\" data-end=\"2423\">\n<p data-start=\"2374\" data-end=\"2423\">Funksjoner: LED-lys, bryter forover\/bakover<\/p>\n<\/li>\n<\/ul>\n<h2 style=\"text-align: center\" data-section-id=\"1qc1r63\" data-start=\"2482\" data-end=\"2504\">\ud83d\udce6 Pakken inneholder<\/h2>\n<ul data-start=\"2506\" data-end=\"2646\">\n<li data-section-id=\"922jea\" data-start=\"2506\" data-end=\"2547\">\n<p data-start=\"2508\" data-end=\"2547\">1x b\u00f8rstel\u00f8s, batteridrevet skrallefunksjonsn\u00f8kkel&lt;\/p<\/p>\n","protected":false},"excerpt":{"rendered":"<p>\ud83d\udd29Mer kraft. Mindre anstrengelse. Stram og l\u00f8sne bolter p\u00e5 sekunder.<br \/>\n\ud83d\udd27Denne b\u00f8rstel\u00f8se, batteridrevne skrallen\u00f8kkelen leverer kraftig dreiemoment og jevn drift, noe som gj\u00f8r reparasjoner raskere og enklere.<br \/>\n\ud83d\udc68\u200d\ud83d\udd27Designed for bilarbeid, gj\u00f8r-det-selv-prosjekter og vedlikehold i hjemmet, og hjelper deg med \u00e5 fullf\u00f8re jobber med mindre innsats og st\u00f8rre presisjon.<\/p>\n","protected":false},"featured_media":24062,"comment_status":"open","ping_status":"closed","template":"","meta":{"site-sidebar-layout":"default","site-content-layout":"","ast-site-content-layout":"default","site-content-style":"default","site-sidebar-style":"default","ast-global-header-display":"","ast-banner-title-visibility":"","ast-main-header-display":"","ast-hfb-above-header-display":"","ast-hfb-below-header-display":"","ast-hfb-mobile-header-display":"","site-post-title":"","ast-breadcrumbs-content":"","ast-featured-img":"","footer-sml-layout":"","ast-disable-related-posts":"","theme-transparent-header-meta":"default","adv-header-id-meta":"","stick-header-meta":"","header-above-stick-meta":"","header-main-stick-meta":"","header-below-stick-meta":"","astra-migrate-meta-layouts":"set","ast-page-background-enabled":"default","ast-page-background-meta":{"desktop":{"background-color":"var(--ast-global-color-5)","background-image":"","background-repeat":"repeat","background-position":"center center","background-size":"auto","background-attachment":"scroll","background-type":"","background-media":"","overlay-type":"","overlay-color":"","overlay-opacity":"","overlay-gradient":""},"tablet":{"background-color":"","background-image":"","background-repeat":"repeat","background-position":"center center","background-size":"auto","background-attachment":"scroll","background-type":"","background-media":"","overlay-type":"","overlay-color":"","overlay-opacity":"","overlay-gradient":""},"mobile":{"background-color":"","background-image":"","background-repeat":"repeat","background-position":"center center","background-size":"auto","background-attachment":"scroll","background-type":"","background-media":"","overlay-type":"","overlay-color":"","overlay-opacity":"","overlay-gradient":""}},"ast-content-background-meta":{"desktop":{"background-color":"var(--ast-global-color-4)","background-image":"","background-repeat":"repeat","background-position":"center center","background-size":"auto","background-attachment":"scroll","background-type":"","background-media":"","overlay-type":"","overlay-color":"","overlay-opacity":"","overlay-gradient":""},"tablet":{"background-color":"var(--ast-global-color-4)","background-image":"","background-repeat":"repeat","background-position":"center center","background-size":"auto","background-attachment":"scroll","background-type":"","background-media":"","overlay-type":"","overlay-color":"","overlay-opacity":"","overlay-gradient":""},"mobile":{"background-color":"var(--ast-global-color-4)","background-image":"","background-repeat":"repeat","background-position":"center center","background-size":"auto","background-attachment":"scroll","background-type":"","background-media":"","overlay-type":"","overlay-color":"","overlay-opacity":"","overlay-gradient":""}}},"product_brand":[],"product_cat":[171],"product_tag":[],"class_list":{"0":"post-24066","1":"product","2":"type-product","3":"status-publish","4":"has-post-thumbnail","6":"product_cat-verktoy","7":"desktop-align-left","8":"tablet-align-left","9":"mobile-align-left","11":"first","12":"instock","13":"shipping-taxable","14":"purchasable","15":"product-type-simple"},"yoast_head":"<!-- This site is optimized with the Yoast SEO plugin v27.4 - https:\/\/yoast.com\/product\/yoast-seo-wordpress\/ -->\n<title>Batteridrevet skralle med b\u00f8rstel\u00f8s skralle - Deravio NO<\/title>\n<meta name=\"robots\" content=\"index, follow, max-snippet:-1, max-image-preview:large, max-video-preview:-1\" \/>\n<link rel=\"canonical\" href=\"https:\/\/deravio.com\/no\/produkt\/batteridrevet-skralle-med-borstelos-skralle\/\" \/>\n<meta property=\"og:locale\" content=\"nb_NO\" \/>\n<meta property=\"og:type\" content=\"article\" \/>\n<meta property=\"og:title\" content=\"Batteridrevet skralle med b\u00f8rstel\u00f8s skralle - Deravio NO\" \/>\n<meta property=\"og:description\" content=\"\ud83d\udd29Mer kraft. Mindre anstrengelse. Stram og l\u00f8sne bolter p\u00e5 sekunder. \ud83d\udd27Denne b\u00f8rstel\u00f8se, batteridrevne skrallen\u00f8kkelen leverer kraftig dreiemoment og jevn drift, noe som gj\u00f8r reparasjoner raskere og enklere. \ud83d\udc68\u200d\ud83d\udd27Designed for bilarbeid, gj\u00f8r-det-selv-prosjekter og vedlikehold i hjemmet, og hjelper deg med \u00e5 fullf\u00f8re jobber med mindre innsats og st\u00f8rre presisjon.\" \/>\n<meta property=\"og:url\" content=\"https:\/\/deravio.com\/no\/produkt\/batteridrevet-skralle-med-borstelos-skralle\/\" \/>\n<meta property=\"og:site_name\" content=\"Deravio NO\" \/>\n<meta property=\"og:image\" content=\"https:\/\/deravio.com\/no\/wp-content\/uploads\/sites\/18\/2026\/05\/6hd8pxf-1.webp\" \/>\n\t<meta property=\"og:image:width\" content=\"800\" \/>\n\t<meta property=\"og:image:height\" content=\"800\" \/>\n\t<meta property=\"og:image:type\" content=\"image\/webp\" \/>\n<meta name=\"twitter:card\" content=\"summary_large_image\" \/>\n<meta name=\"twitter:label1\" content=\"Ansl. lesetid\" \/>\n\t<meta name=\"twitter:data1\" content=\"2 minutter\" \/>\n<script type=\"application\/ld+json\" class=\"yoast-schema-graph\">{\"@context\":\"https:\\\/\\\/schema.org\",\"@graph\":[{\"@type\":\"WebPage\",\"@id\":\"https:\\\/\\\/deravio.com\\\/no\\\/produkt\\\/batteridrevet-skralle-med-borstelos-skralle\\\/\",\"url\":\"https:\\\/\\\/deravio.com\\\/no\\\/produkt\\\/batteridrevet-skralle-med-borstelos-skralle\\\/\",\"name\":\"Batteridrevet skralle med b\u00f8rstel\u00f8s skralle - Deravio NO\",\"isPartOf\":{\"@id\":\"https:\\\/\\\/deravio.com\\\/no\\\/#website\"},\"primaryImageOfPage\":{\"@id\":\"https:\\\/\\\/deravio.com\\\/no\\\/produkt\\\/batteridrevet-skralle-med-borstelos-skralle\\\/#primaryimage\"},\"image\":{\"@id\":\"https:\\\/\\\/deravio.com\\\/no\\\/produkt\\\/batteridrevet-skralle-med-borstelos-skralle\\\/#primaryimage\"},\"thumbnailUrl\":\"https:\\\/\\\/deravio.com\\\/no\\\/wp-content\\\/uploads\\\/sites\\\/18\\\/2026\\\/05\\\/6hd8pxf-1.webp\",\"datePublished\":\"2026-05-04T15:13:04+00:00\",\"breadcrumb\":{\"@id\":\"https:\\\/\\\/deravio.com\\\/no\\\/produkt\\\/batteridrevet-skralle-med-borstelos-skralle\\\/#breadcrumb\"},\"inLanguage\":\"nb-NO\",\"potentialAction\":[{\"@type\":\"ReadAction\",\"target\":[\"https:\\\/\\\/deravio.com\\\/no\\\/produkt\\\/batteridrevet-skralle-med-borstelos-skralle\\\/\"]}]},{\"@type\":\"ImageObject\",\"inLanguage\":\"nb-NO\",\"@id\":\"https:\\\/\\\/deravio.com\\\/no\\\/produkt\\\/batteridrevet-skralle-med-borstelos-skralle\\\/#primaryimage\",\"url\":\"https:\\\/\\\/deravio.com\\\/no\\\/wp-content\\\/uploads\\\/sites\\\/18\\\/2026\\\/05\\\/6hd8pxf-1.webp\",\"contentUrl\":\"https:\\\/\\\/deravio.com\\\/no\\\/wp-content\\\/uploads\\\/sites\\\/18\\\/2026\\\/05\\\/6hd8pxf-1.webp\",\"width\":800,\"height\":800},{\"@type\":\"BreadcrumbList\",\"@id\":\"https:\\\/\\\/deravio.com\\\/no\\\/produkt\\\/batteridrevet-skralle-med-borstelos-skralle\\\/#breadcrumb\",\"itemListElement\":[{\"@type\":\"ListItem\",\"position\":1,\"name\":\"Home\",\"item\":\"https:\\\/\\\/deravio.com\\\/no\\\/\"},{\"@type\":\"ListItem\",\"position\":2,\"name\":\"Butikk\",\"item\":\"https:\\\/\\\/deravio.com\\\/no\\\/butikk\\\/\"},{\"@type\":\"ListItem\",\"position\":3,\"name\":\"Batteridrevet skralle med b\u00f8rstel\u00f8s skralle\"}]},{\"@type\":\"WebSite\",\"@id\":\"https:\\\/\\\/deravio.com\\\/no\\\/#website\",\"url\":\"https:\\\/\\\/deravio.com\\\/no\\\/\",\"name\":\"Deravio NO\",\"description\":\"\",\"publisher\":{\"@id\":\"https:\\\/\\\/deravio.com\\\/no\\\/#organization\"},\"potentialAction\":[{\"@type\":\"SearchAction\",\"target\":{\"@type\":\"EntryPoint\",\"urlTemplate\":\"https:\\\/\\\/deravio.com\\\/no\\\/?s={search_term_string}\"},\"query-input\":{\"@type\":\"PropertyValueSpecification\",\"valueRequired\":true,\"valueName\":\"search_term_string\"}}],\"inLanguage\":\"nb-NO\"},{\"@type\":\"Organization\",\"@id\":\"https:\\\/\\\/deravio.com\\\/no\\\/#organization\",\"name\":\"Mekulo\",\"url\":\"https:\\\/\\\/deravio.com\\\/no\\\/\",\"logo\":{\"@type\":\"ImageObject\",\"inLanguage\":\"nb-NO\",\"@id\":\"https:\\\/\\\/deravio.com\\\/no\\\/#\\\/schema\\\/logo\\\/image\\\/\",\"url\":\"https:\\\/\\\/deravio.com\\\/no\\\/wp-content\\\/uploads\\\/sites\\\/18\\\/2025\\\/12\\\/favicon_mekulo.png\",\"contentUrl\":\"https:\\\/\\\/deravio.com\\\/no\\\/wp-content\\\/uploads\\\/sites\\\/18\\\/2025\\\/12\\\/favicon_mekulo.png\",\"width\":50,\"height\":50,\"caption\":\"Mekulo\"},\"image\":{\"@id\":\"https:\\\/\\\/deravio.com\\\/no\\\/#\\\/schema\\\/logo\\\/image\\\/\"}}]}<\/script>\n<!-- \/ Yoast SEO plugin. -->","yoast_head_json":{"title":"Batteridrevet skralle med b\u00f8rstel\u00f8s skralle - Deravio NO","robots":{"index":"index","follow":"follow","max-snippet":"max-snippet:-1","max-image-preview":"max-image-preview:large","max-video-preview":"max-video-preview:-1"},"canonical":"https:\/\/deravio.com\/no\/produkt\/batteridrevet-skralle-med-borstelos-skralle\/","og_locale":"nb_NO","og_type":"article","og_title":"Batteridrevet skralle med b\u00f8rstel\u00f8s skralle - Deravio NO","og_description":"\ud83d\udd29Mer kraft. Mindre anstrengelse. Stram og l\u00f8sne bolter p\u00e5 sekunder. \ud83d\udd27Denne b\u00f8rstel\u00f8se, batteridrevne skrallen\u00f8kkelen leverer kraftig dreiemoment og jevn drift, noe som gj\u00f8r reparasjoner raskere og enklere. \ud83d\udc68\u200d\ud83d\udd27Designed for bilarbeid, gj\u00f8r-det-selv-prosjekter og vedlikehold i hjemmet, og hjelper deg med \u00e5 fullf\u00f8re jobber med mindre innsats og st\u00f8rre presisjon.","og_url":"https:\/\/deravio.com\/no\/produkt\/batteridrevet-skralle-med-borstelos-skralle\/","og_site_name":"Deravio NO","og_image":[{"width":800,"height":800,"url":"https:\/\/deravio.com\/no\/wp-content\/uploads\/sites\/18\/2026\/05\/6hd8pxf-1.webp","type":"image\/webp"}],"twitter_card":"summary_large_image","twitter_misc":{"Ansl. lesetid":"2 minutter"},"schema":{"@context":"https:\/\/schema.org","@graph":[{"@type":"WebPage","@id":"https:\/\/deravio.com\/no\/produkt\/batteridrevet-skralle-med-borstelos-skralle\/","url":"https:\/\/deravio.com\/no\/produkt\/batteridrevet-skralle-med-borstelos-skralle\/","name":"Batteridrevet skralle med b\u00f8rstel\u00f8s skralle - Deravio NO","isPartOf":{"@id":"https:\/\/deravio.com\/no\/#website"},"primaryImageOfPage":{"@id":"https:\/\/deravio.com\/no\/produkt\/batteridrevet-skralle-med-borstelos-skralle\/#primaryimage"},"image":{"@id":"https:\/\/deravio.com\/no\/produkt\/batteridrevet-skralle-med-borstelos-skralle\/#primaryimage"},"thumbnailUrl":"https:\/\/deravio.com\/no\/wp-content\/uploads\/sites\/18\/2026\/05\/6hd8pxf-1.webp","datePublished":"2026-05-04T15:13:04+00:00","breadcrumb":{"@id":"https:\/\/deravio.com\/no\/produkt\/batteridrevet-skralle-med-borstelos-skralle\/#breadcrumb"},"inLanguage":"nb-NO","potentialAction":[{"@type":"ReadAction","target":["https:\/\/deravio.com\/no\/produkt\/batteridrevet-skralle-med-borstelos-skralle\/"]}]},{"@type":"ImageObject","inLanguage":"nb-NO","@id":"https:\/\/deravio.com\/no\/produkt\/batteridrevet-skralle-med-borstelos-skralle\/#primaryimage","url":"https:\/\/deravio.com\/no\/wp-content\/uploads\/sites\/18\/2026\/05\/6hd8pxf-1.webp","contentUrl":"https:\/\/deravio.com\/no\/wp-content\/uploads\/sites\/18\/2026\/05\/6hd8pxf-1.webp","width":800,"height":800},{"@type":"BreadcrumbList","@id":"https:\/\/deravio.com\/no\/produkt\/batteridrevet-skralle-med-borstelos-skralle\/#breadcrumb","itemListElement":[{"@type":"ListItem","position":1,"name":"Home","item":"https:\/\/deravio.com\/no\/"},{"@type":"ListItem","position":2,"name":"Butikk","item":"https:\/\/deravio.com\/no\/butikk\/"},{"@type":"ListItem","position":3,"name":"Batteridrevet skralle med b\u00f8rstel\u00f8s skralle"}]},{"@type":"WebSite","@id":"https:\/\/deravio.com\/no\/#website","url":"https:\/\/deravio.com\/no\/","name":"Deravio NO","description":"","publisher":{"@id":"https:\/\/deravio.com\/no\/#organization"},"potentialAction":[{"@type":"SearchAction","target":{"@type":"EntryPoint","urlTemplate":"https:\/\/deravio.com\/no\/?s={search_term_string}"},"query-input":{"@type":"PropertyValueSpecification","valueRequired":true,"valueName":"search_term_string"}}],"inLanguage":"nb-NO"},{"@type":"Organization","@id":"https:\/\/deravio.com\/no\/#organization","name":"Mekulo","url":"https:\/\/deravio.com\/no\/","logo":{"@type":"ImageObject","inLanguage":"nb-NO","@id":"https:\/\/deravio.com\/no\/#\/schema\/logo\/image\/","url":"https:\/\/deravio.com\/no\/wp-content\/uploads\/sites\/18\/2025\/12\/favicon_mekulo.png","contentUrl":"https:\/\/deravio.com\/no\/wp-content\/uploads\/sites\/18\/2025\/12\/favicon_mekulo.png","width":50,"height":50,"caption":"Mekulo"},"image":{"@id":"https:\/\/deravio.com\/no\/#\/schema\/logo\/image\/"}}]}},"_links":{"self":[{"href":"https:\/\/deravio.com\/no\/wp-json\/wp\/v2\/product\/24066","targetHints":{"allow":["GET"]}}],"collection":[{"href":"https:\/\/deravio.com\/no\/wp-json\/wp\/v2\/product"}],"about":[{"href":"https:\/\/deravio.com\/no\/wp-json\/wp\/v2\/types\/product"}],"replies":[{"embeddable":true,"href":"https:\/\/deravio.com\/no\/wp-json\/wp\/v2\/comments?post=24066"}],"wp:featuredmedia":[{"embeddable":true,"href":"https:\/\/deravio.com\/no\/wp-json\/wp\/v2\/media\/24062"}],"wp:attachment":[{"href":"https:\/\/deravio.com\/no\/wp-json\/wp\/v2\/media?parent=24066"}],"wp:term":[{"taxonomy":"product_brand","embeddable":true,"href":"https:\/\/deravio.com\/no\/wp-json\/wp\/v2\/product_brand?post=24066"},{"taxonomy":"product_cat","embeddable":true,"href":"https:\/\/deravio.com\/no\/wp-json\/wp\/v2\/product_cat?post=24066"},{"taxonomy":"product_tag","embeddable":true,"href":"https:\/\/deravio.com\/no\/wp-json\/wp\/v2\/product_tag?post=24066"}],"curies":[{"name":"wp","href":"https:\/\/api.w.org\/{rel}","templated":true}]}}