{"id":24025,"date":"2026-05-04T18:07:28","date_gmt":"2026-05-04T15:07:28","guid":{"rendered":"https:\/\/deravio.com\/no\/produkt\/balanse-tre-frosk-stablingsspill\/"},"modified":"2026-05-04T18:07:41","modified_gmt":"2026-05-04T15:07:41","slug":"balanse-tre-frosk-stablingsspill","status":"publish","type":"product","link":"https:\/\/deravio.com\/no\/produkt\/balanse-tre-frosk-stablingsspill\/","title":{"rendered":"Balanse tre frosk stablingsspill"},"content":{"rendered":"<h2 style=\"text-align: center\" data-section-id=\"wtab3f\" data-start=\"408\" data-end=\"424\">\u2728 L\u00f8ftet<\/h2>\n<p style=\"text-align: center\" data-start=\"426\" data-end=\"477\">Mer latter.<br data-start=\"440\" data-end=\"443\" \/>Mer l\u00e6ring.<br data-start=\"457\" data-end=\"460\" \/>Mer familietid.<\/p>\n<p data-start=\"426\" data-end=\"477\"><img fetchpriority=\"high\" decoding=\"async\" class=\" wp-image-27228 aligncenter\" src=\"https:\/\/mekulo.com\/template\/wp-content\/uploads\/sites\/6\/2026\/03\/12217-ezgif.com-video-to-webp-converter-2.webp\" alt=\"\" width=\"550\" height=\"550\" \/><\/p>\n<h2 style=\"text-align: center\" data-section-id=\"1x8y31r\" data-start=\"484\" data-end=\"502\">\u2705 Hovedfordeler<\/h2>\n<p data-start=\"506\" data-end=\"612\">\ud83d\udc38 Spennende balanseutfordring &#8211; Stable frosker forsiktig uten \u00e5 velte treet og test ferdighetene dine.<\/p>\n<p data-start=\"616\" data-end=\"714\">\ud83d\udc68\u200d\ud83d\udc69\u200d\ud83d\udc67 Perfekt familiespill &#8211; Oppmuntrer til samspill mellom foreldre og barn og vennlig konkurranse.<\/p>\n<p data-start=\"718\" data-end=\"824\">\ud83e\udde0 L\u00e6rerikt gjennom lek &#8211; Forbedrer telleferdigheter, h\u00e5nd-\u00f8ye-koordinasjon og logisk tenkning.<\/p>\n<p data-start=\"828\" data-end=\"934\">\ud83c\udfb2 Flere spillalternativer &#8211; Terningkast og eventyrhjulet skaper nye utfordringer hver runde.<\/p>\n<p data-start=\"938\" data-end=\"1037\">\ud83c\udf31 Trygge, milj\u00f8vennlige materialer &#8211; Laget av slitesterk, barnesikker ABS-plast med glatte kanter.<\/p>\n<p data-start=\"1041\" data-end=\"1150\">\ud83c\udf89 Flott fest- og gruppeaktivitet &#8211; Ideell for familiekvelder, bursdagsselskaper og lek i klasserommet.<\/p>\n<h2 style=\"text-align: center\" data-section-id=\"d0iej6\" data-start=\"1157\" data-end=\"1180\">\u2757 Problem \u2192 L\u00f8sning<\/h2>\n<p data-start=\"1182\" data-end=\"1295\"><strong data-start=\"1182\" data-end=\"1194\">Problem:<\/strong><br data-start=\"1194\" data-end=\"1197\" \/>Mange leker underholder barna bare i kort tid og oppmuntrer ikke til interaksjon eller l\u00e6ring.<\/p>\n<p data-start=\"1297\" data-end=\"1497\"><strong data-start=\"1297\" data-end=\"1310\">L\u00f8sning:<\/strong><br data-start=\"1310\" data-end=\"1313\" \/>Dette balansetreet med froskestabler kombinerer moro, ferdighetsbygging og sosial lek, og hjelper barna \u00e5 holde seg engasjerte samtidig som de utvikler koordinasjon, t\u00e5lmodighet og probleml\u00f8sende evner. L\u00e6ring blir et spill som alle liker.<\/p>\n<p data-start=\"1297\" data-end=\"1497\"><img decoding=\"async\" class=\" wp-image-27229 aligncenter\" src=\"https:\/\/mekulo.com\/template\/wp-content\/uploads\/sites\/6\/2026\/03\/12216-ezgif.com-video-to-webp-converter-3.webp\" alt=\"\" width=\"550\" height=\"550\" \/><\/p>\n<h2 style=\"text-align: center\" data-section-id=\"10n4q2k\" data-start=\"1546\" data-end=\"1572\">\ud83c\udfe1 Perfekt for<\/h2>\n<ul data-start=\"1588\" data-end=\"1758\">\n<li data-section-id=\"1sol1pb\" data-start=\"1588\" data-end=\"1610\">\n<p data-start=\"1590\" data-end=\"1610\">Familiespillkvelder<\/p>\n<\/li>\n<li data-section-id=\"tu5tof\" data-start=\"1611\" data-end=\"1646\">\n<p data-start=\"1613\" data-end=\"1646\">Foreldre-barn-aktiviteter<\/p>\n<\/li>\n<li data-section-id=\"1jvt18x\" data-start=\"1647\" data-end=\"1681\">\n<p data-start=\"1649\" data-end=\"1681\">F\u00f8dselsdagsselskaper og lekedager<\/p>\n<\/li>\n<li data-section-id=\"wqcydb\" data-start=\"1682\" data-end=\"1722\">\n<p data-start=\"1684\" data-end=\"1722\">L\u00e6ringsspill og bel\u00f8nninger p\u00e5 klasserommet<\/p>\n<\/li>\n<li data-section-id=\"98w2aj\" data-start=\"1723\" data-end=\"1758\">\n<p data-start=\"1725\" data-end=\"1758\">Reiser eller ferieunderholdning<\/p>\n<\/li>\n<\/ul>\n<p data-start=\"1760\" data-end=\"1809\">Et enkelt spill som skaper uforglemmelige \u00f8yeblikk.<\/p>\n<h2 style=\"text-align: center\" data-section-id=\"5t17do\" data-start=\"1816\" data-end=\"1833\">\u2699\ufe0f Slik spiller du<\/h2>\n<ol data-start=\"1835\" data-end=\"1990\">\n<li data-section-id=\"a471sh\" data-start=\"1835\" data-end=\"1868\">\n<p data-start=\"1838\" data-end=\"1868\">Sett opp balansetreet.<\/p>\n<\/li>\n<li data-section-id=\"19rq7ut\" data-start=\"1869\" data-end=\"1905\">\n<p data-start=\"1872\" data-end=\"1905\">Snurr hjulet eller kast terningen.<\/p>\n<\/li>\n<li data-section-id=\"23y31d\" data-start=\"1906\" data-end=\"1958\">\n<p data-start=\"1909\" data-end=\"1958\">Plasser froskene p\u00e5 treet i henhold til resultatet.<\/p>\n<\/li>\n<li data-section-id=\"1600258\" data-start=\"1959\" data-end=\"1990\">\n<p data-start=\"1962\" data-end=\"1990\">Pr\u00f8v \u00e5 ikke velte balansen.<\/p>\n<\/li>\n<\/ol>\n<h2 style=\"text-align: center\" data-section-id=\"6cujb5\" data-start=\"2054\" data-end=\"2075\">\ud83d\udcd0 Produktdetaljer<\/h2>\n<ul data-start=\"2077\" data-end=\"2287\">\n<li data-section-id=\"4pz796\" data-start=\"2077\" data-end=\"2119\">\n<p data-start=\"2079\" data-end=\"2119\">Materiale: Milj\u00f8vennlig ABS-plast<\/p>\n<\/li>\n<li data-section-id=\"1ltp3w2\" data-start=\"2120\" data-end=\"2148\">\n<p data-start=\"2122\" data-end=\"2148\">Spillst\u00f8rrelse: 13,5 x 13,5 cm<\/p>\n<\/li>\n<li data-section-id=\"15z91nm\" data-start=\"2149\" data-end=\"2198\">\n<p data-start=\"2151\" data-end=\"2198\">Design: Balansestablingsspill med frosketema<\/p>\n<\/li>\n<li data-section-id=\"eyijo2\" data-start=\"2199\" data-end=\"2239\">\n<p data-start=\"2201\" data-end=\"2239\">Anbefalte spillere: 2-4 spillere<\/p>\n<\/li>\n<li data-section-id=\"6ba33f\" data-start=\"2240\" data-end=\"2287\">\n<p data-start=\"2242\" data-end=\"2287\">Sikkerhet: Glatt, barnesikker konstruksjon<\/p>\n<\/li>\n<\/ul>\n<h2 style=\"text-align: center\" data-section-id=\"1qc1r63\" data-start=\"2333\" data-end=\"2355\">\ud83d\udce6 Pakken inneholder<\/h2>\n<ul data-start=\"2357\" data-end=\"2484\">\n<li data-section-id=\"1bez0rz\" data-start=\"2357\" data-end=\"2377\">\n<p data-start=\"2359\" data-end=\"2377\">48x spillbrikker<\/p>\n<\/li>\n<li data-section-id=\"1s8t45j\" data-start=\"2378\" data-end=\"2404\">\n<p data-start=\"2380\" data-end=\"2404\">1x dreiebord<\/p>\n<\/li>\n<li data-section-id=\"1s8t45j\" data-start=\"2378\" data-end=\"2404\">\n<p data-start=\"2380\" data-end=\"2404\">1x balansebord<\/p>\n<\/li>\n<li data-section-id=\"1s8t45j\" data-start=\"2378\" data-end=\"2404\">\n<p data-start=\"2380\" data-end=\"2404\">1x terninger<\/p>\n<\/li>\n<li data-section-id=\"1s8t45j\" data-start=\"2378\" data-end=\"2404\">1x oppbevaringspose.<\/li>\n<\/ul>\n","protected":false},"excerpt":{"rendered":"<p>\ud83d\udc68\u200d\ud83d\udc69\u200d\ud83d\udc67\u200d\ud83d\udc66Balance, latter og familiemoro i ett og samme spill. En leken utfordring for barn og foreldre.<br \/>\n\ud83d\udc38Dette balansespillet med tre froskestabler gj\u00f8r enkel stabling til en spennende utfordring.<br \/>\n\ud83e\udde0Med fargerike frosker, snurrende utfordringer og terningbasert spilling skaper det \u00f8yeblikk av latter samtidig som det hjelper barna med \u00e5 utvikle viktige ferdigheter.<\/p>\n","protected":false},"featured_media":24021,"comment_status":"open","ping_status":"closed","template":"","meta":{"site-sidebar-layout":"default","site-content-layout":"","ast-site-content-layout":"default","site-content-style":"default","site-sidebar-style":"default","ast-global-header-display":"","ast-banner-title-visibility":"","ast-main-header-display":"","ast-hfb-above-header-display":"","ast-hfb-below-header-display":"","ast-hfb-mobile-header-display":"","site-post-title":"","ast-breadcrumbs-content":"","ast-featured-img":"","footer-sml-layout":"","ast-disable-related-posts":"","theme-transparent-header-meta":"default","adv-header-id-meta":"","stick-header-meta":"","header-above-stick-meta":"","header-main-stick-meta":"","header-below-stick-meta":"","astra-migrate-meta-layouts":"set","ast-page-background-enabled":"default","ast-page-background-meta":{"desktop":{"background-color":"var(--ast-global-color-5)","background-image":"","background-repeat":"repeat","background-position":"center center","background-size":"auto","background-attachment":"scroll","background-type":"","background-media":"","overlay-type":"","overlay-color":"","overlay-opacity":"","overlay-gradient":""},"tablet":{"background-color":"","background-image":"","background-repeat":"repeat","background-position":"center center","background-size":"auto","background-attachment":"scroll","background-type":"","background-media":"","overlay-type":"","overlay-color":"","overlay-opacity":"","overlay-gradient":""},"mobile":{"background-color":"","background-image":"","background-repeat":"repeat","background-position":"center center","background-size":"auto","background-attachment":"scroll","background-type":"","background-media":"","overlay-type":"","overlay-color":"","overlay-opacity":"","overlay-gradient":""}},"ast-content-background-meta":{"desktop":{"background-color":"var(--ast-global-color-4)","background-image":"","background-repeat":"repeat","background-position":"center center","background-size":"auto","background-attachment":"scroll","background-type":"","background-media":"","overlay-type":"","overlay-color":"","overlay-opacity":"","overlay-gradient":""},"tablet":{"background-color":"var(--ast-global-color-4)","background-image":"","background-repeat":"repeat","background-position":"center center","background-size":"auto","background-attachment":"scroll","background-type":"","background-media":"","overlay-type":"","overlay-color":"","overlay-opacity":"","overlay-gradient":""},"mobile":{"background-color":"var(--ast-global-color-4)","background-image":"","background-repeat":"repeat","background-position":"center center","background-size":"auto","background-attachment":"scroll","background-type":"","background-media":"","overlay-type":"","overlay-color":"","overlay-opacity":"","overlay-gradient":""}}},"product_brand":[],"product_cat":[172],"product_tag":[],"class_list":{"0":"post-24025","1":"product","2":"type-product","3":"status-publish","4":"has-post-thumbnail","6":"product_cat-leker-barne-og-babyprodukter","7":"pa_66381_ad48l496-astronaut","8":"pa_66381_ad48l496-frosk","9":"pa_66381_ad48l496-panda","10":"desktop-align-left","11":"tablet-align-left","12":"mobile-align-left","14":"first","15":"instock","16":"shipping-taxable","17":"purchasable","18":"product-type-variable"},"yoast_head":"<!-- This site is optimized with the Yoast SEO plugin v27.4 - https:\/\/yoast.com\/product\/yoast-seo-wordpress\/ -->\n<title>Balanse tre frosk stablingsspill - Deravio NO<\/title>\n<meta name=\"robots\" content=\"index, follow, max-snippet:-1, max-image-preview:large, max-video-preview:-1\" \/>\n<link rel=\"canonical\" href=\"https:\/\/deravio.com\/no\/produkt\/balanse-tre-frosk-stablingsspill\/\" \/>\n<meta property=\"og:locale\" content=\"nb_NO\" \/>\n<meta property=\"og:type\" content=\"article\" \/>\n<meta property=\"og:title\" content=\"Balanse tre frosk stablingsspill - Deravio NO\" \/>\n<meta property=\"og:description\" content=\"\ud83d\udc68\u200d\ud83d\udc69\u200d\ud83d\udc67\u200d\ud83d\udc66Balance, latter og familiemoro i ett og samme spill. En leken utfordring for barn og foreldre. \ud83d\udc38Dette balansespillet med tre froskestabler gj\u00f8r enkel stabling til en spennende utfordring. \ud83e\udde0Med fargerike frosker, snurrende utfordringer og terningbasert spilling skaper det \u00f8yeblikk av latter samtidig som det hjelper barna med \u00e5 utvikle viktige ferdigheter.\" \/>\n<meta property=\"og:url\" content=\"https:\/\/deravio.com\/no\/produkt\/balanse-tre-frosk-stablingsspill\/\" \/>\n<meta property=\"og:site_name\" content=\"Deravio NO\" \/>\n<meta property=\"article:modified_time\" content=\"2026-05-04T15:07:41+00:00\" \/>\n<meta property=\"og:image\" content=\"https:\/\/deravio.com\/no\/wp-content\/uploads\/sites\/18\/2026\/05\/4audxoq-1.webp\" \/>\n\t<meta property=\"og:image:width\" content=\"713\" \/>\n\t<meta property=\"og:image:height\" content=\"713\" \/>\n\t<meta property=\"og:image:type\" content=\"image\/webp\" \/>\n<meta name=\"twitter:card\" content=\"summary_large_image\" \/>\n<meta name=\"twitter:label1\" content=\"Ansl. lesetid\" \/>\n\t<meta name=\"twitter:data1\" content=\"2 minutter\" \/>\n<script type=\"application\/ld+json\" class=\"yoast-schema-graph\">{\"@context\":\"https:\\\/\\\/schema.org\",\"@graph\":[{\"@type\":\"WebPage\",\"@id\":\"https:\\\/\\\/deravio.com\\\/no\\\/produkt\\\/balanse-tre-frosk-stablingsspill\\\/\",\"url\":\"https:\\\/\\\/deravio.com\\\/no\\\/produkt\\\/balanse-tre-frosk-stablingsspill\\\/\",\"name\":\"Balanse tre frosk stablingsspill - Deravio NO\",\"isPartOf\":{\"@id\":\"https:\\\/\\\/deravio.com\\\/no\\\/#website\"},\"primaryImageOfPage\":{\"@id\":\"https:\\\/\\\/deravio.com\\\/no\\\/produkt\\\/balanse-tre-frosk-stablingsspill\\\/#primaryimage\"},\"image\":{\"@id\":\"https:\\\/\\\/deravio.com\\\/no\\\/produkt\\\/balanse-tre-frosk-stablingsspill\\\/#primaryimage\"},\"thumbnailUrl\":\"https:\\\/\\\/deravio.com\\\/no\\\/wp-content\\\/uploads\\\/sites\\\/18\\\/2026\\\/05\\\/4audxoq-1.webp\",\"datePublished\":\"2026-05-04T15:07:28+00:00\",\"dateModified\":\"2026-05-04T15:07:41+00:00\",\"breadcrumb\":{\"@id\":\"https:\\\/\\\/deravio.com\\\/no\\\/produkt\\\/balanse-tre-frosk-stablingsspill\\\/#breadcrumb\"},\"inLanguage\":\"nb-NO\",\"potentialAction\":[{\"@type\":\"ReadAction\",\"target\":[\"https:\\\/\\\/deravio.com\\\/no\\\/produkt\\\/balanse-tre-frosk-stablingsspill\\\/\"]}]},{\"@type\":\"ImageObject\",\"inLanguage\":\"nb-NO\",\"@id\":\"https:\\\/\\\/deravio.com\\\/no\\\/produkt\\\/balanse-tre-frosk-stablingsspill\\\/#primaryimage\",\"url\":\"https:\\\/\\\/deravio.com\\\/no\\\/wp-content\\\/uploads\\\/sites\\\/18\\\/2026\\\/05\\\/4audxoq-1.webp\",\"contentUrl\":\"https:\\\/\\\/deravio.com\\\/no\\\/wp-content\\\/uploads\\\/sites\\\/18\\\/2026\\\/05\\\/4audxoq-1.webp\",\"width\":713,\"height\":713},{\"@type\":\"BreadcrumbList\",\"@id\":\"https:\\\/\\\/deravio.com\\\/no\\\/produkt\\\/balanse-tre-frosk-stablingsspill\\\/#breadcrumb\",\"itemListElement\":[{\"@type\":\"ListItem\",\"position\":1,\"name\":\"Home\",\"item\":\"https:\\\/\\\/deravio.com\\\/no\\\/\"},{\"@type\":\"ListItem\",\"position\":2,\"name\":\"Butikk\",\"item\":\"https:\\\/\\\/deravio.com\\\/no\\\/butikk\\\/\"},{\"@type\":\"ListItem\",\"position\":3,\"name\":\"Balanse tre frosk stablingsspill\"}]},{\"@type\":\"WebSite\",\"@id\":\"https:\\\/\\\/deravio.com\\\/no\\\/#website\",\"url\":\"https:\\\/\\\/deravio.com\\\/no\\\/\",\"name\":\"Deravio NO\",\"description\":\"\",\"publisher\":{\"@id\":\"https:\\\/\\\/deravio.com\\\/no\\\/#organization\"},\"potentialAction\":[{\"@type\":\"SearchAction\",\"target\":{\"@type\":\"EntryPoint\",\"urlTemplate\":\"https:\\\/\\\/deravio.com\\\/no\\\/?s={search_term_string}\"},\"query-input\":{\"@type\":\"PropertyValueSpecification\",\"valueRequired\":true,\"valueName\":\"search_term_string\"}}],\"inLanguage\":\"nb-NO\"},{\"@type\":\"Organization\",\"@id\":\"https:\\\/\\\/deravio.com\\\/no\\\/#organization\",\"name\":\"Mekulo\",\"url\":\"https:\\\/\\\/deravio.com\\\/no\\\/\",\"logo\":{\"@type\":\"ImageObject\",\"inLanguage\":\"nb-NO\",\"@id\":\"https:\\\/\\\/deravio.com\\\/no\\\/#\\\/schema\\\/logo\\\/image\\\/\",\"url\":\"https:\\\/\\\/deravio.com\\\/no\\\/wp-content\\\/uploads\\\/sites\\\/18\\\/2025\\\/12\\\/favicon_mekulo.png\",\"contentUrl\":\"https:\\\/\\\/deravio.com\\\/no\\\/wp-content\\\/uploads\\\/sites\\\/18\\\/2025\\\/12\\\/favicon_mekulo.png\",\"width\":50,\"height\":50,\"caption\":\"Mekulo\"},\"image\":{\"@id\":\"https:\\\/\\\/deravio.com\\\/no\\\/#\\\/schema\\\/logo\\\/image\\\/\"}}]}<\/script>\n<!-- \/ Yoast SEO plugin. -->","yoast_head_json":{"title":"Balanse tre frosk stablingsspill - Deravio NO","robots":{"index":"index","follow":"follow","max-snippet":"max-snippet:-1","max-image-preview":"max-image-preview:large","max-video-preview":"max-video-preview:-1"},"canonical":"https:\/\/deravio.com\/no\/produkt\/balanse-tre-frosk-stablingsspill\/","og_locale":"nb_NO","og_type":"article","og_title":"Balanse tre frosk stablingsspill - Deravio NO","og_description":"\ud83d\udc68\u200d\ud83d\udc69\u200d\ud83d\udc67\u200d\ud83d\udc66Balance, latter og familiemoro i ett og samme spill. En leken utfordring for barn og foreldre. \ud83d\udc38Dette balansespillet med tre froskestabler gj\u00f8r enkel stabling til en spennende utfordring. \ud83e\udde0Med fargerike frosker, snurrende utfordringer og terningbasert spilling skaper det \u00f8yeblikk av latter samtidig som det hjelper barna med \u00e5 utvikle viktige ferdigheter.","og_url":"https:\/\/deravio.com\/no\/produkt\/balanse-tre-frosk-stablingsspill\/","og_site_name":"Deravio NO","article_modified_time":"2026-05-04T15:07:41+00:00","og_image":[{"width":713,"height":713,"url":"https:\/\/deravio.com\/no\/wp-content\/uploads\/sites\/18\/2026\/05\/4audxoq-1.webp","type":"image\/webp"}],"twitter_card":"summary_large_image","twitter_misc":{"Ansl. lesetid":"2 minutter"},"schema":{"@context":"https:\/\/schema.org","@graph":[{"@type":"WebPage","@id":"https:\/\/deravio.com\/no\/produkt\/balanse-tre-frosk-stablingsspill\/","url":"https:\/\/deravio.com\/no\/produkt\/balanse-tre-frosk-stablingsspill\/","name":"Balanse tre frosk stablingsspill - Deravio NO","isPartOf":{"@id":"https:\/\/deravio.com\/no\/#website"},"primaryImageOfPage":{"@id":"https:\/\/deravio.com\/no\/produkt\/balanse-tre-frosk-stablingsspill\/#primaryimage"},"image":{"@id":"https:\/\/deravio.com\/no\/produkt\/balanse-tre-frosk-stablingsspill\/#primaryimage"},"thumbnailUrl":"https:\/\/deravio.com\/no\/wp-content\/uploads\/sites\/18\/2026\/05\/4audxoq-1.webp","datePublished":"2026-05-04T15:07:28+00:00","dateModified":"2026-05-04T15:07:41+00:00","breadcrumb":{"@id":"https:\/\/deravio.com\/no\/produkt\/balanse-tre-frosk-stablingsspill\/#breadcrumb"},"inLanguage":"nb-NO","potentialAction":[{"@type":"ReadAction","target":["https:\/\/deravio.com\/no\/produkt\/balanse-tre-frosk-stablingsspill\/"]}]},{"@type":"ImageObject","inLanguage":"nb-NO","@id":"https:\/\/deravio.com\/no\/produkt\/balanse-tre-frosk-stablingsspill\/#primaryimage","url":"https:\/\/deravio.com\/no\/wp-content\/uploads\/sites\/18\/2026\/05\/4audxoq-1.webp","contentUrl":"https:\/\/deravio.com\/no\/wp-content\/uploads\/sites\/18\/2026\/05\/4audxoq-1.webp","width":713,"height":713},{"@type":"BreadcrumbList","@id":"https:\/\/deravio.com\/no\/produkt\/balanse-tre-frosk-stablingsspill\/#breadcrumb","itemListElement":[{"@type":"ListItem","position":1,"name":"Home","item":"https:\/\/deravio.com\/no\/"},{"@type":"ListItem","position":2,"name":"Butikk","item":"https:\/\/deravio.com\/no\/butikk\/"},{"@type":"ListItem","position":3,"name":"Balanse tre frosk stablingsspill"}]},{"@type":"WebSite","@id":"https:\/\/deravio.com\/no\/#website","url":"https:\/\/deravio.com\/no\/","name":"Deravio NO","description":"","publisher":{"@id":"https:\/\/deravio.com\/no\/#organization"},"potentialAction":[{"@type":"SearchAction","target":{"@type":"EntryPoint","urlTemplate":"https:\/\/deravio.com\/no\/?s={search_term_string}"},"query-input":{"@type":"PropertyValueSpecification","valueRequired":true,"valueName":"search_term_string"}}],"inLanguage":"nb-NO"},{"@type":"Organization","@id":"https:\/\/deravio.com\/no\/#organization","name":"Mekulo","url":"https:\/\/deravio.com\/no\/","logo":{"@type":"ImageObject","inLanguage":"nb-NO","@id":"https:\/\/deravio.com\/no\/#\/schema\/logo\/image\/","url":"https:\/\/deravio.com\/no\/wp-content\/uploads\/sites\/18\/2025\/12\/favicon_mekulo.png","contentUrl":"https:\/\/deravio.com\/no\/wp-content\/uploads\/sites\/18\/2025\/12\/favicon_mekulo.png","width":50,"height":50,"caption":"Mekulo"},"image":{"@id":"https:\/\/deravio.com\/no\/#\/schema\/logo\/image\/"}}]}},"_links":{"self":[{"href":"https:\/\/deravio.com\/no\/wp-json\/wp\/v2\/product\/24025","targetHints":{"allow":["GET"]}}],"collection":[{"href":"https:\/\/deravio.com\/no\/wp-json\/wp\/v2\/product"}],"about":[{"href":"https:\/\/deravio.com\/no\/wp-json\/wp\/v2\/types\/product"}],"replies":[{"embeddable":true,"href":"https:\/\/deravio.com\/no\/wp-json\/wp\/v2\/comments?post=24025"}],"wp:featuredmedia":[{"embeddable":true,"href":"https:\/\/deravio.com\/no\/wp-json\/wp\/v2\/media\/24021"}],"wp:attachment":[{"href":"https:\/\/deravio.com\/no\/wp-json\/wp\/v2\/media?parent=24025"}],"wp:term":[{"taxonomy":"product_brand","embeddable":true,"href":"https:\/\/deravio.com\/no\/wp-json\/wp\/v2\/product_brand?post=24025"},{"taxonomy":"product_cat","embeddable":true,"href":"https:\/\/deravio.com\/no\/wp-json\/wp\/v2\/product_cat?post=24025"},{"taxonomy":"product_tag","embeddable":true,"href":"https:\/\/deravio.com\/no\/wp-json\/wp\/v2\/product_tag?post=24025"}],"curies":[{"name":"wp","href":"https:\/\/api.w.org\/{rel}","templated":true}]}}