{"id":24016,"date":"2026-05-04T18:05:45","date_gmt":"2026-05-04T15:05:45","guid":{"rendered":"https:\/\/deravio.com\/no\/produkt\/avtakbar-diamantmalingsrulle-2-stk\/"},"modified":"2026-05-04T18:05:45","modified_gmt":"2026-05-04T15:05:45","slug":"avtakbar-diamantmalingsrulle-2-stk","status":"publish","type":"product","link":"https:\/\/deravio.com\/no\/produkt\/avtakbar-diamantmalingsrulle-2-stk\/","title":{"rendered":"Avtakbar diamantmalingsrulle (2 stk)"},"content":{"rendered":"<h2 style=\"text-align: center\" data-section-id=\"wtab3f\" data-start=\"336\" data-end=\"352\">\u2728 L\u00f8ftet<\/h2>\n<p style=\"text-align: center\" data-start=\"354\" data-end=\"414\">Bedre vedheft.<br data-start=\"370\" data-end=\"373\" \/>Jevnere resultater.<br data-start=\"390\" data-end=\"393\" \/>Uanstrengt etterbehandling.<\/p>\n<p data-start=\"354\" data-end=\"414\"><img fetchpriority=\"high\" decoding=\"async\" class=\"size-full wp-image-27210 aligncenter\" src=\"https:\/\/mekulo.com\/template\/wp-content\/uploads\/sites\/6\/2026\/03\/1-3.jpg\" alt=\"\" width=\"800\" height=\"800\" \/><\/p>\n<h2 style=\"text-align: center\" data-section-id=\"1x8y31r\" data-start=\"421\" data-end=\"439\">\u2705 Hovedfordeler<\/h2>\n<p data-start=\"443\" data-end=\"554\">\ud83d\udc8e Jevn diamantplassering &#8211; 3D-valseutformingen gir jevnt trykk for perfekt justerte diamanter.<\/p>\n<p data-start=\"558\" data-end=\"652\">\ud83e\uddf1 Sterkere vedheft p\u00e5 lerretet &#8211; s\u00f8rger for at diamantene fester seg godt og holder seg p\u00e5 plass over tid.<\/p>\n<p data-start=\"656\" data-end=\"748\">\ud83e\udee7 Reduserer luftbobler &#8211; Valsetrykket fjerner bobler og forbedrer den generelle finishen.<\/p>\n<p data-start=\"752\" data-end=\"847\">\ud83e\uddfc Avtakbar, rengj\u00f8ringsvennlig design &#8211; Fjern rullen raskt for rengj\u00f8ring og vedlikehold.<\/p>\n<p data-start=\"851\" data-end=\"958\">\u270b Lett og behagelig grep &#8211; Laget av slitesterk plast som er lett \u00e5 holde i lange \u00f8kter.<\/p>\n<p data-start=\"962\" data-end=\"1085\">\ud83c\udfa8 Allsidig gj\u00f8r-det-selv-verkt\u00f8y &#8211; Fungerer ikke bare til diamantmaling, men ogs\u00e5 til tapetsering, p\u00e5f\u00f8ring av film og h\u00e5ndverksprosjekter.<\/p>\n<h2 style=\"text-align: center\" data-section-id=\"d0iej6\" data-start=\"1092\" data-end=\"1115\">\u2757 Problem \u2192 L\u00f8sning<\/h2>\n<p data-start=\"1117\" data-end=\"1230\"><strong data-start=\"1117\" data-end=\"1129\">Problem:<\/strong><br data-start=\"1129\" data-end=\"1132\" \/>Diamanter i kunstverk kan l\u00f8sne, forskyve seg eller utvikle bobler hvis de ikke presses ordentlig inn i lerretet.<\/p>\n<p data-start=\"1232\" data-end=\"1384\"><strong data-start=\"1232\" data-end=\"1245\">L\u00f8sning:<\/strong><br data-start=\"1245\" data-end=\"1248\" \/>Denne avtakbare diamantmalingsrullen legger et jevnt trykk p\u00e5 overflaten, fester hver diamant godt og gir kunstverket et glatt, polert utseende. Diamantmaleriene dine holder seg vakre i \u00e5revis.<\/p>\n<p data-start=\"1232\" data-end=\"1384\"><img decoding=\"async\" class=\"size-full wp-image-27214 aligncenter\" src=\"https:\/\/mekulo.com\/template\/wp-content\/uploads\/sites\/6\/2026\/03\/S383423e7115a41acb7c88ecdeafab18cA.webp\" alt=\"\" width=\"1280\" height=\"1280\" \/><\/p>\n<h2 style=\"text-align: center\" data-section-id=\"eihz2t\" data-start=\"1441\" data-end=\"1467\">\ud83c\udfa8 Perfekt for<\/h2>\n<ul data-start=\"1483\" data-end=\"1622\">\n<li data-section-id=\"1q7vwy0\" data-start=\"1483\" data-end=\"1512\">\n<p data-start=\"1485\" data-end=\"1512\">Diamantmaleriprosjekter<\/p>\n<\/li>\n<li data-section-id=\"ek8n0z\" data-start=\"1513\" data-end=\"1538\">\n<p data-start=\"1515\" data-end=\"1538\">H\u00e5ndverks- og DIY-kunstverk<\/p>\n<\/li>\n<li data-section-id=\"1r9l93m\" data-start=\"1539\" data-end=\"1564\">\n<p data-start=\"1541\" data-end=\"1564\">Tapetsering<\/p>\n<\/li>\n<li data-section-id=\"1fe5ewo\" data-start=\"1565\" data-end=\"1591\">\n<p data-start=\"1567\" data-end=\"1591\">Vinyl- eller filmpressing<\/p>\n<\/li>\n<li data-section-id=\"d2ynz4\" data-start=\"1592\" data-end=\"1622\">\n<p data-start=\"1594\" data-end=\"1622\">Kreative hobbyentusiaster<\/p>\n<\/li>\n<\/ul>\n<p data-start=\"1624\" data-end=\"1666\">Et enkelt verkt\u00f8y som forbedrer hvert prosjekt.<\/p>\n<h2 style=\"text-align: center\" data-section-id=\"1k514u3\" data-start=\"1673\" data-end=\"1689\">\u2699\ufe0f Slik bruker du<\/h2>\n<ol data-start=\"1691\" data-end=\"1899\">\n<li data-section-id=\"1l52qy9\" data-start=\"1691\" data-end=\"1751\">\n<p data-start=\"1694\" data-end=\"1751\">Du plasserer det ferdige diamantmaleriet p\u00e5 en flat overflate.<\/p>\n<\/li>\n<li data-section-id=\"17e9w12\" data-start=\"1752\" data-end=\"1795\">\n<p data-start=\"1755\" data-end=\"1795\">Rull verkt\u00f8yet forsiktig over lerretet.<\/p>\n<\/li>\n<li data-section-id=\"14o96c5\" data-start=\"1796\" data-end=\"1844\">\n<p data-start=\"1799\" data-end=\"1844\">Bruk et lett trykk for \u00e5 feste diamantene.<\/p>\n<\/li>\n<li data-section-id=\"h4vu20\" data-start=\"1845\" data-end=\"1899\">\n<p data-start=\"1848\" data-end=\"1899\">Gjenta over hele kunstverket for best resultat.<\/p>\n<\/li>\n<\/ol>\n<h2 style=\"text-align: center\" data-section-id=\"6cujb5\" data-start=\"1948\" data-end=\"1969\">\ud83d\udcd0 Produktdetaljer<\/h2>\n<ul data-start=\"1971\" data-end=\"2101\">\n<li data-section-id=\"xzgpys\" data-start=\"1971\" data-end=\"2000\">\n<p data-start=\"1973\" data-end=\"2000\">Materiale: PLA-plast<\/p>\n<\/li>\n<li data-section-id=\"p1yp0\" data-start=\"2001\" data-end=\"2034\">\n<p data-start=\"2003\" data-end=\"2034\">St\u00f8rrelse: 3,2 x 4,2 x 10,5 cm<\/p>\n<\/li>\n<li data-section-id=\"1xsnszr\" data-start=\"2035\" data-end=\"2057\">\n<p data-start=\"2037\" data-end=\"2057\">Vekt: 28,6 g<\/p>\n<\/li>\n<li data-section-id=\"1f9eucq\" data-start=\"2058\" data-end=\"2101\">\n<p data-start=\"2060\" data-end=\"2101\">Design: Avtakbar rullestruktur<\/p>\n<\/li>\n<\/ul>\n<h2 style=\"text-align: center\" data-section-id=\"1qc1r63\" data-start=\"2151\" data-end=\"2173\">\ud83d\udce6 Pakken inneholder<\/h2>\n<ul data-start=\"2175\" data-end=\"2209\">\n<li data-section-id=\"1a5qse2\" data-start=\"2175\" data-end=\"2209\">\n<p data-start=\"2177\" data-end=\"2209\">2x avtakbar diamantmalingsrulle.<\/p>\n<\/li>\n<\/ul>\n","protected":false},"excerpt":{"rendered":"<p>\ud83c\udfa8Perfekte diamanter. Feilfri finish.<br \/>\n\ud83d\uddbc\ufe0fThe prikken over i-en som alle diamantmalerier trenger.<br \/>\n\ud83d\udc8eDenne avtakbare diamantmalerrullen hjelper deg med \u00e5 presse og feste diamantene jevnt p\u00e5 lerretet, slik at kunstverket f\u00e5r en jevn, profesjonell finish samtidig som du sparer tid og krefter.<\/p>\n","protected":false},"featured_media":24012,"comment_status":"open","ping_status":"closed","template":"","meta":{"site-sidebar-layout":"default","site-content-layout":"","ast-site-content-layout":"default","site-content-style":"default","site-sidebar-style":"default","ast-global-header-display":"","ast-banner-title-visibility":"","ast-main-header-display":"","ast-hfb-above-header-display":"","ast-hfb-below-header-display":"","ast-hfb-mobile-header-display":"","site-post-title":"","ast-breadcrumbs-content":"","ast-featured-img":"","footer-sml-layout":"","ast-disable-related-posts":"","theme-transparent-header-meta":"default","adv-header-id-meta":"","stick-header-meta":"","header-above-stick-meta":"","header-main-stick-meta":"","header-below-stick-meta":"","astra-migrate-meta-layouts":"set","ast-page-background-enabled":"default","ast-page-background-meta":{"desktop":{"background-color":"var(--ast-global-color-5)","background-image":"","background-repeat":"repeat","background-position":"center center","background-size":"auto","background-attachment":"scroll","background-type":"","background-media":"","overlay-type":"","overlay-color":"","overlay-opacity":"","overlay-gradient":""},"tablet":{"background-color":"","background-image":"","background-repeat":"repeat","background-position":"center center","background-size":"auto","background-attachment":"scroll","background-type":"","background-media":"","overlay-type":"","overlay-color":"","overlay-opacity":"","overlay-gradient":""},"mobile":{"background-color":"","background-image":"","background-repeat":"repeat","background-position":"center center","background-size":"auto","background-attachment":"scroll","background-type":"","background-media":"","overlay-type":"","overlay-color":"","overlay-opacity":"","overlay-gradient":""}},"ast-content-background-meta":{"desktop":{"background-color":"var(--ast-global-color-4)","background-image":"","background-repeat":"repeat","background-position":"center center","background-size":"auto","background-attachment":"scroll","background-type":"","background-media":"","overlay-type":"","overlay-color":"","overlay-opacity":"","overlay-gradient":""},"tablet":{"background-color":"var(--ast-global-color-4)","background-image":"","background-repeat":"repeat","background-position":"center center","background-size":"auto","background-attachment":"scroll","background-type":"","background-media":"","overlay-type":"","overlay-color":"","overlay-opacity":"","overlay-gradient":""},"mobile":{"background-color":"var(--ast-global-color-4)","background-image":"","background-repeat":"repeat","background-position":"center center","background-size":"auto","background-attachment":"scroll","background-type":"","background-media":"","overlay-type":"","overlay-color":"","overlay-opacity":"","overlay-gradient":""}}},"product_brand":[],"product_cat":[172],"product_tag":[],"class_list":{"0":"post-24016","1":"product","2":"type-product","3":"status-publish","4":"has-post-thumbnail","6":"product_cat-leker-barne-og-babyprodukter","7":"pa_66380_7h7n93ra-bla","8":"pa_66380_7h7n93ra-flerfarget","9":"pa_66380_7h7n93ra-gronn","10":"pa_66380_7h7n93ra-hvit","11":"pa_66380_7h7n93ra-lilla","12":"pa_66380_7h7n93ra-rosa","13":"desktop-align-left","14":"tablet-align-left","15":"mobile-align-left","17":"first","18":"outofstock","19":"shipping-taxable","20":"product-type-variable"},"yoast_head":"<!-- This site is optimized with the Yoast SEO plugin v27.4 - https:\/\/yoast.com\/product\/yoast-seo-wordpress\/ -->\n<title>Avtakbar diamantmalingsrulle (2 stk) - Deravio NO<\/title>\n<meta name=\"robots\" content=\"index, follow, max-snippet:-1, max-image-preview:large, max-video-preview:-1\" \/>\n<link rel=\"canonical\" href=\"https:\/\/deravio.com\/no\/produkt\/avtakbar-diamantmalingsrulle-2-stk\/\" \/>\n<meta property=\"og:locale\" content=\"nb_NO\" \/>\n<meta property=\"og:type\" content=\"article\" \/>\n<meta property=\"og:title\" content=\"Avtakbar diamantmalingsrulle (2 stk) - Deravio NO\" \/>\n<meta property=\"og:description\" content=\"\ud83c\udfa8Perfekte diamanter. Feilfri finish. \ud83d\uddbc\ufe0fThe prikken over i-en som alle diamantmalerier trenger. \ud83d\udc8eDenne avtakbare diamantmalerrullen hjelper deg med \u00e5 presse og feste diamantene jevnt p\u00e5 lerretet, slik at kunstverket f\u00e5r en jevn, profesjonell finish samtidig som du sparer tid og krefter.\" \/>\n<meta property=\"og:url\" content=\"https:\/\/deravio.com\/no\/produkt\/avtakbar-diamantmalingsrulle-2-stk\/\" \/>\n<meta property=\"og:site_name\" content=\"Deravio NO\" \/>\n<meta property=\"og:image\" content=\"https:\/\/deravio.com\/no\/wp-content\/uploads\/sites\/18\/2026\/05\/mqqgdum-1.webp\" \/>\n\t<meta property=\"og:image:width\" content=\"800\" \/>\n\t<meta property=\"og:image:height\" content=\"800\" \/>\n\t<meta property=\"og:image:type\" content=\"image\/webp\" \/>\n<meta name=\"twitter:card\" content=\"summary_large_image\" \/>\n<meta name=\"twitter:label1\" content=\"Ansl. lesetid\" \/>\n\t<meta name=\"twitter:data1\" content=\"2 minutter\" \/>\n<script type=\"application\/ld+json\" class=\"yoast-schema-graph\">{\"@context\":\"https:\\\/\\\/schema.org\",\"@graph\":[{\"@type\":\"WebPage\",\"@id\":\"https:\\\/\\\/deravio.com\\\/no\\\/produkt\\\/avtakbar-diamantmalingsrulle-2-stk\\\/\",\"url\":\"https:\\\/\\\/deravio.com\\\/no\\\/produkt\\\/avtakbar-diamantmalingsrulle-2-stk\\\/\",\"name\":\"Avtakbar diamantmalingsrulle (2 stk) - Deravio NO\",\"isPartOf\":{\"@id\":\"https:\\\/\\\/deravio.com\\\/no\\\/#website\"},\"primaryImageOfPage\":{\"@id\":\"https:\\\/\\\/deravio.com\\\/no\\\/produkt\\\/avtakbar-diamantmalingsrulle-2-stk\\\/#primaryimage\"},\"image\":{\"@id\":\"https:\\\/\\\/deravio.com\\\/no\\\/produkt\\\/avtakbar-diamantmalingsrulle-2-stk\\\/#primaryimage\"},\"thumbnailUrl\":\"https:\\\/\\\/deravio.com\\\/no\\\/wp-content\\\/uploads\\\/sites\\\/18\\\/2026\\\/05\\\/mqqgdum-1.webp\",\"datePublished\":\"2026-05-04T15:05:45+00:00\",\"breadcrumb\":{\"@id\":\"https:\\\/\\\/deravio.com\\\/no\\\/produkt\\\/avtakbar-diamantmalingsrulle-2-stk\\\/#breadcrumb\"},\"inLanguage\":\"nb-NO\",\"potentialAction\":[{\"@type\":\"ReadAction\",\"target\":[\"https:\\\/\\\/deravio.com\\\/no\\\/produkt\\\/avtakbar-diamantmalingsrulle-2-stk\\\/\"]}]},{\"@type\":\"ImageObject\",\"inLanguage\":\"nb-NO\",\"@id\":\"https:\\\/\\\/deravio.com\\\/no\\\/produkt\\\/avtakbar-diamantmalingsrulle-2-stk\\\/#primaryimage\",\"url\":\"https:\\\/\\\/deravio.com\\\/no\\\/wp-content\\\/uploads\\\/sites\\\/18\\\/2026\\\/05\\\/mqqgdum-1.webp\",\"contentUrl\":\"https:\\\/\\\/deravio.com\\\/no\\\/wp-content\\\/uploads\\\/sites\\\/18\\\/2026\\\/05\\\/mqqgdum-1.webp\",\"width\":800,\"height\":800},{\"@type\":\"BreadcrumbList\",\"@id\":\"https:\\\/\\\/deravio.com\\\/no\\\/produkt\\\/avtakbar-diamantmalingsrulle-2-stk\\\/#breadcrumb\",\"itemListElement\":[{\"@type\":\"ListItem\",\"position\":1,\"name\":\"Home\",\"item\":\"https:\\\/\\\/deravio.com\\\/no\\\/\"},{\"@type\":\"ListItem\",\"position\":2,\"name\":\"Butikk\",\"item\":\"https:\\\/\\\/deravio.com\\\/no\\\/butikk\\\/\"},{\"@type\":\"ListItem\",\"position\":3,\"name\":\"Avtakbar diamantmalingsrulle (2 stk)\"}]},{\"@type\":\"WebSite\",\"@id\":\"https:\\\/\\\/deravio.com\\\/no\\\/#website\",\"url\":\"https:\\\/\\\/deravio.com\\\/no\\\/\",\"name\":\"Deravio NO\",\"description\":\"\",\"publisher\":{\"@id\":\"https:\\\/\\\/deravio.com\\\/no\\\/#organization\"},\"potentialAction\":[{\"@type\":\"SearchAction\",\"target\":{\"@type\":\"EntryPoint\",\"urlTemplate\":\"https:\\\/\\\/deravio.com\\\/no\\\/?s={search_term_string}\"},\"query-input\":{\"@type\":\"PropertyValueSpecification\",\"valueRequired\":true,\"valueName\":\"search_term_string\"}}],\"inLanguage\":\"nb-NO\"},{\"@type\":\"Organization\",\"@id\":\"https:\\\/\\\/deravio.com\\\/no\\\/#organization\",\"name\":\"Mekulo\",\"url\":\"https:\\\/\\\/deravio.com\\\/no\\\/\",\"logo\":{\"@type\":\"ImageObject\",\"inLanguage\":\"nb-NO\",\"@id\":\"https:\\\/\\\/deravio.com\\\/no\\\/#\\\/schema\\\/logo\\\/image\\\/\",\"url\":\"https:\\\/\\\/deravio.com\\\/no\\\/wp-content\\\/uploads\\\/sites\\\/18\\\/2025\\\/12\\\/favicon_mekulo.png\",\"contentUrl\":\"https:\\\/\\\/deravio.com\\\/no\\\/wp-content\\\/uploads\\\/sites\\\/18\\\/2025\\\/12\\\/favicon_mekulo.png\",\"width\":50,\"height\":50,\"caption\":\"Mekulo\"},\"image\":{\"@id\":\"https:\\\/\\\/deravio.com\\\/no\\\/#\\\/schema\\\/logo\\\/image\\\/\"}}]}<\/script>\n<!-- \/ Yoast SEO plugin. -->","yoast_head_json":{"title":"Avtakbar diamantmalingsrulle (2 stk) - Deravio NO","robots":{"index":"index","follow":"follow","max-snippet":"max-snippet:-1","max-image-preview":"max-image-preview:large","max-video-preview":"max-video-preview:-1"},"canonical":"https:\/\/deravio.com\/no\/produkt\/avtakbar-diamantmalingsrulle-2-stk\/","og_locale":"nb_NO","og_type":"article","og_title":"Avtakbar diamantmalingsrulle (2 stk) - Deravio NO","og_description":"\ud83c\udfa8Perfekte diamanter. Feilfri finish. \ud83d\uddbc\ufe0fThe prikken over i-en som alle diamantmalerier trenger. \ud83d\udc8eDenne avtakbare diamantmalerrullen hjelper deg med \u00e5 presse og feste diamantene jevnt p\u00e5 lerretet, slik at kunstverket f\u00e5r en jevn, profesjonell finish samtidig som du sparer tid og krefter.","og_url":"https:\/\/deravio.com\/no\/produkt\/avtakbar-diamantmalingsrulle-2-stk\/","og_site_name":"Deravio NO","og_image":[{"width":800,"height":800,"url":"https:\/\/deravio.com\/no\/wp-content\/uploads\/sites\/18\/2026\/05\/mqqgdum-1.webp","type":"image\/webp"}],"twitter_card":"summary_large_image","twitter_misc":{"Ansl. lesetid":"2 minutter"},"schema":{"@context":"https:\/\/schema.org","@graph":[{"@type":"WebPage","@id":"https:\/\/deravio.com\/no\/produkt\/avtakbar-diamantmalingsrulle-2-stk\/","url":"https:\/\/deravio.com\/no\/produkt\/avtakbar-diamantmalingsrulle-2-stk\/","name":"Avtakbar diamantmalingsrulle (2 stk) - Deravio NO","isPartOf":{"@id":"https:\/\/deravio.com\/no\/#website"},"primaryImageOfPage":{"@id":"https:\/\/deravio.com\/no\/produkt\/avtakbar-diamantmalingsrulle-2-stk\/#primaryimage"},"image":{"@id":"https:\/\/deravio.com\/no\/produkt\/avtakbar-diamantmalingsrulle-2-stk\/#primaryimage"},"thumbnailUrl":"https:\/\/deravio.com\/no\/wp-content\/uploads\/sites\/18\/2026\/05\/mqqgdum-1.webp","datePublished":"2026-05-04T15:05:45+00:00","breadcrumb":{"@id":"https:\/\/deravio.com\/no\/produkt\/avtakbar-diamantmalingsrulle-2-stk\/#breadcrumb"},"inLanguage":"nb-NO","potentialAction":[{"@type":"ReadAction","target":["https:\/\/deravio.com\/no\/produkt\/avtakbar-diamantmalingsrulle-2-stk\/"]}]},{"@type":"ImageObject","inLanguage":"nb-NO","@id":"https:\/\/deravio.com\/no\/produkt\/avtakbar-diamantmalingsrulle-2-stk\/#primaryimage","url":"https:\/\/deravio.com\/no\/wp-content\/uploads\/sites\/18\/2026\/05\/mqqgdum-1.webp","contentUrl":"https:\/\/deravio.com\/no\/wp-content\/uploads\/sites\/18\/2026\/05\/mqqgdum-1.webp","width":800,"height":800},{"@type":"BreadcrumbList","@id":"https:\/\/deravio.com\/no\/produkt\/avtakbar-diamantmalingsrulle-2-stk\/#breadcrumb","itemListElement":[{"@type":"ListItem","position":1,"name":"Home","item":"https:\/\/deravio.com\/no\/"},{"@type":"ListItem","position":2,"name":"Butikk","item":"https:\/\/deravio.com\/no\/butikk\/"},{"@type":"ListItem","position":3,"name":"Avtakbar diamantmalingsrulle (2 stk)"}]},{"@type":"WebSite","@id":"https:\/\/deravio.com\/no\/#website","url":"https:\/\/deravio.com\/no\/","name":"Deravio NO","description":"","publisher":{"@id":"https:\/\/deravio.com\/no\/#organization"},"potentialAction":[{"@type":"SearchAction","target":{"@type":"EntryPoint","urlTemplate":"https:\/\/deravio.com\/no\/?s={search_term_string}"},"query-input":{"@type":"PropertyValueSpecification","valueRequired":true,"valueName":"search_term_string"}}],"inLanguage":"nb-NO"},{"@type":"Organization","@id":"https:\/\/deravio.com\/no\/#organization","name":"Mekulo","url":"https:\/\/deravio.com\/no\/","logo":{"@type":"ImageObject","inLanguage":"nb-NO","@id":"https:\/\/deravio.com\/no\/#\/schema\/logo\/image\/","url":"https:\/\/deravio.com\/no\/wp-content\/uploads\/sites\/18\/2025\/12\/favicon_mekulo.png","contentUrl":"https:\/\/deravio.com\/no\/wp-content\/uploads\/sites\/18\/2025\/12\/favicon_mekulo.png","width":50,"height":50,"caption":"Mekulo"},"image":{"@id":"https:\/\/deravio.com\/no\/#\/schema\/logo\/image\/"}}]}},"_links":{"self":[{"href":"https:\/\/deravio.com\/no\/wp-json\/wp\/v2\/product\/24016","targetHints":{"allow":["GET"]}}],"collection":[{"href":"https:\/\/deravio.com\/no\/wp-json\/wp\/v2\/product"}],"about":[{"href":"https:\/\/deravio.com\/no\/wp-json\/wp\/v2\/types\/product"}],"replies":[{"embeddable":true,"href":"https:\/\/deravio.com\/no\/wp-json\/wp\/v2\/comments?post=24016"}],"wp:featuredmedia":[{"embeddable":true,"href":"https:\/\/deravio.com\/no\/wp-json\/wp\/v2\/media\/24012"}],"wp:attachment":[{"href":"https:\/\/deravio.com\/no\/wp-json\/wp\/v2\/media?parent=24016"}],"wp:term":[{"taxonomy":"product_brand","embeddable":true,"href":"https:\/\/deravio.com\/no\/wp-json\/wp\/v2\/product_brand?post=24016"},{"taxonomy":"product_cat","embeddable":true,"href":"https:\/\/deravio.com\/no\/wp-json\/wp\/v2\/product_cat?post=24016"},{"taxonomy":"product_tag","embeddable":true,"href":"https:\/\/deravio.com\/no\/wp-json\/wp\/v2\/product_tag?post=24016"}],"curies":[{"name":"wp","href":"https:\/\/api.w.org\/{rel}","templated":true}]}}