{"id":23769,"date":"2026-04-30T16:40:55","date_gmt":"2026-04-30T13:40:55","guid":{"rendered":"https:\/\/deravio.com\/no\/produkt\/casual-sett-for-kvinner\/"},"modified":"2026-04-30T16:46:38","modified_gmt":"2026-04-30T13:46:38","slug":"casual-sett-for-kvinner","status":"publish","type":"product","link":"https:\/\/deravio.com\/no\/produkt\/casual-sett-for-kvinner\/","title":{"rendered":"Casual sett for kvinner"},"content":{"rendered":"<h2 style=\"text-align: center;\" data-section-id=\"5d61m3\" data-start=\"207\" data-end=\"225\">\u2728 L\u00f8ftet<\/h2>\n<p style=\"text-align: center;\" data-start=\"226\" data-end=\"318\">Se sammensatt ut uten \u00e5 tenke for mye p\u00e5 det. F\u00f8l deg komfortabel uten \u00e5 g\u00e5 p\u00e5 kompromiss med stilen din.<\/p>\n<p data-start=\"226\" data-end=\"318\"><img fetchpriority=\"high\" decoding=\"async\" class=\" wp-image-25782 aligncenter\" src=\"https:\/\/deravio.com\/template\/wp-content\/uploads\/sites\/6\/2026\/04\/122111-ezgif.com-video-to-webp-converter.webp\" alt=\"\" width=\"550\" height=\"734\" \/><\/p>\n<h2 style=\"text-align: center;\" data-section-id=\"1ce6asj\" data-start=\"325\" data-end=\"372\">\ud83e\udd0d Hovedfordeler<\/h2>\n<p>\ud83c\udf3f Myk, pustende komfort &#8211; f\u00f8les lett p\u00e5 huden og behagelig hele dagen<\/p>\n<p>\ud83d\udc56 Perfekt justerbar passform &#8211; elastisk linning med sn\u00f8ring som tilpasser seg kroppen din<\/p>\n<p>\u2728 Uanstrengt stilig &#8211; stilren, minimalistisk design som alltid ser elegant ut<\/p>\n<p>\ud83d\udd04 Uendelige antrekksmuligheter &#8211; Bruk sammen eller miks med garderobefavorittene dine<\/p>\n<p>\ud83e\uddfa Lett \u00e5 ta vare p\u00e5 &#8211; Holder form og farge vask etter vask<\/p>\n<h2 style=\"text-align: center;\" data-section-id=\"tco5u\" data-start=\"810\" data-end=\"844\">\u274c Problem \u2192 L\u00f8sning \u2705<\/h2>\n<p data-start=\"846\" data-end=\"932\">\u274c \u00c5 finne antrekk som b\u00e5de er komfortable og stilige, f\u00f8les ofte som et kompromiss.<\/p>\n<p data-start=\"934\" data-end=\"1060\">\u2705 Dette fritidssettet for kvinner gir deg begge deler.<br data-start=\"960\" data-end=\"963\" \/>En koordinert look som f\u00f8les avslappet, men som likevel ser raffinert ut &#8211; klar for alt dagen bringer.<\/p>\n<p data-start=\"934\" data-end=\"1060\"><img decoding=\"async\" class=\"size-full wp-image-25781 aligncenter\" src=\"https:\/\/deravio.com\/template\/wp-content\/uploads\/sites\/6\/2026\/04\/21783-3.jpg\" alt=\"\" width=\"1080\" height=\"1080\" \/><\/p>\n<h2 style=\"text-align: center;\" data-section-id=\"ot4hxg\" data-start=\"1320\" data-end=\"1342\">\u2699\ufe0f Slik bruker du det<\/h2>\n<ul data-start=\"1344\" data-end=\"1543\">\n<li data-section-id=\"jxpf6o\" data-start=\"1344\" data-end=\"1391\">Brukes som et komplett sett for en ren, moderne look.<\/li>\n<li data-section-id=\"6uvpiw\" data-start=\"1392\" data-end=\"1429\">Kombiner toppen med jeans eller skj\u00f8rt.<\/li>\n<li data-section-id=\"1t7c95g\" data-start=\"1430\" data-end=\"1480\">Style buksene med en figursydd topp eller blazer.<\/li>\n<li data-section-id=\"we9z5j\" data-start=\"1481\" data-end=\"1543\">Tilsett joggesko for uformelle dager eller h\u00f8ye h\u00e6ler for en polert touch.<\/li>\n<\/ul>\n<p><img decoding=\"async\" class=\"size-full wp-image-25784 aligncenter\" src=\"https:\/\/deravio.com\/template\/wp-content\/uploads\/sites\/6\/2026\/04\/spp_shopify20250902113531_b72e4dbb17d57779ec331b9ebb5a9909.webp\" alt=\"\" width=\"800\" height=\"800\" \/><\/p>\n<h2 style=\"text-align: center;\" data-section-id=\"6d2foc\" data-start=\"1588\" data-end=\"1611\">\ud83d\udd0d Produktdetaljer<\/h2>\n<ul data-start=\"1613\" data-end=\"1921\">\n<li data-section-id=\"4ksh2\" data-start=\"1700\" data-end=\"1740\">Passform: Avslappet, komfortabel silhuett<\/li>\n<li data-section-id=\"1rhat8v\" data-start=\"1741\" data-end=\"1786\">Maist: Elastisk med justerbar l\u00f8pesnor<\/li>\n<li data-section-id=\"8vhikt\" data-start=\"1787\" data-end=\"1842\">Stoff: Mykt, pustende, stretchvennlig materiale<\/li>\n<li data-section-id=\"8vhikt\" data-start=\"1787\" data-end=\"1842\">Materiale: POLYESTER og elastan<\/li>\n<li data-section-id=\"8vhikt\" data-start=\"1787\" data-end=\"1842\">H\u00f8yt bekymrede kjemikalier: Ingen \u274c<\/li>\n<li data-section-id=\"m1c660\" data-start=\"1843\" data-end=\"1881\">Stil: Minimal, ensfarget design<\/li>\n<li data-section-id=\"9z3rdx\" data-start=\"1882\" data-end=\"1921\">Sesong: Ideell for v\u00e5r og h\u00f8st<\/li>\n<li data-section-id=\"9z3rdx\" data-start=\"1882\" data-end=\"1921\">St\u00f8rrelser: S, M, L, XL, 2XL, 3XL<\/li>\n<\/ul>\n<h2 style=\"text-align: center;\" data-section-id=\"11se135\" data-start=\"1928\" data-end=\"1948\">\ud83d\udce6 Pakken inneholder<\/h2>\n<ul data-start=\"1950\" data-end=\"2005\">\n<li data-section-id=\"c3k4cr\" data-start=\"1950\" data-end=\"1976\">1x langermet topp<\/li>\n<li data-section-id=\"1c7fhzm\" data-start=\"1977\" data-end=\"2005\">1x bukser med vide ben.<\/li>\n<\/ul>\n","protected":false},"excerpt":{"rendered":"<p>\u2728Enkel stil. Komfort hele dagen.<br \/>\n\ud83d\udc56Et allsidig todelt sett designet for \u00e5 bevege seg med deg &#8211; mykt, flatterende og enkelt \u00e5 bruke fra morgen til kveld.<br \/>\n\u2615Komfort du f\u00f8ler. Stil du ikke trenger \u00e5 tenke p\u00e5.<\/p>\n","protected":false},"featured_media":23765,"comment_status":"open","ping_status":"closed","template":"","meta":{"site-sidebar-layout":"default","site-content-layout":"","ast-site-content-layout":"default","site-content-style":"default","site-sidebar-style":"default","ast-global-header-display":"","ast-banner-title-visibility":"","ast-main-header-display":"","ast-hfb-above-header-display":"","ast-hfb-below-header-display":"","ast-hfb-mobile-header-display":"","site-post-title":"","ast-breadcrumbs-content":"","ast-featured-img":"","footer-sml-layout":"","ast-disable-related-posts":"","theme-transparent-header-meta":"default","adv-header-id-meta":"","stick-header-meta":"","header-above-stick-meta":"","header-main-stick-meta":"","header-below-stick-meta":"","astra-migrate-meta-layouts":"set","ast-page-background-enabled":"default","ast-page-background-meta":{"desktop":{"background-color":"var(--ast-global-color-5)","background-image":"","background-repeat":"repeat","background-position":"center center","background-size":"auto","background-attachment":"scroll","background-type":"","background-media":"","overlay-type":"","overlay-color":"","overlay-opacity":"","overlay-gradient":""},"tablet":{"background-color":"","background-image":"","background-repeat":"repeat","background-position":"center center","background-size":"auto","background-attachment":"scroll","background-type":"","background-media":"","overlay-type":"","overlay-color":"","overlay-opacity":"","overlay-gradient":""},"mobile":{"background-color":"","background-image":"","background-repeat":"repeat","background-position":"center center","background-size":"auto","background-attachment":"scroll","background-type":"","background-media":"","overlay-type":"","overlay-color":"","overlay-opacity":"","overlay-gradient":""}},"ast-content-background-meta":{"desktop":{"background-color":"var(--ast-global-color-4)","background-image":"","background-repeat":"repeat","background-position":"center center","background-size":"auto","background-attachment":"scroll","background-type":"","background-media":"","overlay-type":"","overlay-color":"","overlay-opacity":"","overlay-gradient":""},"tablet":{"background-color":"var(--ast-global-color-4)","background-image":"","background-repeat":"repeat","background-position":"center center","background-size":"auto","background-attachment":"scroll","background-type":"","background-media":"","overlay-type":"","overlay-color":"","overlay-opacity":"","overlay-gradient":""},"mobile":{"background-color":"var(--ast-global-color-4)","background-image":"","background-repeat":"repeat","background-position":"center center","background-size":"auto","background-attachment":"scroll","background-type":"","background-media":"","overlay-type":"","overlay-color":"","overlay-opacity":"","overlay-gradient":""}}},"product_brand":[],"product_cat":[164],"product_tag":[],"class_list":{"0":"post-23769","1":"product","2":"type-product","3":"status-publish","4":"has-post-thumbnail","6":"product_cat-dameklaer","7":"pa_68779_atkex2xl-army-green","8":"pa_68779_atkex2xl-beige","9":"pa_68779_atkex2xl-bla","10":"pa_68779_atkex2xl-gra","11":"pa_68779_atkex2xl-kaffe","12":"pa_68779_atkex2xl-malakittbla","13":"pa_68779_atkex2xl-morkebla","14":"pa_68779_atkex2xl-svart","15":"pa_68779_tg18eojd-2xl","16":"pa_68779_tg18eojd-3xl","17":"pa_68779_tg18eojd-l","18":"pa_68779_tg18eojd-m","19":"pa_68779_tg18eojd-s","20":"pa_68779_tg18eojd-xl","21":"desktop-align-left","22":"tablet-align-left","23":"mobile-align-left","25":"first","26":"instock","27":"shipping-taxable","28":"purchasable","29":"product-type-variable","30":"has-default-attributes"},"yoast_head":"<!-- This site is optimized with the Yoast SEO plugin v27.4 - https:\/\/yoast.com\/product\/yoast-seo-wordpress\/ -->\n<title>Casual sett for kvinner - Deravio NO<\/title>\n<meta name=\"robots\" content=\"index, follow, max-snippet:-1, max-image-preview:large, max-video-preview:-1\" \/>\n<link rel=\"canonical\" href=\"https:\/\/deravio.com\/no\/produkt\/casual-sett-for-kvinner\/\" \/>\n<meta property=\"og:locale\" content=\"nb_NO\" \/>\n<meta property=\"og:type\" content=\"article\" \/>\n<meta property=\"og:title\" content=\"Casual sett for kvinner - Deravio NO\" \/>\n<meta property=\"og:description\" content=\"\u2728Enkel stil. Komfort hele dagen. \ud83d\udc56Et allsidig todelt sett designet for \u00e5 bevege seg med deg - mykt, flatterende og enkelt \u00e5 bruke fra morgen til kveld. \u2615Komfort du f\u00f8ler. Stil du ikke trenger \u00e5 tenke p\u00e5.\" \/>\n<meta property=\"og:url\" content=\"https:\/\/deravio.com\/no\/produkt\/casual-sett-for-kvinner\/\" \/>\n<meta property=\"og:site_name\" content=\"Deravio NO\" \/>\n<meta property=\"article:modified_time\" content=\"2026-04-30T13:46:38+00:00\" \/>\n<meta property=\"og:image\" content=\"https:\/\/deravio.com\/no\/wp-content\/uploads\/sites\/18\/2026\/04\/zdzt5m0-1.webp\" \/>\n\t<meta property=\"og:image:width\" content=\"713\" \/>\n\t<meta property=\"og:image:height\" content=\"713\" \/>\n\t<meta property=\"og:image:type\" content=\"image\/webp\" \/>\n<meta name=\"twitter:card\" content=\"summary_large_image\" \/>\n<meta name=\"twitter:label1\" content=\"Ansl. lesetid\" \/>\n\t<meta name=\"twitter:data1\" content=\"3 minutter\" \/>\n<script type=\"application\/ld+json\" class=\"yoast-schema-graph\">{\"@context\":\"https:\\\/\\\/schema.org\",\"@graph\":[{\"@type\":\"WebPage\",\"@id\":\"https:\\\/\\\/deravio.com\\\/no\\\/produkt\\\/casual-sett-for-kvinner\\\/\",\"url\":\"https:\\\/\\\/deravio.com\\\/no\\\/produkt\\\/casual-sett-for-kvinner\\\/\",\"name\":\"Casual sett for kvinner - Deravio NO\",\"isPartOf\":{\"@id\":\"https:\\\/\\\/deravio.com\\\/no\\\/#website\"},\"primaryImageOfPage\":{\"@id\":\"https:\\\/\\\/deravio.com\\\/no\\\/produkt\\\/casual-sett-for-kvinner\\\/#primaryimage\"},\"image\":{\"@id\":\"https:\\\/\\\/deravio.com\\\/no\\\/produkt\\\/casual-sett-for-kvinner\\\/#primaryimage\"},\"thumbnailUrl\":\"https:\\\/\\\/deravio.com\\\/no\\\/wp-content\\\/uploads\\\/sites\\\/18\\\/2026\\\/04\\\/zdzt5m0-1.webp\",\"datePublished\":\"2026-04-30T13:40:55+00:00\",\"dateModified\":\"2026-04-30T13:46:38+00:00\",\"breadcrumb\":{\"@id\":\"https:\\\/\\\/deravio.com\\\/no\\\/produkt\\\/casual-sett-for-kvinner\\\/#breadcrumb\"},\"inLanguage\":\"nb-NO\",\"potentialAction\":[{\"@type\":\"ReadAction\",\"target\":[\"https:\\\/\\\/deravio.com\\\/no\\\/produkt\\\/casual-sett-for-kvinner\\\/\"]}]},{\"@type\":\"ImageObject\",\"inLanguage\":\"nb-NO\",\"@id\":\"https:\\\/\\\/deravio.com\\\/no\\\/produkt\\\/casual-sett-for-kvinner\\\/#primaryimage\",\"url\":\"https:\\\/\\\/deravio.com\\\/no\\\/wp-content\\\/uploads\\\/sites\\\/18\\\/2026\\\/04\\\/zdzt5m0-1.webp\",\"contentUrl\":\"https:\\\/\\\/deravio.com\\\/no\\\/wp-content\\\/uploads\\\/sites\\\/18\\\/2026\\\/04\\\/zdzt5m0-1.webp\",\"width\":713,\"height\":713},{\"@type\":\"BreadcrumbList\",\"@id\":\"https:\\\/\\\/deravio.com\\\/no\\\/produkt\\\/casual-sett-for-kvinner\\\/#breadcrumb\",\"itemListElement\":[{\"@type\":\"ListItem\",\"position\":1,\"name\":\"Home\",\"item\":\"https:\\\/\\\/deravio.com\\\/no\\\/\"},{\"@type\":\"ListItem\",\"position\":2,\"name\":\"Butikk\",\"item\":\"https:\\\/\\\/deravio.com\\\/no\\\/butikk\\\/\"},{\"@type\":\"ListItem\",\"position\":3,\"name\":\"Casual sett for kvinner\"}]},{\"@type\":\"WebSite\",\"@id\":\"https:\\\/\\\/deravio.com\\\/no\\\/#website\",\"url\":\"https:\\\/\\\/deravio.com\\\/no\\\/\",\"name\":\"Deravio NO\",\"description\":\"\",\"publisher\":{\"@id\":\"https:\\\/\\\/deravio.com\\\/no\\\/#organization\"},\"potentialAction\":[{\"@type\":\"SearchAction\",\"target\":{\"@type\":\"EntryPoint\",\"urlTemplate\":\"https:\\\/\\\/deravio.com\\\/no\\\/?s={search_term_string}\"},\"query-input\":{\"@type\":\"PropertyValueSpecification\",\"valueRequired\":true,\"valueName\":\"search_term_string\"}}],\"inLanguage\":\"nb-NO\"},{\"@type\":\"Organization\",\"@id\":\"https:\\\/\\\/deravio.com\\\/no\\\/#organization\",\"name\":\"Mekulo\",\"url\":\"https:\\\/\\\/deravio.com\\\/no\\\/\",\"logo\":{\"@type\":\"ImageObject\",\"inLanguage\":\"nb-NO\",\"@id\":\"https:\\\/\\\/deravio.com\\\/no\\\/#\\\/schema\\\/logo\\\/image\\\/\",\"url\":\"https:\\\/\\\/deravio.com\\\/no\\\/wp-content\\\/uploads\\\/sites\\\/18\\\/2025\\\/12\\\/favicon_mekulo.png\",\"contentUrl\":\"https:\\\/\\\/deravio.com\\\/no\\\/wp-content\\\/uploads\\\/sites\\\/18\\\/2025\\\/12\\\/favicon_mekulo.png\",\"width\":50,\"height\":50,\"caption\":\"Mekulo\"},\"image\":{\"@id\":\"https:\\\/\\\/deravio.com\\\/no\\\/#\\\/schema\\\/logo\\\/image\\\/\"}}]}<\/script>\n<!-- \/ Yoast SEO plugin. -->","yoast_head_json":{"title":"Casual sett for kvinner - Deravio NO","robots":{"index":"index","follow":"follow","max-snippet":"max-snippet:-1","max-image-preview":"max-image-preview:large","max-video-preview":"max-video-preview:-1"},"canonical":"https:\/\/deravio.com\/no\/produkt\/casual-sett-for-kvinner\/","og_locale":"nb_NO","og_type":"article","og_title":"Casual sett for kvinner - Deravio NO","og_description":"\u2728Enkel stil. Komfort hele dagen. \ud83d\udc56Et allsidig todelt sett designet for \u00e5 bevege seg med deg - mykt, flatterende og enkelt \u00e5 bruke fra morgen til kveld. \u2615Komfort du f\u00f8ler. Stil du ikke trenger \u00e5 tenke p\u00e5.","og_url":"https:\/\/deravio.com\/no\/produkt\/casual-sett-for-kvinner\/","og_site_name":"Deravio NO","article_modified_time":"2026-04-30T13:46:38+00:00","og_image":[{"width":713,"height":713,"url":"https:\/\/deravio.com\/no\/wp-content\/uploads\/sites\/18\/2026\/04\/zdzt5m0-1.webp","type":"image\/webp"}],"twitter_card":"summary_large_image","twitter_misc":{"Ansl. lesetid":"3 minutter"},"schema":{"@context":"https:\/\/schema.org","@graph":[{"@type":"WebPage","@id":"https:\/\/deravio.com\/no\/produkt\/casual-sett-for-kvinner\/","url":"https:\/\/deravio.com\/no\/produkt\/casual-sett-for-kvinner\/","name":"Casual sett for kvinner - Deravio NO","isPartOf":{"@id":"https:\/\/deravio.com\/no\/#website"},"primaryImageOfPage":{"@id":"https:\/\/deravio.com\/no\/produkt\/casual-sett-for-kvinner\/#primaryimage"},"image":{"@id":"https:\/\/deravio.com\/no\/produkt\/casual-sett-for-kvinner\/#primaryimage"},"thumbnailUrl":"https:\/\/deravio.com\/no\/wp-content\/uploads\/sites\/18\/2026\/04\/zdzt5m0-1.webp","datePublished":"2026-04-30T13:40:55+00:00","dateModified":"2026-04-30T13:46:38+00:00","breadcrumb":{"@id":"https:\/\/deravio.com\/no\/produkt\/casual-sett-for-kvinner\/#breadcrumb"},"inLanguage":"nb-NO","potentialAction":[{"@type":"ReadAction","target":["https:\/\/deravio.com\/no\/produkt\/casual-sett-for-kvinner\/"]}]},{"@type":"ImageObject","inLanguage":"nb-NO","@id":"https:\/\/deravio.com\/no\/produkt\/casual-sett-for-kvinner\/#primaryimage","url":"https:\/\/deravio.com\/no\/wp-content\/uploads\/sites\/18\/2026\/04\/zdzt5m0-1.webp","contentUrl":"https:\/\/deravio.com\/no\/wp-content\/uploads\/sites\/18\/2026\/04\/zdzt5m0-1.webp","width":713,"height":713},{"@type":"BreadcrumbList","@id":"https:\/\/deravio.com\/no\/produkt\/casual-sett-for-kvinner\/#breadcrumb","itemListElement":[{"@type":"ListItem","position":1,"name":"Home","item":"https:\/\/deravio.com\/no\/"},{"@type":"ListItem","position":2,"name":"Butikk","item":"https:\/\/deravio.com\/no\/butikk\/"},{"@type":"ListItem","position":3,"name":"Casual sett for kvinner"}]},{"@type":"WebSite","@id":"https:\/\/deravio.com\/no\/#website","url":"https:\/\/deravio.com\/no\/","name":"Deravio NO","description":"","publisher":{"@id":"https:\/\/deravio.com\/no\/#organization"},"potentialAction":[{"@type":"SearchAction","target":{"@type":"EntryPoint","urlTemplate":"https:\/\/deravio.com\/no\/?s={search_term_string}"},"query-input":{"@type":"PropertyValueSpecification","valueRequired":true,"valueName":"search_term_string"}}],"inLanguage":"nb-NO"},{"@type":"Organization","@id":"https:\/\/deravio.com\/no\/#organization","name":"Mekulo","url":"https:\/\/deravio.com\/no\/","logo":{"@type":"ImageObject","inLanguage":"nb-NO","@id":"https:\/\/deravio.com\/no\/#\/schema\/logo\/image\/","url":"https:\/\/deravio.com\/no\/wp-content\/uploads\/sites\/18\/2025\/12\/favicon_mekulo.png","contentUrl":"https:\/\/deravio.com\/no\/wp-content\/uploads\/sites\/18\/2025\/12\/favicon_mekulo.png","width":50,"height":50,"caption":"Mekulo"},"image":{"@id":"https:\/\/deravio.com\/no\/#\/schema\/logo\/image\/"}}]}},"_links":{"self":[{"href":"https:\/\/deravio.com\/no\/wp-json\/wp\/v2\/product\/23769","targetHints":{"allow":["GET"]}}],"collection":[{"href":"https:\/\/deravio.com\/no\/wp-json\/wp\/v2\/product"}],"about":[{"href":"https:\/\/deravio.com\/no\/wp-json\/wp\/v2\/types\/product"}],"replies":[{"embeddable":true,"href":"https:\/\/deravio.com\/no\/wp-json\/wp\/v2\/comments?post=23769"}],"wp:featuredmedia":[{"embeddable":true,"href":"https:\/\/deravio.com\/no\/wp-json\/wp\/v2\/media\/23765"}],"wp:attachment":[{"href":"https:\/\/deravio.com\/no\/wp-json\/wp\/v2\/media?parent=23769"}],"wp:term":[{"taxonomy":"product_brand","embeddable":true,"href":"https:\/\/deravio.com\/no\/wp-json\/wp\/v2\/product_brand?post=23769"},{"taxonomy":"product_cat","embeddable":true,"href":"https:\/\/deravio.com\/no\/wp-json\/wp\/v2\/product_cat?post=23769"},{"taxonomy":"product_tag","embeddable":true,"href":"https:\/\/deravio.com\/no\/wp-json\/wp\/v2\/product_tag?post=23769"}],"curies":[{"name":"wp","href":"https:\/\/api.w.org\/{rel}","templated":true}]}}