{"id":23739,"date":"2026-04-30T15:47:44","date_gmt":"2026-04-30T12:47:44","guid":{"rendered":"https:\/\/deravio.com\/no\/produkt\/fargerikt-solsikke-lys\/"},"modified":"2026-04-30T15:53:32","modified_gmt":"2026-04-30T12:53:32","slug":"fargerikt-solsikke-lys","status":"publish","type":"product","link":"https:\/\/deravio.com\/no\/produkt\/fargerikt-solsikke-lys\/","title":{"rendered":"Fargerikt solsikke-lys"},"content":{"rendered":"<h2 style=\"text-align: center\" data-section-id=\"5d61m3\" data-start=\"222\" data-end=\"240\">\u2728 L\u00f8ftet<\/h2>\n<p style=\"text-align: center\" data-start=\"241\" data-end=\"333\">Mykt, fargerikt lys. Null kabler. En fredelig atmosf\u00e6re du vil glede deg til hver kveld.<\/p>\n<p data-start=\"241\" data-end=\"333\"><img fetchpriority=\"high\" decoding=\"async\" class=\" wp-image-25762 aligncenter\" src=\"https:\/\/deravio.com\/template\/wp-content\/uploads\/sites\/6\/2026\/04\/122110-ezgif.com-video-to-webp-converter-1.webp\" alt=\"\" width=\"600\" height=\"600\" \/><\/p>\n<h2 style=\"text-align: center\" data-section-id=\"1bnik5i\" data-start=\"340\" data-end=\"392\">\ud83c\udf3b Hovedfordeler<\/h2>\n<p>\ud83c\udf08 Vakre lysm\u00f8nstre &#8211; kaster blomsterskygger som umiddelbart l\u00f8fter space<\/p>\n<p>\u2600\ufe0f Drevet av solen &#8211; lades om dagen, tennes automatisk p\u00e5 night<\/p>\n<p>\ud83c\udf27\ufe0f Laget for alle \u00e5rstider &#8211; v\u00e6rbestandig design som skinner gjennom regn og vind<\/p>\n<p>\ud83c\udfe1 Uanstrengt dekorasjon &#8211; Ingen ledninger, ingen installasjonsstress &#8211; bare plasser eller heng opp<\/p>\n<p>\ud83d\udc9b Skaper en koselig atmosf\u00e6re &#8211; gj\u00f8r vanlige kvelder til noe helt spesielt<\/p>\n<h2 style=\"text-align: center\" data-section-id=\"tco5u\" data-start=\"853\" data-end=\"887\">\u274c Problem \u2192 L\u00f8sning \u2705<\/h2>\n<p data-start=\"889\" data-end=\"1011\">\u274c Uterom f\u00f8les ofte m\u00f8rke, flate eller lite innbydende etter solnedgang &#8211; og belysningsl\u00f8sninger kan v\u00e6re dyre eller kompliserte.<\/p>\n<p data-start=\"1013\" data-end=\"1146\">\u2705 Dette fargerike solcellelyset forandrer alt p\u00e5 et \u00f8yeblikk.<br data-start=\"1049\" data-end=\"1052\" \/>En enkel solcellelykt som gir varme, farge og atmosf\u00e6re &#8211; uten anstrengelser eller l\u00f8pende kostnader.<\/p>\n<p data-start=\"1013\" data-end=\"1146\"><img decoding=\"async\" class=\"size-full wp-image-25767 aligncenter\" src=\"https:\/\/deravio.com\/template\/wp-content\/uploads\/sites\/6\/2026\/04\/f815a803e8a74088bf598e095f9601ab.webp\" alt=\"\" width=\"600\" height=\"600\" \/><\/p>\n<h2 style=\"text-align: center\" data-section-id=\"12sh2h1\" data-start=\"1153\" data-end=\"1186\">\ud83c\udf19 Bruksomr\u00e5de\/livsstil<\/h2>\n<p data-start=\"1188\" data-end=\"1200\">Perfekt til:<\/p>\n<ul data-start=\"1201\" data-end=\"1372\">\n<li data-section-id=\"1hmswv8\" data-start=\"1201\" data-end=\"1232\">Rolige kvelder p\u00e5 terrassen<\/li>\n<li data-section-id=\"djgypo\" data-start=\"1233\" data-end=\"1268\">Hagestier og blomsterbed<\/li>\n<li data-section-id=\"dhcj5b\" data-start=\"1269\" data-end=\"1298\">Balkong- og verandadekor<\/li>\n<li data-section-id=\"19k2ecs\" data-start=\"1299\" data-end=\"1333\">Utemiddager og sammenkomster<\/li>\n<li data-section-id=\"1lt0e3\" data-start=\"1334\" data-end=\"1372\">Skaper en avslappende stemning om kvelden<\/li>\n<\/ul>\n<p data-start=\"1374\" data-end=\"1409\">Det er ikke bare lys &#8211; det er en f\u00f8lelse.<\/p>\n<h2 style=\"text-align: center\" data-section-id=\"mdnuzw\" data-start=\"1416\" data-end=\"1436\">\u2699\ufe0f Slik fungerer den<\/h2>\n<ol data-start=\"1438\" data-end=\"1620\">\n<li data-section-id=\"wlqcvr\" data-start=\"1438\" data-end=\"1487\">Plasser eller heng lykten i direkte sollys.<\/li>\n<li data-section-id=\"12cue6j\" data-start=\"1488\" data-end=\"1533\">la den lade i l\u00f8pet av dagen (7-8 timer).<\/li>\n<li data-section-id=\"14czab7\" data-start=\"1534\" data-end=\"1572\">den sl\u00e5r seg automatisk p\u00e5 i skumringen.<\/li>\n<li data-section-id=\"21b2r7\" data-start=\"1573\" data-end=\"1620\">nyt 8-10 timer med varmt, dekorativt lys.<\/li>\n<\/ol>\n<p><img decoding=\"async\" class=\"size-full wp-image-25766 aligncenter\" src=\"https:\/\/deravio.com\/template\/wp-content\/uploads\/sites\/6\/2026\/04\/6c3d66e2ed10be121b35552bdb5ea9acd6cbedf7.webp\" alt=\"\" width=\"713\" height=\"713\" \/><\/p>\n<h2 style=\"text-align: center\" data-section-id=\"6d2foc\" data-start=\"1668\" data-end=\"1691\">\ud83d\udd0d Produktdetaljer<\/h2>\n<ul data-start=\"1693\" data-end=\"2002\">\n<li data-section-id=\"140rv34\" data-start=\"1736\" data-end=\"1771\">Materiale: Slitesterkt metallhus<\/li>\n<li data-section-id=\"id6ndo\" data-start=\"1772\" data-end=\"1793\">Lyskilde: LED<\/li>\n<li data-section-id=\"10erizh\" data-start=\"1794\" data-end=\"1818\">Kraft: Solcelledrevet<\/li>\n<li data-section-id=\"4fjrfb\" data-start=\"1819\" data-end=\"1847\">Ladetid: 7-8 timer<\/li>\n<li data-section-id=\"hbi7kb\" data-start=\"1848\" data-end=\"1881\">Lysvarighet: 8-10 timer<\/li>\n<li data-section-id=\"4x3r0z\" data-start=\"1882\" data-end=\"1922\">Beskyttelsesgrad: IP55 v\u00e6rbestandig<\/li>\n<li data-section-id=\"4b15py\" data-start=\"1923\" data-end=\"1954\">Dimensjoner: 18 x 10 x 10 cm<\/li>\n<li data-section-id=\"kk9wrn\" data-start=\"1955\" data-end=\"2002\">Bruk: Hengende eller bordplate utend\u00f8rs dekorasjon<\/li>\n<\/ul>\n<h2 style=\"text-align: center\" data-section-id=\"11se135\" data-start=\"2009\" data-end=\"2029\">\ud83d\udce6 Pakken inkluderer<\/h2>\n<ul data-start=\"2031\" data-end=\"2074\">\n<li data-section-id=\"yzxx57\" data-start=\"2031\" data-end=\"2074\">1, 2, 4x fargerik solsikke sollykt \/ sollykter.<\/li>\n<\/ul>\n","protected":false},"excerpt":{"rendered":"<p>\ud83c\udfe1La hagen blomstre etter solnedgang.<br \/>\n\ud83c\udf3bEt solcelledrevet, fargerikt solsikke-lys som forvandler uterommet til et varmt, gl\u00f8dende tilfluktssted &#8211; uten anstrengelse eller str\u00f8m.<br \/>\n\ud83c\udfeeEt lite lys som gj\u00f8r en stor forskjell for hvordan kveldene dine f\u00f8les.<\/p>\n","protected":false},"featured_media":23735,"comment_status":"open","ping_status":"closed","template":"","meta":{"site-sidebar-layout":"default","site-content-layout":"","ast-site-content-layout":"default","site-content-style":"default","site-sidebar-style":"default","ast-global-header-display":"","ast-banner-title-visibility":"","ast-main-header-display":"","ast-hfb-above-header-display":"","ast-hfb-below-header-display":"","ast-hfb-mobile-header-display":"","site-post-title":"","ast-breadcrumbs-content":"","ast-featured-img":"","footer-sml-layout":"","ast-disable-related-posts":"","theme-transparent-header-meta":"default","adv-header-id-meta":"","stick-header-meta":"","header-above-stick-meta":"","header-main-stick-meta":"","header-below-stick-meta":"","astra-migrate-meta-layouts":"set","ast-page-background-enabled":"default","ast-page-background-meta":{"desktop":{"background-color":"var(--ast-global-color-5)","background-image":"","background-repeat":"repeat","background-position":"center center","background-size":"auto","background-attachment":"scroll","background-type":"","background-media":"","overlay-type":"","overlay-color":"","overlay-opacity":"","overlay-gradient":""},"tablet":{"background-color":"","background-image":"","background-repeat":"repeat","background-position":"center center","background-size":"auto","background-attachment":"scroll","background-type":"","background-media":"","overlay-type":"","overlay-color":"","overlay-opacity":"","overlay-gradient":""},"mobile":{"background-color":"","background-image":"","background-repeat":"repeat","background-position":"center center","background-size":"auto","background-attachment":"scroll","background-type":"","background-media":"","overlay-type":"","overlay-color":"","overlay-opacity":"","overlay-gradient":""}},"ast-content-background-meta":{"desktop":{"background-color":"var(--ast-global-color-4)","background-image":"","background-repeat":"repeat","background-position":"center center","background-size":"auto","background-attachment":"scroll","background-type":"","background-media":"","overlay-type":"","overlay-color":"","overlay-opacity":"","overlay-gradient":""},"tablet":{"background-color":"var(--ast-global-color-4)","background-image":"","background-repeat":"repeat","background-position":"center center","background-size":"auto","background-attachment":"scroll","background-type":"","background-media":"","overlay-type":"","overlay-color":"","overlay-opacity":"","overlay-gradient":""},"mobile":{"background-color":"var(--ast-global-color-4)","background-image":"","background-repeat":"repeat","background-position":"center center","background-size":"auto","background-attachment":"scroll","background-type":"","background-media":"","overlay-type":"","overlay-color":"","overlay-opacity":"","overlay-gradient":""}}},"product_brand":[],"product_cat":[168],"product_tag":[],"class_list":{"0":"post-23739","1":"product","2":"type-product","3":"status-publish","4":"has-post-thumbnail","6":"product_cat-husholdningsartikler","7":"pa_68778_ca6t0ahz-1-stk","8":"pa_68778_ca6t0ahz-2-stk","9":"pa_68778_ca6t0ahz-4-stk","10":"pa_68778_ld6wuqkc-a","11":"pa_68778_ld6wuqkc-b","12":"desktop-align-left","13":"tablet-align-left","14":"mobile-align-left","16":"first","17":"instock","18":"shipping-taxable","19":"purchasable","20":"product-type-variable","21":"has-default-attributes"},"yoast_head":"<!-- This site is optimized with the Yoast SEO plugin v27.4 - https:\/\/yoast.com\/product\/yoast-seo-wordpress\/ -->\n<title>Fargerikt solsikke-lys - Deravio NO<\/title>\n<meta name=\"robots\" content=\"index, follow, max-snippet:-1, max-image-preview:large, max-video-preview:-1\" \/>\n<link rel=\"canonical\" href=\"https:\/\/deravio.com\/no\/produkt\/fargerikt-solsikke-lys\/\" \/>\n<meta property=\"og:locale\" content=\"nb_NO\" \/>\n<meta property=\"og:type\" content=\"article\" \/>\n<meta property=\"og:title\" content=\"Fargerikt solsikke-lys - Deravio NO\" \/>\n<meta property=\"og:description\" content=\"\ud83c\udfe1La hagen blomstre etter solnedgang. \ud83c\udf3bEt solcelledrevet, fargerikt solsikke-lys som forvandler uterommet til et varmt, gl\u00f8dende tilfluktssted - uten anstrengelse eller str\u00f8m. \ud83c\udfeeEt lite lys som gj\u00f8r en stor forskjell for hvordan kveldene dine f\u00f8les.\" \/>\n<meta property=\"og:url\" content=\"https:\/\/deravio.com\/no\/produkt\/fargerikt-solsikke-lys\/\" \/>\n<meta property=\"og:site_name\" content=\"Deravio NO\" \/>\n<meta property=\"article:modified_time\" content=\"2026-04-30T12:53:32+00:00\" \/>\n<meta property=\"og:image\" content=\"https:\/\/deravio.com\/no\/wp-content\/uploads\/sites\/18\/2026\/04\/hfq3nrs-1.webp\" \/>\n\t<meta property=\"og:image:width\" content=\"713\" \/>\n\t<meta property=\"og:image:height\" content=\"713\" \/>\n\t<meta property=\"og:image:type\" content=\"image\/webp\" \/>\n<meta name=\"twitter:card\" content=\"summary_large_image\" \/>\n<meta name=\"twitter:label1\" content=\"Ansl. lesetid\" \/>\n\t<meta name=\"twitter:data1\" content=\"2 minutter\" \/>\n<script type=\"application\/ld+json\" class=\"yoast-schema-graph\">{\"@context\":\"https:\\\/\\\/schema.org\",\"@graph\":[{\"@type\":\"WebPage\",\"@id\":\"https:\\\/\\\/deravio.com\\\/no\\\/produkt\\\/fargerikt-solsikke-lys\\\/\",\"url\":\"https:\\\/\\\/deravio.com\\\/no\\\/produkt\\\/fargerikt-solsikke-lys\\\/\",\"name\":\"Fargerikt solsikke-lys - Deravio NO\",\"isPartOf\":{\"@id\":\"https:\\\/\\\/deravio.com\\\/no\\\/#website\"},\"primaryImageOfPage\":{\"@id\":\"https:\\\/\\\/deravio.com\\\/no\\\/produkt\\\/fargerikt-solsikke-lys\\\/#primaryimage\"},\"image\":{\"@id\":\"https:\\\/\\\/deravio.com\\\/no\\\/produkt\\\/fargerikt-solsikke-lys\\\/#primaryimage\"},\"thumbnailUrl\":\"https:\\\/\\\/deravio.com\\\/no\\\/wp-content\\\/uploads\\\/sites\\\/18\\\/2026\\\/04\\\/hfq3nrs-1.webp\",\"datePublished\":\"2026-04-30T12:47:44+00:00\",\"dateModified\":\"2026-04-30T12:53:32+00:00\",\"breadcrumb\":{\"@id\":\"https:\\\/\\\/deravio.com\\\/no\\\/produkt\\\/fargerikt-solsikke-lys\\\/#breadcrumb\"},\"inLanguage\":\"nb-NO\",\"potentialAction\":[{\"@type\":\"ReadAction\",\"target\":[\"https:\\\/\\\/deravio.com\\\/no\\\/produkt\\\/fargerikt-solsikke-lys\\\/\"]}]},{\"@type\":\"ImageObject\",\"inLanguage\":\"nb-NO\",\"@id\":\"https:\\\/\\\/deravio.com\\\/no\\\/produkt\\\/fargerikt-solsikke-lys\\\/#primaryimage\",\"url\":\"https:\\\/\\\/deravio.com\\\/no\\\/wp-content\\\/uploads\\\/sites\\\/18\\\/2026\\\/04\\\/hfq3nrs-1.webp\",\"contentUrl\":\"https:\\\/\\\/deravio.com\\\/no\\\/wp-content\\\/uploads\\\/sites\\\/18\\\/2026\\\/04\\\/hfq3nrs-1.webp\",\"width\":713,\"height\":713},{\"@type\":\"BreadcrumbList\",\"@id\":\"https:\\\/\\\/deravio.com\\\/no\\\/produkt\\\/fargerikt-solsikke-lys\\\/#breadcrumb\",\"itemListElement\":[{\"@type\":\"ListItem\",\"position\":1,\"name\":\"Home\",\"item\":\"https:\\\/\\\/deravio.com\\\/no\\\/\"},{\"@type\":\"ListItem\",\"position\":2,\"name\":\"Butikk\",\"item\":\"https:\\\/\\\/deravio.com\\\/no\\\/butikk\\\/\"},{\"@type\":\"ListItem\",\"position\":3,\"name\":\"Fargerikt solsikke-lys\"}]},{\"@type\":\"WebSite\",\"@id\":\"https:\\\/\\\/deravio.com\\\/no\\\/#website\",\"url\":\"https:\\\/\\\/deravio.com\\\/no\\\/\",\"name\":\"Deravio NO\",\"description\":\"\",\"publisher\":{\"@id\":\"https:\\\/\\\/deravio.com\\\/no\\\/#organization\"},\"potentialAction\":[{\"@type\":\"SearchAction\",\"target\":{\"@type\":\"EntryPoint\",\"urlTemplate\":\"https:\\\/\\\/deravio.com\\\/no\\\/?s={search_term_string}\"},\"query-input\":{\"@type\":\"PropertyValueSpecification\",\"valueRequired\":true,\"valueName\":\"search_term_string\"}}],\"inLanguage\":\"nb-NO\"},{\"@type\":\"Organization\",\"@id\":\"https:\\\/\\\/deravio.com\\\/no\\\/#organization\",\"name\":\"Mekulo\",\"url\":\"https:\\\/\\\/deravio.com\\\/no\\\/\",\"logo\":{\"@type\":\"ImageObject\",\"inLanguage\":\"nb-NO\",\"@id\":\"https:\\\/\\\/deravio.com\\\/no\\\/#\\\/schema\\\/logo\\\/image\\\/\",\"url\":\"https:\\\/\\\/deravio.com\\\/no\\\/wp-content\\\/uploads\\\/sites\\\/18\\\/2025\\\/12\\\/favicon_mekulo.png\",\"contentUrl\":\"https:\\\/\\\/deravio.com\\\/no\\\/wp-content\\\/uploads\\\/sites\\\/18\\\/2025\\\/12\\\/favicon_mekulo.png\",\"width\":50,\"height\":50,\"caption\":\"Mekulo\"},\"image\":{\"@id\":\"https:\\\/\\\/deravio.com\\\/no\\\/#\\\/schema\\\/logo\\\/image\\\/\"}}]}<\/script>\n<!-- \/ Yoast SEO plugin. -->","yoast_head_json":{"title":"Fargerikt solsikke-lys - Deravio NO","robots":{"index":"index","follow":"follow","max-snippet":"max-snippet:-1","max-image-preview":"max-image-preview:large","max-video-preview":"max-video-preview:-1"},"canonical":"https:\/\/deravio.com\/no\/produkt\/fargerikt-solsikke-lys\/","og_locale":"nb_NO","og_type":"article","og_title":"Fargerikt solsikke-lys - Deravio NO","og_description":"\ud83c\udfe1La hagen blomstre etter solnedgang. \ud83c\udf3bEt solcelledrevet, fargerikt solsikke-lys som forvandler uterommet til et varmt, gl\u00f8dende tilfluktssted - uten anstrengelse eller str\u00f8m. \ud83c\udfeeEt lite lys som gj\u00f8r en stor forskjell for hvordan kveldene dine f\u00f8les.","og_url":"https:\/\/deravio.com\/no\/produkt\/fargerikt-solsikke-lys\/","og_site_name":"Deravio NO","article_modified_time":"2026-04-30T12:53:32+00:00","og_image":[{"width":713,"height":713,"url":"https:\/\/deravio.com\/no\/wp-content\/uploads\/sites\/18\/2026\/04\/hfq3nrs-1.webp","type":"image\/webp"}],"twitter_card":"summary_large_image","twitter_misc":{"Ansl. lesetid":"2 minutter"},"schema":{"@context":"https:\/\/schema.org","@graph":[{"@type":"WebPage","@id":"https:\/\/deravio.com\/no\/produkt\/fargerikt-solsikke-lys\/","url":"https:\/\/deravio.com\/no\/produkt\/fargerikt-solsikke-lys\/","name":"Fargerikt solsikke-lys - Deravio NO","isPartOf":{"@id":"https:\/\/deravio.com\/no\/#website"},"primaryImageOfPage":{"@id":"https:\/\/deravio.com\/no\/produkt\/fargerikt-solsikke-lys\/#primaryimage"},"image":{"@id":"https:\/\/deravio.com\/no\/produkt\/fargerikt-solsikke-lys\/#primaryimage"},"thumbnailUrl":"https:\/\/deravio.com\/no\/wp-content\/uploads\/sites\/18\/2026\/04\/hfq3nrs-1.webp","datePublished":"2026-04-30T12:47:44+00:00","dateModified":"2026-04-30T12:53:32+00:00","breadcrumb":{"@id":"https:\/\/deravio.com\/no\/produkt\/fargerikt-solsikke-lys\/#breadcrumb"},"inLanguage":"nb-NO","potentialAction":[{"@type":"ReadAction","target":["https:\/\/deravio.com\/no\/produkt\/fargerikt-solsikke-lys\/"]}]},{"@type":"ImageObject","inLanguage":"nb-NO","@id":"https:\/\/deravio.com\/no\/produkt\/fargerikt-solsikke-lys\/#primaryimage","url":"https:\/\/deravio.com\/no\/wp-content\/uploads\/sites\/18\/2026\/04\/hfq3nrs-1.webp","contentUrl":"https:\/\/deravio.com\/no\/wp-content\/uploads\/sites\/18\/2026\/04\/hfq3nrs-1.webp","width":713,"height":713},{"@type":"BreadcrumbList","@id":"https:\/\/deravio.com\/no\/produkt\/fargerikt-solsikke-lys\/#breadcrumb","itemListElement":[{"@type":"ListItem","position":1,"name":"Home","item":"https:\/\/deravio.com\/no\/"},{"@type":"ListItem","position":2,"name":"Butikk","item":"https:\/\/deravio.com\/no\/butikk\/"},{"@type":"ListItem","position":3,"name":"Fargerikt solsikke-lys"}]},{"@type":"WebSite","@id":"https:\/\/deravio.com\/no\/#website","url":"https:\/\/deravio.com\/no\/","name":"Deravio NO","description":"","publisher":{"@id":"https:\/\/deravio.com\/no\/#organization"},"potentialAction":[{"@type":"SearchAction","target":{"@type":"EntryPoint","urlTemplate":"https:\/\/deravio.com\/no\/?s={search_term_string}"},"query-input":{"@type":"PropertyValueSpecification","valueRequired":true,"valueName":"search_term_string"}}],"inLanguage":"nb-NO"},{"@type":"Organization","@id":"https:\/\/deravio.com\/no\/#organization","name":"Mekulo","url":"https:\/\/deravio.com\/no\/","logo":{"@type":"ImageObject","inLanguage":"nb-NO","@id":"https:\/\/deravio.com\/no\/#\/schema\/logo\/image\/","url":"https:\/\/deravio.com\/no\/wp-content\/uploads\/sites\/18\/2025\/12\/favicon_mekulo.png","contentUrl":"https:\/\/deravio.com\/no\/wp-content\/uploads\/sites\/18\/2025\/12\/favicon_mekulo.png","width":50,"height":50,"caption":"Mekulo"},"image":{"@id":"https:\/\/deravio.com\/no\/#\/schema\/logo\/image\/"}}]}},"_links":{"self":[{"href":"https:\/\/deravio.com\/no\/wp-json\/wp\/v2\/product\/23739","targetHints":{"allow":["GET"]}}],"collection":[{"href":"https:\/\/deravio.com\/no\/wp-json\/wp\/v2\/product"}],"about":[{"href":"https:\/\/deravio.com\/no\/wp-json\/wp\/v2\/types\/product"}],"replies":[{"embeddable":true,"href":"https:\/\/deravio.com\/no\/wp-json\/wp\/v2\/comments?post=23739"}],"wp:featuredmedia":[{"embeddable":true,"href":"https:\/\/deravio.com\/no\/wp-json\/wp\/v2\/media\/23735"}],"wp:attachment":[{"href":"https:\/\/deravio.com\/no\/wp-json\/wp\/v2\/media?parent=23739"}],"wp:term":[{"taxonomy":"product_brand","embeddable":true,"href":"https:\/\/deravio.com\/no\/wp-json\/wp\/v2\/product_brand?post=23739"},{"taxonomy":"product_cat","embeddable":true,"href":"https:\/\/deravio.com\/no\/wp-json\/wp\/v2\/product_cat?post=23739"},{"taxonomy":"product_tag","embeddable":true,"href":"https:\/\/deravio.com\/no\/wp-json\/wp\/v2\/product_tag?post=23739"}],"curies":[{"name":"wp","href":"https:\/\/api.w.org\/{rel}","templated":true}]}}