{"id":23719,"date":"2026-04-30T14:55:56","date_gmt":"2026-04-30T11:55:56","guid":{"rendered":"https:\/\/deravio.com\/no\/produkt\/handavtrykkssett-for-familier-og-par\/"},"modified":"2026-04-30T14:55:56","modified_gmt":"2026-04-30T11:55:56","slug":"handavtrykkssett-for-familier-og-par","status":"publish","type":"product","link":"https:\/\/deravio.com\/no\/produkt\/handavtrykkssett-for-familier-og-par\/","title":{"rendered":"H\u00e5ndavtrykkssett for familier og par"},"content":{"rendered":"<h2 style=\"text-align: center\" data-section-id=\"5d61m3\" data-start=\"197\" data-end=\"215\">\u2728 L\u00f8ftet<\/h2>\n<p style=\"text-align: center\" data-start=\"216\" data-end=\"295\">Forvandle et enkelt \u00f8yeblikk til noe du kan se, ta p\u00e5 og sette pris p\u00e5 i \u00e5revis.<\/p>\n<p data-start=\"216\" data-end=\"295\"><img fetchpriority=\"high\" decoding=\"async\" class=\"size-full wp-image-25747 aligncenter\" src=\"https:\/\/deravio.com\/template\/wp-content\/uploads\/sites\/6\/2026\/04\/Untitleddesign8-ezgif.com-video-to-gif-converter_351eb4d7-527d-40d8-ab5b-016bd0f2d403.webp\" alt=\"\" width=\"800\" height=\"800\" \/><\/p>\n<h2 style=\"text-align: center\" data-section-id=\"ns5b8p\" data-start=\"302\" data-end=\"345\">\ud83d\udd90\ufe0f Hovedfordeler<\/h2>\n<p>\ud83d\udc9e Fang ekte kontakt &#8211; Bevar den n\u00f8yaktige formen og detaljene av hendene deres sammen<\/p>\n<p>\ud83c\udf81 Meningsfylt, varig minnesmerke &#8211; Et minne du kan vise frem, ikke bare huske<\/p>\n<p>\ud83e\udde1 Enkel og stressfri prosess &#8211; Enkle trinn for en smidig, kreativ og personlig &#8211; Tilpass og form bildet ditt akkurat slik du vil ha det<\/p>\n<p>\ud83c\udfe1 Vakkert utstillingsobjekt &#8211; Et unikt tilskudd til hjemmet ditt fylt med f\u00f8lelser<\/p>\n<h2 style=\"text-align: center\" data-section-id=\"tco5u\" data-start=\"814\" data-end=\"848\">\u274c Problem \u2192 L\u00f8sning \u2705<\/h2>\n<p data-start=\"850\" data-end=\"913\">\u274c Bilder forsvinner i telefongallerier og blir glemt over tid.<\/p>\n<p data-start=\"915\" data-end=\"1040\">\u2705 Dette h\u00e5ndavtrykkssettet for familier og par gj\u00f8r minnene fysiske.<br data-start=\"946\" data-end=\"949\" \/>Det fanger et ekte \u00f8yeblikk du kan holde fast i &#8211; noe som er langt mer meningsfylt enn et bilde.<\/p>\n<p data-start=\"915\" data-end=\"1040\"><img decoding=\"async\" class=\"size-full wp-image-25748 aligncenter\" src=\"https:\/\/deravio.com\/template\/wp-content\/uploads\/sites\/6\/2026\/04\/Untitleddesign7-ezgif.com-video-to-gif-converter_cb41c9c4-eedb-414a-8dbf-9b6187e91909.webp\" alt=\"\" width=\"800\" height=\"800\" \/><\/p>\n<h2 style=\"text-align: center\" data-section-id=\"3fducq\" data-start=\"1047\" data-end=\"1085\">\ud83d\udc68\u200d\ud83d\udc69\u200d\ud83d\udc67 Bruksomr\u00e5de\/livsstil<\/h2>\n<p data-start=\"1087\" data-end=\"1099\">Perfekt for:<\/p>\n<ul data-start=\"1100\" data-end=\"1258\">\n<li data-section-id=\"1036icm\" data-start=\"1100\" data-end=\"1129\">Par og merkedager<\/li>\n<li data-section-id=\"1370pgg\" data-start=\"1130\" data-end=\"1155\">Familier og barn<\/li>\n<li data-section-id=\"fuz57z\" data-start=\"1156\" data-end=\"1193\">H\u00e5nd- og fotavtrykksminner til babyer<\/li>\n<li data-section-id=\"1y0fye7\" data-start=\"1194\" data-end=\"1218\">Gaver til kj\u00e6re<\/li>\n<li data-section-id=\"1fj1efn\" data-start=\"1219\" data-end=\"1258\">Feir milep\u00e6ler og minner<\/li>\n<\/ul>\n<p data-start=\"1260\" data-end=\"1319\">Det er mer enn et h\u00e5ndverk &#8211; det er et minne dere skaper sammen.<\/p>\n<h2 style=\"text-align: center\" data-section-id=\"mdnuzw\" data-start=\"1326\" data-end=\"1346\">\u2699\ufe0f Slik fungerer det<\/h2>\n<ol data-start=\"1348\" data-end=\"1570\">\n<li data-section-id=\"53tqop\" data-start=\"1348\" data-end=\"1386\">Bland st\u00f8pepulveret med vann.<\/li>\n<li data-section-id=\"h5szn4\" data-start=\"1387\" data-end=\"1445\">legg hendene i blandingen for \u00e5 skape avtrykk.<\/li>\n<li data-section-id=\"18qyi81\" data-start=\"1446\" data-end=\"1486\">hell st\u00f8pematerialet i formen.<\/li>\n<li data-section-id=\"1wmscrz\" data-start=\"1487\" data-end=\"1523\">la det stivne og ta det forsiktig ut.<\/li>\n<li data-section-id=\"1ghrx94\" data-start=\"1524\" data-end=\"1570\">finpuss og vis frem det ferdige minnesmerket.<\/li>\n<\/ol>\n<p><img decoding=\"async\" class=\"size-full wp-image-25749 aligncenter\" src=\"https:\/\/deravio.com\/template\/wp-content\/uploads\/sites\/6\/2026\/04\/2-1.jpeg\" alt=\"\" width=\"1601\" height=\"1601\" \/><\/p>\n<h2 style=\"text-align: center\" data-section-id=\"6d2foc\" data-start=\"1612\" data-end=\"1635\">\ud83d\udd0d Produktdetaljer<\/h2>\n<ul data-start=\"1637\" data-end=\"1908\">\n<li data-section-id=\"1mj008u\" data-start=\"1692\" data-end=\"1748\">Materiale: PP-b\u00f8tte, naturlige pinner, st\u00f8pepulver<\/li>\n<li data-section-id=\"1nifyoz\" data-start=\"1791\" data-end=\"1852\">Funksjoner: Detaljert avtrykk, rask innstilling, holdbart resultat<\/li>\n<li data-section-id=\"1rdahwx\" data-start=\"1853\" data-end=\"1908\">Bruk: H\u00e5ndst\u00f8ping, fotavtrykkst\u00f8ping, DIY-minnesaker<\/li>\n<\/ul>\n<h2 style=\"text-align: center\" data-section-id=\"11se135\" data-start=\"1915\" data-end=\"1935\">\ud83d\udce6 Pakken inkluderer<\/h2>\n<ul data-start=\"1937\" data-end=\"2106\">\n<li data-section-id=\"l6qlvj\" data-start=\"1937\" data-end=\"1966\">1x modelleringspulver (100 g)<\/li>\n<li data-section-id=\"1tb1w5\" data-start=\"1967\" data-end=\"1995\">1x st\u00f8pepulver (100 g)<\/li>\n<li data-section-id=\"gp5zhg\" data-start=\"1996\" data-end=\"2015\">1x liten b\u00f8tte<\/li>\n<li data-section-id=\"10ludiq\" data-start=\"2016\" data-end=\"2034\">2x hansker<\/li>\n<li data-section-id=\"g4trng\" data-start=\"2035\" data-end=\"2056\">1x r\u00f8repinne<\/li>\n<li data-section-id=\"1130jgk\" data-start=\"2057\" data-end=\"2084\">1x spiss bambuspinne<\/li>\n<li data-section-id=\"1f51z3v\" data-start=\"2085\" data-end=\"2106\">2x sandpapir.<\/li>\n<\/ul>\n","protected":false},"excerpt":{"rendered":"<p>\ud83c\udfa8Fasthold \u00f8yeblikket &#8211; for alltid.<br \/>\n\ud83d\udc96Skap et tidl\u00f8st 3D-h\u00e5ndavtrykk som fanger kj\u00e6rlighet, tilknytning og minner du aldri vil glemme.<br \/>\n\u267e\ufe0fNot bare et minne &#8211; noe du kan holde for alltid.<\/p>\n","protected":false},"featured_media":23715,"comment_status":"open","ping_status":"closed","template":"","meta":{"site-sidebar-layout":"default","site-content-layout":"","ast-site-content-layout":"default","site-content-style":"default","site-sidebar-style":"default","ast-global-header-display":"","ast-banner-title-visibility":"","ast-main-header-display":"","ast-hfb-above-header-display":"","ast-hfb-below-header-display":"","ast-hfb-mobile-header-display":"","site-post-title":"","ast-breadcrumbs-content":"","ast-featured-img":"","footer-sml-layout":"","ast-disable-related-posts":"","theme-transparent-header-meta":"default","adv-header-id-meta":"","stick-header-meta":"","header-above-stick-meta":"","header-main-stick-meta":"","header-below-stick-meta":"","astra-migrate-meta-layouts":"set","ast-page-background-enabled":"default","ast-page-background-meta":{"desktop":{"background-color":"var(--ast-global-color-5)","background-image":"","background-repeat":"repeat","background-position":"center center","background-size":"auto","background-attachment":"scroll","background-type":"","background-media":"","overlay-type":"","overlay-color":"","overlay-opacity":"","overlay-gradient":""},"tablet":{"background-color":"","background-image":"","background-repeat":"repeat","background-position":"center center","background-size":"auto","background-attachment":"scroll","background-type":"","background-media":"","overlay-type":"","overlay-color":"","overlay-opacity":"","overlay-gradient":""},"mobile":{"background-color":"","background-image":"","background-repeat":"repeat","background-position":"center center","background-size":"auto","background-attachment":"scroll","background-type":"","background-media":"","overlay-type":"","overlay-color":"","overlay-opacity":"","overlay-gradient":""}},"ast-content-background-meta":{"desktop":{"background-color":"var(--ast-global-color-4)","background-image":"","background-repeat":"repeat","background-position":"center center","background-size":"auto","background-attachment":"scroll","background-type":"","background-media":"","overlay-type":"","overlay-color":"","overlay-opacity":"","overlay-gradient":""},"tablet":{"background-color":"var(--ast-global-color-4)","background-image":"","background-repeat":"repeat","background-position":"center center","background-size":"auto","background-attachment":"scroll","background-type":"","background-media":"","overlay-type":"","overlay-color":"","overlay-opacity":"","overlay-gradient":""},"mobile":{"background-color":"var(--ast-global-color-4)","background-image":"","background-repeat":"repeat","background-position":"center center","background-size":"auto","background-attachment":"scroll","background-type":"","background-media":"","overlay-type":"","overlay-color":"","overlay-opacity":"","overlay-gradient":""}}},"product_brand":[],"product_cat":[172],"product_tag":[],"class_list":{"0":"post-23719","1":"product","2":"type-product","3":"status-publish","4":"has-post-thumbnail","6":"product_cat-leker-barne-og-babyprodukter","7":"desktop-align-left","8":"tablet-align-left","9":"mobile-align-left","11":"first","12":"instock","13":"shipping-taxable","14":"purchasable","15":"product-type-simple"},"yoast_head":"<!-- This site is optimized with the Yoast SEO plugin v27.4 - https:\/\/yoast.com\/product\/yoast-seo-wordpress\/ -->\n<title>H\u00e5ndavtrykkssett for familier og par - Deravio NO<\/title>\n<meta name=\"robots\" content=\"index, follow, max-snippet:-1, max-image-preview:large, max-video-preview:-1\" \/>\n<link rel=\"canonical\" href=\"https:\/\/deravio.com\/no\/produkt\/handavtrykkssett-for-familier-og-par\/\" \/>\n<meta property=\"og:locale\" content=\"nb_NO\" \/>\n<meta property=\"og:type\" content=\"article\" \/>\n<meta property=\"og:title\" content=\"H\u00e5ndavtrykkssett for familier og par - Deravio NO\" \/>\n<meta property=\"og:description\" content=\"\ud83c\udfa8Fasthold \u00f8yeblikket - for alltid. \ud83d\udc96Skap et tidl\u00f8st 3D-h\u00e5ndavtrykk som fanger kj\u00e6rlighet, tilknytning og minner du aldri vil glemme. \u267e\ufe0fNot bare et minne - noe du kan holde for alltid.\" \/>\n<meta property=\"og:url\" content=\"https:\/\/deravio.com\/no\/produkt\/handavtrykkssett-for-familier-og-par\/\" \/>\n<meta property=\"og:site_name\" content=\"Deravio NO\" \/>\n<meta property=\"og:image\" content=\"https:\/\/deravio.com\/no\/wp-content\/uploads\/sites\/18\/2026\/04\/wih9xrg-1.webp\" \/>\n\t<meta property=\"og:image:width\" content=\"990\" \/>\n\t<meta property=\"og:image:height\" content=\"990\" \/>\n\t<meta property=\"og:image:type\" content=\"image\/webp\" \/>\n<meta name=\"twitter:card\" content=\"summary_large_image\" \/>\n<meta name=\"twitter:label1\" content=\"Ansl. lesetid\" \/>\n\t<meta name=\"twitter:data1\" content=\"2 minutter\" \/>\n<script type=\"application\/ld+json\" class=\"yoast-schema-graph\">{\"@context\":\"https:\\\/\\\/schema.org\",\"@graph\":[{\"@type\":\"WebPage\",\"@id\":\"https:\\\/\\\/deravio.com\\\/no\\\/produkt\\\/handavtrykkssett-for-familier-og-par\\\/\",\"url\":\"https:\\\/\\\/deravio.com\\\/no\\\/produkt\\\/handavtrykkssett-for-familier-og-par\\\/\",\"name\":\"H\u00e5ndavtrykkssett for familier og par - Deravio NO\",\"isPartOf\":{\"@id\":\"https:\\\/\\\/deravio.com\\\/no\\\/#website\"},\"primaryImageOfPage\":{\"@id\":\"https:\\\/\\\/deravio.com\\\/no\\\/produkt\\\/handavtrykkssett-for-familier-og-par\\\/#primaryimage\"},\"image\":{\"@id\":\"https:\\\/\\\/deravio.com\\\/no\\\/produkt\\\/handavtrykkssett-for-familier-og-par\\\/#primaryimage\"},\"thumbnailUrl\":\"https:\\\/\\\/deravio.com\\\/no\\\/wp-content\\\/uploads\\\/sites\\\/18\\\/2026\\\/04\\\/wih9xrg-1.webp\",\"datePublished\":\"2026-04-30T11:55:56+00:00\",\"breadcrumb\":{\"@id\":\"https:\\\/\\\/deravio.com\\\/no\\\/produkt\\\/handavtrykkssett-for-familier-og-par\\\/#breadcrumb\"},\"inLanguage\":\"nb-NO\",\"potentialAction\":[{\"@type\":\"ReadAction\",\"target\":[\"https:\\\/\\\/deravio.com\\\/no\\\/produkt\\\/handavtrykkssett-for-familier-og-par\\\/\"]}]},{\"@type\":\"ImageObject\",\"inLanguage\":\"nb-NO\",\"@id\":\"https:\\\/\\\/deravio.com\\\/no\\\/produkt\\\/handavtrykkssett-for-familier-og-par\\\/#primaryimage\",\"url\":\"https:\\\/\\\/deravio.com\\\/no\\\/wp-content\\\/uploads\\\/sites\\\/18\\\/2026\\\/04\\\/wih9xrg-1.webp\",\"contentUrl\":\"https:\\\/\\\/deravio.com\\\/no\\\/wp-content\\\/uploads\\\/sites\\\/18\\\/2026\\\/04\\\/wih9xrg-1.webp\",\"width\":990,\"height\":990},{\"@type\":\"BreadcrumbList\",\"@id\":\"https:\\\/\\\/deravio.com\\\/no\\\/produkt\\\/handavtrykkssett-for-familier-og-par\\\/#breadcrumb\",\"itemListElement\":[{\"@type\":\"ListItem\",\"position\":1,\"name\":\"Home\",\"item\":\"https:\\\/\\\/deravio.com\\\/no\\\/\"},{\"@type\":\"ListItem\",\"position\":2,\"name\":\"Butikk\",\"item\":\"https:\\\/\\\/deravio.com\\\/no\\\/butikk\\\/\"},{\"@type\":\"ListItem\",\"position\":3,\"name\":\"H\u00e5ndavtrykkssett for familier og par\"}]},{\"@type\":\"WebSite\",\"@id\":\"https:\\\/\\\/deravio.com\\\/no\\\/#website\",\"url\":\"https:\\\/\\\/deravio.com\\\/no\\\/\",\"name\":\"Deravio NO\",\"description\":\"\",\"publisher\":{\"@id\":\"https:\\\/\\\/deravio.com\\\/no\\\/#organization\"},\"potentialAction\":[{\"@type\":\"SearchAction\",\"target\":{\"@type\":\"EntryPoint\",\"urlTemplate\":\"https:\\\/\\\/deravio.com\\\/no\\\/?s={search_term_string}\"},\"query-input\":{\"@type\":\"PropertyValueSpecification\",\"valueRequired\":true,\"valueName\":\"search_term_string\"}}],\"inLanguage\":\"nb-NO\"},{\"@type\":\"Organization\",\"@id\":\"https:\\\/\\\/deravio.com\\\/no\\\/#organization\",\"name\":\"Mekulo\",\"url\":\"https:\\\/\\\/deravio.com\\\/no\\\/\",\"logo\":{\"@type\":\"ImageObject\",\"inLanguage\":\"nb-NO\",\"@id\":\"https:\\\/\\\/deravio.com\\\/no\\\/#\\\/schema\\\/logo\\\/image\\\/\",\"url\":\"https:\\\/\\\/deravio.com\\\/no\\\/wp-content\\\/uploads\\\/sites\\\/18\\\/2025\\\/12\\\/favicon_mekulo.png\",\"contentUrl\":\"https:\\\/\\\/deravio.com\\\/no\\\/wp-content\\\/uploads\\\/sites\\\/18\\\/2025\\\/12\\\/favicon_mekulo.png\",\"width\":50,\"height\":50,\"caption\":\"Mekulo\"},\"image\":{\"@id\":\"https:\\\/\\\/deravio.com\\\/no\\\/#\\\/schema\\\/logo\\\/image\\\/\"}}]}<\/script>\n<!-- \/ Yoast SEO plugin. -->","yoast_head_json":{"title":"H\u00e5ndavtrykkssett for familier og par - Deravio NO","robots":{"index":"index","follow":"follow","max-snippet":"max-snippet:-1","max-image-preview":"max-image-preview:large","max-video-preview":"max-video-preview:-1"},"canonical":"https:\/\/deravio.com\/no\/produkt\/handavtrykkssett-for-familier-og-par\/","og_locale":"nb_NO","og_type":"article","og_title":"H\u00e5ndavtrykkssett for familier og par - Deravio NO","og_description":"\ud83c\udfa8Fasthold \u00f8yeblikket - for alltid. \ud83d\udc96Skap et tidl\u00f8st 3D-h\u00e5ndavtrykk som fanger kj\u00e6rlighet, tilknytning og minner du aldri vil glemme. \u267e\ufe0fNot bare et minne - noe du kan holde for alltid.","og_url":"https:\/\/deravio.com\/no\/produkt\/handavtrykkssett-for-familier-og-par\/","og_site_name":"Deravio NO","og_image":[{"width":990,"height":990,"url":"https:\/\/deravio.com\/no\/wp-content\/uploads\/sites\/18\/2026\/04\/wih9xrg-1.webp","type":"image\/webp"}],"twitter_card":"summary_large_image","twitter_misc":{"Ansl. lesetid":"2 minutter"},"schema":{"@context":"https:\/\/schema.org","@graph":[{"@type":"WebPage","@id":"https:\/\/deravio.com\/no\/produkt\/handavtrykkssett-for-familier-og-par\/","url":"https:\/\/deravio.com\/no\/produkt\/handavtrykkssett-for-familier-og-par\/","name":"H\u00e5ndavtrykkssett for familier og par - Deravio NO","isPartOf":{"@id":"https:\/\/deravio.com\/no\/#website"},"primaryImageOfPage":{"@id":"https:\/\/deravio.com\/no\/produkt\/handavtrykkssett-for-familier-og-par\/#primaryimage"},"image":{"@id":"https:\/\/deravio.com\/no\/produkt\/handavtrykkssett-for-familier-og-par\/#primaryimage"},"thumbnailUrl":"https:\/\/deravio.com\/no\/wp-content\/uploads\/sites\/18\/2026\/04\/wih9xrg-1.webp","datePublished":"2026-04-30T11:55:56+00:00","breadcrumb":{"@id":"https:\/\/deravio.com\/no\/produkt\/handavtrykkssett-for-familier-og-par\/#breadcrumb"},"inLanguage":"nb-NO","potentialAction":[{"@type":"ReadAction","target":["https:\/\/deravio.com\/no\/produkt\/handavtrykkssett-for-familier-og-par\/"]}]},{"@type":"ImageObject","inLanguage":"nb-NO","@id":"https:\/\/deravio.com\/no\/produkt\/handavtrykkssett-for-familier-og-par\/#primaryimage","url":"https:\/\/deravio.com\/no\/wp-content\/uploads\/sites\/18\/2026\/04\/wih9xrg-1.webp","contentUrl":"https:\/\/deravio.com\/no\/wp-content\/uploads\/sites\/18\/2026\/04\/wih9xrg-1.webp","width":990,"height":990},{"@type":"BreadcrumbList","@id":"https:\/\/deravio.com\/no\/produkt\/handavtrykkssett-for-familier-og-par\/#breadcrumb","itemListElement":[{"@type":"ListItem","position":1,"name":"Home","item":"https:\/\/deravio.com\/no\/"},{"@type":"ListItem","position":2,"name":"Butikk","item":"https:\/\/deravio.com\/no\/butikk\/"},{"@type":"ListItem","position":3,"name":"H\u00e5ndavtrykkssett for familier og par"}]},{"@type":"WebSite","@id":"https:\/\/deravio.com\/no\/#website","url":"https:\/\/deravio.com\/no\/","name":"Deravio NO","description":"","publisher":{"@id":"https:\/\/deravio.com\/no\/#organization"},"potentialAction":[{"@type":"SearchAction","target":{"@type":"EntryPoint","urlTemplate":"https:\/\/deravio.com\/no\/?s={search_term_string}"},"query-input":{"@type":"PropertyValueSpecification","valueRequired":true,"valueName":"search_term_string"}}],"inLanguage":"nb-NO"},{"@type":"Organization","@id":"https:\/\/deravio.com\/no\/#organization","name":"Mekulo","url":"https:\/\/deravio.com\/no\/","logo":{"@type":"ImageObject","inLanguage":"nb-NO","@id":"https:\/\/deravio.com\/no\/#\/schema\/logo\/image\/","url":"https:\/\/deravio.com\/no\/wp-content\/uploads\/sites\/18\/2025\/12\/favicon_mekulo.png","contentUrl":"https:\/\/deravio.com\/no\/wp-content\/uploads\/sites\/18\/2025\/12\/favicon_mekulo.png","width":50,"height":50,"caption":"Mekulo"},"image":{"@id":"https:\/\/deravio.com\/no\/#\/schema\/logo\/image\/"}}]}},"_links":{"self":[{"href":"https:\/\/deravio.com\/no\/wp-json\/wp\/v2\/product\/23719","targetHints":{"allow":["GET"]}}],"collection":[{"href":"https:\/\/deravio.com\/no\/wp-json\/wp\/v2\/product"}],"about":[{"href":"https:\/\/deravio.com\/no\/wp-json\/wp\/v2\/types\/product"}],"replies":[{"embeddable":true,"href":"https:\/\/deravio.com\/no\/wp-json\/wp\/v2\/comments?post=23719"}],"wp:featuredmedia":[{"embeddable":true,"href":"https:\/\/deravio.com\/no\/wp-json\/wp\/v2\/media\/23715"}],"wp:attachment":[{"href":"https:\/\/deravio.com\/no\/wp-json\/wp\/v2\/media?parent=23719"}],"wp:term":[{"taxonomy":"product_brand","embeddable":true,"href":"https:\/\/deravio.com\/no\/wp-json\/wp\/v2\/product_brand?post=23719"},{"taxonomy":"product_cat","embeddable":true,"href":"https:\/\/deravio.com\/no\/wp-json\/wp\/v2\/product_cat?post=23719"},{"taxonomy":"product_tag","embeddable":true,"href":"https:\/\/deravio.com\/no\/wp-json\/wp\/v2\/product_tag?post=23719"}],"curies":[{"name":"wp","href":"https:\/\/api.w.org\/{rel}","templated":true}]}}