{"id":23673,"date":"2026-04-29T17:57:18","date_gmt":"2026-04-29T14:57:18","guid":{"rendered":"https:\/\/deravio.com\/no\/produkt\/aligner-pro-gulvfikseringsverktoy\/"},"modified":"2026-04-29T18:00:50","modified_gmt":"2026-04-29T15:00:50","slug":"aligner-pro-gulvfikseringsverktoy","status":"publish","type":"product","link":"https:\/\/deravio.com\/no\/produkt\/aligner-pro-gulvfikseringsverktoy\/","title":{"rendered":"Verkt\u00f8y for gulvutjevning"},"content":{"rendered":"<h2 style=\"text-align: center;\" data-section-id=\"5d61m3\" data-start=\"225\" data-end=\"243\">\u2728 L\u00f8ftet<\/h2>\n<p style=\"text-align: center;\" data-start=\"244\" data-end=\"353\">Fikser hull, knirk og ujevne bord raskt &#8211; uten \u00e5 skade gulvene dine eller leie inn dyre fagfolk.<\/p>\n<p data-start=\"244\" data-end=\"353\"><img fetchpriority=\"high\" decoding=\"async\" class=\" wp-image-25581 aligncenter\" src=\"https:\/\/deravio.com\/template\/wp-content\/uploads\/sites\/6\/2026\/04\/gif1-301.webp\" alt=\"\" width=\"601\" height=\"532\" \/><\/p>\n<h2 style=\"text-align: center;\" data-section-id=\"9kttl0\" data-start=\"360\" data-end=\"395\">\ud83d\udd27 Hovedfordeler<\/h2>\n<p>\ud83c\udfaf Presisjonskorrigering av mellomrom &#8211; Justerer gulvbordene for et jevnt, s\u00f8ml\u00f8st utseende<\/p>\n<p>\ud83e\uddf2 Sterkt sugegrep &#8211; Holder godt p\u00e5 plass for kontrollerte, n\u00f8yaktige justeringer<\/p>\n<p>\ud83d\udcaa Bygget for tung bruk &#8211; Slitesterk metallkonstruksjon h\u00e5ndterer t\u00f8ffe reparasjoner med letthet<\/p>\n<p>\ud83d\udd07 Stille, gulvsikker drift &#8211; Filtpolstring reduserer st\u00f8y og beskytter overflater<\/p>\n<p>\ud83c\udfe0 Fungerer p\u00e5 flere gulvtyper &#8211; Ideell for laminat, tre, fliser og mer<\/p>\n<h2 style=\"text-align: center;\" data-section-id=\"tco5u\" data-start=\"871\" data-end=\"905\">\u274c Problem \u2192 L\u00f8sning \u2705<\/h2>\n<p data-start=\"907\" data-end=\"1006\">\u274c Over tid forskyver gulvene seg, det oppst\u00e5r hull og bordene l\u00f8sner &#8211; noe som gj\u00f8r at rommet ditt ser slitt og ujevnt ut.<\/p>\n<p data-start=\"1008\" data-end=\"1150\">\u2705 Med et sikkert grep og presis kontroll trekker den bordene tilbake p\u00e5 plass uten riper eller kompliserte verkt\u00f8y.<br data-start=\"1036\" data-end=\"1039\" \/>Med et sikkert grep og presis kontroll trekker den bordene tilbake p\u00e5 plass uten riper eller kompliserte verkt\u00f8y.<br \/>\n<img decoding=\"async\" class=\"size-full wp-image-25583 aligncenter\" src=\"https:\/\/deravio.com\/template\/wp-content\/uploads\/sites\/6\/2026\/04\/4-2.jpeg\" alt=\"\" width=\"1601\" height=\"1601\" \/><\/p>\n<h2 style=\"text-align: center;\" data-section-id=\"xvjg8m\" data-start=\"1157\" data-end=\"1188\">\ud83c\udfe1 Bruksomr\u00e5de\/livsstil<\/h2>\n<p data-start=\"1190\" data-end=\"1202\">Perfekt for:<\/p>\n<ul data-start=\"1203\" data-end=\"1402\">\n<li data-section-id=\"1y8bdjp\" data-start=\"1203\" data-end=\"1233\">Feste hull i laminatgulv<\/li>\n<li data-section-id=\"z4jpf2\" data-start=\"1234\" data-end=\"1266\">Retting av l\u00f8se gulvplanker<\/li>\n<li data-section-id=\"1gu2bhh\" data-start=\"1267\" data-end=\"1306\">Renoverings- og vedlikeholdsprosjekter<\/li>\n<li data-section-id=\"1bbii4o\" data-start=\"1307\" data-end=\"1360\">Omr\u00e5der med mye trafikk, som stuer og korridorer<\/li>\n<li data-section-id=\"tb2i4k\" data-start=\"1361\" data-end=\"1402\">DIY-reparasjoner uten profesjonell hjelp<\/li>\n<\/ul>\n<p data-start=\"1404\" data-end=\"1453\">Det er verkt\u00f8yet som sparer tid, penger og innsats.<\/p>\n<h2 style=\"text-align: center;\" data-section-id=\"mdnuzw\" data-start=\"1460\" data-end=\"1480\">\u2699\ufe0f Slik fungerer det<\/h2>\n<ol data-start=\"1482\" data-end=\"1624\">\n<li data-section-id=\"76f3wd\" data-start=\"1482\" data-end=\"1526\">Plasser sugekoppen p\u00e5 gulvbordet.<\/li>\n<li data-section-id=\"dl4zl3\" data-start=\"1527\" data-end=\"1556\">Trykk for \u00e5 feste grepet.<\/li>\n<li data-section-id=\"vdr2ag\" data-start=\"1557\" data-end=\"1590\">Trykk forsiktig for \u00e5 justere bordene.<\/li>\n<li data-section-id=\"elw9eb\" data-start=\"1591\" data-end=\"1624\">Slipp og gjenta etter behov.<\/li>\n<\/ol>\n<p><img decoding=\"async\" class=\"size-full wp-image-25585 aligncenter\" src=\"https:\/\/deravio.com\/template\/wp-content\/uploads\/sites\/6\/2026\/04\/6-1.jpeg\" alt=\"\" width=\"1601\" height=\"1601\" \/><\/p>\n<h2 style=\"text-align: center;\" data-section-id=\"6d2foc\" data-start=\"1676\" data-end=\"1699\">\ud83d\udd0d Produktdetaljer<\/h2>\n<ul data-start=\"1701\" data-end=\"1922\">\n<li data-section-id=\"h1hs1f\" data-start=\"1731\" data-end=\"1763\">Materiale: Jern + gummi + PP<\/li>\n<li data-section-id=\"149qo24\" data-start=\"1764\" data-end=\"1792\">St\u00f8rrelse: 11,8 x 11,8 x 5 cm<\/li>\n<li data-section-id=\"xkp6du\" data-start=\"1793\" data-end=\"1826\">Sugekoppens diameter: 11,8 cm<\/li>\n<li data-section-id=\"17wx2hy\" data-start=\"1827\" data-end=\"1876\">Design: Vakuumgrep + slagjusteringssystem<\/li>\n<li data-section-id=\"1qruo8c\" data-start=\"1877\" data-end=\"1922\">Bruk: Reparasjon av gulvgap og justering av brett<\/li>\n<\/ul>\n<h2 style=\"text-align: center;\" data-section-id=\"11se135\" data-start=\"1929\" data-end=\"1949\">\ud83d\udce6 Pakken inneholder<\/h2>\n<ul data-start=\"1951\" data-end=\"1989\">\n<li data-section-id=\"q4288z\" data-start=\"1951\" data-end=\"1989\">1x aligner pro gulvfikseringsverkt\u00f8y.<\/li>\n<\/ul>\n","protected":false},"excerpt":{"rendered":"<p>\ud83d\udc68\u200d\ud83d\udd27Perfect gulv &#8211; uten problemer.<br \/>\n\ud83c\udfe0Et gulvfikseringsverkt\u00f8y som gjenoppretter hull, strammer bordene og gir gulvet en ren, s\u00f8ml\u00f8s finish.<br \/>\n\ud83d\udecb\ufe0fRestore gulvene dine. Gjenopprett utseendet p\u00e5 rommet ditt.<\/p>\n","protected":false},"featured_media":23669,"comment_status":"open","ping_status":"closed","template":"","meta":{"site-sidebar-layout":"default","site-content-layout":"","ast-site-content-layout":"default","site-content-style":"default","site-sidebar-style":"default","ast-global-header-display":"","ast-banner-title-visibility":"","ast-main-header-display":"","ast-hfb-above-header-display":"","ast-hfb-below-header-display":"","ast-hfb-mobile-header-display":"","site-post-title":"","ast-breadcrumbs-content":"","ast-featured-img":"","footer-sml-layout":"","ast-disable-related-posts":"","theme-transparent-header-meta":"default","adv-header-id-meta":"","stick-header-meta":"","header-above-stick-meta":"","header-main-stick-meta":"","header-below-stick-meta":"","astra-migrate-meta-layouts":"set","ast-page-background-enabled":"default","ast-page-background-meta":{"desktop":{"background-color":"var(--ast-global-color-5)","background-image":"","background-repeat":"repeat","background-position":"center center","background-size":"auto","background-attachment":"scroll","background-type":"","background-media":"","overlay-type":"","overlay-color":"","overlay-opacity":"","overlay-gradient":""},"tablet":{"background-color":"","background-image":"","background-repeat":"repeat","background-position":"center center","background-size":"auto","background-attachment":"scroll","background-type":"","background-media":"","overlay-type":"","overlay-color":"","overlay-opacity":"","overlay-gradient":""},"mobile":{"background-color":"","background-image":"","background-repeat":"repeat","background-position":"center center","background-size":"auto","background-attachment":"scroll","background-type":"","background-media":"","overlay-type":"","overlay-color":"","overlay-opacity":"","overlay-gradient":""}},"ast-content-background-meta":{"desktop":{"background-color":"var(--ast-global-color-4)","background-image":"","background-repeat":"repeat","background-position":"center center","background-size":"auto","background-attachment":"scroll","background-type":"","background-media":"","overlay-type":"","overlay-color":"","overlay-opacity":"","overlay-gradient":""},"tablet":{"background-color":"var(--ast-global-color-4)","background-image":"","background-repeat":"repeat","background-position":"center center","background-size":"auto","background-attachment":"scroll","background-type":"","background-media":"","overlay-type":"","overlay-color":"","overlay-opacity":"","overlay-gradient":""},"mobile":{"background-color":"var(--ast-global-color-4)","background-image":"","background-repeat":"repeat","background-position":"center center","background-size":"auto","background-attachment":"scroll","background-type":"","background-media":"","overlay-type":"","overlay-color":"","overlay-opacity":"","overlay-gradient":""}}},"product_brand":[],"product_cat":[171],"product_tag":[],"class_list":{"0":"post-23673","1":"product","2":"type-product","3":"status-publish","4":"has-post-thumbnail","6":"product_cat-verktoy","7":"pa_68775_udapfav6-gul","8":"pa_68775_udapfav6-rod","9":"pa_68775_udapfav6-solv","10":"desktop-align-left","11":"tablet-align-left","12":"mobile-align-left","14":"first","15":"instock","16":"shipping-taxable","17":"purchasable","18":"product-type-variable"},"yoast_head":"<!-- This site is optimized with the Yoast SEO plugin v27.4 - https:\/\/yoast.com\/product\/yoast-seo-wordpress\/ -->\n<title>Verkt\u00f8y for gulvutjevning - Deravio NO<\/title>\n<meta name=\"robots\" content=\"index, follow, max-snippet:-1, max-image-preview:large, max-video-preview:-1\" \/>\n<link rel=\"canonical\" href=\"https:\/\/deravio.com\/no\/produkt\/aligner-pro-gulvfikseringsverktoy\/\" \/>\n<meta property=\"og:locale\" content=\"nb_NO\" \/>\n<meta property=\"og:type\" content=\"article\" \/>\n<meta property=\"og:title\" content=\"Verkt\u00f8y for gulvutjevning - Deravio NO\" \/>\n<meta property=\"og:description\" content=\"\ud83d\udc68\u200d\ud83d\udd27Perfect gulv - uten problemer. \ud83c\udfe0Et gulvfikseringsverkt\u00f8y som gjenoppretter hull, strammer bordene og gir gulvet en ren, s\u00f8ml\u00f8s finish. \ud83d\udecb\ufe0fRestore gulvene dine. Gjenopprett utseendet p\u00e5 rommet ditt.\" \/>\n<meta property=\"og:url\" content=\"https:\/\/deravio.com\/no\/produkt\/aligner-pro-gulvfikseringsverktoy\/\" \/>\n<meta property=\"og:site_name\" content=\"Deravio NO\" \/>\n<meta property=\"article:modified_time\" content=\"2026-04-29T15:00:50+00:00\" \/>\n<meta property=\"og:image\" content=\"https:\/\/deravio.com\/no\/wp-content\/uploads\/sites\/18\/2026\/04\/ztbvfw8-1.jpg\" \/>\n\t<meta property=\"og:image:width\" content=\"1080\" \/>\n\t<meta property=\"og:image:height\" content=\"1080\" \/>\n\t<meta property=\"og:image:type\" content=\"image\/jpeg\" \/>\n<meta name=\"twitter:card\" content=\"summary_large_image\" \/>\n<meta name=\"twitter:label1\" content=\"Ansl. lesetid\" \/>\n\t<meta name=\"twitter:data1\" content=\"3 minutter\" \/>\n<script type=\"application\/ld+json\" class=\"yoast-schema-graph\">{\"@context\":\"https:\\\/\\\/schema.org\",\"@graph\":[{\"@type\":\"WebPage\",\"@id\":\"https:\\\/\\\/deravio.com\\\/no\\\/produkt\\\/aligner-pro-gulvfikseringsverktoy\\\/\",\"url\":\"https:\\\/\\\/deravio.com\\\/no\\\/produkt\\\/aligner-pro-gulvfikseringsverktoy\\\/\",\"name\":\"Verkt\u00f8y for gulvutjevning - Deravio NO\",\"isPartOf\":{\"@id\":\"https:\\\/\\\/deravio.com\\\/no\\\/#website\"},\"primaryImageOfPage\":{\"@id\":\"https:\\\/\\\/deravio.com\\\/no\\\/produkt\\\/aligner-pro-gulvfikseringsverktoy\\\/#primaryimage\"},\"image\":{\"@id\":\"https:\\\/\\\/deravio.com\\\/no\\\/produkt\\\/aligner-pro-gulvfikseringsverktoy\\\/#primaryimage\"},\"thumbnailUrl\":\"https:\\\/\\\/deravio.com\\\/no\\\/wp-content\\\/uploads\\\/sites\\\/18\\\/2026\\\/04\\\/ztbvfw8-1.jpg\",\"datePublished\":\"2026-04-29T14:57:18+00:00\",\"dateModified\":\"2026-04-29T15:00:50+00:00\",\"breadcrumb\":{\"@id\":\"https:\\\/\\\/deravio.com\\\/no\\\/produkt\\\/aligner-pro-gulvfikseringsverktoy\\\/#breadcrumb\"},\"inLanguage\":\"nb-NO\",\"potentialAction\":[{\"@type\":\"ReadAction\",\"target\":[\"https:\\\/\\\/deravio.com\\\/no\\\/produkt\\\/aligner-pro-gulvfikseringsverktoy\\\/\"]}]},{\"@type\":\"ImageObject\",\"inLanguage\":\"nb-NO\",\"@id\":\"https:\\\/\\\/deravio.com\\\/no\\\/produkt\\\/aligner-pro-gulvfikseringsverktoy\\\/#primaryimage\",\"url\":\"https:\\\/\\\/deravio.com\\\/no\\\/wp-content\\\/uploads\\\/sites\\\/18\\\/2026\\\/04\\\/ztbvfw8-1.jpg\",\"contentUrl\":\"https:\\\/\\\/deravio.com\\\/no\\\/wp-content\\\/uploads\\\/sites\\\/18\\\/2026\\\/04\\\/ztbvfw8-1.jpg\",\"width\":1080,\"height\":1080},{\"@type\":\"BreadcrumbList\",\"@id\":\"https:\\\/\\\/deravio.com\\\/no\\\/produkt\\\/aligner-pro-gulvfikseringsverktoy\\\/#breadcrumb\",\"itemListElement\":[{\"@type\":\"ListItem\",\"position\":1,\"name\":\"Home\",\"item\":\"https:\\\/\\\/deravio.com\\\/no\\\/\"},{\"@type\":\"ListItem\",\"position\":2,\"name\":\"Butikk\",\"item\":\"https:\\\/\\\/deravio.com\\\/no\\\/butikk\\\/\"},{\"@type\":\"ListItem\",\"position\":3,\"name\":\"Verkt\u00f8y for gulvutjevning\"}]},{\"@type\":\"WebSite\",\"@id\":\"https:\\\/\\\/deravio.com\\\/no\\\/#website\",\"url\":\"https:\\\/\\\/deravio.com\\\/no\\\/\",\"name\":\"Deravio NO\",\"description\":\"\",\"publisher\":{\"@id\":\"https:\\\/\\\/deravio.com\\\/no\\\/#organization\"},\"potentialAction\":[{\"@type\":\"SearchAction\",\"target\":{\"@type\":\"EntryPoint\",\"urlTemplate\":\"https:\\\/\\\/deravio.com\\\/no\\\/?s={search_term_string}\"},\"query-input\":{\"@type\":\"PropertyValueSpecification\",\"valueRequired\":true,\"valueName\":\"search_term_string\"}}],\"inLanguage\":\"nb-NO\"},{\"@type\":\"Organization\",\"@id\":\"https:\\\/\\\/deravio.com\\\/no\\\/#organization\",\"name\":\"Mekulo\",\"url\":\"https:\\\/\\\/deravio.com\\\/no\\\/\",\"logo\":{\"@type\":\"ImageObject\",\"inLanguage\":\"nb-NO\",\"@id\":\"https:\\\/\\\/deravio.com\\\/no\\\/#\\\/schema\\\/logo\\\/image\\\/\",\"url\":\"https:\\\/\\\/deravio.com\\\/no\\\/wp-content\\\/uploads\\\/sites\\\/18\\\/2025\\\/12\\\/favicon_mekulo.png\",\"contentUrl\":\"https:\\\/\\\/deravio.com\\\/no\\\/wp-content\\\/uploads\\\/sites\\\/18\\\/2025\\\/12\\\/favicon_mekulo.png\",\"width\":50,\"height\":50,\"caption\":\"Mekulo\"},\"image\":{\"@id\":\"https:\\\/\\\/deravio.com\\\/no\\\/#\\\/schema\\\/logo\\\/image\\\/\"}}]}<\/script>\n<!-- \/ Yoast SEO plugin. -->","yoast_head_json":{"title":"Verkt\u00f8y for gulvutjevning - Deravio NO","robots":{"index":"index","follow":"follow","max-snippet":"max-snippet:-1","max-image-preview":"max-image-preview:large","max-video-preview":"max-video-preview:-1"},"canonical":"https:\/\/deravio.com\/no\/produkt\/aligner-pro-gulvfikseringsverktoy\/","og_locale":"nb_NO","og_type":"article","og_title":"Verkt\u00f8y for gulvutjevning - Deravio NO","og_description":"\ud83d\udc68\u200d\ud83d\udd27Perfect gulv - uten problemer. \ud83c\udfe0Et gulvfikseringsverkt\u00f8y som gjenoppretter hull, strammer bordene og gir gulvet en ren, s\u00f8ml\u00f8s finish. \ud83d\udecb\ufe0fRestore gulvene dine. Gjenopprett utseendet p\u00e5 rommet ditt.","og_url":"https:\/\/deravio.com\/no\/produkt\/aligner-pro-gulvfikseringsverktoy\/","og_site_name":"Deravio NO","article_modified_time":"2026-04-29T15:00:50+00:00","og_image":[{"width":1080,"height":1080,"url":"https:\/\/deravio.com\/no\/wp-content\/uploads\/sites\/18\/2026\/04\/ztbvfw8-1.jpg","type":"image\/jpeg"}],"twitter_card":"summary_large_image","twitter_misc":{"Ansl. lesetid":"3 minutter"},"schema":{"@context":"https:\/\/schema.org","@graph":[{"@type":"WebPage","@id":"https:\/\/deravio.com\/no\/produkt\/aligner-pro-gulvfikseringsverktoy\/","url":"https:\/\/deravio.com\/no\/produkt\/aligner-pro-gulvfikseringsverktoy\/","name":"Verkt\u00f8y for gulvutjevning - Deravio NO","isPartOf":{"@id":"https:\/\/deravio.com\/no\/#website"},"primaryImageOfPage":{"@id":"https:\/\/deravio.com\/no\/produkt\/aligner-pro-gulvfikseringsverktoy\/#primaryimage"},"image":{"@id":"https:\/\/deravio.com\/no\/produkt\/aligner-pro-gulvfikseringsverktoy\/#primaryimage"},"thumbnailUrl":"https:\/\/deravio.com\/no\/wp-content\/uploads\/sites\/18\/2026\/04\/ztbvfw8-1.jpg","datePublished":"2026-04-29T14:57:18+00:00","dateModified":"2026-04-29T15:00:50+00:00","breadcrumb":{"@id":"https:\/\/deravio.com\/no\/produkt\/aligner-pro-gulvfikseringsverktoy\/#breadcrumb"},"inLanguage":"nb-NO","potentialAction":[{"@type":"ReadAction","target":["https:\/\/deravio.com\/no\/produkt\/aligner-pro-gulvfikseringsverktoy\/"]}]},{"@type":"ImageObject","inLanguage":"nb-NO","@id":"https:\/\/deravio.com\/no\/produkt\/aligner-pro-gulvfikseringsverktoy\/#primaryimage","url":"https:\/\/deravio.com\/no\/wp-content\/uploads\/sites\/18\/2026\/04\/ztbvfw8-1.jpg","contentUrl":"https:\/\/deravio.com\/no\/wp-content\/uploads\/sites\/18\/2026\/04\/ztbvfw8-1.jpg","width":1080,"height":1080},{"@type":"BreadcrumbList","@id":"https:\/\/deravio.com\/no\/produkt\/aligner-pro-gulvfikseringsverktoy\/#breadcrumb","itemListElement":[{"@type":"ListItem","position":1,"name":"Home","item":"https:\/\/deravio.com\/no\/"},{"@type":"ListItem","position":2,"name":"Butikk","item":"https:\/\/deravio.com\/no\/butikk\/"},{"@type":"ListItem","position":3,"name":"Verkt\u00f8y for gulvutjevning"}]},{"@type":"WebSite","@id":"https:\/\/deravio.com\/no\/#website","url":"https:\/\/deravio.com\/no\/","name":"Deravio NO","description":"","publisher":{"@id":"https:\/\/deravio.com\/no\/#organization"},"potentialAction":[{"@type":"SearchAction","target":{"@type":"EntryPoint","urlTemplate":"https:\/\/deravio.com\/no\/?s={search_term_string}"},"query-input":{"@type":"PropertyValueSpecification","valueRequired":true,"valueName":"search_term_string"}}],"inLanguage":"nb-NO"},{"@type":"Organization","@id":"https:\/\/deravio.com\/no\/#organization","name":"Mekulo","url":"https:\/\/deravio.com\/no\/","logo":{"@type":"ImageObject","inLanguage":"nb-NO","@id":"https:\/\/deravio.com\/no\/#\/schema\/logo\/image\/","url":"https:\/\/deravio.com\/no\/wp-content\/uploads\/sites\/18\/2025\/12\/favicon_mekulo.png","contentUrl":"https:\/\/deravio.com\/no\/wp-content\/uploads\/sites\/18\/2025\/12\/favicon_mekulo.png","width":50,"height":50,"caption":"Mekulo"},"image":{"@id":"https:\/\/deravio.com\/no\/#\/schema\/logo\/image\/"}}]}},"_links":{"self":[{"href":"https:\/\/deravio.com\/no\/wp-json\/wp\/v2\/product\/23673","targetHints":{"allow":["GET"]}}],"collection":[{"href":"https:\/\/deravio.com\/no\/wp-json\/wp\/v2\/product"}],"about":[{"href":"https:\/\/deravio.com\/no\/wp-json\/wp\/v2\/types\/product"}],"replies":[{"embeddable":true,"href":"https:\/\/deravio.com\/no\/wp-json\/wp\/v2\/comments?post=23673"}],"wp:featuredmedia":[{"embeddable":true,"href":"https:\/\/deravio.com\/no\/wp-json\/wp\/v2\/media\/23669"}],"wp:attachment":[{"href":"https:\/\/deravio.com\/no\/wp-json\/wp\/v2\/media?parent=23673"}],"wp:term":[{"taxonomy":"product_brand","embeddable":true,"href":"https:\/\/deravio.com\/no\/wp-json\/wp\/v2\/product_brand?post=23673"},{"taxonomy":"product_cat","embeddable":true,"href":"https:\/\/deravio.com\/no\/wp-json\/wp\/v2\/product_cat?post=23673"},{"taxonomy":"product_tag","embeddable":true,"href":"https:\/\/deravio.com\/no\/wp-json\/wp\/v2\/product_tag?post=23673"}],"curies":[{"name":"wp","href":"https:\/\/api.w.org\/{rel}","templated":true}]}}