{"id":23640,"date":"2026-04-29T17:46:14","date_gmt":"2026-04-29T14:46:14","guid":{"rendered":"https:\/\/deravio.com\/no\/produkt\/tulipan-led-lys\/"},"modified":"2026-04-29T17:49:08","modified_gmt":"2026-04-29T14:49:08","slug":"tulipan-led-lys","status":"publish","type":"product","link":"https:\/\/deravio.com\/no\/produkt\/tulipan-led-lys\/","title":{"rendered":"Tulipan LED-lys"},"content":{"rendered":"<h2 style=\"text-align: center;\" data-section-id=\"5d61m3\" data-start=\"184\" data-end=\"202\">\u2728 L\u00f8ftet<\/h2>\n<p style=\"text-align: center;\" data-start=\"203\" data-end=\"272\">En dekorasjon som ikke bare ser vakker ut &#8211; den skaper en f\u00f8lelse.<\/p>\n<p data-start=\"203\" data-end=\"272\"><img fetchpriority=\"high\" decoding=\"async\" class=\" wp-image-25553 aligncenter\" src=\"https:\/\/deravio.com\/template\/wp-content\/uploads\/sites\/6\/2026\/04\/12212-ezgif.com-video-to-webp-converter-1.webp\" alt=\"\" width=\"600\" height=\"600\" \/><\/p>\n<h2 style=\"text-align: center;\" data-section-id=\"1ezosd1\" data-start=\"279\" data-end=\"323\">\ud83c\udf37 Hovedfordeler<\/h2>\n<p>\ud83d\udca1 Myk gl\u00f8d &#8211; Skaper en varm, avslappende atmosf\u00e6re uten skarp belysning<\/p>\n<p>\ud83c\udf38 Livaktig blomsterdesign &#8211; Vakre tulipaner som holder seg friske og levende hele \u00e5ret<\/p>\n<p>\u2728 Elegant dag-til-kveld-dekorasjon &#8211; Fantastisk midtpunkt om dagen, koselig belysning om natten<\/p>\n<p>\ud83c\udf81 Meningsfylt, minneverdig gave &#8211; En omtenksom gave som f\u00f8les personlig og spesiell<\/p>\n<p>\ud83c\udfa8 Tilpassbart arrangement &#8211; Fleksible stilker gj\u00f8r at du kan forme buketten p\u00e5 din m\u00e5te<\/p>\n<h2 style=\"text-align: center;\" data-section-id=\"tco5u\" data-start=\"795\" data-end=\"829\">\u274c Problem \u2192 L\u00f8sning \u2705<\/h2>\n<p data-start=\"831\" data-end=\"913\">\u274c Friske blomster falmer raskt, og vanlig belysning f\u00f8les ofte kald eller for sterk.<\/p>\n<p data-start=\"915\" data-end=\"1060\">\u2705 Denne LED-lampen i form av en tulipan gir b\u00e5de skj\u00f8nnhet og varme.<br \/>\nDu f\u00e5r en langvarig blomsterdekorasjon kombinert med mykt, stemningsskapende lys \u2013 uten behov for vedlikehold.<\/p>\n<p data-start=\"915\" data-end=\"1060\"><img decoding=\"async\" class=\"size-full wp-image-25554 aligncenter\" src=\"https:\/\/deravio.com\/template\/wp-content\/uploads\/sites\/6\/2026\/04\/61R80DxNL._AC_SL1500_-1.jpg\" alt=\"\" width=\"992\" height=\"779\" \/><\/p>\n<h2 style=\"text-align: center;\" data-section-id=\"mdnuzw\" data-start=\"1347\" data-end=\"1367\">\u2699\ufe0f Slik fungerer det<\/h2>\n<ol data-start=\"1369\" data-end=\"1533\">\n<li data-section-id=\"1djicfj\" data-start=\"1369\" data-end=\"1411\">Sett i 2 x AA-batterier (medf\u00f8lger ikke).<\/li>\n<li data-section-id=\"r5xhn3\" data-start=\"1412\" data-end=\"1450\">Plasser tulipanene etter eget \u00f8nske.<\/li>\n<li data-section-id=\"kya0qe\" data-start=\"1451\" data-end=\"1490\">Plasser dem i en vase eller p\u00e5 en utstillingsflate.<\/li>\n<li data-section-id=\"1sgwlwh\" data-start=\"1491\" data-end=\"1533\">Sl\u00e5 p\u00e5 lyset og nyt gl\u00f8den.<\/li>\n<\/ol>\n<p><img decoding=\"async\" class=\"size-full wp-image-25548 aligncenter\" src=\"https:\/\/deravio.com\/template\/wp-content\/uploads\/sites\/6\/2026\/04\/Sede988a7615d4e0aa660583f29dc835cq.jpg_960x960q75.jpg_.avif\" alt=\"\" width=\"800\" height=\"800\" \/><\/p>\n<h2 style=\"text-align: center;\" data-section-id=\"6d2foc\" data-start=\"1575\" data-end=\"1598\">\ud83d\udd0d Produktdetaljer<\/h2>\n<ul data-start=\"1600\" data-end=\"1874\">\n<li data-section-id=\"az99xk\" data-start=\"1671\" data-end=\"1721\">Materiale: Stoff av h\u00f8y kvalitet + fleksible stilker<\/li>\n<li data-section-id=\"1gyrkkp\" data-start=\"1722\" data-end=\"1747\">Lengde: 34 cm<\/li>\n<li data-section-id=\"1wp95xs\" data-start=\"1748\" data-end=\"1784\">Belysning: Varm LED-lysk\u00e6de<\/li>\n<li data-section-id=\"khfkvj\" data-start=\"1785\" data-end=\"1826\">Str\u00f8m: 2x AA-batterier (medf\u00f8lger ikke)<\/li>\n<li data-section-id=\"10t1tf3\" data-start=\"1827\" data-end=\"1874\">Bruk: Innend\u00f8rs dekorasjon og stemningsbelysning<\/li>\n<\/ul>\n<h2 style=\"text-align: center;\" data-section-id=\"11se135\" data-start=\"1881\" data-end=\"1901\">\ud83d\udce6 Pakken inkluderer<\/h2>\n<ul data-start=\"1903\" data-end=\"1963\">\n<li data-section-id=\"14u46he\" data-start=\"1903\" data-end=\"1963\">15, 30, 45x tulipan LED-lys.<\/li>\n<\/ul>\n","protected":false},"excerpt":{"rendered":"<p>\ud83d\udc90En bukett som lyser &#8211; dag og natt.<br \/>\n\ud83c\udf37Elegant tulipan LED-lys som gir varme, skj\u00f8nnhet og en myk, beroligende gl\u00f8d til ethvert rom.<br \/>\n\u2728Mykt lys. Tidl\u00f8s skj\u00f8nnhet. Et rom som f\u00f8les levende.<\/p>\n","protected":false},"featured_media":23636,"comment_status":"open","ping_status":"closed","template":"","meta":{"site-sidebar-layout":"default","site-content-layout":"","ast-site-content-layout":"default","site-content-style":"default","site-sidebar-style":"default","ast-global-header-display":"","ast-banner-title-visibility":"","ast-main-header-display":"","ast-hfb-above-header-display":"","ast-hfb-below-header-display":"","ast-hfb-mobile-header-display":"","site-post-title":"","ast-breadcrumbs-content":"","ast-featured-img":"","footer-sml-layout":"","ast-disable-related-posts":"","theme-transparent-header-meta":"default","adv-header-id-meta":"","stick-header-meta":"","header-above-stick-meta":"","header-main-stick-meta":"","header-below-stick-meta":"","astra-migrate-meta-layouts":"set","ast-page-background-enabled":"default","ast-page-background-meta":{"desktop":{"background-color":"var(--ast-global-color-5)","background-image":"","background-repeat":"repeat","background-position":"center center","background-size":"auto","background-attachment":"scroll","background-type":"","background-media":"","overlay-type":"","overlay-color":"","overlay-opacity":"","overlay-gradient":""},"tablet":{"background-color":"","background-image":"","background-repeat":"repeat","background-position":"center center","background-size":"auto","background-attachment":"scroll","background-type":"","background-media":"","overlay-type":"","overlay-color":"","overlay-opacity":"","overlay-gradient":""},"mobile":{"background-color":"","background-image":"","background-repeat":"repeat","background-position":"center center","background-size":"auto","background-attachment":"scroll","background-type":"","background-media":"","overlay-type":"","overlay-color":"","overlay-opacity":"","overlay-gradient":""}},"ast-content-background-meta":{"desktop":{"background-color":"var(--ast-global-color-4)","background-image":"","background-repeat":"repeat","background-position":"center center","background-size":"auto","background-attachment":"scroll","background-type":"","background-media":"","overlay-type":"","overlay-color":"","overlay-opacity":"","overlay-gradient":""},"tablet":{"background-color":"var(--ast-global-color-4)","background-image":"","background-repeat":"repeat","background-position":"center center","background-size":"auto","background-attachment":"scroll","background-type":"","background-media":"","overlay-type":"","overlay-color":"","overlay-opacity":"","overlay-gradient":""},"mobile":{"background-color":"var(--ast-global-color-4)","background-image":"","background-repeat":"repeat","background-position":"center center","background-size":"auto","background-attachment":"scroll","background-type":"","background-media":"","overlay-type":"","overlay-color":"","overlay-opacity":"","overlay-gradient":""}}},"product_brand":[],"product_cat":[15],"product_tag":[],"class_list":{"0":"post-23640","1":"product","2":"type-product","3":"status-publish","4":"has-post-thumbnail","6":"product_cat-ukategorisert","7":"pa_68774_1lj02rxl-15-stk","8":"pa_68774_1lj02rxl-30-stk","9":"pa_68774_1lj02rxl-45-stk","10":"pa_68774_94at13tv-bland","11":"pa_68774_94at13tv-gul","12":"pa_68774_94at13tv-hvit","13":"pa_68774_94at13tv-rosa","14":"desktop-align-left","15":"tablet-align-left","16":"mobile-align-left","18":"first","19":"instock","20":"shipping-taxable","21":"purchasable","22":"product-type-variable","23":"has-default-attributes"},"yoast_head":"<!-- This site is optimized with the Yoast SEO plugin v27.4 - https:\/\/yoast.com\/product\/yoast-seo-wordpress\/ -->\n<title>Tulipan LED-lys - Deravio NO<\/title>\n<meta name=\"robots\" content=\"index, follow, max-snippet:-1, max-image-preview:large, max-video-preview:-1\" \/>\n<link rel=\"canonical\" href=\"https:\/\/deravio.com\/no\/produkt\/tulipan-led-lys\/\" \/>\n<meta property=\"og:locale\" content=\"nb_NO\" \/>\n<meta property=\"og:type\" content=\"article\" \/>\n<meta property=\"og:title\" content=\"Tulipan LED-lys - Deravio NO\" \/>\n<meta property=\"og:description\" content=\"\ud83d\udc90En bukett som lyser - dag og natt. \ud83c\udf37Elegant tulipan LED-lys som gir varme, skj\u00f8nnhet og en myk, beroligende gl\u00f8d til ethvert rom. \u2728Mykt lys. Tidl\u00f8s skj\u00f8nnhet. Et rom som f\u00f8les levende.\" \/>\n<meta property=\"og:url\" content=\"https:\/\/deravio.com\/no\/produkt\/tulipan-led-lys\/\" \/>\n<meta property=\"og:site_name\" content=\"Deravio NO\" \/>\n<meta property=\"article:modified_time\" content=\"2026-04-29T14:49:08+00:00\" \/>\n<meta property=\"og:image\" content=\"https:\/\/deravio.com\/no\/wp-content\/uploads\/sites\/18\/2026\/04\/fc64k5f-1.webp\" \/>\n\t<meta property=\"og:image:width\" content=\"1500\" \/>\n\t<meta property=\"og:image:height\" content=\"1500\" \/>\n\t<meta property=\"og:image:type\" content=\"image\/webp\" \/>\n<meta name=\"twitter:card\" content=\"summary_large_image\" \/>\n<meta name=\"twitter:label1\" content=\"Ansl. lesetid\" \/>\n\t<meta name=\"twitter:data1\" content=\"2 minutter\" \/>\n<script type=\"application\/ld+json\" class=\"yoast-schema-graph\">{\"@context\":\"https:\\\/\\\/schema.org\",\"@graph\":[{\"@type\":\"WebPage\",\"@id\":\"https:\\\/\\\/deravio.com\\\/no\\\/produkt\\\/tulipan-led-lys\\\/\",\"url\":\"https:\\\/\\\/deravio.com\\\/no\\\/produkt\\\/tulipan-led-lys\\\/\",\"name\":\"Tulipan LED-lys - Deravio NO\",\"isPartOf\":{\"@id\":\"https:\\\/\\\/deravio.com\\\/no\\\/#website\"},\"primaryImageOfPage\":{\"@id\":\"https:\\\/\\\/deravio.com\\\/no\\\/produkt\\\/tulipan-led-lys\\\/#primaryimage\"},\"image\":{\"@id\":\"https:\\\/\\\/deravio.com\\\/no\\\/produkt\\\/tulipan-led-lys\\\/#primaryimage\"},\"thumbnailUrl\":\"https:\\\/\\\/deravio.com\\\/no\\\/wp-content\\\/uploads\\\/sites\\\/18\\\/2026\\\/04\\\/fc64k5f-1.webp\",\"datePublished\":\"2026-04-29T14:46:14+00:00\",\"dateModified\":\"2026-04-29T14:49:08+00:00\",\"breadcrumb\":{\"@id\":\"https:\\\/\\\/deravio.com\\\/no\\\/produkt\\\/tulipan-led-lys\\\/#breadcrumb\"},\"inLanguage\":\"nb-NO\",\"potentialAction\":[{\"@type\":\"ReadAction\",\"target\":[\"https:\\\/\\\/deravio.com\\\/no\\\/produkt\\\/tulipan-led-lys\\\/\"]}]},{\"@type\":\"ImageObject\",\"inLanguage\":\"nb-NO\",\"@id\":\"https:\\\/\\\/deravio.com\\\/no\\\/produkt\\\/tulipan-led-lys\\\/#primaryimage\",\"url\":\"https:\\\/\\\/deravio.com\\\/no\\\/wp-content\\\/uploads\\\/sites\\\/18\\\/2026\\\/04\\\/fc64k5f-1.webp\",\"contentUrl\":\"https:\\\/\\\/deravio.com\\\/no\\\/wp-content\\\/uploads\\\/sites\\\/18\\\/2026\\\/04\\\/fc64k5f-1.webp\",\"width\":1500,\"height\":1500},{\"@type\":\"BreadcrumbList\",\"@id\":\"https:\\\/\\\/deravio.com\\\/no\\\/produkt\\\/tulipan-led-lys\\\/#breadcrumb\",\"itemListElement\":[{\"@type\":\"ListItem\",\"position\":1,\"name\":\"Home\",\"item\":\"https:\\\/\\\/deravio.com\\\/no\\\/\"},{\"@type\":\"ListItem\",\"position\":2,\"name\":\"Butikk\",\"item\":\"https:\\\/\\\/deravio.com\\\/no\\\/butikk\\\/\"},{\"@type\":\"ListItem\",\"position\":3,\"name\":\"Tulipan LED-lys\"}]},{\"@type\":\"WebSite\",\"@id\":\"https:\\\/\\\/deravio.com\\\/no\\\/#website\",\"url\":\"https:\\\/\\\/deravio.com\\\/no\\\/\",\"name\":\"Deravio NO\",\"description\":\"\",\"publisher\":{\"@id\":\"https:\\\/\\\/deravio.com\\\/no\\\/#organization\"},\"potentialAction\":[{\"@type\":\"SearchAction\",\"target\":{\"@type\":\"EntryPoint\",\"urlTemplate\":\"https:\\\/\\\/deravio.com\\\/no\\\/?s={search_term_string}\"},\"query-input\":{\"@type\":\"PropertyValueSpecification\",\"valueRequired\":true,\"valueName\":\"search_term_string\"}}],\"inLanguage\":\"nb-NO\"},{\"@type\":\"Organization\",\"@id\":\"https:\\\/\\\/deravio.com\\\/no\\\/#organization\",\"name\":\"Mekulo\",\"url\":\"https:\\\/\\\/deravio.com\\\/no\\\/\",\"logo\":{\"@type\":\"ImageObject\",\"inLanguage\":\"nb-NO\",\"@id\":\"https:\\\/\\\/deravio.com\\\/no\\\/#\\\/schema\\\/logo\\\/image\\\/\",\"url\":\"https:\\\/\\\/deravio.com\\\/no\\\/wp-content\\\/uploads\\\/sites\\\/18\\\/2025\\\/12\\\/favicon_mekulo.png\",\"contentUrl\":\"https:\\\/\\\/deravio.com\\\/no\\\/wp-content\\\/uploads\\\/sites\\\/18\\\/2025\\\/12\\\/favicon_mekulo.png\",\"width\":50,\"height\":50,\"caption\":\"Mekulo\"},\"image\":{\"@id\":\"https:\\\/\\\/deravio.com\\\/no\\\/#\\\/schema\\\/logo\\\/image\\\/\"}}]}<\/script>\n<!-- \/ Yoast SEO plugin. -->","yoast_head_json":{"title":"Tulipan LED-lys - Deravio NO","robots":{"index":"index","follow":"follow","max-snippet":"max-snippet:-1","max-image-preview":"max-image-preview:large","max-video-preview":"max-video-preview:-1"},"canonical":"https:\/\/deravio.com\/no\/produkt\/tulipan-led-lys\/","og_locale":"nb_NO","og_type":"article","og_title":"Tulipan LED-lys - Deravio NO","og_description":"\ud83d\udc90En bukett som lyser - dag og natt. \ud83c\udf37Elegant tulipan LED-lys som gir varme, skj\u00f8nnhet og en myk, beroligende gl\u00f8d til ethvert rom. \u2728Mykt lys. Tidl\u00f8s skj\u00f8nnhet. Et rom som f\u00f8les levende.","og_url":"https:\/\/deravio.com\/no\/produkt\/tulipan-led-lys\/","og_site_name":"Deravio NO","article_modified_time":"2026-04-29T14:49:08+00:00","og_image":[{"width":1500,"height":1500,"url":"https:\/\/deravio.com\/no\/wp-content\/uploads\/sites\/18\/2026\/04\/fc64k5f-1.webp","type":"image\/webp"}],"twitter_card":"summary_large_image","twitter_misc":{"Ansl. lesetid":"2 minutter"},"schema":{"@context":"https:\/\/schema.org","@graph":[{"@type":"WebPage","@id":"https:\/\/deravio.com\/no\/produkt\/tulipan-led-lys\/","url":"https:\/\/deravio.com\/no\/produkt\/tulipan-led-lys\/","name":"Tulipan LED-lys - Deravio NO","isPartOf":{"@id":"https:\/\/deravio.com\/no\/#website"},"primaryImageOfPage":{"@id":"https:\/\/deravio.com\/no\/produkt\/tulipan-led-lys\/#primaryimage"},"image":{"@id":"https:\/\/deravio.com\/no\/produkt\/tulipan-led-lys\/#primaryimage"},"thumbnailUrl":"https:\/\/deravio.com\/no\/wp-content\/uploads\/sites\/18\/2026\/04\/fc64k5f-1.webp","datePublished":"2026-04-29T14:46:14+00:00","dateModified":"2026-04-29T14:49:08+00:00","breadcrumb":{"@id":"https:\/\/deravio.com\/no\/produkt\/tulipan-led-lys\/#breadcrumb"},"inLanguage":"nb-NO","potentialAction":[{"@type":"ReadAction","target":["https:\/\/deravio.com\/no\/produkt\/tulipan-led-lys\/"]}]},{"@type":"ImageObject","inLanguage":"nb-NO","@id":"https:\/\/deravio.com\/no\/produkt\/tulipan-led-lys\/#primaryimage","url":"https:\/\/deravio.com\/no\/wp-content\/uploads\/sites\/18\/2026\/04\/fc64k5f-1.webp","contentUrl":"https:\/\/deravio.com\/no\/wp-content\/uploads\/sites\/18\/2026\/04\/fc64k5f-1.webp","width":1500,"height":1500},{"@type":"BreadcrumbList","@id":"https:\/\/deravio.com\/no\/produkt\/tulipan-led-lys\/#breadcrumb","itemListElement":[{"@type":"ListItem","position":1,"name":"Home","item":"https:\/\/deravio.com\/no\/"},{"@type":"ListItem","position":2,"name":"Butikk","item":"https:\/\/deravio.com\/no\/butikk\/"},{"@type":"ListItem","position":3,"name":"Tulipan LED-lys"}]},{"@type":"WebSite","@id":"https:\/\/deravio.com\/no\/#website","url":"https:\/\/deravio.com\/no\/","name":"Deravio NO","description":"","publisher":{"@id":"https:\/\/deravio.com\/no\/#organization"},"potentialAction":[{"@type":"SearchAction","target":{"@type":"EntryPoint","urlTemplate":"https:\/\/deravio.com\/no\/?s={search_term_string}"},"query-input":{"@type":"PropertyValueSpecification","valueRequired":true,"valueName":"search_term_string"}}],"inLanguage":"nb-NO"},{"@type":"Organization","@id":"https:\/\/deravio.com\/no\/#organization","name":"Mekulo","url":"https:\/\/deravio.com\/no\/","logo":{"@type":"ImageObject","inLanguage":"nb-NO","@id":"https:\/\/deravio.com\/no\/#\/schema\/logo\/image\/","url":"https:\/\/deravio.com\/no\/wp-content\/uploads\/sites\/18\/2025\/12\/favicon_mekulo.png","contentUrl":"https:\/\/deravio.com\/no\/wp-content\/uploads\/sites\/18\/2025\/12\/favicon_mekulo.png","width":50,"height":50,"caption":"Mekulo"},"image":{"@id":"https:\/\/deravio.com\/no\/#\/schema\/logo\/image\/"}}]}},"_links":{"self":[{"href":"https:\/\/deravio.com\/no\/wp-json\/wp\/v2\/product\/23640","targetHints":{"allow":["GET"]}}],"collection":[{"href":"https:\/\/deravio.com\/no\/wp-json\/wp\/v2\/product"}],"about":[{"href":"https:\/\/deravio.com\/no\/wp-json\/wp\/v2\/types\/product"}],"replies":[{"embeddable":true,"href":"https:\/\/deravio.com\/no\/wp-json\/wp\/v2\/comments?post=23640"}],"wp:featuredmedia":[{"embeddable":true,"href":"https:\/\/deravio.com\/no\/wp-json\/wp\/v2\/media\/23636"}],"wp:attachment":[{"href":"https:\/\/deravio.com\/no\/wp-json\/wp\/v2\/media?parent=23640"}],"wp:term":[{"taxonomy":"product_brand","embeddable":true,"href":"https:\/\/deravio.com\/no\/wp-json\/wp\/v2\/product_brand?post=23640"},{"taxonomy":"product_cat","embeddable":true,"href":"https:\/\/deravio.com\/no\/wp-json\/wp\/v2\/product_cat?post=23640"},{"taxonomy":"product_tag","embeddable":true,"href":"https:\/\/deravio.com\/no\/wp-json\/wp\/v2\/product_tag?post=23640"}],"curies":[{"name":"wp","href":"https:\/\/api.w.org\/{rel}","templated":true}]}}