{"id":23616,"date":"2026-04-29T17:43:53","date_gmt":"2026-04-29T14:43:53","guid":{"rendered":"https:\/\/deravio.com\/no\/produkt\/opphengskroker-for-planter\/"},"modified":"2026-04-29T17:50:03","modified_gmt":"2026-04-29T14:50:03","slug":"opphengskroker-for-planter","status":"publish","type":"product","link":"https:\/\/deravio.com\/no\/produkt\/opphengskroker-for-planter\/","title":{"rendered":"Opphengskroker for planter"},"content":{"rendered":"<div>\n<div class=\"standard-markdown grid-cols-1 grid [&amp;_&gt;_*]:min-w-0 gap-3\">\n<h2 class=\"text-text-100 mt-3 -mb-1 text-[1.125rem] font-bold\" style=\"text-align: center;\">Hev og senk hengende planter enkelt uten \u00e5 m\u00e5tte bryne deg p\u00e5 kroker eller stiger.<\/h2>\n<\/div>\n<\/div>\n<div style=\"text-align: center;\">\n<div class=\"standard-markdown grid-cols-1 grid [&amp;_&gt;_*]:min-w-0 gap-3\">\n<p class=\"font-claude-response-body break-words whitespace-normal leading-[1.7]\">Dette uttrekkbare trinsesystemet gj\u00f8r det enkelt \u00e5 vanne og ta vare p\u00e5 hengende planter ved at du kan justere h\u00f8yden med et enkelt trekk. Den kraftige konstruksjonen t\u00e5ler betydelig vekt, mens den justerbare mekanismen gj\u00f8r at du kan plassere plantene i perfekt h\u00f8yde for vanning og deretter enkelt heve dem opp igjen.<\/p>\n<\/div>\n<\/div>\n<p style=\"text-align: center;\"><img decoding=\"async\" class=\"size-full wp-image-16665 aligncenter\" src=\"https:\/\/keluvo.com\/template\/wp-content\/uploads\/sites\/5\/2025\/04\/Hanginghook-ezgif.com-video-to-webp-converter.webp\" alt=\"\" \/><\/p>\n<h2 class=\"text-text-100 mt-3 -mb-1 text-[1.125rem] font-bold\" style=\"text-align: center;\">Hovedfordelene<\/h2>\n<p class=\"font-claude-response-body break-words whitespace-normal leading-[1.7]\" style=\"text-align: center;\">\u2b06\ufe0f\u2b07\ufe0f Uttrekkbar design gj\u00f8r det enkelt \u00e5 justere planteh\u00f8yden for vanning og vedlikehold<\/p>\n<p class=\"font-claude-response-body break-words whitespace-normal leading-[1.7]\" style=\"text-align: center;\">\ud83d\udcaa Kraftig konstruksjonkonstruksjon st\u00f8tter hengende kurver og plantekasser sikkert<\/p>\n<p class=\"font-claude-response-body break-words whitespace-normal leading-[1.7]\" style=\"text-align: center;\">\ud83c\udfe0 Fungerer perfekt innend\u00f8rs og utend\u00f8rs i alle rom<\/p>\n<p class=\"font-claude-response-body break-words whitespace-normal leading-[1.7]\" style=\"text-align: center;\">\ud83d\udd27 Enkel installasjon uten komplisert oppsett<\/p>\n<p class=\"font-claude-response-body break-words whitespace-normal leading-[1.7]\" style=\"text-align: center;\">\ud83c\udfaf Justerbar lengde lar deg tilpasse den perfekte hengende height<\/p>\n<p class=\"font-claude-response-body break-words whitespace-normal leading-[1.7]\" style=\"text-align: center;\">\u267b\ufe0f Gjenbrukbar og holdbar for langvarig bruk med flere planter<\/p>\n<p style=\"text-align: center;\"><img decoding=\"async\" class=\"size-full wp-image-16666 aligncenter\" src=\"https:\/\/keluvo.com\/template\/wp-content\/uploads\/sites\/5\/2025\/04\/dd8a590d-e30b-41c2-a1eb-5377d2d1deeb.webp\" alt=\"\" \/><\/p>\n<h2 style=\"text-align: center;\">Produktm\u00e5l:<\/h2>\n<p><img fetchpriority=\"high\" decoding=\"async\" class=\"wp-image-49078 aligncenter\" src=\"https:\/\/keluvo.com\/template\/wp-content\/uploads\/sites\/5\/2025\/04\/Sc67862acf1234f928749b1d37f0d3ab0p.png\" alt=\"\" width=\"629\" height=\"532\" \/><\/p>\n<h2 class=\"text-text-100 mt-3 -mb-1 text-[1.125rem] font-bold\" style=\"text-align: center;\">Produktdetaljer<\/h2>\n<ul class=\"[li_&amp;]:mb-0 [li_&amp;]:mt-1 [li_&amp;]:gap-1 [&amp;:not(:last-child)_ul]:pb-1 [&amp;:not(:last-child)_ol]:pb-1 list-disc flex flex-col gap-1 pl-8 mb-3\" style=\"text-align: center;\">\n<li class=\"whitespace-normal break-words pl-2\" style=\"text-align: left;\">Materiale: slitesterk plastkonstruksjon<\/li>\n<li class=\"whitespace-normal break-words pl-2\" style=\"text-align: left;\">Type: justerbart kroksystem for oppheng av kurver<\/li>\n<li class=\"whitespace-normal break-words pl-2\" style=\"text-align: left;\">Anvendelse: innend\u00f8rs og utend\u00f8rs oppheng av planter<\/li>\n<li class=\"whitespace-normal break-words pl-2\" style=\"text-align: left;\">Farger tilgjengelig: svart, hvit<\/li>\n<li class=\"whitespace-normal break-words pl-2\" style=\"text-align: left;\">Justering: uttrekkbar taljemekanisme<\/li>\n<\/ul>\n<h2 class=\"text-text-100 mt-3 -mb-1 text-[1.125rem] font-bold\" style=\"text-align: center;\">Hva er inkludert<\/h2>\n<ul class=\"[li_&amp;]:mb-0 [li_&amp;]:mt-1 [li_&amp;]:gap-1 [&amp;:not(:last-child)_ul]:pb-1 [&amp;:not(:last-child)_ol]:pb-1 list-disc flex flex-col gap-1 pl-8 mb-3\">\n<li class=\"whitespace-normal break-words pl-2\" style=\"text-align: left;\">1, 2, 4x uttrekkbare planteoppheng<\/li>\n<\/ul>\n","protected":false},"excerpt":{"rendered":"<p>Hev og senk hengende planter enkelt uten \u00e5 m\u00e5tte bryne deg p\u00e5 kroker eller stiger. Dette uttrekkbare trinsesystemet gj\u00f8r det [&hellip;]<\/p>\n","protected":false},"featured_media":23612,"comment_status":"open","ping_status":"closed","template":"","meta":{"site-sidebar-layout":"default","site-content-layout":"","ast-site-content-layout":"default","site-content-style":"default","site-sidebar-style":"default","ast-global-header-display":"","ast-banner-title-visibility":"","ast-main-header-display":"","ast-hfb-above-header-display":"","ast-hfb-below-header-display":"","ast-hfb-mobile-header-display":"","site-post-title":"","ast-breadcrumbs-content":"","ast-featured-img":"","footer-sml-layout":"","ast-disable-related-posts":"","theme-transparent-header-meta":"default","adv-header-id-meta":"","stick-header-meta":"","header-above-stick-meta":"","header-main-stick-meta":"","header-below-stick-meta":"","astra-migrate-meta-layouts":"set","ast-page-background-enabled":"default","ast-page-background-meta":{"desktop":{"background-color":"var(--ast-global-color-5)","background-image":"","background-repeat":"repeat","background-position":"center center","background-size":"auto","background-attachment":"scroll","background-type":"","background-media":"","overlay-type":"","overlay-color":"","overlay-opacity":"","overlay-gradient":""},"tablet":{"background-color":"","background-image":"","background-repeat":"repeat","background-position":"center center","background-size":"auto","background-attachment":"scroll","background-type":"","background-media":"","overlay-type":"","overlay-color":"","overlay-opacity":"","overlay-gradient":""},"mobile":{"background-color":"","background-image":"","background-repeat":"repeat","background-position":"center center","background-size":"auto","background-attachment":"scroll","background-type":"","background-media":"","overlay-type":"","overlay-color":"","overlay-opacity":"","overlay-gradient":""}},"ast-content-background-meta":{"desktop":{"background-color":"var(--ast-global-color-4)","background-image":"","background-repeat":"repeat","background-position":"center center","background-size":"auto","background-attachment":"scroll","background-type":"","background-media":"","overlay-type":"","overlay-color":"","overlay-opacity":"","overlay-gradient":""},"tablet":{"background-color":"var(--ast-global-color-4)","background-image":"","background-repeat":"repeat","background-position":"center center","background-size":"auto","background-attachment":"scroll","background-type":"","background-media":"","overlay-type":"","overlay-color":"","overlay-opacity":"","overlay-gradient":""},"mobile":{"background-color":"var(--ast-global-color-4)","background-image":"","background-repeat":"repeat","background-position":"center center","background-size":"auto","background-attachment":"scroll","background-type":"","background-media":"","overlay-type":"","overlay-color":"","overlay-opacity":"","overlay-gradient":""}}},"product_brand":[],"product_cat":[15],"product_tag":[],"class_list":{"0":"post-23616","1":"product","2":"type-product","3":"status-publish","4":"has-post-thumbnail","6":"product_cat-ukategorisert","7":"pa_22312_0w55rqth-hvit","8":"pa_22312_0w55rqth-svart","9":"pa_22312_b6y9gtlu-1-stk","10":"pa_22312_b6y9gtlu-2-stk","11":"pa_22312_b6y9gtlu-4-stk","12":"desktop-align-left","13":"tablet-align-left","14":"mobile-align-left","16":"first","17":"instock","18":"shipping-taxable","19":"purchasable","20":"product-type-variable","21":"has-default-attributes"},"yoast_head":"<!-- This site is optimized with the Yoast SEO plugin v27.4 - https:\/\/yoast.com\/product\/yoast-seo-wordpress\/ -->\n<title>Opphengskroker for planter - Deravio NO<\/title>\n<meta name=\"robots\" content=\"index, follow, max-snippet:-1, max-image-preview:large, max-video-preview:-1\" \/>\n<link rel=\"canonical\" href=\"https:\/\/deravio.com\/no\/produkt\/opphengskroker-for-planter\/\" \/>\n<meta property=\"og:locale\" content=\"nb_NO\" \/>\n<meta property=\"og:type\" content=\"article\" \/>\n<meta property=\"og:title\" content=\"Opphengskroker for planter - Deravio NO\" \/>\n<meta property=\"og:description\" content=\"Hev og senk hengende planter enkelt uten \u00e5 m\u00e5tte bryne deg p\u00e5 kroker eller stiger. Dette uttrekkbare trinsesystemet gj\u00f8r det [&hellip;]\" \/>\n<meta property=\"og:url\" content=\"https:\/\/deravio.com\/no\/produkt\/opphengskroker-for-planter\/\" \/>\n<meta property=\"og:site_name\" content=\"Deravio NO\" \/>\n<meta property=\"article:modified_time\" content=\"2026-04-29T14:50:03+00:00\" \/>\n<meta property=\"og:image\" content=\"https:\/\/deravio.com\/no\/wp-content\/uploads\/sites\/18\/2026\/04\/zq16r9s-1.webp\" \/>\n\t<meta property=\"og:image:width\" content=\"560\" \/>\n\t<meta property=\"og:image:height\" content=\"560\" \/>\n\t<meta property=\"og:image:type\" content=\"image\/webp\" \/>\n<meta name=\"twitter:card\" content=\"summary_large_image\" \/>\n<meta name=\"twitter:label1\" content=\"Ansl. lesetid\" \/>\n\t<meta name=\"twitter:data1\" content=\"2 minutter\" \/>\n<script type=\"application\/ld+json\" class=\"yoast-schema-graph\">{\"@context\":\"https:\\\/\\\/schema.org\",\"@graph\":[{\"@type\":\"WebPage\",\"@id\":\"https:\\\/\\\/deravio.com\\\/no\\\/produkt\\\/opphengskroker-for-planter\\\/\",\"url\":\"https:\\\/\\\/deravio.com\\\/no\\\/produkt\\\/opphengskroker-for-planter\\\/\",\"name\":\"Opphengskroker for planter - Deravio NO\",\"isPartOf\":{\"@id\":\"https:\\\/\\\/deravio.com\\\/no\\\/#website\"},\"primaryImageOfPage\":{\"@id\":\"https:\\\/\\\/deravio.com\\\/no\\\/produkt\\\/opphengskroker-for-planter\\\/#primaryimage\"},\"image\":{\"@id\":\"https:\\\/\\\/deravio.com\\\/no\\\/produkt\\\/opphengskroker-for-planter\\\/#primaryimage\"},\"thumbnailUrl\":\"https:\\\/\\\/deravio.com\\\/no\\\/wp-content\\\/uploads\\\/sites\\\/18\\\/2026\\\/04\\\/zq16r9s-1.webp\",\"datePublished\":\"2026-04-29T14:43:53+00:00\",\"dateModified\":\"2026-04-29T14:50:03+00:00\",\"breadcrumb\":{\"@id\":\"https:\\\/\\\/deravio.com\\\/no\\\/produkt\\\/opphengskroker-for-planter\\\/#breadcrumb\"},\"inLanguage\":\"nb-NO\",\"potentialAction\":[{\"@type\":\"ReadAction\",\"target\":[\"https:\\\/\\\/deravio.com\\\/no\\\/produkt\\\/opphengskroker-for-planter\\\/\"]}]},{\"@type\":\"ImageObject\",\"inLanguage\":\"nb-NO\",\"@id\":\"https:\\\/\\\/deravio.com\\\/no\\\/produkt\\\/opphengskroker-for-planter\\\/#primaryimage\",\"url\":\"https:\\\/\\\/deravio.com\\\/no\\\/wp-content\\\/uploads\\\/sites\\\/18\\\/2026\\\/04\\\/zq16r9s-1.webp\",\"contentUrl\":\"https:\\\/\\\/deravio.com\\\/no\\\/wp-content\\\/uploads\\\/sites\\\/18\\\/2026\\\/04\\\/zq16r9s-1.webp\",\"width\":560,\"height\":560},{\"@type\":\"BreadcrumbList\",\"@id\":\"https:\\\/\\\/deravio.com\\\/no\\\/produkt\\\/opphengskroker-for-planter\\\/#breadcrumb\",\"itemListElement\":[{\"@type\":\"ListItem\",\"position\":1,\"name\":\"Home\",\"item\":\"https:\\\/\\\/deravio.com\\\/no\\\/\"},{\"@type\":\"ListItem\",\"position\":2,\"name\":\"Butikk\",\"item\":\"https:\\\/\\\/deravio.com\\\/no\\\/butikk\\\/\"},{\"@type\":\"ListItem\",\"position\":3,\"name\":\"Opphengskroker for planter\"}]},{\"@type\":\"WebSite\",\"@id\":\"https:\\\/\\\/deravio.com\\\/no\\\/#website\",\"url\":\"https:\\\/\\\/deravio.com\\\/no\\\/\",\"name\":\"Deravio NO\",\"description\":\"\",\"publisher\":{\"@id\":\"https:\\\/\\\/deravio.com\\\/no\\\/#organization\"},\"potentialAction\":[{\"@type\":\"SearchAction\",\"target\":{\"@type\":\"EntryPoint\",\"urlTemplate\":\"https:\\\/\\\/deravio.com\\\/no\\\/?s={search_term_string}\"},\"query-input\":{\"@type\":\"PropertyValueSpecification\",\"valueRequired\":true,\"valueName\":\"search_term_string\"}}],\"inLanguage\":\"nb-NO\"},{\"@type\":\"Organization\",\"@id\":\"https:\\\/\\\/deravio.com\\\/no\\\/#organization\",\"name\":\"Mekulo\",\"url\":\"https:\\\/\\\/deravio.com\\\/no\\\/\",\"logo\":{\"@type\":\"ImageObject\",\"inLanguage\":\"nb-NO\",\"@id\":\"https:\\\/\\\/deravio.com\\\/no\\\/#\\\/schema\\\/logo\\\/image\\\/\",\"url\":\"https:\\\/\\\/deravio.com\\\/no\\\/wp-content\\\/uploads\\\/sites\\\/18\\\/2025\\\/12\\\/favicon_mekulo.png\",\"contentUrl\":\"https:\\\/\\\/deravio.com\\\/no\\\/wp-content\\\/uploads\\\/sites\\\/18\\\/2025\\\/12\\\/favicon_mekulo.png\",\"width\":50,\"height\":50,\"caption\":\"Mekulo\"},\"image\":{\"@id\":\"https:\\\/\\\/deravio.com\\\/no\\\/#\\\/schema\\\/logo\\\/image\\\/\"}}]}<\/script>\n<!-- \/ Yoast SEO plugin. -->","yoast_head_json":{"title":"Opphengskroker for planter - Deravio NO","robots":{"index":"index","follow":"follow","max-snippet":"max-snippet:-1","max-image-preview":"max-image-preview:large","max-video-preview":"max-video-preview:-1"},"canonical":"https:\/\/deravio.com\/no\/produkt\/opphengskroker-for-planter\/","og_locale":"nb_NO","og_type":"article","og_title":"Opphengskroker for planter - Deravio NO","og_description":"Hev og senk hengende planter enkelt uten \u00e5 m\u00e5tte bryne deg p\u00e5 kroker eller stiger. Dette uttrekkbare trinsesystemet gj\u00f8r det [&hellip;]","og_url":"https:\/\/deravio.com\/no\/produkt\/opphengskroker-for-planter\/","og_site_name":"Deravio NO","article_modified_time":"2026-04-29T14:50:03+00:00","og_image":[{"width":560,"height":560,"url":"https:\/\/deravio.com\/no\/wp-content\/uploads\/sites\/18\/2026\/04\/zq16r9s-1.webp","type":"image\/webp"}],"twitter_card":"summary_large_image","twitter_misc":{"Ansl. lesetid":"2 minutter"},"schema":{"@context":"https:\/\/schema.org","@graph":[{"@type":"WebPage","@id":"https:\/\/deravio.com\/no\/produkt\/opphengskroker-for-planter\/","url":"https:\/\/deravio.com\/no\/produkt\/opphengskroker-for-planter\/","name":"Opphengskroker for planter - Deravio NO","isPartOf":{"@id":"https:\/\/deravio.com\/no\/#website"},"primaryImageOfPage":{"@id":"https:\/\/deravio.com\/no\/produkt\/opphengskroker-for-planter\/#primaryimage"},"image":{"@id":"https:\/\/deravio.com\/no\/produkt\/opphengskroker-for-planter\/#primaryimage"},"thumbnailUrl":"https:\/\/deravio.com\/no\/wp-content\/uploads\/sites\/18\/2026\/04\/zq16r9s-1.webp","datePublished":"2026-04-29T14:43:53+00:00","dateModified":"2026-04-29T14:50:03+00:00","breadcrumb":{"@id":"https:\/\/deravio.com\/no\/produkt\/opphengskroker-for-planter\/#breadcrumb"},"inLanguage":"nb-NO","potentialAction":[{"@type":"ReadAction","target":["https:\/\/deravio.com\/no\/produkt\/opphengskroker-for-planter\/"]}]},{"@type":"ImageObject","inLanguage":"nb-NO","@id":"https:\/\/deravio.com\/no\/produkt\/opphengskroker-for-planter\/#primaryimage","url":"https:\/\/deravio.com\/no\/wp-content\/uploads\/sites\/18\/2026\/04\/zq16r9s-1.webp","contentUrl":"https:\/\/deravio.com\/no\/wp-content\/uploads\/sites\/18\/2026\/04\/zq16r9s-1.webp","width":560,"height":560},{"@type":"BreadcrumbList","@id":"https:\/\/deravio.com\/no\/produkt\/opphengskroker-for-planter\/#breadcrumb","itemListElement":[{"@type":"ListItem","position":1,"name":"Home","item":"https:\/\/deravio.com\/no\/"},{"@type":"ListItem","position":2,"name":"Butikk","item":"https:\/\/deravio.com\/no\/butikk\/"},{"@type":"ListItem","position":3,"name":"Opphengskroker for planter"}]},{"@type":"WebSite","@id":"https:\/\/deravio.com\/no\/#website","url":"https:\/\/deravio.com\/no\/","name":"Deravio NO","description":"","publisher":{"@id":"https:\/\/deravio.com\/no\/#organization"},"potentialAction":[{"@type":"SearchAction","target":{"@type":"EntryPoint","urlTemplate":"https:\/\/deravio.com\/no\/?s={search_term_string}"},"query-input":{"@type":"PropertyValueSpecification","valueRequired":true,"valueName":"search_term_string"}}],"inLanguage":"nb-NO"},{"@type":"Organization","@id":"https:\/\/deravio.com\/no\/#organization","name":"Mekulo","url":"https:\/\/deravio.com\/no\/","logo":{"@type":"ImageObject","inLanguage":"nb-NO","@id":"https:\/\/deravio.com\/no\/#\/schema\/logo\/image\/","url":"https:\/\/deravio.com\/no\/wp-content\/uploads\/sites\/18\/2025\/12\/favicon_mekulo.png","contentUrl":"https:\/\/deravio.com\/no\/wp-content\/uploads\/sites\/18\/2025\/12\/favicon_mekulo.png","width":50,"height":50,"caption":"Mekulo"},"image":{"@id":"https:\/\/deravio.com\/no\/#\/schema\/logo\/image\/"}}]}},"_links":{"self":[{"href":"https:\/\/deravio.com\/no\/wp-json\/wp\/v2\/product\/23616","targetHints":{"allow":["GET"]}}],"collection":[{"href":"https:\/\/deravio.com\/no\/wp-json\/wp\/v2\/product"}],"about":[{"href":"https:\/\/deravio.com\/no\/wp-json\/wp\/v2\/types\/product"}],"replies":[{"embeddable":true,"href":"https:\/\/deravio.com\/no\/wp-json\/wp\/v2\/comments?post=23616"}],"wp:featuredmedia":[{"embeddable":true,"href":"https:\/\/deravio.com\/no\/wp-json\/wp\/v2\/media\/23612"}],"wp:attachment":[{"href":"https:\/\/deravio.com\/no\/wp-json\/wp\/v2\/media?parent=23616"}],"wp:term":[{"taxonomy":"product_brand","embeddable":true,"href":"https:\/\/deravio.com\/no\/wp-json\/wp\/v2\/product_brand?post=23616"},{"taxonomy":"product_cat","embeddable":true,"href":"https:\/\/deravio.com\/no\/wp-json\/wp\/v2\/product_cat?post=23616"},{"taxonomy":"product_tag","embeddable":true,"href":"https:\/\/deravio.com\/no\/wp-json\/wp\/v2\/product_tag?post=23616"}],"curies":[{"name":"wp","href":"https:\/\/api.w.org\/{rel}","templated":true}]}}