{"id":23391,"date":"2026-04-27T16:32:23","date_gmt":"2026-04-27T13:32:23","guid":{"rendered":"https:\/\/deravio.com\/no\/produkt\/3-i-1-rc-skumfly\/"},"modified":"2026-04-27T16:36:47","modified_gmt":"2026-04-27T13:36:47","slug":"3-i-1-rc-skumfly","status":"publish","type":"product","link":"https:\/\/deravio.com\/no\/produkt\/3-i-1-rc-skumfly\/","title":{"rendered":"3 i 1 RC-skumfly"},"content":{"rendered":"<h2 style=\"text-align: center;\" data-section-id=\"5d61m3\" data-start=\"2333\" data-end=\"2351\">\u2728 L\u00f8ftet<\/h2>\n<p style=\"text-align: center;\" data-start=\"2353\" data-end=\"2423\">Flere m\u00e5ter \u00e5 leke p\u00e5. Mer frihet til \u00e5 utforske. Mer moro hver gang.<\/p>\n<p data-start=\"2353\" data-end=\"2423\"><img fetchpriority=\"high\" decoding=\"async\" class=\" wp-image-28633 aligncenter\" src=\"https:\/\/mekulo.com\/template\/wp-content\/uploads\/sites\/6\/2026\/03\/122110-ezgif.com-video-to-webp-converter-8.webp\" alt=\"\" width=\"601\" height=\"338\" \/><\/p>\n<h2 style=\"text-align: center;\" data-section-id=\"u4ub2a\" data-start=\"406\" data-end=\"426\">\u2728 Hovedfordeler<\/h2>\n<p data-start=\"430\" data-end=\"553\">\ud83c\udf0a\u2708\ufe0f\ud83d\ude97 3-i-1 action i flere terreng &#8211; Fly i luften, driv p\u00e5 land og glid over vann &#8211; alt med \u00e9n kontroller.<\/p>\n<p data-start=\"557\" data-end=\"668\">\ud83c\udfaf Stabil og enkel \u00e5 kontrollere &#8211; Hodel\u00f8s modus og sveving gj\u00f8r flyvingen jevn og nybegynnervennlig.<\/p>\n<p data-start=\"557\" data-end=\"668\">\ud83d\udd04 Utf\u00f8r spennende stunts &#8211; 360\u00b0 saltoer, raske svinger og dynamiske bevegelser for moro p\u00e5 neste niv\u00e5.<\/p>\n<p data-start=\"775\" data-end=\"881\">\u26a1 Rask, responsiv ytelse &#8211; Bytt mellom hastighetsmoduser for avslappet flyging eller action i h\u00f8y hastighet.<\/p>\n<p data-start=\"885\" data-end=\"985\">\ud83d\udee1\ufe0f Slitesterkt EPP-skumhus &#8211; Lett, men robust &#8211; designet for \u00e5 t\u00e5le krasj og r\u00f8ff lek.<\/p>\n<h2 style=\"text-align: center;\" data-section-id=\"5yj8z6\" data-start=\"992\" data-end=\"1018\">\ud83e\udde9 Problem \u2192 L\u00f8sning<\/h2>\n<p data-start=\"1020\" data-end=\"1121\"><strong data-start=\"1020\" data-end=\"1032\">Problem:<\/strong><br data-start=\"1032\" data-end=\"1035\" \/>De fleste RC-leker er begrenset til ett milj\u00f8 &#8211; og blir fort repeterende eller kjedelige.<\/p>\n<p data-start=\"1123\" data-end=\"1263\"><strong data-start=\"1123\" data-end=\"1136\">L\u00f8sning:<\/strong><br data-start=\"1136\" data-end=\"1139\" \/>Dette 3 i 1 RC-skumflyet lar deg utforske luft, land og vann &#8211; noe som gir deg endel\u00f8se m\u00e5ter \u00e5 leke p\u00e5 og aldri kjede deg p\u00e5.<\/p>\n<p data-start=\"1123\" data-end=\"1263\"><img decoding=\"async\" class=\" wp-image-28632 aligncenter\" src=\"https:\/\/mekulo.com\/template\/wp-content\/uploads\/sites\/6\/2026\/03\/122111-ezgif.com-video-to-webp-converter-7.webp\" alt=\"\" width=\"601\" height=\"338\" \/><\/p>\n<h2 style=\"text-align: center;\" data-section-id=\"baj5e8\" data-start=\"1270\" data-end=\"1298\">\ud83c\udf0d Bruksomr\u00e5de\/livsstil<\/h2>\n<p data-start=\"1300\" data-end=\"1314\">Perfekt for:<\/p>\n<ul data-start=\"1315\" data-end=\"1509\">\n<li data-section-id=\"19fbe9i\" data-start=\"1315\" data-end=\"1365\">\n<p data-start=\"1317\" data-end=\"1365\">Utend\u00f8rsopplevelser i parker og \u00e5pne omr\u00e5der<\/p>\n<\/li>\n<li data-section-id=\"cb26k5\" data-start=\"1366\" data-end=\"1408\">\n<p data-start=\"1368\" data-end=\"1408\">Lek i n\u00e6rheten av vann, bassenger eller innsj\u00f8er<\/p>\n<\/li>\n<li data-section-id=\"kuqm5x\" data-start=\"1409\" data-end=\"1453\">\n<p data-start=\"1411\" data-end=\"1453\">Racing, drifting og lufttriks<\/p>\n<\/li>\n<li data-section-id=\"1ep0cra\" data-start=\"1454\" data-end=\"1509\">\n<p data-start=\"1456\" data-end=\"1509\">Barn og voksne som vil ha mer enn bare en enkel leke<\/p>\n<\/li>\n<\/ul>\n<p data-start=\"1511\" data-end=\"1560\">Det er ikke bare en leke &#8211; det er en helhetsopplevelse.<\/p>\n<h2 style=\"text-align: center;\" data-section-id=\"1r8t0f\" data-start=\"1567\" data-end=\"1586\">\ud83d\udee0\ufe0f Slik bruker du den<\/h2>\n<ol data-start=\"1588\" data-end=\"1786\">\n<li data-section-id=\"6vk5b2\" data-start=\"1588\" data-end=\"1617\">\n<p data-start=\"1591\" data-end=\"1617\">Lad batteriet helt opp.<\/p>\n<\/li>\n<li data-section-id=\"ipn96s\" data-start=\"1618\" data-end=\"1655\">\n<p data-start=\"1621\" data-end=\"1655\">Sett batteriene inn i fjernkontrollen.<\/p>\n<\/li>\n<li data-section-id=\"4r7tj4\" data-start=\"1656\" data-end=\"1692\">\n<p data-start=\"1659\" data-end=\"1692\">Sl\u00e5 p\u00e5 og parkoble kontrolleren.<\/p>\n<\/li>\n<li data-section-id=\"850k9w\" data-start=\"1693\" data-end=\"1736\">\n<p data-start=\"1696\" data-end=\"1736\">Velg modus (luft, land eller vann).<\/p>\n<\/li>\n<li data-section-id=\"k7yaad\" data-start=\"1737\" data-end=\"1786\">\n<p data-start=\"1740\" data-end=\"1786\">Kontroller retning, hastighet og utf\u00f8r triks.<\/p>\n<\/li>\n<\/ol>\n<h2 style=\"text-align: center;\" data-section-id=\"1fuqdo7\" data-start=\"1829\" data-end=\"1852\">\ud83d\udce6 Produktdetaljer<\/h2>\n<ul data-start=\"1854\" data-end=\"2123\">\n<li data-section-id=\"zv64ds\" data-start=\"1854\" data-end=\"1884\">\n<p data-start=\"1856\" data-end=\"1884\">Materiale: Slitesterkt EPP-skum<\/p>\n<\/li>\n<li data-section-id=\"a92mra\" data-start=\"1885\" data-end=\"1921\">\n<p data-start=\"1887\" data-end=\"1921\">Kontroll: 2,4 GHz 4-kanals fjernkontroll<\/p>\n<\/li>\n<li data-section-id=\"1nhgduc\" data-start=\"1922\" data-end=\"1952\">\n<p data-start=\"1924\" data-end=\"1952\">Flytid: 10-15 minutter<\/p>\n<\/li>\n<li data-section-id=\"1nyr9un\" data-start=\"1953\" data-end=\"1983\">\n<p data-start=\"1955\" data-end=\"1983\">Ladetid: ~ 40 minutter<\/p>\n<\/li>\n<li data-section-id=\"13vbsi8\" data-start=\"1984\" data-end=\"2018\">\n<p data-start=\"1986\" data-end=\"2018\">Kontrollavstand: 50-80 meter<\/p>\n<\/li>\n<li data-section-id=\"862n0q\" data-start=\"2019\" data-end=\"2048\">\n<p data-start=\"2021\" data-end=\"2048\">Modi: Luft \/ land \/ vann<\/p>\n<\/li>\n<li data-section-id=\"vzlobn\" data-start=\"2049\" data-end=\"2123\">\n<p data-start=\"2051\" data-end=\"2123\">Funksjoner: Hodel\u00f8s modus, sveving, 360\u00b0 flips, hastighetsmodus, LED-lys<\/p>\n<\/li>\n<\/ul>\n<h2 style=\"text-align: center;\" data-section-id=\"13s7cfc\" data-start=\"2130\" data-end=\"2154\">\ud83d\udce5 Pakken inkluderer<\/h2>\n<ul data-start=\"2156\" data-end=\"2326\">\n<li style=\"list-style-type: none;\">\n<ul data-start=\"2156\" data-end=\"2326\">\n<li data-section-id=\"13qotdz\" data-start=\"2156\" data-end=\"2187\">\n<p data-start=\"2158\" data-end=\"2187\">1x 3-i-1 RC-skumfly<\/p>\n<\/li>\n<li data-section-id=\"11bt17x\" data-start=\"2188\" data-end=\"2210\">\n<p data-start=\"2190\" data-end=\"2210\">1x fjernkontroll<\/p>\n<\/li>\n<li data-section-id=\"11bt17x\" data-start=\"2188\" data-end=\"2210\">\n<p data-start=\"2190\" data-end=\"2210\">1x propell landing<\/p>\n<\/li>\n<\/ul>\n<\/li>\n<\/ul>\n","protected":false},"excerpt":{"rendered":"<p>\u26a1Fly det. Kj\u00f8r det. Du kan til og med gli over vannet.<br \/>\n\ud83d\udee9\ufe0fEt 3-i-1 RC-skumfly som mestrer luft, land og vann \u2013 laget for action uten stopp, uansett hvor du er.<br \/>\n\ud83c\udf0a\ud83c\udfce\ufe0f\u2708\ufe0f\u00c9n enhet. Tre underlag. Ubegrenset moro \u2013 hver gang du sl\u00e5r den p\u00e5.<\/p>\n","protected":false},"featured_media":23387,"comment_status":"open","ping_status":"closed","template":"","meta":{"site-sidebar-layout":"default","site-content-layout":"","ast-site-content-layout":"default","site-content-style":"default","site-sidebar-style":"default","ast-global-header-display":"","ast-banner-title-visibility":"","ast-main-header-display":"","ast-hfb-above-header-display":"","ast-hfb-below-header-display":"","ast-hfb-mobile-header-display":"","site-post-title":"","ast-breadcrumbs-content":"","ast-featured-img":"","footer-sml-layout":"","ast-disable-related-posts":"","theme-transparent-header-meta":"default","adv-header-id-meta":"","stick-header-meta":"","header-above-stick-meta":"","header-main-stick-meta":"","header-below-stick-meta":"","astra-migrate-meta-layouts":"set","ast-page-background-enabled":"default","ast-page-background-meta":{"desktop":{"background-color":"var(--ast-global-color-5)","background-image":"","background-repeat":"repeat","background-position":"center center","background-size":"auto","background-attachment":"scroll","background-type":"","background-media":"","overlay-type":"","overlay-color":"","overlay-opacity":"","overlay-gradient":""},"tablet":{"background-color":"","background-image":"","background-repeat":"repeat","background-position":"center center","background-size":"auto","background-attachment":"scroll","background-type":"","background-media":"","overlay-type":"","overlay-color":"","overlay-opacity":"","overlay-gradient":""},"mobile":{"background-color":"","background-image":"","background-repeat":"repeat","background-position":"center center","background-size":"auto","background-attachment":"scroll","background-type":"","background-media":"","overlay-type":"","overlay-color":"","overlay-opacity":"","overlay-gradient":""}},"ast-content-background-meta":{"desktop":{"background-color":"var(--ast-global-color-4)","background-image":"","background-repeat":"repeat","background-position":"center center","background-size":"auto","background-attachment":"scroll","background-type":"","background-media":"","overlay-type":"","overlay-color":"","overlay-opacity":"","overlay-gradient":""},"tablet":{"background-color":"var(--ast-global-color-4)","background-image":"","background-repeat":"repeat","background-position":"center center","background-size":"auto","background-attachment":"scroll","background-type":"","background-media":"","overlay-type":"","overlay-color":"","overlay-opacity":"","overlay-gradient":""},"mobile":{"background-color":"var(--ast-global-color-4)","background-image":"","background-repeat":"repeat","background-position":"center center","background-size":"auto","background-attachment":"scroll","background-type":"","background-media":"","overlay-type":"","overlay-color":"","overlay-opacity":"","overlay-gradient":""}}},"product_brand":[],"product_cat":[172],"product_tag":[],"class_list":{"0":"post-23391","1":"product","2":"type-product","3":"status-publish","4":"has-post-thumbnail","6":"product_cat-leker-barne-og-babyprodukter","7":"pa_68766_h0duf8bh-gra","8":"pa_68766_h0duf8bh-svart","9":"desktop-align-left","10":"tablet-align-left","11":"mobile-align-left","13":"first","14":"instock","15":"shipping-taxable","16":"purchasable","17":"product-type-variable"},"yoast_head":"<!-- This site is optimized with the Yoast SEO plugin v27.4 - https:\/\/yoast.com\/product\/yoast-seo-wordpress\/ -->\n<title>3 i 1 RC-skumfly - Deravio NO<\/title>\n<meta name=\"robots\" content=\"index, follow, max-snippet:-1, max-image-preview:large, max-video-preview:-1\" \/>\n<link rel=\"canonical\" href=\"https:\/\/deravio.com\/no\/produkt\/3-i-1-rc-skumfly\/\" \/>\n<meta property=\"og:locale\" content=\"nb_NO\" \/>\n<meta property=\"og:type\" content=\"article\" \/>\n<meta property=\"og:title\" content=\"3 i 1 RC-skumfly - Deravio NO\" \/>\n<meta property=\"og:description\" content=\"\u26a1Fly det. Kj\u00f8r det. Du kan til og med gli over vannet. \ud83d\udee9\ufe0fEt 3-i-1 RC-skumfly som mestrer luft, land og vann \u2013 laget for action uten stopp, uansett hvor du er. \ud83c\udf0a\ud83c\udfce\ufe0f\u2708\ufe0f\u00c9n enhet. Tre underlag. Ubegrenset moro \u2013 hver gang du sl\u00e5r den p\u00e5.\" \/>\n<meta property=\"og:url\" content=\"https:\/\/deravio.com\/no\/produkt\/3-i-1-rc-skumfly\/\" \/>\n<meta property=\"og:site_name\" content=\"Deravio NO\" \/>\n<meta property=\"article:modified_time\" content=\"2026-04-27T13:36:47+00:00\" \/>\n<meta property=\"og:image\" content=\"https:\/\/deravio.com\/no\/wp-content\/uploads\/sites\/18\/2026\/04\/2q1um1c-1.jpg\" \/>\n\t<meta property=\"og:image:width\" content=\"792\" \/>\n\t<meta property=\"og:image:height\" content=\"686\" \/>\n\t<meta property=\"og:image:type\" content=\"image\/jpeg\" \/>\n<meta name=\"twitter:card\" content=\"summary_large_image\" \/>\n<meta name=\"twitter:label1\" content=\"Ansl. lesetid\" \/>\n\t<meta name=\"twitter:data1\" content=\"3 minutter\" \/>\n<script type=\"application\/ld+json\" class=\"yoast-schema-graph\">{\"@context\":\"https:\\\/\\\/schema.org\",\"@graph\":[{\"@type\":\"WebPage\",\"@id\":\"https:\\\/\\\/deravio.com\\\/no\\\/produkt\\\/3-i-1-rc-skumfly\\\/\",\"url\":\"https:\\\/\\\/deravio.com\\\/no\\\/produkt\\\/3-i-1-rc-skumfly\\\/\",\"name\":\"3 i 1 RC-skumfly - Deravio NO\",\"isPartOf\":{\"@id\":\"https:\\\/\\\/deravio.com\\\/no\\\/#website\"},\"primaryImageOfPage\":{\"@id\":\"https:\\\/\\\/deravio.com\\\/no\\\/produkt\\\/3-i-1-rc-skumfly\\\/#primaryimage\"},\"image\":{\"@id\":\"https:\\\/\\\/deravio.com\\\/no\\\/produkt\\\/3-i-1-rc-skumfly\\\/#primaryimage\"},\"thumbnailUrl\":\"https:\\\/\\\/deravio.com\\\/no\\\/wp-content\\\/uploads\\\/sites\\\/18\\\/2026\\\/04\\\/2q1um1c-1.jpg\",\"datePublished\":\"2026-04-27T13:32:23+00:00\",\"dateModified\":\"2026-04-27T13:36:47+00:00\",\"breadcrumb\":{\"@id\":\"https:\\\/\\\/deravio.com\\\/no\\\/produkt\\\/3-i-1-rc-skumfly\\\/#breadcrumb\"},\"inLanguage\":\"nb-NO\",\"potentialAction\":[{\"@type\":\"ReadAction\",\"target\":[\"https:\\\/\\\/deravio.com\\\/no\\\/produkt\\\/3-i-1-rc-skumfly\\\/\"]}]},{\"@type\":\"ImageObject\",\"inLanguage\":\"nb-NO\",\"@id\":\"https:\\\/\\\/deravio.com\\\/no\\\/produkt\\\/3-i-1-rc-skumfly\\\/#primaryimage\",\"url\":\"https:\\\/\\\/deravio.com\\\/no\\\/wp-content\\\/uploads\\\/sites\\\/18\\\/2026\\\/04\\\/2q1um1c-1.jpg\",\"contentUrl\":\"https:\\\/\\\/deravio.com\\\/no\\\/wp-content\\\/uploads\\\/sites\\\/18\\\/2026\\\/04\\\/2q1um1c-1.jpg\",\"width\":792,\"height\":686},{\"@type\":\"BreadcrumbList\",\"@id\":\"https:\\\/\\\/deravio.com\\\/no\\\/produkt\\\/3-i-1-rc-skumfly\\\/#breadcrumb\",\"itemListElement\":[{\"@type\":\"ListItem\",\"position\":1,\"name\":\"Home\",\"item\":\"https:\\\/\\\/deravio.com\\\/no\\\/\"},{\"@type\":\"ListItem\",\"position\":2,\"name\":\"Butikk\",\"item\":\"https:\\\/\\\/deravio.com\\\/no\\\/butikk\\\/\"},{\"@type\":\"ListItem\",\"position\":3,\"name\":\"3 i 1 RC-skumfly\"}]},{\"@type\":\"WebSite\",\"@id\":\"https:\\\/\\\/deravio.com\\\/no\\\/#website\",\"url\":\"https:\\\/\\\/deravio.com\\\/no\\\/\",\"name\":\"Deravio NO\",\"description\":\"\",\"publisher\":{\"@id\":\"https:\\\/\\\/deravio.com\\\/no\\\/#organization\"},\"potentialAction\":[{\"@type\":\"SearchAction\",\"target\":{\"@type\":\"EntryPoint\",\"urlTemplate\":\"https:\\\/\\\/deravio.com\\\/no\\\/?s={search_term_string}\"},\"query-input\":{\"@type\":\"PropertyValueSpecification\",\"valueRequired\":true,\"valueName\":\"search_term_string\"}}],\"inLanguage\":\"nb-NO\"},{\"@type\":\"Organization\",\"@id\":\"https:\\\/\\\/deravio.com\\\/no\\\/#organization\",\"name\":\"Mekulo\",\"url\":\"https:\\\/\\\/deravio.com\\\/no\\\/\",\"logo\":{\"@type\":\"ImageObject\",\"inLanguage\":\"nb-NO\",\"@id\":\"https:\\\/\\\/deravio.com\\\/no\\\/#\\\/schema\\\/logo\\\/image\\\/\",\"url\":\"https:\\\/\\\/deravio.com\\\/no\\\/wp-content\\\/uploads\\\/sites\\\/18\\\/2025\\\/12\\\/favicon_mekulo.png\",\"contentUrl\":\"https:\\\/\\\/deravio.com\\\/no\\\/wp-content\\\/uploads\\\/sites\\\/18\\\/2025\\\/12\\\/favicon_mekulo.png\",\"width\":50,\"height\":50,\"caption\":\"Mekulo\"},\"image\":{\"@id\":\"https:\\\/\\\/deravio.com\\\/no\\\/#\\\/schema\\\/logo\\\/image\\\/\"}}]}<\/script>\n<!-- \/ Yoast SEO plugin. -->","yoast_head_json":{"title":"3 i 1 RC-skumfly - Deravio NO","robots":{"index":"index","follow":"follow","max-snippet":"max-snippet:-1","max-image-preview":"max-image-preview:large","max-video-preview":"max-video-preview:-1"},"canonical":"https:\/\/deravio.com\/no\/produkt\/3-i-1-rc-skumfly\/","og_locale":"nb_NO","og_type":"article","og_title":"3 i 1 RC-skumfly - Deravio NO","og_description":"\u26a1Fly det. Kj\u00f8r det. Du kan til og med gli over vannet. \ud83d\udee9\ufe0fEt 3-i-1 RC-skumfly som mestrer luft, land og vann \u2013 laget for action uten stopp, uansett hvor du er. \ud83c\udf0a\ud83c\udfce\ufe0f\u2708\ufe0f\u00c9n enhet. Tre underlag. Ubegrenset moro \u2013 hver gang du sl\u00e5r den p\u00e5.","og_url":"https:\/\/deravio.com\/no\/produkt\/3-i-1-rc-skumfly\/","og_site_name":"Deravio NO","article_modified_time":"2026-04-27T13:36:47+00:00","og_image":[{"width":792,"height":686,"url":"https:\/\/deravio.com\/no\/wp-content\/uploads\/sites\/18\/2026\/04\/2q1um1c-1.jpg","type":"image\/jpeg"}],"twitter_card":"summary_large_image","twitter_misc":{"Ansl. lesetid":"3 minutter"},"schema":{"@context":"https:\/\/schema.org","@graph":[{"@type":"WebPage","@id":"https:\/\/deravio.com\/no\/produkt\/3-i-1-rc-skumfly\/","url":"https:\/\/deravio.com\/no\/produkt\/3-i-1-rc-skumfly\/","name":"3 i 1 RC-skumfly - Deravio NO","isPartOf":{"@id":"https:\/\/deravio.com\/no\/#website"},"primaryImageOfPage":{"@id":"https:\/\/deravio.com\/no\/produkt\/3-i-1-rc-skumfly\/#primaryimage"},"image":{"@id":"https:\/\/deravio.com\/no\/produkt\/3-i-1-rc-skumfly\/#primaryimage"},"thumbnailUrl":"https:\/\/deravio.com\/no\/wp-content\/uploads\/sites\/18\/2026\/04\/2q1um1c-1.jpg","datePublished":"2026-04-27T13:32:23+00:00","dateModified":"2026-04-27T13:36:47+00:00","breadcrumb":{"@id":"https:\/\/deravio.com\/no\/produkt\/3-i-1-rc-skumfly\/#breadcrumb"},"inLanguage":"nb-NO","potentialAction":[{"@type":"ReadAction","target":["https:\/\/deravio.com\/no\/produkt\/3-i-1-rc-skumfly\/"]}]},{"@type":"ImageObject","inLanguage":"nb-NO","@id":"https:\/\/deravio.com\/no\/produkt\/3-i-1-rc-skumfly\/#primaryimage","url":"https:\/\/deravio.com\/no\/wp-content\/uploads\/sites\/18\/2026\/04\/2q1um1c-1.jpg","contentUrl":"https:\/\/deravio.com\/no\/wp-content\/uploads\/sites\/18\/2026\/04\/2q1um1c-1.jpg","width":792,"height":686},{"@type":"BreadcrumbList","@id":"https:\/\/deravio.com\/no\/produkt\/3-i-1-rc-skumfly\/#breadcrumb","itemListElement":[{"@type":"ListItem","position":1,"name":"Home","item":"https:\/\/deravio.com\/no\/"},{"@type":"ListItem","position":2,"name":"Butikk","item":"https:\/\/deravio.com\/no\/butikk\/"},{"@type":"ListItem","position":3,"name":"3 i 1 RC-skumfly"}]},{"@type":"WebSite","@id":"https:\/\/deravio.com\/no\/#website","url":"https:\/\/deravio.com\/no\/","name":"Deravio NO","description":"","publisher":{"@id":"https:\/\/deravio.com\/no\/#organization"},"potentialAction":[{"@type":"SearchAction","target":{"@type":"EntryPoint","urlTemplate":"https:\/\/deravio.com\/no\/?s={search_term_string}"},"query-input":{"@type":"PropertyValueSpecification","valueRequired":true,"valueName":"search_term_string"}}],"inLanguage":"nb-NO"},{"@type":"Organization","@id":"https:\/\/deravio.com\/no\/#organization","name":"Mekulo","url":"https:\/\/deravio.com\/no\/","logo":{"@type":"ImageObject","inLanguage":"nb-NO","@id":"https:\/\/deravio.com\/no\/#\/schema\/logo\/image\/","url":"https:\/\/deravio.com\/no\/wp-content\/uploads\/sites\/18\/2025\/12\/favicon_mekulo.png","contentUrl":"https:\/\/deravio.com\/no\/wp-content\/uploads\/sites\/18\/2025\/12\/favicon_mekulo.png","width":50,"height":50,"caption":"Mekulo"},"image":{"@id":"https:\/\/deravio.com\/no\/#\/schema\/logo\/image\/"}}]}},"_links":{"self":[{"href":"https:\/\/deravio.com\/no\/wp-json\/wp\/v2\/product\/23391","targetHints":{"allow":["GET"]}}],"collection":[{"href":"https:\/\/deravio.com\/no\/wp-json\/wp\/v2\/product"}],"about":[{"href":"https:\/\/deravio.com\/no\/wp-json\/wp\/v2\/types\/product"}],"replies":[{"embeddable":true,"href":"https:\/\/deravio.com\/no\/wp-json\/wp\/v2\/comments?post=23391"}],"wp:featuredmedia":[{"embeddable":true,"href":"https:\/\/deravio.com\/no\/wp-json\/wp\/v2\/media\/23387"}],"wp:attachment":[{"href":"https:\/\/deravio.com\/no\/wp-json\/wp\/v2\/media?parent=23391"}],"wp:term":[{"taxonomy":"product_brand","embeddable":true,"href":"https:\/\/deravio.com\/no\/wp-json\/wp\/v2\/product_brand?post=23391"},{"taxonomy":"product_cat","embeddable":true,"href":"https:\/\/deravio.com\/no\/wp-json\/wp\/v2\/product_cat?post=23391"},{"taxonomy":"product_tag","embeddable":true,"href":"https:\/\/deravio.com\/no\/wp-json\/wp\/v2\/product_tag?post=23391"}],"curies":[{"name":"wp","href":"https:\/\/api.w.org\/{rel}","templated":true}]}}