{"id":23081,"date":"2026-04-27T11:17:59","date_gmt":"2026-04-27T08:17:59","guid":{"rendered":"https:\/\/deravio.com\/no\/produkt\/moonlight-moissanittring\/"},"modified":"2026-04-27T12:58:27","modified_gmt":"2026-04-27T09:58:27","slug":"moonlight-moissanittring","status":"publish","type":"product","link":"https:\/\/deravio.com\/no\/produkt\/moonlight-moissanittring\/","title":{"rendered":"Moonlight moissanittring"},"content":{"rendered":"<h2 style=\"text-align: center;\" data-start=\"279\" data-end=\"295\">\u2728 L\u00f8ftet<\/h2>\n<p style=\"text-align: center;\" data-start=\"297\" data-end=\"364\">Varig gnist.<br data-start=\"314\" data-end=\"317\" \/>Grasi\u00f8s design.<br data-start=\"333\" data-end=\"336\" \/>En ring laget for \u00e5 bli verdsatt.<\/p>\n<p data-start=\"297\" data-end=\"364\"><img fetchpriority=\"high\" decoding=\"async\" class=\" wp-image-26750 aligncenter\" src=\"https:\/\/mekulo.com\/template\/wp-content\/uploads\/sites\/6\/2026\/03\/122114-ezgif.com-video-to-webp-converter.webp\" alt=\"\" width=\"550\" height=\"550\" \/><\/p>\n<h2 style=\"text-align: center;\" data-start=\"371\" data-end=\"389\">\u2705 Hovedfordeler<\/h2>\n<p data-start=\"393\" data-end=\"497\">\ud83d\udc8e Blendende moissanittglans &#8211; Eksepsjonell ild og klarhet som konkurrerer med tradisjonelle diamanter.<\/p>\n<p data-start=\"501\" data-end=\"591\">\ud83d\udc8d Elegant halo-design &#8211; Forbedrer midtsteinen for ekstra utstr\u00e5ling og dimensjon.<\/p>\n<p data-start=\"595\" data-end=\"700\">\ud83c\udf3f Innfatning i 925 sterlings\u00f8lv &#8211; Slitesterk, hudvennlig og motstandsdyktig mot anl\u00f8pe eller misfarging.<\/p>\n<p data-start=\"704\" data-end=\"783\">\u2728 Komfortabel hverdagsbruk &#8211; Glatt finish designet for varig komfort.<\/p>\n<p data-start=\"787\" data-end=\"882\">\ud83c\udf81 Et meningsfylt gavevalg &#8211; Ideell til forlovelser, jubileer eller inderlige \u00f8yeblikk.<\/p>\n<p data-start=\"886\" data-end=\"961\">\ud83c\udf19 Tidl\u00f8s rundsliping &#8211; En klassisk form som aldri g\u00e5r av moten.<\/p>\n<h2 style=\"text-align: center;\" data-start=\"968\" data-end=\"991\">\u2757 Problem \u2192 L\u00f8sning \u2705<\/h2>\n<p data-start=\"993\" data-end=\"1077\"><strong data-start=\"993\" data-end=\"1005\">Problem:<\/strong><br data-start=\"1005\" data-end=\"1008\" \/>Mange statement-ringer mister glansen over tid eller irriterer sensitiv hud.<\/p>\n<p data-start=\"1079\" data-end=\"1223\"><strong data-start=\"1079\" data-end=\"1092\">L\u00f8sning:<\/strong><br data-start=\"1092\" data-end=\"1095\" \/>Denne ringen er laget i sterlings\u00f8lv med moissanitt av h\u00f8y kvalitet, og bevarer glansen samtidig som den er sk\u00e5nsom mot huden din.<\/p>\n<p data-start=\"1079\" data-end=\"1223\"><img decoding=\"async\" class=\" wp-image-26749 aligncenter\" src=\"https:\/\/mekulo.com\/template\/wp-content\/uploads\/sites\/6\/2026\/03\/122115-ezgif.com-video-to-webp-converter.webp\" alt=\"\" width=\"550\" height=\"550\" \/><\/p>\n<h2 style=\"text-align: center;\" data-start=\"1262\" data-end=\"1288\">\ud83d\udc96 Perfekt til<\/h2>\n<ul data-start=\"1304\" data-end=\"1407\">\n<li data-start=\"1304\" data-end=\"1319\">\n<p data-start=\"1306\" data-end=\"1319\">Bryllup<\/p>\n<\/li>\n<li data-start=\"1320\" data-end=\"1337\">\n<p data-start=\"1322\" data-end=\"1337\">Jubileer<\/p>\n<\/li>\n<li data-start=\"1338\" data-end=\"1362\">\n<p data-start=\"1340\" data-end=\"1362\">Bryllupsfeiringer<\/p>\n<\/li>\n<li data-start=\"1363\" data-end=\"1381\">\n<p data-start=\"1365\" data-end=\"1381\">Romantiske gaver<\/p>\n<\/li>\n<li data-start=\"1382\" data-end=\"1407\">\n<p data-start=\"1384\" data-end=\"1407\">Elegant hverdagsbruk<\/p>\n<\/li>\n<\/ul>\n<p data-start=\"1409\" data-end=\"1479\">En ring som utfyller b\u00e5de formelle anledninger og raffinert hverdagsstil.<\/p>\n<h2 style=\"text-align: center;\" data-start=\"1486\" data-end=\"1510\">\u2699\ufe0f Slik bruker du den<\/h2>\n<ol data-start=\"1512\" data-end=\"1671\">\n<li data-start=\"1512\" data-end=\"1541\">\n<p data-start=\"1515\" data-end=\"1541\">Gli forsiktig p\u00e5 fingeren.<\/p>\n<\/li>\n<li data-start=\"1542\" data-end=\"1581\">\n<p data-start=\"1545\" data-end=\"1581\">Unng\u00e5 kontakt med sterke kjemikalier.<\/p>\n<\/li>\n<li data-start=\"1582\" data-end=\"1631\">\n<p data-start=\"1585\" data-end=\"1631\">Rengj\u00f8r med en myk klut for \u00e5 opprettholde glansen.<\/p>\n<\/li>\n<li data-start=\"1632\" data-end=\"1671\">\n<p data-start=\"1635\" data-end=\"1671\">Oppbevar separat for \u00e5 bevare glansen.<\/p>\n<\/li>\n<\/ol>\n<h2 style=\"text-align: center;\" data-start=\"1711\" data-end=\"1732\">\ud83d\udcd0 Produktdetaljer<\/h2>\n<ul data-start=\"1734\" data-end=\"1944\">\n<li data-start=\"1734\" data-end=\"1793\">\n<p data-start=\"1736\" data-end=\"1793\">Hovedstein: Rund moissanitt (3CT-alternativ tilgjengelig)<\/p>\n<\/li>\n<li data-start=\"1834\" data-end=\"1871\">\n<p data-start=\"1836\" data-end=\"1871\">Materiale: 925 sterlings\u00f8lv<\/p>\n<\/li>\n<li data-start=\"1872\" data-end=\"1908\">\n<p data-start=\"1874\" data-end=\"1908\">Tilgjengelige st\u00f8rrelser: 6 (16,5 mm), 7 (17,3 mm), 8 (18 mm), 9 (18,9 mm), 10 (19,8 mm)<\/p>\n<\/li>\n<li data-start=\"1909\" data-end=\"1944\">\n<p data-start=\"1911\" data-end=\"1944\">Design: Skjult glorieinnfatning<\/p>\n<\/li>\n<\/ul>\n<h2 style=\"text-align: center;\" data-start=\"1995\" data-end=\"2017\">\ud83d\udce6 Pakken inneholder<\/h2>\n<ul data-start=\"2019\" data-end=\"2052\">\n<li data-start=\"2019\" data-end=\"2052\">\n<p data-start=\"2021\" data-end=\"2052\">1x moonlight moissanittring.<\/p>\n<\/li>\n<\/ul>\n","protected":false},"excerpt":{"rendered":"<p>\ud83d\udc8eEn gl\u00f8d som f\u00f8les evig.<br \/>\n\ud83d\udd90\ufe0fBrilliant ild. Tidl\u00f8s eleganse.<br \/>\n<span style=\"font-size: 16px; font-style: normal; font-weight: 400;\">\ud83d\udc8d<\/span>Denne m\u00e5neskinnsmoissanittringen fanger lyset fra alle vinkler, og tilbyr utstr\u00e5lingen til fine smykker med et raffinert, moderne preg.<\/p>\n","protected":false},"featured_media":23077,"comment_status":"open","ping_status":"closed","template":"","meta":{"site-sidebar-layout":"default","site-content-layout":"","ast-site-content-layout":"default","site-content-style":"default","site-sidebar-style":"default","ast-global-header-display":"","ast-banner-title-visibility":"","ast-main-header-display":"","ast-hfb-above-header-display":"","ast-hfb-below-header-display":"","ast-hfb-mobile-header-display":"","site-post-title":"","ast-breadcrumbs-content":"","ast-featured-img":"","footer-sml-layout":"","ast-disable-related-posts":"","theme-transparent-header-meta":"default","adv-header-id-meta":"","stick-header-meta":"","header-above-stick-meta":"","header-main-stick-meta":"","header-below-stick-meta":"","astra-migrate-meta-layouts":"set","ast-page-background-enabled":"default","ast-page-background-meta":{"desktop":{"background-color":"var(--ast-global-color-5)","background-image":"","background-repeat":"repeat","background-position":"center center","background-size":"auto","background-attachment":"scroll","background-type":"","background-media":"","overlay-type":"","overlay-color":"","overlay-opacity":"","overlay-gradient":""},"tablet":{"background-color":"","background-image":"","background-repeat":"repeat","background-position":"center center","background-size":"auto","background-attachment":"scroll","background-type":"","background-media":"","overlay-type":"","overlay-color":"","overlay-opacity":"","overlay-gradient":""},"mobile":{"background-color":"","background-image":"","background-repeat":"repeat","background-position":"center center","background-size":"auto","background-attachment":"scroll","background-type":"","background-media":"","overlay-type":"","overlay-color":"","overlay-opacity":"","overlay-gradient":""}},"ast-content-background-meta":{"desktop":{"background-color":"var(--ast-global-color-4)","background-image":"","background-repeat":"repeat","background-position":"center center","background-size":"auto","background-attachment":"scroll","background-type":"","background-media":"","overlay-type":"","overlay-color":"","overlay-opacity":"","overlay-gradient":""},"tablet":{"background-color":"var(--ast-global-color-4)","background-image":"","background-repeat":"repeat","background-position":"center center","background-size":"auto","background-attachment":"scroll","background-type":"","background-media":"","overlay-type":"","overlay-color":"","overlay-opacity":"","overlay-gradient":""},"mobile":{"background-color":"var(--ast-global-color-4)","background-image":"","background-repeat":"repeat","background-position":"center center","background-size":"auto","background-attachment":"scroll","background-type":"","background-media":"","overlay-type":"","overlay-color":"","overlay-opacity":"","overlay-gradient":""}}},"product_brand":[],"product_cat":[165],"product_tag":[],"class_list":{"0":"post-23081","1":"product","2":"type-product","3":"status-publish","4":"has-post-thumbnail","6":"product_cat-fottoy-tilbehor","7":"pa_64208_uxpy3q6n-1781","8":"pa_64208_uxpy3q6n-1782","9":"pa_64208_uxpy3q6n-1783","10":"pa_64208_uxpy3q6n-1784","11":"pa_64208_uxpy3q6n-1785","12":"desktop-align-left","13":"tablet-align-left","14":"mobile-align-left","16":"first","17":"instock","18":"shipping-taxable","19":"purchasable","20":"product-type-variable"},"yoast_head":"<!-- This site is optimized with the Yoast SEO plugin v27.4 - https:\/\/yoast.com\/product\/yoast-seo-wordpress\/ -->\n<title>Moonlight moissanittring - Deravio NO<\/title>\n<meta name=\"robots\" content=\"index, follow, max-snippet:-1, max-image-preview:large, max-video-preview:-1\" \/>\n<link rel=\"canonical\" href=\"https:\/\/deravio.com\/no\/produkt\/moonlight-moissanittring\/\" \/>\n<meta property=\"og:locale\" content=\"nb_NO\" \/>\n<meta property=\"og:type\" content=\"article\" \/>\n<meta property=\"og:title\" content=\"Moonlight moissanittring - Deravio NO\" \/>\n<meta property=\"og:description\" content=\"\ud83d\udc8eEn gl\u00f8d som f\u00f8les evig. \ud83d\udd90\ufe0fBrilliant ild. Tidl\u00f8s eleganse. \ud83d\udc8dDenne m\u00e5neskinnsmoissanittringen fanger lyset fra alle vinkler, og tilbyr utstr\u00e5lingen til fine smykker med et raffinert, moderne preg.\" \/>\n<meta property=\"og:url\" content=\"https:\/\/deravio.com\/no\/produkt\/moonlight-moissanittring\/\" \/>\n<meta property=\"og:site_name\" content=\"Deravio NO\" \/>\n<meta property=\"article:modified_time\" content=\"2026-04-27T09:58:27+00:00\" \/>\n<meta property=\"og:image\" content=\"https:\/\/deravio.com\/no\/wp-content\/uploads\/sites\/18\/2026\/04\/wfjb250-1.webp\" \/>\n\t<meta property=\"og:image:width\" content=\"800\" \/>\n\t<meta property=\"og:image:height\" content=\"800\" \/>\n\t<meta property=\"og:image:type\" content=\"image\/webp\" \/>\n<meta name=\"twitter:card\" content=\"summary_large_image\" \/>\n<meta name=\"twitter:label1\" content=\"Ansl. lesetid\" \/>\n\t<meta name=\"twitter:data1\" content=\"2 minutter\" \/>\n<script type=\"application\/ld+json\" class=\"yoast-schema-graph\">{\"@context\":\"https:\\\/\\\/schema.org\",\"@graph\":[{\"@type\":\"WebPage\",\"@id\":\"https:\\\/\\\/deravio.com\\\/no\\\/produkt\\\/moonlight-moissanittring\\\/\",\"url\":\"https:\\\/\\\/deravio.com\\\/no\\\/produkt\\\/moonlight-moissanittring\\\/\",\"name\":\"Moonlight moissanittring - Deravio NO\",\"isPartOf\":{\"@id\":\"https:\\\/\\\/deravio.com\\\/no\\\/#website\"},\"primaryImageOfPage\":{\"@id\":\"https:\\\/\\\/deravio.com\\\/no\\\/produkt\\\/moonlight-moissanittring\\\/#primaryimage\"},\"image\":{\"@id\":\"https:\\\/\\\/deravio.com\\\/no\\\/produkt\\\/moonlight-moissanittring\\\/#primaryimage\"},\"thumbnailUrl\":\"https:\\\/\\\/deravio.com\\\/no\\\/wp-content\\\/uploads\\\/sites\\\/18\\\/2026\\\/04\\\/wfjb250-1.webp\",\"datePublished\":\"2026-04-27T08:17:59+00:00\",\"dateModified\":\"2026-04-27T09:58:27+00:00\",\"breadcrumb\":{\"@id\":\"https:\\\/\\\/deravio.com\\\/no\\\/produkt\\\/moonlight-moissanittring\\\/#breadcrumb\"},\"inLanguage\":\"nb-NO\",\"potentialAction\":[{\"@type\":\"ReadAction\",\"target\":[\"https:\\\/\\\/deravio.com\\\/no\\\/produkt\\\/moonlight-moissanittring\\\/\"]}]},{\"@type\":\"ImageObject\",\"inLanguage\":\"nb-NO\",\"@id\":\"https:\\\/\\\/deravio.com\\\/no\\\/produkt\\\/moonlight-moissanittring\\\/#primaryimage\",\"url\":\"https:\\\/\\\/deravio.com\\\/no\\\/wp-content\\\/uploads\\\/sites\\\/18\\\/2026\\\/04\\\/wfjb250-1.webp\",\"contentUrl\":\"https:\\\/\\\/deravio.com\\\/no\\\/wp-content\\\/uploads\\\/sites\\\/18\\\/2026\\\/04\\\/wfjb250-1.webp\",\"width\":800,\"height\":800},{\"@type\":\"BreadcrumbList\",\"@id\":\"https:\\\/\\\/deravio.com\\\/no\\\/produkt\\\/moonlight-moissanittring\\\/#breadcrumb\",\"itemListElement\":[{\"@type\":\"ListItem\",\"position\":1,\"name\":\"Home\",\"item\":\"https:\\\/\\\/deravio.com\\\/no\\\/\"},{\"@type\":\"ListItem\",\"position\":2,\"name\":\"Butikk\",\"item\":\"https:\\\/\\\/deravio.com\\\/no\\\/butikk\\\/\"},{\"@type\":\"ListItem\",\"position\":3,\"name\":\"Moonlight moissanittring\"}]},{\"@type\":\"WebSite\",\"@id\":\"https:\\\/\\\/deravio.com\\\/no\\\/#website\",\"url\":\"https:\\\/\\\/deravio.com\\\/no\\\/\",\"name\":\"Deravio NO\",\"description\":\"\",\"publisher\":{\"@id\":\"https:\\\/\\\/deravio.com\\\/no\\\/#organization\"},\"potentialAction\":[{\"@type\":\"SearchAction\",\"target\":{\"@type\":\"EntryPoint\",\"urlTemplate\":\"https:\\\/\\\/deravio.com\\\/no\\\/?s={search_term_string}\"},\"query-input\":{\"@type\":\"PropertyValueSpecification\",\"valueRequired\":true,\"valueName\":\"search_term_string\"}}],\"inLanguage\":\"nb-NO\"},{\"@type\":\"Organization\",\"@id\":\"https:\\\/\\\/deravio.com\\\/no\\\/#organization\",\"name\":\"Mekulo\",\"url\":\"https:\\\/\\\/deravio.com\\\/no\\\/\",\"logo\":{\"@type\":\"ImageObject\",\"inLanguage\":\"nb-NO\",\"@id\":\"https:\\\/\\\/deravio.com\\\/no\\\/#\\\/schema\\\/logo\\\/image\\\/\",\"url\":\"https:\\\/\\\/deravio.com\\\/no\\\/wp-content\\\/uploads\\\/sites\\\/18\\\/2025\\\/12\\\/favicon_mekulo.png\",\"contentUrl\":\"https:\\\/\\\/deravio.com\\\/no\\\/wp-content\\\/uploads\\\/sites\\\/18\\\/2025\\\/12\\\/favicon_mekulo.png\",\"width\":50,\"height\":50,\"caption\":\"Mekulo\"},\"image\":{\"@id\":\"https:\\\/\\\/deravio.com\\\/no\\\/#\\\/schema\\\/logo\\\/image\\\/\"}}]}<\/script>\n<!-- \/ Yoast SEO plugin. -->","yoast_head_json":{"title":"Moonlight moissanittring - Deravio NO","robots":{"index":"index","follow":"follow","max-snippet":"max-snippet:-1","max-image-preview":"max-image-preview:large","max-video-preview":"max-video-preview:-1"},"canonical":"https:\/\/deravio.com\/no\/produkt\/moonlight-moissanittring\/","og_locale":"nb_NO","og_type":"article","og_title":"Moonlight moissanittring - Deravio NO","og_description":"\ud83d\udc8eEn gl\u00f8d som f\u00f8les evig. \ud83d\udd90\ufe0fBrilliant ild. Tidl\u00f8s eleganse. \ud83d\udc8dDenne m\u00e5neskinnsmoissanittringen fanger lyset fra alle vinkler, og tilbyr utstr\u00e5lingen til fine smykker med et raffinert, moderne preg.","og_url":"https:\/\/deravio.com\/no\/produkt\/moonlight-moissanittring\/","og_site_name":"Deravio NO","article_modified_time":"2026-04-27T09:58:27+00:00","og_image":[{"width":800,"height":800,"url":"https:\/\/deravio.com\/no\/wp-content\/uploads\/sites\/18\/2026\/04\/wfjb250-1.webp","type":"image\/webp"}],"twitter_card":"summary_large_image","twitter_misc":{"Ansl. lesetid":"2 minutter"},"schema":{"@context":"https:\/\/schema.org","@graph":[{"@type":"WebPage","@id":"https:\/\/deravio.com\/no\/produkt\/moonlight-moissanittring\/","url":"https:\/\/deravio.com\/no\/produkt\/moonlight-moissanittring\/","name":"Moonlight moissanittring - Deravio NO","isPartOf":{"@id":"https:\/\/deravio.com\/no\/#website"},"primaryImageOfPage":{"@id":"https:\/\/deravio.com\/no\/produkt\/moonlight-moissanittring\/#primaryimage"},"image":{"@id":"https:\/\/deravio.com\/no\/produkt\/moonlight-moissanittring\/#primaryimage"},"thumbnailUrl":"https:\/\/deravio.com\/no\/wp-content\/uploads\/sites\/18\/2026\/04\/wfjb250-1.webp","datePublished":"2026-04-27T08:17:59+00:00","dateModified":"2026-04-27T09:58:27+00:00","breadcrumb":{"@id":"https:\/\/deravio.com\/no\/produkt\/moonlight-moissanittring\/#breadcrumb"},"inLanguage":"nb-NO","potentialAction":[{"@type":"ReadAction","target":["https:\/\/deravio.com\/no\/produkt\/moonlight-moissanittring\/"]}]},{"@type":"ImageObject","inLanguage":"nb-NO","@id":"https:\/\/deravio.com\/no\/produkt\/moonlight-moissanittring\/#primaryimage","url":"https:\/\/deravio.com\/no\/wp-content\/uploads\/sites\/18\/2026\/04\/wfjb250-1.webp","contentUrl":"https:\/\/deravio.com\/no\/wp-content\/uploads\/sites\/18\/2026\/04\/wfjb250-1.webp","width":800,"height":800},{"@type":"BreadcrumbList","@id":"https:\/\/deravio.com\/no\/produkt\/moonlight-moissanittring\/#breadcrumb","itemListElement":[{"@type":"ListItem","position":1,"name":"Home","item":"https:\/\/deravio.com\/no\/"},{"@type":"ListItem","position":2,"name":"Butikk","item":"https:\/\/deravio.com\/no\/butikk\/"},{"@type":"ListItem","position":3,"name":"Moonlight moissanittring"}]},{"@type":"WebSite","@id":"https:\/\/deravio.com\/no\/#website","url":"https:\/\/deravio.com\/no\/","name":"Deravio NO","description":"","publisher":{"@id":"https:\/\/deravio.com\/no\/#organization"},"potentialAction":[{"@type":"SearchAction","target":{"@type":"EntryPoint","urlTemplate":"https:\/\/deravio.com\/no\/?s={search_term_string}"},"query-input":{"@type":"PropertyValueSpecification","valueRequired":true,"valueName":"search_term_string"}}],"inLanguage":"nb-NO"},{"@type":"Organization","@id":"https:\/\/deravio.com\/no\/#organization","name":"Mekulo","url":"https:\/\/deravio.com\/no\/","logo":{"@type":"ImageObject","inLanguage":"nb-NO","@id":"https:\/\/deravio.com\/no\/#\/schema\/logo\/image\/","url":"https:\/\/deravio.com\/no\/wp-content\/uploads\/sites\/18\/2025\/12\/favicon_mekulo.png","contentUrl":"https:\/\/deravio.com\/no\/wp-content\/uploads\/sites\/18\/2025\/12\/favicon_mekulo.png","width":50,"height":50,"caption":"Mekulo"},"image":{"@id":"https:\/\/deravio.com\/no\/#\/schema\/logo\/image\/"}}]}},"_links":{"self":[{"href":"https:\/\/deravio.com\/no\/wp-json\/wp\/v2\/product\/23081","targetHints":{"allow":["GET"]}}],"collection":[{"href":"https:\/\/deravio.com\/no\/wp-json\/wp\/v2\/product"}],"about":[{"href":"https:\/\/deravio.com\/no\/wp-json\/wp\/v2\/types\/product"}],"replies":[{"embeddable":true,"href":"https:\/\/deravio.com\/no\/wp-json\/wp\/v2\/comments?post=23081"}],"wp:featuredmedia":[{"embeddable":true,"href":"https:\/\/deravio.com\/no\/wp-json\/wp\/v2\/media\/23077"}],"wp:attachment":[{"href":"https:\/\/deravio.com\/no\/wp-json\/wp\/v2\/media?parent=23081"}],"wp:term":[{"taxonomy":"product_brand","embeddable":true,"href":"https:\/\/deravio.com\/no\/wp-json\/wp\/v2\/product_brand?post=23081"},{"taxonomy":"product_cat","embeddable":true,"href":"https:\/\/deravio.com\/no\/wp-json\/wp\/v2\/product_cat?post=23081"},{"taxonomy":"product_tag","embeddable":true,"href":"https:\/\/deravio.com\/no\/wp-json\/wp\/v2\/product_tag?post=23081"}],"curies":[{"name":"wp","href":"https:\/\/api.w.org\/{rel}","templated":true}]}}