{"id":22591,"date":"2026-04-15T19:22:11","date_gmt":"2026-04-15T16:22:11","guid":{"rendered":"https:\/\/deravio.com\/no\/produkt\/bilantenne-med-haifinne\/"},"modified":"2026-04-29T10:57:22","modified_gmt":"2026-04-29T07:57:22","slug":"bilantenne-med-haifinne","status":"publish","type":"product","link":"https:\/\/deravio.com\/no\/produkt\/bilantenne-med-haifinne\/","title":{"rendered":"Bilantenne med haifinne"},"content":{"rendered":"<h2 style=\"text-align: center\">Forbedre Bilens Signal<\/h2>\n<p style=\"text-align: center\">Hajfinne-bilantennen er utformet for \u00e5 forbedre bilens signalmottak, noe som gir en mer p\u00e5litelig tilkobling for radioen din. Denne antennen forbedrer ikke bare ytelsen, men gir ogs\u00e5 bilens eksteri\u00f8r et elegant og moderne utseende.<\/p>\n<p><img decoding=\"async\" class=\"alignnone size-medium wp-image-3084 aligncenter\" src=\"https:\/\/keluvo.com\/template\/wp-content\/uploads\/sites\/5\/2024\/11\/FOR-Citroen-C4-C5-C2-C3-C6-DS3-DS4-DS5-Radio-shark-fin-Car-antenna-3M.jpg_-1.png\" alt=\"\" \/><\/p>\n<h2 style=\"text-align: center\">Enkel Montering<\/h2>\n<p style=\"text-align: center\">Det er enkelt \u00e5 montere haifinneantennen, og du trenger ikke \u00e5 bore. Bare rengj\u00f8r og t\u00f8rk overflaten, p\u00e5f\u00f8r det dobbeltsidige limet, og fest antennen. For ekstra sikkerhet kan du bruke en h\u00e5rf\u00f8ner for \u00e5 forbedre vedheftingen av tapen.<\/p>\n<p><img fetchpriority=\"high\" decoding=\"async\" class=\"alignnone size-full wp-image-20131 aligncenter\" src=\"https:\/\/mekulo.com\/template\/wp-content\/uploads\/sites\/6\/2025\/12\/6.jpeg\" alt=\"\" width=\"800\" height=\"800\" \/><\/p>\n<h2 style=\"text-align: center\">Spesifikasjoner<\/h2>\n<p>St\u00f8rrelse: 7 x 7 x 16,5 cm<\/p>\n<p>Vekt: 76 g<\/p>\n<p>Materiale: ABS<\/p>\n<h2 style=\"text-align: center\">Pakken Inneholder<\/h2>\n<p>1 haifinne-bilantenne<\/p>\n","protected":false},"excerpt":{"rendered":"<div class=\"flex flex-col text-sm pb-25\">\n<article class=\"text-token-text-primary w-full focus:outline-none [--shadow-height:45px] has-data-writing-block:pointer-events-none has-data-writing-block:-mt-(--shadow-height) has-data-writing-block:pt-(--shadow-height) [&amp;:has([data-writing-block])&gt;*]:pointer-events-auto scroll-mt-[calc(var(--header-height)+min(200px,max(70px,20svh)))]\" dir=\"auto\" data-turn-id=\"request-6953fc99-4988-8330-83cb-2284431b2ad2-7\" data-testid=\"conversation-turn-20\" data-scroll-anchor=\"true\" data-turn=\"assistant\">\n<div class=\"text-base my-auto mx-auto pb-10 [--thread-content-margin:--spacing(4)] @w-sm\/main:[--thread-content-margin:--spacing(6)] @w-lg\/main:[--thread-content-margin:--spacing(16)] px-(--thread-content-margin)\">\n<div class=\"[--thread-content-max-width:40rem] @w-lg\/main:[--thread-content-max-width:48rem] mx-auto max-w-(--thread-content-max-width) flex-1 group\/turn-messages focus-visible:outline-hidden relative flex w-full min-w-0 flex-col agent-turn\">\n<div class=\"flex max-w-full flex-col grow\">\n<div class=\"min-h-8 text-message relative flex w-full flex-col items-end gap-2 text-start break-words whitespace-normal [.text-message+&amp;]:mt-1\" dir=\"auto\" data-message-author-role=\"assistant\" data-message-id=\"1e8e0706-14ee-4b63-a54d-060f8b42be54\" data-message-model-slug=\"gpt-5-2\">\n<div class=\"flex w-full flex-col gap-1 empty:hidden first:pt-[1px]\">\n<div class=\"markdown prose dark:prose-invert w-full break-words light markdown-new-styling\">\n<p data-start=\"0\" data-end=\"260\" data-is-last-node=\"\" data-is-only-node=\"\">En bilantenne med haifinne som er utformet for \u00e5 forbedre signalmottaket samtidig som den gir bilen et elegant og moderne utseende. Den er enkel \u00e5 montere uten \u00e5 bore, passer til de fleste biler og forbedrer radiotilkoblingen. Den er slitesterk og stilig, og oppgraderer b\u00e5de ytelse og utseende.<\/p>\n<\/div>\n<\/div>\n<\/div>\n<\/div>\n<div class=\"z-0 flex min-h-[46px] justify-start\"><\/div>\n<div class=\"mt-3 w-full empty:hidden\">\n<div class=\"text-center\"><\/div>\n<\/div>\n<\/div>\n<\/div>\n<\/article>\n<\/div>\n<div class=\"pointer-events-none h-px w-px absolute bottom-0\" aria-hidden=\"true\" data-edge=\"true\"><\/div>\n","protected":false},"featured_media":22587,"comment_status":"open","ping_status":"closed","template":"","meta":{"site-sidebar-layout":"default","site-content-layout":"","ast-site-content-layout":"default","site-content-style":"default","site-sidebar-style":"default","ast-global-header-display":"","ast-banner-title-visibility":"","ast-main-header-display":"","ast-hfb-above-header-display":"","ast-hfb-below-header-display":"","ast-hfb-mobile-header-display":"","site-post-title":"","ast-breadcrumbs-content":"","ast-featured-img":"","footer-sml-layout":"","ast-disable-related-posts":"","theme-transparent-header-meta":"default","adv-header-id-meta":"","stick-header-meta":"","header-above-stick-meta":"","header-main-stick-meta":"","header-below-stick-meta":"","astra-migrate-meta-layouts":"set","ast-page-background-enabled":"default","ast-page-background-meta":{"desktop":{"background-color":"var(--ast-global-color-5)","background-image":"","background-repeat":"repeat","background-position":"center center","background-size":"auto","background-attachment":"scroll","background-type":"","background-media":"","overlay-type":"","overlay-color":"","overlay-opacity":"","overlay-gradient":""},"tablet":{"background-color":"","background-image":"","background-repeat":"repeat","background-position":"center center","background-size":"auto","background-attachment":"scroll","background-type":"","background-media":"","overlay-type":"","overlay-color":"","overlay-opacity":"","overlay-gradient":""},"mobile":{"background-color":"","background-image":"","background-repeat":"repeat","background-position":"center center","background-size":"auto","background-attachment":"scroll","background-type":"","background-media":"","overlay-type":"","overlay-color":"","overlay-opacity":"","overlay-gradient":""}},"ast-content-background-meta":{"desktop":{"background-color":"var(--ast-global-color-4)","background-image":"","background-repeat":"repeat","background-position":"center center","background-size":"auto","background-attachment":"scroll","background-type":"","background-media":"","overlay-type":"","overlay-color":"","overlay-opacity":"","overlay-gradient":""},"tablet":{"background-color":"var(--ast-global-color-4)","background-image":"","background-repeat":"repeat","background-position":"center center","background-size":"auto","background-attachment":"scroll","background-type":"","background-media":"","overlay-type":"","overlay-color":"","overlay-opacity":"","overlay-gradient":""},"mobile":{"background-color":"var(--ast-global-color-4)","background-image":"","background-repeat":"repeat","background-position":"center center","background-size":"auto","background-attachment":"scroll","background-type":"","background-media":"","overlay-type":"","overlay-color":"","overlay-opacity":"","overlay-gradient":""}}},"product_brand":[],"product_cat":[161],"product_tag":[],"class_list":{"0":"post-22591","1":"product","2":"type-product","3":"status-publish","4":"has-post-thumbnail","6":"product_cat-bilprodukter","7":"pa_29750_1ghuzcc3-gra","8":"pa_29750_1ghuzcc3-hvit","9":"pa_29750_1ghuzcc3-rod","10":"pa_29750_1ghuzcc3-solv","11":"pa_29750_1ghuzcc3-svart","12":"desktop-align-left","13":"tablet-align-left","14":"mobile-align-left","16":"first","17":"instock","18":"shipping-taxable","19":"purchasable","20":"product-type-variable"},"yoast_head":"<!-- This site is optimized with the Yoast SEO plugin v27.4 - https:\/\/yoast.com\/product\/yoast-seo-wordpress\/ -->\n<title>Bilantenne med haifinne - Deravio NO<\/title>\n<meta name=\"robots\" content=\"index, follow, max-snippet:-1, max-image-preview:large, max-video-preview:-1\" \/>\n<link rel=\"canonical\" href=\"https:\/\/deravio.com\/no\/produkt\/bilantenne-med-haifinne\/\" \/>\n<meta property=\"og:locale\" content=\"nb_NO\" \/>\n<meta property=\"og:type\" content=\"article\" \/>\n<meta property=\"og:title\" content=\"Bilantenne med haifinne - Deravio NO\" \/>\n<meta property=\"og:description\" content=\"En bilantenne med haifinne som er utformet for \u00e5 forbedre signalmottaket samtidig som den gir bilen et elegant og moderne utseende. Den er enkel \u00e5 montere uten \u00e5 bore, passer til de fleste biler og forbedrer radiotilkoblingen. Den er slitesterk og stilig, og oppgraderer b\u00e5de ytelse og utseende.\" \/>\n<meta property=\"og:url\" content=\"https:\/\/deravio.com\/no\/produkt\/bilantenne-med-haifinne\/\" \/>\n<meta property=\"og:site_name\" content=\"Deravio NO\" \/>\n<meta property=\"article:modified_time\" content=\"2026-04-29T07:57:22+00:00\" \/>\n<meta property=\"og:image\" content=\"https:\/\/deravio.com\/no\/wp-content\/uploads\/sites\/18\/2026\/04\/rd7b9n5-1.png\" \/>\n\t<meta property=\"og:image:width\" content=\"1000\" \/>\n\t<meta property=\"og:image:height\" content=\"1000\" \/>\n\t<meta property=\"og:image:type\" content=\"image\/png\" \/>\n<meta name=\"twitter:card\" content=\"summary_large_image\" \/>\n<meta name=\"twitter:label1\" content=\"Ansl. lesetid\" \/>\n\t<meta name=\"twitter:data1\" content=\"2 minutter\" \/>\n<script type=\"application\/ld+json\" class=\"yoast-schema-graph\">{\"@context\":\"https:\\\/\\\/schema.org\",\"@graph\":[{\"@type\":\"WebPage\",\"@id\":\"https:\\\/\\\/deravio.com\\\/no\\\/produkt\\\/bilantenne-med-haifinne\\\/\",\"url\":\"https:\\\/\\\/deravio.com\\\/no\\\/produkt\\\/bilantenne-med-haifinne\\\/\",\"name\":\"Bilantenne med haifinne - Deravio NO\",\"isPartOf\":{\"@id\":\"https:\\\/\\\/deravio.com\\\/no\\\/#website\"},\"primaryImageOfPage\":{\"@id\":\"https:\\\/\\\/deravio.com\\\/no\\\/produkt\\\/bilantenne-med-haifinne\\\/#primaryimage\"},\"image\":{\"@id\":\"https:\\\/\\\/deravio.com\\\/no\\\/produkt\\\/bilantenne-med-haifinne\\\/#primaryimage\"},\"thumbnailUrl\":\"https:\\\/\\\/deravio.com\\\/no\\\/wp-content\\\/uploads\\\/sites\\\/18\\\/2026\\\/04\\\/rd7b9n5-1.png\",\"datePublished\":\"2026-04-15T16:22:11+00:00\",\"dateModified\":\"2026-04-29T07:57:22+00:00\",\"breadcrumb\":{\"@id\":\"https:\\\/\\\/deravio.com\\\/no\\\/produkt\\\/bilantenne-med-haifinne\\\/#breadcrumb\"},\"inLanguage\":\"nb-NO\",\"potentialAction\":[{\"@type\":\"ReadAction\",\"target\":[\"https:\\\/\\\/deravio.com\\\/no\\\/produkt\\\/bilantenne-med-haifinne\\\/\"]}]},{\"@type\":\"ImageObject\",\"inLanguage\":\"nb-NO\",\"@id\":\"https:\\\/\\\/deravio.com\\\/no\\\/produkt\\\/bilantenne-med-haifinne\\\/#primaryimage\",\"url\":\"https:\\\/\\\/deravio.com\\\/no\\\/wp-content\\\/uploads\\\/sites\\\/18\\\/2026\\\/04\\\/rd7b9n5-1.png\",\"contentUrl\":\"https:\\\/\\\/deravio.com\\\/no\\\/wp-content\\\/uploads\\\/sites\\\/18\\\/2026\\\/04\\\/rd7b9n5-1.png\",\"width\":1000,\"height\":1000},{\"@type\":\"BreadcrumbList\",\"@id\":\"https:\\\/\\\/deravio.com\\\/no\\\/produkt\\\/bilantenne-med-haifinne\\\/#breadcrumb\",\"itemListElement\":[{\"@type\":\"ListItem\",\"position\":1,\"name\":\"Home\",\"item\":\"https:\\\/\\\/deravio.com\\\/no\\\/\"},{\"@type\":\"ListItem\",\"position\":2,\"name\":\"Butikk\",\"item\":\"https:\\\/\\\/deravio.com\\\/no\\\/butikk\\\/\"},{\"@type\":\"ListItem\",\"position\":3,\"name\":\"Bilantenne med haifinne\"}]},{\"@type\":\"WebSite\",\"@id\":\"https:\\\/\\\/deravio.com\\\/no\\\/#website\",\"url\":\"https:\\\/\\\/deravio.com\\\/no\\\/\",\"name\":\"Deravio NO\",\"description\":\"\",\"publisher\":{\"@id\":\"https:\\\/\\\/deravio.com\\\/no\\\/#organization\"},\"potentialAction\":[{\"@type\":\"SearchAction\",\"target\":{\"@type\":\"EntryPoint\",\"urlTemplate\":\"https:\\\/\\\/deravio.com\\\/no\\\/?s={search_term_string}\"},\"query-input\":{\"@type\":\"PropertyValueSpecification\",\"valueRequired\":true,\"valueName\":\"search_term_string\"}}],\"inLanguage\":\"nb-NO\"},{\"@type\":\"Organization\",\"@id\":\"https:\\\/\\\/deravio.com\\\/no\\\/#organization\",\"name\":\"Mekulo\",\"url\":\"https:\\\/\\\/deravio.com\\\/no\\\/\",\"logo\":{\"@type\":\"ImageObject\",\"inLanguage\":\"nb-NO\",\"@id\":\"https:\\\/\\\/deravio.com\\\/no\\\/#\\\/schema\\\/logo\\\/image\\\/\",\"url\":\"https:\\\/\\\/deravio.com\\\/no\\\/wp-content\\\/uploads\\\/sites\\\/18\\\/2025\\\/12\\\/favicon_mekulo.png\",\"contentUrl\":\"https:\\\/\\\/deravio.com\\\/no\\\/wp-content\\\/uploads\\\/sites\\\/18\\\/2025\\\/12\\\/favicon_mekulo.png\",\"width\":50,\"height\":50,\"caption\":\"Mekulo\"},\"image\":{\"@id\":\"https:\\\/\\\/deravio.com\\\/no\\\/#\\\/schema\\\/logo\\\/image\\\/\"}}]}<\/script>\n<!-- \/ Yoast SEO plugin. -->","yoast_head_json":{"title":"Bilantenne med haifinne - Deravio NO","robots":{"index":"index","follow":"follow","max-snippet":"max-snippet:-1","max-image-preview":"max-image-preview:large","max-video-preview":"max-video-preview:-1"},"canonical":"https:\/\/deravio.com\/no\/produkt\/bilantenne-med-haifinne\/","og_locale":"nb_NO","og_type":"article","og_title":"Bilantenne med haifinne - Deravio NO","og_description":"En bilantenne med haifinne som er utformet for \u00e5 forbedre signalmottaket samtidig som den gir bilen et elegant og moderne utseende. Den er enkel \u00e5 montere uten \u00e5 bore, passer til de fleste biler og forbedrer radiotilkoblingen. Den er slitesterk og stilig, og oppgraderer b\u00e5de ytelse og utseende.","og_url":"https:\/\/deravio.com\/no\/produkt\/bilantenne-med-haifinne\/","og_site_name":"Deravio NO","article_modified_time":"2026-04-29T07:57:22+00:00","og_image":[{"width":1000,"height":1000,"url":"https:\/\/deravio.com\/no\/wp-content\/uploads\/sites\/18\/2026\/04\/rd7b9n5-1.png","type":"image\/png"}],"twitter_card":"summary_large_image","twitter_misc":{"Ansl. lesetid":"2 minutter"},"schema":{"@context":"https:\/\/schema.org","@graph":[{"@type":"WebPage","@id":"https:\/\/deravio.com\/no\/produkt\/bilantenne-med-haifinne\/","url":"https:\/\/deravio.com\/no\/produkt\/bilantenne-med-haifinne\/","name":"Bilantenne med haifinne - Deravio NO","isPartOf":{"@id":"https:\/\/deravio.com\/no\/#website"},"primaryImageOfPage":{"@id":"https:\/\/deravio.com\/no\/produkt\/bilantenne-med-haifinne\/#primaryimage"},"image":{"@id":"https:\/\/deravio.com\/no\/produkt\/bilantenne-med-haifinne\/#primaryimage"},"thumbnailUrl":"https:\/\/deravio.com\/no\/wp-content\/uploads\/sites\/18\/2026\/04\/rd7b9n5-1.png","datePublished":"2026-04-15T16:22:11+00:00","dateModified":"2026-04-29T07:57:22+00:00","breadcrumb":{"@id":"https:\/\/deravio.com\/no\/produkt\/bilantenne-med-haifinne\/#breadcrumb"},"inLanguage":"nb-NO","potentialAction":[{"@type":"ReadAction","target":["https:\/\/deravio.com\/no\/produkt\/bilantenne-med-haifinne\/"]}]},{"@type":"ImageObject","inLanguage":"nb-NO","@id":"https:\/\/deravio.com\/no\/produkt\/bilantenne-med-haifinne\/#primaryimage","url":"https:\/\/deravio.com\/no\/wp-content\/uploads\/sites\/18\/2026\/04\/rd7b9n5-1.png","contentUrl":"https:\/\/deravio.com\/no\/wp-content\/uploads\/sites\/18\/2026\/04\/rd7b9n5-1.png","width":1000,"height":1000},{"@type":"BreadcrumbList","@id":"https:\/\/deravio.com\/no\/produkt\/bilantenne-med-haifinne\/#breadcrumb","itemListElement":[{"@type":"ListItem","position":1,"name":"Home","item":"https:\/\/deravio.com\/no\/"},{"@type":"ListItem","position":2,"name":"Butikk","item":"https:\/\/deravio.com\/no\/butikk\/"},{"@type":"ListItem","position":3,"name":"Bilantenne med haifinne"}]},{"@type":"WebSite","@id":"https:\/\/deravio.com\/no\/#website","url":"https:\/\/deravio.com\/no\/","name":"Deravio NO","description":"","publisher":{"@id":"https:\/\/deravio.com\/no\/#organization"},"potentialAction":[{"@type":"SearchAction","target":{"@type":"EntryPoint","urlTemplate":"https:\/\/deravio.com\/no\/?s={search_term_string}"},"query-input":{"@type":"PropertyValueSpecification","valueRequired":true,"valueName":"search_term_string"}}],"inLanguage":"nb-NO"},{"@type":"Organization","@id":"https:\/\/deravio.com\/no\/#organization","name":"Mekulo","url":"https:\/\/deravio.com\/no\/","logo":{"@type":"ImageObject","inLanguage":"nb-NO","@id":"https:\/\/deravio.com\/no\/#\/schema\/logo\/image\/","url":"https:\/\/deravio.com\/no\/wp-content\/uploads\/sites\/18\/2025\/12\/favicon_mekulo.png","contentUrl":"https:\/\/deravio.com\/no\/wp-content\/uploads\/sites\/18\/2025\/12\/favicon_mekulo.png","width":50,"height":50,"caption":"Mekulo"},"image":{"@id":"https:\/\/deravio.com\/no\/#\/schema\/logo\/image\/"}}]}},"_links":{"self":[{"href":"https:\/\/deravio.com\/no\/wp-json\/wp\/v2\/product\/22591","targetHints":{"allow":["GET"]}}],"collection":[{"href":"https:\/\/deravio.com\/no\/wp-json\/wp\/v2\/product"}],"about":[{"href":"https:\/\/deravio.com\/no\/wp-json\/wp\/v2\/types\/product"}],"replies":[{"embeddable":true,"href":"https:\/\/deravio.com\/no\/wp-json\/wp\/v2\/comments?post=22591"}],"wp:featuredmedia":[{"embeddable":true,"href":"https:\/\/deravio.com\/no\/wp-json\/wp\/v2\/media\/22587"}],"wp:attachment":[{"href":"https:\/\/deravio.com\/no\/wp-json\/wp\/v2\/media?parent=22591"}],"wp:term":[{"taxonomy":"product_brand","embeddable":true,"href":"https:\/\/deravio.com\/no\/wp-json\/wp\/v2\/product_brand?post=22591"},{"taxonomy":"product_cat","embeddable":true,"href":"https:\/\/deravio.com\/no\/wp-json\/wp\/v2\/product_cat?post=22591"},{"taxonomy":"product_tag","embeddable":true,"href":"https:\/\/deravio.com\/no\/wp-json\/wp\/v2\/product_tag?post=22591"}],"curies":[{"name":"wp","href":"https:\/\/api.w.org\/{rel}","templated":true}]}}