{"id":22461,"date":"2026-04-15T19:07:10","date_gmt":"2026-04-15T16:07:10","guid":{"rendered":"https:\/\/deravio.com\/no\/produkt\/elektrisk-avisoleringstang\/"},"modified":"2026-04-29T10:55:37","modified_gmt":"2026-04-29T07:55:37","slug":"elektrisk-avisoleringstang","status":"publish","type":"product","link":"https:\/\/deravio.com\/no\/produkt\/elektrisk-avisoleringstang\/","title":{"rendered":"Elektrisk avisoleringstang"},"content":{"rendered":"<div class=\"flex max-w-full flex-col grow\">\n<div class=\"min-h-8 text-message relative flex w-full flex-col items-end gap-2 text-start break-words whitespace-normal [.text-message+&amp;]:mt-1\" dir=\"auto\" data-message-author-role=\"assistant\" data-message-id=\"7d089b2f-6ca7-43fa-8a72-218ffa56c952\" data-message-model-slug=\"gpt-5-2\">\n<div class=\"flex w-full flex-col gap-1 empty:hidden first:pt-[1px]\">\n<div class=\"markdown prose dark:prose-invert w-full wrap-break-word light markdown-new-styling\">\n<p style=\"text-align: center\" data-start=\"0\" data-end=\"77\"><strong data-start=\"0\" data-end=\"77\">Strip Og Vri Ledninger Raskere Ved Hjelp Av Drillen For Rene, Presise Resultater. \u2699\ufe0f<\/strong><\/p>\n<p data-start=\"0\" data-end=\"77\"><img decoding=\"async\" class=\"size-full wp-image-23150 aligncenter\" src=\"https:\/\/mekulo.com\/template\/wp-content\/uploads\/sites\/6\/2026\/02\/645bd9f6de343fbee1101e40a67b7b63e015d12f-700.avif\" alt=\"\" \/><\/p>\n<h2 style=\"text-align: center\" data-start=\"364\" data-end=\"381\"><strong>Hovedfordeler Fordeler \u26a1<\/strong><\/h2>\n<p data-start=\"384\" data-end=\"449\">\u26a1Drilldrevet effektivitet &#8211; Strip ledninger raskt og jevnt.<\/p>\n<p data-start=\"452\" data-end=\"529\">\ud83d\udd01 Rask hodebytte &#8211; Bytt hode uten \u00e5 fjerne kontakten.<\/p>\n<p data-start=\"532\" data-end=\"597\">\ud83e\uddf0 Multifunksjonssett &#8211; Strip og vri ledninger med ett verkt\u00f8y.<\/p>\n<p data-start=\"600\" data-end=\"653\">\ud83e\udeb6 Kompakt og b\u00e6rbar &#8211; Enkel \u00e5 b\u00e6re og oppbevare.<\/p>\n<p data-start=\"656\" data-end=\"712\">\ud83d\udee1\ufe0f Tryggere drift &#8211; Stabilt grep reduserer skli.<\/p>\n<p data-start=\"715\" data-end=\"765\">\ud83d\udd29 Slitesterk konstruksjon &#8211; Rustbestandig aluminiumslegering.<\/p>\n<p data-start=\"715\" data-end=\"765\"><img fetchpriority=\"high\" decoding=\"async\" class=\"size-full wp-image-23145 aligncenter\" src=\"https:\/\/mekulo.com\/template\/wp-content\/uploads\/sites\/6\/2026\/02\/Se129495da79c4d6da2af103c73792339P.jpg_960x960q75.jpg_.jpg\" alt=\"\" width=\"1074\" height=\"964\" \/><\/p>\n<h2 style=\"text-align: center\" data-start=\"767\" data-end=\"781\"><strong>Hvordan Du Bruker \ud83d\udccc<\/strong><\/h2>\n<ol data-start=\"782\" data-end=\"1018\">\n<li data-start=\"782\" data-end=\"829\">\n<p data-start=\"785\" data-end=\"829\">Installer kontaktstangen i boret ditt.<\/p>\n<\/li>\n<li data-start=\"830\" data-end=\"882\">\n<p data-start=\"833\" data-end=\"882\">Fest avisoleringshodet til kontakten.<\/p>\n<\/li>\n<li data-start=\"883\" data-end=\"926\">\n<p data-start=\"886\" data-end=\"926\">Just\u00e9r avisoleringslengden om n\u00f8dvendig.<\/p>\n<\/li>\n<li data-start=\"927\" data-end=\"971\">\n<p data-start=\"930\" data-end=\"971\">Sett ledningen inn i avisoleringshodet.<\/p>\n<\/li>\n<li data-start=\"972\" data-end=\"1018\">\n<p data-start=\"975\" data-end=\"1018\">Start boret for \u00e5 avisolere eller vri ledningen.<\/p>\n<\/li>\n<\/ol>\n<h2 style=\"text-align: center\" data-start=\"1020\" data-end=\"1039\"><strong>Produktdetaljer \ud83d\udccf<\/strong><\/h2>\n<ul data-start=\"1040\" data-end=\"1242\">\n<li data-start=\"1040\" data-end=\"1068\">\n<p data-start=\"1042\" data-end=\"1068\">Materiale: Aluminiumslegering<\/p>\n<\/li>\n<li data-start=\"1069\" data-end=\"1123\">\n<p data-start=\"1071\" data-end=\"1123\">Verkt\u00f8ytype: Boredrevet avisolator og vrider<\/p>\n<\/li>\n<li data-start=\"1124\" data-end=\"1161\">\n<p data-start=\"1126\" data-end=\"1161\">Kompatibilitet: Ulike ledningstyper<\/p>\n<\/li>\n<li data-start=\"1162\" data-end=\"1198\">\n<p data-start=\"1164\" data-end=\"1198\">Design: Lett og b\u00e6rbar<\/p>\n<\/li>\n<li data-start=\"1199\" data-end=\"1242\">\n<p data-start=\"1201\" data-end=\"1242\">Bruk: Elektrisk installasjon og reparasjon<\/p>\n<\/li>\n<li data-start=\"1199\" data-end=\"1242\">St\u00f8rrelse: A (2,5 mm<sup id=\"mwFA\">2<\/sup> ), B (4 mm<sup id=\"mwFA\">2<\/sup>), C (6 mm<sup id=\"mwFA\">2\u00a0<\/sup>)<\/li>\n<\/ul>\n<h2 style=\"text-align: center\" data-start=\"1244\" data-end=\"1264\"><strong>Pakken Inkluderer \ud83d\udce6<\/strong><\/h2>\n<ul data-start=\"1265\" data-end=\"1377\" data-is-last-node=\"\" data-is-only-node=\"\">\n<li data-start=\"1265\" data-end=\"1292\">\n<p data-start=\"1267\" data-end=\"1292\">1, 3x avisolatorhoder<\/p>\n<\/li>\n<li data-start=\"1293\" data-end=\"1315\">\n<p data-start=\"1295\" data-end=\"1315\">1x koblingsstang<\/p>\n<\/li>\n<li data-start=\"1316\" data-end=\"1336\">\n<p data-start=\"1318\" data-end=\"1336\">1x tr\u00e5dvrider<\/p>\n<\/li>\n<li data-start=\"1337\" data-end=\"1351\">\n<p data-start=\"1339\" data-end=\"1351\">1x skiften\u00f8kkel.<\/p>\n<\/li>\n<\/ul>\n<\/div>\n<\/div>\n<\/div>\n<\/div>\n","protected":false},"excerpt":{"rendered":"<p>\u26a1Denne elektriske avisoleringstangen gj\u00f8r boret ditt om til et kraftig verkt\u00f8y for avisolering og vridning av ledninger.<br \/>\n\u231bDen sparer tid, reduserer belastningen p\u00e5 hendene og forbedrer n\u00f8yaktigheten ved elektrisk arbeid.<br \/>\n\ud83e\uddf0Ideell for b\u00e5de gj\u00f8r-det-selv-brukere og fagfolk som \u00f8nsker raskere, tryggere og mer konsistente resultater ved kabling.<\/p>\n","protected":false},"featured_media":22457,"comment_status":"open","ping_status":"closed","template":"","meta":{"site-sidebar-layout":"default","site-content-layout":"","ast-site-content-layout":"default","site-content-style":"default","site-sidebar-style":"default","ast-global-header-display":"","ast-banner-title-visibility":"","ast-main-header-display":"","ast-hfb-above-header-display":"","ast-hfb-below-header-display":"","ast-hfb-mobile-header-display":"","site-post-title":"","ast-breadcrumbs-content":"","ast-featured-img":"","footer-sml-layout":"","ast-disable-related-posts":"","theme-transparent-header-meta":"default","adv-header-id-meta":"","stick-header-meta":"","header-above-stick-meta":"","header-main-stick-meta":"","header-below-stick-meta":"","astra-migrate-meta-layouts":"set","ast-page-background-enabled":"default","ast-page-background-meta":{"desktop":{"background-color":"var(--ast-global-color-5)","background-image":"","background-repeat":"repeat","background-position":"center center","background-size":"auto","background-attachment":"scroll","background-type":"","background-media":"","overlay-type":"","overlay-color":"","overlay-opacity":"","overlay-gradient":""},"tablet":{"background-color":"","background-image":"","background-repeat":"repeat","background-position":"center center","background-size":"auto","background-attachment":"scroll","background-type":"","background-media":"","overlay-type":"","overlay-color":"","overlay-opacity":"","overlay-gradient":""},"mobile":{"background-color":"","background-image":"","background-repeat":"repeat","background-position":"center center","background-size":"auto","background-attachment":"scroll","background-type":"","background-media":"","overlay-type":"","overlay-color":"","overlay-opacity":"","overlay-gradient":""}},"ast-content-background-meta":{"desktop":{"background-color":"var(--ast-global-color-4)","background-image":"","background-repeat":"repeat","background-position":"center center","background-size":"auto","background-attachment":"scroll","background-type":"","background-media":"","overlay-type":"","overlay-color":"","overlay-opacity":"","overlay-gradient":""},"tablet":{"background-color":"var(--ast-global-color-4)","background-image":"","background-repeat":"repeat","background-position":"center center","background-size":"auto","background-attachment":"scroll","background-type":"","background-media":"","overlay-type":"","overlay-color":"","overlay-opacity":"","overlay-gradient":""},"mobile":{"background-color":"var(--ast-global-color-4)","background-image":"","background-repeat":"repeat","background-position":"center center","background-size":"auto","background-attachment":"scroll","background-type":"","background-media":"","overlay-type":"","overlay-color":"","overlay-opacity":"","overlay-gradient":""}}},"product_brand":[],"product_cat":[171],"product_tag":[],"class_list":{"0":"post-22461","1":"product","2":"type-product","3":"status-publish","4":"has-post-thumbnail","6":"product_cat-verktoy","7":"pa_54207_xp9law58-a","8":"pa_54207_xp9law58-b","9":"pa_54207_xp9law58-c","10":"pa_54207_xp9law58-sett-med-3-stk","11":"desktop-align-left","12":"tablet-align-left","13":"mobile-align-left","15":"first","16":"instock","17":"shipping-taxable","18":"purchasable","19":"product-type-variable"},"yoast_head":"<!-- This site is optimized with the Yoast SEO plugin v27.4 - https:\/\/yoast.com\/product\/yoast-seo-wordpress\/ -->\n<title>Elektrisk avisoleringstang - Deravio NO<\/title>\n<meta name=\"robots\" content=\"index, follow, max-snippet:-1, max-image-preview:large, max-video-preview:-1\" \/>\n<link rel=\"canonical\" href=\"https:\/\/deravio.com\/no\/produkt\/elektrisk-avisoleringstang\/\" \/>\n<meta property=\"og:locale\" content=\"nb_NO\" \/>\n<meta property=\"og:type\" content=\"article\" \/>\n<meta property=\"og:title\" content=\"Elektrisk avisoleringstang - Deravio NO\" \/>\n<meta property=\"og:description\" content=\"\u26a1Denne elektriske avisoleringstangen gj\u00f8r boret ditt om til et kraftig verkt\u00f8y for avisolering og vridning av ledninger. \u231bDen sparer tid, reduserer belastningen p\u00e5 hendene og forbedrer n\u00f8yaktigheten ved elektrisk arbeid. \ud83e\uddf0Ideell for b\u00e5de gj\u00f8r-det-selv-brukere og fagfolk som \u00f8nsker raskere, tryggere og mer konsistente resultater ved kabling.\" \/>\n<meta property=\"og:url\" content=\"https:\/\/deravio.com\/no\/produkt\/elektrisk-avisoleringstang\/\" \/>\n<meta property=\"og:site_name\" content=\"Deravio NO\" \/>\n<meta property=\"article:modified_time\" content=\"2026-04-29T07:55:37+00:00\" \/>\n<meta property=\"og:image\" content=\"https:\/\/deravio.com\/no\/wp-content\/uploads\/sites\/18\/2026\/04\/m83zr1c-1.jpg\" \/>\n\t<meta property=\"og:image:width\" content=\"1436\" \/>\n\t<meta property=\"og:image:height\" content=\"1481\" \/>\n\t<meta property=\"og:image:type\" content=\"image\/jpeg\" \/>\n<meta name=\"twitter:card\" content=\"summary_large_image\" \/>\n<meta name=\"twitter:label1\" content=\"Ansl. lesetid\" \/>\n\t<meta name=\"twitter:data1\" content=\"2 minutter\" \/>\n<script type=\"application\/ld+json\" class=\"yoast-schema-graph\">{\"@context\":\"https:\\\/\\\/schema.org\",\"@graph\":[{\"@type\":\"WebPage\",\"@id\":\"https:\\\/\\\/deravio.com\\\/no\\\/produkt\\\/elektrisk-avisoleringstang\\\/\",\"url\":\"https:\\\/\\\/deravio.com\\\/no\\\/produkt\\\/elektrisk-avisoleringstang\\\/\",\"name\":\"Elektrisk avisoleringstang - Deravio NO\",\"isPartOf\":{\"@id\":\"https:\\\/\\\/deravio.com\\\/no\\\/#website\"},\"primaryImageOfPage\":{\"@id\":\"https:\\\/\\\/deravio.com\\\/no\\\/produkt\\\/elektrisk-avisoleringstang\\\/#primaryimage\"},\"image\":{\"@id\":\"https:\\\/\\\/deravio.com\\\/no\\\/produkt\\\/elektrisk-avisoleringstang\\\/#primaryimage\"},\"thumbnailUrl\":\"https:\\\/\\\/deravio.com\\\/no\\\/wp-content\\\/uploads\\\/sites\\\/18\\\/2026\\\/04\\\/m83zr1c-1.jpg\",\"datePublished\":\"2026-04-15T16:07:10+00:00\",\"dateModified\":\"2026-04-29T07:55:37+00:00\",\"breadcrumb\":{\"@id\":\"https:\\\/\\\/deravio.com\\\/no\\\/produkt\\\/elektrisk-avisoleringstang\\\/#breadcrumb\"},\"inLanguage\":\"nb-NO\",\"potentialAction\":[{\"@type\":\"ReadAction\",\"target\":[\"https:\\\/\\\/deravio.com\\\/no\\\/produkt\\\/elektrisk-avisoleringstang\\\/\"]}]},{\"@type\":\"ImageObject\",\"inLanguage\":\"nb-NO\",\"@id\":\"https:\\\/\\\/deravio.com\\\/no\\\/produkt\\\/elektrisk-avisoleringstang\\\/#primaryimage\",\"url\":\"https:\\\/\\\/deravio.com\\\/no\\\/wp-content\\\/uploads\\\/sites\\\/18\\\/2026\\\/04\\\/m83zr1c-1.jpg\",\"contentUrl\":\"https:\\\/\\\/deravio.com\\\/no\\\/wp-content\\\/uploads\\\/sites\\\/18\\\/2026\\\/04\\\/m83zr1c-1.jpg\",\"width\":1436,\"height\":1481},{\"@type\":\"BreadcrumbList\",\"@id\":\"https:\\\/\\\/deravio.com\\\/no\\\/produkt\\\/elektrisk-avisoleringstang\\\/#breadcrumb\",\"itemListElement\":[{\"@type\":\"ListItem\",\"position\":1,\"name\":\"Home\",\"item\":\"https:\\\/\\\/deravio.com\\\/no\\\/\"},{\"@type\":\"ListItem\",\"position\":2,\"name\":\"Butikk\",\"item\":\"https:\\\/\\\/deravio.com\\\/no\\\/butikk\\\/\"},{\"@type\":\"ListItem\",\"position\":3,\"name\":\"Elektrisk avisoleringstang\"}]},{\"@type\":\"WebSite\",\"@id\":\"https:\\\/\\\/deravio.com\\\/no\\\/#website\",\"url\":\"https:\\\/\\\/deravio.com\\\/no\\\/\",\"name\":\"Deravio NO\",\"description\":\"\",\"publisher\":{\"@id\":\"https:\\\/\\\/deravio.com\\\/no\\\/#organization\"},\"potentialAction\":[{\"@type\":\"SearchAction\",\"target\":{\"@type\":\"EntryPoint\",\"urlTemplate\":\"https:\\\/\\\/deravio.com\\\/no\\\/?s={search_term_string}\"},\"query-input\":{\"@type\":\"PropertyValueSpecification\",\"valueRequired\":true,\"valueName\":\"search_term_string\"}}],\"inLanguage\":\"nb-NO\"},{\"@type\":\"Organization\",\"@id\":\"https:\\\/\\\/deravio.com\\\/no\\\/#organization\",\"name\":\"Mekulo\",\"url\":\"https:\\\/\\\/deravio.com\\\/no\\\/\",\"logo\":{\"@type\":\"ImageObject\",\"inLanguage\":\"nb-NO\",\"@id\":\"https:\\\/\\\/deravio.com\\\/no\\\/#\\\/schema\\\/logo\\\/image\\\/\",\"url\":\"https:\\\/\\\/deravio.com\\\/no\\\/wp-content\\\/uploads\\\/sites\\\/18\\\/2025\\\/12\\\/favicon_mekulo.png\",\"contentUrl\":\"https:\\\/\\\/deravio.com\\\/no\\\/wp-content\\\/uploads\\\/sites\\\/18\\\/2025\\\/12\\\/favicon_mekulo.png\",\"width\":50,\"height\":50,\"caption\":\"Mekulo\"},\"image\":{\"@id\":\"https:\\\/\\\/deravio.com\\\/no\\\/#\\\/schema\\\/logo\\\/image\\\/\"}}]}<\/script>\n<!-- \/ Yoast SEO plugin. -->","yoast_head_json":{"title":"Elektrisk avisoleringstang - Deravio NO","robots":{"index":"index","follow":"follow","max-snippet":"max-snippet:-1","max-image-preview":"max-image-preview:large","max-video-preview":"max-video-preview:-1"},"canonical":"https:\/\/deravio.com\/no\/produkt\/elektrisk-avisoleringstang\/","og_locale":"nb_NO","og_type":"article","og_title":"Elektrisk avisoleringstang - Deravio NO","og_description":"\u26a1Denne elektriske avisoleringstangen gj\u00f8r boret ditt om til et kraftig verkt\u00f8y for avisolering og vridning av ledninger. \u231bDen sparer tid, reduserer belastningen p\u00e5 hendene og forbedrer n\u00f8yaktigheten ved elektrisk arbeid. \ud83e\uddf0Ideell for b\u00e5de gj\u00f8r-det-selv-brukere og fagfolk som \u00f8nsker raskere, tryggere og mer konsistente resultater ved kabling.","og_url":"https:\/\/deravio.com\/no\/produkt\/elektrisk-avisoleringstang\/","og_site_name":"Deravio NO","article_modified_time":"2026-04-29T07:55:37+00:00","og_image":[{"width":1436,"height":1481,"url":"https:\/\/deravio.com\/no\/wp-content\/uploads\/sites\/18\/2026\/04\/m83zr1c-1.jpg","type":"image\/jpeg"}],"twitter_card":"summary_large_image","twitter_misc":{"Ansl. lesetid":"2 minutter"},"schema":{"@context":"https:\/\/schema.org","@graph":[{"@type":"WebPage","@id":"https:\/\/deravio.com\/no\/produkt\/elektrisk-avisoleringstang\/","url":"https:\/\/deravio.com\/no\/produkt\/elektrisk-avisoleringstang\/","name":"Elektrisk avisoleringstang - Deravio NO","isPartOf":{"@id":"https:\/\/deravio.com\/no\/#website"},"primaryImageOfPage":{"@id":"https:\/\/deravio.com\/no\/produkt\/elektrisk-avisoleringstang\/#primaryimage"},"image":{"@id":"https:\/\/deravio.com\/no\/produkt\/elektrisk-avisoleringstang\/#primaryimage"},"thumbnailUrl":"https:\/\/deravio.com\/no\/wp-content\/uploads\/sites\/18\/2026\/04\/m83zr1c-1.jpg","datePublished":"2026-04-15T16:07:10+00:00","dateModified":"2026-04-29T07:55:37+00:00","breadcrumb":{"@id":"https:\/\/deravio.com\/no\/produkt\/elektrisk-avisoleringstang\/#breadcrumb"},"inLanguage":"nb-NO","potentialAction":[{"@type":"ReadAction","target":["https:\/\/deravio.com\/no\/produkt\/elektrisk-avisoleringstang\/"]}]},{"@type":"ImageObject","inLanguage":"nb-NO","@id":"https:\/\/deravio.com\/no\/produkt\/elektrisk-avisoleringstang\/#primaryimage","url":"https:\/\/deravio.com\/no\/wp-content\/uploads\/sites\/18\/2026\/04\/m83zr1c-1.jpg","contentUrl":"https:\/\/deravio.com\/no\/wp-content\/uploads\/sites\/18\/2026\/04\/m83zr1c-1.jpg","width":1436,"height":1481},{"@type":"BreadcrumbList","@id":"https:\/\/deravio.com\/no\/produkt\/elektrisk-avisoleringstang\/#breadcrumb","itemListElement":[{"@type":"ListItem","position":1,"name":"Home","item":"https:\/\/deravio.com\/no\/"},{"@type":"ListItem","position":2,"name":"Butikk","item":"https:\/\/deravio.com\/no\/butikk\/"},{"@type":"ListItem","position":3,"name":"Elektrisk avisoleringstang"}]},{"@type":"WebSite","@id":"https:\/\/deravio.com\/no\/#website","url":"https:\/\/deravio.com\/no\/","name":"Deravio NO","description":"","publisher":{"@id":"https:\/\/deravio.com\/no\/#organization"},"potentialAction":[{"@type":"SearchAction","target":{"@type":"EntryPoint","urlTemplate":"https:\/\/deravio.com\/no\/?s={search_term_string}"},"query-input":{"@type":"PropertyValueSpecification","valueRequired":true,"valueName":"search_term_string"}}],"inLanguage":"nb-NO"},{"@type":"Organization","@id":"https:\/\/deravio.com\/no\/#organization","name":"Mekulo","url":"https:\/\/deravio.com\/no\/","logo":{"@type":"ImageObject","inLanguage":"nb-NO","@id":"https:\/\/deravio.com\/no\/#\/schema\/logo\/image\/","url":"https:\/\/deravio.com\/no\/wp-content\/uploads\/sites\/18\/2025\/12\/favicon_mekulo.png","contentUrl":"https:\/\/deravio.com\/no\/wp-content\/uploads\/sites\/18\/2025\/12\/favicon_mekulo.png","width":50,"height":50,"caption":"Mekulo"},"image":{"@id":"https:\/\/deravio.com\/no\/#\/schema\/logo\/image\/"}}]}},"_links":{"self":[{"href":"https:\/\/deravio.com\/no\/wp-json\/wp\/v2\/product\/22461","targetHints":{"allow":["GET"]}}],"collection":[{"href":"https:\/\/deravio.com\/no\/wp-json\/wp\/v2\/product"}],"about":[{"href":"https:\/\/deravio.com\/no\/wp-json\/wp\/v2\/types\/product"}],"replies":[{"embeddable":true,"href":"https:\/\/deravio.com\/no\/wp-json\/wp\/v2\/comments?post=22461"}],"wp:featuredmedia":[{"embeddable":true,"href":"https:\/\/deravio.com\/no\/wp-json\/wp\/v2\/media\/22457"}],"wp:attachment":[{"href":"https:\/\/deravio.com\/no\/wp-json\/wp\/v2\/media?parent=22461"}],"wp:term":[{"taxonomy":"product_brand","embeddable":true,"href":"https:\/\/deravio.com\/no\/wp-json\/wp\/v2\/product_brand?post=22461"},{"taxonomy":"product_cat","embeddable":true,"href":"https:\/\/deravio.com\/no\/wp-json\/wp\/v2\/product_cat?post=22461"},{"taxonomy":"product_tag","embeddable":true,"href":"https:\/\/deravio.com\/no\/wp-json\/wp\/v2\/product_tag?post=22461"}],"curies":[{"name":"wp","href":"https:\/\/api.w.org\/{rel}","templated":true}]}}