{"id":22277,"date":"2026-04-15T18:52:35","date_gmt":"2026-04-15T15:52:35","guid":{"rendered":"https:\/\/deravio.com\/no\/produkt\/krus-av-tre\/"},"modified":"2026-04-17T16:54:36","modified_gmt":"2026-04-17T13:54:36","slug":"krus-av-tre","status":"publish","type":"product","link":"https:\/\/deravio.com\/no\/produkt\/krus-av-tre\/","title":{"rendered":"Krus av tre"},"content":{"rendered":"<h2 class=\"\" style=\"text-align: center\" data-start=\"97\" data-end=\"122\">Perfekt for utend\u00f8rsbruk<\/h2>\n<p data-start=\"123\" data-end=\"382\"><img decoding=\"async\" class=\"alignnone size-medium wp-image-13507 aligncenter\" src=\"https:\/\/keluvo.com\/template\/wp-content\/uploads\/sites\/5\/2025\/04\/S67c2274dbd6b4fa092f87cb013c250b4f.jpg_960x960q75.jpg_.jpeg\" alt=\"\" \/><\/p>\n<h2 class=\"\" style=\"text-align: center\" data-start=\"384\" data-end=\"408\">Laget av ekte tre<\/h2>\n<p class=\"\" style=\"text-align: center\" data-start=\"409\" data-end=\"612\">Hvert trekrus er h\u00e5ndlaget av sterkt, naturlig tre. Hver kopp har sitt eget spesielle trekorn, noe som gj\u00f8r hver og en unik. Den er trygg \u00e5 bruke, fri for BPA, og gir en frisk, naturlig f\u00f8lelse mens du drikker.<\/p>\n<p data-start=\"409\" data-end=\"612\"><img decoding=\"async\" class=\"alignnone size-medium wp-image-13504 aligncenter\" src=\"https:\/\/keluvo.com\/template\/wp-content\/uploads\/sites\/5\/2025\/04\/S3efcd89a44fa4625b1a236c083ca0fd96.jpeg\" alt=\"\" \/><\/p>\n<h2 style=\"text-align: center\" data-start=\"409\" data-end=\"612\">Detaljer:<\/h2>\n<p>Materiale: tremateriale av h\u00f8y kvalitet<\/p>\n<p>H\u00f8yde: 6 cm<\/p>\n<p>Koppens diameter er 9,5 cm<\/p>\n<p>Total lengde er 15,5 cm<\/p>\n<h2 style=\"text-align: center\">Pakken inkluderer:<\/h2>\n<p>1 h\u00e5ndsk\u00e5ret trekopp<\/p>\n","protected":false},"excerpt":{"rendered":"<p>Trekruset er ideelt for camping, fotturer og daglig bruk. Det er lett \u00e5 ta med seg og leveres med et l\u00e6rrep og to hull slik at du kan henge det p\u00e5 ryggsekken eller i beltet. Enten du drikker kaffe ved leirb\u00e5let eller te hjemme, passer dette kruset til hvert \u00f8yeblikk.<\/p>\n","protected":false},"featured_media":22273,"comment_status":"open","ping_status":"closed","template":"","meta":{"site-sidebar-layout":"default","site-content-layout":"","ast-site-content-layout":"default","site-content-style":"default","site-sidebar-style":"default","ast-global-header-display":"","ast-banner-title-visibility":"","ast-main-header-display":"","ast-hfb-above-header-display":"","ast-hfb-below-header-display":"","ast-hfb-mobile-header-display":"","site-post-title":"","ast-breadcrumbs-content":"","ast-featured-img":"","footer-sml-layout":"","theme-transparent-header-meta":"default","adv-header-id-meta":"","stick-header-meta":"","header-above-stick-meta":"","header-main-stick-meta":"","header-below-stick-meta":"","astra-migrate-meta-layouts":"set","ast-page-background-enabled":"default","ast-page-background-meta":{"desktop":{"background-color":"var(--ast-global-color-5)","background-image":"","background-repeat":"repeat","background-position":"center center","background-size":"auto","background-attachment":"scroll","background-type":"","background-media":"","overlay-type":"","overlay-color":"","overlay-opacity":"","overlay-gradient":""},"tablet":{"background-color":"","background-image":"","background-repeat":"repeat","background-position":"center center","background-size":"auto","background-attachment":"scroll","background-type":"","background-media":"","overlay-type":"","overlay-color":"","overlay-opacity":"","overlay-gradient":""},"mobile":{"background-color":"","background-image":"","background-repeat":"repeat","background-position":"center center","background-size":"auto","background-attachment":"scroll","background-type":"","background-media":"","overlay-type":"","overlay-color":"","overlay-opacity":"","overlay-gradient":""}},"ast-content-background-meta":{"desktop":{"background-color":"var(--ast-global-color-4)","background-image":"","background-repeat":"repeat","background-position":"center center","background-size":"auto","background-attachment":"scroll","background-type":"","background-media":"","overlay-type":"","overlay-color":"","overlay-opacity":"","overlay-gradient":""},"tablet":{"background-color":"var(--ast-global-color-4)","background-image":"","background-repeat":"repeat","background-position":"center center","background-size":"auto","background-attachment":"scroll","background-type":"","background-media":"","overlay-type":"","overlay-color":"","overlay-opacity":"","overlay-gradient":""},"mobile":{"background-color":"var(--ast-global-color-4)","background-image":"","background-repeat":"repeat","background-position":"center center","background-size":"auto","background-attachment":"scroll","background-type":"","background-media":"","overlay-type":"","overlay-color":"","overlay-opacity":"","overlay-gradient":""}}},"product_brand":[],"product_cat":[168],"product_tag":[],"class_list":{"0":"post-22277","1":"product","2":"type-product","3":"status-publish","4":"has-post-thumbnail","6":"product_cat-husholdningsartikler","7":"pa_29172_wwap5irb-bjorn","8":"pa_29172_wwap5irb-elg","9":"pa_29172_wwap5irb-fawn","10":"pa_29172_wwap5irb-fisk","11":"pa_29172_wwap5irb-fox","12":"pa_29172_wwap5irb-ulv","13":"pa_29172_wwap5irb-villsvin","14":"desktop-align-left","15":"tablet-align-left","16":"mobile-align-left","18":"first","19":"instock","20":"shipping-taxable","21":"purchasable","22":"product-type-variable"},"yoast_head":"<!-- This site is optimized with the Yoast SEO plugin v26.6 - https:\/\/yoast.com\/wordpress\/plugins\/seo\/ -->\n<title>Krus av tre - Deravio NO<\/title>\n<meta name=\"robots\" content=\"index, follow, max-snippet:-1, max-image-preview:large, max-video-preview:-1\" \/>\n<link rel=\"canonical\" href=\"https:\/\/deravio.com\/no\/produkt\/krus-av-tre\/\" \/>\n<meta property=\"og:locale\" content=\"nb_NO\" \/>\n<meta property=\"og:type\" content=\"article\" \/>\n<meta property=\"og:title\" content=\"Krus av tre - Deravio NO\" \/>\n<meta property=\"og:description\" content=\"Trekruset er ideelt for camping, fotturer og daglig bruk. Det er lett \u00e5 ta med seg og leveres med et l\u00e6rrep og to hull slik at du kan henge det p\u00e5 ryggsekken eller i beltet. Enten du drikker kaffe ved leirb\u00e5let eller te hjemme, passer dette kruset til hvert \u00f8yeblikk.\" \/>\n<meta property=\"og:url\" content=\"https:\/\/deravio.com\/no\/produkt\/krus-av-tre\/\" \/>\n<meta property=\"og:site_name\" content=\"Deravio NO\" \/>\n<meta property=\"article:modified_time\" content=\"2026-04-17T13:54:36+00:00\" \/>\n<meta property=\"og:image\" content=\"https:\/\/deravio.com\/no\/wp-content\/uploads\/sites\/18\/2026\/04\/76qwvoz-1.jpeg\" \/>\n\t<meta property=\"og:image:width\" content=\"1500\" \/>\n\t<meta property=\"og:image:height\" content=\"1500\" \/>\n\t<meta property=\"og:image:type\" content=\"image\/jpeg\" \/>\n<meta name=\"twitter:card\" content=\"summary_large_image\" \/>\n<meta name=\"twitter:label1\" content=\"Ansl. lesetid\" \/>\n\t<meta name=\"twitter:data1\" content=\"1 minutt\" \/>\n<script type=\"application\/ld+json\" class=\"yoast-schema-graph\">{\"@context\":\"https:\/\/schema.org\",\"@graph\":[{\"@type\":\"WebPage\",\"@id\":\"https:\/\/deravio.com\/no\/produkt\/krus-av-tre\/\",\"url\":\"https:\/\/deravio.com\/no\/produkt\/krus-av-tre\/\",\"name\":\"Krus av tre - Deravio NO\",\"isPartOf\":{\"@id\":\"https:\/\/deravio.com\/no\/#website\"},\"primaryImageOfPage\":{\"@id\":\"https:\/\/deravio.com\/no\/produkt\/krus-av-tre\/#primaryimage\"},\"image\":{\"@id\":\"https:\/\/deravio.com\/no\/produkt\/krus-av-tre\/#primaryimage\"},\"thumbnailUrl\":\"https:\/\/deravio.com\/no\/wp-content\/uploads\/sites\/18\/2026\/04\/76qwvoz-1.jpeg\",\"datePublished\":\"2026-04-15T15:52:35+00:00\",\"dateModified\":\"2026-04-17T13:54:36+00:00\",\"breadcrumb\":{\"@id\":\"https:\/\/deravio.com\/no\/produkt\/krus-av-tre\/#breadcrumb\"},\"inLanguage\":\"nb-NO\",\"potentialAction\":[{\"@type\":\"ReadAction\",\"target\":[\"https:\/\/deravio.com\/no\/produkt\/krus-av-tre\/\"]}]},{\"@type\":\"ImageObject\",\"inLanguage\":\"nb-NO\",\"@id\":\"https:\/\/deravio.com\/no\/produkt\/krus-av-tre\/#primaryimage\",\"url\":\"https:\/\/deravio.com\/no\/wp-content\/uploads\/sites\/18\/2026\/04\/76qwvoz-1.jpeg\",\"contentUrl\":\"https:\/\/deravio.com\/no\/wp-content\/uploads\/sites\/18\/2026\/04\/76qwvoz-1.jpeg\",\"width\":1500,\"height\":1500},{\"@type\":\"BreadcrumbList\",\"@id\":\"https:\/\/deravio.com\/no\/produkt\/krus-av-tre\/#breadcrumb\",\"itemListElement\":[{\"@type\":\"ListItem\",\"position\":1,\"name\":\"Home\",\"item\":\"https:\/\/deravio.com\/no\/\"},{\"@type\":\"ListItem\",\"position\":2,\"name\":\"Butikk\",\"item\":\"https:\/\/deravio.com\/no\/butikk\/\"},{\"@type\":\"ListItem\",\"position\":3,\"name\":\"Krus av tre\"}]},{\"@type\":\"WebSite\",\"@id\":\"https:\/\/deravio.com\/no\/#website\",\"url\":\"https:\/\/deravio.com\/no\/\",\"name\":\"Deravio NO\",\"description\":\"\",\"publisher\":{\"@id\":\"https:\/\/deravio.com\/no\/#organization\"},\"potentialAction\":[{\"@type\":\"SearchAction\",\"target\":{\"@type\":\"EntryPoint\",\"urlTemplate\":\"https:\/\/deravio.com\/no\/?s={search_term_string}\"},\"query-input\":{\"@type\":\"PropertyValueSpecification\",\"valueRequired\":true,\"valueName\":\"search_term_string\"}}],\"inLanguage\":\"nb-NO\"},{\"@type\":\"Organization\",\"@id\":\"https:\/\/deravio.com\/no\/#organization\",\"name\":\"Mekulo\",\"url\":\"https:\/\/deravio.com\/no\/\",\"logo\":{\"@type\":\"ImageObject\",\"inLanguage\":\"nb-NO\",\"@id\":\"https:\/\/deravio.com\/no\/#\/schema\/logo\/image\/\",\"url\":\"https:\/\/deravio.com\/no\/wp-content\/uploads\/sites\/18\/2025\/12\/favicon_mekulo.png\",\"contentUrl\":\"https:\/\/deravio.com\/no\/wp-content\/uploads\/sites\/18\/2025\/12\/favicon_mekulo.png\",\"width\":50,\"height\":50,\"caption\":\"Mekulo\"},\"image\":{\"@id\":\"https:\/\/deravio.com\/no\/#\/schema\/logo\/image\/\"}}]}<\/script>\n<!-- \/ Yoast SEO plugin. -->","yoast_head_json":{"title":"Krus av tre - Deravio NO","robots":{"index":"index","follow":"follow","max-snippet":"max-snippet:-1","max-image-preview":"max-image-preview:large","max-video-preview":"max-video-preview:-1"},"canonical":"https:\/\/deravio.com\/no\/produkt\/krus-av-tre\/","og_locale":"nb_NO","og_type":"article","og_title":"Krus av tre - Deravio NO","og_description":"Trekruset er ideelt for camping, fotturer og daglig bruk. Det er lett \u00e5 ta med seg og leveres med et l\u00e6rrep og to hull slik at du kan henge det p\u00e5 ryggsekken eller i beltet. Enten du drikker kaffe ved leirb\u00e5let eller te hjemme, passer dette kruset til hvert \u00f8yeblikk.","og_url":"https:\/\/deravio.com\/no\/produkt\/krus-av-tre\/","og_site_name":"Deravio NO","article_modified_time":"2026-04-17T13:54:36+00:00","og_image":[{"width":1500,"height":1500,"url":"https:\/\/deravio.com\/no\/wp-content\/uploads\/sites\/18\/2026\/04\/76qwvoz-1.jpeg","type":"image\/jpeg"}],"twitter_card":"summary_large_image","twitter_misc":{"Ansl. lesetid":"1 minutt"},"schema":{"@context":"https:\/\/schema.org","@graph":[{"@type":"WebPage","@id":"https:\/\/deravio.com\/no\/produkt\/krus-av-tre\/","url":"https:\/\/deravio.com\/no\/produkt\/krus-av-tre\/","name":"Krus av tre - Deravio NO","isPartOf":{"@id":"https:\/\/deravio.com\/no\/#website"},"primaryImageOfPage":{"@id":"https:\/\/deravio.com\/no\/produkt\/krus-av-tre\/#primaryimage"},"image":{"@id":"https:\/\/deravio.com\/no\/produkt\/krus-av-tre\/#primaryimage"},"thumbnailUrl":"https:\/\/deravio.com\/no\/wp-content\/uploads\/sites\/18\/2026\/04\/76qwvoz-1.jpeg","datePublished":"2026-04-15T15:52:35+00:00","dateModified":"2026-04-17T13:54:36+00:00","breadcrumb":{"@id":"https:\/\/deravio.com\/no\/produkt\/krus-av-tre\/#breadcrumb"},"inLanguage":"nb-NO","potentialAction":[{"@type":"ReadAction","target":["https:\/\/deravio.com\/no\/produkt\/krus-av-tre\/"]}]},{"@type":"ImageObject","inLanguage":"nb-NO","@id":"https:\/\/deravio.com\/no\/produkt\/krus-av-tre\/#primaryimage","url":"https:\/\/deravio.com\/no\/wp-content\/uploads\/sites\/18\/2026\/04\/76qwvoz-1.jpeg","contentUrl":"https:\/\/deravio.com\/no\/wp-content\/uploads\/sites\/18\/2026\/04\/76qwvoz-1.jpeg","width":1500,"height":1500},{"@type":"BreadcrumbList","@id":"https:\/\/deravio.com\/no\/produkt\/krus-av-tre\/#breadcrumb","itemListElement":[{"@type":"ListItem","position":1,"name":"Home","item":"https:\/\/deravio.com\/no\/"},{"@type":"ListItem","position":2,"name":"Butikk","item":"https:\/\/deravio.com\/no\/butikk\/"},{"@type":"ListItem","position":3,"name":"Krus av tre"}]},{"@type":"WebSite","@id":"https:\/\/deravio.com\/no\/#website","url":"https:\/\/deravio.com\/no\/","name":"Deravio NO","description":"","publisher":{"@id":"https:\/\/deravio.com\/no\/#organization"},"potentialAction":[{"@type":"SearchAction","target":{"@type":"EntryPoint","urlTemplate":"https:\/\/deravio.com\/no\/?s={search_term_string}"},"query-input":{"@type":"PropertyValueSpecification","valueRequired":true,"valueName":"search_term_string"}}],"inLanguage":"nb-NO"},{"@type":"Organization","@id":"https:\/\/deravio.com\/no\/#organization","name":"Mekulo","url":"https:\/\/deravio.com\/no\/","logo":{"@type":"ImageObject","inLanguage":"nb-NO","@id":"https:\/\/deravio.com\/no\/#\/schema\/logo\/image\/","url":"https:\/\/deravio.com\/no\/wp-content\/uploads\/sites\/18\/2025\/12\/favicon_mekulo.png","contentUrl":"https:\/\/deravio.com\/no\/wp-content\/uploads\/sites\/18\/2025\/12\/favicon_mekulo.png","width":50,"height":50,"caption":"Mekulo"},"image":{"@id":"https:\/\/deravio.com\/no\/#\/schema\/logo\/image\/"}}]}},"_links":{"self":[{"href":"https:\/\/deravio.com\/no\/wp-json\/wp\/v2\/product\/22277","targetHints":{"allow":["GET"]}}],"collection":[{"href":"https:\/\/deravio.com\/no\/wp-json\/wp\/v2\/product"}],"about":[{"href":"https:\/\/deravio.com\/no\/wp-json\/wp\/v2\/types\/product"}],"replies":[{"embeddable":true,"href":"https:\/\/deravio.com\/no\/wp-json\/wp\/v2\/comments?post=22277"}],"wp:featuredmedia":[{"embeddable":true,"href":"https:\/\/deravio.com\/no\/wp-json\/wp\/v2\/media\/22273"}],"wp:attachment":[{"href":"https:\/\/deravio.com\/no\/wp-json\/wp\/v2\/media?parent=22277"}],"wp:term":[{"taxonomy":"product_brand","embeddable":true,"href":"https:\/\/deravio.com\/no\/wp-json\/wp\/v2\/product_brand?post=22277"},{"taxonomy":"product_cat","embeddable":true,"href":"https:\/\/deravio.com\/no\/wp-json\/wp\/v2\/product_cat?post=22277"},{"taxonomy":"product_tag","embeddable":true,"href":"https:\/\/deravio.com\/no\/wp-json\/wp\/v2\/product_tag?post=22277"}],"curies":[{"name":"wp","href":"https:\/\/api.w.org\/{rel}","templated":true}]}}