{"id":546,"date":"2020-10-13T02:48:45","date_gmt":"2020-10-13T02:48:45","guid":{"rendered":"http:\/\/localhost\/razzi\/?page_id=546"},"modified":"2026-04-17T15:52:32","modified_gmt":"2026-04-17T12:52:32","slug":"frakt-og-retur","status":"publish","type":"page","link":"https:\/\/deravio.com\/no\/frakt-og-retur\/","title":{"rendered":"Frakt og retur"},"content":{"rendered":"\t\t<div data-elementor-type=\"wp-page\" data-elementor-id=\"546\" class=\"elementor elementor-546\" data-elementor-post-type=\"page\">\n\t\t\t\t<div class=\"elementor-element elementor-element-a937d85 e-con-full e-flex e-con e-parent\" data-id=\"a937d85\" data-element_type=\"container\" data-e-type=\"container\">\n\t\t\t\t<div class=\"elementor-element elementor-element-3962e41 elementor-widget elementor-widget-heading\" data-id=\"3962e41\" data-element_type=\"widget\" data-e-type=\"widget\" data-widget_type=\"heading.default\">\n\t\t\t\t\t<h2 class=\"elementor-heading-title elementor-size-default\">Fraktinformasjon<\/h2>\t\t\t\t<\/div>\n\t\t\t\t<div class=\"elementor-element elementor-element-62b522a elementor-widget elementor-widget-text-editor\" data-id=\"62b522a\" data-element_type=\"widget\" data-e-type=\"widget\" data-widget_type=\"text-editor.default\">\n\t\t\t\t\t\t\t\t\t<h3 style=\"color: #000000; font-style: normal;\" data-start=\"103\" data-end=\"119\">Fraktmetoder<\/h3><p style=\"color: #000000; font-size: medium; font-style: normal; font-weight: 400;\" data-start=\"121\" data-end=\"139\"><strong data-start=\"121\" data-end=\"139\">Standard frakt<\/strong><\/p><p style=\"color: #000000; font-size: medium; font-style: normal; font-weight: 400;\" data-start=\"141\" data-end=\"184\">For alle leveranser innen Norge: <strong>7<\/strong><strong data-start=\"174\" data-end=\"183\">9 kr<\/strong>.<\/p><p style=\"color: #000000; font-size: medium; font-style: normal; font-weight: 400;\" data-start=\"186\" data-end=\"202\"><strong data-start=\"186\" data-end=\"202\">Gratis frakt<\/strong><\/p><p style=\"color: #000000; font-size: medium; font-style: normal; font-weight: 400;\" data-start=\"204\" data-end=\"254\">Gratis frakt p\u00e5 alle bestillinger over <strong data-start=\"243\" data-end=\"253\">410 kr<\/strong>.<\/p><hr style=\"font-size: medium; font-style: normal; font-weight: 400;\" data-start=\"256\" data-end=\"259\" \/><h3 style=\"color: #000000; font-style: normal;\" data-start=\"261\" data-end=\"281\">Leveringsomr\u00e5der<\/h3><p style=\"color: #000000; font-size: medium; font-style: normal; font-weight: 400;\" data-start=\"283\" data-end=\"327\">For \u00f8yeblikket leverer vi kun til <strong data-start=\"317\" data-end=\"326\">Norge<\/strong>.<\/p><p style=\"color: #000000; font-size: medium; font-style: normal; font-weight: 400;\" data-start=\"329\" data-end=\"413\">Vi jobber kontinuerlig med \u00e5 utvide produktsortimentet og leveringsmulighetene v\u00e5re.<\/p><hr style=\"font-size: medium; font-style: normal; font-weight: 400;\" data-start=\"415\" data-end=\"418\" \/><h3 style=\"color: #000000; font-style: normal;\" data-start=\"420\" data-end=\"463\">Leveringstid og ytterligere informasjon<\/h3><p style=\"color: #000000; font-size: medium; font-style: normal; font-weight: 400;\" data-start=\"465\" data-end=\"752\">Alle bestillinger behandles innen <strong data-start=\"499\" data-end=\"517\">1\u20132 virkedager<\/strong>, og v\u00e5r normale leveringstid er <strong data-start=\"550\" data-end=\"569\">7\u201310 virkedager<\/strong>. Avhengig av hvor i landet du befinner deg, kan pakken komme tidligere. Vi ber deg alltid sjekke informasjonen i produktbeskrivelsen, da enkelte produkter kan ha lengre leveringstid.<\/p><p style=\"color: #000000; font-size: medium; font-style: normal; font-weight: 400;\" data-start=\"754\" data-end=\"1169\">Vi har etablert samarbeid med v\u00e5re fraktpartnere og gj\u00f8r v\u00e5rt beste for \u00e5 levere alle pakker innen oppgitt tidsramme. V\u00e6r oppmerksom p\u00e5 at vi ikke kan holdes ansvarlige for forsinkelser som skyldes v\u00e6rforhold, feil adresseinformasjon, problemer hos transport\u00f8ren eller andre forhold utenfor v\u00e5r kontroll. Vi vil likevel gj\u00f8re v\u00e5rt ytterste for \u00e5 hjelpe v\u00e5re kunder med retur, reklamasjoner eller tapte forsendelser.<\/p><p style=\"color: #000000; font-size: medium; font-style: normal; font-weight: 400;\" data-start=\"1171\" data-end=\"1538\">Dersom en pakke blir borte, mangler eller levering ikke kan bekreftes via sporing, vil vi sende en ny forsendelse. Pakker som er bekreftet levert av transport\u00f8ren vil bli unders\u00f8kt og er ikke refunderbare f\u00f8r saken er avklart.<br data-start=\"1397\" data-end=\"1400\" \/>Hvis pakken din ikke ankommer eller ankommer skadet, vennligst kontakt oss p\u00e5<br data-start=\"1477\" data-end=\"1480\" \/><strong data-start=\"1480\" data-end=\"1509\"><a class=\"decorated-link cursor-pointer\" rel=\"noopener\" data-start=\"1482\" data-end=\"1507\">support@deravio.com<\/a><\/strong>\u00a0og oppgi ordrenummeret ditt.<\/p>\t\t\t\t\t\t\t\t<\/div>\n\t\t\t\t<\/div>\n\t\t\t\t<\/div>\n\t\t","protected":false},"excerpt":{"rendered":"<p>Fraktinformasjon Fraktmetoder Standard frakt For alle leveranser innen Norge: 79 kr. Gratis frakt Gratis frakt p\u00e5 alle bestillinger over 410 [&hellip;]<\/p>\n","protected":false},"author":1,"featured_media":0,"parent":0,"menu_order":0,"comment_status":"closed","ping_status":"closed","template":"","meta":{"site-sidebar-layout":"default","site-content-layout":"","ast-site-content-layout":"default","site-content-style":"default","site-sidebar-style":"default","ast-global-header-display":"","ast-banner-title-visibility":"","ast-main-header-display":"","ast-hfb-above-header-display":"","ast-hfb-below-header-display":"","ast-hfb-mobile-header-display":"","site-post-title":"disabled","ast-breadcrumbs-content":"","ast-featured-img":"","footer-sml-layout":"","theme-transparent-header-meta":"","adv-header-id-meta":"","stick-header-meta":"","header-above-stick-meta":"","header-main-stick-meta":"","header-below-stick-meta":"","astra-migrate-meta-layouts":"default","ast-page-background-enabled":"default","ast-page-background-meta":{"desktop":{"background-color":"var(--ast-global-color-5)","background-image":"","background-repeat":"repeat","background-position":"center center","background-size":"auto","background-attachment":"scroll","background-type":"","background-media":"","overlay-type":"","overlay-color":"","overlay-opacity":"","overlay-gradient":""},"tablet":{"background-color":"","background-image":"","background-repeat":"repeat","background-position":"center center","background-size":"auto","background-attachment":"scroll","background-type":"","background-media":"","overlay-type":"","overlay-color":"","overlay-opacity":"","overlay-gradient":""},"mobile":{"background-color":"","background-image":"","background-repeat":"repeat","background-position":"center center","background-size":"auto","background-attachment":"scroll","background-type":"","background-media":"","overlay-type":"","overlay-color":"","overlay-opacity":"","overlay-gradient":""}},"ast-content-background-meta":{"desktop":{"background-color":"var(--ast-global-color-4)","background-image":"","background-repeat":"repeat","background-position":"center center","background-size":"auto","background-attachment":"scroll","background-type":"","background-media":"","overlay-type":"","overlay-color":"","overlay-opacity":"","overlay-gradient":""},"tablet":{"background-color":"var(--ast-global-color-4)","background-image":"","background-repeat":"repeat","background-position":"center center","background-size":"auto","background-attachment":"scroll","background-type":"","background-media":"","overlay-type":"","overlay-color":"","overlay-opacity":"","overlay-gradient":""},"mobile":{"background-color":"var(--ast-global-color-4)","background-image":"","background-repeat":"repeat","background-position":"center center","background-size":"auto","background-attachment":"scroll","background-type":"","background-media":"","overlay-type":"","overlay-color":"","overlay-opacity":"","overlay-gradient":""}},"footnotes":""},"class_list":["post-546","page","type-page","status-publish","hentry"],"yoast_head":"<!-- This site is optimized with the Yoast SEO plugin v26.6 - https:\/\/yoast.com\/wordpress\/plugins\/seo\/ -->\n<title>Frakt og retur - Deravio NO<\/title>\n<meta name=\"robots\" content=\"index, follow, max-snippet:-1, max-image-preview:large, max-video-preview:-1\" \/>\n<link rel=\"canonical\" href=\"https:\/\/deravio.com\/no\/frakt-og-retur\/\" \/>\n<meta property=\"og:locale\" content=\"nb_NO\" \/>\n<meta property=\"og:type\" content=\"article\" \/>\n<meta property=\"og:title\" content=\"Frakt og retur - Deravio NO\" \/>\n<meta property=\"og:description\" content=\"Fraktinformasjon Fraktmetoder Standard frakt For alle leveranser innen Norge: 79 kr. Gratis frakt Gratis frakt p\u00e5 alle bestillinger over 410 [&hellip;]\" \/>\n<meta property=\"og:url\" content=\"https:\/\/deravio.com\/no\/frakt-og-retur\/\" \/>\n<meta property=\"og:site_name\" content=\"Deravio NO\" \/>\n<meta property=\"article:modified_time\" content=\"2026-04-17T12:52:32+00:00\" \/>\n<meta name=\"twitter:card\" content=\"summary_large_image\" \/>\n<meta name=\"twitter:label1\" content=\"Ansl. lesetid\" \/>\n\t<meta name=\"twitter:data1\" content=\"2 minutter\" \/>\n<script type=\"application\/ld+json\" class=\"yoast-schema-graph\">{\"@context\":\"https:\/\/schema.org\",\"@graph\":[{\"@type\":\"WebPage\",\"@id\":\"https:\/\/deravio.com\/no\/frakt-og-retur\/\",\"url\":\"https:\/\/deravio.com\/no\/frakt-og-retur\/\",\"name\":\"Frakt og retur - Deravio NO\",\"isPartOf\":{\"@id\":\"https:\/\/deravio.com\/no\/#website\"},\"datePublished\":\"2020-10-13T02:48:45+00:00\",\"dateModified\":\"2026-04-17T12:52:32+00:00\",\"breadcrumb\":{\"@id\":\"https:\/\/deravio.com\/no\/frakt-og-retur\/#breadcrumb\"},\"inLanguage\":\"nb-NO\",\"potentialAction\":[{\"@type\":\"ReadAction\",\"target\":[\"https:\/\/deravio.com\/no\/frakt-og-retur\/\"]}]},{\"@type\":\"BreadcrumbList\",\"@id\":\"https:\/\/deravio.com\/no\/frakt-og-retur\/#breadcrumb\",\"itemListElement\":[{\"@type\":\"ListItem\",\"position\":1,\"name\":\"Home\",\"item\":\"https:\/\/deravio.com\/no\/\"},{\"@type\":\"ListItem\",\"position\":2,\"name\":\"Frakt og retur\"}]},{\"@type\":\"WebSite\",\"@id\":\"https:\/\/deravio.com\/no\/#website\",\"url\":\"https:\/\/deravio.com\/no\/\",\"name\":\"Deravio NO\",\"description\":\"\",\"publisher\":{\"@id\":\"https:\/\/deravio.com\/no\/#organization\"},\"potentialAction\":[{\"@type\":\"SearchAction\",\"target\":{\"@type\":\"EntryPoint\",\"urlTemplate\":\"https:\/\/deravio.com\/no\/?s={search_term_string}\"},\"query-input\":{\"@type\":\"PropertyValueSpecification\",\"valueRequired\":true,\"valueName\":\"search_term_string\"}}],\"inLanguage\":\"nb-NO\"},{\"@type\":\"Organization\",\"@id\":\"https:\/\/deravio.com\/no\/#organization\",\"name\":\"Mekulo\",\"url\":\"https:\/\/deravio.com\/no\/\",\"logo\":{\"@type\":\"ImageObject\",\"inLanguage\":\"nb-NO\",\"@id\":\"https:\/\/deravio.com\/no\/#\/schema\/logo\/image\/\",\"url\":\"https:\/\/deravio.com\/no\/wp-content\/uploads\/sites\/18\/2025\/12\/favicon_mekulo.png\",\"contentUrl\":\"https:\/\/deravio.com\/no\/wp-content\/uploads\/sites\/18\/2025\/12\/favicon_mekulo.png\",\"width\":50,\"height\":50,\"caption\":\"Mekulo\"},\"image\":{\"@id\":\"https:\/\/deravio.com\/no\/#\/schema\/logo\/image\/\"}}]}<\/script>\n<!-- \/ Yoast SEO plugin. -->","yoast_head_json":{"title":"Frakt og retur - Deravio NO","robots":{"index":"index","follow":"follow","max-snippet":"max-snippet:-1","max-image-preview":"max-image-preview:large","max-video-preview":"max-video-preview:-1"},"canonical":"https:\/\/deravio.com\/no\/frakt-og-retur\/","og_locale":"nb_NO","og_type":"article","og_title":"Frakt og retur - Deravio NO","og_description":"Fraktinformasjon Fraktmetoder Standard frakt For alle leveranser innen Norge: 79 kr. Gratis frakt Gratis frakt p\u00e5 alle bestillinger over 410 [&hellip;]","og_url":"https:\/\/deravio.com\/no\/frakt-og-retur\/","og_site_name":"Deravio NO","article_modified_time":"2026-04-17T12:52:32+00:00","twitter_card":"summary_large_image","twitter_misc":{"Ansl. lesetid":"2 minutter"},"schema":{"@context":"https:\/\/schema.org","@graph":[{"@type":"WebPage","@id":"https:\/\/deravio.com\/no\/frakt-og-retur\/","url":"https:\/\/deravio.com\/no\/frakt-og-retur\/","name":"Frakt og retur - Deravio NO","isPartOf":{"@id":"https:\/\/deravio.com\/no\/#website"},"datePublished":"2020-10-13T02:48:45+00:00","dateModified":"2026-04-17T12:52:32+00:00","breadcrumb":{"@id":"https:\/\/deravio.com\/no\/frakt-og-retur\/#breadcrumb"},"inLanguage":"nb-NO","potentialAction":[{"@type":"ReadAction","target":["https:\/\/deravio.com\/no\/frakt-og-retur\/"]}]},{"@type":"BreadcrumbList","@id":"https:\/\/deravio.com\/no\/frakt-og-retur\/#breadcrumb","itemListElement":[{"@type":"ListItem","position":1,"name":"Home","item":"https:\/\/deravio.com\/no\/"},{"@type":"ListItem","position":2,"name":"Frakt og retur"}]},{"@type":"WebSite","@id":"https:\/\/deravio.com\/no\/#website","url":"https:\/\/deravio.com\/no\/","name":"Deravio NO","description":"","publisher":{"@id":"https:\/\/deravio.com\/no\/#organization"},"potentialAction":[{"@type":"SearchAction","target":{"@type":"EntryPoint","urlTemplate":"https:\/\/deravio.com\/no\/?s={search_term_string}"},"query-input":{"@type":"PropertyValueSpecification","valueRequired":true,"valueName":"search_term_string"}}],"inLanguage":"nb-NO"},{"@type":"Organization","@id":"https:\/\/deravio.com\/no\/#organization","name":"Mekulo","url":"https:\/\/deravio.com\/no\/","logo":{"@type":"ImageObject","inLanguage":"nb-NO","@id":"https:\/\/deravio.com\/no\/#\/schema\/logo\/image\/","url":"https:\/\/deravio.com\/no\/wp-content\/uploads\/sites\/18\/2025\/12\/favicon_mekulo.png","contentUrl":"https:\/\/deravio.com\/no\/wp-content\/uploads\/sites\/18\/2025\/12\/favicon_mekulo.png","width":50,"height":50,"caption":"Mekulo"},"image":{"@id":"https:\/\/deravio.com\/no\/#\/schema\/logo\/image\/"}}]}},"_links":{"self":[{"href":"https:\/\/deravio.com\/no\/wp-json\/wp\/v2\/pages\/546","targetHints":{"allow":["GET"]}}],"collection":[{"href":"https:\/\/deravio.com\/no\/wp-json\/wp\/v2\/pages"}],"about":[{"href":"https:\/\/deravio.com\/no\/wp-json\/wp\/v2\/types\/page"}],"author":[{"embeddable":true,"href":"https:\/\/deravio.com\/no\/wp-json\/wp\/v2\/users\/1"}],"replies":[{"embeddable":true,"href":"https:\/\/deravio.com\/no\/wp-json\/wp\/v2\/comments?post=546"}],"version-history":[{"count":19,"href":"https:\/\/deravio.com\/no\/wp-json\/wp\/v2\/pages\/546\/revisions"}],"predecessor-version":[{"id":22625,"href":"https:\/\/deravio.com\/no\/wp-json\/wp\/v2\/pages\/546\/revisions\/22625"}],"wp:attachment":[{"href":"https:\/\/deravio.com\/no\/wp-json\/wp\/v2\/media?parent=546"}],"curies":[{"name":"wp","href":"https:\/\/api.w.org\/{rel}","templated":true}]}}