{"id":12648,"date":"2025-12-05T15:20:08","date_gmt":"2025-12-05T15:20:08","guid":{"rendered":"https:\/\/senbera.com\/no\/?page_id=12648"},"modified":"2026-04-17T15:56:19","modified_gmt":"2026-04-17T12:56:19","slug":"personvern","status":"publish","type":"page","link":"https:\/\/deravio.com\/no\/personvern\/","title":{"rendered":"Personvern"},"content":{"rendered":"\t\t<div data-elementor-type=\"wp-page\" data-elementor-id=\"12648\" class=\"elementor elementor-12648\" data-elementor-post-type=\"page\">\n\t\t\t\t<div class=\"elementor-element elementor-element-2aa4339c e-flex e-con-boxed e-con e-parent\" data-id=\"2aa4339c\" data-element_type=\"container\" data-e-type=\"container\">\n\t\t\t\t\t<div class=\"e-con-inner\">\n\t\t\t\t<div class=\"elementor-element elementor-element-1b57a32 elementor-widget elementor-widget-text-editor\" data-id=\"1b57a32\" data-element_type=\"widget\" data-e-type=\"widget\" data-widget_type=\"text-editor.default\">\n\t\t\t\t\t\t\t\t\t\n<p data-start=\"124\" data-end=\"159\"><strong data-start=\"124\" data-end=\"159\">Ikrafttredelsesdato: 12.12.2025<\/strong><\/p>\n<p data-start=\"161\" data-end=\"441\">Axenta LTD (\u00abvi\u00bb, \u00aboss\u00bb eller \u00abv\u00e5r\/v\u00e5rt\u00bb) respekterer ditt personvern og er forpliktet til \u00e5 beskytte dine personopplysninger. Denne personvernerkl\u00e6ringen forklarer hvordan vi samler inn, bruker, deler og beskytter informasjonen din n\u00e5r du bes\u00f8ker eller handler p\u00e5 <strong data-start=\"425\" data-end=\"440\">deravio.com<\/strong>.<\/p>\n<p data-start=\"443\" data-end=\"576\">Ved \u00e5 bruke nettstedet v\u00e5rt eller foreta et kj\u00f8p hos oss, samtykker du til praksisene som er beskrevet i denne personvernerkl\u00e6ringen.<\/p>\n<hr data-start=\"578\" data-end=\"581\" \/>\n<h2 data-start=\"583\" data-end=\"622\">1. Hvilke opplysninger vi samler inn<\/h2>\n<p data-start=\"624\" data-end=\"683\">Vi samler inn f\u00f8lgende personopplysninger fra v\u00e5re brukere:<\/p>\n<ul data-start=\"685\" data-end=\"1169\">\n<li data-start=\"685\" data-end=\"783\">\n<p data-start=\"687\" data-end=\"783\"><strong data-start=\"687\" data-end=\"726\">Identitets- og kontaktopplysninger:<\/strong> navn, e-postadresse, telefonnummer og leveringsadresse<\/p>\n<\/li>\n<li data-start=\"784\" data-end=\"906\">\n<p data-start=\"786\" data-end=\"906\"><strong data-start=\"786\" data-end=\"812\">Betalingsopplysninger:<\/strong> betalingskort eller annen betalingsinformasjon som er n\u00f8dvendig for \u00e5 behandle bestillinger<\/p>\n<\/li>\n<li data-start=\"907\" data-end=\"969\">\n<p data-start=\"909\" data-end=\"969\"><strong data-start=\"909\" data-end=\"935\">Tekniske opplysninger:<\/strong> IP-adresse og enhetsinformasjon<\/p>\n<\/li>\n<li data-start=\"970\" data-end=\"1050\">\n<p data-start=\"972\" data-end=\"1050\"><strong data-start=\"972\" data-end=\"995\">Analyse og sporing:<\/strong> data samlet inn via analyseverkt\u00f8y og Facebook Pixel<\/p>\n<\/li>\n<li data-start=\"1051\" data-end=\"1169\">\n<p data-start=\"1053\" data-end=\"1169\"><strong data-start=\"1053\" data-end=\"1087\">Informasjonskapsler (cookies):<\/strong> informasjonskapsler som er n\u00f8dvendige for nettstedets funksjonalitet og analyse<\/p>\n<\/li>\n<\/ul>\n<p data-start=\"1171\" data-end=\"1247\">Vi bruker ikke informasjonskapsler til retargeting eller annonseringsform\u00e5l.<\/p>\n<hr data-start=\"1249\" data-end=\"1252\" \/>\n<h2 data-start=\"1254\" data-end=\"1305\">2. Form\u00e5l med behandlingen av personopplysninger<\/h2>\n<p data-start=\"1307\" data-end=\"1365\">Vi behandler personopplysningene dine for f\u00f8lgende form\u00e5l:<\/p>\n<ul data-start=\"1367\" data-end=\"1835\">\n<li data-start=\"1367\" data-end=\"1472\">\n<p data-start=\"1369\" data-end=\"1472\"><strong data-start=\"1369\" data-end=\"1407\">Bestillingsbehandling og levering:<\/strong> for \u00e5 behandle kj\u00f8p, administrere bestillinger og levere varer<\/p>\n<\/li>\n<li data-start=\"1473\" data-end=\"1539\">\n<p data-start=\"1475\" data-end=\"1539\"><strong data-start=\"1475\" data-end=\"1492\">Kundeservice:<\/strong> for \u00e5 besvare henvendelser og l\u00f8se problemer<\/p>\n<\/li>\n<li data-start=\"1540\" data-end=\"1619\">\n<p data-start=\"1542\" data-end=\"1619\"><strong data-start=\"1542\" data-end=\"1582\">Forebygging av svindel og sikkerhet:<\/strong> for \u00e5 oppdage og forhindre svindel<\/p>\n<\/li>\n<li data-start=\"1620\" data-end=\"1721\">\n<p data-start=\"1622\" data-end=\"1721\"><strong data-start=\"1622\" data-end=\"1652\">Markedsf\u00f8ring (valgfritt):<\/strong> for \u00e5 sende nyhetsbrev eller kampanjer dersom du har gitt samtykke<\/p>\n<\/li>\n<li data-start=\"1722\" data-end=\"1835\">\n<p data-start=\"1724\" data-end=\"1835\"><strong data-start=\"1724\" data-end=\"1764\">Analyse og forbedring av nettstedet:<\/strong> for \u00e5 analysere trafikk, forbedre tjenestene v\u00e5re og overv\u00e5ke ytelse<\/p>\n<\/li>\n<\/ul>\n<hr data-start=\"1837\" data-end=\"1840\" \/>\n<h2 data-start=\"1842\" data-end=\"1887\">3. Rettslig grunnlag for behandling (GDPR)<\/h2>\n<p data-start=\"1889\" data-end=\"1959\">Vi behandler personopplysninger basert p\u00e5 f\u00f8lgende rettslige grunnlag:<\/p>\n<ul data-start=\"1961\" data-end=\"2355\">\n<li data-start=\"1961\" data-end=\"2057\">\n<p data-start=\"1963\" data-end=\"2057\"><strong data-start=\"1963\" data-end=\"1989\">Oppfyllelse av avtale:<\/strong> n\u00f8dvendig for \u00e5 gjennomf\u00f8re bestillinger og levere v\u00e5re tjenester<\/p>\n<\/li>\n<li data-start=\"2058\" data-end=\"2136\">\n<p data-start=\"2060\" data-end=\"2136\"><strong data-start=\"2060\" data-end=\"2073\">Samtykke:<\/strong> der du har samtykket til \u00e5 motta markedsf\u00f8ringskommunikasjon<\/p>\n<\/li>\n<li data-start=\"2137\" data-end=\"2237\">\n<p data-start=\"2139\" data-end=\"2237\"><strong data-start=\"2139\" data-end=\"2164\">Berettiget interesse:<\/strong> forebygging av svindel, analyse, forbedring av nettstedet og sikkerhet<\/p>\n<\/li>\n<li data-start=\"2238\" data-end=\"2355\">\n<p data-start=\"2240\" data-end=\"2355\"><strong data-start=\"2240\" data-end=\"2266\">Rettslig forpliktelse:<\/strong> lagring av opplysninger for regnskaps- og skatteform\u00e5l i henhold til estisk lovgivning<\/p>\n<\/li>\n<\/ul>\n<hr data-start=\"2357\" data-end=\"2360\" \/>\n<h2 data-start=\"2362\" data-end=\"2396\">4. Deling av personopplysninger<\/h2>\n<p data-start=\"2398\" data-end=\"2499\">Vi deler kun personopplysningene dine med tredjeparter som er n\u00f8dvendige for \u00e5 levere v\u00e5re tjenester:<\/p>\n<ul data-start=\"2501\" data-end=\"2655\">\n<li data-start=\"2501\" data-end=\"2588\">\n<p data-start=\"2503\" data-end=\"2588\"><strong data-start=\"2503\" data-end=\"2540\">Transport- og leveringsselskaper:<\/strong> for \u00e5 oppfylle bestillinger og h\u00e5ndtere frakt<\/p>\n<\/li>\n<li data-start=\"2589\" data-end=\"2655\">\n<p data-start=\"2591\" data-end=\"2655\"><strong data-start=\"2591\" data-end=\"2617\">Betalingsleverand\u00f8rer:<\/strong> for sikker behandling av betalinger<\/p>\n<\/li>\n<\/ul>\n<p data-start=\"2657\" data-end=\"2744\">Vi deler ikke dine opplysninger med markedsf\u00f8ringsplattformer eller andre tredjeparter.<\/p>\n<hr data-start=\"2746\" data-end=\"2749\" \/>\n<h2 data-start=\"2751\" data-end=\"2786\">5. Lagring av personopplysninger<\/h2>\n<p data-start=\"2788\" data-end=\"2823\">Vi lagrer personopplysningene dine:<\/p>\n<ul data-start=\"2825\" data-end=\"3001\">\n<li data-start=\"2825\" data-end=\"2916\">\n<p data-start=\"2827\" data-end=\"2916\">Inntil bestillingen er fullf\u00f8rt, inkludert levering og h\u00e5ndtering av eventuelle tvister<\/p>\n<\/li>\n<li data-start=\"2917\" data-end=\"3001\">\n<p data-start=\"2919\" data-end=\"3001\">I opptil <strong data-start=\"2928\" data-end=\"2936\">7 \u00e5r<\/strong> for regnskaps- og skatteform\u00e5l i henhold til estisk lovgivning<\/p>\n<\/li>\n<\/ul>\n<p data-start=\"3003\" data-end=\"3090\">Etter denne perioden vil opplysningene bli slettet eller anonymisert p\u00e5 en sikker m\u00e5te.<\/p>\n<hr data-start=\"3092\" data-end=\"3095\" \/>\n<h2 data-start=\"3097\" data-end=\"3133\">6. Informasjonskapsler og sporing<\/h2>\n<p data-start=\"3135\" data-end=\"3192\">Vi bruker informasjonskapsler og sporingsteknologier til:<\/p>\n<ul data-start=\"3194\" data-end=\"3263\">\n<li data-start=\"3194\" data-end=\"3226\">\n<p data-start=\"3196\" data-end=\"3226\">Funksjonalitet p\u00e5 nettstedet<\/p>\n<\/li>\n<li data-start=\"3227\" data-end=\"3263\">\n<p data-start=\"3229\" data-end=\"3263\">Analyseform\u00e5l via Facebook Pixel<\/p>\n<\/li>\n<\/ul>\n<p data-start=\"3265\" data-end=\"3343\">Ingen informasjonskapsler brukes til retargeting eller tredjepartsannonsering.<\/p>\n<hr data-start=\"3345\" data-end=\"3348\" \/>\n<h2 data-start=\"3350\" data-end=\"3387\">7. Internasjonale dataoverf\u00f8ringer<\/h2>\n<p data-start=\"3389\" data-end=\"3521\">Alle personopplysninger lagres og behandles innenfor <strong data-start=\"3442\" data-end=\"3471\">Den europeiske union (EU)<\/strong>. Vi overf\u00f8rer ikke personopplysninger utenfor EU.<\/p>\n<hr data-start=\"3523\" data-end=\"3526\" \/>\n<h2 data-start=\"3528\" data-end=\"3561\">8. Dine rettigheter etter GDPR<\/h2>\n<p data-start=\"3563\" data-end=\"3627\">Du har f\u00f8lgende rettigheter knyttet til dine personopplysninger:<\/p>\n<ul data-start=\"3629\" data-end=\"4342\">\n<li data-start=\"3629\" data-end=\"3695\">\n<p data-start=\"3631\" data-end=\"3695\"><strong data-start=\"3631\" data-end=\"3642\">Innsyn:<\/strong> be om en kopi av personopplysningene vi har om deg<\/p>\n<\/li>\n<li data-start=\"3696\" data-end=\"3776\">\n<p data-start=\"3698\" data-end=\"3776\"><strong data-start=\"3698\" data-end=\"3711\">Rettelse:<\/strong> be om korrigering av uriktige eller ufullstendige opplysninger<\/p>\n<\/li>\n<li data-start=\"3777\" data-end=\"3866\">\n<p data-start=\"3779\" data-end=\"3866\"><strong data-start=\"3779\" data-end=\"3792\">Sletting:<\/strong> be om sletting av personopplysninger (med forbehold om lovp\u00e5lagte krav)<\/p>\n<\/li>\n<li data-start=\"3867\" data-end=\"3958\">\n<p data-start=\"3869\" data-end=\"3958\"><strong data-start=\"3869\" data-end=\"3899\">Begrensning av behandling:<\/strong> be om begrensninger i hvordan vi behandler opplysningene<\/p>\n<\/li>\n<li data-start=\"3959\" data-end=\"4068\">\n<p data-start=\"3961\" data-end=\"4068\"><strong data-start=\"3961\" data-end=\"3982\">Dataportabilitet:<\/strong> motta opplysningene dine i et strukturert, alminnelig brukt og maskinlesbart format<\/p>\n<\/li>\n<li data-start=\"4069\" data-end=\"4156\">\n<p data-start=\"4071\" data-end=\"4156\"><strong data-start=\"4071\" data-end=\"4086\">Innsigelse:<\/strong> protestere mot visse former for behandling, inkludert markedsf\u00f8ring<\/p>\n<\/li>\n<li data-start=\"4157\" data-end=\"4249\">\n<p data-start=\"4159\" data-end=\"4249\"><strong data-start=\"4159\" data-end=\"4191\">Tilbaketrekking av samtykke:<\/strong> trekke tilbake samtykke til markedsf\u00f8ring n\u00e5r som helst<\/p>\n<\/li>\n<li data-start=\"4250\" data-end=\"4342\">\n<p data-start=\"4252\" data-end=\"4342\"><strong data-start=\"4252\" data-end=\"4262\">Klage:<\/strong> sende klage til tilsynsmyndighet (for eksempel Estisk Forbrukervernmyndighet)<\/p>\n<\/li>\n<\/ul>\n<p data-start=\"4344\" data-end=\"4410\">For \u00e5 ut\u00f8ve dine rettigheter, kontakt oss p\u00e5: <strong data-start=\"4390\" data-end=\"4410\"><a class=\"decorated-link cursor-pointer\" rel=\"noopener\" data-start=\"4392\" data-end=\"4408\">info@deravio.com<\/a><\/strong><\/p>\n<hr data-start=\"4412\" data-end=\"4415\" \/>\n<h2 data-start=\"4417\" data-end=\"4454\">9. Sikkerhet for dine opplysninger<\/h2>\n<p data-start=\"4456\" data-end=\"4610\">Vi benytter egnede tekniske og organisatoriske tiltak for \u00e5 beskytte dine personopplysninger mot uautorisert tilgang, tap, endring eller offentliggj\u00f8ring.<\/p>\n<hr data-start=\"4612\" data-end=\"4615\" \/>\n<h2 data-start=\"4617\" data-end=\"4663\">10. Endringer i denne personvernerkl\u00e6ringen<\/h2>\n<p data-start=\"4665\" data-end=\"4858\">Vi kan oppdatere denne personvernerkl\u00e6ringen fra tid til annen. Oppdaterte versjoner publiseres p\u00e5 <strong data-start=\"4764\" data-end=\"4779\">deravio.com<\/strong> med ny ikrafttredelsesdato. Vi anbefaler at du gjennomg\u00e5r erkl\u00e6ringen jevnlig.<\/p>\n<hr data-start=\"4860\" data-end=\"4863\" \/>\n<h2 data-start=\"4865\" data-end=\"4890\">11. Kontaktinformasjon<\/h2>\n<p data-start=\"4892\" data-end=\"5016\">Ved sp\u00f8rsm\u00e5l, bekymringer eller foresp\u00f8rsler knyttet til denne personvernerkl\u00e6ringen eller dine personopplysninger, kontakt:<\/p>\n<p data-start=\"5018\" data-end=\"5140\">Axenta LTD<\/p>\n<p data-start=\"5018\" data-end=\"5140\">82A James Carter Road<br \/>Mildenhall, Suffolk IP287DE<br \/>Storbritannia<br data-start=\"5109\" data-end=\"5112\" \/>E-post: <strong data-start=\"5120\" data-end=\"5140\"><a class=\"decorated-link cursor-pointer\" rel=\"noopener\" data-start=\"5122\" data-end=\"5138\">info@deravio.com<\/a><\/strong><\/p>\n\t\t\t\t\t\t\t\t<\/div>\n\t\t\t\t\t<\/div>\n\t\t\t\t<\/div>\n\t\t\t\t<\/div>\n\t\t","protected":false},"excerpt":{"rendered":"<p>Ikrafttredelsesdato: 12.12.2025 Axenta LTD (\u00abvi\u00bb, \u00aboss\u00bb eller \u00abv\u00e5r\/v\u00e5rt\u00bb) respekterer ditt personvern og er forpliktet til \u00e5 beskytte dine personopplysninger. Denne [&hellip;]<\/p>\n","protected":false},"author":1,"featured_media":0,"parent":0,"menu_order":0,"comment_status":"closed","ping_status":"closed","template":"","meta":{"site-sidebar-layout":"default","site-content-layout":"","ast-site-content-layout":"default","site-content-style":"default","site-sidebar-style":"default","ast-global-header-display":"","ast-banner-title-visibility":"","ast-main-header-display":"","ast-hfb-above-header-display":"","ast-hfb-below-header-display":"","ast-hfb-mobile-header-display":"","site-post-title":"","ast-breadcrumbs-content":"","ast-featured-img":"","footer-sml-layout":"","theme-transparent-header-meta":"","adv-header-id-meta":"","stick-header-meta":"","header-above-stick-meta":"","header-main-stick-meta":"","header-below-stick-meta":"","astra-migrate-meta-layouts":"default","ast-page-background-enabled":"default","ast-page-background-meta":{"desktop":{"background-color":"var(--ast-global-color-5)","background-image":"","background-repeat":"repeat","background-position":"center center","background-size":"auto","background-attachment":"scroll","background-type":"","background-media":"","overlay-type":"","overlay-color":"","overlay-opacity":"","overlay-gradient":""},"tablet":{"background-color":"","background-image":"","background-repeat":"repeat","background-position":"center center","background-size":"auto","background-attachment":"scroll","background-type":"","background-media":"","overlay-type":"","overlay-color":"","overlay-opacity":"","overlay-gradient":""},"mobile":{"background-color":"","background-image":"","background-repeat":"repeat","background-position":"center center","background-size":"auto","background-attachment":"scroll","background-type":"","background-media":"","overlay-type":"","overlay-color":"","overlay-opacity":"","overlay-gradient":""}},"ast-content-background-meta":{"desktop":{"background-color":"var(--ast-global-color-4)","background-image":"","background-repeat":"repeat","background-position":"center center","background-size":"auto","background-attachment":"scroll","background-type":"","background-media":"","overlay-type":"","overlay-color":"","overlay-opacity":"","overlay-gradient":""},"tablet":{"background-color":"var(--ast-global-color-4)","background-image":"","background-repeat":"repeat","background-position":"center center","background-size":"auto","background-attachment":"scroll","background-type":"","background-media":"","overlay-type":"","overlay-color":"","overlay-opacity":"","overlay-gradient":""},"mobile":{"background-color":"var(--ast-global-color-4)","background-image":"","background-repeat":"repeat","background-position":"center center","background-size":"auto","background-attachment":"scroll","background-type":"","background-media":"","overlay-type":"","overlay-color":"","overlay-opacity":"","overlay-gradient":""}},"footnotes":""},"class_list":["post-12648","page","type-page","status-publish","hentry"],"yoast_head":"<!-- This site is optimized with the Yoast SEO plugin v26.6 - https:\/\/yoast.com\/wordpress\/plugins\/seo\/ -->\n<title>Personvern - Deravio NO<\/title>\n<meta name=\"robots\" content=\"index, follow, max-snippet:-1, max-image-preview:large, max-video-preview:-1\" \/>\n<link rel=\"canonical\" href=\"https:\/\/deravio.com\/no\/personvern\/\" \/>\n<meta property=\"og:locale\" content=\"nb_NO\" \/>\n<meta property=\"og:type\" content=\"article\" \/>\n<meta property=\"og:title\" content=\"Personvern - Deravio NO\" \/>\n<meta property=\"og:description\" content=\"Ikrafttredelsesdato: 12.12.2025 Axenta LTD (\u00abvi\u00bb, \u00aboss\u00bb eller \u00abv\u00e5r\/v\u00e5rt\u00bb) respekterer ditt personvern og er forpliktet til \u00e5 beskytte dine personopplysninger. Denne [&hellip;]\" \/>\n<meta property=\"og:url\" content=\"https:\/\/deravio.com\/no\/personvern\/\" \/>\n<meta property=\"og:site_name\" content=\"Deravio NO\" \/>\n<meta property=\"article:modified_time\" content=\"2026-04-17T12:56:19+00:00\" \/>\n<meta name=\"twitter:card\" content=\"summary_large_image\" \/>\n<meta name=\"twitter:label1\" content=\"Ansl. lesetid\" \/>\n\t<meta name=\"twitter:data1\" content=\"4 minutter\" \/>\n<script type=\"application\/ld+json\" class=\"yoast-schema-graph\">{\"@context\":\"https:\/\/schema.org\",\"@graph\":[{\"@type\":\"WebPage\",\"@id\":\"https:\/\/deravio.com\/no\/personvern\/\",\"url\":\"https:\/\/deravio.com\/no\/personvern\/\",\"name\":\"Personvern - Deravio NO\",\"isPartOf\":{\"@id\":\"https:\/\/deravio.com\/no\/#website\"},\"datePublished\":\"2025-12-05T15:20:08+00:00\",\"dateModified\":\"2026-04-17T12:56:19+00:00\",\"breadcrumb\":{\"@id\":\"https:\/\/deravio.com\/no\/personvern\/#breadcrumb\"},\"inLanguage\":\"nb-NO\",\"potentialAction\":[{\"@type\":\"ReadAction\",\"target\":[\"https:\/\/deravio.com\/no\/personvern\/\"]}]},{\"@type\":\"BreadcrumbList\",\"@id\":\"https:\/\/deravio.com\/no\/personvern\/#breadcrumb\",\"itemListElement\":[{\"@type\":\"ListItem\",\"position\":1,\"name\":\"Home\",\"item\":\"https:\/\/deravio.com\/no\/\"},{\"@type\":\"ListItem\",\"position\":2,\"name\":\"Personvern\"}]},{\"@type\":\"WebSite\",\"@id\":\"https:\/\/deravio.com\/no\/#website\",\"url\":\"https:\/\/deravio.com\/no\/\",\"name\":\"Deravio NO\",\"description\":\"\",\"publisher\":{\"@id\":\"https:\/\/deravio.com\/no\/#organization\"},\"potentialAction\":[{\"@type\":\"SearchAction\",\"target\":{\"@type\":\"EntryPoint\",\"urlTemplate\":\"https:\/\/deravio.com\/no\/?s={search_term_string}\"},\"query-input\":{\"@type\":\"PropertyValueSpecification\",\"valueRequired\":true,\"valueName\":\"search_term_string\"}}],\"inLanguage\":\"nb-NO\"},{\"@type\":\"Organization\",\"@id\":\"https:\/\/deravio.com\/no\/#organization\",\"name\":\"Mekulo\",\"url\":\"https:\/\/deravio.com\/no\/\",\"logo\":{\"@type\":\"ImageObject\",\"inLanguage\":\"nb-NO\",\"@id\":\"https:\/\/deravio.com\/no\/#\/schema\/logo\/image\/\",\"url\":\"https:\/\/deravio.com\/no\/wp-content\/uploads\/sites\/18\/2025\/12\/favicon_mekulo.png\",\"contentUrl\":\"https:\/\/deravio.com\/no\/wp-content\/uploads\/sites\/18\/2025\/12\/favicon_mekulo.png\",\"width\":50,\"height\":50,\"caption\":\"Mekulo\"},\"image\":{\"@id\":\"https:\/\/deravio.com\/no\/#\/schema\/logo\/image\/\"}}]}<\/script>\n<!-- \/ Yoast SEO plugin. -->","yoast_head_json":{"title":"Personvern - Deravio NO","robots":{"index":"index","follow":"follow","max-snippet":"max-snippet:-1","max-image-preview":"max-image-preview:large","max-video-preview":"max-video-preview:-1"},"canonical":"https:\/\/deravio.com\/no\/personvern\/","og_locale":"nb_NO","og_type":"article","og_title":"Personvern - Deravio NO","og_description":"Ikrafttredelsesdato: 12.12.2025 Axenta LTD (\u00abvi\u00bb, \u00aboss\u00bb eller \u00abv\u00e5r\/v\u00e5rt\u00bb) respekterer ditt personvern og er forpliktet til \u00e5 beskytte dine personopplysninger. Denne [&hellip;]","og_url":"https:\/\/deravio.com\/no\/personvern\/","og_site_name":"Deravio NO","article_modified_time":"2026-04-17T12:56:19+00:00","twitter_card":"summary_large_image","twitter_misc":{"Ansl. lesetid":"4 minutter"},"schema":{"@context":"https:\/\/schema.org","@graph":[{"@type":"WebPage","@id":"https:\/\/deravio.com\/no\/personvern\/","url":"https:\/\/deravio.com\/no\/personvern\/","name":"Personvern - Deravio NO","isPartOf":{"@id":"https:\/\/deravio.com\/no\/#website"},"datePublished":"2025-12-05T15:20:08+00:00","dateModified":"2026-04-17T12:56:19+00:00","breadcrumb":{"@id":"https:\/\/deravio.com\/no\/personvern\/#breadcrumb"},"inLanguage":"nb-NO","potentialAction":[{"@type":"ReadAction","target":["https:\/\/deravio.com\/no\/personvern\/"]}]},{"@type":"BreadcrumbList","@id":"https:\/\/deravio.com\/no\/personvern\/#breadcrumb","itemListElement":[{"@type":"ListItem","position":1,"name":"Home","item":"https:\/\/deravio.com\/no\/"},{"@type":"ListItem","position":2,"name":"Personvern"}]},{"@type":"WebSite","@id":"https:\/\/deravio.com\/no\/#website","url":"https:\/\/deravio.com\/no\/","name":"Deravio NO","description":"","publisher":{"@id":"https:\/\/deravio.com\/no\/#organization"},"potentialAction":[{"@type":"SearchAction","target":{"@type":"EntryPoint","urlTemplate":"https:\/\/deravio.com\/no\/?s={search_term_string}"},"query-input":{"@type":"PropertyValueSpecification","valueRequired":true,"valueName":"search_term_string"}}],"inLanguage":"nb-NO"},{"@type":"Organization","@id":"https:\/\/deravio.com\/no\/#organization","name":"Mekulo","url":"https:\/\/deravio.com\/no\/","logo":{"@type":"ImageObject","inLanguage":"nb-NO","@id":"https:\/\/deravio.com\/no\/#\/schema\/logo\/image\/","url":"https:\/\/deravio.com\/no\/wp-content\/uploads\/sites\/18\/2025\/12\/favicon_mekulo.png","contentUrl":"https:\/\/deravio.com\/no\/wp-content\/uploads\/sites\/18\/2025\/12\/favicon_mekulo.png","width":50,"height":50,"caption":"Mekulo"},"image":{"@id":"https:\/\/deravio.com\/no\/#\/schema\/logo\/image\/"}}]}},"_links":{"self":[{"href":"https:\/\/deravio.com\/no\/wp-json\/wp\/v2\/pages\/12648","targetHints":{"allow":["GET"]}}],"collection":[{"href":"https:\/\/deravio.com\/no\/wp-json\/wp\/v2\/pages"}],"about":[{"href":"https:\/\/deravio.com\/no\/wp-json\/wp\/v2\/types\/page"}],"author":[{"embeddable":true,"href":"https:\/\/deravio.com\/no\/wp-json\/wp\/v2\/users\/1"}],"replies":[{"embeddable":true,"href":"https:\/\/deravio.com\/no\/wp-json\/wp\/v2\/comments?post=12648"}],"version-history":[{"count":11,"href":"https:\/\/deravio.com\/no\/wp-json\/wp\/v2\/pages\/12648\/revisions"}],"predecessor-version":[{"id":22635,"href":"https:\/\/deravio.com\/no\/wp-json\/wp\/v2\/pages\/12648\/revisions\/22635"}],"wp:attachment":[{"href":"https:\/\/deravio.com\/no\/wp-json\/wp\/v2\/media?parent=12648"}],"curies":[{"name":"wp","href":"https:\/\/api.w.org\/{rel}","templated":true}]}}