{"id":21928,"date":"2026-04-29T16:18:22","date_gmt":"2026-04-29T13:18:22","guid":{"rendered":"https:\/\/deravio.com\/fr\/produkt\/lebensrettendes-armband\/"},"modified":"2026-04-29T16:19:01","modified_gmt":"2026-04-29T13:19:01","slug":"lebensrettendes-armband","status":"publish","type":"product","link":"https:\/\/deravio.com\/fr\/produkt\/lebensrettendes-armband\/","title":{"rendered":"Lebensrettendes Armband"},"content":{"rendered":"<h2 style=\"text-align: center\">Ein Armband, das Ihr Leben retten kann<\/h2>\n<p><img decoding=\"async\" class=\"size-medium wp-image-12027 aligncenter\" src=\"https:\/\/keluvo.com\/template\/wp-content\/uploads\/sites\/5\/2024\/11\/ad1Bracelet.jpg\" alt=\"\" \/><\/p>\n<h2><\/h2>\n<h2 style=\"text-align: center\">Premium-Qualit\u00e4t und hoher Tragekomfort<\/h2>\n<p style=\"text-align: center\">Das lebensrettende Armband ist aus hochwertigem echtem Leder und Edelstahl gefertigt, was es stilvoll, leicht und widerstandsf\u00e4hig gegen t\u00e4gliche Abnutzung macht. Das verstellbare Armband sorgt f\u00fcr eine perfekte Passform, so dass Sie es den ganzen Tag \u00fcber tragen k\u00f6nnen, ohne sich unwohl zu f\u00fchlen. Egal, ob Sie bei der Arbeit, auf Reisen oder beim Sport sind, dieses Armband bleibt sicher an Ihrem Handgelenk &#8211; immer bereit, Ihnen Ihre wichtigen Gesundheitsinformationen mitzuteilen.<\/p>\n<p><img decoding=\"async\" class=\"size-medium wp-image-12029 aligncenter\" src=\"https:\/\/keluvo.com\/template\/wp-content\/uploads\/sites\/5\/2024\/11\/desc2Bracelet.webp\" alt=\"\" \/><\/p>\n<h2><\/h2>\n<h2 style=\"text-align: center\">Individuelle Gravur f\u00fcr verschiedene Erkrankungen<\/h2>\n<p style=\"text-align: center\">Wir bieten eine individuelle Gravur f\u00fcr eine Vielzahl von Erkrankungen an und stellen so sicher, dass Ihr Armband Ihre speziellen gesundheitlichen Bed\u00fcrfnisse widerspiegelt. Wenn Sie ein spezielles Leiden haben, k\u00f6nnen wir es f\u00fcr Sie eingravieren. Bleiben Sie sicher, bleiben Sie vorbereitet, und lassen Sie Ihr lebensrettendes Armband f\u00fcr Sie sprechen, wenn Sie es nicht k\u00f6nnen.<\/p>\n<p><img decoding=\"async\" class=\"size-medium wp-image-12030 aligncenter\" src=\"https:\/\/keluvo.com\/template\/wp-content\/uploads\/sites\/5\/2024\/11\/WhatsApp-Image-2025-03-10-at-15.20.28_b8a0b041.jpg\" alt=\"\" \/><\/p>\n","protected":false},"excerpt":{"rendered":"<p>Gesundheitliche Notf\u00e4lle k\u00f6nnen jederzeit und \u00fcberall eintreten. Ob es sich um einen Unfall, eine pl\u00f6tzliche Gesundheitskrise oder Bewusstlosigkeit handelt, jede Sekunde z\u00e4hlt. Das lebensrettende Armband stellt sicher, dass Ersthelfer, medizinisches Personal und sogar Umstehende Ihren Gesundheitszustand sofort erkennen, damit sie ohne Verz\u00f6gerung die richtige Hilfe leisten k\u00f6nnen. Da Ihre wichtigsten Gesundheitsinformationen deutlich eingraviert sind, k\u00f6nnen Sie sicher sein, dass Ihr Zustand nicht unbemerkt bleibt, wenn es am wichtigsten ist.<\/p>\n","protected":false},"featured_media":21924,"comment_status":"open","ping_status":"closed","template":"","meta":{"site-sidebar-layout":"default","site-content-layout":"","ast-site-content-layout":"default","site-content-style":"default","site-sidebar-style":"default","ast-global-header-display":"","ast-banner-title-visibility":"","ast-main-header-display":"","ast-hfb-above-header-display":"","ast-hfb-below-header-display":"","ast-hfb-mobile-header-display":"","site-post-title":"","ast-breadcrumbs-content":"","ast-featured-img":"","footer-sml-layout":"","ast-disable-related-posts":"","theme-transparent-header-meta":"default","adv-header-id-meta":"","stick-header-meta":"","header-above-stick-meta":"","header-main-stick-meta":"","header-below-stick-meta":"","astra-migrate-meta-layouts":"set","ast-page-background-enabled":"default","ast-page-background-meta":{"desktop":{"background-color":"var(--ast-global-color-5)","background-image":"","background-repeat":"repeat","background-position":"center center","background-size":"auto","background-attachment":"scroll","background-type":"","background-media":"","overlay-type":"","overlay-color":"","overlay-opacity":"","overlay-gradient":""},"tablet":{"background-color":"","background-image":"","background-repeat":"repeat","background-position":"center center","background-size":"auto","background-attachment":"scroll","background-type":"","background-media":"","overlay-type":"","overlay-color":"","overlay-opacity":"","overlay-gradient":""},"mobile":{"background-color":"","background-image":"","background-repeat":"repeat","background-position":"center center","background-size":"auto","background-attachment":"scroll","background-type":"","background-media":"","overlay-type":"","overlay-color":"","overlay-opacity":"","overlay-gradient":""}},"ast-content-background-meta":{"desktop":{"background-color":"var(--ast-global-color-4)","background-image":"","background-repeat":"repeat","background-position":"center center","background-size":"auto","background-attachment":"scroll","background-type":"","background-media":"","overlay-type":"","overlay-color":"","overlay-opacity":"","overlay-gradient":""},"tablet":{"background-color":"var(--ast-global-color-4)","background-image":"","background-repeat":"repeat","background-position":"center center","background-size":"auto","background-attachment":"scroll","background-type":"","background-media":"","overlay-type":"","overlay-color":"","overlay-opacity":"","overlay-gradient":""},"mobile":{"background-color":"var(--ast-global-color-4)","background-image":"","background-repeat":"repeat","background-position":"center center","background-size":"auto","background-attachment":"scroll","background-type":"","background-media":"","overlay-type":"","overlay-color":"","overlay-opacity":"","overlay-gradient":""}}},"product_brand":[],"product_cat":[165],"product_tag":[],"class_list":{"0":"post-21928","1":"product","2":"type-product","3":"status-publish","4":"has-post-thumbnail","6":"product_cat-schuhe-accessoires","7":"pa_15075_vq22hftz-allergie","8":"pa_15075_vq22hftz-alzheimerkrankheit","9":"pa_15075_vq22hftz-copd","10":"pa_15075_vq22hftz-epilepsie","11":"pa_15075_vq22hftz-herzkrankheit","12":"pa_15075_vq22hftz-herzschrittmacher","13":"pa_15075_vq22hftz-hoher-blutdruck","14":"pa_15075_vq22hftz-lungenkrankheit","15":"pa_15075_vq22hftz-typ-1-diabetes","16":"pa_15075_vq22hftz-typ-2-diabetes","17":"desktop-align-left","18":"tablet-align-left","19":"mobile-align-left","21":"first","22":"instock","23":"shipping-taxable","24":"purchasable","25":"product-type-variable"},"yoast_head":"<!-- This site is optimized with the Yoast SEO plugin v27.4 - https:\/\/yoast.com\/product\/yoast-seo-wordpress\/ -->\n<title>Lebensrettendes Armband - Deravio FR<\/title>\n<meta name=\"robots\" content=\"index, follow, max-snippet:-1, max-image-preview:large, max-video-preview:-1\" \/>\n<link rel=\"canonical\" href=\"https:\/\/deravio.com\/fr\/produkt\/lebensrettendes-armband\/\" \/>\n<meta property=\"og:locale\" content=\"fr_FR\" \/>\n<meta property=\"og:type\" content=\"article\" \/>\n<meta property=\"og:title\" content=\"Lebensrettendes Armband - Deravio FR\" \/>\n<meta property=\"og:description\" content=\"Gesundheitliche Notf\u00e4lle k\u00f6nnen jederzeit und \u00fcberall eintreten. Ob es sich um einen Unfall, eine pl\u00f6tzliche Gesundheitskrise oder Bewusstlosigkeit handelt, jede Sekunde z\u00e4hlt. Das lebensrettende Armband stellt sicher, dass Ersthelfer, medizinisches Personal und sogar Umstehende Ihren Gesundheitszustand sofort erkennen, damit sie ohne Verz\u00f6gerung die richtige Hilfe leisten k\u00f6nnen. Da Ihre wichtigsten Gesundheitsinformationen deutlich eingraviert sind, k\u00f6nnen Sie sicher sein, dass Ihr Zustand nicht unbemerkt bleibt, wenn es am wichtigsten ist.\" \/>\n<meta property=\"og:url\" content=\"https:\/\/deravio.com\/fr\/produkt\/lebensrettendes-armband\/\" \/>\n<meta property=\"og:site_name\" content=\"Deravio FR\" \/>\n<meta property=\"article:modified_time\" content=\"2026-04-29T13:19:01+00:00\" \/>\n<meta property=\"og:image\" content=\"https:\/\/deravio.com\/de\/wp-content\/uploads\/sites\/21\/2026\/04\/cpo23a2-1.webp\" \/>\n\t<meta property=\"og:image:width\" content=\"800\" \/>\n\t<meta property=\"og:image:height\" content=\"800\" \/>\n\t<meta property=\"og:image:type\" content=\"image\/webp\" \/>\n<meta name=\"twitter:card\" content=\"summary_large_image\" \/>\n<meta name=\"twitter:label1\" content=\"Est. reading time\" \/>\n\t<meta name=\"twitter:data1\" content=\"2 minutes\" \/>\n<script type=\"application\/ld+json\" class=\"yoast-schema-graph\">{\"@context\":\"https:\\\/\\\/schema.org\",\"@graph\":[{\"@type\":\"WebPage\",\"@id\":\"https:\\\/\\\/deravio.com\\\/fr\\\/produkt\\\/lebensrettendes-armband\\\/\",\"url\":\"https:\\\/\\\/deravio.com\\\/fr\\\/produkt\\\/lebensrettendes-armband\\\/\",\"name\":\"Lebensrettendes Armband - Deravio FR\",\"isPartOf\":{\"@id\":\"https:\\\/\\\/deravio.com\\\/fr\\\/#website\"},\"primaryImageOfPage\":{\"@id\":\"https:\\\/\\\/deravio.com\\\/fr\\\/produkt\\\/lebensrettendes-armband\\\/#primaryimage\"},\"image\":{\"@id\":\"https:\\\/\\\/deravio.com\\\/fr\\\/produkt\\\/lebensrettendes-armband\\\/#primaryimage\"},\"thumbnailUrl\":\"https:\\\/\\\/deravio.com\\\/fr\\\/wp-content\\\/uploads\\\/sites\\\/32\\\/2026\\\/04\\\/cpo23a2-1.webp\",\"datePublished\":\"2026-04-29T13:18:22+00:00\",\"dateModified\":\"2026-04-29T13:19:01+00:00\",\"breadcrumb\":{\"@id\":\"https:\\\/\\\/deravio.com\\\/fr\\\/produkt\\\/lebensrettendes-armband\\\/#breadcrumb\"},\"inLanguage\":\"fr-FR\",\"potentialAction\":[{\"@type\":\"ReadAction\",\"target\":[\"https:\\\/\\\/deravio.com\\\/fr\\\/produkt\\\/lebensrettendes-armband\\\/\"]}]},{\"@type\":\"ImageObject\",\"inLanguage\":\"fr-FR\",\"@id\":\"https:\\\/\\\/deravio.com\\\/fr\\\/produkt\\\/lebensrettendes-armband\\\/#primaryimage\",\"url\":\"https:\\\/\\\/deravio.com\\\/fr\\\/wp-content\\\/uploads\\\/sites\\\/32\\\/2026\\\/04\\\/cpo23a2-1.webp\",\"contentUrl\":\"https:\\\/\\\/deravio.com\\\/fr\\\/wp-content\\\/uploads\\\/sites\\\/32\\\/2026\\\/04\\\/cpo23a2-1.webp\",\"width\":800,\"height\":800},{\"@type\":\"BreadcrumbList\",\"@id\":\"https:\\\/\\\/deravio.com\\\/fr\\\/produkt\\\/lebensrettendes-armband\\\/#breadcrumb\",\"itemListElement\":[{\"@type\":\"ListItem\",\"position\":1,\"name\":\"Home\",\"item\":\"https:\\\/\\\/deravio.com\\\/fr\\\/\"},{\"@type\":\"ListItem\",\"position\":2,\"name\":\"Boutique\",\"item\":\"https:\\\/\\\/deravio.com\\\/fr\\\/boutique\\\/\"},{\"@type\":\"ListItem\",\"position\":3,\"name\":\"Lebensrettendes Armband\"}]},{\"@type\":\"WebSite\",\"@id\":\"https:\\\/\\\/deravio.com\\\/fr\\\/#website\",\"url\":\"https:\\\/\\\/deravio.com\\\/fr\\\/\",\"name\":\"Deravio FR\",\"description\":\"\",\"publisher\":{\"@id\":\"https:\\\/\\\/deravio.com\\\/fr\\\/#organization\"},\"potentialAction\":[{\"@type\":\"SearchAction\",\"target\":{\"@type\":\"EntryPoint\",\"urlTemplate\":\"https:\\\/\\\/deravio.com\\\/fr\\\/?s={search_term_string}\"},\"query-input\":{\"@type\":\"PropertyValueSpecification\",\"valueRequired\":true,\"valueName\":\"search_term_string\"}}],\"inLanguage\":\"fr-FR\"},{\"@type\":\"Organization\",\"@id\":\"https:\\\/\\\/deravio.com\\\/fr\\\/#organization\",\"name\":\"Mekulo\",\"url\":\"https:\\\/\\\/deravio.com\\\/fr\\\/\",\"logo\":{\"@type\":\"ImageObject\",\"inLanguage\":\"fr-FR\",\"@id\":\"https:\\\/\\\/deravio.com\\\/fr\\\/#\\\/schema\\\/logo\\\/image\\\/\",\"url\":\"https:\\\/\\\/deravio.com\\\/fr\\\/wp-content\\\/uploads\\\/sites\\\/32\\\/2025\\\/12\\\/favicon_mekulo.png\",\"contentUrl\":\"https:\\\/\\\/deravio.com\\\/fr\\\/wp-content\\\/uploads\\\/sites\\\/32\\\/2025\\\/12\\\/favicon_mekulo.png\",\"width\":50,\"height\":50,\"caption\":\"Mekulo\"},\"image\":{\"@id\":\"https:\\\/\\\/deravio.com\\\/fr\\\/#\\\/schema\\\/logo\\\/image\\\/\"}}]}<\/script>\n<!-- \/ Yoast SEO plugin. -->","yoast_head_json":{"title":"Lebensrettendes Armband - Deravio FR","robots":{"index":"index","follow":"follow","max-snippet":"max-snippet:-1","max-image-preview":"max-image-preview:large","max-video-preview":"max-video-preview:-1"},"canonical":"https:\/\/deravio.com\/fr\/produkt\/lebensrettendes-armband\/","og_locale":"fr_FR","og_type":"article","og_title":"Lebensrettendes Armband - Deravio FR","og_description":"Gesundheitliche Notf\u00e4lle k\u00f6nnen jederzeit und \u00fcberall eintreten. Ob es sich um einen Unfall, eine pl\u00f6tzliche Gesundheitskrise oder Bewusstlosigkeit handelt, jede Sekunde z\u00e4hlt. Das lebensrettende Armband stellt sicher, dass Ersthelfer, medizinisches Personal und sogar Umstehende Ihren Gesundheitszustand sofort erkennen, damit sie ohne Verz\u00f6gerung die richtige Hilfe leisten k\u00f6nnen. Da Ihre wichtigsten Gesundheitsinformationen deutlich eingraviert sind, k\u00f6nnen Sie sicher sein, dass Ihr Zustand nicht unbemerkt bleibt, wenn es am wichtigsten ist.","og_url":"https:\/\/deravio.com\/fr\/produkt\/lebensrettendes-armband\/","og_site_name":"Deravio FR","article_modified_time":"2026-04-29T13:19:01+00:00","og_image":[{"width":800,"height":800,"url":"https:\/\/deravio.com\/de\/wp-content\/uploads\/sites\/21\/2026\/04\/cpo23a2-1.webp","type":"image\/webp"}],"twitter_card":"summary_large_image","twitter_misc":{"Est. reading time":"2 minutes"},"schema":{"@context":"https:\/\/schema.org","@graph":[{"@type":"WebPage","@id":"https:\/\/deravio.com\/fr\/produkt\/lebensrettendes-armband\/","url":"https:\/\/deravio.com\/fr\/produkt\/lebensrettendes-armband\/","name":"Lebensrettendes Armband - Deravio FR","isPartOf":{"@id":"https:\/\/deravio.com\/fr\/#website"},"primaryImageOfPage":{"@id":"https:\/\/deravio.com\/fr\/produkt\/lebensrettendes-armband\/#primaryimage"},"image":{"@id":"https:\/\/deravio.com\/fr\/produkt\/lebensrettendes-armband\/#primaryimage"},"thumbnailUrl":"https:\/\/deravio.com\/fr\/wp-content\/uploads\/sites\/32\/2026\/04\/cpo23a2-1.webp","datePublished":"2026-04-29T13:18:22+00:00","dateModified":"2026-04-29T13:19:01+00:00","breadcrumb":{"@id":"https:\/\/deravio.com\/fr\/produkt\/lebensrettendes-armband\/#breadcrumb"},"inLanguage":"fr-FR","potentialAction":[{"@type":"ReadAction","target":["https:\/\/deravio.com\/fr\/produkt\/lebensrettendes-armband\/"]}]},{"@type":"ImageObject","inLanguage":"fr-FR","@id":"https:\/\/deravio.com\/fr\/produkt\/lebensrettendes-armband\/#primaryimage","url":"https:\/\/deravio.com\/fr\/wp-content\/uploads\/sites\/32\/2026\/04\/cpo23a2-1.webp","contentUrl":"https:\/\/deravio.com\/fr\/wp-content\/uploads\/sites\/32\/2026\/04\/cpo23a2-1.webp","width":800,"height":800},{"@type":"BreadcrumbList","@id":"https:\/\/deravio.com\/fr\/produkt\/lebensrettendes-armband\/#breadcrumb","itemListElement":[{"@type":"ListItem","position":1,"name":"Home","item":"https:\/\/deravio.com\/fr\/"},{"@type":"ListItem","position":2,"name":"Boutique","item":"https:\/\/deravio.com\/fr\/boutique\/"},{"@type":"ListItem","position":3,"name":"Lebensrettendes Armband"}]},{"@type":"WebSite","@id":"https:\/\/deravio.com\/fr\/#website","url":"https:\/\/deravio.com\/fr\/","name":"Deravio FR","description":"","publisher":{"@id":"https:\/\/deravio.com\/fr\/#organization"},"potentialAction":[{"@type":"SearchAction","target":{"@type":"EntryPoint","urlTemplate":"https:\/\/deravio.com\/fr\/?s={search_term_string}"},"query-input":{"@type":"PropertyValueSpecification","valueRequired":true,"valueName":"search_term_string"}}],"inLanguage":"fr-FR"},{"@type":"Organization","@id":"https:\/\/deravio.com\/fr\/#organization","name":"Mekulo","url":"https:\/\/deravio.com\/fr\/","logo":{"@type":"ImageObject","inLanguage":"fr-FR","@id":"https:\/\/deravio.com\/fr\/#\/schema\/logo\/image\/","url":"https:\/\/deravio.com\/fr\/wp-content\/uploads\/sites\/32\/2025\/12\/favicon_mekulo.png","contentUrl":"https:\/\/deravio.com\/fr\/wp-content\/uploads\/sites\/32\/2025\/12\/favicon_mekulo.png","width":50,"height":50,"caption":"Mekulo"},"image":{"@id":"https:\/\/deravio.com\/fr\/#\/schema\/logo\/image\/"}}]}},"_links":{"self":[{"href":"https:\/\/deravio.com\/fr\/wp-json\/wp\/v2\/product\/21928","targetHints":{"allow":["GET"]}}],"collection":[{"href":"https:\/\/deravio.com\/fr\/wp-json\/wp\/v2\/product"}],"about":[{"href":"https:\/\/deravio.com\/fr\/wp-json\/wp\/v2\/types\/product"}],"replies":[{"embeddable":true,"href":"https:\/\/deravio.com\/fr\/wp-json\/wp\/v2\/comments?post=21928"}],"wp:featuredmedia":[{"embeddable":true,"href":"https:\/\/deravio.com\/fr\/wp-json\/wp\/v2\/media\/21924"}],"wp:attachment":[{"href":"https:\/\/deravio.com\/fr\/wp-json\/wp\/v2\/media?parent=21928"}],"wp:term":[{"taxonomy":"product_brand","embeddable":true,"href":"https:\/\/deravio.com\/fr\/wp-json\/wp\/v2\/product_brand?post=21928"},{"taxonomy":"product_cat","embeddable":true,"href":"https:\/\/deravio.com\/fr\/wp-json\/wp\/v2\/product_cat?post=21928"},{"taxonomy":"product_tag","embeddable":true,"href":"https:\/\/deravio.com\/fr\/wp-json\/wp\/v2\/product_tag?post=21928"}],"curies":[{"name":"wp","href":"https:\/\/api.w.org\/{rel}","templated":true}]}}