{"id":21786,"date":"2026-04-16T11:39:01","date_gmt":"2026-04-16T08:39:01","guid":{"rendered":"https:\/\/deravio.com\/fr\/produkt\/haifischflossen-autoantenne\/"},"modified":"2026-04-29T10:55:19","modified_gmt":"2026-04-29T07:55:19","slug":"haifischflossen-autoantenne","status":"publish","type":"product","link":"https:\/\/deravio.com\/fr\/produkt\/haifischflossen-autoantenne\/","title":{"rendered":"Haifischflossen-Autoantenne"},"content":{"rendered":"<h2 style=\"text-align: center\"><strong>Verbessern Sie das Signal Ihres Autos<\/strong><\/h2>\n<p style=\"text-align: center\">Die Haifischflossen-Autoantenne wurde entwickelt, um den Signalempfang Ihres Fahrzeugs zu verbessern und eine zuverl\u00e4ssigere Verbindung f\u00fcr Ihr Radio zu schaffen. Diese Antenne verbessert nicht nur die Leistung, sondern verleiht Ihrem Auto auch einen eleganten, modernen Look.<\/p>\n<p><img decoding=\"async\" class=\"alignnone size-medium wp-image-3084 aligncenter\" src=\"https:\/\/keluvo.com\/template\/wp-content\/uploads\/sites\/5\/2024\/11\/FOR-Citroen-C4-C5-C2-C3-C6-DS3-DS4-DS5-Radio-shark-fin-Car-antenna-3M.jpg_-1.png\" alt=\"\" \/><\/p>\n<h2 style=\"text-align: center\"><strong>Einfache Installation<\/strong><\/h2>\n<p style=\"text-align: center\">Die Installation der Haifischflossen-Autoantenne ist einfach und erfordert kein Bohren. Reinigen und trocknen Sie einfach die Oberfl\u00e4che, bringen Sie den doppelseitigen Kleber an und befestigen Sie die Antenne. F\u00fcr zus\u00e4tzliche Sicherheit k\u00f6nnen Sie einen Haartrockner verwenden, um die Haftung des Klebebandes zu verbessern.<\/p>\n<p><img fetchpriority=\"high\" decoding=\"async\" class=\"alignnone size-full wp-image-20131 aligncenter\" src=\"https:\/\/mekulo.com\/template\/wp-content\/uploads\/sites\/6\/2025\/12\/6.jpeg\" alt=\"\" width=\"800\" height=\"800\" \/><\/p>\n<h2 style=\"text-align: center\"><strong>Spezifikationen<\/strong><\/h2>\n<p>Gr\u00f6\u00dfe: 7 x 7 x 16,5 cm<\/p>\n<p>Gewicht: 76 g<\/p>\n<p>Material: ABS<\/p>\n<h2 style=\"text-align: center\"><strong>Das Paket Enth\u00e4lt<\/strong><\/h2>\n<p>1 Haifischflossen-Autoantenne<\/p>\n","protected":false},"excerpt":{"rendered":"<div class=\"flex flex-col text-sm pb-25\">\n<article class=\"text-token-text-primary w-full focus:outline-none [--shadow-height:45px] has-data-writing-block:pointer-events-none has-data-writing-block:-mt-(--shadow-height) has-data-writing-block:pt-(--shadow-height) [&amp;:has([data-writing-block])&gt;*]:pointer-events-auto scroll-mt-[calc(var(--header-height)+min(200px,max(70px,20svh)))]\" dir=\"auto\" data-turn-id=\"request-6953fc99-4988-8330-83cb-2284431b2ad2-7\" data-testid=\"conversation-turn-20\" data-scroll-anchor=\"true\" data-turn=\"assistant\">\n<div class=\"text-base my-auto mx-auto pb-10 [--thread-content-margin:--spacing(4)] @w-sm\/main:[--thread-content-margin:--spacing(6)] @w-lg\/main:[--thread-content-margin:--spacing(16)] px-(--thread-content-margin)\">\n<div class=\"[--thread-content-max-width:40rem] @w-lg\/main:[--thread-content-max-width:48rem] mx-auto max-w-(--thread-content-max-width) flex-1 group\/turn-messages focus-visible:outline-hidden relative flex w-full min-w-0 flex-col agent-turn\">\n<div class=\"flex max-w-full flex-col grow\">\n<div class=\"min-h-8 text-message relative flex w-full flex-col items-end gap-2 text-start break-words whitespace-normal [.text-message+&amp;]:mt-1\" dir=\"auto\" data-message-author-role=\"assistant\" data-message-id=\"1e8e0706-14ee-4b63-a54d-060f8b42be54\" data-message-model-slug=\"gpt-5-2\">\n<div class=\"flex w-full flex-col gap-1 empty:hidden first:pt-[1px]\">\n<div class=\"markdown prose dark:prose-invert w-full break-words light markdown-new-styling\">\n<div class=\"font-large !font-user-message grid grid-cols-1 gap-2 py-0.5 relative [&amp;_ul]:!space-y-0 [&amp;_ol]:!space-y-0 [&amp;_ul]:pl-8 [&amp;_ol]:pl-8\" data-testid=\"user-message\">\n<p class=\"whitespace-pre-wrap break-words\">Eine Autoantenne mit Haifischflosse, die den Signalempfang verbessert und Ihrem Fahrzeug ein elegantes, modernes Aussehen verleiht. Sie l\u00e4sst sich einfach und ohne Bohren montieren, passt in die meisten Fahrzeuge und verbessert die Empfangsqualit\u00e4t des Radios. Langlebig und elegant, verbessert sie sowohl die Leistung als auch das Aussehen.<\/p>\n<\/div>\n<\/div>\n<\/div>\n<\/div>\n<\/div>\n<\/div>\n<\/div>\n<\/article>\n<\/div>\n","protected":false},"featured_media":21782,"comment_status":"open","ping_status":"closed","template":"","meta":{"site-sidebar-layout":"default","site-content-layout":"","ast-site-content-layout":"default","site-content-style":"default","site-sidebar-style":"default","ast-global-header-display":"","ast-banner-title-visibility":"","ast-main-header-display":"","ast-hfb-above-header-display":"","ast-hfb-below-header-display":"","ast-hfb-mobile-header-display":"","site-post-title":"","ast-breadcrumbs-content":"","ast-featured-img":"","footer-sml-layout":"","ast-disable-related-posts":"","theme-transparent-header-meta":"default","adv-header-id-meta":"","stick-header-meta":"","header-above-stick-meta":"","header-main-stick-meta":"","header-below-stick-meta":"","astra-migrate-meta-layouts":"set","ast-page-background-enabled":"default","ast-page-background-meta":{"desktop":{"background-color":"var(--ast-global-color-5)","background-image":"","background-repeat":"repeat","background-position":"center center","background-size":"auto","background-attachment":"scroll","background-type":"","background-media":"","overlay-type":"","overlay-color":"","overlay-opacity":"","overlay-gradient":""},"tablet":{"background-color":"","background-image":"","background-repeat":"repeat","background-position":"center center","background-size":"auto","background-attachment":"scroll","background-type":"","background-media":"","overlay-type":"","overlay-color":"","overlay-opacity":"","overlay-gradient":""},"mobile":{"background-color":"","background-image":"","background-repeat":"repeat","background-position":"center center","background-size":"auto","background-attachment":"scroll","background-type":"","background-media":"","overlay-type":"","overlay-color":"","overlay-opacity":"","overlay-gradient":""}},"ast-content-background-meta":{"desktop":{"background-color":"var(--ast-global-color-4)","background-image":"","background-repeat":"repeat","background-position":"center center","background-size":"auto","background-attachment":"scroll","background-type":"","background-media":"","overlay-type":"","overlay-color":"","overlay-opacity":"","overlay-gradient":""},"tablet":{"background-color":"var(--ast-global-color-4)","background-image":"","background-repeat":"repeat","background-position":"center center","background-size":"auto","background-attachment":"scroll","background-type":"","background-media":"","overlay-type":"","overlay-color":"","overlay-opacity":"","overlay-gradient":""},"mobile":{"background-color":"var(--ast-global-color-4)","background-image":"","background-repeat":"repeat","background-position":"center center","background-size":"auto","background-attachment":"scroll","background-type":"","background-media":"","overlay-type":"","overlay-color":"","overlay-opacity":"","overlay-gradient":""}}},"product_brand":[],"product_cat":[161],"product_tag":[],"class_list":{"0":"post-21786","1":"product","2":"type-product","3":"status-publish","4":"has-post-thumbnail","6":"product_cat-automobilprodukte","7":"pa_29750_qtnlxkkn-gray","8":"pa_29750_qtnlxkkn-rot","9":"pa_29750_qtnlxkkn-schwarz","10":"pa_29750_qtnlxkkn-silber","11":"pa_29750_qtnlxkkn-weiss","12":"desktop-align-left","13":"tablet-align-left","14":"mobile-align-left","16":"first","17":"instock","18":"shipping-taxable","19":"purchasable","20":"product-type-variable"},"yoast_head":"<!-- This site is optimized with the Yoast SEO plugin v27.4 - https:\/\/yoast.com\/product\/yoast-seo-wordpress\/ -->\n<title>Haifischflossen-Autoantenne - Deravio FR<\/title>\n<meta name=\"robots\" content=\"index, follow, max-snippet:-1, max-image-preview:large, max-video-preview:-1\" \/>\n<link rel=\"canonical\" href=\"https:\/\/deravio.com\/fr\/produkt\/haifischflossen-autoantenne\/\" \/>\n<meta property=\"og:locale\" content=\"fr_FR\" \/>\n<meta property=\"og:type\" content=\"article\" \/>\n<meta property=\"og:title\" content=\"Haifischflossen-Autoantenne - Deravio FR\" \/>\n<meta property=\"og:description\" content=\"Eine Autoantenne mit Haifischflosse, die den Signalempfang verbessert und Ihrem Fahrzeug ein elegantes, modernes Aussehen verleiht. Sie l\u00e4sst sich einfach und ohne Bohren montieren, passt in die meisten Fahrzeuge und verbessert die Empfangsqualit\u00e4t des Radios. Langlebig und elegant, verbessert sie sowohl die Leistung als auch das Aussehen.\" \/>\n<meta property=\"og:url\" content=\"https:\/\/deravio.com\/fr\/produkt\/haifischflossen-autoantenne\/\" \/>\n<meta property=\"og:site_name\" content=\"Deravio FR\" \/>\n<meta property=\"article:modified_time\" content=\"2026-04-29T07:55:19+00:00\" \/>\n<meta property=\"og:image\" content=\"https:\/\/deravio.com\/fr\/wp-content\/uploads\/sites\/32\/2026\/04\/410kaem-1.png\" \/>\n\t<meta property=\"og:image:width\" content=\"1000\" \/>\n\t<meta property=\"og:image:height\" content=\"1000\" \/>\n\t<meta property=\"og:image:type\" content=\"image\/png\" \/>\n<meta name=\"twitter:card\" content=\"summary_large_image\" \/>\n<meta name=\"twitter:label1\" content=\"Est. reading time\" \/>\n\t<meta name=\"twitter:data1\" content=\"2 minutes\" \/>\n<script type=\"application\/ld+json\" class=\"yoast-schema-graph\">{\"@context\":\"https:\\\/\\\/schema.org\",\"@graph\":[{\"@type\":\"WebPage\",\"@id\":\"https:\\\/\\\/deravio.com\\\/fr\\\/produkt\\\/haifischflossen-autoantenne\\\/\",\"url\":\"https:\\\/\\\/deravio.com\\\/fr\\\/produkt\\\/haifischflossen-autoantenne\\\/\",\"name\":\"Haifischflossen-Autoantenne - Deravio FR\",\"isPartOf\":{\"@id\":\"https:\\\/\\\/deravio.com\\\/fr\\\/#website\"},\"primaryImageOfPage\":{\"@id\":\"https:\\\/\\\/deravio.com\\\/fr\\\/produkt\\\/haifischflossen-autoantenne\\\/#primaryimage\"},\"image\":{\"@id\":\"https:\\\/\\\/deravio.com\\\/fr\\\/produkt\\\/haifischflossen-autoantenne\\\/#primaryimage\"},\"thumbnailUrl\":\"https:\\\/\\\/deravio.com\\\/fr\\\/wp-content\\\/uploads\\\/sites\\\/32\\\/2026\\\/04\\\/410kaem-1.png\",\"datePublished\":\"2026-04-16T08:39:01+00:00\",\"dateModified\":\"2026-04-29T07:55:19+00:00\",\"breadcrumb\":{\"@id\":\"https:\\\/\\\/deravio.com\\\/fr\\\/produkt\\\/haifischflossen-autoantenne\\\/#breadcrumb\"},\"inLanguage\":\"fr-FR\",\"potentialAction\":[{\"@type\":\"ReadAction\",\"target\":[\"https:\\\/\\\/deravio.com\\\/fr\\\/produkt\\\/haifischflossen-autoantenne\\\/\"]}]},{\"@type\":\"ImageObject\",\"inLanguage\":\"fr-FR\",\"@id\":\"https:\\\/\\\/deravio.com\\\/fr\\\/produkt\\\/haifischflossen-autoantenne\\\/#primaryimage\",\"url\":\"https:\\\/\\\/deravio.com\\\/fr\\\/wp-content\\\/uploads\\\/sites\\\/32\\\/2026\\\/04\\\/410kaem-1.png\",\"contentUrl\":\"https:\\\/\\\/deravio.com\\\/fr\\\/wp-content\\\/uploads\\\/sites\\\/32\\\/2026\\\/04\\\/410kaem-1.png\",\"width\":1000,\"height\":1000},{\"@type\":\"BreadcrumbList\",\"@id\":\"https:\\\/\\\/deravio.com\\\/fr\\\/produkt\\\/haifischflossen-autoantenne\\\/#breadcrumb\",\"itemListElement\":[{\"@type\":\"ListItem\",\"position\":1,\"name\":\"Home\",\"item\":\"https:\\\/\\\/deravio.com\\\/fr\\\/\"},{\"@type\":\"ListItem\",\"position\":2,\"name\":\"Boutique\",\"item\":\"https:\\\/\\\/deravio.com\\\/fr\\\/boutique\\\/\"},{\"@type\":\"ListItem\",\"position\":3,\"name\":\"Haifischflossen-Autoantenne\"}]},{\"@type\":\"WebSite\",\"@id\":\"https:\\\/\\\/deravio.com\\\/fr\\\/#website\",\"url\":\"https:\\\/\\\/deravio.com\\\/fr\\\/\",\"name\":\"Deravio FR\",\"description\":\"\",\"publisher\":{\"@id\":\"https:\\\/\\\/deravio.com\\\/fr\\\/#organization\"},\"potentialAction\":[{\"@type\":\"SearchAction\",\"target\":{\"@type\":\"EntryPoint\",\"urlTemplate\":\"https:\\\/\\\/deravio.com\\\/fr\\\/?s={search_term_string}\"},\"query-input\":{\"@type\":\"PropertyValueSpecification\",\"valueRequired\":true,\"valueName\":\"search_term_string\"}}],\"inLanguage\":\"fr-FR\"},{\"@type\":\"Organization\",\"@id\":\"https:\\\/\\\/deravio.com\\\/fr\\\/#organization\",\"name\":\"Mekulo\",\"url\":\"https:\\\/\\\/deravio.com\\\/fr\\\/\",\"logo\":{\"@type\":\"ImageObject\",\"inLanguage\":\"fr-FR\",\"@id\":\"https:\\\/\\\/deravio.com\\\/fr\\\/#\\\/schema\\\/logo\\\/image\\\/\",\"url\":\"https:\\\/\\\/deravio.com\\\/fr\\\/wp-content\\\/uploads\\\/sites\\\/32\\\/2025\\\/12\\\/favicon_mekulo.png\",\"contentUrl\":\"https:\\\/\\\/deravio.com\\\/fr\\\/wp-content\\\/uploads\\\/sites\\\/32\\\/2025\\\/12\\\/favicon_mekulo.png\",\"width\":50,\"height\":50,\"caption\":\"Mekulo\"},\"image\":{\"@id\":\"https:\\\/\\\/deravio.com\\\/fr\\\/#\\\/schema\\\/logo\\\/image\\\/\"}}]}<\/script>\n<!-- \/ Yoast SEO plugin. -->","yoast_head_json":{"title":"Haifischflossen-Autoantenne - Deravio FR","robots":{"index":"index","follow":"follow","max-snippet":"max-snippet:-1","max-image-preview":"max-image-preview:large","max-video-preview":"max-video-preview:-1"},"canonical":"https:\/\/deravio.com\/fr\/produkt\/haifischflossen-autoantenne\/","og_locale":"fr_FR","og_type":"article","og_title":"Haifischflossen-Autoantenne - Deravio FR","og_description":"Eine Autoantenne mit Haifischflosse, die den Signalempfang verbessert und Ihrem Fahrzeug ein elegantes, modernes Aussehen verleiht. Sie l\u00e4sst sich einfach und ohne Bohren montieren, passt in die meisten Fahrzeuge und verbessert die Empfangsqualit\u00e4t des Radios. Langlebig und elegant, verbessert sie sowohl die Leistung als auch das Aussehen.","og_url":"https:\/\/deravio.com\/fr\/produkt\/haifischflossen-autoantenne\/","og_site_name":"Deravio FR","article_modified_time":"2026-04-29T07:55:19+00:00","og_image":[{"width":1000,"height":1000,"url":"https:\/\/deravio.com\/fr\/wp-content\/uploads\/sites\/32\/2026\/04\/410kaem-1.png","type":"image\/png"}],"twitter_card":"summary_large_image","twitter_misc":{"Est. reading time":"2 minutes"},"schema":{"@context":"https:\/\/schema.org","@graph":[{"@type":"WebPage","@id":"https:\/\/deravio.com\/fr\/produkt\/haifischflossen-autoantenne\/","url":"https:\/\/deravio.com\/fr\/produkt\/haifischflossen-autoantenne\/","name":"Haifischflossen-Autoantenne - Deravio FR","isPartOf":{"@id":"https:\/\/deravio.com\/fr\/#website"},"primaryImageOfPage":{"@id":"https:\/\/deravio.com\/fr\/produkt\/haifischflossen-autoantenne\/#primaryimage"},"image":{"@id":"https:\/\/deravio.com\/fr\/produkt\/haifischflossen-autoantenne\/#primaryimage"},"thumbnailUrl":"https:\/\/deravio.com\/fr\/wp-content\/uploads\/sites\/32\/2026\/04\/410kaem-1.png","datePublished":"2026-04-16T08:39:01+00:00","dateModified":"2026-04-29T07:55:19+00:00","breadcrumb":{"@id":"https:\/\/deravio.com\/fr\/produkt\/haifischflossen-autoantenne\/#breadcrumb"},"inLanguage":"fr-FR","potentialAction":[{"@type":"ReadAction","target":["https:\/\/deravio.com\/fr\/produkt\/haifischflossen-autoantenne\/"]}]},{"@type":"ImageObject","inLanguage":"fr-FR","@id":"https:\/\/deravio.com\/fr\/produkt\/haifischflossen-autoantenne\/#primaryimage","url":"https:\/\/deravio.com\/fr\/wp-content\/uploads\/sites\/32\/2026\/04\/410kaem-1.png","contentUrl":"https:\/\/deravio.com\/fr\/wp-content\/uploads\/sites\/32\/2026\/04\/410kaem-1.png","width":1000,"height":1000},{"@type":"BreadcrumbList","@id":"https:\/\/deravio.com\/fr\/produkt\/haifischflossen-autoantenne\/#breadcrumb","itemListElement":[{"@type":"ListItem","position":1,"name":"Home","item":"https:\/\/deravio.com\/fr\/"},{"@type":"ListItem","position":2,"name":"Boutique","item":"https:\/\/deravio.com\/fr\/boutique\/"},{"@type":"ListItem","position":3,"name":"Haifischflossen-Autoantenne"}]},{"@type":"WebSite","@id":"https:\/\/deravio.com\/fr\/#website","url":"https:\/\/deravio.com\/fr\/","name":"Deravio FR","description":"","publisher":{"@id":"https:\/\/deravio.com\/fr\/#organization"},"potentialAction":[{"@type":"SearchAction","target":{"@type":"EntryPoint","urlTemplate":"https:\/\/deravio.com\/fr\/?s={search_term_string}"},"query-input":{"@type":"PropertyValueSpecification","valueRequired":true,"valueName":"search_term_string"}}],"inLanguage":"fr-FR"},{"@type":"Organization","@id":"https:\/\/deravio.com\/fr\/#organization","name":"Mekulo","url":"https:\/\/deravio.com\/fr\/","logo":{"@type":"ImageObject","inLanguage":"fr-FR","@id":"https:\/\/deravio.com\/fr\/#\/schema\/logo\/image\/","url":"https:\/\/deravio.com\/fr\/wp-content\/uploads\/sites\/32\/2025\/12\/favicon_mekulo.png","contentUrl":"https:\/\/deravio.com\/fr\/wp-content\/uploads\/sites\/32\/2025\/12\/favicon_mekulo.png","width":50,"height":50,"caption":"Mekulo"},"image":{"@id":"https:\/\/deravio.com\/fr\/#\/schema\/logo\/image\/"}}]}},"_links":{"self":[{"href":"https:\/\/deravio.com\/fr\/wp-json\/wp\/v2\/product\/21786","targetHints":{"allow":["GET"]}}],"collection":[{"href":"https:\/\/deravio.com\/fr\/wp-json\/wp\/v2\/product"}],"about":[{"href":"https:\/\/deravio.com\/fr\/wp-json\/wp\/v2\/types\/product"}],"replies":[{"embeddable":true,"href":"https:\/\/deravio.com\/fr\/wp-json\/wp\/v2\/comments?post=21786"}],"wp:featuredmedia":[{"embeddable":true,"href":"https:\/\/deravio.com\/fr\/wp-json\/wp\/v2\/media\/21782"}],"wp:attachment":[{"href":"https:\/\/deravio.com\/fr\/wp-json\/wp\/v2\/media?parent=21786"}],"wp:term":[{"taxonomy":"product_brand","embeddable":true,"href":"https:\/\/deravio.com\/fr\/wp-json\/wp\/v2\/product_brand?post=21786"},{"taxonomy":"product_cat","embeddable":true,"href":"https:\/\/deravio.com\/fr\/wp-json\/wp\/v2\/product_cat?post=21786"},{"taxonomy":"product_tag","embeddable":true,"href":"https:\/\/deravio.com\/fr\/wp-json\/wp\/v2\/product_tag?post=21786"}],"curies":[{"name":"wp","href":"https:\/\/api.w.org\/{rel}","templated":true}]}}