{"id":584,"date":"2020-10-13T06:47:01","date_gmt":"2020-10-13T06:47:01","guid":{"rendered":"http:\/\/localhost\/razzi\/?page_id=584"},"modified":"2026-05-06T10:02:08","modified_gmt":"2026-05-06T07:02:08","slug":"kontakt","status":"publish","type":"page","link":"https:\/\/deravio.com\/fr\/kontakt\/","title":{"rendered":"Contact"},"content":{"rendered":"\t\t<div data-elementor-type=\"wp-page\" data-elementor-id=\"584\" class=\"elementor elementor-584\" data-elementor-post-type=\"page\">\n\t\t\t\t<div class=\"elementor-element elementor-element-400e5cc e-flex e-con-boxed e-con e-parent\" data-id=\"400e5cc\" data-element_type=\"container\" data-e-type=\"container\">\n\t\t\t\t\t<div class=\"e-con-inner\">\n\t\t\t\t<div class=\"elementor-element elementor-element-9f2b69c elementor-widget elementor-widget-heading\" data-id=\"9f2b69c\" data-element_type=\"widget\" data-e-type=\"widget\" data-widget_type=\"heading.default\">\n\t\t\t\t\t<h2 class=\"elementor-heading-title elementor-size-default\">Contactez-nous<\/h2>\t\t\t\t<\/div>\n\t\t\t\t<div class=\"elementor-element elementor-element-4d79b7d elementor-widget elementor-widget-text-editor\" data-id=\"4d79b7d\" data-element_type=\"widget\" data-e-type=\"widget\" data-widget_type=\"text-editor.default\">\n\t\t\t\t\t\t\t\t\t<p>Nous vous r\u00e9pondrons dans les 24 heures.<\/p>\t\t\t\t\t\t\t\t<\/div>\n\t\t\t\t\t<\/div>\n\t\t\t\t<\/div>\n\t\t<div class=\"elementor-element elementor-element-c42eaeb e-flex e-con-boxed e-con e-parent\" data-id=\"c42eaeb\" data-element_type=\"container\" data-e-type=\"container\">\n\t\t\t\t\t<div class=\"e-con-inner\">\n\t\t\t\t<div class=\"elementor-element elementor-element-6b81d78 eael-wpforms-form-button-custom elementor-widget elementor-widget-eael-wpforms\" data-id=\"6b81d78\" data-element_type=\"widget\" data-e-type=\"widget\" data-widget_type=\"eael-wpforms.default\">\n\t\t\t\t\t            <div class=\"eael-contact-form eael-wpforms eael-wpforms-align-default\">\n                                <div class=\"wpforms-container wpforms-container-full wpforms-render-modern\" id=\"wpforms-12152\"><form id=\"wpforms-form-12152\" class=\"wpforms-validate wpforms-form wpforms-ajax-form\" data-formid=\"12152\" method=\"post\" enctype=\"multipart\/form-data\" action=\"\/fr\/wp-json\/wp\/v2\/pages\/584\" data-token=\"1289dc608e71001787cb6d687ada5808\" data-token-time=\"1778304034\"><noscript class=\"wpforms-error-noscript\">Veuillez activer JavaScript dans votre navigateur pour remplir ce formulaire.<\/noscript><div id=\"wpforms-error-noscript\" style=\"display: none;\">Veuillez activer JavaScript dans votre navigateur pour remplir ce formulaire.<\/div><div class=\"wpforms-field-container\">\t\t<div id=\"wpforms-12152-field_4-container\"\n\t\t\tclass=\"wpforms-field wpforms-field-text\"\n\t\t\tdata-field-type=\"text\"\n\t\t\tdata-field-id=\"4\"\n\t\t\t>\n\t\t\t<label class=\"wpforms-field-label\" for=\"wpforms-12152-field_4\" >E-mail message Nom<\/label>\n\t\t\t<input type=\"text\" id=\"wpforms-12152-field_4\" class=\"wpforms-field-medium\" name=\"wpforms[fields][4]\" >\n\t\t<\/div>\n\t\t<div id=\"wpforms-12152-field_1-container\" class=\"wpforms-field wpforms-field-name wpforms-first wpforms-one-half\" data-field-id=\"1\"><label class=\"wpforms-field-label\" for=\"wpforms-12152-field_1\">Nom <span class=\"wpforms-required-label\" aria-hidden=\"true\">*<\/span><\/label><input type=\"text\" id=\"wpforms-12152-field_1\" class=\"wpforms-field-large wpforms-field-required\" name=\"wpforms[fields][1]\" placeholder=\"Nom\" aria-errormessage=\"wpforms-12152-field_1-error\" required><\/div><div id=\"wpforms-12152-field_2-container\" class=\"wpforms-field wpforms-field-email\" data-field-id=\"2\"><label class=\"wpforms-field-label\" for=\"wpforms-12152-field_2\">E-mail <span class=\"wpforms-required-label\" aria-hidden=\"true\">*<\/span><\/label><input type=\"email\" id=\"wpforms-12152-field_2\" class=\"wpforms-field-large wpforms-field-required\" name=\"wpforms[fields][2]\" placeholder=\"E-mail\" spellcheck=\"false\" aria-errormessage=\"wpforms-12152-field_2-error\" required><\/div><div id=\"wpforms-12152-field_3-container\" class=\"wpforms-field wpforms-field-textarea\" data-field-id=\"3\"><label class=\"wpforms-field-label\" for=\"wpforms-12152-field_3\">Commentaire ou message<\/label><textarea id=\"wpforms-12152-field_3\" class=\"wpforms-field-medium\" name=\"wpforms[fields][3]\" placeholder=\"Commentaire ou message\" aria-errormessage=\"wpforms-12152-field_3-error\" ><\/textarea><\/div><script>\n\t\t\t\t( function() {\n\t\t\t\t\tconst style = document.createElement( 'style' );\n\t\t\t\t\tstyle.appendChild( document.createTextNode( '#wpforms-12152-field_4-container { position: absolute !important; overflow: hidden !important; display: inline !important; height: 1px !important; width: 1px !important; z-index: -1000 !important; padding: 0 !important; } #wpforms-12152-field_4-container input { visibility: hidden; } #wpforms-conversational-form-page #wpforms-12152-field_4-container label { counter-increment: none; }' ) );\n\t\t\t\t\tdocument.head.appendChild( style );\n\t\t\t\t\tdocument.currentScript?.remove();\n\t\t\t\t} )();\n\t\t\t<\/script><\/div><!-- .wpforms-field-container --><div class=\"wpforms-submit-container\" ><input type=\"hidden\" name=\"wpforms[id]\" value=\"12152\"><input type=\"hidden\" name=\"page_title\" value=\"\"><input type=\"hidden\" name=\"page_url\" value=\"https:\/\/deravio.com\/fr\/wp-json\/wp\/v2\/pages\/584\"><input type=\"hidden\" name=\"url_referer\" value=\"\"><button type=\"submit\" name=\"wpforms[submit]\" id=\"wpforms-submit-12152\" class=\"wpforms-submit\" data-alt-text=\"De toi...\" data-submit-text=\"Soumettre\" aria-live=\"assertive\" value=\"wpforms-submit\">Soumettre<\/button><img decoding=\"async\" src=\"https:\/\/deravio.com\/fr\/wp-content\/plugins\/wpforms-lite\/assets\/images\/submit-spin.svg\" class=\"wpforms-submit-spinner\" style=\"display: none;\" width=\"26\" height=\"26\" alt=\"Chargement en cours\"><\/div><\/form><\/div>  <!-- .wpforms-container -->            <\/div>\n\t\t\t\t<\/div>\n\t\t\t\t\t<\/div>\n\t\t\t\t<\/div>\n\t\t<div class=\"elementor-element elementor-element-f2e264c animated-slow e-flex e-con-boxed elementor-invisible e-con e-parent\" data-id=\"f2e264c\" data-element_type=\"container\" data-e-type=\"container\" data-settings=\"{&quot;animation&quot;:&quot;fadeIn&quot;}\">\n\t\t\t\t\t<div class=\"e-con-inner\">\n\t\t<div class=\"elementor-element elementor-element-487c0ac e-con-full e-flex e-con e-child\" data-id=\"487c0ac\" data-element_type=\"container\" data-e-type=\"container\">\n\t\t\t\t<\/div>\n\t\t\t\t<div class=\"elementor-element elementor-element-18b8f79 elementor-widget elementor-widget-heading\" data-id=\"18b8f79\" data-element_type=\"widget\" data-e-type=\"widget\" data-widget_type=\"heading.default\">\n\t\t\t\t\t<h2 class=\"elementor-heading-title elementor-size-default\">Foire aux questions<\/h2>\t\t\t\t<\/div>\n\t\t\t\t\t<\/div>\n\t\t\t\t<\/div>\n\t\t<div class=\"elementor-element elementor-element-6168492 e-flex e-con-boxed elementor-invisible e-con e-parent\" data-id=\"6168492\" data-element_type=\"container\" data-e-type=\"container\" data-settings=\"{&quot;animation&quot;:&quot;fadeIn&quot;}\">\n\t\t\t\t\t<div class=\"e-con-inner\">\n\t\t\t\t<div class=\"elementor-element elementor-element-c247bb8 elementor-widget__width-initial elementor-widget elementor-widget-shortcode\" data-id=\"c247bb8\" data-element_type=\"widget\" data-e-type=\"widget\" data-widget_type=\"shortcode.default\">\n\t\t\t\t\t\t\t<div class=\"elementor-shortcode\"><style>#sp-ea-13416 .spcollapsing { height: 0; overflow: hidden; transition-property: height;transition-duration: 300ms;}#sp-ea-13416.sp-easy-accordion>.sp-ea-single {margin-bottom: 10px; border: 1px solid #f6f3f0; }#sp-ea-13416.sp-easy-accordion>.sp-ea-single>.ea-header a {color: #444;}#sp-ea-13416.sp-easy-accordion>.sp-ea-single>.sp-collapse>.ea-body {background: #fff; color: #444;}#sp-ea-13416.sp-easy-accordion>.sp-ea-single {background: #f6f3f0;}#sp-ea-13416.sp-easy-accordion>.sp-ea-single>.ea-header a .ea-expand-icon { float: right; color: #444;font-size: 16px;}#sp-ea-13416.sp-easy-accordion>.sp-ea-single>.ea-header a .ea-expand-icon {margin-right: 0;}<\/style><div id=\"sp_easy_accordion-1767006546\"><div id=\"sp-ea-13416\" class=\"sp-ea-one sp-easy-accordion\" data-ea-active=\"ea-click\" data-ea-mode=\"vertical\" data-preloader=\"\" data-scroll-active-item=\"\" data-offset-to-scroll=\"0\"><div class=\"ea-card ea-expand sp-ea-single\"><h3 class=\"ea-header\"><a class=\"collapsed\" id=\"ea-header-134160\" role=\"button\" data-sptoggle=\"spcollapse\" data-sptarget=\"#collapse134160\" aria-controls=\"collapse134160\" href=\"#\" aria-expanded=\"true\" tabindex=\"0\"><i aria-hidden=\"true\" role=\"presentation\" class=\"ea-expand-icon eap-icon-ea-expand-minus\"><\/i> O\u00f9 puis-je trouver mon code de livraison\u00a0?<\/a><\/h3><div class=\"sp-collapse spcollapse collapsed show\" id=\"collapse134160\" data-parent=\"#sp-ea-13416\" role=\"region\" aria-labelledby=\"ea-header-134160\"> <div class=\"ea-body\"><p>Une fois votre commande exp\u00e9di\u00e9e, vous recevrez un num\u00e9ro de suivi par courriel. Ce num\u00e9ro est g\u00e9n\u00e9ralement envoy\u00e9 sous 1 \u00e0 3 jours. Veuillez noter que son activation peut prendre quelques jours ouvrables.<\/p><\/div><\/div><\/div><div class=\"ea-card sp-ea-single\"><h3 class=\"ea-header\"><a class=\"collapsed\" id=\"ea-header-134161\" role=\"button\" data-sptoggle=\"spcollapse\" data-sptarget=\"#collapse134161\" aria-controls=\"collapse134161\" href=\"#\" aria-expanded=\"false\" tabindex=\"0\"><i aria-hidden=\"true\" role=\"presentation\" class=\"ea-expand-icon eap-icon-ea-expand-plus\"><\/i> Comment puis-je v\u00e9rifier l'emplacement de ma commande\u00a0?<\/a><\/h3><div class=\"sp-collapse spcollapse \" id=\"collapse134161\" data-parent=\"#sp-ea-13416\" role=\"region\" aria-labelledby=\"ea-header-134161\"> <div class=\"ea-body\"><p>Utilisez le code de suivi re\u00e7u par e-mail pour suivre l'\u00e9tat de votre commande. Saisissez ce num\u00e9ro sur la <a href=\"https:\/\/www.dhl.de\/de\/privatkunden.html\">page de suivi DHL<\/a> pour consulter l'\u00e9tat de votre livraison.<\/p><p>Le num\u00e9ro de suivi figurera dans votre courriel de confirmation de commande, que vous devriez recevoir dans un d\u00e9lai de 1 \u00e0 3 jours apr\u00e8s avoir pass\u00e9 votre commande. Si vous ne l'avez pas re\u00e7u apr\u00e8s ce d\u00e9lai, veuillez nous contacter.<\/p><\/div><\/div><\/div><div class=\"ea-card sp-ea-single\"><h3 class=\"ea-header\"><a class=\"collapsed\" id=\"ea-header-134162\" role=\"button\" data-sptoggle=\"spcollapse\" data-sptarget=\"#collapse134162\" aria-controls=\"collapse134162\" href=\"#\" aria-expanded=\"false\" tabindex=\"0\"><i aria-hidden=\"true\" role=\"presentation\" class=\"ea-expand-icon eap-icon-ea-expand-plus\"><\/i> Que se passe-t-il si je ne suis pas satisfait(e) de ma commande\u00a0?<\/a><\/h3><div class=\"sp-collapse spcollapse \" id=\"collapse134162\" data-parent=\"#sp-ea-13416\" role=\"region\" aria-labelledby=\"ea-header-134162\"> <div class=\"ea-body\"><p>Si votre commande ne vous donne pas enti\u00e8re satisfaction, veuillez nous contacter \u00e0 l'adresse info@deravio.com. Merci de d\u00e9crire votre probl\u00e8me le plus pr\u00e9cis\u00e9ment possible et de joindre une photo ou une vid\u00e9o. Apr\u00e8s examen du probl\u00e8me li\u00e9 au produit command\u00e9, nous nous efforcerons de vous r\u00e9pondre dans les plus brefs d\u00e9lais et de trouver une solution \u00e0 l'amiable.<\/p><p>De plus, toute commande peut \u00eatre rembours\u00e9e sous 14 jours calendaires. Pour plus d'informations, veuillez consulter la page <a href=\"https:\/\/deravio.com\/fr\/versand-ruecksendungen\/\">Livraison et retours<\/a>.<\/p><\/div><\/div><\/div><div class=\"ea-card sp-ea-single\"><h3 class=\"ea-header\"><a class=\"collapsed\" id=\"ea-header-134163\" role=\"button\" data-sptoggle=\"spcollapse\" data-sptarget=\"#collapse134163\" aria-controls=\"collapse134163\" href=\"#\" aria-expanded=\"false\" tabindex=\"0\"><i aria-hidden=\"true\" role=\"presentation\" class=\"ea-expand-icon eap-icon-ea-expand-plus\"><\/i> Mes informations de paiement sont-elles s\u00e9curis\u00e9es\u00a0?<\/a><\/h3><div class=\"sp-collapse spcollapse \" id=\"collapse134163\" data-parent=\"#sp-ea-13416\" role=\"region\" aria-labelledby=\"ea-header-134163\"> <div class=\"ea-body\"><p>Nous utilisons le protocole de chiffrement SSL (Secure Socket Layer), ce qui garantit la s\u00e9curit\u00e9 de la transmission de vos donn\u00e9es entre votre navigateur et nos serveurs. Cela offre une protection suppl\u00e9mentaire contre le vol de donn\u00e9es et assure la s\u00e9curit\u00e9 de vos informations de paiement personnelles.<\/p><\/div><\/div><\/div><div class=\"ea-card sp-ea-single\"><h3 class=\"ea-header\"><a class=\"collapsed\" id=\"ea-header-134164\" role=\"button\" data-sptoggle=\"spcollapse\" data-sptarget=\"#collapse134164\" aria-controls=\"collapse134164\" href=\"#\" aria-expanded=\"false\" tabindex=\"0\"><i aria-hidden=\"true\" role=\"presentation\" class=\"ea-expand-icon eap-icon-ea-expand-plus\"><\/i> Comment puis-je retourner un produit\u00a0?<\/a><\/h3><div class=\"sp-collapse spcollapse \" id=\"collapse134164\" data-parent=\"#sp-ea-13416\" role=\"region\" aria-labelledby=\"ea-header-134164\"> <div class=\"ea-body\"><p>Pour toute information compl\u00e9mentaire concernant les retours de produits, veuillez nous contacter \u00e0 l'adresse info@deravio.com. Vous pouvez retourner tout achat sous 14 jours calendaires sans avoir \u00e0 justifier votre d\u00e9cision. Contactez-nous simplement et nous vous enverrons toutes les informations n\u00e9cessaires pour le retour de votre colis.<\/p><p>Notre adresse de retour est\u00a0:<\/p><p>Leopoldstra\u00dfe 68, Siegen, Rh\u00e9nanie-du-Nord-Westphalie 57074, Allemagne<\/p><p>Vous trouverez plus d'informations dans la rubrique <a href=\"https:\/\/deravio.com\/fr\/versand-ruecksendungen\/\">Livraison et retours<\/a><\/p><\/div><\/div><\/div><div class=\"ea-card sp-ea-single\"><h3 class=\"ea-header\"><a class=\"collapsed\" id=\"ea-header-134165\" role=\"button\" data-sptoggle=\"spcollapse\" data-sptarget=\"#collapse134165\" aria-controls=\"collapse134165\" href=\"#\" aria-expanded=\"false\" tabindex=\"0\"><i aria-hidden=\"true\" role=\"presentation\" class=\"ea-expand-icon eap-icon-ea-expand-plus\"><\/i> Vous n'avez pas trouv\u00e9 de r\u00e9ponse \u00e0 votre question ?<\/a><\/h3><div class=\"sp-collapse spcollapse \" id=\"collapse134165\" data-parent=\"#sp-ea-13416\" role=\"region\" aria-labelledby=\"ea-header-134165\"> <div class=\"ea-body\"><p>Pour toute question ou information compl\u00e9mentaire, veuillez nous contacter \u00e0 l'adresse info@deravio.com.<\/p><p>Notre service client est \u00e0 votre disposition pour r\u00e9pondre \u00e0 vos questions. Nous vous r\u00e9pondrons dans les 24 heures.<\/p><\/div><\/div><\/div><\/div><\/div><\/div>\n\t\t\t\t\t\t<\/div>\n\t\t\t\t\t<\/div>\n\t\t\t\t<\/div>\n\t\t\t\t<\/div>\n\t\t","protected":false},"excerpt":{"rendered":"<p>Contactez-nous Nous vous r\u00e9pondrons dans les 24 heures. Please enable JavaScript in your browser to complete this form.Please enable JavaScript [&hellip;]<\/p>\n","protected":false},"author":1,"featured_media":0,"parent":0,"menu_order":0,"comment_status":"closed","ping_status":"closed","template":"","meta":{"site-sidebar-layout":"default","site-content-layout":"","ast-site-content-layout":"default","site-content-style":"default","site-sidebar-style":"default","ast-global-header-display":"","ast-banner-title-visibility":"","ast-main-header-display":"","ast-hfb-above-header-display":"","ast-hfb-below-header-display":"","ast-hfb-mobile-header-display":"","site-post-title":"disabled","ast-breadcrumbs-content":"","ast-featured-img":"","footer-sml-layout":"","ast-disable-related-posts":"","theme-transparent-header-meta":"","adv-header-id-meta":"","stick-header-meta":"","header-above-stick-meta":"","header-main-stick-meta":"","header-below-stick-meta":"","astra-migrate-meta-layouts":"default","ast-page-background-enabled":"default","ast-page-background-meta":{"desktop":{"background-color":"var(--ast-global-color-5)","background-image":"","background-repeat":"repeat","background-position":"center center","background-size":"auto","background-attachment":"scroll","background-type":"","background-media":"","overlay-type":"","overlay-color":"","overlay-opacity":"","overlay-gradient":""},"tablet":{"background-color":"","background-image":"","background-repeat":"repeat","background-position":"center center","background-size":"auto","background-attachment":"scroll","background-type":"","background-media":"","overlay-type":"","overlay-color":"","overlay-opacity":"","overlay-gradient":""},"mobile":{"background-color":"","background-image":"","background-repeat":"repeat","background-position":"center center","background-size":"auto","background-attachment":"scroll","background-type":"","background-media":"","overlay-type":"","overlay-color":"","overlay-opacity":"","overlay-gradient":""}},"ast-content-background-meta":{"desktop":{"background-color":"var(--ast-global-color-4)","background-image":"","background-repeat":"repeat","background-position":"center center","background-size":"auto","background-attachment":"scroll","background-type":"","background-media":"","overlay-type":"","overlay-color":"","overlay-opacity":"","overlay-gradient":""},"tablet":{"background-color":"var(--ast-global-color-4)","background-image":"","background-repeat":"repeat","background-position":"center center","background-size":"auto","background-attachment":"scroll","background-type":"","background-media":"","overlay-type":"","overlay-color":"","overlay-opacity":"","overlay-gradient":""},"mobile":{"background-color":"var(--ast-global-color-4)","background-image":"","background-repeat":"repeat","background-position":"center center","background-size":"auto","background-attachment":"scroll","background-type":"","background-media":"","overlay-type":"","overlay-color":"","overlay-opacity":"","overlay-gradient":""}},"footnotes":""},"class_list":["post-584","page","type-page","status-publish","hentry"],"yoast_head":"<!-- This site is optimized with the Yoast SEO plugin v27.4 - https:\/\/yoast.com\/product\/yoast-seo-wordpress\/ -->\n<title>Contact - Deravio FR<\/title>\n<meta name=\"robots\" content=\"index, follow, max-snippet:-1, max-image-preview:large, max-video-preview:-1\" \/>\n<link rel=\"canonical\" href=\"https:\/\/deravio.com\/fr\/kontakt\/\" \/>\n<meta property=\"og:locale\" content=\"fr_FR\" \/>\n<meta property=\"og:type\" content=\"article\" \/>\n<meta property=\"og:title\" content=\"Contact - Deravio FR\" \/>\n<meta property=\"og:description\" content=\"Contactez-nous Nous vous r\u00e9pondrons dans les 24 heures. Please enable JavaScript in your browser to complete this form.Please enable JavaScript [&hellip;]\" \/>\n<meta property=\"og:url\" content=\"https:\/\/deravio.com\/fr\/kontakt\/\" \/>\n<meta property=\"og:site_name\" content=\"Deravio FR\" \/>\n<meta property=\"article:modified_time\" content=\"2026-05-06T07:02:08+00:00\" \/>\n<meta property=\"og:image\" content=\"https:\/\/deravio.com\/fr\/wp-content\/plugins\/wpforms-lite\/assets\/images\/submit-spin.svg\" \/>\n<meta name=\"twitter:card\" content=\"summary_large_image\" \/>\n<meta name=\"twitter:label1\" content=\"Est. reading time\" \/>\n\t<meta name=\"twitter:data1\" content=\"2 minutes\" \/>\n<script type=\"application\/ld+json\" class=\"yoast-schema-graph\">{\"@context\":\"https:\\\/\\\/schema.org\",\"@graph\":[{\"@type\":\"WebPage\",\"@id\":\"https:\\\/\\\/deravio.com\\\/fr\\\/kontakt\\\/\",\"url\":\"https:\\\/\\\/deravio.com\\\/fr\\\/kontakt\\\/\",\"name\":\"Contact - Deravio FR\",\"isPartOf\":{\"@id\":\"https:\\\/\\\/deravio.com\\\/fr\\\/#website\"},\"primaryImageOfPage\":{\"@id\":\"https:\\\/\\\/deravio.com\\\/fr\\\/kontakt\\\/#primaryimage\"},\"image\":{\"@id\":\"https:\\\/\\\/deravio.com\\\/fr\\\/kontakt\\\/#primaryimage\"},\"thumbnailUrl\":\"https:\\\/\\\/deravio.com\\\/fr\\\/wp-content\\\/plugins\\\/wpforms-lite\\\/assets\\\/images\\\/submit-spin.svg\",\"datePublished\":\"2020-10-13T06:47:01+00:00\",\"dateModified\":\"2026-05-06T07:02:08+00:00\",\"breadcrumb\":{\"@id\":\"https:\\\/\\\/deravio.com\\\/fr\\\/kontakt\\\/#breadcrumb\"},\"inLanguage\":\"fr-FR\",\"potentialAction\":[{\"@type\":\"ReadAction\",\"target\":[\"https:\\\/\\\/deravio.com\\\/fr\\\/kontakt\\\/\"]}]},{\"@type\":\"ImageObject\",\"inLanguage\":\"fr-FR\",\"@id\":\"https:\\\/\\\/deravio.com\\\/fr\\\/kontakt\\\/#primaryimage\",\"url\":\"https:\\\/\\\/deravio.com\\\/fr\\\/wp-content\\\/plugins\\\/wpforms-lite\\\/assets\\\/images\\\/submit-spin.svg\",\"contentUrl\":\"https:\\\/\\\/deravio.com\\\/fr\\\/wp-content\\\/plugins\\\/wpforms-lite\\\/assets\\\/images\\\/submit-spin.svg\"},{\"@type\":\"BreadcrumbList\",\"@id\":\"https:\\\/\\\/deravio.com\\\/fr\\\/kontakt\\\/#breadcrumb\",\"itemListElement\":[{\"@type\":\"ListItem\",\"position\":1,\"name\":\"Home\",\"item\":\"https:\\\/\\\/deravio.com\\\/fr\\\/\"},{\"@type\":\"ListItem\",\"position\":2,\"name\":\"Contact\"}]},{\"@type\":\"WebSite\",\"@id\":\"https:\\\/\\\/deravio.com\\\/fr\\\/#website\",\"url\":\"https:\\\/\\\/deravio.com\\\/fr\\\/\",\"name\":\"Deravio FR\",\"description\":\"\",\"publisher\":{\"@id\":\"https:\\\/\\\/deravio.com\\\/fr\\\/#organization\"},\"potentialAction\":[{\"@type\":\"SearchAction\",\"target\":{\"@type\":\"EntryPoint\",\"urlTemplate\":\"https:\\\/\\\/deravio.com\\\/fr\\\/?s={search_term_string}\"},\"query-input\":{\"@type\":\"PropertyValueSpecification\",\"valueRequired\":true,\"valueName\":\"search_term_string\"}}],\"inLanguage\":\"fr-FR\"},{\"@type\":\"Organization\",\"@id\":\"https:\\\/\\\/deravio.com\\\/fr\\\/#organization\",\"name\":\"Mekulo\",\"url\":\"https:\\\/\\\/deravio.com\\\/fr\\\/\",\"logo\":{\"@type\":\"ImageObject\",\"inLanguage\":\"fr-FR\",\"@id\":\"https:\\\/\\\/deravio.com\\\/fr\\\/#\\\/schema\\\/logo\\\/image\\\/\",\"url\":\"https:\\\/\\\/deravio.com\\\/fr\\\/wp-content\\\/uploads\\\/sites\\\/32\\\/2025\\\/12\\\/favicon_mekulo.png\",\"contentUrl\":\"https:\\\/\\\/deravio.com\\\/fr\\\/wp-content\\\/uploads\\\/sites\\\/32\\\/2025\\\/12\\\/favicon_mekulo.png\",\"width\":50,\"height\":50,\"caption\":\"Mekulo\"},\"image\":{\"@id\":\"https:\\\/\\\/deravio.com\\\/fr\\\/#\\\/schema\\\/logo\\\/image\\\/\"}}]}<\/script>\n<!-- \/ Yoast SEO plugin. -->","yoast_head_json":{"title":"Contact - Deravio FR","robots":{"index":"index","follow":"follow","max-snippet":"max-snippet:-1","max-image-preview":"max-image-preview:large","max-video-preview":"max-video-preview:-1"},"canonical":"https:\/\/deravio.com\/fr\/kontakt\/","og_locale":"fr_FR","og_type":"article","og_title":"Contact - Deravio FR","og_description":"Contactez-nous Nous vous r\u00e9pondrons dans les 24 heures. Please enable JavaScript in your browser to complete this form.Please enable JavaScript [&hellip;]","og_url":"https:\/\/deravio.com\/fr\/kontakt\/","og_site_name":"Deravio FR","article_modified_time":"2026-05-06T07:02:08+00:00","og_image":[{"url":"https:\/\/deravio.com\/fr\/wp-content\/plugins\/wpforms-lite\/assets\/images\/submit-spin.svg","type":"","width":"","height":""}],"twitter_card":"summary_large_image","twitter_misc":{"Est. reading time":"2 minutes"},"schema":{"@context":"https:\/\/schema.org","@graph":[{"@type":"WebPage","@id":"https:\/\/deravio.com\/fr\/kontakt\/","url":"https:\/\/deravio.com\/fr\/kontakt\/","name":"Contact - Deravio FR","isPartOf":{"@id":"https:\/\/deravio.com\/fr\/#website"},"primaryImageOfPage":{"@id":"https:\/\/deravio.com\/fr\/kontakt\/#primaryimage"},"image":{"@id":"https:\/\/deravio.com\/fr\/kontakt\/#primaryimage"},"thumbnailUrl":"https:\/\/deravio.com\/fr\/wp-content\/plugins\/wpforms-lite\/assets\/images\/submit-spin.svg","datePublished":"2020-10-13T06:47:01+00:00","dateModified":"2026-05-06T07:02:08+00:00","breadcrumb":{"@id":"https:\/\/deravio.com\/fr\/kontakt\/#breadcrumb"},"inLanguage":"fr-FR","potentialAction":[{"@type":"ReadAction","target":["https:\/\/deravio.com\/fr\/kontakt\/"]}]},{"@type":"ImageObject","inLanguage":"fr-FR","@id":"https:\/\/deravio.com\/fr\/kontakt\/#primaryimage","url":"https:\/\/deravio.com\/fr\/wp-content\/plugins\/wpforms-lite\/assets\/images\/submit-spin.svg","contentUrl":"https:\/\/deravio.com\/fr\/wp-content\/plugins\/wpforms-lite\/assets\/images\/submit-spin.svg"},{"@type":"BreadcrumbList","@id":"https:\/\/deravio.com\/fr\/kontakt\/#breadcrumb","itemListElement":[{"@type":"ListItem","position":1,"name":"Home","item":"https:\/\/deravio.com\/fr\/"},{"@type":"ListItem","position":2,"name":"Contact"}]},{"@type":"WebSite","@id":"https:\/\/deravio.com\/fr\/#website","url":"https:\/\/deravio.com\/fr\/","name":"Deravio FR","description":"","publisher":{"@id":"https:\/\/deravio.com\/fr\/#organization"},"potentialAction":[{"@type":"SearchAction","target":{"@type":"EntryPoint","urlTemplate":"https:\/\/deravio.com\/fr\/?s={search_term_string}"},"query-input":{"@type":"PropertyValueSpecification","valueRequired":true,"valueName":"search_term_string"}}],"inLanguage":"fr-FR"},{"@type":"Organization","@id":"https:\/\/deravio.com\/fr\/#organization","name":"Mekulo","url":"https:\/\/deravio.com\/fr\/","logo":{"@type":"ImageObject","inLanguage":"fr-FR","@id":"https:\/\/deravio.com\/fr\/#\/schema\/logo\/image\/","url":"https:\/\/deravio.com\/fr\/wp-content\/uploads\/sites\/32\/2025\/12\/favicon_mekulo.png","contentUrl":"https:\/\/deravio.com\/fr\/wp-content\/uploads\/sites\/32\/2025\/12\/favicon_mekulo.png","width":50,"height":50,"caption":"Mekulo"},"image":{"@id":"https:\/\/deravio.com\/fr\/#\/schema\/logo\/image\/"}}]}},"_links":{"self":[{"href":"https:\/\/deravio.com\/fr\/wp-json\/wp\/v2\/pages\/584","targetHints":{"allow":["GET"]}}],"collection":[{"href":"https:\/\/deravio.com\/fr\/wp-json\/wp\/v2\/pages"}],"about":[{"href":"https:\/\/deravio.com\/fr\/wp-json\/wp\/v2\/types\/page"}],"author":[{"embeddable":true,"href":"https:\/\/deravio.com\/fr\/wp-json\/wp\/v2\/users\/1"}],"replies":[{"embeddable":true,"href":"https:\/\/deravio.com\/fr\/wp-json\/wp\/v2\/comments?post=584"}],"version-history":[{"count":89,"href":"https:\/\/deravio.com\/fr\/wp-json\/wp\/v2\/pages\/584\/revisions"}],"predecessor-version":[{"id":22043,"href":"https:\/\/deravio.com\/fr\/wp-json\/wp\/v2\/pages\/584\/revisions\/22043"}],"wp:attachment":[{"href":"https:\/\/deravio.com\/fr\/wp-json\/wp\/v2\/media?parent=584"}],"curies":[{"name":"wp","href":"https:\/\/api.w.org\/{rel}","templated":true}]}}