{"id":546,"date":"2020-10-13T02:48:45","date_gmt":"2020-10-13T02:48:45","guid":{"rendered":"http:\/\/localhost\/razzi\/?page_id=546"},"modified":"2026-05-06T10:13:53","modified_gmt":"2026-05-06T07:13:53","slug":"expeditions-et-retours","status":"publish","type":"page","link":"https:\/\/deravio.com\/fr\/expeditions-et-retours\/","title":{"rendered":"Exp\u00e9ditions et retours"},"content":{"rendered":"\n<p>Wir m\u00f6chten, dass Ihr Einkaufserlebnis reibungslos und unkompliziert ist. Hier finden Sie alle wichtigen Informationen zu Versand, Lieferung und R\u00fccksendungen auf deravio.com.<\/p>\n\n\n\n<h2 class=\"wp-block-heading\">Versand<\/h2>\n\n\n\n<p><strong>Wohin wir liefern<\/strong><br>Wir liefern in alle europ\u00e4ischen L\u00e4nder. Je nach Standort wird Ihre Bestellung \u00fcber den lokalen Postdienst oder in einigen F\u00e4llen an eine Paketstation geliefert.<\/p>\n\n\n\n<p><strong>Versandkosten<\/strong><\/p>\n\n\n\n<ul class=\"wp-block-list\">\n<li>Standardversand: 2,99 \u20ac<\/li>\n\n\n\n<li>Bestellungen \u00fcber 35 \u20ac sind versandkostenfrei<\/li>\n<\/ul>\n\n\n\n<p><strong>Lieferzeiten<\/strong><\/p>\n\n\n\n<ul class=\"wp-block-list\">\n<li>Bearbeitungszeit: 2 Werktage<\/li>\n\n\n\n<li>Gesch\u00e4tzte Lieferzeit innerhalb Europas: bis zu 7 Werktage<\/li>\n<\/ul>\n\n\n\n<p>Bitte beachten Sie: Dies sind Sch\u00e4tzwerte. In Einzelf\u00e4llen kann es aufgrund unvorhergesehener Umst\u00e4nde zu l\u00e4ngeren Lieferzeiten kommen.<\/p>\n\n\n\n<p><strong>Verantwortung und Risiko<\/strong><\/p>\n\n\n\n<ul class=\"wp-block-list\">\n<li>Falls Ihre Bestellung verloren geht, versp\u00e4tet eintrifft oder besch\u00e4digt wird, senden wir die Ware erneut oder erstatten den Kaufbetrag.<\/li>\n\n\n\n<li>Wir \u00fcbernehmen keine Verantwortung f\u00fcr Lieferverz\u00f6gerungen, stellen jedoch sicher, dass Ihre Bestellung bei Ihnen ankommt.<\/li>\n\n\n\n<li>Das Risiko von Verlust oder Besch\u00e4digung geht mit der Lieferung auf Sie \u00fcber.<\/li>\n\n\n\n<li>Bitte stellen Sie sicher, dass Ihre Lieferinformationen korrekt sind \u2013 dies liegt in Ihrer Verantwortung.<\/li>\n<\/ul>\n\n\n\n<h2 class=\"wp-block-heading\">R\u00fccksendungen &amp; Erstattungen<\/h2>\n\n\n\n<p><strong>R\u00fcckgabefrist<\/strong><br>Sie k\u00f6nnen Ihre Bestellung innerhalb von 14 Tagen nach Erhalt zur\u00fcckgeben.<\/p>\n\n\n\n<p><strong>Zustand der R\u00fccksendung<\/strong><\/p>\n\n\n\n<ul class=\"wp-block-list\">\n<li>Die Artikel m\u00fcssen unbenutzt, unbesch\u00e4digt und in der Originalverpackung sein.<\/li>\n\n\n\n<li>Sie d\u00fcrfen das Produkt nur in dem Umfang pr\u00fcfen, wie es zur Feststellung von Beschaffenheit und Funktion erforderlich ist.<\/li>\n<\/ul>\n\n\n\n<p><strong>Teilweise R\u00fcckerstattungen<\/strong><\/p>\n\n\n\n<ul class=\"wp-block-list\">\n<li>Wenn zur\u00fcckgesendete Artikel benutzt, besch\u00e4digt oder unvollst\u00e4ndig sind, k\u00f6nnen wir eine teilweise R\u00fcckerstattung vornehmen.<\/li>\n\n\n\n<li>Eine teilweise R\u00fcckerstattung kann auch erfolgen, wenn Sie mit dem Produkt unzufrieden sind, es aber nicht zur\u00fccksenden.<\/li>\n<\/ul>\n\n\n\n<p><strong>R\u00fccksendekosten<\/strong><\/p>\n\n\n\n<ul class=\"wp-block-list\">\n<li>Sie tragen die Kosten f\u00fcr die R\u00fccksendung.<\/li>\n\n\n\n<li>Es gibt keine Ausnahmen, auch nicht bei einer Meinungs\u00e4nderung.<\/li>\n<\/ul>\n\n\n\n<p><strong>Erstattungsdauer<\/strong><\/p>\n\n\n\n<ul class=\"wp-block-list\">\n<li>R\u00fcckerstattungen erfolgen innerhalb von 14 Tagen nach Erhalt der R\u00fccksendung oder innerhalb von 14 Tagen nach Vereinbarung einer teilweisen R\u00fcckerstattung ohne R\u00fccksendung.<\/li>\n\n\n\n<li>Die R\u00fcckerstattung umfasst auch die urspr\u00fcnglichen Standardversandkosten.<\/li>\n<\/ul>\n\n\n\n<p><strong>R\u00fccksendeadresse<\/strong><br>Xoltra O\u00dc<br>Vienyb\u0117s g. 5<br>\u0160ilal\u0117, 75129, Litauen<\/p>\n\n\n\n<p>Bei Fragen zu R\u00fccksendungen kontaktieren Sie uns unter: <a href=\"mailto:info@deravio.com\" type=\"mailto\" id=\"mailto:info@deravio.com\">info@deravio.com<\/a><\/p>\n\n\n\n<p>Alle auf deravio.com gekauften Artikel k\u00f6nnen unter diesen Bedingungen zur\u00fcckgegeben werden.<\/p>\n\n\n\n<hr class=\"wp-block-separator has-alpha-channel-opacity\"\/>\n\n\n\n<h3 class=\"wp-block-heading\">Kurz zusammengefasst:<\/h3>\n\n\n\n<ul class=\"wp-block-list\">\n<li>Versand: 2,99 \u20ac, kostenlos ab 35 \u20ac<\/li>\n\n\n\n<li>Lieferung: 2 Tage Bearbeitung + bis zu 7 Tage Versandme<\/li>\n\n\n\n<li>R\u00fccksendung: 14 Tage, im Originalzustand erforderlich<\/li>\n\n\n\n<li>Risiko geht bei Lieferung \u00fcber, R\u00fccksendekosten tr\u00e4gt der Kunde<\/li>\n\n\n\n<li>R\u00fcckerstattungen innerhalb von 14 Tagen<\/li>\n<\/ul>\n\n\n\n<p>Wir hoffen, dass dies Ihren Einkauf bei uns einfach und transparent macht!<\/p>\n","protected":false},"excerpt":{"rendered":"<p>Wir m\u00f6chten, dass Ihr Einkaufserlebnis reibungslos und unkompliziert ist. Hier finden Sie alle wichtigen Informationen zu Versand, Lieferung und R\u00fccksendungen [&hellip;]<\/p>\n","protected":false},"author":1,"featured_media":0,"parent":0,"menu_order":0,"comment_status":"closed","ping_status":"closed","template":"","meta":{"site-sidebar-layout":"default","site-content-layout":"","ast-site-content-layout":"default","site-content-style":"default","site-sidebar-style":"default","ast-global-header-display":"","ast-banner-title-visibility":"","ast-main-header-display":"","ast-hfb-above-header-display":"","ast-hfb-below-header-display":"","ast-hfb-mobile-header-display":"","site-post-title":"","ast-breadcrumbs-content":"","ast-featured-img":"","footer-sml-layout":"","ast-disable-related-posts":"","theme-transparent-header-meta":"","adv-header-id-meta":"","stick-header-meta":"","header-above-stick-meta":"","header-main-stick-meta":"","header-below-stick-meta":"","astra-migrate-meta-layouts":"default","ast-page-background-enabled":"default","ast-page-background-meta":{"desktop":{"background-color":"var(--ast-global-color-5)","background-image":"","background-repeat":"repeat","background-position":"center center","background-size":"auto","background-attachment":"scroll","background-type":"","background-media":"","overlay-type":"","overlay-color":"","overlay-opacity":"","overlay-gradient":""},"tablet":{"background-color":"","background-image":"","background-repeat":"repeat","background-position":"center center","background-size":"auto","background-attachment":"scroll","background-type":"","background-media":"","overlay-type":"","overlay-color":"","overlay-opacity":"","overlay-gradient":""},"mobile":{"background-color":"","background-image":"","background-repeat":"repeat","background-position":"center center","background-size":"auto","background-attachment":"scroll","background-type":"","background-media":"","overlay-type":"","overlay-color":"","overlay-opacity":"","overlay-gradient":""}},"ast-content-background-meta":{"desktop":{"background-color":"var(--ast-global-color-4)","background-image":"","background-repeat":"repeat","background-position":"center center","background-size":"auto","background-attachment":"scroll","background-type":"","background-media":"","overlay-type":"","overlay-color":"","overlay-opacity":"","overlay-gradient":""},"tablet":{"background-color":"var(--ast-global-color-4)","background-image":"","background-repeat":"repeat","background-position":"center center","background-size":"auto","background-attachment":"scroll","background-type":"","background-media":"","overlay-type":"","overlay-color":"","overlay-opacity":"","overlay-gradient":""},"mobile":{"background-color":"var(--ast-global-color-4)","background-image":"","background-repeat":"repeat","background-position":"center center","background-size":"auto","background-attachment":"scroll","background-type":"","background-media":"","overlay-type":"","overlay-color":"","overlay-opacity":"","overlay-gradient":""}},"footnotes":""},"class_list":["post-546","page","type-page","status-publish","hentry"],"yoast_head":"<!-- This site is optimized with the Yoast SEO plugin v27.4 - https:\/\/yoast.com\/product\/yoast-seo-wordpress\/ -->\n<title>Exp\u00e9ditions et retours - Deravio FR<\/title>\n<meta name=\"robots\" content=\"index, follow, max-snippet:-1, max-image-preview:large, max-video-preview:-1\" \/>\n<link rel=\"canonical\" href=\"https:\/\/deravio.com\/fr\/expeditions-et-retours\/\" \/>\n<meta property=\"og:locale\" content=\"fr_FR\" \/>\n<meta property=\"og:type\" content=\"article\" \/>\n<meta property=\"og:title\" content=\"Exp\u00e9ditions et retours - Deravio FR\" \/>\n<meta property=\"og:description\" content=\"Wir m\u00f6chten, dass Ihr Einkaufserlebnis reibungslos und unkompliziert ist. Hier finden Sie alle wichtigen Informationen zu Versand, Lieferung und R\u00fccksendungen [&hellip;]\" \/>\n<meta property=\"og:url\" content=\"https:\/\/deravio.com\/fr\/expeditions-et-retours\/\" \/>\n<meta property=\"og:site_name\" content=\"Deravio FR\" \/>\n<meta property=\"article:modified_time\" content=\"2026-05-06T07:13:53+00:00\" \/>\n<meta name=\"twitter:card\" content=\"summary_large_image\" \/>\n<meta name=\"twitter:label1\" content=\"Est. reading time\" \/>\n\t<meta name=\"twitter:data1\" content=\"2 minutes\" \/>\n<script type=\"application\/ld+json\" class=\"yoast-schema-graph\">{\"@context\":\"https:\\\/\\\/schema.org\",\"@graph\":[{\"@type\":\"WebPage\",\"@id\":\"https:\\\/\\\/deravio.com\\\/fr\\\/expeditions-et-retours\\\/\",\"url\":\"https:\\\/\\\/deravio.com\\\/fr\\\/expeditions-et-retours\\\/\",\"name\":\"Exp\u00e9ditions et retours - Deravio FR\",\"isPartOf\":{\"@id\":\"https:\\\/\\\/deravio.com\\\/fr\\\/#website\"},\"datePublished\":\"2020-10-13T02:48:45+00:00\",\"dateModified\":\"2026-05-06T07:13:53+00:00\",\"breadcrumb\":{\"@id\":\"https:\\\/\\\/deravio.com\\\/fr\\\/expeditions-et-retours\\\/#breadcrumb\"},\"inLanguage\":\"fr-FR\",\"potentialAction\":[{\"@type\":\"ReadAction\",\"target\":[\"https:\\\/\\\/deravio.com\\\/fr\\\/expeditions-et-retours\\\/\"]}]},{\"@type\":\"BreadcrumbList\",\"@id\":\"https:\\\/\\\/deravio.com\\\/fr\\\/expeditions-et-retours\\\/#breadcrumb\",\"itemListElement\":[{\"@type\":\"ListItem\",\"position\":1,\"name\":\"Home\",\"item\":\"https:\\\/\\\/deravio.com\\\/fr\\\/\"},{\"@type\":\"ListItem\",\"position\":2,\"name\":\"Exp\u00e9ditions et retours\"}]},{\"@type\":\"WebSite\",\"@id\":\"https:\\\/\\\/deravio.com\\\/fr\\\/#website\",\"url\":\"https:\\\/\\\/deravio.com\\\/fr\\\/\",\"name\":\"Deravio FR\",\"description\":\"\",\"publisher\":{\"@id\":\"https:\\\/\\\/deravio.com\\\/fr\\\/#organization\"},\"potentialAction\":[{\"@type\":\"SearchAction\",\"target\":{\"@type\":\"EntryPoint\",\"urlTemplate\":\"https:\\\/\\\/deravio.com\\\/fr\\\/?s={search_term_string}\"},\"query-input\":{\"@type\":\"PropertyValueSpecification\",\"valueRequired\":true,\"valueName\":\"search_term_string\"}}],\"inLanguage\":\"fr-FR\"},{\"@type\":\"Organization\",\"@id\":\"https:\\\/\\\/deravio.com\\\/fr\\\/#organization\",\"name\":\"Mekulo\",\"url\":\"https:\\\/\\\/deravio.com\\\/fr\\\/\",\"logo\":{\"@type\":\"ImageObject\",\"inLanguage\":\"fr-FR\",\"@id\":\"https:\\\/\\\/deravio.com\\\/fr\\\/#\\\/schema\\\/logo\\\/image\\\/\",\"url\":\"https:\\\/\\\/deravio.com\\\/fr\\\/wp-content\\\/uploads\\\/sites\\\/32\\\/2025\\\/12\\\/favicon_mekulo.png\",\"contentUrl\":\"https:\\\/\\\/deravio.com\\\/fr\\\/wp-content\\\/uploads\\\/sites\\\/32\\\/2025\\\/12\\\/favicon_mekulo.png\",\"width\":50,\"height\":50,\"caption\":\"Mekulo\"},\"image\":{\"@id\":\"https:\\\/\\\/deravio.com\\\/fr\\\/#\\\/schema\\\/logo\\\/image\\\/\"}}]}<\/script>\n<!-- \/ Yoast SEO plugin. -->","yoast_head_json":{"title":"Exp\u00e9ditions et retours - Deravio FR","robots":{"index":"index","follow":"follow","max-snippet":"max-snippet:-1","max-image-preview":"max-image-preview:large","max-video-preview":"max-video-preview:-1"},"canonical":"https:\/\/deravio.com\/fr\/expeditions-et-retours\/","og_locale":"fr_FR","og_type":"article","og_title":"Exp\u00e9ditions et retours - Deravio FR","og_description":"Wir m\u00f6chten, dass Ihr Einkaufserlebnis reibungslos und unkompliziert ist. Hier finden Sie alle wichtigen Informationen zu Versand, Lieferung und R\u00fccksendungen [&hellip;]","og_url":"https:\/\/deravio.com\/fr\/expeditions-et-retours\/","og_site_name":"Deravio FR","article_modified_time":"2026-05-06T07:13:53+00:00","twitter_card":"summary_large_image","twitter_misc":{"Est. reading time":"2 minutes"},"schema":{"@context":"https:\/\/schema.org","@graph":[{"@type":"WebPage","@id":"https:\/\/deravio.com\/fr\/expeditions-et-retours\/","url":"https:\/\/deravio.com\/fr\/expeditions-et-retours\/","name":"Exp\u00e9ditions et retours - Deravio FR","isPartOf":{"@id":"https:\/\/deravio.com\/fr\/#website"},"datePublished":"2020-10-13T02:48:45+00:00","dateModified":"2026-05-06T07:13:53+00:00","breadcrumb":{"@id":"https:\/\/deravio.com\/fr\/expeditions-et-retours\/#breadcrumb"},"inLanguage":"fr-FR","potentialAction":[{"@type":"ReadAction","target":["https:\/\/deravio.com\/fr\/expeditions-et-retours\/"]}]},{"@type":"BreadcrumbList","@id":"https:\/\/deravio.com\/fr\/expeditions-et-retours\/#breadcrumb","itemListElement":[{"@type":"ListItem","position":1,"name":"Home","item":"https:\/\/deravio.com\/fr\/"},{"@type":"ListItem","position":2,"name":"Exp\u00e9ditions et retours"}]},{"@type":"WebSite","@id":"https:\/\/deravio.com\/fr\/#website","url":"https:\/\/deravio.com\/fr\/","name":"Deravio FR","description":"","publisher":{"@id":"https:\/\/deravio.com\/fr\/#organization"},"potentialAction":[{"@type":"SearchAction","target":{"@type":"EntryPoint","urlTemplate":"https:\/\/deravio.com\/fr\/?s={search_term_string}"},"query-input":{"@type":"PropertyValueSpecification","valueRequired":true,"valueName":"search_term_string"}}],"inLanguage":"fr-FR"},{"@type":"Organization","@id":"https:\/\/deravio.com\/fr\/#organization","name":"Mekulo","url":"https:\/\/deravio.com\/fr\/","logo":{"@type":"ImageObject","inLanguage":"fr-FR","@id":"https:\/\/deravio.com\/fr\/#\/schema\/logo\/image\/","url":"https:\/\/deravio.com\/fr\/wp-content\/uploads\/sites\/32\/2025\/12\/favicon_mekulo.png","contentUrl":"https:\/\/deravio.com\/fr\/wp-content\/uploads\/sites\/32\/2025\/12\/favicon_mekulo.png","width":50,"height":50,"caption":"Mekulo"},"image":{"@id":"https:\/\/deravio.com\/fr\/#\/schema\/logo\/image\/"}}]}},"_links":{"self":[{"href":"https:\/\/deravio.com\/fr\/wp-json\/wp\/v2\/pages\/546","targetHints":{"allow":["GET"]}}],"collection":[{"href":"https:\/\/deravio.com\/fr\/wp-json\/wp\/v2\/pages"}],"about":[{"href":"https:\/\/deravio.com\/fr\/wp-json\/wp\/v2\/types\/page"}],"author":[{"embeddable":true,"href":"https:\/\/deravio.com\/fr\/wp-json\/wp\/v2\/users\/1"}],"replies":[{"embeddable":true,"href":"https:\/\/deravio.com\/fr\/wp-json\/wp\/v2\/comments?post=546"}],"version-history":[{"count":32,"href":"https:\/\/deravio.com\/fr\/wp-json\/wp\/v2\/pages\/546\/revisions"}],"predecessor-version":[{"id":22051,"href":"https:\/\/deravio.com\/fr\/wp-json\/wp\/v2\/pages\/546\/revisions\/22051"}],"wp:attachment":[{"href":"https:\/\/deravio.com\/fr\/wp-json\/wp\/v2\/media?parent=546"}],"curies":[{"name":"wp","href":"https:\/\/api.w.org\/{rel}","templated":true}]}}