{"id":22644,"date":"2026-05-14T14:24:15","date_gmt":"2026-05-14T11:24:15","guid":{"rendered":"https:\/\/deravio.com\/fi\/tuote\/riippuvat-silkkipetuniat-2-kpl\/"},"modified":"2026-05-14T14:26:32","modified_gmt":"2026-05-14T11:26:32","slug":"riippuvat-silkkipetuniat-2-kpl","status":"publish","type":"product","link":"https:\/\/deravio.com\/fi\/tuote\/riippuvat-silkkipetuniat-2-kpl\/","title":{"rendered":"Riippuvat silkkipetuniat (2 kpl)"},"content":{"rendered":"<h2 style=\"text-align: center;\" data-section-id=\"5d61m3\" data-start=\"1996\" data-end=\"2014\">\u2728 Lupaus<\/h2>\n<p style=\"text-align: center;\" data-start=\"2016\" data-end=\"2080\">Aina raikas.<br data-start=\"2029\" data-end=\"2032\" \/>Aina elinvoimainen.<br data-start=\"2047\" data-end=\"2050\" \/>Vaivatonta kauneutta joka p\u00e4iv\u00e4.<\/p>\n<p data-start=\"2016\" data-end=\"2080\"><img fetchpriority=\"high\" decoding=\"async\" class=\" wp-image-28570 aligncenter\" src=\"https:\/\/mekulo.com\/template\/wp-content\/uploads\/sites\/6\/2026\/03\/12218-ezgif.com-video-to-webp-converter-9.webp\" alt=\"\" width=\"551\" height=\"551\" \/><\/p>\n<h2 style=\"text-align: center;\" data-section-id=\"u4ub2a\" data-start=\"390\" data-end=\"410\">\u2728 T\u00e4rkeimm\u00e4t Edut<\/h2>\n<p data-start=\"414\" data-end=\"538\">\ud83c\udf38 Realistinen, silmi\u00e4 hivelev\u00e4 kauneus &#8211; Suunniteltu n\u00e4ytt\u00e4m\u00e4\u00e4n ja tuntumaan aidoilta petunioilta &#8211; vieraat eiv\u00e4t huomaa eroa.<\/p>\n<p data-start=\"542\" data-end=\"649\">\u2600\ufe0f Haalistumaton, s\u00e4\u00e4nkest\u00e4v\u00e4 &#8211; UV-suojattu ja vedenkest\u00e4v\u00e4 &#8211; pysyy elinvoimaisena auringossa, sateessa tai tuulessa.<\/p>\n<p data-start=\"653\" data-end=\"750\">\ud83d\udca7 Ei vaadi huoltoa &#8211; Ei kastelua, ei karsimista eik\u00e4 sotkua &#8211; vain pitk\u00e4kestoista kauneutta.<\/p>\n<p data-start=\"754\" data-end=\"849\">\ud83c\udf3f T\u00e4ytel\u00e4inen, rehev\u00e4 ulkon\u00e4k\u00f6 &#8211; Tihe\u00e4 kaskadimuotoilu luo rikkaan, tyylikk\u00e4\u00e4n kukkan\u00e4yt\u00f6ksen.<\/p>\n<p data-start=\"853\" data-end=\"931\">\u26a1 Nopea ja helppo asennus &#8211; Ripustat minne tahansa sekunneissa &#8211; ei ty\u00f6kaluja, ei vaivaa.<\/p>\n<h2 style=\"text-align: center;\" data-section-id=\"5yj8z6\" data-start=\"938\" data-end=\"964\">\ud83e\udde9 Ongelma \u2192 Ratkaisu<\/h2>\n<p data-start=\"966\" data-end=\"1081\"><strong data-start=\"966\" data-end=\"978\">Ongelma:<\/strong><br data-start=\"978\" data-end=\"981\" \/>Aidot kukat haalistuvat nopeasti, vaativat jatkuvaa hoitoa ja voivat olla vaikeita yll\u00e4pit\u00e4\u00e4 &#8211; erityisesti ulkona.<\/p>\n<p data-start=\"1083\" data-end=\"1213\"><strong data-start=\"1083\" data-end=\"1096\">Ratkaisu:<\/strong><br data-start=\"1096\" data-end=\"1099\" \/>T\u00e4m\u00e4 roikkuva silkkipetunia antaa sinulle saman kauniin ulkon\u00e4\u00f6n &#8211; ilman vaivaa. Aina tuoreet, aina elinvoimaiset.<\/p>\n<p data-start=\"1083\" data-end=\"1213\"><img decoding=\"async\" class=\" wp-image-28571 aligncenter\" src=\"https:\/\/mekulo.com\/template\/wp-content\/uploads\/sites\/6\/2026\/03\/12217-ezgif.com-video-to-webp-converter-9.webp\" alt=\"\" width=\"551\" height=\"551\" \/><\/p>\n<h2 style=\"text-align: center;\" data-section-id=\"baj5e8\" data-start=\"1220\" data-end=\"1248\">\ud83c\udf0d K\u00e4ytt\u00f6tapaukset \/ El\u00e4m\u00e4ntapa<\/h2>\n<p data-start=\"1250\" data-end=\"1264\">T\u00e4ydellinen:<\/p>\n<ul data-start=\"1265\" data-end=\"1429\">\n<li data-section-id=\"1yqh74f\" data-start=\"1265\" data-end=\"1294\">\n<p data-start=\"1267\" data-end=\"1294\">Parvekkeille ja terasseille<\/p>\n<\/li>\n<li data-section-id=\"i4h16w\" data-start=\"1295\" data-end=\"1330\">\n<p data-start=\"1297\" data-end=\"1330\">Puutarhoihin, kuisteille ja terasseille<\/p>\n<\/li>\n<li data-section-id=\"1glqcin\" data-start=\"1331\" data-end=\"1382\">\n<p data-start=\"1333\" data-end=\"1382\">Kodin sis\u00e4tiloihin, kuten olohuoneisiin tai makuuhuoneisiin<\/p>\n<\/li>\n<li data-section-id=\"uk913r\" data-start=\"1383\" data-end=\"1429\">\n<p data-start=\"1385\" data-end=\"1429\">H\u00e4ihin, tapahtumiin ja erityistilaisuuksiin<\/p>\n<\/li>\n<\/ul>\n<p data-start=\"1431\" data-end=\"1490\">P\u00e4ivitt\u00e4\u00e4 v\u00e4litt\u00f6m\u00e4sti mink\u00e4 tahansa tilan v\u00e4reill\u00e4, el\u00e4vyydell\u00e4 ja tyylikkyydell\u00e4.<\/p>\n<h2 style=\"text-align: center;\" data-section-id=\"1r8t0f\" data-start=\"1497\" data-end=\"1516\">\ud83d\udee0\ufe0f K\u00e4ytt\u00f6ohjeet<\/h2>\n<ol data-start=\"1518\" data-end=\"1665\">\n<li data-section-id=\"15c2kp2\" data-start=\"1518\" data-end=\"1555\">\n<p data-start=\"1521\" data-end=\"1555\">Valitse haluamasi ripustuskohta.<\/p>\n<\/li>\n<li data-section-id=\"1kh0peg\" data-start=\"1556\" data-end=\"1595\">\n<p data-start=\"1559\" data-end=\"1595\">Kiinnit\u00e4 koukkuihin, kaiteisiin tai koreihin.<\/p>\n<\/li>\n<li data-section-id=\"l531kx\" data-start=\"1596\" data-end=\"1636\">\n<p data-start=\"1599\" data-end=\"1636\">S\u00e4\u00e4d\u00e4 asetelma t\u00e4ytel\u00e4isyyden mukaan.<\/p>\n<\/li>\n<li data-section-id=\"1grpzcm\" data-start=\"1637\" data-end=\"1665\">\n<p data-start=\"1640\" data-end=\"1665\">Nauti ymp\u00e4rivuotisesta kauneudesta.<\/p>\n<\/li>\n<\/ol>\n<h2 style=\"text-align: center;\" data-section-id=\"1fuqdo7\" data-start=\"1710\" data-end=\"1733\">\ud83d\udce6 Tuotteen Yksityiskohdat<\/h2>\n<ul data-start=\"1735\" data-end=\"1927\">\n<li data-section-id=\"14wqzmp\" data-start=\"1735\" data-end=\"1771\">\n<p data-start=\"1737\" data-end=\"1771\">Materiaali: Laadukas silkki + PP<\/p>\n<\/li>\n<li data-section-id=\"15rc9fs\" data-start=\"1772\" data-end=\"1797\">\n<p data-start=\"1774\" data-end=\"1797\">Pituus: Noin 75 cm<\/p>\n<\/li>\n<li data-section-id=\"1o55g3a\" data-start=\"1798\" data-end=\"1836\">\n<p data-start=\"1800\" data-end=\"1836\">Muotoilu: Ripustettavat kaskadoituvat petuniat<\/p>\n<\/li>\n<li data-section-id=\"tnai9g\" data-start=\"1837\" data-end=\"1887\">\n<p data-start=\"1839\" data-end=\"1887\">Ominaisuudet: UV-kest\u00e4v\u00e4, vedenkest\u00e4v\u00e4, haalistumaton<\/p>\n<\/li>\n<li data-section-id=\"10yewwv\" data-start=\"1888\" data-end=\"1927\">\n<p data-start=\"1890\" data-end=\"1927\">Tyyli: Realistinen kukkan\u00e4ytelm\u00e4<\/p>\n<\/li>\n<\/ul>\n<h2 style=\"text-align: center;\" data-section-id=\"13s7cfc\" data-start=\"1934\" data-end=\"1958\">\ud83d\udce5 Pakkaus Sis\u00e4lt\u00e4\u00e4<\/h2>\n<ul data-start=\"1960\" data-end=\"1989\">\n<li style=\"list-style-type: none;\">\n<ul data-start=\"1960\" data-end=\"1989\">\n<li data-section-id=\"ydaii9\" data-start=\"1960\" data-end=\"1989\">\n<p data-start=\"1962\" data-end=\"1989\">2x roikkuvaa silkkipetuniaa.<\/p>\n<\/li>\n<\/ul>\n<\/li>\n<\/ul>\n","protected":false},"excerpt":{"rendered":"<p>\ud83c\udf3fAina kukassa. Ei mit\u00e4\u00e4n vaivaa.<br \/>\n\ud83c\udf38Tuo elinvoimaista, el\u00e4v\u00e4ist\u00e4 kauneutta tiloihisi &#8211; ilman kastelua, haalistumista tai huoltoa.<br \/>\n\ud83c\udfe1Ihastu upeisiin kukkiin ymp\u00e4ri vuoden &#8211; tuoreisiin, t\u00e4ytel\u00e4isiin ja vaivattomasti t\u00e4ydellisiin.<\/p>\n","protected":false},"featured_media":22640,"comment_status":"open","ping_status":"closed","template":"","meta":{"site-sidebar-layout":"default","site-content-layout":"","ast-site-content-layout":"default","site-content-style":"default","site-sidebar-style":"default","ast-global-header-display":"","ast-banner-title-visibility":"","ast-main-header-display":"","ast-hfb-above-header-display":"","ast-hfb-below-header-display":"","ast-hfb-mobile-header-display":"","site-post-title":"","ast-breadcrumbs-content":"","ast-featured-img":"","footer-sml-layout":"","ast-disable-related-posts":"","theme-transparent-header-meta":"default","adv-header-id-meta":"","stick-header-meta":"","header-above-stick-meta":"","header-main-stick-meta":"","header-below-stick-meta":"","astra-migrate-meta-layouts":"set","ast-page-background-enabled":"default","ast-page-background-meta":{"desktop":{"background-color":"var(--ast-global-color-5)","background-image":"","background-repeat":"repeat","background-position":"center center","background-size":"auto","background-attachment":"scroll","background-type":"","background-media":"","overlay-type":"","overlay-color":"","overlay-opacity":"","overlay-gradient":""},"tablet":{"background-color":"","background-image":"","background-repeat":"repeat","background-position":"center center","background-size":"auto","background-attachment":"scroll","background-type":"","background-media":"","overlay-type":"","overlay-color":"","overlay-opacity":"","overlay-gradient":""},"mobile":{"background-color":"","background-image":"","background-repeat":"repeat","background-position":"center center","background-size":"auto","background-attachment":"scroll","background-type":"","background-media":"","overlay-type":"","overlay-color":"","overlay-opacity":"","overlay-gradient":""}},"ast-content-background-meta":{"desktop":{"background-color":"var(--ast-global-color-4)","background-image":"","background-repeat":"repeat","background-position":"center center","background-size":"auto","background-attachment":"scroll","background-type":"","background-media":"","overlay-type":"","overlay-color":"","overlay-opacity":"","overlay-gradient":""},"tablet":{"background-color":"var(--ast-global-color-4)","background-image":"","background-repeat":"repeat","background-position":"center center","background-size":"auto","background-attachment":"scroll","background-type":"","background-media":"","overlay-type":"","overlay-color":"","overlay-opacity":"","overlay-gradient":""},"mobile":{"background-color":"var(--ast-global-color-4)","background-image":"","background-repeat":"repeat","background-position":"center center","background-size":"auto","background-attachment":"scroll","background-type":"","background-media":"","overlay-type":"","overlay-color":"","overlay-opacity":"","overlay-gradient":""}}},"product_brand":[],"product_cat":[168],"product_tag":[],"class_list":{"0":"post-22644","1":"product","2":"type-product","3":"status-publish","4":"has-post-thumbnail","6":"product_cat-taloustavarat","7":"pa_67658_bm18pmr4-keltainen","8":"pa_67658_bm18pmr4-oranssi","9":"pa_67658_bm18pmr4-punainen","10":"pa_67658_bm18pmr4-vaaleanpunainen","11":"pa_67658_bm18pmr4-valkoinen","12":"pa_67658_bm18pmr4-violetti","13":"pa_67658_bm18pmr4-violetti-pinkki","14":"desktop-align-left","15":"tablet-align-left","16":"mobile-align-left","18":"first","19":"instock","20":"shipping-taxable","21":"purchasable","22":"product-type-variable"},"yoast_head":"<!-- This site is optimized with the Yoast SEO plugin v27.4 - https:\/\/yoast.com\/product\/yoast-seo-wordpress\/ -->\n<title>Riippuvat silkkipetuniat (2 kpl) - Deravio FI<\/title>\n<meta name=\"robots\" content=\"index, follow, max-snippet:-1, max-image-preview:large, max-video-preview:-1\" \/>\n<link rel=\"canonical\" href=\"https:\/\/deravio.com\/fi\/tuote\/riippuvat-silkkipetuniat-2-kpl\/\" \/>\n<meta property=\"og:locale\" content=\"fi_FI\" \/>\n<meta property=\"og:type\" content=\"article\" \/>\n<meta property=\"og:title\" content=\"Riippuvat silkkipetuniat (2 kpl) - Deravio FI\" \/>\n<meta property=\"og:description\" content=\"\ud83c\udf3fAina kukassa. Ei mit\u00e4\u00e4n vaivaa. \ud83c\udf38Tuo elinvoimaista, el\u00e4v\u00e4ist\u00e4 kauneutta tiloihisi - ilman kastelua, haalistumista tai huoltoa. \ud83c\udfe1Ihastu upeisiin kukkiin ymp\u00e4ri vuoden - tuoreisiin, t\u00e4ytel\u00e4isiin ja vaivattomasti t\u00e4ydellisiin.\" \/>\n<meta property=\"og:url\" content=\"https:\/\/deravio.com\/fi\/tuote\/riippuvat-silkkipetuniat-2-kpl\/\" \/>\n<meta property=\"og:site_name\" content=\"Deravio FI\" \/>\n<meta property=\"article:modified_time\" content=\"2026-05-14T11:26:32+00:00\" \/>\n<meta property=\"og:image\" content=\"https:\/\/deravio.com\/fi\/wp-content\/uploads\/sites\/19\/2026\/05\/kuvvfy5-1.jpg\" \/>\n\t<meta property=\"og:image:width\" content=\"960\" \/>\n\t<meta property=\"og:image:height\" content=\"960\" \/>\n\t<meta property=\"og:image:type\" content=\"image\/jpeg\" \/>\n<meta name=\"twitter:card\" content=\"summary_large_image\" \/>\n<meta name=\"twitter:label1\" content=\"Arvioitu lukuaika\" \/>\n\t<meta name=\"twitter:data1\" content=\"2 minuuttia\" \/>\n<script type=\"application\/ld+json\" class=\"yoast-schema-graph\">{\"@context\":\"https:\\\/\\\/schema.org\",\"@graph\":[{\"@type\":\"WebPage\",\"@id\":\"https:\\\/\\\/deravio.com\\\/fi\\\/tuote\\\/riippuvat-silkkipetuniat-2-kpl\\\/\",\"url\":\"https:\\\/\\\/deravio.com\\\/fi\\\/tuote\\\/riippuvat-silkkipetuniat-2-kpl\\\/\",\"name\":\"Riippuvat silkkipetuniat (2 kpl) - Deravio FI\",\"isPartOf\":{\"@id\":\"https:\\\/\\\/deravio.com\\\/fi\\\/#website\"},\"primaryImageOfPage\":{\"@id\":\"https:\\\/\\\/deravio.com\\\/fi\\\/tuote\\\/riippuvat-silkkipetuniat-2-kpl\\\/#primaryimage\"},\"image\":{\"@id\":\"https:\\\/\\\/deravio.com\\\/fi\\\/tuote\\\/riippuvat-silkkipetuniat-2-kpl\\\/#primaryimage\"},\"thumbnailUrl\":\"https:\\\/\\\/deravio.com\\\/fi\\\/wp-content\\\/uploads\\\/sites\\\/19\\\/2026\\\/05\\\/kuvvfy5-1.jpg\",\"datePublished\":\"2026-05-14T11:24:15+00:00\",\"dateModified\":\"2026-05-14T11:26:32+00:00\",\"breadcrumb\":{\"@id\":\"https:\\\/\\\/deravio.com\\\/fi\\\/tuote\\\/riippuvat-silkkipetuniat-2-kpl\\\/#breadcrumb\"},\"inLanguage\":\"fi\",\"potentialAction\":[{\"@type\":\"ReadAction\",\"target\":[\"https:\\\/\\\/deravio.com\\\/fi\\\/tuote\\\/riippuvat-silkkipetuniat-2-kpl\\\/\"]}]},{\"@type\":\"ImageObject\",\"inLanguage\":\"fi\",\"@id\":\"https:\\\/\\\/deravio.com\\\/fi\\\/tuote\\\/riippuvat-silkkipetuniat-2-kpl\\\/#primaryimage\",\"url\":\"https:\\\/\\\/deravio.com\\\/fi\\\/wp-content\\\/uploads\\\/sites\\\/19\\\/2026\\\/05\\\/kuvvfy5-1.jpg\",\"contentUrl\":\"https:\\\/\\\/deravio.com\\\/fi\\\/wp-content\\\/uploads\\\/sites\\\/19\\\/2026\\\/05\\\/kuvvfy5-1.jpg\",\"width\":960,\"height\":960},{\"@type\":\"BreadcrumbList\",\"@id\":\"https:\\\/\\\/deravio.com\\\/fi\\\/tuote\\\/riippuvat-silkkipetuniat-2-kpl\\\/#breadcrumb\",\"itemListElement\":[{\"@type\":\"ListItem\",\"position\":1,\"name\":\"Home\",\"item\":\"https:\\\/\\\/deravio.com\\\/fi\\\/\"},{\"@type\":\"ListItem\",\"position\":2,\"name\":\"Kauppa\",\"item\":\"https:\\\/\\\/deravio.com\\\/fi\\\/kauppa\\\/\"},{\"@type\":\"ListItem\",\"position\":3,\"name\":\"Riippuvat silkkipetuniat (2 kpl)\"}]},{\"@type\":\"WebSite\",\"@id\":\"https:\\\/\\\/deravio.com\\\/fi\\\/#website\",\"url\":\"https:\\\/\\\/deravio.com\\\/fi\\\/\",\"name\":\"Deravio FI\",\"description\":\"\",\"publisher\":{\"@id\":\"https:\\\/\\\/deravio.com\\\/fi\\\/#organization\"},\"potentialAction\":[{\"@type\":\"SearchAction\",\"target\":{\"@type\":\"EntryPoint\",\"urlTemplate\":\"https:\\\/\\\/deravio.com\\\/fi\\\/?s={search_term_string}\"},\"query-input\":{\"@type\":\"PropertyValueSpecification\",\"valueRequired\":true,\"valueName\":\"search_term_string\"}}],\"inLanguage\":\"fi\"},{\"@type\":\"Organization\",\"@id\":\"https:\\\/\\\/deravio.com\\\/fi\\\/#organization\",\"name\":\"Mekulo\",\"url\":\"https:\\\/\\\/deravio.com\\\/fi\\\/\",\"logo\":{\"@type\":\"ImageObject\",\"inLanguage\":\"fi\",\"@id\":\"https:\\\/\\\/deravio.com\\\/fi\\\/#\\\/schema\\\/logo\\\/image\\\/\",\"url\":\"https:\\\/\\\/deravio.com\\\/fi\\\/wp-content\\\/uploads\\\/sites\\\/19\\\/2025\\\/12\\\/favicon_mekulo.png\",\"contentUrl\":\"https:\\\/\\\/deravio.com\\\/fi\\\/wp-content\\\/uploads\\\/sites\\\/19\\\/2025\\\/12\\\/favicon_mekulo.png\",\"width\":50,\"height\":50,\"caption\":\"Mekulo\"},\"image\":{\"@id\":\"https:\\\/\\\/deravio.com\\\/fi\\\/#\\\/schema\\\/logo\\\/image\\\/\"}}]}<\/script>\n<!-- \/ Yoast SEO plugin. -->","yoast_head_json":{"title":"Riippuvat silkkipetuniat (2 kpl) - Deravio FI","robots":{"index":"index","follow":"follow","max-snippet":"max-snippet:-1","max-image-preview":"max-image-preview:large","max-video-preview":"max-video-preview:-1"},"canonical":"https:\/\/deravio.com\/fi\/tuote\/riippuvat-silkkipetuniat-2-kpl\/","og_locale":"fi_FI","og_type":"article","og_title":"Riippuvat silkkipetuniat (2 kpl) - Deravio FI","og_description":"\ud83c\udf3fAina kukassa. Ei mit\u00e4\u00e4n vaivaa. \ud83c\udf38Tuo elinvoimaista, el\u00e4v\u00e4ist\u00e4 kauneutta tiloihisi - ilman kastelua, haalistumista tai huoltoa. \ud83c\udfe1Ihastu upeisiin kukkiin ymp\u00e4ri vuoden - tuoreisiin, t\u00e4ytel\u00e4isiin ja vaivattomasti t\u00e4ydellisiin.","og_url":"https:\/\/deravio.com\/fi\/tuote\/riippuvat-silkkipetuniat-2-kpl\/","og_site_name":"Deravio FI","article_modified_time":"2026-05-14T11:26:32+00:00","og_image":[{"width":960,"height":960,"url":"https:\/\/deravio.com\/fi\/wp-content\/uploads\/sites\/19\/2026\/05\/kuvvfy5-1.jpg","type":"image\/jpeg"}],"twitter_card":"summary_large_image","twitter_misc":{"Arvioitu lukuaika":"2 minuuttia"},"schema":{"@context":"https:\/\/schema.org","@graph":[{"@type":"WebPage","@id":"https:\/\/deravio.com\/fi\/tuote\/riippuvat-silkkipetuniat-2-kpl\/","url":"https:\/\/deravio.com\/fi\/tuote\/riippuvat-silkkipetuniat-2-kpl\/","name":"Riippuvat silkkipetuniat (2 kpl) - Deravio FI","isPartOf":{"@id":"https:\/\/deravio.com\/fi\/#website"},"primaryImageOfPage":{"@id":"https:\/\/deravio.com\/fi\/tuote\/riippuvat-silkkipetuniat-2-kpl\/#primaryimage"},"image":{"@id":"https:\/\/deravio.com\/fi\/tuote\/riippuvat-silkkipetuniat-2-kpl\/#primaryimage"},"thumbnailUrl":"https:\/\/deravio.com\/fi\/wp-content\/uploads\/sites\/19\/2026\/05\/kuvvfy5-1.jpg","datePublished":"2026-05-14T11:24:15+00:00","dateModified":"2026-05-14T11:26:32+00:00","breadcrumb":{"@id":"https:\/\/deravio.com\/fi\/tuote\/riippuvat-silkkipetuniat-2-kpl\/#breadcrumb"},"inLanguage":"fi","potentialAction":[{"@type":"ReadAction","target":["https:\/\/deravio.com\/fi\/tuote\/riippuvat-silkkipetuniat-2-kpl\/"]}]},{"@type":"ImageObject","inLanguage":"fi","@id":"https:\/\/deravio.com\/fi\/tuote\/riippuvat-silkkipetuniat-2-kpl\/#primaryimage","url":"https:\/\/deravio.com\/fi\/wp-content\/uploads\/sites\/19\/2026\/05\/kuvvfy5-1.jpg","contentUrl":"https:\/\/deravio.com\/fi\/wp-content\/uploads\/sites\/19\/2026\/05\/kuvvfy5-1.jpg","width":960,"height":960},{"@type":"BreadcrumbList","@id":"https:\/\/deravio.com\/fi\/tuote\/riippuvat-silkkipetuniat-2-kpl\/#breadcrumb","itemListElement":[{"@type":"ListItem","position":1,"name":"Home","item":"https:\/\/deravio.com\/fi\/"},{"@type":"ListItem","position":2,"name":"Kauppa","item":"https:\/\/deravio.com\/fi\/kauppa\/"},{"@type":"ListItem","position":3,"name":"Riippuvat silkkipetuniat (2 kpl)"}]},{"@type":"WebSite","@id":"https:\/\/deravio.com\/fi\/#website","url":"https:\/\/deravio.com\/fi\/","name":"Deravio FI","description":"","publisher":{"@id":"https:\/\/deravio.com\/fi\/#organization"},"potentialAction":[{"@type":"SearchAction","target":{"@type":"EntryPoint","urlTemplate":"https:\/\/deravio.com\/fi\/?s={search_term_string}"},"query-input":{"@type":"PropertyValueSpecification","valueRequired":true,"valueName":"search_term_string"}}],"inLanguage":"fi"},{"@type":"Organization","@id":"https:\/\/deravio.com\/fi\/#organization","name":"Mekulo","url":"https:\/\/deravio.com\/fi\/","logo":{"@type":"ImageObject","inLanguage":"fi","@id":"https:\/\/deravio.com\/fi\/#\/schema\/logo\/image\/","url":"https:\/\/deravio.com\/fi\/wp-content\/uploads\/sites\/19\/2025\/12\/favicon_mekulo.png","contentUrl":"https:\/\/deravio.com\/fi\/wp-content\/uploads\/sites\/19\/2025\/12\/favicon_mekulo.png","width":50,"height":50,"caption":"Mekulo"},"image":{"@id":"https:\/\/deravio.com\/fi\/#\/schema\/logo\/image\/"}}]}},"_links":{"self":[{"href":"https:\/\/deravio.com\/fi\/wp-json\/wp\/v2\/product\/22644","targetHints":{"allow":["GET"]}}],"collection":[{"href":"https:\/\/deravio.com\/fi\/wp-json\/wp\/v2\/product"}],"about":[{"href":"https:\/\/deravio.com\/fi\/wp-json\/wp\/v2\/types\/product"}],"replies":[{"embeddable":true,"href":"https:\/\/deravio.com\/fi\/wp-json\/wp\/v2\/comments?post=22644"}],"wp:featuredmedia":[{"embeddable":true,"href":"https:\/\/deravio.com\/fi\/wp-json\/wp\/v2\/media\/22640"}],"wp:attachment":[{"href":"https:\/\/deravio.com\/fi\/wp-json\/wp\/v2\/media?parent=22644"}],"wp:term":[{"taxonomy":"product_brand","embeddable":true,"href":"https:\/\/deravio.com\/fi\/wp-json\/wp\/v2\/product_brand?post=22644"},{"taxonomy":"product_cat","embeddable":true,"href":"https:\/\/deravio.com\/fi\/wp-json\/wp\/v2\/product_cat?post=22644"},{"taxonomy":"product_tag","embeddable":true,"href":"https:\/\/deravio.com\/fi\/wp-json\/wp\/v2\/product_tag?post=22644"}],"curies":[{"name":"wp","href":"https:\/\/api.w.org\/{rel}","templated":true}]}}