{"id":22611,"date":"2026-05-14T14:20:26","date_gmt":"2026-05-14T11:20:26","guid":{"rendered":"https:\/\/deravio.com\/fi\/tuote\/insuliinin-matkakylmalaukku\/"},"modified":"2026-05-14T14:24:32","modified_gmt":"2026-05-14T11:24:32","slug":"insuliinin-matkakylmalaukku","status":"publish","type":"product","link":"https:\/\/deravio.com\/fi\/tuote\/insuliinin-matkakylmalaukku\/","title":{"rendered":"Insuliinin matkakylm\u00e4laukku"},"content":{"rendered":"<h2 style=\"text-align: center;\" data-section-id=\"5d61m3\" data-start=\"2167\" data-end=\"2185\">\u2728 Lupaus<\/h2>\n<p style=\"text-align: center;\" data-start=\"2187\" data-end=\"2261\">Luotettava j\u00e4\u00e4hdytys.<br data-start=\"2204\" data-end=\"2207\" \/>Jatkuva tietoisuus.<br data-start=\"2226\" data-end=\"2229\" \/>Mielenrauha miss\u00e4 ikin\u00e4 oletkin.<\/p>\n<p data-start=\"2187\" data-end=\"2261\"><img fetchpriority=\"high\" decoding=\"async\" class=\" wp-image-28481 aligncenter\" src=\"https:\/\/mekulo.com\/template\/wp-content\/uploads\/sites\/6\/2026\/03\/1221-ezgif.com-video-to-webp-converter-10.webp\" alt=\"\" width=\"550\" height=\"550\" \/><\/p>\n<h2 style=\"text-align: center;\" data-section-id=\"u4ub2a\" data-start=\"427\" data-end=\"447\">\u2728 T\u00e4rkeimm\u00e4t edut<\/h2>\n<p data-start=\"451\" data-end=\"564\">\ud83c\udf21\ufe0f Reaaliaikainen l\u00e4mp\u00f6tilan s\u00e4\u00e4t\u00f6 &#8211; Sis\u00e4\u00e4nrakennetun n\u00e4yt\u00f6n avulla voit seurata olosuhteita yhdell\u00e4 silm\u00e4yksell\u00e4 &#8211; ei arvailua.<\/p>\n<p data-start=\"568\" data-end=\"670\">\u2744\ufe0f Pit\u00e4\u00e4 insuliinin turvallisesti j\u00e4\u00e4hdytettyn\u00e4 &#8211; Pit\u00e4\u00e4 optimaalisen l\u00e4mp\u00f6tilan tuntikausia, jopa pitkin\u00e4 p\u00e4ivin\u00e4 ulkona.<\/p>\n<p data-start=\"674\" data-end=\"787\">\ud83d\udee1\ufe0f Luotettava suoja liikkeell\u00e4 &#8211; Kest\u00e4v\u00e4, eristetty rakenne suojaa l\u00e4\u00e4kkeesi kuumuudelta ja vaurioilta.<\/p>\n<p data-start=\"791\" data-end=\"882\">\ud83c\udf92 Kompakti &amp; matkustusyst\u00e4v\u00e4llinen &#8211; Sopii helposti laukkuun lis\u00e4\u00e4m\u00e4tt\u00e4 tilaa tai painoa.<\/p>\n<p data-start=\"886\" data-end=\"988\">\u2708\ufe0f Suunniteltu tosiel\u00e4m\u00e4\u00e4n &#8211; Ihanteellinen lennoille, automatkoille, p\u00e4ivitt\u00e4iseen k\u00e4ytt\u00f6\u00f6n ja kaikkeen silt\u00e4 v\u00e4lilt\u00e4.<\/p>\n<h2 style=\"text-align: center;\" data-section-id=\"5yj8z6\" data-start=\"995\" data-end=\"1021\">\ud83e\udde9 Ongelma \u2192 Ratkaisu<\/h2>\n<p data-start=\"1023\" data-end=\"1171\"><strong data-start=\"1023\" data-end=\"1035\">Ongelma:<\/strong><br data-start=\"1035\" data-end=\"1038\" \/>Matkustaminen insuliinin kanssa on stressaavaa. L\u00e4mp\u00f6tilan vaihtelut, valvonnan puute ja ep\u00e4luotettava s\u00e4ilytys voivat vaarantaa l\u00e4\u00e4kkeesi.<\/p>\n<p data-start=\"1173\" data-end=\"1321\"><strong data-start=\"1173\" data-end=\"1186\">Ratkaisu:<\/strong><br data-start=\"1186\" data-end=\"1189\" \/>T\u00e4m\u00e4 insuliinin matkakylm\u00e4laukku pit\u00e4\u00e4 l\u00e4\u00e4kkeesi vakaana, n\u00e4kyvill\u00e4 ja suojattuna &#8211; jotta voit keskitty\u00e4 p\u00e4iv\u00e4si, et huoliisi.<\/p>\n<p data-start=\"1173\" data-end=\"1321\"><img decoding=\"async\" class=\"size-full wp-image-28478 aligncenter\" src=\"https:\/\/mekulo.com\/template\/wp-content\/uploads\/sites\/6\/2026\/03\/90f032426a31766cf93adac8839365a42e55c8d1-800.jpg\" alt=\"\" width=\"800\" height=\"1066\" \/><\/p>\n<h2 style=\"text-align: center;\" data-section-id=\"baj5e8\" data-start=\"1328\" data-end=\"1356\">\ud83c\udf0d K\u00e4ytt\u00f6tapaus \/ El\u00e4m\u00e4ntapa<\/h2>\n<p>P\u00e4ivitt\u00e4iset rutiinit ja ty\u00f6matkat<\/p>\n<p>Matkustaminen lentokoneella, autolla tai py\u00f6r\u00e4ll\u00e4<\/p>\n<p>Ulkoilu ja pitk\u00e4t retket<\/p>\n<p>Kaikille, jotka tarvitsevat luotettavan insuliinin s\u00e4ilytysratkaisun<\/p>\n<p>Koska l\u00e4\u00e4kkeesi ei saisi rajoittaa p\u00e4ivitt\u00e4ist\u00e4 el\u00e4m\u00e4\u00e4si.<\/p>\n<h2 style=\"text-align: center;\" data-section-id=\"1r8t0f\" data-start=\"1610\" data-end=\"1629\">\ud83d\udee0\ufe0f K\u00e4ytt\u00f6ohjeet<\/h2>\n<ol>\n<li>J\u00e4\u00e4hdyt\u00e4 mukana toimitetut kylm\u00e4pakkaukset (8\u201312 tuntia).<\/li>\n<li>Laita insuliini koteloon.<\/li>\n<li>Aseta kylm\u00e4pakkaukset paikoilleen.<\/li>\n<li>Voit tarkistaa l\u00e4mp\u00f6tilan\u00e4yt\u00f6n milloin tahansa.<\/li>\n<\/ol>\n<h2 style=\"text-align: center;\">\ud83d\udce6 Tuotetiedot<\/h2>\n<ul data-start=\"1848\" data-end=\"2069\">\n<li data-section-id=\"9eu0iu\" data-start=\"1848\" data-end=\"1900\">Materiaali: EVA + PU-ulkopinta, alumiinifoliopinta sis\u00e4puolella<\/li>\n<li data-section-id=\"9eu0iu\" data-start=\"1848\" data-end=\"1900\">Koko: 21,5 x 9 x 5,8 cm<\/li>\n<li data-section-id=\"9eu0iu\" data-start=\"1848\" data-end=\"1900\">N\u00e4ytt\u00f6: Reaaliaikainen l\u00e4mp\u00f6tilan\u00e4ytt\u00f6<\/li>\n<li data-section-id=\"9eu0iu\" data-start=\"1848\" data-end=\"1900\">J\u00e4\u00e4hdytys: Sopii j\u00e4\u00e4pakkauksille (6\u20138 tuntia j\u00e4\u00e4hdytyst\u00e4)<\/li>\n<li data-section-id=\"9eu0iu\" data-start=\"1848\" data-end=\"1900\">Rakenne: Vedenkest\u00e4v\u00e4, eristetty, suojaava<\/li>\n<\/ul>\n<h2 style=\"text-align: center;\" data-section-id=\"13s7cfc\" data-start=\"2076\" data-end=\"2100\">\ud83d\udce5 Paketti sis\u00e4lt\u00e4\u00e4<\/h2>\n<ul data-start=\"2102\" data-end=\"2160\">\n<li data-section-id=\"1xrqsfk\" data-start=\"2102\" data-end=\"2136\">1 kpl insuliinin matkakylm\u00e4laukku\n<p>2 kpl kylm\u00e4pakkausta.<\/li>\n<\/ul>\n","protected":false},"excerpt":{"rendered":"<p>\ud83c\udf21\ufe0fL\u00e4\u00e4kkeesi. Turvassa, viile\u00e4ss\u00e4 ja aina suojassa.<br \/>\n\u2744\ufe0fMatkusta huoletta, sill\u00e4 insuliinisi pysyy oikeassa l\u00e4mp\u00f6tilassa \u2013 minne ikin\u00e4 el\u00e4m\u00e4 sinut viekin.<br \/>\n\ud83d\udc69\u200d\u2695\ufe0fMielenrauhaa joka hetki \u2013 koska terveytesi ansaitsee luotettavan suojan.<\/p>\n","protected":false},"featured_media":22607,"comment_status":"open","ping_status":"closed","template":"","meta":{"site-sidebar-layout":"default","site-content-layout":"","ast-site-content-layout":"default","site-content-style":"default","site-sidebar-style":"default","ast-global-header-display":"","ast-banner-title-visibility":"","ast-main-header-display":"","ast-hfb-above-header-display":"","ast-hfb-below-header-display":"","ast-hfb-mobile-header-display":"","site-post-title":"","ast-breadcrumbs-content":"","ast-featured-img":"","footer-sml-layout":"","ast-disable-related-posts":"","theme-transparent-header-meta":"default","adv-header-id-meta":"","stick-header-meta":"","header-above-stick-meta":"","header-main-stick-meta":"","header-below-stick-meta":"","astra-migrate-meta-layouts":"set","ast-page-background-enabled":"default","ast-page-background-meta":{"desktop":{"background-color":"var(--ast-global-color-5)","background-image":"","background-repeat":"repeat","background-position":"center center","background-size":"auto","background-attachment":"scroll","background-type":"","background-media":"","overlay-type":"","overlay-color":"","overlay-opacity":"","overlay-gradient":""},"tablet":{"background-color":"","background-image":"","background-repeat":"repeat","background-position":"center center","background-size":"auto","background-attachment":"scroll","background-type":"","background-media":"","overlay-type":"","overlay-color":"","overlay-opacity":"","overlay-gradient":""},"mobile":{"background-color":"","background-image":"","background-repeat":"repeat","background-position":"center center","background-size":"auto","background-attachment":"scroll","background-type":"","background-media":"","overlay-type":"","overlay-color":"","overlay-opacity":"","overlay-gradient":""}},"ast-content-background-meta":{"desktop":{"background-color":"var(--ast-global-color-4)","background-image":"","background-repeat":"repeat","background-position":"center center","background-size":"auto","background-attachment":"scroll","background-type":"","background-media":"","overlay-type":"","overlay-color":"","overlay-opacity":"","overlay-gradient":""},"tablet":{"background-color":"var(--ast-global-color-4)","background-image":"","background-repeat":"repeat","background-position":"center center","background-size":"auto","background-attachment":"scroll","background-type":"","background-media":"","overlay-type":"","overlay-color":"","overlay-opacity":"","overlay-gradient":""},"mobile":{"background-color":"var(--ast-global-color-4)","background-image":"","background-repeat":"repeat","background-position":"center center","background-size":"auto","background-attachment":"scroll","background-type":"","background-media":"","overlay-type":"","overlay-color":"","overlay-opacity":"","overlay-gradient":""}}},"product_brand":[],"product_cat":[166],"product_tag":[],"class_list":{"0":"post-22611","1":"product","2":"type-product","3":"status-publish","4":"has-post-thumbnail","6":"product_cat-terveydenhoitotarvikkeet","7":"pa_67579_axfip6yt-musta","8":"pa_67579_axfip6yt-sininen","9":"pa_67579_axfip6yt-vihrea","10":"desktop-align-left","11":"tablet-align-left","12":"mobile-align-left","14":"first","15":"instock","16":"shipping-taxable","17":"purchasable","18":"product-type-variable"},"yoast_head":"<!-- This site is optimized with the Yoast SEO plugin v27.4 - https:\/\/yoast.com\/product\/yoast-seo-wordpress\/ -->\n<title>Insuliinin matkakylm\u00e4laukku - Deravio FI<\/title>\n<meta name=\"robots\" content=\"index, follow, max-snippet:-1, max-image-preview:large, max-video-preview:-1\" \/>\n<link rel=\"canonical\" href=\"https:\/\/deravio.com\/fi\/tuote\/insuliinin-matkakylmalaukku\/\" \/>\n<meta property=\"og:locale\" content=\"fi_FI\" \/>\n<meta property=\"og:type\" content=\"article\" \/>\n<meta property=\"og:title\" content=\"Insuliinin matkakylm\u00e4laukku - Deravio FI\" \/>\n<meta property=\"og:description\" content=\"\ud83c\udf21\ufe0fL\u00e4\u00e4kkeesi. Turvassa, viile\u00e4ss\u00e4 ja aina suojassa. \u2744\ufe0fMatkusta huoletta, sill\u00e4 insuliinisi pysyy oikeassa l\u00e4mp\u00f6tilassa \u2013 minne ikin\u00e4 el\u00e4m\u00e4 sinut viekin. \ud83d\udc69\u200d\u2695\ufe0fMielenrauhaa joka hetki \u2013 koska terveytesi ansaitsee luotettavan suojan.\" \/>\n<meta property=\"og:url\" content=\"https:\/\/deravio.com\/fi\/tuote\/insuliinin-matkakylmalaukku\/\" \/>\n<meta property=\"og:site_name\" content=\"Deravio FI\" \/>\n<meta property=\"article:modified_time\" content=\"2026-05-14T11:24:32+00:00\" \/>\n<meta property=\"og:image\" content=\"https:\/\/deravio.com\/fi\/wp-content\/uploads\/sites\/19\/2026\/05\/hredi6z-1.jpg\" \/>\n\t<meta property=\"og:image:width\" content=\"1436\" \/>\n\t<meta property=\"og:image:height\" content=\"1462\" \/>\n\t<meta property=\"og:image:type\" content=\"image\/jpeg\" \/>\n<meta name=\"twitter:card\" content=\"summary_large_image\" \/>\n<meta name=\"twitter:label1\" content=\"Arvioitu lukuaika\" \/>\n\t<meta name=\"twitter:data1\" content=\"2 minuuttia\" \/>\n<script type=\"application\/ld+json\" class=\"yoast-schema-graph\">{\"@context\":\"https:\\\/\\\/schema.org\",\"@graph\":[{\"@type\":\"WebPage\",\"@id\":\"https:\\\/\\\/deravio.com\\\/fi\\\/tuote\\\/insuliinin-matkakylmalaukku\\\/\",\"url\":\"https:\\\/\\\/deravio.com\\\/fi\\\/tuote\\\/insuliinin-matkakylmalaukku\\\/\",\"name\":\"Insuliinin matkakylm\u00e4laukku - Deravio FI\",\"isPartOf\":{\"@id\":\"https:\\\/\\\/deravio.com\\\/fi\\\/#website\"},\"primaryImageOfPage\":{\"@id\":\"https:\\\/\\\/deravio.com\\\/fi\\\/tuote\\\/insuliinin-matkakylmalaukku\\\/#primaryimage\"},\"image\":{\"@id\":\"https:\\\/\\\/deravio.com\\\/fi\\\/tuote\\\/insuliinin-matkakylmalaukku\\\/#primaryimage\"},\"thumbnailUrl\":\"https:\\\/\\\/deravio.com\\\/fi\\\/wp-content\\\/uploads\\\/sites\\\/19\\\/2026\\\/05\\\/hredi6z-1.jpg\",\"datePublished\":\"2026-05-14T11:20:26+00:00\",\"dateModified\":\"2026-05-14T11:24:32+00:00\",\"breadcrumb\":{\"@id\":\"https:\\\/\\\/deravio.com\\\/fi\\\/tuote\\\/insuliinin-matkakylmalaukku\\\/#breadcrumb\"},\"inLanguage\":\"fi\",\"potentialAction\":[{\"@type\":\"ReadAction\",\"target\":[\"https:\\\/\\\/deravio.com\\\/fi\\\/tuote\\\/insuliinin-matkakylmalaukku\\\/\"]}]},{\"@type\":\"ImageObject\",\"inLanguage\":\"fi\",\"@id\":\"https:\\\/\\\/deravio.com\\\/fi\\\/tuote\\\/insuliinin-matkakylmalaukku\\\/#primaryimage\",\"url\":\"https:\\\/\\\/deravio.com\\\/fi\\\/wp-content\\\/uploads\\\/sites\\\/19\\\/2026\\\/05\\\/hredi6z-1.jpg\",\"contentUrl\":\"https:\\\/\\\/deravio.com\\\/fi\\\/wp-content\\\/uploads\\\/sites\\\/19\\\/2026\\\/05\\\/hredi6z-1.jpg\",\"width\":1436,\"height\":1462},{\"@type\":\"BreadcrumbList\",\"@id\":\"https:\\\/\\\/deravio.com\\\/fi\\\/tuote\\\/insuliinin-matkakylmalaukku\\\/#breadcrumb\",\"itemListElement\":[{\"@type\":\"ListItem\",\"position\":1,\"name\":\"Home\",\"item\":\"https:\\\/\\\/deravio.com\\\/fi\\\/\"},{\"@type\":\"ListItem\",\"position\":2,\"name\":\"Kauppa\",\"item\":\"https:\\\/\\\/deravio.com\\\/fi\\\/kauppa\\\/\"},{\"@type\":\"ListItem\",\"position\":3,\"name\":\"Insuliinin matkakylm\u00e4laukku\"}]},{\"@type\":\"WebSite\",\"@id\":\"https:\\\/\\\/deravio.com\\\/fi\\\/#website\",\"url\":\"https:\\\/\\\/deravio.com\\\/fi\\\/\",\"name\":\"Deravio FI\",\"description\":\"\",\"publisher\":{\"@id\":\"https:\\\/\\\/deravio.com\\\/fi\\\/#organization\"},\"potentialAction\":[{\"@type\":\"SearchAction\",\"target\":{\"@type\":\"EntryPoint\",\"urlTemplate\":\"https:\\\/\\\/deravio.com\\\/fi\\\/?s={search_term_string}\"},\"query-input\":{\"@type\":\"PropertyValueSpecification\",\"valueRequired\":true,\"valueName\":\"search_term_string\"}}],\"inLanguage\":\"fi\"},{\"@type\":\"Organization\",\"@id\":\"https:\\\/\\\/deravio.com\\\/fi\\\/#organization\",\"name\":\"Mekulo\",\"url\":\"https:\\\/\\\/deravio.com\\\/fi\\\/\",\"logo\":{\"@type\":\"ImageObject\",\"inLanguage\":\"fi\",\"@id\":\"https:\\\/\\\/deravio.com\\\/fi\\\/#\\\/schema\\\/logo\\\/image\\\/\",\"url\":\"https:\\\/\\\/deravio.com\\\/fi\\\/wp-content\\\/uploads\\\/sites\\\/19\\\/2025\\\/12\\\/favicon_mekulo.png\",\"contentUrl\":\"https:\\\/\\\/deravio.com\\\/fi\\\/wp-content\\\/uploads\\\/sites\\\/19\\\/2025\\\/12\\\/favicon_mekulo.png\",\"width\":50,\"height\":50,\"caption\":\"Mekulo\"},\"image\":{\"@id\":\"https:\\\/\\\/deravio.com\\\/fi\\\/#\\\/schema\\\/logo\\\/image\\\/\"}}]}<\/script>\n<!-- \/ Yoast SEO plugin. -->","yoast_head_json":{"title":"Insuliinin matkakylm\u00e4laukku - Deravio FI","robots":{"index":"index","follow":"follow","max-snippet":"max-snippet:-1","max-image-preview":"max-image-preview:large","max-video-preview":"max-video-preview:-1"},"canonical":"https:\/\/deravio.com\/fi\/tuote\/insuliinin-matkakylmalaukku\/","og_locale":"fi_FI","og_type":"article","og_title":"Insuliinin matkakylm\u00e4laukku - Deravio FI","og_description":"\ud83c\udf21\ufe0fL\u00e4\u00e4kkeesi. Turvassa, viile\u00e4ss\u00e4 ja aina suojassa. \u2744\ufe0fMatkusta huoletta, sill\u00e4 insuliinisi pysyy oikeassa l\u00e4mp\u00f6tilassa \u2013 minne ikin\u00e4 el\u00e4m\u00e4 sinut viekin. \ud83d\udc69\u200d\u2695\ufe0fMielenrauhaa joka hetki \u2013 koska terveytesi ansaitsee luotettavan suojan.","og_url":"https:\/\/deravio.com\/fi\/tuote\/insuliinin-matkakylmalaukku\/","og_site_name":"Deravio FI","article_modified_time":"2026-05-14T11:24:32+00:00","og_image":[{"width":1436,"height":1462,"url":"https:\/\/deravio.com\/fi\/wp-content\/uploads\/sites\/19\/2026\/05\/hredi6z-1.jpg","type":"image\/jpeg"}],"twitter_card":"summary_large_image","twitter_misc":{"Arvioitu lukuaika":"2 minuuttia"},"schema":{"@context":"https:\/\/schema.org","@graph":[{"@type":"WebPage","@id":"https:\/\/deravio.com\/fi\/tuote\/insuliinin-matkakylmalaukku\/","url":"https:\/\/deravio.com\/fi\/tuote\/insuliinin-matkakylmalaukku\/","name":"Insuliinin matkakylm\u00e4laukku - Deravio FI","isPartOf":{"@id":"https:\/\/deravio.com\/fi\/#website"},"primaryImageOfPage":{"@id":"https:\/\/deravio.com\/fi\/tuote\/insuliinin-matkakylmalaukku\/#primaryimage"},"image":{"@id":"https:\/\/deravio.com\/fi\/tuote\/insuliinin-matkakylmalaukku\/#primaryimage"},"thumbnailUrl":"https:\/\/deravio.com\/fi\/wp-content\/uploads\/sites\/19\/2026\/05\/hredi6z-1.jpg","datePublished":"2026-05-14T11:20:26+00:00","dateModified":"2026-05-14T11:24:32+00:00","breadcrumb":{"@id":"https:\/\/deravio.com\/fi\/tuote\/insuliinin-matkakylmalaukku\/#breadcrumb"},"inLanguage":"fi","potentialAction":[{"@type":"ReadAction","target":["https:\/\/deravio.com\/fi\/tuote\/insuliinin-matkakylmalaukku\/"]}]},{"@type":"ImageObject","inLanguage":"fi","@id":"https:\/\/deravio.com\/fi\/tuote\/insuliinin-matkakylmalaukku\/#primaryimage","url":"https:\/\/deravio.com\/fi\/wp-content\/uploads\/sites\/19\/2026\/05\/hredi6z-1.jpg","contentUrl":"https:\/\/deravio.com\/fi\/wp-content\/uploads\/sites\/19\/2026\/05\/hredi6z-1.jpg","width":1436,"height":1462},{"@type":"BreadcrumbList","@id":"https:\/\/deravio.com\/fi\/tuote\/insuliinin-matkakylmalaukku\/#breadcrumb","itemListElement":[{"@type":"ListItem","position":1,"name":"Home","item":"https:\/\/deravio.com\/fi\/"},{"@type":"ListItem","position":2,"name":"Kauppa","item":"https:\/\/deravio.com\/fi\/kauppa\/"},{"@type":"ListItem","position":3,"name":"Insuliinin matkakylm\u00e4laukku"}]},{"@type":"WebSite","@id":"https:\/\/deravio.com\/fi\/#website","url":"https:\/\/deravio.com\/fi\/","name":"Deravio FI","description":"","publisher":{"@id":"https:\/\/deravio.com\/fi\/#organization"},"potentialAction":[{"@type":"SearchAction","target":{"@type":"EntryPoint","urlTemplate":"https:\/\/deravio.com\/fi\/?s={search_term_string}"},"query-input":{"@type":"PropertyValueSpecification","valueRequired":true,"valueName":"search_term_string"}}],"inLanguage":"fi"},{"@type":"Organization","@id":"https:\/\/deravio.com\/fi\/#organization","name":"Mekulo","url":"https:\/\/deravio.com\/fi\/","logo":{"@type":"ImageObject","inLanguage":"fi","@id":"https:\/\/deravio.com\/fi\/#\/schema\/logo\/image\/","url":"https:\/\/deravio.com\/fi\/wp-content\/uploads\/sites\/19\/2025\/12\/favicon_mekulo.png","contentUrl":"https:\/\/deravio.com\/fi\/wp-content\/uploads\/sites\/19\/2025\/12\/favicon_mekulo.png","width":50,"height":50,"caption":"Mekulo"},"image":{"@id":"https:\/\/deravio.com\/fi\/#\/schema\/logo\/image\/"}}]}},"_links":{"self":[{"href":"https:\/\/deravio.com\/fi\/wp-json\/wp\/v2\/product\/22611","targetHints":{"allow":["GET"]}}],"collection":[{"href":"https:\/\/deravio.com\/fi\/wp-json\/wp\/v2\/product"}],"about":[{"href":"https:\/\/deravio.com\/fi\/wp-json\/wp\/v2\/types\/product"}],"replies":[{"embeddable":true,"href":"https:\/\/deravio.com\/fi\/wp-json\/wp\/v2\/comments?post=22611"}],"wp:featuredmedia":[{"embeddable":true,"href":"https:\/\/deravio.com\/fi\/wp-json\/wp\/v2\/media\/22607"}],"wp:attachment":[{"href":"https:\/\/deravio.com\/fi\/wp-json\/wp\/v2\/media?parent=22611"}],"wp:term":[{"taxonomy":"product_brand","embeddable":true,"href":"https:\/\/deravio.com\/fi\/wp-json\/wp\/v2\/product_brand?post=22611"},{"taxonomy":"product_cat","embeddable":true,"href":"https:\/\/deravio.com\/fi\/wp-json\/wp\/v2\/product_cat?post=22611"},{"taxonomy":"product_tag","embeddable":true,"href":"https:\/\/deravio.com\/fi\/wp-json\/wp\/v2\/product_tag?post=22611"}],"curies":[{"name":"wp","href":"https:\/\/api.w.org\/{rel}","templated":true}]}}