{"id":22602,"date":"2026-05-14T14:18:53","date_gmt":"2026-05-14T11:18:53","guid":{"rendered":"https:\/\/deravio.com\/fi\/tuote\/kissan-muotoinen-metallinen-kirjanmerkki-5-kpl\/"},"modified":"2026-05-14T14:22:04","modified_gmt":"2026-05-14T11:22:04","slug":"kissan-muotoinen-metallinen-kirjanmerkki-5-kpl","status":"publish","type":"product","link":"https:\/\/deravio.com\/fi\/tuote\/kissan-muotoinen-metallinen-kirjanmerkki-5-kpl\/","title":{"rendered":"Kissan muotoinen metallinen kirjanmerkki (5 kpl)"},"content":{"rendered":"<h2 style=\"text-align: center;\" data-section-id=\"wtab3f\" data-start=\"366\" data-end=\"382\">\u2728 Lupaus<\/h2>\n<p style=\"text-align: center;\" data-start=\"384\" data-end=\"420\">Yksinkertainen. Kaunis. Kest\u00e4v\u00e4.<\/p>\n<p data-start=\"384\" data-end=\"420\"><img fetchpriority=\"high\" decoding=\"async\" class=\"size-full wp-image-28199 aligncenter\" src=\"https:\/\/mekulo.com\/template\/wp-content\/uploads\/sites\/6\/2026\/03\/805e1b7ebc7e1f7599e3f15c5be8453ac6885aa4.avif\" alt=\"\" width=\"794\" height=\"596\" \/><\/p>\n<h2 style=\"text-align: center;\" data-section-id=\"mgv3vt\" data-start=\"427\" data-end=\"446\">\ud83d\udc3e T\u00e4rkeimm\u00e4t Edut<\/h2>\n<p data-start=\"450\" data-end=\"553\">\ud83d\udcd6 \u00c4l\u00e4 en\u00e4\u00e4 koskaan hukkaa paikkaasi &#8211; Pit\u00e4\u00e4 sivusi turvallisesti kiinni liukumatta tai vahingoittamatta kirjaasi.<\/p>\n<p data-start=\"557\" data-end=\"648\">\ud83d\udc31 Suloinen kissan inspiroima muotoilu &#8211; Lis\u00e4\u00e4 persoonallisuutta ja vieh\u00e4tyst\u00e4 lukurutiineihisi.<\/p>\n<p data-start=\"652\" data-end=\"761\">\ud83d\udee1 Kest\u00e4v\u00e4 metallirakenne &#8211; Rakennettu kest\u00e4m\u00e4\u00e4n &#8211; ei taittumista, repeytymist\u00e4 tai kulumista kuten paperiset kirjanmerkit.<\/p>\n<p data-start=\"765\" data-end=\"863\">\ud83c\udf3f Ymp\u00e4rist\u00f6yst\u00e4v\u00e4lliset &amp; turvalliset materiaalit &#8211; Ei haitallisia aineita-parempi sek\u00e4 sinulle ett\u00e4 ymp\u00e4rist\u00f6llesi.<\/p>\n<p data-start=\"867\" data-end=\"954\">\ud83c\udf81 T\u00e4ydellinen lahja kirjojen yst\u00e4ville &#8211; Huolellinen, esteettinen ja k\u00e4yt\u00e4nn\u00f6llinen lahja.<\/p>\n<p data-start=\"958\" data-end=\"1027\">\ud83e\uddf3 Kompakti ja kannettava &#8211; Helppo kuljettaa mukana minne tahansa kirjasi kulkevatkin.<\/p>\n<h2 style=\"text-align: center;\" data-section-id=\"d0iej6\" data-start=\"1034\" data-end=\"1057\">\u2757 Ongelma \u2192 Ratkaisu<\/h2>\n<p data-start=\"1059\" data-end=\"1145\"><strong data-start=\"1059\" data-end=\"1071\">Ongelma:<\/strong><br data-start=\"1071\" data-end=\"1074\" \/>Paperiset kirjanmerkit katoavat, taipuvat tai kuluvat &#8211; ja usein niist\u00e4 puuttuu persoonallisuus.<\/p>\n<p data-start=\"1147\" data-end=\"1264\"><strong data-start=\"1147\" data-end=\"1160\">Ratkaisu:<\/strong><br data-start=\"1160\" data-end=\"1163\" \/>T\u00e4m\u00e4 kissanmuotoinen metallinen kirjanmerkki antaa sinulle luotettavan, kest\u00e4v\u00e4n ja visuaalisesti miellytt\u00e4v\u00e4n tavan merkit\u00e4 paikkasi. Pieni p\u00e4ivitys, joka muuttaa kokemuksen.<\/p>\n<p data-start=\"1147\" data-end=\"1264\"><img decoding=\"async\" class=\"size-full wp-image-28200 aligncenter\" src=\"https:\/\/mekulo.com\/template\/wp-content\/uploads\/sites\/6\/2026\/03\/87bf2d6925d544d6e388710065482b1cbf277f4f.webp\" alt=\"\" width=\"794\" height=\"561\" \/><\/p>\n<h2 style=\"text-align: center;\" data-section-id=\"ahb90m\" data-start=\"1317\" data-end=\"1343\">\ud83d\udcda Sopii T\u00e4ydellisesti<\/h2>\n<ul data-start=\"1359\" data-end=\"1511\">\n<li data-section-id=\"1b7bqa2\" data-start=\"1359\" data-end=\"1395\">\n<p data-start=\"1361\" data-end=\"1395\">P\u00e4iv\u00e4iseen lukemiseen ja opiskeluun<\/p>\n<\/li>\n<li data-section-id=\"1k7b43m\" data-start=\"1396\" data-end=\"1433\">\n<p data-start=\"1398\" data-end=\"1433\">Lehtiin, suunnittelijoihin ja muistikirjoihin<\/p>\n<\/li>\n<li data-section-id=\"tysgni\" data-start=\"1434\" data-end=\"1463\">\n<p data-start=\"1436\" data-end=\"1463\">Toimistoon tai ty\u00f6p\u00f6yd\u00e4n koristeeksi<\/p>\n<\/li>\n<li data-section-id=\"1up86ws\" data-start=\"1464\" data-end=\"1511\">\n<p data-start=\"1466\" data-end=\"1511\">Lahjaksi opiskelijoille, lukijoille ja kissojen yst\u00e4ville<\/p>\n<\/li>\n<\/ul>\n<p data-start=\"1513\" data-end=\"1595\">Olitpa lukemassa t\u00f6iden vuoksi tai rentoutuaksesi &#8211; se sopii luontevasti rutiineihisi.<\/p>\n<h2 style=\"text-align: center;\" data-section-id=\"1k514u3\" data-start=\"1602\" data-end=\"1618\">\u2699\ufe0f K\u00e4ytt\u00f6ohjeet<\/h2>\n<ol data-start=\"1620\" data-end=\"1757\">\n<li data-section-id=\"7fy0e8\" data-start=\"1620\" data-end=\"1666\">\n<p data-start=\"1623\" data-end=\"1666\">Aseta kirjanmerkki haluamallesi sivulle.<\/p>\n<\/li>\n<li data-section-id=\"blrx9u\" data-start=\"1667\" data-end=\"1715\">\n<p data-start=\"1670\" data-end=\"1715\">Liu&#8217;uta se tukevasti sivun reunaan.<\/p>\n<\/li>\n<li data-section-id=\"1cnp5q7\" data-start=\"1716\" data-end=\"1757\">\n<p data-start=\"1719\" data-end=\"1757\">Sulje kirja ja jatka milloin tahansa.<\/p>\n<\/li>\n<\/ol>\n<h2 style=\"text-align: center;\" data-section-id=\"6cujb5\" data-start=\"1803\" data-end=\"1824\">\ud83d\udcd0 Tuotetiedot<\/h2>\n<ul data-start=\"1826\" data-end=\"2025\">\n<li data-section-id=\"ig0tsx\" data-start=\"1826\" data-end=\"1857\">\n<p data-start=\"1828\" data-end=\"1857\">Materiaali: Kest\u00e4v\u00e4 metalli<\/p>\n<\/li>\n<li data-section-id=\"1ebkr73\" data-start=\"1858\" data-end=\"1905\">\n<p data-start=\"1860\" data-end=\"1905\">Muotoilu: Kissan muotoinen, leikkis\u00e4 ja minimalistinen<\/p>\n<\/li>\n<li data-section-id=\"tk9lb9\" data-start=\"1943\" data-end=\"1980\">\n<p data-start=\"1945\" data-end=\"1980\">Koko: Kompakti ja kevyt<\/p>\n<\/li>\n<li data-section-id=\"1q4q0de\" data-start=\"1981\" data-end=\"2025\">\n<p data-start=\"1983\" data-end=\"2025\">K\u00e4ytt\u00f6: Kirjanmerkki, ty\u00f6p\u00f6yd\u00e4n koriste, lahjaesine<\/p>\n<\/li>\n<li data-section-id=\"1q4q0de\" data-start=\"1981\" data-end=\"2025\">Mitat: 17 x 9 cm<\/li>\n<\/ul>\n<h2 style=\"text-align: center;\" data-section-id=\"1qc1r63\" data-start=\"2080\" data-end=\"2102\">\ud83d\udce6 Pakkaus Sis\u00e4lt\u00e4\u00e4<\/h2>\n<ul data-start=\"2104\" data-end=\"2138\">\n<li data-section-id=\"1kyfzus\" data-start=\"2104\" data-end=\"2138\">\n<p data-start=\"2106\" data-end=\"2138\">5x kissanmuotoista metallista kirjanmerkki\u00e4.<\/p>\n<\/li>\n<\/ul>\n","protected":false},"excerpt":{"rendered":"<p>\ud83d\udd16Pieni yksityiskohta, joka saa lukemisen tuntumaan erityiselt\u00e4. Merkitse paikkasi vieh\u00e4tyksell\u00e4, ei pelk\u00e4ll\u00e4 toiminnalla.<br \/>\n\ud83d\udcd6K\u00e4\u00e4nn\u00e4 jokainen lukuhetki hieman henkil\u00f6kohtaisemmaksi.<br \/>\n\ud83d\udc08N\u00e4m\u00e4 kissanmuotoiset metalliset kirjanmerkit yhdist\u00e4v\u00e4t tyylikkyyden, kest\u00e4vyyden ja leikkis\u00e4n muotoilun, jotta kirjoillasi on aina seuralainen.<\/p>\n","protected":false},"featured_media":22598,"comment_status":"open","ping_status":"closed","template":"","meta":{"site-sidebar-layout":"default","site-content-layout":"","ast-site-content-layout":"default","site-content-style":"default","site-sidebar-style":"default","ast-global-header-display":"","ast-banner-title-visibility":"","ast-main-header-display":"","ast-hfb-above-header-display":"","ast-hfb-below-header-display":"","ast-hfb-mobile-header-display":"","site-post-title":"","ast-breadcrumbs-content":"","ast-featured-img":"","footer-sml-layout":"","ast-disable-related-posts":"","theme-transparent-header-meta":"default","adv-header-id-meta":"","stick-header-meta":"","header-above-stick-meta":"","header-main-stick-meta":"","header-below-stick-meta":"","astra-migrate-meta-layouts":"set","ast-page-background-enabled":"default","ast-page-background-meta":{"desktop":{"background-color":"var(--ast-global-color-5)","background-image":"","background-repeat":"repeat","background-position":"center center","background-size":"auto","background-attachment":"scroll","background-type":"","background-media":"","overlay-type":"","overlay-color":"","overlay-opacity":"","overlay-gradient":""},"tablet":{"background-color":"","background-image":"","background-repeat":"repeat","background-position":"center center","background-size":"auto","background-attachment":"scroll","background-type":"","background-media":"","overlay-type":"","overlay-color":"","overlay-opacity":"","overlay-gradient":""},"mobile":{"background-color":"","background-image":"","background-repeat":"repeat","background-position":"center center","background-size":"auto","background-attachment":"scroll","background-type":"","background-media":"","overlay-type":"","overlay-color":"","overlay-opacity":"","overlay-gradient":""}},"ast-content-background-meta":{"desktop":{"background-color":"var(--ast-global-color-4)","background-image":"","background-repeat":"repeat","background-position":"center center","background-size":"auto","background-attachment":"scroll","background-type":"","background-media":"","overlay-type":"","overlay-color":"","overlay-opacity":"","overlay-gradient":""},"tablet":{"background-color":"var(--ast-global-color-4)","background-image":"","background-repeat":"repeat","background-position":"center center","background-size":"auto","background-attachment":"scroll","background-type":"","background-media":"","overlay-type":"","overlay-color":"","overlay-opacity":"","overlay-gradient":""},"mobile":{"background-color":"var(--ast-global-color-4)","background-image":"","background-repeat":"repeat","background-position":"center center","background-size":"auto","background-attachment":"scroll","background-type":"","background-media":"","overlay-type":"","overlay-color":"","overlay-opacity":"","overlay-gradient":""}}},"product_brand":[],"product_cat":[168],"product_tag":[],"class_list":{"0":"post-22602","1":"product","2":"type-product","3":"status-publish","4":"has-post-thumbnail","6":"product_cat-taloustavarat","7":"desktop-align-left","8":"tablet-align-left","9":"mobile-align-left","11":"first","12":"instock","13":"shipping-taxable","14":"purchasable","15":"product-type-simple"},"yoast_head":"<!-- This site is optimized with the Yoast SEO plugin v27.4 - https:\/\/yoast.com\/product\/yoast-seo-wordpress\/ -->\n<title>Kissan muotoinen metallinen kirjanmerkki (5 kpl) - Deravio FI<\/title>\n<meta name=\"robots\" content=\"index, follow, max-snippet:-1, max-image-preview:large, max-video-preview:-1\" \/>\n<link rel=\"canonical\" href=\"https:\/\/deravio.com\/fi\/tuote\/kissan-muotoinen-metallinen-kirjanmerkki-5-kpl\/\" \/>\n<meta property=\"og:locale\" content=\"fi_FI\" \/>\n<meta property=\"og:type\" content=\"article\" \/>\n<meta property=\"og:title\" content=\"Kissan muotoinen metallinen kirjanmerkki (5 kpl) - Deravio FI\" \/>\n<meta property=\"og:description\" content=\"\ud83d\udd16Pieni yksityiskohta, joka saa lukemisen tuntumaan erityiselt\u00e4. Merkitse paikkasi vieh\u00e4tyksell\u00e4, ei pelk\u00e4ll\u00e4 toiminnalla. \ud83d\udcd6K\u00e4\u00e4nn\u00e4 jokainen lukuhetki hieman henkil\u00f6kohtaisemmaksi. \ud83d\udc08N\u00e4m\u00e4 kissanmuotoiset metalliset kirjanmerkit yhdist\u00e4v\u00e4t tyylikkyyden, kest\u00e4vyyden ja leikkis\u00e4n muotoilun, jotta kirjoillasi on aina seuralainen.\" \/>\n<meta property=\"og:url\" content=\"https:\/\/deravio.com\/fi\/tuote\/kissan-muotoinen-metallinen-kirjanmerkki-5-kpl\/\" \/>\n<meta property=\"og:site_name\" content=\"Deravio FI\" \/>\n<meta property=\"article:modified_time\" content=\"2026-05-14T11:22:04+00:00\" \/>\n<meta property=\"og:image\" content=\"https:\/\/deravio.com\/fi\/wp-content\/uploads\/sites\/19\/2026\/05\/o6p7y12-1.jpg\" \/>\n\t<meta property=\"og:image:width\" content=\"700\" \/>\n\t<meta property=\"og:image:height\" content=\"700\" \/>\n\t<meta property=\"og:image:type\" content=\"image\/jpeg\" \/>\n<meta name=\"twitter:card\" content=\"summary_large_image\" \/>\n<meta name=\"twitter:label1\" content=\"Arvioitu lukuaika\" \/>\n\t<meta name=\"twitter:data1\" content=\"2 minuuttia\" \/>\n<script type=\"application\/ld+json\" class=\"yoast-schema-graph\">{\"@context\":\"https:\\\/\\\/schema.org\",\"@graph\":[{\"@type\":\"WebPage\",\"@id\":\"https:\\\/\\\/deravio.com\\\/fi\\\/tuote\\\/kissan-muotoinen-metallinen-kirjanmerkki-5-kpl\\\/\",\"url\":\"https:\\\/\\\/deravio.com\\\/fi\\\/tuote\\\/kissan-muotoinen-metallinen-kirjanmerkki-5-kpl\\\/\",\"name\":\"Kissan muotoinen metallinen kirjanmerkki (5 kpl) - Deravio FI\",\"isPartOf\":{\"@id\":\"https:\\\/\\\/deravio.com\\\/fi\\\/#website\"},\"primaryImageOfPage\":{\"@id\":\"https:\\\/\\\/deravio.com\\\/fi\\\/tuote\\\/kissan-muotoinen-metallinen-kirjanmerkki-5-kpl\\\/#primaryimage\"},\"image\":{\"@id\":\"https:\\\/\\\/deravio.com\\\/fi\\\/tuote\\\/kissan-muotoinen-metallinen-kirjanmerkki-5-kpl\\\/#primaryimage\"},\"thumbnailUrl\":\"https:\\\/\\\/deravio.com\\\/fi\\\/wp-content\\\/uploads\\\/sites\\\/19\\\/2026\\\/05\\\/o6p7y12-1.jpg\",\"datePublished\":\"2026-05-14T11:18:53+00:00\",\"dateModified\":\"2026-05-14T11:22:04+00:00\",\"breadcrumb\":{\"@id\":\"https:\\\/\\\/deravio.com\\\/fi\\\/tuote\\\/kissan-muotoinen-metallinen-kirjanmerkki-5-kpl\\\/#breadcrumb\"},\"inLanguage\":\"fi\",\"potentialAction\":[{\"@type\":\"ReadAction\",\"target\":[\"https:\\\/\\\/deravio.com\\\/fi\\\/tuote\\\/kissan-muotoinen-metallinen-kirjanmerkki-5-kpl\\\/\"]}]},{\"@type\":\"ImageObject\",\"inLanguage\":\"fi\",\"@id\":\"https:\\\/\\\/deravio.com\\\/fi\\\/tuote\\\/kissan-muotoinen-metallinen-kirjanmerkki-5-kpl\\\/#primaryimage\",\"url\":\"https:\\\/\\\/deravio.com\\\/fi\\\/wp-content\\\/uploads\\\/sites\\\/19\\\/2026\\\/05\\\/o6p7y12-1.jpg\",\"contentUrl\":\"https:\\\/\\\/deravio.com\\\/fi\\\/wp-content\\\/uploads\\\/sites\\\/19\\\/2026\\\/05\\\/o6p7y12-1.jpg\",\"width\":700,\"height\":700},{\"@type\":\"BreadcrumbList\",\"@id\":\"https:\\\/\\\/deravio.com\\\/fi\\\/tuote\\\/kissan-muotoinen-metallinen-kirjanmerkki-5-kpl\\\/#breadcrumb\",\"itemListElement\":[{\"@type\":\"ListItem\",\"position\":1,\"name\":\"Home\",\"item\":\"https:\\\/\\\/deravio.com\\\/fi\\\/\"},{\"@type\":\"ListItem\",\"position\":2,\"name\":\"Kauppa\",\"item\":\"https:\\\/\\\/deravio.com\\\/fi\\\/kauppa\\\/\"},{\"@type\":\"ListItem\",\"position\":3,\"name\":\"Kissan muotoinen metallinen kirjanmerkki (5 kpl)\"}]},{\"@type\":\"WebSite\",\"@id\":\"https:\\\/\\\/deravio.com\\\/fi\\\/#website\",\"url\":\"https:\\\/\\\/deravio.com\\\/fi\\\/\",\"name\":\"Deravio FI\",\"description\":\"\",\"publisher\":{\"@id\":\"https:\\\/\\\/deravio.com\\\/fi\\\/#organization\"},\"potentialAction\":[{\"@type\":\"SearchAction\",\"target\":{\"@type\":\"EntryPoint\",\"urlTemplate\":\"https:\\\/\\\/deravio.com\\\/fi\\\/?s={search_term_string}\"},\"query-input\":{\"@type\":\"PropertyValueSpecification\",\"valueRequired\":true,\"valueName\":\"search_term_string\"}}],\"inLanguage\":\"fi\"},{\"@type\":\"Organization\",\"@id\":\"https:\\\/\\\/deravio.com\\\/fi\\\/#organization\",\"name\":\"Mekulo\",\"url\":\"https:\\\/\\\/deravio.com\\\/fi\\\/\",\"logo\":{\"@type\":\"ImageObject\",\"inLanguage\":\"fi\",\"@id\":\"https:\\\/\\\/deravio.com\\\/fi\\\/#\\\/schema\\\/logo\\\/image\\\/\",\"url\":\"https:\\\/\\\/deravio.com\\\/fi\\\/wp-content\\\/uploads\\\/sites\\\/19\\\/2025\\\/12\\\/favicon_mekulo.png\",\"contentUrl\":\"https:\\\/\\\/deravio.com\\\/fi\\\/wp-content\\\/uploads\\\/sites\\\/19\\\/2025\\\/12\\\/favicon_mekulo.png\",\"width\":50,\"height\":50,\"caption\":\"Mekulo\"},\"image\":{\"@id\":\"https:\\\/\\\/deravio.com\\\/fi\\\/#\\\/schema\\\/logo\\\/image\\\/\"}}]}<\/script>\n<!-- \/ Yoast SEO plugin. -->","yoast_head_json":{"title":"Kissan muotoinen metallinen kirjanmerkki (5 kpl) - Deravio FI","robots":{"index":"index","follow":"follow","max-snippet":"max-snippet:-1","max-image-preview":"max-image-preview:large","max-video-preview":"max-video-preview:-1"},"canonical":"https:\/\/deravio.com\/fi\/tuote\/kissan-muotoinen-metallinen-kirjanmerkki-5-kpl\/","og_locale":"fi_FI","og_type":"article","og_title":"Kissan muotoinen metallinen kirjanmerkki (5 kpl) - Deravio FI","og_description":"\ud83d\udd16Pieni yksityiskohta, joka saa lukemisen tuntumaan erityiselt\u00e4. Merkitse paikkasi vieh\u00e4tyksell\u00e4, ei pelk\u00e4ll\u00e4 toiminnalla. \ud83d\udcd6K\u00e4\u00e4nn\u00e4 jokainen lukuhetki hieman henkil\u00f6kohtaisemmaksi. \ud83d\udc08N\u00e4m\u00e4 kissanmuotoiset metalliset kirjanmerkit yhdist\u00e4v\u00e4t tyylikkyyden, kest\u00e4vyyden ja leikkis\u00e4n muotoilun, jotta kirjoillasi on aina seuralainen.","og_url":"https:\/\/deravio.com\/fi\/tuote\/kissan-muotoinen-metallinen-kirjanmerkki-5-kpl\/","og_site_name":"Deravio FI","article_modified_time":"2026-05-14T11:22:04+00:00","og_image":[{"width":700,"height":700,"url":"https:\/\/deravio.com\/fi\/wp-content\/uploads\/sites\/19\/2026\/05\/o6p7y12-1.jpg","type":"image\/jpeg"}],"twitter_card":"summary_large_image","twitter_misc":{"Arvioitu lukuaika":"2 minuuttia"},"schema":{"@context":"https:\/\/schema.org","@graph":[{"@type":"WebPage","@id":"https:\/\/deravio.com\/fi\/tuote\/kissan-muotoinen-metallinen-kirjanmerkki-5-kpl\/","url":"https:\/\/deravio.com\/fi\/tuote\/kissan-muotoinen-metallinen-kirjanmerkki-5-kpl\/","name":"Kissan muotoinen metallinen kirjanmerkki (5 kpl) - Deravio FI","isPartOf":{"@id":"https:\/\/deravio.com\/fi\/#website"},"primaryImageOfPage":{"@id":"https:\/\/deravio.com\/fi\/tuote\/kissan-muotoinen-metallinen-kirjanmerkki-5-kpl\/#primaryimage"},"image":{"@id":"https:\/\/deravio.com\/fi\/tuote\/kissan-muotoinen-metallinen-kirjanmerkki-5-kpl\/#primaryimage"},"thumbnailUrl":"https:\/\/deravio.com\/fi\/wp-content\/uploads\/sites\/19\/2026\/05\/o6p7y12-1.jpg","datePublished":"2026-05-14T11:18:53+00:00","dateModified":"2026-05-14T11:22:04+00:00","breadcrumb":{"@id":"https:\/\/deravio.com\/fi\/tuote\/kissan-muotoinen-metallinen-kirjanmerkki-5-kpl\/#breadcrumb"},"inLanguage":"fi","potentialAction":[{"@type":"ReadAction","target":["https:\/\/deravio.com\/fi\/tuote\/kissan-muotoinen-metallinen-kirjanmerkki-5-kpl\/"]}]},{"@type":"ImageObject","inLanguage":"fi","@id":"https:\/\/deravio.com\/fi\/tuote\/kissan-muotoinen-metallinen-kirjanmerkki-5-kpl\/#primaryimage","url":"https:\/\/deravio.com\/fi\/wp-content\/uploads\/sites\/19\/2026\/05\/o6p7y12-1.jpg","contentUrl":"https:\/\/deravio.com\/fi\/wp-content\/uploads\/sites\/19\/2026\/05\/o6p7y12-1.jpg","width":700,"height":700},{"@type":"BreadcrumbList","@id":"https:\/\/deravio.com\/fi\/tuote\/kissan-muotoinen-metallinen-kirjanmerkki-5-kpl\/#breadcrumb","itemListElement":[{"@type":"ListItem","position":1,"name":"Home","item":"https:\/\/deravio.com\/fi\/"},{"@type":"ListItem","position":2,"name":"Kauppa","item":"https:\/\/deravio.com\/fi\/kauppa\/"},{"@type":"ListItem","position":3,"name":"Kissan muotoinen metallinen kirjanmerkki (5 kpl)"}]},{"@type":"WebSite","@id":"https:\/\/deravio.com\/fi\/#website","url":"https:\/\/deravio.com\/fi\/","name":"Deravio FI","description":"","publisher":{"@id":"https:\/\/deravio.com\/fi\/#organization"},"potentialAction":[{"@type":"SearchAction","target":{"@type":"EntryPoint","urlTemplate":"https:\/\/deravio.com\/fi\/?s={search_term_string}"},"query-input":{"@type":"PropertyValueSpecification","valueRequired":true,"valueName":"search_term_string"}}],"inLanguage":"fi"},{"@type":"Organization","@id":"https:\/\/deravio.com\/fi\/#organization","name":"Mekulo","url":"https:\/\/deravio.com\/fi\/","logo":{"@type":"ImageObject","inLanguage":"fi","@id":"https:\/\/deravio.com\/fi\/#\/schema\/logo\/image\/","url":"https:\/\/deravio.com\/fi\/wp-content\/uploads\/sites\/19\/2025\/12\/favicon_mekulo.png","contentUrl":"https:\/\/deravio.com\/fi\/wp-content\/uploads\/sites\/19\/2025\/12\/favicon_mekulo.png","width":50,"height":50,"caption":"Mekulo"},"image":{"@id":"https:\/\/deravio.com\/fi\/#\/schema\/logo\/image\/"}}]}},"_links":{"self":[{"href":"https:\/\/deravio.com\/fi\/wp-json\/wp\/v2\/product\/22602","targetHints":{"allow":["GET"]}}],"collection":[{"href":"https:\/\/deravio.com\/fi\/wp-json\/wp\/v2\/product"}],"about":[{"href":"https:\/\/deravio.com\/fi\/wp-json\/wp\/v2\/types\/product"}],"replies":[{"embeddable":true,"href":"https:\/\/deravio.com\/fi\/wp-json\/wp\/v2\/comments?post=22602"}],"wp:featuredmedia":[{"embeddable":true,"href":"https:\/\/deravio.com\/fi\/wp-json\/wp\/v2\/media\/22598"}],"wp:attachment":[{"href":"https:\/\/deravio.com\/fi\/wp-json\/wp\/v2\/media?parent=22602"}],"wp:term":[{"taxonomy":"product_brand","embeddable":true,"href":"https:\/\/deravio.com\/fi\/wp-json\/wp\/v2\/product_brand?post=22602"},{"taxonomy":"product_cat","embeddable":true,"href":"https:\/\/deravio.com\/fi\/wp-json\/wp\/v2\/product_cat?post=22602"},{"taxonomy":"product_tag","embeddable":true,"href":"https:\/\/deravio.com\/fi\/wp-json\/wp\/v2\/product_tag?post=22602"}],"curies":[{"name":"wp","href":"https:\/\/api.w.org\/{rel}","templated":true}]}}