{"id":22576,"date":"2026-05-12T09:29:21","date_gmt":"2026-05-12T06:29:21","guid":{"rendered":"https:\/\/deravio.com\/fi\/tuote\/balance-puu-sammakko-pinoaminen-peli\/"},"modified":"2026-05-12T09:32:16","modified_gmt":"2026-05-12T06:32:16","slug":"balance-puu-sammakko-pinoaminen-peli","status":"publish","type":"product","link":"https:\/\/deravio.com\/fi\/tuote\/balance-puu-sammakko-pinoaminen-peli\/","title":{"rendered":"Balance puu sammakko pinoaminen peli"},"content":{"rendered":"<h2 style=\"text-align: center;\" data-section-id=\"wtab3f\" data-start=\"408\" data-end=\"424\">\u2728 Lupaus<\/h2>\n<p style=\"text-align: center;\" data-start=\"426\" data-end=\"477\">Lis\u00e4\u00e4 naurua.<br data-start=\"440\" data-end=\"443\" \/>Lis\u00e4\u00e4 oppimista.<br data-start=\"457\" data-end=\"460\" \/>Lis\u00e4\u00e4 perheaikaa.<\/p>\n<p data-start=\"426\" data-end=\"477\"><img fetchpriority=\"high\" decoding=\"async\" class=\" wp-image-27228 aligncenter\" src=\"https:\/\/mekulo.com\/template\/wp-content\/uploads\/sites\/6\/2026\/03\/12217-ezgif.com-video-to-webp-converter-2.webp\" alt=\"\" width=\"550\" height=\"550\" \/><\/p>\n<h2 style=\"text-align: center;\" data-section-id=\"1x8y31r\" data-start=\"484\" data-end=\"502\">\u2705 T\u00e4rkeimm\u00e4t Edut<\/h2>\n<p data-start=\"506\" data-end=\"612\">\ud83d\udc38 J\u00e4nnitt\u00e4v\u00e4 tasapainohaaste &#8211; Pinoa sammakoita varovasti kaatamatta puuta ja testaa taitojasi.<\/p>\n<p data-start=\"616\" data-end=\"714\">\ud83d\udc68\u200d\ud83d\udc69\u200d\ud83d\udc67 T\u00e4ydellinen perhepeli &#8211; Kannustaa vanhempien ja lasten vuorovaikutukseen ja yst\u00e4v\u00e4lliseen kilpailuun.<\/p>\n<p data-start=\"718\" data-end=\"824\">\ud83e\udde0 Leikin kautta opettavainen &#8211; Parantaa laskutaitoja, silm\u00e4-k\u00e4si-koordinaatiota ja loogista ajattelua.<\/p>\n<p data-start=\"828\" data-end=\"934\">\ud83c\udfb2 Useita pelivaihtoehtoja &#8211; Nopanheitto ja seikkailupy\u00f6r\u00e4 luovat uusia haasteita joka kierroksella.<\/p>\n<p data-start=\"938\" data-end=\"1037\">\ud83c\udf31 Turvalliset ymp\u00e4rist\u00f6yst\u00e4v\u00e4lliset materiaalit &#8211; Valmistettu kest\u00e4v\u00e4st\u00e4, lapsiturvallisesta ABS-muovista, jossa on sile\u00e4t reunat.<\/p>\n<p data-start=\"1041\" data-end=\"1150\">\ud83c\udf89 Loistava juhla- ja ryhm\u00e4toiminta &#8211; Sopii erinomaisesti perheiden peli-iltoihin, syntym\u00e4p\u00e4iv\u00e4juhliin ja luokkahuoneessa tapahtuvaan leikkiin.<\/p>\n<h2 style=\"text-align: center;\" data-section-id=\"d0iej6\" data-start=\"1157\" data-end=\"1180\">\u2757 Ongelma \u2192 Ratkaisu<\/h2>\n<p data-start=\"1182\" data-end=\"1295\"><strong data-start=\"1182\" data-end=\"1194\">Ongelma:<\/strong><br data-start=\"1194\" data-end=\"1197\" \/>Monet lelut viihdytt\u00e4v\u00e4t lapsia vain lyhyen aikaa eiv\u00e4tk\u00e4 kannusta vuorovaikutukseen tai oppimiseen.<\/p>\n<p data-start=\"1297\" data-end=\"1497\"><strong data-start=\"1297\" data-end=\"1310\">Ratkaisu:<\/strong><br data-start=\"1310\" data-end=\"1313\" \/>T\u00e4ss\u00e4 tasapainopuun sammakon pinoamispeliss\u00e4 yhdistyv\u00e4t hauskanpito, taitojen kehitt\u00e4minen ja sosiaalinen leikki, ja se auttaa lapsia pysym\u00e4\u00e4n sitoutuneina samalla, kun he kehitt\u00e4v\u00e4t koordinaatiota, k\u00e4rsiv\u00e4llisyytt\u00e4 ja ongelmanratkaisukyky\u00e4. Oppimisesta tulee peli, josta kaikki nauttivat.<\/p>\n<p data-start=\"1297\" data-end=\"1497\"><img decoding=\"async\" class=\" wp-image-27229 aligncenter\" src=\"https:\/\/mekulo.com\/template\/wp-content\/uploads\/sites\/6\/2026\/03\/12216-ezgif.com-video-to-webp-converter-3.webp\" alt=\"\" width=\"550\" height=\"550\" \/><\/p>\n<h2 style=\"text-align: center;\" data-section-id=\"10n4q2k\" data-start=\"1546\" data-end=\"1572\">\ud83c\udfe1 Sopii Erinomaisesti<\/h2>\n<ul data-start=\"1588\" data-end=\"1758\">\n<li data-section-id=\"1sol1pb\" data-start=\"1588\" data-end=\"1610\">\n<p data-start=\"1590\" data-end=\"1610\">Perheen peli-iltoihin<\/p>\n<\/li>\n<li data-section-id=\"tu5tof\" data-start=\"1611\" data-end=\"1646\">\n<p data-start=\"1613\" data-end=\"1646\">Vanhempien ja lasten v\u00e4liseen yhteydenpitoon<\/p>\n<\/li>\n<li data-section-id=\"1jvt18x\" data-start=\"1647\" data-end=\"1681\">\n<p data-start=\"1649\" data-end=\"1681\">Syntym\u00e4p\u00e4iv\u00e4juhliin ja leikkitreffeille<\/p>\n<\/li>\n<li data-section-id=\"wqcydb\" data-start=\"1682\" data-end=\"1722\">\n<p data-start=\"1684\" data-end=\"1722\">Luokkahuoneen palkitsemis- ja oppimispeleihin<\/p>\n<\/li>\n<li data-section-id=\"98w2aj\" data-start=\"1723\" data-end=\"1758\">\n<p data-start=\"1725\" data-end=\"1758\">Matka- tai lomaviihdykkeeksi<\/p>\n<\/li>\n<\/ul>\n<p data-start=\"1760\" data-end=\"1809\">Yksinkertainen peli, joka luo unohtumattomia hetki\u00e4.<\/p>\n<h2 style=\"text-align: center;\" data-section-id=\"5t17do\" data-start=\"1816\" data-end=\"1833\">\u2699\ufe0f N\u00e4in Pelaat<\/h2>\n<ol data-start=\"1835\" data-end=\"1990\">\n<li data-section-id=\"a471sh\" data-start=\"1835\" data-end=\"1868\">\n<p data-start=\"1838\" data-end=\"1868\">Aseta tasapainopuun pohja.<\/p>\n<\/li>\n<li data-section-id=\"19rq7ut\" data-start=\"1869\" data-end=\"1905\">\n<p data-start=\"1872\" data-end=\"1905\">Py\u00f6rit\u00e4 py\u00f6r\u00e4\u00e4 tai heit\u00e4 noppaa.<\/p>\n<\/li>\n<li data-section-id=\"23y31d\" data-start=\"1906\" data-end=\"1958\">\n<p data-start=\"1909\" data-end=\"1958\">Aseta sammakot puuhun tuloksen mukaan.<\/p>\n<\/li>\n<li data-section-id=\"1600258\" data-start=\"1959\" data-end=\"1990\">\n<p data-start=\"1962\" data-end=\"1990\">Yrit\u00e4 olla kallistamatta tasapainoa.<\/p>\n<\/li>\n<\/ol>\n<h2 style=\"text-align: center;\" data-section-id=\"6cujb5\" data-start=\"2054\" data-end=\"2075\">\ud83d\udcd0 Tuotteen Yksityiskohdat<\/h2>\n<ul data-start=\"2077\" data-end=\"2287\">\n<li data-section-id=\"4pz796\" data-start=\"2077\" data-end=\"2119\">\n<p data-start=\"2079\" data-end=\"2119\">Materiaali: Ymp\u00e4rist\u00f6yst\u00e4v\u00e4llinen ABS-muovi<\/p>\n<\/li>\n<li data-section-id=\"1ltp3w2\" data-start=\"2120\" data-end=\"2148\">\n<p data-start=\"2122\" data-end=\"2148\">Pelin koko: 13,5 x 13,5 cm<\/p>\n<\/li>\n<li data-section-id=\"15z91nm\" data-start=\"2149\" data-end=\"2198\">\n<p data-start=\"2151\" data-end=\"2198\">Muotoilu: Sammakko-teemainen tasapainopinoamispeli<\/p>\n<\/li>\n<li data-section-id=\"eyijo2\" data-start=\"2199\" data-end=\"2239\">\n<p data-start=\"2201\" data-end=\"2239\">Suositellut pelaajat: 2\u20134 pelaajaa<\/p>\n<\/li>\n<li data-section-id=\"6ba33f\" data-start=\"2240\" data-end=\"2287\">\n<p data-start=\"2242\" data-end=\"2287\">Turvallisuus: Sile\u00e4, lapsiturvallinen rakenne<\/p>\n<\/li>\n<\/ul>\n<h2 style=\"text-align: center;\" data-section-id=\"1qc1r63\" data-start=\"2333\" data-end=\"2355\">\ud83d\udce6 Pakkaus Sis\u00e4lt\u00e4\u00e4<\/h2>\n<ul data-start=\"2357\" data-end=\"2484\">\n<li style=\"list-style-type: none;\">\n<ul data-start=\"2357\" data-end=\"2484\">\n<li data-section-id=\"1bez0rz\" data-start=\"2357\" data-end=\"2377\">48 pelinappulaa<\/li>\n<li data-section-id=\"1bez0rz\" data-start=\"2357\" data-end=\"2377\">1 py\u00f6riv\u00e4 p\u00f6yt\u00e4<\/li>\n<li data-section-id=\"1bez0rz\" data-start=\"2357\" data-end=\"2377\">1 vaakap\u00f6yt\u00e4<\/li>\n<li data-section-id=\"1bez0rz\" data-start=\"2357\" data-end=\"2377\">1 noppa<\/li>\n<li data-section-id=\"1bez0rz\" data-start=\"2357\" data-end=\"2377\">1 s\u00e4ilytyspussi.<\/li>\n<\/ul>\n<\/li>\n<\/ul>\n","protected":false},"excerpt":{"rendered":"<p>\ud83d\udc68\u200d\ud83d\udc69\u200d\ud83d\udc67\u200d\ud83d\udc66Balance, naurua ja perheen hauskanpitoa yhdess\u00e4 peliss\u00e4. Leikkis\u00e4 haaste lapsille ja vanhemmille.<br \/>\n\ud83d\udc38T\u00e4m\u00e4 tasapainopuun sammakoiden pinoamispeli tekee yksinkertaisesta pinoamisesta j\u00e4nnitt\u00e4v\u00e4n haasteen.<br \/>\n\ud83e\udde0V\u00e4rikk\u00e4iden sammakoiden, py\u00f6rivien haasteiden ja noppapohjaisen pelattavuuden avulla se luo naurun hetki\u00e4 ja auttaa lapsia kehitt\u00e4m\u00e4\u00e4n t\u00e4rkeit\u00e4 taitoja.<\/p>\n","protected":false},"featured_media":22572,"comment_status":"open","ping_status":"closed","template":"","meta":{"site-sidebar-layout":"default","site-content-layout":"","ast-site-content-layout":"default","site-content-style":"default","site-sidebar-style":"default","ast-global-header-display":"","ast-banner-title-visibility":"","ast-main-header-display":"","ast-hfb-above-header-display":"","ast-hfb-below-header-display":"","ast-hfb-mobile-header-display":"","site-post-title":"","ast-breadcrumbs-content":"","ast-featured-img":"","footer-sml-layout":"","ast-disable-related-posts":"","theme-transparent-header-meta":"default","adv-header-id-meta":"","stick-header-meta":"","header-above-stick-meta":"","header-main-stick-meta":"","header-below-stick-meta":"","astra-migrate-meta-layouts":"set","ast-page-background-enabled":"default","ast-page-background-meta":{"desktop":{"background-color":"var(--ast-global-color-5)","background-image":"","background-repeat":"repeat","background-position":"center center","background-size":"auto","background-attachment":"scroll","background-type":"","background-media":"","overlay-type":"","overlay-color":"","overlay-opacity":"","overlay-gradient":""},"tablet":{"background-color":"","background-image":"","background-repeat":"repeat","background-position":"center center","background-size":"auto","background-attachment":"scroll","background-type":"","background-media":"","overlay-type":"","overlay-color":"","overlay-opacity":"","overlay-gradient":""},"mobile":{"background-color":"","background-image":"","background-repeat":"repeat","background-position":"center center","background-size":"auto","background-attachment":"scroll","background-type":"","background-media":"","overlay-type":"","overlay-color":"","overlay-opacity":"","overlay-gradient":""}},"ast-content-background-meta":{"desktop":{"background-color":"var(--ast-global-color-4)","background-image":"","background-repeat":"repeat","background-position":"center center","background-size":"auto","background-attachment":"scroll","background-type":"","background-media":"","overlay-type":"","overlay-color":"","overlay-opacity":"","overlay-gradient":""},"tablet":{"background-color":"var(--ast-global-color-4)","background-image":"","background-repeat":"repeat","background-position":"center center","background-size":"auto","background-attachment":"scroll","background-type":"","background-media":"","overlay-type":"","overlay-color":"","overlay-opacity":"","overlay-gradient":""},"mobile":{"background-color":"var(--ast-global-color-4)","background-image":"","background-repeat":"repeat","background-position":"center center","background-size":"auto","background-attachment":"scroll","background-type":"","background-media":"","overlay-type":"","overlay-color":"","overlay-opacity":"","overlay-gradient":""}}},"product_brand":[],"product_cat":[172],"product_tag":[],"class_list":{"0":"post-22576","1":"product","2":"type-product","3":"status-publish","4":"has-post-thumbnail","6":"product_cat-lelut-lasten-ja-vauvatuotteet","7":"pa_66381_r0mn3rce-astronautti","8":"pa_66381_r0mn3rce-panda","9":"pa_66381_r0mn3rce-sammakko","10":"desktop-align-left","11":"tablet-align-left","12":"mobile-align-left","14":"first","15":"instock","16":"shipping-taxable","17":"purchasable","18":"product-type-variable"},"yoast_head":"<!-- This site is optimized with the Yoast SEO plugin v27.4 - https:\/\/yoast.com\/product\/yoast-seo-wordpress\/ -->\n<title>Balance puu sammakko pinoaminen peli - Deravio FI<\/title>\n<meta name=\"robots\" content=\"index, follow, max-snippet:-1, max-image-preview:large, max-video-preview:-1\" \/>\n<link rel=\"canonical\" href=\"https:\/\/deravio.com\/fi\/tuote\/balance-puu-sammakko-pinoaminen-peli\/\" \/>\n<meta property=\"og:locale\" content=\"fi_FI\" \/>\n<meta property=\"og:type\" content=\"article\" \/>\n<meta property=\"og:title\" content=\"Balance puu sammakko pinoaminen peli - Deravio FI\" \/>\n<meta property=\"og:description\" content=\"\ud83d\udc68\u200d\ud83d\udc69\u200d\ud83d\udc67\u200d\ud83d\udc66Balance, naurua ja perheen hauskanpitoa yhdess\u00e4 peliss\u00e4. Leikkis\u00e4 haaste lapsille ja vanhemmille. \ud83d\udc38T\u00e4m\u00e4 tasapainopuun sammakoiden pinoamispeli tekee yksinkertaisesta pinoamisesta j\u00e4nnitt\u00e4v\u00e4n haasteen. \ud83e\udde0V\u00e4rikk\u00e4iden sammakoiden, py\u00f6rivien haasteiden ja noppapohjaisen pelattavuuden avulla se luo naurun hetki\u00e4 ja auttaa lapsia kehitt\u00e4m\u00e4\u00e4n t\u00e4rkeit\u00e4 taitoja.\" \/>\n<meta property=\"og:url\" content=\"https:\/\/deravio.com\/fi\/tuote\/balance-puu-sammakko-pinoaminen-peli\/\" \/>\n<meta property=\"og:site_name\" content=\"Deravio FI\" \/>\n<meta property=\"article:modified_time\" content=\"2026-05-12T06:32:16+00:00\" \/>\n<meta property=\"og:image\" content=\"https:\/\/deravio.com\/fi\/wp-content\/uploads\/sites\/19\/2026\/05\/uk7u42p-1.webp\" \/>\n\t<meta property=\"og:image:width\" content=\"713\" \/>\n\t<meta property=\"og:image:height\" content=\"713\" \/>\n\t<meta property=\"og:image:type\" content=\"image\/webp\" \/>\n<meta name=\"twitter:card\" content=\"summary_large_image\" \/>\n<meta name=\"twitter:label1\" content=\"Arvioitu lukuaika\" \/>\n\t<meta name=\"twitter:data1\" content=\"2 minuuttia\" \/>\n<script type=\"application\/ld+json\" class=\"yoast-schema-graph\">{\"@context\":\"https:\\\/\\\/schema.org\",\"@graph\":[{\"@type\":\"WebPage\",\"@id\":\"https:\\\/\\\/deravio.com\\\/fi\\\/tuote\\\/balance-puu-sammakko-pinoaminen-peli\\\/\",\"url\":\"https:\\\/\\\/deravio.com\\\/fi\\\/tuote\\\/balance-puu-sammakko-pinoaminen-peli\\\/\",\"name\":\"Balance puu sammakko pinoaminen peli - Deravio FI\",\"isPartOf\":{\"@id\":\"https:\\\/\\\/deravio.com\\\/fi\\\/#website\"},\"primaryImageOfPage\":{\"@id\":\"https:\\\/\\\/deravio.com\\\/fi\\\/tuote\\\/balance-puu-sammakko-pinoaminen-peli\\\/#primaryimage\"},\"image\":{\"@id\":\"https:\\\/\\\/deravio.com\\\/fi\\\/tuote\\\/balance-puu-sammakko-pinoaminen-peli\\\/#primaryimage\"},\"thumbnailUrl\":\"https:\\\/\\\/deravio.com\\\/fi\\\/wp-content\\\/uploads\\\/sites\\\/19\\\/2026\\\/05\\\/uk7u42p-1.webp\",\"datePublished\":\"2026-05-12T06:29:21+00:00\",\"dateModified\":\"2026-05-12T06:32:16+00:00\",\"breadcrumb\":{\"@id\":\"https:\\\/\\\/deravio.com\\\/fi\\\/tuote\\\/balance-puu-sammakko-pinoaminen-peli\\\/#breadcrumb\"},\"inLanguage\":\"fi\",\"potentialAction\":[{\"@type\":\"ReadAction\",\"target\":[\"https:\\\/\\\/deravio.com\\\/fi\\\/tuote\\\/balance-puu-sammakko-pinoaminen-peli\\\/\"]}]},{\"@type\":\"ImageObject\",\"inLanguage\":\"fi\",\"@id\":\"https:\\\/\\\/deravio.com\\\/fi\\\/tuote\\\/balance-puu-sammakko-pinoaminen-peli\\\/#primaryimage\",\"url\":\"https:\\\/\\\/deravio.com\\\/fi\\\/wp-content\\\/uploads\\\/sites\\\/19\\\/2026\\\/05\\\/uk7u42p-1.webp\",\"contentUrl\":\"https:\\\/\\\/deravio.com\\\/fi\\\/wp-content\\\/uploads\\\/sites\\\/19\\\/2026\\\/05\\\/uk7u42p-1.webp\",\"width\":713,\"height\":713},{\"@type\":\"BreadcrumbList\",\"@id\":\"https:\\\/\\\/deravio.com\\\/fi\\\/tuote\\\/balance-puu-sammakko-pinoaminen-peli\\\/#breadcrumb\",\"itemListElement\":[{\"@type\":\"ListItem\",\"position\":1,\"name\":\"Home\",\"item\":\"https:\\\/\\\/deravio.com\\\/fi\\\/\"},{\"@type\":\"ListItem\",\"position\":2,\"name\":\"Kauppa\",\"item\":\"https:\\\/\\\/deravio.com\\\/fi\\\/kauppa\\\/\"},{\"@type\":\"ListItem\",\"position\":3,\"name\":\"Balance puu sammakko pinoaminen peli\"}]},{\"@type\":\"WebSite\",\"@id\":\"https:\\\/\\\/deravio.com\\\/fi\\\/#website\",\"url\":\"https:\\\/\\\/deravio.com\\\/fi\\\/\",\"name\":\"Deravio FI\",\"description\":\"\",\"publisher\":{\"@id\":\"https:\\\/\\\/deravio.com\\\/fi\\\/#organization\"},\"potentialAction\":[{\"@type\":\"SearchAction\",\"target\":{\"@type\":\"EntryPoint\",\"urlTemplate\":\"https:\\\/\\\/deravio.com\\\/fi\\\/?s={search_term_string}\"},\"query-input\":{\"@type\":\"PropertyValueSpecification\",\"valueRequired\":true,\"valueName\":\"search_term_string\"}}],\"inLanguage\":\"fi\"},{\"@type\":\"Organization\",\"@id\":\"https:\\\/\\\/deravio.com\\\/fi\\\/#organization\",\"name\":\"Mekulo\",\"url\":\"https:\\\/\\\/deravio.com\\\/fi\\\/\",\"logo\":{\"@type\":\"ImageObject\",\"inLanguage\":\"fi\",\"@id\":\"https:\\\/\\\/deravio.com\\\/fi\\\/#\\\/schema\\\/logo\\\/image\\\/\",\"url\":\"https:\\\/\\\/deravio.com\\\/fi\\\/wp-content\\\/uploads\\\/sites\\\/19\\\/2025\\\/12\\\/favicon_mekulo.png\",\"contentUrl\":\"https:\\\/\\\/deravio.com\\\/fi\\\/wp-content\\\/uploads\\\/sites\\\/19\\\/2025\\\/12\\\/favicon_mekulo.png\",\"width\":50,\"height\":50,\"caption\":\"Mekulo\"},\"image\":{\"@id\":\"https:\\\/\\\/deravio.com\\\/fi\\\/#\\\/schema\\\/logo\\\/image\\\/\"}}]}<\/script>\n<!-- \/ Yoast SEO plugin. -->","yoast_head_json":{"title":"Balance puu sammakko pinoaminen peli - Deravio FI","robots":{"index":"index","follow":"follow","max-snippet":"max-snippet:-1","max-image-preview":"max-image-preview:large","max-video-preview":"max-video-preview:-1"},"canonical":"https:\/\/deravio.com\/fi\/tuote\/balance-puu-sammakko-pinoaminen-peli\/","og_locale":"fi_FI","og_type":"article","og_title":"Balance puu sammakko pinoaminen peli - Deravio FI","og_description":"\ud83d\udc68\u200d\ud83d\udc69\u200d\ud83d\udc67\u200d\ud83d\udc66Balance, naurua ja perheen hauskanpitoa yhdess\u00e4 peliss\u00e4. Leikkis\u00e4 haaste lapsille ja vanhemmille. \ud83d\udc38T\u00e4m\u00e4 tasapainopuun sammakoiden pinoamispeli tekee yksinkertaisesta pinoamisesta j\u00e4nnitt\u00e4v\u00e4n haasteen. \ud83e\udde0V\u00e4rikk\u00e4iden sammakoiden, py\u00f6rivien haasteiden ja noppapohjaisen pelattavuuden avulla se luo naurun hetki\u00e4 ja auttaa lapsia kehitt\u00e4m\u00e4\u00e4n t\u00e4rkeit\u00e4 taitoja.","og_url":"https:\/\/deravio.com\/fi\/tuote\/balance-puu-sammakko-pinoaminen-peli\/","og_site_name":"Deravio FI","article_modified_time":"2026-05-12T06:32:16+00:00","og_image":[{"width":713,"height":713,"url":"https:\/\/deravio.com\/fi\/wp-content\/uploads\/sites\/19\/2026\/05\/uk7u42p-1.webp","type":"image\/webp"}],"twitter_card":"summary_large_image","twitter_misc":{"Arvioitu lukuaika":"2 minuuttia"},"schema":{"@context":"https:\/\/schema.org","@graph":[{"@type":"WebPage","@id":"https:\/\/deravio.com\/fi\/tuote\/balance-puu-sammakko-pinoaminen-peli\/","url":"https:\/\/deravio.com\/fi\/tuote\/balance-puu-sammakko-pinoaminen-peli\/","name":"Balance puu sammakko pinoaminen peli - Deravio FI","isPartOf":{"@id":"https:\/\/deravio.com\/fi\/#website"},"primaryImageOfPage":{"@id":"https:\/\/deravio.com\/fi\/tuote\/balance-puu-sammakko-pinoaminen-peli\/#primaryimage"},"image":{"@id":"https:\/\/deravio.com\/fi\/tuote\/balance-puu-sammakko-pinoaminen-peli\/#primaryimage"},"thumbnailUrl":"https:\/\/deravio.com\/fi\/wp-content\/uploads\/sites\/19\/2026\/05\/uk7u42p-1.webp","datePublished":"2026-05-12T06:29:21+00:00","dateModified":"2026-05-12T06:32:16+00:00","breadcrumb":{"@id":"https:\/\/deravio.com\/fi\/tuote\/balance-puu-sammakko-pinoaminen-peli\/#breadcrumb"},"inLanguage":"fi","potentialAction":[{"@type":"ReadAction","target":["https:\/\/deravio.com\/fi\/tuote\/balance-puu-sammakko-pinoaminen-peli\/"]}]},{"@type":"ImageObject","inLanguage":"fi","@id":"https:\/\/deravio.com\/fi\/tuote\/balance-puu-sammakko-pinoaminen-peli\/#primaryimage","url":"https:\/\/deravio.com\/fi\/wp-content\/uploads\/sites\/19\/2026\/05\/uk7u42p-1.webp","contentUrl":"https:\/\/deravio.com\/fi\/wp-content\/uploads\/sites\/19\/2026\/05\/uk7u42p-1.webp","width":713,"height":713},{"@type":"BreadcrumbList","@id":"https:\/\/deravio.com\/fi\/tuote\/balance-puu-sammakko-pinoaminen-peli\/#breadcrumb","itemListElement":[{"@type":"ListItem","position":1,"name":"Home","item":"https:\/\/deravio.com\/fi\/"},{"@type":"ListItem","position":2,"name":"Kauppa","item":"https:\/\/deravio.com\/fi\/kauppa\/"},{"@type":"ListItem","position":3,"name":"Balance puu sammakko pinoaminen peli"}]},{"@type":"WebSite","@id":"https:\/\/deravio.com\/fi\/#website","url":"https:\/\/deravio.com\/fi\/","name":"Deravio FI","description":"","publisher":{"@id":"https:\/\/deravio.com\/fi\/#organization"},"potentialAction":[{"@type":"SearchAction","target":{"@type":"EntryPoint","urlTemplate":"https:\/\/deravio.com\/fi\/?s={search_term_string}"},"query-input":{"@type":"PropertyValueSpecification","valueRequired":true,"valueName":"search_term_string"}}],"inLanguage":"fi"},{"@type":"Organization","@id":"https:\/\/deravio.com\/fi\/#organization","name":"Mekulo","url":"https:\/\/deravio.com\/fi\/","logo":{"@type":"ImageObject","inLanguage":"fi","@id":"https:\/\/deravio.com\/fi\/#\/schema\/logo\/image\/","url":"https:\/\/deravio.com\/fi\/wp-content\/uploads\/sites\/19\/2025\/12\/favicon_mekulo.png","contentUrl":"https:\/\/deravio.com\/fi\/wp-content\/uploads\/sites\/19\/2025\/12\/favicon_mekulo.png","width":50,"height":50,"caption":"Mekulo"},"image":{"@id":"https:\/\/deravio.com\/fi\/#\/schema\/logo\/image\/"}}]}},"_links":{"self":[{"href":"https:\/\/deravio.com\/fi\/wp-json\/wp\/v2\/product\/22576","targetHints":{"allow":["GET"]}}],"collection":[{"href":"https:\/\/deravio.com\/fi\/wp-json\/wp\/v2\/product"}],"about":[{"href":"https:\/\/deravio.com\/fi\/wp-json\/wp\/v2\/types\/product"}],"replies":[{"embeddable":true,"href":"https:\/\/deravio.com\/fi\/wp-json\/wp\/v2\/comments?post=22576"}],"wp:featuredmedia":[{"embeddable":true,"href":"https:\/\/deravio.com\/fi\/wp-json\/wp\/v2\/media\/22572"}],"wp:attachment":[{"href":"https:\/\/deravio.com\/fi\/wp-json\/wp\/v2\/media?parent=22576"}],"wp:term":[{"taxonomy":"product_brand","embeddable":true,"href":"https:\/\/deravio.com\/fi\/wp-json\/wp\/v2\/product_brand?post=22576"},{"taxonomy":"product_cat","embeddable":true,"href":"https:\/\/deravio.com\/fi\/wp-json\/wp\/v2\/product_cat?post=22576"},{"taxonomy":"product_tag","embeddable":true,"href":"https:\/\/deravio.com\/fi\/wp-json\/wp\/v2\/product_tag?post=22576"}],"curies":[{"name":"wp","href":"https:\/\/api.w.org\/{rel}","templated":true}]}}