{"id":22171,"date":"2026-05-05T15:26:27","date_gmt":"2026-05-05T12:26:27","guid":{"rendered":"https:\/\/deravio.com\/fi\/tuote\/jalka-nilkka-assari\/"},"modified":"2026-05-12T11:26:16","modified_gmt":"2026-05-12T08:26:16","slug":"jalka-nilkka-assari","status":"publish","type":"product","link":"https:\/\/deravio.com\/fi\/tuote\/jalka-nilkka-assari\/","title":{"rendered":"Jalka-nilkka-assari"},"content":{"rendered":"<h2 style=\"text-align: center;\" data-start=\"328\" data-end=\"344\">\u2728 Lupaus<\/h2>\n<p style=\"text-align: center;\" data-start=\"346\" data-end=\"390\">Tue. Lataa liikkeesi.<\/p>\n<p data-start=\"346\" data-end=\"390\"><img fetchpriority=\"high\" decoding=\"async\" class=\" wp-image-26767 aligncenter\" src=\"https:\/\/mekulo.com\/template\/wp-content\/uploads\/sites\/6\/2026\/03\/122117-ezgif.com-video-to-webp-converter.webp\" alt=\"\" width=\"550\" height=\"550\" \/><\/p>\n<h2 style=\"text-align: center;\" data-start=\"397\" data-end=\"415\">\u2705 T\u00e4rkeimm\u00e4t edut<\/h2>\n<p data-start=\"419\" data-end=\"543\">\ud83d\udd25 Kolme terapeuttista l\u00e4mp\u00f6tasoa (48\u00b0C \/ 53\u00b0C \/ 58\u00b0C) &#8211; Tarjoaa rauhoittavaa l\u00e4mp\u00f6\u00e4 rentouttaakseen lihaksia ja parantaakseen mukavuutta.<\/p>\n<p data-start=\"547\" data-end=\"691\">\ud83d\udc86 Kolme t\u00e4rin\u00e4n voimakkuutta &#8211; Taso 1 \u2013 P\u00e4ivitt\u00e4inen rentoutus, Taso 2 \u2013 Urheilullinen palautuminen, Taso 3 \u2013 Kohdennettu ep\u00e4mukavuuden lievitys<\/p>\n<p data-start=\"695\" data-end=\"769\">\u23f1 15 minuutin automaattinen sammutus &#8211; Turvalliset, hallitut istunnot ilman huolta.<\/p>\n<p data-start=\"773\" data-end=\"848\">\ud83d\udd0b Ladattava &amp; johdoton &#8211; T\u00e4ydellinen liikkumisvapaus k\u00e4yt\u00f6n aikana.<\/p>\n<p data-start=\"852\" data-end=\"939\">\ud83d\udcf1 Kosketusn\u00e4ytt\u00f6 LED-n\u00e4yt\u00f6ll\u00e4 &#8211; Seuraa l\u00e4mp\u00f6tilaa ja intensiteetti\u00e4 reaaliajassa.<\/p>\n<p data-start=\"943\" data-end=\"1019\">\ud83e\uddb6 S\u00e4\u00e4dett\u00e4v\u00e4 wrap-muotoilu &#8211; Turvallinen istuvuus sek\u00e4 oikealle ett\u00e4 vasemmalle nilkalle.<\/p>\n<h2 style=\"text-align: center;\" data-start=\"1026\" data-end=\"1049\">\u2757 Ongelma \u2192 Ratkaisu<\/h2>\n<p data-start=\"1051\" data-end=\"1188\"><strong data-start=\"1051\" data-end=\"1063\">Ongelma:<\/strong><br data-start=\"1063\" data-end=\"1066\" \/>Nilkan kireys, v\u00e4symys tai rasitus voi vaikuttaa p\u00e4ivitt\u00e4iseen mukavuuteen \u2014 erityisesti pitkien seisomisten, liikunnan tai k\u00e4velyn j\u00e4lkeen.<\/p>\n<p data-start=\"1190\" data-end=\"1308\"><strong data-start=\"1190\" data-end=\"1203\">Ratkaisu:<\/strong><br data-start=\"1203\" data-end=\"1206\" \/>T\u00e4m\u00e4 jalkojen nilkkahieroja yhdist\u00e4\u00e4 hallitun l\u00e4mm\u00f6n ja v\u00e4r\u00e4htelyn stimuloimaan verenkiertoa ja rentouttamaan kireit\u00e4 lihaksia.<\/p>\n<p data-start=\"1190\" data-end=\"1308\"><img decoding=\"async\" class=\" wp-image-26768 aligncenter\" src=\"https:\/\/mekulo.com\/template\/wp-content\/uploads\/sites\/6\/2026\/03\/122116-ezgif.com-video-to-webp-converter.webp\" alt=\"\" width=\"551\" height=\"551\" \/><\/p>\n<h2 style=\"text-align: center;\" data-start=\"1347\" data-end=\"1373\">\ud83c\udfc3Erinomainen<\/h2>\n<ul data-start=\"1387\" data-end=\"1517\">\n<li data-start=\"1387\" data-end=\"1412\">Harjoituksen j\u00e4lkeinen palautuminen<\/li>\n<li data-start=\"1387\" data-end=\"1412\">Pitk\u00e4t ty\u00f6p\u00e4iv\u00e4t jaloillaan<\/li>\n<li data-start=\"1387\" data-end=\"1412\">Matkan rasitus<\/li>\n<li data-start=\"1387\" data-end=\"1412\">Liev\u00e4 nilkan j\u00e4ykkyys<\/li>\n<li data-start=\"1387\" data-end=\"1412\">Rentoutuminen ennen nukkumaanmenoa<\/li>\n<li data-start=\"1387\" data-end=\"1412\">Kompakti ratkaisu aktiiviseen el\u00e4m\u00e4ntyyliin.<\/li>\n<\/ul>\n<h2 style=\"text-align: center;\" data-start=\"1567\" data-end=\"1583\">\u2699\ufe0f K\u00e4ytt\u00f6ohjeet<\/h2>\n<ol data-start=\"1585\" data-end=\"1752\">\n<li data-start=\"1585\" data-end=\"1616\">Kiedo laite tiukasti nilkan ymp\u00e4rille.<\/li>\n<li data-start=\"1585\" data-end=\"1616\">K\u00e4ynnist\u00e4 laite kosketusn\u00e4yt\u00f6n avulla.<\/li>\n<li data-start=\"1585\" data-end=\"1616\">Valitse l\u00e4mp\u00f6tila ja t\u00e4rin\u00e4tila.<\/li>\n<li data-start=\"1585\" data-end=\"1616\">Rentoudu 15 minuutin hoidon ajan.<\/li>\n<li data-start=\"1585\" data-end=\"1616\">Lataa laite tarvittaessa.<\/li>\n<li data-start=\"1585\" data-end=\"1616\">Huomautus: Laitetta ei voi k\u00e4ytt\u00e4\u00e4 latauksen aikana.<\/li>\n<\/ol>\n<h2 style=\"text-align: center;\" data-start=\"1804\" data-end=\"1825\">\ud83d\udc10 Tuotetiedot<\/h2>\n<ul data-start=\"1827\" data-end=\"2170\">\n<li data-start=\"1850\" data-end=\"1911\">Materiaali: joustava kangas + neopreeni + fleecevuori<\/li>\n<li data-start=\"1850\" data-end=\"1911\">Nimellisj\u00e4nnite: 3,7 V<\/li>\n<li data-start=\"1850\" data-end=\"1911\">Nimellisteho: 7,5 W<\/li>\n<li data-start=\"1850\" data-end=\"1911\">Akku: 2000 mAh:n litiumpolymeeriakku<\/li>\n<li data-start=\"1850\" data-end=\"1911\">Latausaika: noin 2 tuntia<\/li>\n<li data-start=\"1850\" data-end=\"1911\">K\u00e4ytt\u00f6aika: 4\u20135 k\u00e4ytt\u00f6kertaa yhdell\u00e4 latauksella<\/li>\n<li data-start=\"1850\" data-end=\"1911\">N\u00e4ytt\u00f6: LED-l\u00e4mp\u00f6tila- ja t\u00e4rin\u00e4ilmaisin<\/li>\n<\/ul>\n<h2 style=\"text-align: center;\" data-start=\"2229\" data-end=\"2251\">\ud83d\udce6 Paketti sis\u00e4lt\u00e4\u00e4<\/h2>\n<ul data-start=\"2253\" data-end=\"2299\">\n<li data-start=\"2253\" data-end=\"2280\">1, 2 kpl jalkojen ja nilkkojen hierontalaitetta<\/li>\n<li data-start=\"2253\" data-end=\"2280\">1, 2 kpl latauskaapelia.<\/li>\n<\/ul>\n","protected":false},"excerpt":{"rendered":"<p>\u23f1 Kohdennettu l\u00e4mp\u00f6. Syv\u00e4 helpotus.<br \/>\n\ud83d\udc86Totaalinen mukavuus. Palauta mukavuus jokaiseen askeleeseen.<br \/>\n\ud83e\uddb6T\u00e4m\u00e4 p\u00e4ivitt\u00e4iseen rentoutumiseen ja palautumiseen suunniteltu l\u00e4mmitett\u00e4v\u00e4 jalkojen nilkkahieroja yhdist\u00e4\u00e4 terapeuttisen l\u00e4mm\u00f6n ja hallitun t\u00e4rin\u00e4n lievitt\u00e4m\u00e4\u00e4n j\u00e4nnityst\u00e4, j\u00e4ykkyytt\u00e4 ja ep\u00e4mukavuutta.<\/p>\n","protected":false},"featured_media":22167,"comment_status":"open","ping_status":"closed","template":"","meta":{"site-sidebar-layout":"default","site-content-layout":"","ast-site-content-layout":"default","site-content-style":"default","site-sidebar-style":"default","ast-global-header-display":"","ast-banner-title-visibility":"","ast-main-header-display":"","ast-hfb-above-header-display":"","ast-hfb-below-header-display":"","ast-hfb-mobile-header-display":"","site-post-title":"","ast-breadcrumbs-content":"","ast-featured-img":"","footer-sml-layout":"","ast-disable-related-posts":"","theme-transparent-header-meta":"default","adv-header-id-meta":"","stick-header-meta":"","header-above-stick-meta":"","header-main-stick-meta":"","header-below-stick-meta":"","astra-migrate-meta-layouts":"set","ast-page-background-enabled":"default","ast-page-background-meta":{"desktop":{"background-color":"var(--ast-global-color-5)","background-image":"","background-repeat":"repeat","background-position":"center center","background-size":"auto","background-attachment":"scroll","background-type":"","background-media":"","overlay-type":"","overlay-color":"","overlay-opacity":"","overlay-gradient":""},"tablet":{"background-color":"","background-image":"","background-repeat":"repeat","background-position":"center center","background-size":"auto","background-attachment":"scroll","background-type":"","background-media":"","overlay-type":"","overlay-color":"","overlay-opacity":"","overlay-gradient":""},"mobile":{"background-color":"","background-image":"","background-repeat":"repeat","background-position":"center center","background-size":"auto","background-attachment":"scroll","background-type":"","background-media":"","overlay-type":"","overlay-color":"","overlay-opacity":"","overlay-gradient":""}},"ast-content-background-meta":{"desktop":{"background-color":"var(--ast-global-color-4)","background-image":"","background-repeat":"repeat","background-position":"center center","background-size":"auto","background-attachment":"scroll","background-type":"","background-media":"","overlay-type":"","overlay-color":"","overlay-opacity":"","overlay-gradient":""},"tablet":{"background-color":"var(--ast-global-color-4)","background-image":"","background-repeat":"repeat","background-position":"center center","background-size":"auto","background-attachment":"scroll","background-type":"","background-media":"","overlay-type":"","overlay-color":"","overlay-opacity":"","overlay-gradient":""},"mobile":{"background-color":"var(--ast-global-color-4)","background-image":"","background-repeat":"repeat","background-position":"center center","background-size":"auto","background-attachment":"scroll","background-type":"","background-media":"","overlay-type":"","overlay-color":"","overlay-opacity":"","overlay-gradient":""}}},"product_brand":[],"product_cat":[15],"product_tag":[],"class_list":{"0":"post-22171","1":"product","2":"type-product","3":"status-publish","4":"has-post-thumbnail","6":"product_cat-luokittelematon","7":"pa_64692_jz73xlmh-1-kpl","8":"pa_64692_jz73xlmh-2-kpl","9":"desktop-align-left","10":"tablet-align-left","11":"mobile-align-left","13":"first","14":"instock","15":"shipping-taxable","16":"purchasable","17":"product-type-variable"},"yoast_head":"<!-- This site is optimized with the Yoast SEO plugin v27.4 - https:\/\/yoast.com\/product\/yoast-seo-wordpress\/ -->\n<title>Jalka-nilkka-assari - Deravio FI<\/title>\n<meta name=\"robots\" content=\"index, follow, max-snippet:-1, max-image-preview:large, max-video-preview:-1\" \/>\n<link rel=\"canonical\" href=\"https:\/\/deravio.com\/fi\/tuote\/jalka-nilkka-assari\/\" \/>\n<meta property=\"og:locale\" content=\"fi_FI\" \/>\n<meta property=\"og:type\" content=\"article\" \/>\n<meta property=\"og:title\" content=\"Jalka-nilkka-assari - Deravio FI\" \/>\n<meta property=\"og:description\" content=\"\u23f1 Kohdennettu l\u00e4mp\u00f6. Syv\u00e4 helpotus. \ud83d\udc86Totaalinen mukavuus. Palauta mukavuus jokaiseen askeleeseen. \ud83e\uddb6T\u00e4m\u00e4 p\u00e4ivitt\u00e4iseen rentoutumiseen ja palautumiseen suunniteltu l\u00e4mmitett\u00e4v\u00e4 jalkojen nilkkahieroja yhdist\u00e4\u00e4 terapeuttisen l\u00e4mm\u00f6n ja hallitun t\u00e4rin\u00e4n lievitt\u00e4m\u00e4\u00e4n j\u00e4nnityst\u00e4, j\u00e4ykkyytt\u00e4 ja ep\u00e4mukavuutta.\" \/>\n<meta property=\"og:url\" content=\"https:\/\/deravio.com\/fi\/tuote\/jalka-nilkka-assari\/\" \/>\n<meta property=\"og:site_name\" content=\"Deravio FI\" \/>\n<meta property=\"article:modified_time\" content=\"2026-05-12T08:26:16+00:00\" \/>\n<meta property=\"og:image\" content=\"https:\/\/deravio.com\/fi\/wp-content\/uploads\/sites\/19\/2026\/05\/hscyfb2-1.png\" \/>\n\t<meta property=\"og:image:width\" content=\"1000\" \/>\n\t<meta property=\"og:image:height\" content=\"1000\" \/>\n\t<meta property=\"og:image:type\" content=\"image\/png\" \/>\n<meta name=\"twitter:card\" content=\"summary_large_image\" \/>\n<meta name=\"twitter:label1\" content=\"Arvioitu lukuaika\" \/>\n\t<meta name=\"twitter:data1\" content=\"2 minuuttia\" \/>\n<script type=\"application\/ld+json\" class=\"yoast-schema-graph\">{\"@context\":\"https:\\\/\\\/schema.org\",\"@graph\":[{\"@type\":\"WebPage\",\"@id\":\"https:\\\/\\\/deravio.com\\\/fi\\\/tuote\\\/jalka-nilkka-assari\\\/\",\"url\":\"https:\\\/\\\/deravio.com\\\/fi\\\/tuote\\\/jalka-nilkka-assari\\\/\",\"name\":\"Jalka-nilkka-assari - Deravio FI\",\"isPartOf\":{\"@id\":\"https:\\\/\\\/deravio.com\\\/fi\\\/#website\"},\"primaryImageOfPage\":{\"@id\":\"https:\\\/\\\/deravio.com\\\/fi\\\/tuote\\\/jalka-nilkka-assari\\\/#primaryimage\"},\"image\":{\"@id\":\"https:\\\/\\\/deravio.com\\\/fi\\\/tuote\\\/jalka-nilkka-assari\\\/#primaryimage\"},\"thumbnailUrl\":\"https:\\\/\\\/deravio.com\\\/fi\\\/wp-content\\\/uploads\\\/sites\\\/19\\\/2026\\\/05\\\/hscyfb2-1.png\",\"datePublished\":\"2026-05-05T12:26:27+00:00\",\"dateModified\":\"2026-05-12T08:26:16+00:00\",\"breadcrumb\":{\"@id\":\"https:\\\/\\\/deravio.com\\\/fi\\\/tuote\\\/jalka-nilkka-assari\\\/#breadcrumb\"},\"inLanguage\":\"fi\",\"potentialAction\":[{\"@type\":\"ReadAction\",\"target\":[\"https:\\\/\\\/deravio.com\\\/fi\\\/tuote\\\/jalka-nilkka-assari\\\/\"]}]},{\"@type\":\"ImageObject\",\"inLanguage\":\"fi\",\"@id\":\"https:\\\/\\\/deravio.com\\\/fi\\\/tuote\\\/jalka-nilkka-assari\\\/#primaryimage\",\"url\":\"https:\\\/\\\/deravio.com\\\/fi\\\/wp-content\\\/uploads\\\/sites\\\/19\\\/2026\\\/05\\\/hscyfb2-1.png\",\"contentUrl\":\"https:\\\/\\\/deravio.com\\\/fi\\\/wp-content\\\/uploads\\\/sites\\\/19\\\/2026\\\/05\\\/hscyfb2-1.png\",\"width\":1000,\"height\":1000},{\"@type\":\"BreadcrumbList\",\"@id\":\"https:\\\/\\\/deravio.com\\\/fi\\\/tuote\\\/jalka-nilkka-assari\\\/#breadcrumb\",\"itemListElement\":[{\"@type\":\"ListItem\",\"position\":1,\"name\":\"Home\",\"item\":\"https:\\\/\\\/deravio.com\\\/fi\\\/\"},{\"@type\":\"ListItem\",\"position\":2,\"name\":\"Kauppa\",\"item\":\"https:\\\/\\\/deravio.com\\\/fi\\\/kauppa\\\/\"},{\"@type\":\"ListItem\",\"position\":3,\"name\":\"Jalka-nilkka-assari\"}]},{\"@type\":\"WebSite\",\"@id\":\"https:\\\/\\\/deravio.com\\\/fi\\\/#website\",\"url\":\"https:\\\/\\\/deravio.com\\\/fi\\\/\",\"name\":\"Deravio FI\",\"description\":\"\",\"publisher\":{\"@id\":\"https:\\\/\\\/deravio.com\\\/fi\\\/#organization\"},\"potentialAction\":[{\"@type\":\"SearchAction\",\"target\":{\"@type\":\"EntryPoint\",\"urlTemplate\":\"https:\\\/\\\/deravio.com\\\/fi\\\/?s={search_term_string}\"},\"query-input\":{\"@type\":\"PropertyValueSpecification\",\"valueRequired\":true,\"valueName\":\"search_term_string\"}}],\"inLanguage\":\"fi\"},{\"@type\":\"Organization\",\"@id\":\"https:\\\/\\\/deravio.com\\\/fi\\\/#organization\",\"name\":\"Mekulo\",\"url\":\"https:\\\/\\\/deravio.com\\\/fi\\\/\",\"logo\":{\"@type\":\"ImageObject\",\"inLanguage\":\"fi\",\"@id\":\"https:\\\/\\\/deravio.com\\\/fi\\\/#\\\/schema\\\/logo\\\/image\\\/\",\"url\":\"https:\\\/\\\/deravio.com\\\/fi\\\/wp-content\\\/uploads\\\/sites\\\/19\\\/2025\\\/12\\\/favicon_mekulo.png\",\"contentUrl\":\"https:\\\/\\\/deravio.com\\\/fi\\\/wp-content\\\/uploads\\\/sites\\\/19\\\/2025\\\/12\\\/favicon_mekulo.png\",\"width\":50,\"height\":50,\"caption\":\"Mekulo\"},\"image\":{\"@id\":\"https:\\\/\\\/deravio.com\\\/fi\\\/#\\\/schema\\\/logo\\\/image\\\/\"}}]}<\/script>\n<!-- \/ Yoast SEO plugin. -->","yoast_head_json":{"title":"Jalka-nilkka-assari - Deravio FI","robots":{"index":"index","follow":"follow","max-snippet":"max-snippet:-1","max-image-preview":"max-image-preview:large","max-video-preview":"max-video-preview:-1"},"canonical":"https:\/\/deravio.com\/fi\/tuote\/jalka-nilkka-assari\/","og_locale":"fi_FI","og_type":"article","og_title":"Jalka-nilkka-assari - Deravio FI","og_description":"\u23f1 Kohdennettu l\u00e4mp\u00f6. Syv\u00e4 helpotus. \ud83d\udc86Totaalinen mukavuus. Palauta mukavuus jokaiseen askeleeseen. \ud83e\uddb6T\u00e4m\u00e4 p\u00e4ivitt\u00e4iseen rentoutumiseen ja palautumiseen suunniteltu l\u00e4mmitett\u00e4v\u00e4 jalkojen nilkkahieroja yhdist\u00e4\u00e4 terapeuttisen l\u00e4mm\u00f6n ja hallitun t\u00e4rin\u00e4n lievitt\u00e4m\u00e4\u00e4n j\u00e4nnityst\u00e4, j\u00e4ykkyytt\u00e4 ja ep\u00e4mukavuutta.","og_url":"https:\/\/deravio.com\/fi\/tuote\/jalka-nilkka-assari\/","og_site_name":"Deravio FI","article_modified_time":"2026-05-12T08:26:16+00:00","og_image":[{"width":1000,"height":1000,"url":"https:\/\/deravio.com\/fi\/wp-content\/uploads\/sites\/19\/2026\/05\/hscyfb2-1.png","type":"image\/png"}],"twitter_card":"summary_large_image","twitter_misc":{"Arvioitu lukuaika":"2 minuuttia"},"schema":{"@context":"https:\/\/schema.org","@graph":[{"@type":"WebPage","@id":"https:\/\/deravio.com\/fi\/tuote\/jalka-nilkka-assari\/","url":"https:\/\/deravio.com\/fi\/tuote\/jalka-nilkka-assari\/","name":"Jalka-nilkka-assari - Deravio FI","isPartOf":{"@id":"https:\/\/deravio.com\/fi\/#website"},"primaryImageOfPage":{"@id":"https:\/\/deravio.com\/fi\/tuote\/jalka-nilkka-assari\/#primaryimage"},"image":{"@id":"https:\/\/deravio.com\/fi\/tuote\/jalka-nilkka-assari\/#primaryimage"},"thumbnailUrl":"https:\/\/deravio.com\/fi\/wp-content\/uploads\/sites\/19\/2026\/05\/hscyfb2-1.png","datePublished":"2026-05-05T12:26:27+00:00","dateModified":"2026-05-12T08:26:16+00:00","breadcrumb":{"@id":"https:\/\/deravio.com\/fi\/tuote\/jalka-nilkka-assari\/#breadcrumb"},"inLanguage":"fi","potentialAction":[{"@type":"ReadAction","target":["https:\/\/deravio.com\/fi\/tuote\/jalka-nilkka-assari\/"]}]},{"@type":"ImageObject","inLanguage":"fi","@id":"https:\/\/deravio.com\/fi\/tuote\/jalka-nilkka-assari\/#primaryimage","url":"https:\/\/deravio.com\/fi\/wp-content\/uploads\/sites\/19\/2026\/05\/hscyfb2-1.png","contentUrl":"https:\/\/deravio.com\/fi\/wp-content\/uploads\/sites\/19\/2026\/05\/hscyfb2-1.png","width":1000,"height":1000},{"@type":"BreadcrumbList","@id":"https:\/\/deravio.com\/fi\/tuote\/jalka-nilkka-assari\/#breadcrumb","itemListElement":[{"@type":"ListItem","position":1,"name":"Home","item":"https:\/\/deravio.com\/fi\/"},{"@type":"ListItem","position":2,"name":"Kauppa","item":"https:\/\/deravio.com\/fi\/kauppa\/"},{"@type":"ListItem","position":3,"name":"Jalka-nilkka-assari"}]},{"@type":"WebSite","@id":"https:\/\/deravio.com\/fi\/#website","url":"https:\/\/deravio.com\/fi\/","name":"Deravio FI","description":"","publisher":{"@id":"https:\/\/deravio.com\/fi\/#organization"},"potentialAction":[{"@type":"SearchAction","target":{"@type":"EntryPoint","urlTemplate":"https:\/\/deravio.com\/fi\/?s={search_term_string}"},"query-input":{"@type":"PropertyValueSpecification","valueRequired":true,"valueName":"search_term_string"}}],"inLanguage":"fi"},{"@type":"Organization","@id":"https:\/\/deravio.com\/fi\/#organization","name":"Mekulo","url":"https:\/\/deravio.com\/fi\/","logo":{"@type":"ImageObject","inLanguage":"fi","@id":"https:\/\/deravio.com\/fi\/#\/schema\/logo\/image\/","url":"https:\/\/deravio.com\/fi\/wp-content\/uploads\/sites\/19\/2025\/12\/favicon_mekulo.png","contentUrl":"https:\/\/deravio.com\/fi\/wp-content\/uploads\/sites\/19\/2025\/12\/favicon_mekulo.png","width":50,"height":50,"caption":"Mekulo"},"image":{"@id":"https:\/\/deravio.com\/fi\/#\/schema\/logo\/image\/"}}]}},"_links":{"self":[{"href":"https:\/\/deravio.com\/fi\/wp-json\/wp\/v2\/product\/22171","targetHints":{"allow":["GET"]}}],"collection":[{"href":"https:\/\/deravio.com\/fi\/wp-json\/wp\/v2\/product"}],"about":[{"href":"https:\/\/deravio.com\/fi\/wp-json\/wp\/v2\/types\/product"}],"replies":[{"embeddable":true,"href":"https:\/\/deravio.com\/fi\/wp-json\/wp\/v2\/comments?post=22171"}],"wp:featuredmedia":[{"embeddable":true,"href":"https:\/\/deravio.com\/fi\/wp-json\/wp\/v2\/media\/22167"}],"wp:attachment":[{"href":"https:\/\/deravio.com\/fi\/wp-json\/wp\/v2\/media?parent=22171"}],"wp:term":[{"taxonomy":"product_brand","embeddable":true,"href":"https:\/\/deravio.com\/fi\/wp-json\/wp\/v2\/product_brand?post=22171"},{"taxonomy":"product_cat","embeddable":true,"href":"https:\/\/deravio.com\/fi\/wp-json\/wp\/v2\/product_cat?post=22171"},{"taxonomy":"product_tag","embeddable":true,"href":"https:\/\/deravio.com\/fi\/wp-json\/wp\/v2\/product_tag?post=22171"}],"curies":[{"name":"wp","href":"https:\/\/api.w.org\/{rel}","templated":true}]}}