{"id":22152,"date":"2026-05-05T15:23:43","date_gmt":"2026-05-05T12:23:43","guid":{"rendered":"https:\/\/deravio.com\/fi\/tuote\/moonlight-moissaniittisormus\/"},"modified":"2026-05-12T11:26:29","modified_gmt":"2026-05-12T08:26:29","slug":"moonlight-moissaniittisormus","status":"publish","type":"product","link":"https:\/\/deravio.com\/fi\/tuote\/moonlight-moissaniittisormus\/","title":{"rendered":"Moonlight-moissaniittisormus"},"content":{"rendered":"<p data-start=\"297\" data-end=\"364\"><img fetchpriority=\"high\" decoding=\"async\" class=\" wp-image-26750 aligncenter\" src=\"https:\/\/mekulo.com\/template\/wp-content\/uploads\/sites\/6\/2026\/03\/122114-ezgif.com-video-to-webp-converter.webp\" alt=\"\" width=\"550\" height=\"550\" \/><\/p>\n<h2 style=\"text-align: center;\" data-start=\"371\" data-end=\"389\">\u2705 T\u00e4rkeimm\u00e4t edut<\/h2>\n<p data-start=\"393\" data-end=\"497\">\ud83d\udc8e H\u00e4ik\u00e4isev\u00e4 moissanite brillianssi &#8211; Poikkeuksellinen tuli ja kirkkaus, joka kilpailee perinteisten timanttien kanssa.<\/p>\n<p data-start=\"501\" data-end=\"591\">\ud83d\udc8d Elegantti halo design &#8211; Parantaa keskuskiven lis\u00e4\u00e4 s\u00e4ihkett\u00e4 ja ulottuvuutta.<\/p>\n<p data-start=\"595\" data-end=\"700\">\ud83c\udf3f 925 sterlinghopea &#8211; Kest\u00e4v\u00e4, ihoyst\u00e4v\u00e4llinen ja kest\u00e4\u00e4 tahraantumista tai v\u00e4rj\u00e4ytymist\u00e4.<\/p>\n<p data-start=\"704\" data-end=\"783\">\u2728 Mukava jokap\u00e4iv\u00e4inen k\u00e4ytt\u00f6 &#8211; Sile\u00e4 viimeistely, joka on suunniteltu kest\u00e4v\u00e4\u00e4 k\u00e4ytt\u00f6mukavuutta varten.<\/p>\n<p data-start=\"787\" data-end=\"882\">\ud83c\udf81 Merkityksellinen lahjavalinta &#8211; Ihanteellinen kihlauksiin, vuosip\u00e4iviin tai syd\u00e4mellisiin hetkiin.<\/p>\n<p data-start=\"886\" data-end=\"961\">\ud83c\udf19 Ajaton py\u00f6re\u00e4 leikkaus &#8211; Klassinen muoto, joka ei koskaan mene pois muodista.<\/p>\n<h2 style=\"text-align: center;\" data-start=\"968\" data-end=\"991\">\u2757 Ongelma \u2192 Ratkaisu<\/h2>\n<p data-start=\"993\" data-end=\"1077\"><strong data-start=\"993\" data-end=\"1005\">Ongelma:<\/strong><br data-start=\"1005\" data-end=\"1008\" \/>Monet statement-sormukset menett\u00e4v\u00e4t kiiltoaan ajan my\u00f6t\u00e4 tai \u00e4rsytt\u00e4v\u00e4t herkk\u00e4\u00e4 ihoa.<\/p>\n<p data-start=\"1079\" data-end=\"1223\"><strong data-start=\"1079\" data-end=\"1092\">Ratkaisu:<\/strong><br data-start=\"1092\" data-end=\"1095\" \/>Sterlinghopeasta ja korkealaatuisesta moissanitista valmistettu sormus s\u00e4ilytt\u00e4\u00e4 loistonsa ja on samalla hell\u00e4varainen ihollesi.<\/p>\n<p data-start=\"1079\" data-end=\"1223\"><img decoding=\"async\" class=\" wp-image-26749 aligncenter\" src=\"https:\/\/mekulo.com\/template\/wp-content\/uploads\/sites\/6\/2026\/03\/122115-ezgif.com-video-to-webp-converter.webp\" alt=\"\" width=\"550\" height=\"550\" \/><\/p>\n<h2 style=\"text-align: center;\" data-start=\"1262\" data-end=\"1288\">\ud83d\udc96 T\u00e4ydellinen<\/h2>\n<ul data-start=\"1304\" data-end=\"1407\">\n<li data-start=\"1304\" data-end=\"1319\">\n<p data-start=\"1306\" data-end=\"1319\">kihlajaisiin<\/p>\n<\/li>\n<li data-start=\"1320\" data-end=\"1337\">\n<p data-start=\"1322\" data-end=\"1337\">Juhliin<\/p>\n<\/li>\n<li data-start=\"1338\" data-end=\"1362\">\n<p data-start=\"1340\" data-end=\"1362\">Juhlavuodenp\u00e4iviin<\/p>\n<\/li>\n<li data-start=\"1363\" data-end=\"1381\">\n<p data-start=\"1365\" data-end=\"1381\">H\u00e4\u00e4juhliin<\/p>\n<\/li>\n<li data-start=\"1382\" data-end=\"1407\">\n<p data-start=\"1384\" data-end=\"1407\">Romanttisiin lahjoihin<\/p>\n<\/li>\n<\/ul>\n<p data-start=\"1409\" data-end=\"1479\">Sormus, joka t\u00e4ydent\u00e4\u00e4 sek\u00e4 muodollisia tilaisuuksia ett\u00e4 hienostunutta p\u00e4ivitt\u00e4ist\u00e4 tyyli\u00e4.<\/p>\n<h2 style=\"text-align: center;\" data-start=\"1486\" data-end=\"1510\">\u2699\ufe0f K\u00e4ytt\u00f6ohjeet<\/h2>\n<ol data-start=\"1512\" data-end=\"1671\">\n<li data-start=\"1512\" data-end=\"1541\">\n<p data-start=\"1515\" data-end=\"1541\">Luiskuta varovasti sormeen.<\/p>\n<\/li>\n<li data-start=\"1542\" data-end=\"1581\">\n<p data-start=\"1545\" data-end=\"1581\">V\u00e4lt\u00e4 kosketusta kovien kemikaalien kanssa.<\/p>\n<\/li>\n<li data-start=\"1582\" data-end=\"1631\">\n<p data-start=\"1585\" data-end=\"1631\">Puhdista pehme\u00e4ll\u00e4 liinalla, jotta s\u00e4ilyy loisto.<\/p>\n<\/li>\n<li data-start=\"1632\" data-end=\"1671\">\n<p data-start=\"1635\" data-end=\"1671\">S\u00e4ilyt\u00e4 erill\u00e4\u00e4n, jotta kiilto s\u00e4ilyy.<\/p>\n<\/li>\n<\/ol>\n<h2 style=\"text-align: center;\" data-start=\"1711\" data-end=\"1732\">\ud83d\udcd0 Tuotetiedot<\/h2>\n<ul data-start=\"1734\" data-end=\"1944\">\n<li data-start=\"1734\" data-end=\"1793\">\n<p data-start=\"1736\" data-end=\"1793\">P\u00e4\u00e4kivi: Round Moissanite (3CT option available)<\/p>\n<\/li>\n<li data-start=\"1834\" data-end=\"1871\">\n<p data-start=\"1836\" data-end=\"1871\">Material: 925 sterling silver<\/p>\n<\/li>\n<li data-start=\"1872\" data-end=\"1908\">\n<p data-start=\"1874\" data-end=\"1908\">Saatavilla olevat koot: 6 (16.5 mm), 7 (17.3 mm), 8 (18 mm), 9 (18.9 mm), 10 (19.8 mm)<\/p>\n<\/li>\n<li data-start=\"1909\" data-end=\"1944\">\n<p data-start=\"1911\" data-end=\"1944\">Muotoilu: Hidden halo setting<\/p>\n<\/li>\n<\/ul>\n<h2 style=\"text-align: center;\" data-start=\"1995\" data-end=\"2017\">\ud83d\udce6 Pakkaus sis\u00e4lt\u00e4\u00e4<\/h2>\n<ul data-start=\"2019\" data-end=\"2052\">\n<li data-start=\"2019\" data-end=\"2052\">\n<p data-start=\"2021\" data-end=\"2052\">1x moonlight moissanite ring.<\/p>\n<\/li>\n<\/ul>\n","protected":false},"excerpt":{"rendered":"<p>\ud83d\udc8eHehku, joka tuntuu ikuiselta.<br \/>\n\ud83d\udd90\ufe0fBrilliant tuli. Ajatonta eleganssia.<br \/>\n<span style=\"font-size: 16px; font-style: normal; font-weight: 400;\">\ud83d\udc8d<\/span>T\u00e4m\u00e4 kuunvalo-moissaniittisormus vangitsee valon jokaisesta kulmasta ja tarjoaa hienojen korujen s\u00e4teily\u00e4 hienostuneella, modernilla kosketuksella.<\/p>\n","protected":false},"featured_media":22148,"comment_status":"open","ping_status":"closed","template":"","meta":{"site-sidebar-layout":"default","site-content-layout":"","ast-site-content-layout":"default","site-content-style":"default","site-sidebar-style":"default","ast-global-header-display":"","ast-banner-title-visibility":"","ast-main-header-display":"","ast-hfb-above-header-display":"","ast-hfb-below-header-display":"","ast-hfb-mobile-header-display":"","site-post-title":"","ast-breadcrumbs-content":"","ast-featured-img":"","footer-sml-layout":"","ast-disable-related-posts":"","theme-transparent-header-meta":"default","adv-header-id-meta":"","stick-header-meta":"","header-above-stick-meta":"","header-main-stick-meta":"","header-below-stick-meta":"","astra-migrate-meta-layouts":"set","ast-page-background-enabled":"default","ast-page-background-meta":{"desktop":{"background-color":"var(--ast-global-color-5)","background-image":"","background-repeat":"repeat","background-position":"center center","background-size":"auto","background-attachment":"scroll","background-type":"","background-media":"","overlay-type":"","overlay-color":"","overlay-opacity":"","overlay-gradient":""},"tablet":{"background-color":"","background-image":"","background-repeat":"repeat","background-position":"center center","background-size":"auto","background-attachment":"scroll","background-type":"","background-media":"","overlay-type":"","overlay-color":"","overlay-opacity":"","overlay-gradient":""},"mobile":{"background-color":"","background-image":"","background-repeat":"repeat","background-position":"center center","background-size":"auto","background-attachment":"scroll","background-type":"","background-media":"","overlay-type":"","overlay-color":"","overlay-opacity":"","overlay-gradient":""}},"ast-content-background-meta":{"desktop":{"background-color":"var(--ast-global-color-4)","background-image":"","background-repeat":"repeat","background-position":"center center","background-size":"auto","background-attachment":"scroll","background-type":"","background-media":"","overlay-type":"","overlay-color":"","overlay-opacity":"","overlay-gradient":""},"tablet":{"background-color":"var(--ast-global-color-4)","background-image":"","background-repeat":"repeat","background-position":"center center","background-size":"auto","background-attachment":"scroll","background-type":"","background-media":"","overlay-type":"","overlay-color":"","overlay-opacity":"","overlay-gradient":""},"mobile":{"background-color":"var(--ast-global-color-4)","background-image":"","background-repeat":"repeat","background-position":"center center","background-size":"auto","background-attachment":"scroll","background-type":"","background-media":"","overlay-type":"","overlay-color":"","overlay-opacity":"","overlay-gradient":""}}},"product_brand":[],"product_cat":[165],"product_tag":[],"class_list":{"0":"post-22152","1":"product","2":"type-product","3":"status-publish","4":"has-post-thumbnail","6":"product_cat-jalkineet-asusteet","7":"pa_64208_9ek80wcr-1650","8":"pa_64208_9ek80wcr-1651","9":"pa_64208_9ek80wcr-1652","10":"pa_64208_9ek80wcr-1653","11":"pa_64208_9ek80wcr-1654","12":"desktop-align-left","13":"tablet-align-left","14":"mobile-align-left","16":"first","17":"instock","18":"shipping-taxable","19":"purchasable","20":"product-type-variable"},"yoast_head":"<!-- This site is optimized with the Yoast SEO plugin v27.4 - https:\/\/yoast.com\/product\/yoast-seo-wordpress\/ -->\n<title>Moonlight-moissaniittisormus - Deravio FI<\/title>\n<meta name=\"robots\" content=\"index, follow, max-snippet:-1, max-image-preview:large, max-video-preview:-1\" \/>\n<link rel=\"canonical\" href=\"https:\/\/deravio.com\/fi\/tuote\/moonlight-moissaniittisormus\/\" \/>\n<meta property=\"og:locale\" content=\"fi_FI\" \/>\n<meta property=\"og:type\" content=\"article\" \/>\n<meta property=\"og:title\" content=\"Moonlight-moissaniittisormus - Deravio FI\" \/>\n<meta property=\"og:description\" content=\"\ud83d\udc8eHehku, joka tuntuu ikuiselta. \ud83d\udd90\ufe0fBrilliant tuli. Ajatonta eleganssia. \ud83d\udc8dT\u00e4m\u00e4 kuunvalo-moissaniittisormus vangitsee valon jokaisesta kulmasta ja tarjoaa hienojen korujen s\u00e4teily\u00e4 hienostuneella, modernilla kosketuksella.\" \/>\n<meta property=\"og:url\" content=\"https:\/\/deravio.com\/fi\/tuote\/moonlight-moissaniittisormus\/\" \/>\n<meta property=\"og:site_name\" content=\"Deravio FI\" \/>\n<meta property=\"article:modified_time\" content=\"2026-05-12T08:26:29+00:00\" \/>\n<meta property=\"og:image\" content=\"https:\/\/deravio.com\/fi\/wp-content\/uploads\/sites\/19\/2026\/05\/8lsuibn-1.webp\" \/>\n\t<meta property=\"og:image:width\" content=\"800\" \/>\n\t<meta property=\"og:image:height\" content=\"800\" \/>\n\t<meta property=\"og:image:type\" content=\"image\/webp\" \/>\n<meta name=\"twitter:card\" content=\"summary_large_image\" \/>\n<meta name=\"twitter:label1\" content=\"Arvioitu lukuaika\" \/>\n\t<meta name=\"twitter:data1\" content=\"2 minuuttia\" \/>\n<script type=\"application\/ld+json\" class=\"yoast-schema-graph\">{\"@context\":\"https:\\\/\\\/schema.org\",\"@graph\":[{\"@type\":\"WebPage\",\"@id\":\"https:\\\/\\\/deravio.com\\\/fi\\\/tuote\\\/moonlight-moissaniittisormus\\\/\",\"url\":\"https:\\\/\\\/deravio.com\\\/fi\\\/tuote\\\/moonlight-moissaniittisormus\\\/\",\"name\":\"Moonlight-moissaniittisormus - Deravio FI\",\"isPartOf\":{\"@id\":\"https:\\\/\\\/deravio.com\\\/fi\\\/#website\"},\"primaryImageOfPage\":{\"@id\":\"https:\\\/\\\/deravio.com\\\/fi\\\/tuote\\\/moonlight-moissaniittisormus\\\/#primaryimage\"},\"image\":{\"@id\":\"https:\\\/\\\/deravio.com\\\/fi\\\/tuote\\\/moonlight-moissaniittisormus\\\/#primaryimage\"},\"thumbnailUrl\":\"https:\\\/\\\/deravio.com\\\/fi\\\/wp-content\\\/uploads\\\/sites\\\/19\\\/2026\\\/05\\\/8lsuibn-1.webp\",\"datePublished\":\"2026-05-05T12:23:43+00:00\",\"dateModified\":\"2026-05-12T08:26:29+00:00\",\"breadcrumb\":{\"@id\":\"https:\\\/\\\/deravio.com\\\/fi\\\/tuote\\\/moonlight-moissaniittisormus\\\/#breadcrumb\"},\"inLanguage\":\"fi\",\"potentialAction\":[{\"@type\":\"ReadAction\",\"target\":[\"https:\\\/\\\/deravio.com\\\/fi\\\/tuote\\\/moonlight-moissaniittisormus\\\/\"]}]},{\"@type\":\"ImageObject\",\"inLanguage\":\"fi\",\"@id\":\"https:\\\/\\\/deravio.com\\\/fi\\\/tuote\\\/moonlight-moissaniittisormus\\\/#primaryimage\",\"url\":\"https:\\\/\\\/deravio.com\\\/fi\\\/wp-content\\\/uploads\\\/sites\\\/19\\\/2026\\\/05\\\/8lsuibn-1.webp\",\"contentUrl\":\"https:\\\/\\\/deravio.com\\\/fi\\\/wp-content\\\/uploads\\\/sites\\\/19\\\/2026\\\/05\\\/8lsuibn-1.webp\",\"width\":800,\"height\":800},{\"@type\":\"BreadcrumbList\",\"@id\":\"https:\\\/\\\/deravio.com\\\/fi\\\/tuote\\\/moonlight-moissaniittisormus\\\/#breadcrumb\",\"itemListElement\":[{\"@type\":\"ListItem\",\"position\":1,\"name\":\"Home\",\"item\":\"https:\\\/\\\/deravio.com\\\/fi\\\/\"},{\"@type\":\"ListItem\",\"position\":2,\"name\":\"Kauppa\",\"item\":\"https:\\\/\\\/deravio.com\\\/fi\\\/kauppa\\\/\"},{\"@type\":\"ListItem\",\"position\":3,\"name\":\"Moonlight-moissaniittisormus\"}]},{\"@type\":\"WebSite\",\"@id\":\"https:\\\/\\\/deravio.com\\\/fi\\\/#website\",\"url\":\"https:\\\/\\\/deravio.com\\\/fi\\\/\",\"name\":\"Deravio FI\",\"description\":\"\",\"publisher\":{\"@id\":\"https:\\\/\\\/deravio.com\\\/fi\\\/#organization\"},\"potentialAction\":[{\"@type\":\"SearchAction\",\"target\":{\"@type\":\"EntryPoint\",\"urlTemplate\":\"https:\\\/\\\/deravio.com\\\/fi\\\/?s={search_term_string}\"},\"query-input\":{\"@type\":\"PropertyValueSpecification\",\"valueRequired\":true,\"valueName\":\"search_term_string\"}}],\"inLanguage\":\"fi\"},{\"@type\":\"Organization\",\"@id\":\"https:\\\/\\\/deravio.com\\\/fi\\\/#organization\",\"name\":\"Mekulo\",\"url\":\"https:\\\/\\\/deravio.com\\\/fi\\\/\",\"logo\":{\"@type\":\"ImageObject\",\"inLanguage\":\"fi\",\"@id\":\"https:\\\/\\\/deravio.com\\\/fi\\\/#\\\/schema\\\/logo\\\/image\\\/\",\"url\":\"https:\\\/\\\/deravio.com\\\/fi\\\/wp-content\\\/uploads\\\/sites\\\/19\\\/2025\\\/12\\\/favicon_mekulo.png\",\"contentUrl\":\"https:\\\/\\\/deravio.com\\\/fi\\\/wp-content\\\/uploads\\\/sites\\\/19\\\/2025\\\/12\\\/favicon_mekulo.png\",\"width\":50,\"height\":50,\"caption\":\"Mekulo\"},\"image\":{\"@id\":\"https:\\\/\\\/deravio.com\\\/fi\\\/#\\\/schema\\\/logo\\\/image\\\/\"}}]}<\/script>\n<!-- \/ Yoast SEO plugin. -->","yoast_head_json":{"title":"Moonlight-moissaniittisormus - Deravio FI","robots":{"index":"index","follow":"follow","max-snippet":"max-snippet:-1","max-image-preview":"max-image-preview:large","max-video-preview":"max-video-preview:-1"},"canonical":"https:\/\/deravio.com\/fi\/tuote\/moonlight-moissaniittisormus\/","og_locale":"fi_FI","og_type":"article","og_title":"Moonlight-moissaniittisormus - Deravio FI","og_description":"\ud83d\udc8eHehku, joka tuntuu ikuiselta. \ud83d\udd90\ufe0fBrilliant tuli. Ajatonta eleganssia. \ud83d\udc8dT\u00e4m\u00e4 kuunvalo-moissaniittisormus vangitsee valon jokaisesta kulmasta ja tarjoaa hienojen korujen s\u00e4teily\u00e4 hienostuneella, modernilla kosketuksella.","og_url":"https:\/\/deravio.com\/fi\/tuote\/moonlight-moissaniittisormus\/","og_site_name":"Deravio FI","article_modified_time":"2026-05-12T08:26:29+00:00","og_image":[{"width":800,"height":800,"url":"https:\/\/deravio.com\/fi\/wp-content\/uploads\/sites\/19\/2026\/05\/8lsuibn-1.webp","type":"image\/webp"}],"twitter_card":"summary_large_image","twitter_misc":{"Arvioitu lukuaika":"2 minuuttia"},"schema":{"@context":"https:\/\/schema.org","@graph":[{"@type":"WebPage","@id":"https:\/\/deravio.com\/fi\/tuote\/moonlight-moissaniittisormus\/","url":"https:\/\/deravio.com\/fi\/tuote\/moonlight-moissaniittisormus\/","name":"Moonlight-moissaniittisormus - Deravio FI","isPartOf":{"@id":"https:\/\/deravio.com\/fi\/#website"},"primaryImageOfPage":{"@id":"https:\/\/deravio.com\/fi\/tuote\/moonlight-moissaniittisormus\/#primaryimage"},"image":{"@id":"https:\/\/deravio.com\/fi\/tuote\/moonlight-moissaniittisormus\/#primaryimage"},"thumbnailUrl":"https:\/\/deravio.com\/fi\/wp-content\/uploads\/sites\/19\/2026\/05\/8lsuibn-1.webp","datePublished":"2026-05-05T12:23:43+00:00","dateModified":"2026-05-12T08:26:29+00:00","breadcrumb":{"@id":"https:\/\/deravio.com\/fi\/tuote\/moonlight-moissaniittisormus\/#breadcrumb"},"inLanguage":"fi","potentialAction":[{"@type":"ReadAction","target":["https:\/\/deravio.com\/fi\/tuote\/moonlight-moissaniittisormus\/"]}]},{"@type":"ImageObject","inLanguage":"fi","@id":"https:\/\/deravio.com\/fi\/tuote\/moonlight-moissaniittisormus\/#primaryimage","url":"https:\/\/deravio.com\/fi\/wp-content\/uploads\/sites\/19\/2026\/05\/8lsuibn-1.webp","contentUrl":"https:\/\/deravio.com\/fi\/wp-content\/uploads\/sites\/19\/2026\/05\/8lsuibn-1.webp","width":800,"height":800},{"@type":"BreadcrumbList","@id":"https:\/\/deravio.com\/fi\/tuote\/moonlight-moissaniittisormus\/#breadcrumb","itemListElement":[{"@type":"ListItem","position":1,"name":"Home","item":"https:\/\/deravio.com\/fi\/"},{"@type":"ListItem","position":2,"name":"Kauppa","item":"https:\/\/deravio.com\/fi\/kauppa\/"},{"@type":"ListItem","position":3,"name":"Moonlight-moissaniittisormus"}]},{"@type":"WebSite","@id":"https:\/\/deravio.com\/fi\/#website","url":"https:\/\/deravio.com\/fi\/","name":"Deravio FI","description":"","publisher":{"@id":"https:\/\/deravio.com\/fi\/#organization"},"potentialAction":[{"@type":"SearchAction","target":{"@type":"EntryPoint","urlTemplate":"https:\/\/deravio.com\/fi\/?s={search_term_string}"},"query-input":{"@type":"PropertyValueSpecification","valueRequired":true,"valueName":"search_term_string"}}],"inLanguage":"fi"},{"@type":"Organization","@id":"https:\/\/deravio.com\/fi\/#organization","name":"Mekulo","url":"https:\/\/deravio.com\/fi\/","logo":{"@type":"ImageObject","inLanguage":"fi","@id":"https:\/\/deravio.com\/fi\/#\/schema\/logo\/image\/","url":"https:\/\/deravio.com\/fi\/wp-content\/uploads\/sites\/19\/2025\/12\/favicon_mekulo.png","contentUrl":"https:\/\/deravio.com\/fi\/wp-content\/uploads\/sites\/19\/2025\/12\/favicon_mekulo.png","width":50,"height":50,"caption":"Mekulo"},"image":{"@id":"https:\/\/deravio.com\/fi\/#\/schema\/logo\/image\/"}}]}},"_links":{"self":[{"href":"https:\/\/deravio.com\/fi\/wp-json\/wp\/v2\/product\/22152","targetHints":{"allow":["GET"]}}],"collection":[{"href":"https:\/\/deravio.com\/fi\/wp-json\/wp\/v2\/product"}],"about":[{"href":"https:\/\/deravio.com\/fi\/wp-json\/wp\/v2\/types\/product"}],"replies":[{"embeddable":true,"href":"https:\/\/deravio.com\/fi\/wp-json\/wp\/v2\/comments?post=22152"}],"wp:featuredmedia":[{"embeddable":true,"href":"https:\/\/deravio.com\/fi\/wp-json\/wp\/v2\/media\/22148"}],"wp:attachment":[{"href":"https:\/\/deravio.com\/fi\/wp-json\/wp\/v2\/media?parent=22152"}],"wp:term":[{"taxonomy":"product_brand","embeddable":true,"href":"https:\/\/deravio.com\/fi\/wp-json\/wp\/v2\/product_brand?post=22152"},{"taxonomy":"product_cat","embeddable":true,"href":"https:\/\/deravio.com\/fi\/wp-json\/wp\/v2\/product_cat?post=22152"},{"taxonomy":"product_tag","embeddable":true,"href":"https:\/\/deravio.com\/fi\/wp-json\/wp\/v2\/product_tag?post=22152"}],"curies":[{"name":"wp","href":"https:\/\/api.w.org\/{rel}","templated":true}]}}