{"id":22056,"date":"2026-04-29T17:48:30","date_gmt":"2026-04-29T14:48:30","guid":{"rendered":"https:\/\/deravio.com\/fi\/tuote\/kasvien-ripustuskoukut\/"},"modified":"2026-04-29T17:50:46","modified_gmt":"2026-04-29T14:50:46","slug":"kasvien-ripustuskoukut","status":"publish","type":"product","link":"https:\/\/deravio.com\/fi\/tuote\/kasvien-ripustuskoukut\/","title":{"rendered":"Kasvien ripustuskoukut"},"content":{"rendered":"<div>\n<div class=\"standard-markdown grid-cols-1 grid [&amp;_&gt;_*]:min-w-0 gap-3\">\n<h2 class=\"text-text-100 mt-3 -mb-1 text-[1.125rem] font-bold\" style=\"text-align: center;\">Nosta Ja Laske Ripustettavia Kasveja Helposti Ilman Koukkujen Tai Tikkaiden Kanssa Painimista.<\/h2>\n<\/div>\n<\/div>\n<div style=\"text-align: center;\">\n<div class=\"standard-markdown grid-cols-1 grid [&amp;_&gt;_*]:min-w-0 gap-3\">\n<p class=\"font-claude-response-body break-words whitespace-normal leading-[1.7]\">T\u00e4m\u00e4 sis\u00e4\u00e4nvedett\u00e4v\u00e4 kasvien vetokiekkoj\u00e4rjestelm\u00e4 tekee ripustettavien kasvien kastelemisesta ja hoitamisesta vaivatonta, sill\u00e4 voit s\u00e4\u00e4t\u00e4\u00e4 korkeutta yksinkertaisella vedolla. Raskas rakenne kest\u00e4\u00e4 huomattavan painon, ja s\u00e4\u00e4dett\u00e4v\u00e4n mekanismin avulla voit asettaa kasvit t\u00e4ydelliselle korkeudelle kastelua varten ja nostaa ne sitten takaisin yl\u00f6s helposti.<\/p>\n<\/div>\n<\/div>\n<p style=\"text-align: center;\"><img decoding=\"async\" class=\"size-full wp-image-16665 aligncenter\" src=\"https:\/\/keluvo.com\/template\/wp-content\/uploads\/sites\/5\/2025\/04\/Hanginghook-ezgif.com-video-to-webp-converter.webp\" alt=\"\" \/><\/p>\n<h2 class=\"text-text-100 mt-3 -mb-1 text-[1.125rem] font-bold\" style=\"text-align: center;\">T\u00e4rkeimm\u00e4t edut<\/h2>\n<p class=\"font-claude-response-body break-words whitespace-normal leading-[1.7]\" style=\"text-align: center;\">\u2b06\ufe0f\u2b07\ufe0f Vedett\u00e4v\u00e4 muotoilu s\u00e4\u00e4t\u00e4\u00e4 kasvien korkeutta helposti kastelua ja huoltoa varten<\/p>\n<p class=\"font-claude-response-body break-words whitespace-normal leading-[1.7]\" style=\"text-align: center;\">\ud83d\udcaa Heavy-duty-rakenne tukee ripustettavia koreja ja istutusastioita tukevasti<\/p>\n<p class=\"font-claude-response-body break-words whitespace-normal leading-[1.7]\" style=\"text-align: center;\">\ud83c\udfe0 Toimii t\u00e4ydellisesti sis\u00e4ll\u00e4 ja ulkona miss\u00e4 tahansa tilassa<\/p>\n<p class=\"font-claude-response-body break-words whitespace-normal leading-[1.7]\" style=\"text-align: center;\">\ud83d\udd27 Yksinkertainen asennus ilman monimutkaisia asetuksia<\/p>\n<p class=\"font-claude-response-body break-words whitespace-normal leading-[1.7]\" style=\"text-align: center;\">\ud83c\udfaf S\u00e4\u00e4dett\u00e4v\u00e4n pituuden avulla voit muokata t\u00e4ydellisen ripustettavan height<\/p>\n<p class=\"font-claude-response-body break-words whitespace-normal leading-[1.7]\" style=\"text-align: center;\">\u267b\ufe0f Uudelleenk\u00e4ytett\u00e4viss\u00e4 ja kest\u00e4v\u00e4 pitk\u00e4aikaiseen k\u00e4ytt\u00f6\u00f6n useiden kasvien kanssa<\/p>\n<p style=\"text-align: center;\"><img decoding=\"async\" class=\"size-full wp-image-16666 aligncenter\" src=\"https:\/\/keluvo.com\/template\/wp-content\/uploads\/sites\/5\/2025\/04\/dd8a590d-e30b-41c2-a1eb-5377d2d1deeb.webp\" alt=\"\" \/><\/p>\n<h2 style=\"text-align: center;\">Tuotteen Mitat:<\/h2>\n<p><img fetchpriority=\"high\" decoding=\"async\" class=\"wp-image-49078 aligncenter\" src=\"https:\/\/keluvo.com\/template\/wp-content\/uploads\/sites\/5\/2025\/04\/Sc67862acf1234f928749b1d37f0d3ab0p.png\" alt=\"\" width=\"629\" height=\"532\" \/><\/p>\n<h2 class=\"text-text-100 mt-3 -mb-1 text-[1.125rem] font-bold\" style=\"text-align: center;\">Tuotetiedot<\/h2>\n<ul class=\"[li_&amp;]:mb-0 [li_&amp;]:mt-1 [li_&amp;]:gap-1 [&amp;:not(:last-child)_ul]:pb-1 [&amp;:not(:last-child)_ol]:pb-1 list-disc flex flex-col gap-1 pl-8 mb-3\" style=\"text-align: center;\">\n<li class=\"whitespace-normal break-words pl-2\" style=\"text-align: left;\">Materiaali: kest\u00e4v\u00e4 muovirakenne<\/li>\n<li class=\"whitespace-normal break-words pl-2\" style=\"text-align: left;\">Tyyppi: s\u00e4\u00e4dett\u00e4v\u00e4 roikkuva korikoukkuj\u00e4rjestelm\u00e4<\/li>\n<li class=\"whitespace-normal break-words pl-2\" style=\"text-align: left;\">K\u00e4ytt\u00f6: kasvien ripustaminen sis\u00e4- ja ulkotiloihin<\/li>\n<li class=\"whitespace-normal break-words pl-2\" style=\"text-align: left;\">V\u00e4rit saatavana: musta, valkoinen<\/li>\n<li class=\"whitespace-normal break-words pl-2\" style=\"text-align: left;\">S\u00e4\u00e4t\u00f6: sis\u00e4\u00e4nvedett\u00e4v\u00e4 hihnapy\u00f6r\u00e4mekanismi<\/li>\n<\/ul>\n<h2 class=\"text-text-100 mt-3 -mb-1 text-[1.125rem] font-bold\" style=\"text-align: center;\">Mit\u00e4 Sis\u00e4ltyy<\/h2>\n<ul class=\"[li_&amp;]:mb-0 [li_&amp;]:mt-1 [li_&amp;]:gap-1 [&amp;:not(:last-child)_ul]:pb-1 [&amp;:not(:last-child)_ol]:pb-1 list-disc flex flex-col gap-1 pl-8 mb-3\">\n<li class=\"whitespace-normal break-words pl-2\" style=\"text-align: left;\">1, 2, 4x sis\u00e4\u00e4nvedett\u00e4v\u00e4\u00e4 kasviripustinta<\/li>\n<\/ul>\n","protected":false},"excerpt":{"rendered":"<p>Nosta Ja Laske Ripustettavia Kasveja Helposti Ilman Koukkujen Tai Tikkaiden Kanssa Painimista. T\u00e4m\u00e4 sis\u00e4\u00e4nvedett\u00e4v\u00e4 kasvien vetokiekkoj\u00e4rjestelm\u00e4 tekee ripustettavien kasvien kastelemisesta [&hellip;]<\/p>\n","protected":false},"featured_media":22052,"comment_status":"open","ping_status":"closed","template":"","meta":{"site-sidebar-layout":"default","site-content-layout":"","ast-site-content-layout":"default","site-content-style":"default","site-sidebar-style":"default","ast-global-header-display":"","ast-banner-title-visibility":"","ast-main-header-display":"","ast-hfb-above-header-display":"","ast-hfb-below-header-display":"","ast-hfb-mobile-header-display":"","site-post-title":"","ast-breadcrumbs-content":"","ast-featured-img":"","footer-sml-layout":"","ast-disable-related-posts":"","theme-transparent-header-meta":"default","adv-header-id-meta":"","stick-header-meta":"","header-above-stick-meta":"","header-main-stick-meta":"","header-below-stick-meta":"","astra-migrate-meta-layouts":"set","ast-page-background-enabled":"default","ast-page-background-meta":{"desktop":{"background-color":"var(--ast-global-color-5)","background-image":"","background-repeat":"repeat","background-position":"center center","background-size":"auto","background-attachment":"scroll","background-type":"","background-media":"","overlay-type":"","overlay-color":"","overlay-opacity":"","overlay-gradient":""},"tablet":{"background-color":"","background-image":"","background-repeat":"repeat","background-position":"center center","background-size":"auto","background-attachment":"scroll","background-type":"","background-media":"","overlay-type":"","overlay-color":"","overlay-opacity":"","overlay-gradient":""},"mobile":{"background-color":"","background-image":"","background-repeat":"repeat","background-position":"center center","background-size":"auto","background-attachment":"scroll","background-type":"","background-media":"","overlay-type":"","overlay-color":"","overlay-opacity":"","overlay-gradient":""}},"ast-content-background-meta":{"desktop":{"background-color":"var(--ast-global-color-4)","background-image":"","background-repeat":"repeat","background-position":"center center","background-size":"auto","background-attachment":"scroll","background-type":"","background-media":"","overlay-type":"","overlay-color":"","overlay-opacity":"","overlay-gradient":""},"tablet":{"background-color":"var(--ast-global-color-4)","background-image":"","background-repeat":"repeat","background-position":"center center","background-size":"auto","background-attachment":"scroll","background-type":"","background-media":"","overlay-type":"","overlay-color":"","overlay-opacity":"","overlay-gradient":""},"mobile":{"background-color":"var(--ast-global-color-4)","background-image":"","background-repeat":"repeat","background-position":"center center","background-size":"auto","background-attachment":"scroll","background-type":"","background-media":"","overlay-type":"","overlay-color":"","overlay-opacity":"","overlay-gradient":""}}},"product_brand":[],"product_cat":[15],"product_tag":[],"class_list":{"0":"post-22056","1":"product","2":"type-product","3":"status-publish","4":"has-post-thumbnail","6":"product_cat-luokittelematon","7":"pa_22312_gkev2d63-1kpl","8":"pa_22312_gkev2d63-2kpl","9":"pa_22312_gkev2d63-4kpl","10":"pa_22312_vb9u90uo-musta","11":"pa_22312_vb9u90uo-valkoinen","12":"desktop-align-left","13":"tablet-align-left","14":"mobile-align-left","16":"first","17":"instock","18":"shipping-taxable","19":"purchasable","20":"product-type-variable","21":"has-default-attributes"},"yoast_head":"<!-- This site is optimized with the Yoast SEO plugin v27.4 - https:\/\/yoast.com\/product\/yoast-seo-wordpress\/ -->\n<title>Kasvien ripustuskoukut - Deravio FI<\/title>\n<meta name=\"robots\" content=\"index, follow, max-snippet:-1, max-image-preview:large, max-video-preview:-1\" \/>\n<link rel=\"canonical\" href=\"https:\/\/deravio.com\/fi\/tuote\/kasvien-ripustuskoukut\/\" \/>\n<meta property=\"og:locale\" content=\"fi_FI\" \/>\n<meta property=\"og:type\" content=\"article\" \/>\n<meta property=\"og:title\" content=\"Kasvien ripustuskoukut - Deravio FI\" \/>\n<meta property=\"og:description\" content=\"Nosta Ja Laske Ripustettavia Kasveja Helposti Ilman Koukkujen Tai Tikkaiden Kanssa Painimista. T\u00e4m\u00e4 sis\u00e4\u00e4nvedett\u00e4v\u00e4 kasvien vetokiekkoj\u00e4rjestelm\u00e4 tekee ripustettavien kasvien kastelemisesta [&hellip;]\" \/>\n<meta property=\"og:url\" content=\"https:\/\/deravio.com\/fi\/tuote\/kasvien-ripustuskoukut\/\" \/>\n<meta property=\"og:site_name\" content=\"Deravio FI\" \/>\n<meta property=\"article:modified_time\" content=\"2026-04-29T14:50:46+00:00\" \/>\n<meta property=\"og:image\" content=\"https:\/\/deravio.com\/fi\/wp-content\/uploads\/sites\/19\/2026\/04\/ev6c93y-1.webp\" \/>\n\t<meta property=\"og:image:width\" content=\"560\" \/>\n\t<meta property=\"og:image:height\" content=\"560\" \/>\n\t<meta property=\"og:image:type\" content=\"image\/webp\" \/>\n<meta name=\"twitter:card\" content=\"summary_large_image\" \/>\n<meta name=\"twitter:label1\" content=\"Arvioitu lukuaika\" \/>\n\t<meta name=\"twitter:data1\" content=\"2 minuuttia\" \/>\n<script type=\"application\/ld+json\" class=\"yoast-schema-graph\">{\"@context\":\"https:\\\/\\\/schema.org\",\"@graph\":[{\"@type\":\"WebPage\",\"@id\":\"https:\\\/\\\/deravio.com\\\/fi\\\/tuote\\\/kasvien-ripustuskoukut\\\/\",\"url\":\"https:\\\/\\\/deravio.com\\\/fi\\\/tuote\\\/kasvien-ripustuskoukut\\\/\",\"name\":\"Kasvien ripustuskoukut - Deravio FI\",\"isPartOf\":{\"@id\":\"https:\\\/\\\/deravio.com\\\/fi\\\/#website\"},\"primaryImageOfPage\":{\"@id\":\"https:\\\/\\\/deravio.com\\\/fi\\\/tuote\\\/kasvien-ripustuskoukut\\\/#primaryimage\"},\"image\":{\"@id\":\"https:\\\/\\\/deravio.com\\\/fi\\\/tuote\\\/kasvien-ripustuskoukut\\\/#primaryimage\"},\"thumbnailUrl\":\"https:\\\/\\\/deravio.com\\\/fi\\\/wp-content\\\/uploads\\\/sites\\\/19\\\/2026\\\/04\\\/ev6c93y-1.webp\",\"datePublished\":\"2026-04-29T14:48:30+00:00\",\"dateModified\":\"2026-04-29T14:50:46+00:00\",\"breadcrumb\":{\"@id\":\"https:\\\/\\\/deravio.com\\\/fi\\\/tuote\\\/kasvien-ripustuskoukut\\\/#breadcrumb\"},\"inLanguage\":\"fi\",\"potentialAction\":[{\"@type\":\"ReadAction\",\"target\":[\"https:\\\/\\\/deravio.com\\\/fi\\\/tuote\\\/kasvien-ripustuskoukut\\\/\"]}]},{\"@type\":\"ImageObject\",\"inLanguage\":\"fi\",\"@id\":\"https:\\\/\\\/deravio.com\\\/fi\\\/tuote\\\/kasvien-ripustuskoukut\\\/#primaryimage\",\"url\":\"https:\\\/\\\/deravio.com\\\/fi\\\/wp-content\\\/uploads\\\/sites\\\/19\\\/2026\\\/04\\\/ev6c93y-1.webp\",\"contentUrl\":\"https:\\\/\\\/deravio.com\\\/fi\\\/wp-content\\\/uploads\\\/sites\\\/19\\\/2026\\\/04\\\/ev6c93y-1.webp\",\"width\":560,\"height\":560},{\"@type\":\"BreadcrumbList\",\"@id\":\"https:\\\/\\\/deravio.com\\\/fi\\\/tuote\\\/kasvien-ripustuskoukut\\\/#breadcrumb\",\"itemListElement\":[{\"@type\":\"ListItem\",\"position\":1,\"name\":\"Home\",\"item\":\"https:\\\/\\\/deravio.com\\\/fi\\\/\"},{\"@type\":\"ListItem\",\"position\":2,\"name\":\"Kauppa\",\"item\":\"https:\\\/\\\/deravio.com\\\/fi\\\/kauppa\\\/\"},{\"@type\":\"ListItem\",\"position\":3,\"name\":\"Kasvien ripustuskoukut\"}]},{\"@type\":\"WebSite\",\"@id\":\"https:\\\/\\\/deravio.com\\\/fi\\\/#website\",\"url\":\"https:\\\/\\\/deravio.com\\\/fi\\\/\",\"name\":\"Deravio FI\",\"description\":\"\",\"publisher\":{\"@id\":\"https:\\\/\\\/deravio.com\\\/fi\\\/#organization\"},\"potentialAction\":[{\"@type\":\"SearchAction\",\"target\":{\"@type\":\"EntryPoint\",\"urlTemplate\":\"https:\\\/\\\/deravio.com\\\/fi\\\/?s={search_term_string}\"},\"query-input\":{\"@type\":\"PropertyValueSpecification\",\"valueRequired\":true,\"valueName\":\"search_term_string\"}}],\"inLanguage\":\"fi\"},{\"@type\":\"Organization\",\"@id\":\"https:\\\/\\\/deravio.com\\\/fi\\\/#organization\",\"name\":\"Mekulo\",\"url\":\"https:\\\/\\\/deravio.com\\\/fi\\\/\",\"logo\":{\"@type\":\"ImageObject\",\"inLanguage\":\"fi\",\"@id\":\"https:\\\/\\\/deravio.com\\\/fi\\\/#\\\/schema\\\/logo\\\/image\\\/\",\"url\":\"https:\\\/\\\/deravio.com\\\/fi\\\/wp-content\\\/uploads\\\/sites\\\/19\\\/2025\\\/12\\\/favicon_mekulo.png\",\"contentUrl\":\"https:\\\/\\\/deravio.com\\\/fi\\\/wp-content\\\/uploads\\\/sites\\\/19\\\/2025\\\/12\\\/favicon_mekulo.png\",\"width\":50,\"height\":50,\"caption\":\"Mekulo\"},\"image\":{\"@id\":\"https:\\\/\\\/deravio.com\\\/fi\\\/#\\\/schema\\\/logo\\\/image\\\/\"}}]}<\/script>\n<!-- \/ Yoast SEO plugin. -->","yoast_head_json":{"title":"Kasvien ripustuskoukut - Deravio FI","robots":{"index":"index","follow":"follow","max-snippet":"max-snippet:-1","max-image-preview":"max-image-preview:large","max-video-preview":"max-video-preview:-1"},"canonical":"https:\/\/deravio.com\/fi\/tuote\/kasvien-ripustuskoukut\/","og_locale":"fi_FI","og_type":"article","og_title":"Kasvien ripustuskoukut - Deravio FI","og_description":"Nosta Ja Laske Ripustettavia Kasveja Helposti Ilman Koukkujen Tai Tikkaiden Kanssa Painimista. T\u00e4m\u00e4 sis\u00e4\u00e4nvedett\u00e4v\u00e4 kasvien vetokiekkoj\u00e4rjestelm\u00e4 tekee ripustettavien kasvien kastelemisesta [&hellip;]","og_url":"https:\/\/deravio.com\/fi\/tuote\/kasvien-ripustuskoukut\/","og_site_name":"Deravio FI","article_modified_time":"2026-04-29T14:50:46+00:00","og_image":[{"width":560,"height":560,"url":"https:\/\/deravio.com\/fi\/wp-content\/uploads\/sites\/19\/2026\/04\/ev6c93y-1.webp","type":"image\/webp"}],"twitter_card":"summary_large_image","twitter_misc":{"Arvioitu lukuaika":"2 minuuttia"},"schema":{"@context":"https:\/\/schema.org","@graph":[{"@type":"WebPage","@id":"https:\/\/deravio.com\/fi\/tuote\/kasvien-ripustuskoukut\/","url":"https:\/\/deravio.com\/fi\/tuote\/kasvien-ripustuskoukut\/","name":"Kasvien ripustuskoukut - Deravio FI","isPartOf":{"@id":"https:\/\/deravio.com\/fi\/#website"},"primaryImageOfPage":{"@id":"https:\/\/deravio.com\/fi\/tuote\/kasvien-ripustuskoukut\/#primaryimage"},"image":{"@id":"https:\/\/deravio.com\/fi\/tuote\/kasvien-ripustuskoukut\/#primaryimage"},"thumbnailUrl":"https:\/\/deravio.com\/fi\/wp-content\/uploads\/sites\/19\/2026\/04\/ev6c93y-1.webp","datePublished":"2026-04-29T14:48:30+00:00","dateModified":"2026-04-29T14:50:46+00:00","breadcrumb":{"@id":"https:\/\/deravio.com\/fi\/tuote\/kasvien-ripustuskoukut\/#breadcrumb"},"inLanguage":"fi","potentialAction":[{"@type":"ReadAction","target":["https:\/\/deravio.com\/fi\/tuote\/kasvien-ripustuskoukut\/"]}]},{"@type":"ImageObject","inLanguage":"fi","@id":"https:\/\/deravio.com\/fi\/tuote\/kasvien-ripustuskoukut\/#primaryimage","url":"https:\/\/deravio.com\/fi\/wp-content\/uploads\/sites\/19\/2026\/04\/ev6c93y-1.webp","contentUrl":"https:\/\/deravio.com\/fi\/wp-content\/uploads\/sites\/19\/2026\/04\/ev6c93y-1.webp","width":560,"height":560},{"@type":"BreadcrumbList","@id":"https:\/\/deravio.com\/fi\/tuote\/kasvien-ripustuskoukut\/#breadcrumb","itemListElement":[{"@type":"ListItem","position":1,"name":"Home","item":"https:\/\/deravio.com\/fi\/"},{"@type":"ListItem","position":2,"name":"Kauppa","item":"https:\/\/deravio.com\/fi\/kauppa\/"},{"@type":"ListItem","position":3,"name":"Kasvien ripustuskoukut"}]},{"@type":"WebSite","@id":"https:\/\/deravio.com\/fi\/#website","url":"https:\/\/deravio.com\/fi\/","name":"Deravio FI","description":"","publisher":{"@id":"https:\/\/deravio.com\/fi\/#organization"},"potentialAction":[{"@type":"SearchAction","target":{"@type":"EntryPoint","urlTemplate":"https:\/\/deravio.com\/fi\/?s={search_term_string}"},"query-input":{"@type":"PropertyValueSpecification","valueRequired":true,"valueName":"search_term_string"}}],"inLanguage":"fi"},{"@type":"Organization","@id":"https:\/\/deravio.com\/fi\/#organization","name":"Mekulo","url":"https:\/\/deravio.com\/fi\/","logo":{"@type":"ImageObject","inLanguage":"fi","@id":"https:\/\/deravio.com\/fi\/#\/schema\/logo\/image\/","url":"https:\/\/deravio.com\/fi\/wp-content\/uploads\/sites\/19\/2025\/12\/favicon_mekulo.png","contentUrl":"https:\/\/deravio.com\/fi\/wp-content\/uploads\/sites\/19\/2025\/12\/favicon_mekulo.png","width":50,"height":50,"caption":"Mekulo"},"image":{"@id":"https:\/\/deravio.com\/fi\/#\/schema\/logo\/image\/"}}]}},"_links":{"self":[{"href":"https:\/\/deravio.com\/fi\/wp-json\/wp\/v2\/product\/22056","targetHints":{"allow":["GET"]}}],"collection":[{"href":"https:\/\/deravio.com\/fi\/wp-json\/wp\/v2\/product"}],"about":[{"href":"https:\/\/deravio.com\/fi\/wp-json\/wp\/v2\/types\/product"}],"replies":[{"embeddable":true,"href":"https:\/\/deravio.com\/fi\/wp-json\/wp\/v2\/comments?post=22056"}],"wp:featuredmedia":[{"embeddable":true,"href":"https:\/\/deravio.com\/fi\/wp-json\/wp\/v2\/media\/22052"}],"wp:attachment":[{"href":"https:\/\/deravio.com\/fi\/wp-json\/wp\/v2\/media?parent=22056"}],"wp:term":[{"taxonomy":"product_brand","embeddable":true,"href":"https:\/\/deravio.com\/fi\/wp-json\/wp\/v2\/product_brand?post=22056"},{"taxonomy":"product_cat","embeddable":true,"href":"https:\/\/deravio.com\/fi\/wp-json\/wp\/v2\/product_cat?post=22056"},{"taxonomy":"product_tag","embeddable":true,"href":"https:\/\/deravio.com\/fi\/wp-json\/wp\/v2\/product_tag?post=22056"}],"curies":[{"name":"wp","href":"https:\/\/api.w.org\/{rel}","templated":true}]}}