{"id":22036,"date":"2026-04-29T16:10:21","date_gmt":"2026-04-29T13:10:21","guid":{"rendered":"https:\/\/deravio.com\/fi\/tuote\/mini-alypuhelin\/"},"modified":"2026-04-29T16:14:48","modified_gmt":"2026-04-29T13:14:48","slug":"mini-alypuhelin","status":"publish","type":"product","link":"https:\/\/deravio.com\/fi\/tuote\/mini-alypuhelin\/","title":{"rendered":"Mini \u00e4lypuhelin"},"content":{"rendered":"<h2 style=\"text-align: center;\" data-start=\"43\" data-end=\"71\">Taskukokoinen<\/h2>\n<p class=\"\" style=\"text-align: center;\" data-start=\"73\" data-end=\"192\"><span class=\"relative -mx-px my-[-0.2rem] rounded px-px py-[0.2rem]\">Kokeile \u00e4\u00e4rimm\u00e4ist\u00e4 kannettavuutta mini\u00e4lypuhelimellamme.<\/span> <span class=\"relative -mx-px my-[-0.2rem] rounded px-px py-[0.2rem]\">Mitoiltaan vain 90 mm x 47 mm x 12,2 mm ja painoltaan vain 67 grammaa, t\u00e4m\u00e4 laite mahtuu mukavasti k\u00e4teen tai taskuun, joten se sopii t\u00e4ydellisesti liikkeell\u00e4 olevaan k\u00e4ytt\u00f6\u00f6n.<\/span><\/p>\n<p class=\"\" style=\"text-align: center;\" data-start=\"73\" data-end=\"192\"><img decoding=\"async\" class=\"alignnone size-medium wp-image-12959\" src=\"https:\/\/keluvo.com\/template\/wp-content\/uploads\/sites\/5\/2025\/03\/pocket-phone.jpg\" alt=\"\" \/>\u200b<\/p>\n<h2 style=\"text-align: center;\" data-start=\"194\" data-end=\"219\">Tehokas Suorituskyky<\/h2>\n<p class=\"\" style=\"text-align: center;\" data-start=\"221\" data-end=\"340\"><span class=\"relative -mx-px my-[-0.2rem] rounded px-px py-[0.2rem]\">T\u00e4m\u00e4 MTK6580-neliydinsuorittimella ja 2 Gt:lla RAM-muistia sek\u00e4 16 Gt:lla sis\u00e4ist\u00e4 tallennustilaa varustettu \u00e4lypuhelin selviytyy p\u00e4ivitt\u00e4isist\u00e4 teht\u00e4vist\u00e4 helposti.<\/span> <span class=\"relative -mx-px my-[-0.2rem] rounded px-px py-[0.2rem]\">Selaatpa sitten interneti\u00e4, tarkistat s\u00e4hk\u00f6posteja tai k\u00e4yt\u00e4t suosikkisovelluksiasi, nauti sujuvasta ja reagoivasta k\u00e4ytt\u00f6kokemuksesta.<\/span><\/p>\n<p class=\"\" style=\"text-align: center;\" data-start=\"221\" data-end=\"340\"><img decoding=\"async\" class=\"alignnone size-medium wp-image-12958\" src=\"https:\/\/keluvo.com\/template\/wp-content\/uploads\/sites\/5\/2025\/03\/minismartphonevideo-ezgif.com-gif-to-webp-converter.webp\" alt=\"\" \/>\u200b<\/p>\n<h2 style=\"text-align: center;\" data-start=\"342\" data-end=\"366\">Kahden SIM-Kortin Joustavuus<\/h2>\n<p class=\"\" style=\"text-align: center;\" data-start=\"368\" data-end=\"487\"><span class=\"relative -mx-px my-[-0.2rem] rounded px-px py-[0.2rem]\">Pysy yhteydess\u00e4 miss\u00e4 ikin\u00e4 oletkin kahden SIM-kortin tuen ansiosta.<\/span> <span class=\"relative -mx-px my-[-0.2rem] rounded px-px py-[0.2rem]\">Hallitse henkil\u00f6kohtaisia ja ty\u00f6kontakteja yhdell\u00e4 laitteella tai hy\u00f6dynn\u00e4 eri operaattoreiden suunnitelmia kattavuuden ja kustannusten optimoimiseksi.<\/span><\/p>\n<p class=\"\" style=\"text-align: center;\" data-start=\"368\" data-end=\"487\"><img decoding=\"async\" class=\"alignnone size-medium wp-image-12957\" src=\"https:\/\/keluvo.com\/template\/wp-content\/uploads\/sites\/5\/2025\/03\/dual-sim-smart-phone.jpg\" alt=\"\" \/>\u200b<\/p>\n<h2 style=\"text-align: center;\" data-start=\"489\" data-end=\"517\">K\u00e4ytt\u00e4j\u00e4yst\u00e4v\u00e4llinen Android-K\u00e4ytt\u00f6j\u00e4rjestelm\u00e4<\/h2>\n<p class=\"\" style=\"text-align: center;\" data-start=\"519\" data-end=\"642\"><span class=\"relative -mx-px my-[-0.2rem] rounded px-px py-[0.2rem]\">T\u00e4m\u00e4 Android 9.0 -k\u00e4ytt\u00f6j\u00e4rjestelm\u00e4ll\u00e4 toimiva mini\u00e4lypuhelin tarjoaa p\u00e4\u00e4syn laajaan valikoimaan sovelluksia Google Play Storen kautta.<\/span> <span class=\"relative -mx-px my-[-0.2rem] rounded px-px py-[0.2rem]\">Mukauta laite tarpeittesi mukaan ja nauti k\u00e4ytt\u00e4j\u00e4yst\u00e4v\u00e4llisest\u00e4 k\u00e4ytt\u00f6liittym\u00e4st\u00e4, joka on suunniteltu yksinkertaiseksi ja tehokkaaksi.<\/span><\/p>\n<p class=\"\" style=\"text-align: center;\" data-start=\"519\" data-end=\"642\"><img decoding=\"async\" class=\"alignnone size-medium wp-image-12954\" src=\"https:\/\/keluvo.com\/template\/wp-content\/uploads\/sites\/5\/2025\/03\/android-mini-phone.jpg\" alt=\"\" \/>\u200b<\/p>\n<h2 style=\"text-align: center;\" data-start=\"644\" data-end=\"666\">Ota Hetki Talteen<\/h2>\n<p class=\"\" style=\"text-align: center;\" data-start=\"668\" data-end=\"793\"><span class=\"relative -mx-px my-[-0.2rem] rounded px-px py-[0.2rem]\">Laitteessa on kompaktista koostaan huolimatta 5 megapikselin takakamera ja 2 megapikselin etukamera, joiden avulla voit ottaa valokuvia ja k\u00e4yd\u00e4 videokeskusteluja helposti.<\/span> <span class=\"relative -mx-px my-[-0.2rem] rounded px-px py-[0.2rem]\">Huomaa, ett\u00e4 vain yksi takakamera on toimiva. Muut linssit ovat koristeellisia.<\/span><\/p>\n<p class=\"\" style=\"text-align: center;\" data-start=\"668\" data-end=\"793\"><img decoding=\"async\" class=\"alignnone size-medium wp-image-12947\" src=\"https:\/\/keluvo.com\/template\/wp-content\/uploads\/sites\/5\/2025\/03\/main-image-6-removebg-preview.png\" alt=\"\" \/>\u200b<\/p>\n<h2 style=\"text-align: center;\" data-start=\"795\" data-end=\"836\">Olennaiset Ominaisuudet K\u00e4den Ulottuvilla<\/h2>\n<p class=\"\" style=\"text-align: center;\" data-start=\"838\" data-end=\"963\"><span class=\"relative -mx-px my-[-0.2rem] rounded px-px py-[0.2rem]\">T\u00e4m\u00e4ss\u00e4 mini\u00e4lypuhelimessa on olennaiset ty\u00f6kalut, kuten laskin, her\u00e4tyskello, kalenteri, muistilista ja paljon muuta.<\/span> <span class=\"relative -mx-px my-[-0.2rem] rounded px-px py-[0.2rem]\">Pysy organisoituna ja tuottavana koko p\u00e4iv\u00e4si ajan n\u00e4iden k\u00e4tevien ominaisuuksien avulla.<\/span>\u200b<\/p>\n<h2 style=\"text-align: center;\" data-start=\"965\" data-end=\"987\">Mit\u00e4 Pakkauksessa On:<\/h2>\n<ul style=\"text-align: center;\" data-start=\"989\" data-end=\"1521\">\n<li class=\"\" data-start=\"989\" data-end=\"1076\">\n<p class=\"\" data-start=\"991\" data-end=\"1076\"><span class=\"relative -mx-px my-[-0.2rem] rounded px-px py-[0.2rem]\">1 x Mini\u00e4lypuhelin<\/span>\u200b<\/p>\n<\/li>\n<li class=\"\" data-start=\"1078\" data-end=\"1165\">\n<p class=\"\" data-start=\"1080\" data-end=\"1165\"><span class=\"relative -mx-px my-[-0.2rem] rounded px-px py-[0.2rem]\">1 x K\u00e4ytt\u00f6opas<\/span>\u200b<\/p>\n<\/li>\n<li class=\"\" data-start=\"1167\" data-end=\"1254\">\n<p class=\"\" data-start=\"1169\" data-end=\"1254\"><span class=\"relative -mx-px my-[-0.2rem] rounded px-px py-[0.2rem]\">1 x SIM-kortin irrotusnasta<\/span>\u200b<\/p>\n<\/li>\n<li class=\"\" data-start=\"1434\" data-end=\"1521\">\n<p class=\"\" data-start=\"1436\" data-end=\"1521\"><span class=\"relative -mx-px my-[-0.2rem] rounded px-px py-[0.2rem]\">1 x USB Type-C -kaapeli<\/span>\u200b<\/p>\n<\/li>\n<\/ul>\n<p class=\"\" style=\"text-align: center;\" data-start=\"1523\" data-end=\"1697\"><strong>Huomio<\/strong>: Virtal\u00e4hdett\u00e4 ei toimiteta mukana.<\/p>\n","protected":false},"excerpt":{"rendered":"<p>Pienikokoinen mini\u00e4lypuhelin, joka on suunniteltu helppoon yhden k\u00e4den k\u00e4ytt\u00f6\u00f6n ja jokap\u00e4iv\u00e4isiin tarpeisiin. Se tarjoaa tasaisen suorituskyvyn, k\u00e4ytt\u00e4j\u00e4yst\u00e4v\u00e4llisen Android-j\u00e4rjestelm\u00e4n, kahden SIM-kortin tuen ja \u00e4lypuhelimen keskeiset ominaisuudet taskukokoisessa muotoilussa. Ihanteellinen varapuhelimeksi, matkalaitteeksi tai minimalistiseksi p\u00e4ivitt\u00e4iseksi puhelimeksi.<\/p>\n","protected":false},"featured_media":22031,"comment_status":"open","ping_status":"closed","template":"","meta":{"site-sidebar-layout":"default","site-content-layout":"","ast-site-content-layout":"default","site-content-style":"default","site-sidebar-style":"default","ast-global-header-display":"","ast-banner-title-visibility":"","ast-main-header-display":"","ast-hfb-above-header-display":"","ast-hfb-below-header-display":"","ast-hfb-mobile-header-display":"","site-post-title":"","ast-breadcrumbs-content":"","ast-featured-img":"","footer-sml-layout":"","ast-disable-related-posts":"","theme-transparent-header-meta":"default","adv-header-id-meta":"","stick-header-meta":"","header-above-stick-meta":"","header-main-stick-meta":"","header-below-stick-meta":"","astra-migrate-meta-layouts":"set","ast-page-background-enabled":"default","ast-page-background-meta":{"desktop":{"background-color":"var(--ast-global-color-5)","background-image":"","background-repeat":"repeat","background-position":"center center","background-size":"auto","background-attachment":"scroll","background-type":"","background-media":"","overlay-type":"","overlay-color":"","overlay-opacity":"","overlay-gradient":""},"tablet":{"background-color":"","background-image":"","background-repeat":"repeat","background-position":"center center","background-size":"auto","background-attachment":"scroll","background-type":"","background-media":"","overlay-type":"","overlay-color":"","overlay-opacity":"","overlay-gradient":""},"mobile":{"background-color":"","background-image":"","background-repeat":"repeat","background-position":"center center","background-size":"auto","background-attachment":"scroll","background-type":"","background-media":"","overlay-type":"","overlay-color":"","overlay-opacity":"","overlay-gradient":""}},"ast-content-background-meta":{"desktop":{"background-color":"var(--ast-global-color-4)","background-image":"","background-repeat":"repeat","background-position":"center center","background-size":"auto","background-attachment":"scroll","background-type":"","background-media":"","overlay-type":"","overlay-color":"","overlay-opacity":"","overlay-gradient":""},"tablet":{"background-color":"var(--ast-global-color-4)","background-image":"","background-repeat":"repeat","background-position":"center center","background-size":"auto","background-attachment":"scroll","background-type":"","background-media":"","overlay-type":"","overlay-color":"","overlay-opacity":"","overlay-gradient":""},"mobile":{"background-color":"var(--ast-global-color-4)","background-image":"","background-repeat":"repeat","background-position":"center center","background-size":"auto","background-attachment":"scroll","background-type":"","background-media":"","overlay-type":"","overlay-color":"","overlay-opacity":"","overlay-gradient":""}}},"product_brand":[],"product_cat":[15],"product_tag":[],"class_list":{"0":"post-22036","1":"product","2":"type-product","3":"status-publish","4":"has-post-thumbnail","6":"product_cat-luokittelematon","7":"pa_17968_ldxpdedd-harmaa","8":"pa_17968_ldxpdedd-musta","9":"pa_17968_ldxpdedd-sininen","10":"pa_17968_ldxpdedd-vaaleanpunainen","11":"pa_17968_ldxpdedd-violetti","12":"desktop-align-left","13":"tablet-align-left","14":"mobile-align-left","16":"first","17":"instock","18":"shipping-taxable","19":"purchasable","20":"product-type-variable"},"yoast_head":"<!-- This site is optimized with the Yoast SEO plugin v27.4 - https:\/\/yoast.com\/product\/yoast-seo-wordpress\/ -->\n<title>Mini \u00e4lypuhelin - Deravio FI<\/title>\n<meta name=\"robots\" content=\"index, follow, max-snippet:-1, max-image-preview:large, max-video-preview:-1\" \/>\n<link rel=\"canonical\" href=\"https:\/\/deravio.com\/fi\/tuote\/mini-alypuhelin\/\" \/>\n<meta property=\"og:locale\" content=\"fi_FI\" \/>\n<meta property=\"og:type\" content=\"article\" \/>\n<meta property=\"og:title\" content=\"Mini \u00e4lypuhelin - Deravio FI\" \/>\n<meta property=\"og:description\" content=\"Pienikokoinen mini\u00e4lypuhelin, joka on suunniteltu helppoon yhden k\u00e4den k\u00e4ytt\u00f6\u00f6n ja jokap\u00e4iv\u00e4isiin tarpeisiin. Se tarjoaa tasaisen suorituskyvyn, k\u00e4ytt\u00e4j\u00e4yst\u00e4v\u00e4llisen Android-j\u00e4rjestelm\u00e4n, kahden SIM-kortin tuen ja \u00e4lypuhelimen keskeiset ominaisuudet taskukokoisessa muotoilussa. Ihanteellinen varapuhelimeksi, matkalaitteeksi tai minimalistiseksi p\u00e4ivitt\u00e4iseksi puhelimeksi.\" \/>\n<meta property=\"og:url\" content=\"https:\/\/deravio.com\/fi\/tuote\/mini-alypuhelin\/\" \/>\n<meta property=\"og:site_name\" content=\"Deravio FI\" \/>\n<meta property=\"article:modified_time\" content=\"2026-04-29T13:14:48+00:00\" \/>\n<meta property=\"og:image\" content=\"https:\/\/deravio.com\/fi\/wp-content\/uploads\/sites\/19\/2026\/04\/5cffxlw-1.png\" \/>\n\t<meta property=\"og:image:width\" content=\"500\" \/>\n\t<meta property=\"og:image:height\" content=\"500\" \/>\n\t<meta property=\"og:image:type\" content=\"image\/png\" \/>\n<meta name=\"twitter:card\" content=\"summary_large_image\" \/>\n<meta name=\"twitter:label1\" content=\"Arvioitu lukuaika\" \/>\n\t<meta name=\"twitter:data1\" content=\"3 minuuttia\" \/>\n<script type=\"application\/ld+json\" class=\"yoast-schema-graph\">{\"@context\":\"https:\\\/\\\/schema.org\",\"@graph\":[{\"@type\":\"WebPage\",\"@id\":\"https:\\\/\\\/deravio.com\\\/fi\\\/tuote\\\/mini-alypuhelin\\\/\",\"url\":\"https:\\\/\\\/deravio.com\\\/fi\\\/tuote\\\/mini-alypuhelin\\\/\",\"name\":\"Mini \u00e4lypuhelin - Deravio FI\",\"isPartOf\":{\"@id\":\"https:\\\/\\\/deravio.com\\\/fi\\\/#website\"},\"primaryImageOfPage\":{\"@id\":\"https:\\\/\\\/deravio.com\\\/fi\\\/tuote\\\/mini-alypuhelin\\\/#primaryimage\"},\"image\":{\"@id\":\"https:\\\/\\\/deravio.com\\\/fi\\\/tuote\\\/mini-alypuhelin\\\/#primaryimage\"},\"thumbnailUrl\":\"https:\\\/\\\/deravio.com\\\/fi\\\/wp-content\\\/uploads\\\/sites\\\/19\\\/2026\\\/04\\\/5cffxlw-1.png\",\"datePublished\":\"2026-04-29T13:10:21+00:00\",\"dateModified\":\"2026-04-29T13:14:48+00:00\",\"breadcrumb\":{\"@id\":\"https:\\\/\\\/deravio.com\\\/fi\\\/tuote\\\/mini-alypuhelin\\\/#breadcrumb\"},\"inLanguage\":\"fi\",\"potentialAction\":[{\"@type\":\"ReadAction\",\"target\":[\"https:\\\/\\\/deravio.com\\\/fi\\\/tuote\\\/mini-alypuhelin\\\/\"]}]},{\"@type\":\"ImageObject\",\"inLanguage\":\"fi\",\"@id\":\"https:\\\/\\\/deravio.com\\\/fi\\\/tuote\\\/mini-alypuhelin\\\/#primaryimage\",\"url\":\"https:\\\/\\\/deravio.com\\\/fi\\\/wp-content\\\/uploads\\\/sites\\\/19\\\/2026\\\/04\\\/5cffxlw-1.png\",\"contentUrl\":\"https:\\\/\\\/deravio.com\\\/fi\\\/wp-content\\\/uploads\\\/sites\\\/19\\\/2026\\\/04\\\/5cffxlw-1.png\",\"width\":500,\"height\":500},{\"@type\":\"BreadcrumbList\",\"@id\":\"https:\\\/\\\/deravio.com\\\/fi\\\/tuote\\\/mini-alypuhelin\\\/#breadcrumb\",\"itemListElement\":[{\"@type\":\"ListItem\",\"position\":1,\"name\":\"Home\",\"item\":\"https:\\\/\\\/deravio.com\\\/fi\\\/\"},{\"@type\":\"ListItem\",\"position\":2,\"name\":\"Kauppa\",\"item\":\"https:\\\/\\\/deravio.com\\\/fi\\\/kauppa\\\/\"},{\"@type\":\"ListItem\",\"position\":3,\"name\":\"Mini \u00e4lypuhelin\"}]},{\"@type\":\"WebSite\",\"@id\":\"https:\\\/\\\/deravio.com\\\/fi\\\/#website\",\"url\":\"https:\\\/\\\/deravio.com\\\/fi\\\/\",\"name\":\"Deravio FI\",\"description\":\"\",\"publisher\":{\"@id\":\"https:\\\/\\\/deravio.com\\\/fi\\\/#organization\"},\"potentialAction\":[{\"@type\":\"SearchAction\",\"target\":{\"@type\":\"EntryPoint\",\"urlTemplate\":\"https:\\\/\\\/deravio.com\\\/fi\\\/?s={search_term_string}\"},\"query-input\":{\"@type\":\"PropertyValueSpecification\",\"valueRequired\":true,\"valueName\":\"search_term_string\"}}],\"inLanguage\":\"fi\"},{\"@type\":\"Organization\",\"@id\":\"https:\\\/\\\/deravio.com\\\/fi\\\/#organization\",\"name\":\"Mekulo\",\"url\":\"https:\\\/\\\/deravio.com\\\/fi\\\/\",\"logo\":{\"@type\":\"ImageObject\",\"inLanguage\":\"fi\",\"@id\":\"https:\\\/\\\/deravio.com\\\/fi\\\/#\\\/schema\\\/logo\\\/image\\\/\",\"url\":\"https:\\\/\\\/deravio.com\\\/fi\\\/wp-content\\\/uploads\\\/sites\\\/19\\\/2025\\\/12\\\/favicon_mekulo.png\",\"contentUrl\":\"https:\\\/\\\/deravio.com\\\/fi\\\/wp-content\\\/uploads\\\/sites\\\/19\\\/2025\\\/12\\\/favicon_mekulo.png\",\"width\":50,\"height\":50,\"caption\":\"Mekulo\"},\"image\":{\"@id\":\"https:\\\/\\\/deravio.com\\\/fi\\\/#\\\/schema\\\/logo\\\/image\\\/\"}}]}<\/script>\n<!-- \/ Yoast SEO plugin. -->","yoast_head_json":{"title":"Mini \u00e4lypuhelin - Deravio FI","robots":{"index":"index","follow":"follow","max-snippet":"max-snippet:-1","max-image-preview":"max-image-preview:large","max-video-preview":"max-video-preview:-1"},"canonical":"https:\/\/deravio.com\/fi\/tuote\/mini-alypuhelin\/","og_locale":"fi_FI","og_type":"article","og_title":"Mini \u00e4lypuhelin - Deravio FI","og_description":"Pienikokoinen mini\u00e4lypuhelin, joka on suunniteltu helppoon yhden k\u00e4den k\u00e4ytt\u00f6\u00f6n ja jokap\u00e4iv\u00e4isiin tarpeisiin. Se tarjoaa tasaisen suorituskyvyn, k\u00e4ytt\u00e4j\u00e4yst\u00e4v\u00e4llisen Android-j\u00e4rjestelm\u00e4n, kahden SIM-kortin tuen ja \u00e4lypuhelimen keskeiset ominaisuudet taskukokoisessa muotoilussa. Ihanteellinen varapuhelimeksi, matkalaitteeksi tai minimalistiseksi p\u00e4ivitt\u00e4iseksi puhelimeksi.","og_url":"https:\/\/deravio.com\/fi\/tuote\/mini-alypuhelin\/","og_site_name":"Deravio FI","article_modified_time":"2026-04-29T13:14:48+00:00","og_image":[{"width":500,"height":500,"url":"https:\/\/deravio.com\/fi\/wp-content\/uploads\/sites\/19\/2026\/04\/5cffxlw-1.png","type":"image\/png"}],"twitter_card":"summary_large_image","twitter_misc":{"Arvioitu lukuaika":"3 minuuttia"},"schema":{"@context":"https:\/\/schema.org","@graph":[{"@type":"WebPage","@id":"https:\/\/deravio.com\/fi\/tuote\/mini-alypuhelin\/","url":"https:\/\/deravio.com\/fi\/tuote\/mini-alypuhelin\/","name":"Mini \u00e4lypuhelin - Deravio FI","isPartOf":{"@id":"https:\/\/deravio.com\/fi\/#website"},"primaryImageOfPage":{"@id":"https:\/\/deravio.com\/fi\/tuote\/mini-alypuhelin\/#primaryimage"},"image":{"@id":"https:\/\/deravio.com\/fi\/tuote\/mini-alypuhelin\/#primaryimage"},"thumbnailUrl":"https:\/\/deravio.com\/fi\/wp-content\/uploads\/sites\/19\/2026\/04\/5cffxlw-1.png","datePublished":"2026-04-29T13:10:21+00:00","dateModified":"2026-04-29T13:14:48+00:00","breadcrumb":{"@id":"https:\/\/deravio.com\/fi\/tuote\/mini-alypuhelin\/#breadcrumb"},"inLanguage":"fi","potentialAction":[{"@type":"ReadAction","target":["https:\/\/deravio.com\/fi\/tuote\/mini-alypuhelin\/"]}]},{"@type":"ImageObject","inLanguage":"fi","@id":"https:\/\/deravio.com\/fi\/tuote\/mini-alypuhelin\/#primaryimage","url":"https:\/\/deravio.com\/fi\/wp-content\/uploads\/sites\/19\/2026\/04\/5cffxlw-1.png","contentUrl":"https:\/\/deravio.com\/fi\/wp-content\/uploads\/sites\/19\/2026\/04\/5cffxlw-1.png","width":500,"height":500},{"@type":"BreadcrumbList","@id":"https:\/\/deravio.com\/fi\/tuote\/mini-alypuhelin\/#breadcrumb","itemListElement":[{"@type":"ListItem","position":1,"name":"Home","item":"https:\/\/deravio.com\/fi\/"},{"@type":"ListItem","position":2,"name":"Kauppa","item":"https:\/\/deravio.com\/fi\/kauppa\/"},{"@type":"ListItem","position":3,"name":"Mini \u00e4lypuhelin"}]},{"@type":"WebSite","@id":"https:\/\/deravio.com\/fi\/#website","url":"https:\/\/deravio.com\/fi\/","name":"Deravio FI","description":"","publisher":{"@id":"https:\/\/deravio.com\/fi\/#organization"},"potentialAction":[{"@type":"SearchAction","target":{"@type":"EntryPoint","urlTemplate":"https:\/\/deravio.com\/fi\/?s={search_term_string}"},"query-input":{"@type":"PropertyValueSpecification","valueRequired":true,"valueName":"search_term_string"}}],"inLanguage":"fi"},{"@type":"Organization","@id":"https:\/\/deravio.com\/fi\/#organization","name":"Mekulo","url":"https:\/\/deravio.com\/fi\/","logo":{"@type":"ImageObject","inLanguage":"fi","@id":"https:\/\/deravio.com\/fi\/#\/schema\/logo\/image\/","url":"https:\/\/deravio.com\/fi\/wp-content\/uploads\/sites\/19\/2025\/12\/favicon_mekulo.png","contentUrl":"https:\/\/deravio.com\/fi\/wp-content\/uploads\/sites\/19\/2025\/12\/favicon_mekulo.png","width":50,"height":50,"caption":"Mekulo"},"image":{"@id":"https:\/\/deravio.com\/fi\/#\/schema\/logo\/image\/"}}]}},"_links":{"self":[{"href":"https:\/\/deravio.com\/fi\/wp-json\/wp\/v2\/product\/22036","targetHints":{"allow":["GET"]}}],"collection":[{"href":"https:\/\/deravio.com\/fi\/wp-json\/wp\/v2\/product"}],"about":[{"href":"https:\/\/deravio.com\/fi\/wp-json\/wp\/v2\/types\/product"}],"replies":[{"embeddable":true,"href":"https:\/\/deravio.com\/fi\/wp-json\/wp\/v2\/comments?post=22036"}],"wp:featuredmedia":[{"embeddable":true,"href":"https:\/\/deravio.com\/fi\/wp-json\/wp\/v2\/media\/22031"}],"wp:attachment":[{"href":"https:\/\/deravio.com\/fi\/wp-json\/wp\/v2\/media?parent=22036"}],"wp:term":[{"taxonomy":"product_brand","embeddable":true,"href":"https:\/\/deravio.com\/fi\/wp-json\/wp\/v2\/product_brand?post=22036"},{"taxonomy":"product_cat","embeddable":true,"href":"https:\/\/deravio.com\/fi\/wp-json\/wp\/v2\/product_cat?post=22036"},{"taxonomy":"product_tag","embeddable":true,"href":"https:\/\/deravio.com\/fi\/wp-json\/wp\/v2\/product_tag?post=22036"}],"curies":[{"name":"wp","href":"https:\/\/api.w.org\/{rel}","templated":true}]}}