{"id":21841,"date":"2026-04-15T19:45:21","date_gmt":"2026-04-15T16:45:21","guid":{"rendered":"https:\/\/deravio.com\/fi\/tuote\/luxe-sydan-kristalli-korvakorut\/"},"modified":"2026-04-15T19:45:37","modified_gmt":"2026-04-15T16:45:37","slug":"luxe-sydan-kristalli-korvakorut","status":"publish","type":"product","link":"https:\/\/deravio.com\/fi\/tuote\/luxe-sydan-kristalli-korvakorut\/","title":{"rendered":"Luxe syd\u00e4n kristalli korvakorut"},"content":{"rendered":"<h2 style=\"text-align: center\" data-start=\"333\" data-end=\"349\">\u2728 Lupaus<\/h2>\n<p style=\"text-align: center\" data-start=\"351\" data-end=\"410\">Valoa vangitseva shine.<br data-start=\"372\" data-end=\"375\" \/>Comfortable wear.<br data-start=\"392\" data-end=\"395\" \/>Timeless charm.<\/p>\n<p data-start=\"351\" data-end=\"410\"><img fetchpriority=\"high\" decoding=\"async\" class=\"size-full wp-image-26336 aligncenter\" src=\"https:\/\/mekulo.com\/template\/wp-content\/uploads\/sites\/6\/2026\/02\/pink.jpg\" alt=\"\" width=\"800\" height=\"800\" \/><\/p>\n<h2 style=\"text-align: center\" data-start=\"417\" data-end=\"435\">\u2705 T\u00e4rkeimm\u00e4t Edut<\/h2>\n<p data-start=\"439\" data-end=\"525\">\ud83d\udc8e S\u00e4teilev\u00e4 kristallibriljanssi &#8211; Parantaa ulkon\u00e4k\u00f6\u00e4si pehme\u00e4ll\u00e4, tyylikk\u00e4\u00e4ll\u00e4 kimalluksella.<\/p>\n<p data-start=\"529\" data-end=\"607\">\ud83d\udc96 Romanttinen syd\u00e4men siluetti &#8211; Rakkauden, l\u00e4mm\u00f6n ja naisellisuuden symboli.<\/p>\n<p data-start=\"611\" data-end=\"685\">\u2728 Kiillotettu hopeas\u00e4vyinen viimeistely &#8211; T\u00e4ydent\u00e4\u00e4 vaivattomasti mink\u00e4 tahansa asun.<\/p>\n<p data-start=\"689\" data-end=\"770\">\ud83c\udf38 Kevyt &amp; mukava &#8211; Suunniteltu pitk\u00e4kestoiseen, \u00e4rsytyst\u00e4 aiheuttamattomaan k\u00e4ytt\u00f6\u00f6n.<\/p>\n<p data-start=\"774\" data-end=\"844\">\ud83d\udee1\ufe0f Turvallinen kiven kiinnitys &#8211; Valmistettu s\u00e4ilytt\u00e4m\u00e4\u00e4n kauneuden ajan my\u00f6t\u00e4.<\/p>\n<p data-start=\"848\" data-end=\"929\">\ud83c\udf80 Monipuolinen muotoilukappale &#8211; T\u00e4ydellinen sek\u00e4 p\u00e4ivitt\u00e4iseen eleganssiin ett\u00e4 tilaisuuksiin.<\/p>\n<p data-start=\"933\" data-end=\"998\">\ud83c\udf81 Lahjavalmis esittely &#8211; Tulee kauniisti pakattuna.<\/p>\n<h2 style=\"text-align: center\" data-start=\"1005\" data-end=\"1028\">\u2757 Ongelma \u2192 Ratkaisu<\/h2>\n<p data-start=\"1030\" data-end=\"1126\"><strong data-start=\"1030\" data-end=\"1042\">Ongelma:<\/strong><br data-start=\"1042\" data-end=\"1045\" \/>Monet statement-korvakorut tuntuvat raskailta, \u00e4rsytt\u00e4v\u00e4t herkki\u00e4 korvia tai menett\u00e4v\u00e4t kiiltoaan.<\/p>\n<p data-start=\"1128\" data-end=\"1257\"><strong data-start=\"1128\" data-end=\"1141\">Ratkaisu:<\/strong><br data-start=\"1141\" data-end=\"1144\" \/>N\u00e4iss\u00e4 korvakoruissa yhdistyv\u00e4t kevyt k\u00e4ytt\u00f6mukavuus, ihoyst\u00e4v\u00e4lliset materiaalit ja kest\u00e4v\u00e4 viimeistely luotettavaa eleganssia varten.<\/p>\n<p data-start=\"1128\" data-end=\"1257\"><img decoding=\"async\" class=\"size-full wp-image-26337 aligncenter\" src=\"https:\/\/mekulo.com\/template\/wp-content\/uploads\/sites\/6\/2026\/02\/blue.jpg\" alt=\"\" width=\"800\" height=\"800\" \/><\/p>\n<h2 style=\"text-align: center\" data-start=\"1264\" data-end=\"1281\">\ud83c\udf3f T\u00e4ydellinen<\/h2>\n<ul data-start=\"1283\" data-end=\"1402\">\n<li data-start=\"1283\" data-end=\"1302\">\n<p data-start=\"1285\" data-end=\"1302\">Illanviettoon<\/p>\n<\/li>\n<li data-start=\"1303\" data-end=\"1328\">\n<p data-start=\"1305\" data-end=\"1328\">Juhliin &amp; tapahtumiin<\/p>\n<\/li>\n<li data-start=\"1329\" data-end=\"1351\">\n<p data-start=\"1331\" data-end=\"1351\">Romanttisiin tilaisuuksiin<\/p>\n<\/li>\n<li data-start=\"1352\" data-end=\"1379\">\n<p data-start=\"1354\" data-end=\"1379\">Kaikkip\u00e4iv\u00e4iseen hienostuneisuuteen<\/p>\n<\/li>\n<li data-start=\"1380\" data-end=\"1402\">\n<p data-start=\"1382\" data-end=\"1402\">Harkittu lahja<\/p>\n<\/li>\n<\/ul>\n<p data-start=\"1404\" data-end=\"1450\">Ajaton lis\u00e4 mihin tahansa korukokoelmaan.<\/p>\n<h2 style=\"text-align: center\" data-start=\"1457\" data-end=\"1474\">\u2699\ufe0f Kuinka K\u00e4ytt\u00e4\u00e4<\/h2>\n<ol data-start=\"1476\" data-end=\"1579\">\n<li data-start=\"1476\" data-end=\"1515\">\n<p data-start=\"1479\" data-end=\"1515\">Taivuta varovasti l\u00e4vistettyjen korvien l\u00e4pi.<\/p>\n<\/li>\n<li data-start=\"1516\" data-end=\"1540\">\n<p data-start=\"1519\" data-end=\"1540\">Kiinnit\u00e4 taustapuolella.<\/p>\n<\/li>\n<li data-start=\"1541\" data-end=\"1579\">\n<p data-start=\"1544\" data-end=\"1579\">Yhdist\u00e4 rentoon tai muodolliseen pukeutumiseen.<\/p>\n<\/li>\n<\/ol>\n<h2 style=\"text-align: center\" data-start=\"1610\" data-end=\"1631\">\ud83d\udcd0 Tuotetiedot<\/h2>\n<ul data-start=\"1633\" data-end=\"1826\">\n<li data-start=\"1633\" data-end=\"1674\">\n<p data-start=\"1635\" data-end=\"1674\">Materiaali: S925 + Zirkoni \/ Crystal<\/p>\n<\/li>\n<li data-start=\"1675\" data-end=\"1711\">\n<p data-start=\"1677\" data-end=\"1711\">Finish: Kiillotettu hopean s\u00e4vy<\/p>\n<\/li>\n<li data-start=\"1712\" data-end=\"1752\">\n<p data-start=\"1714\" data-end=\"1752\">Muotoilu: Syd\u00e4nkristalli pudotustyyli<\/p>\n<\/li>\n<li data-start=\"1753\" data-end=\"1792\">\n<p data-start=\"1755\" data-end=\"1792\">Tuntuma: Kevyt &amp; mukava<\/p>\n<\/li>\n<li data-start=\"1793\" data-end=\"1826\">\n<p data-start=\"1795\" data-end=\"1826\">Style: Elegantti \/ Romanttinen<\/p>\n<\/li>\n<li data-start=\"1793\" data-end=\"1826\">Koot: 4 x 1.2 cm<\/li>\n<\/ul>\n<h2 style=\"text-align: center\" data-start=\"1877\" data-end=\"1899\">\ud83d\udce6 Pakkaus Sis\u00e4lt\u00e4\u00e4<\/h2>\n<ul data-start=\"1901\" data-end=\"1964\">\n<li data-start=\"1901\" data-end=\"1949\">\n<p data-start=\"1903\" data-end=\"1949\">1x pari ylellisi\u00e4 syd\u00e4nkristallipudotuskorvakoruja.<\/p>\n<\/li>\n<\/ul>\n","protected":false},"excerpt":{"rendered":"<p>\ud83d\udc57Vieh\u00e4tt\u00e4v\u00e4 kimallus, joka puhuu syd\u00e4mest\u00e4.<br \/>\n\ud83d\udcffSiisti\u00e4 eleganssia romanttisella kosketuksella.<br \/>\n\ud83d\udc96N\u00e4m\u00e4 syd\u00e4men kristallipudotuskorvakorut sekoittavat herkk\u00e4\u00e4 liikett\u00e4 ja loistavia zirkoni-aksentteja &#8211; ne on suunniteltu kohottamaan sek\u00e4 arkip\u00e4iv\u00e4n ulkon\u00e4k\u00f6\u00e4 ett\u00e4 erityisi\u00e4 hetki\u00e4.<\/p>\n","protected":false},"featured_media":21837,"comment_status":"open","ping_status":"closed","template":"","meta":{"site-sidebar-layout":"default","site-content-layout":"","ast-site-content-layout":"default","site-content-style":"default","site-sidebar-style":"default","ast-global-header-display":"","ast-banner-title-visibility":"","ast-main-header-display":"","ast-hfb-above-header-display":"","ast-hfb-below-header-display":"","ast-hfb-mobile-header-display":"","site-post-title":"","ast-breadcrumbs-content":"","ast-featured-img":"","footer-sml-layout":"","theme-transparent-header-meta":"default","adv-header-id-meta":"","stick-header-meta":"","header-above-stick-meta":"","header-main-stick-meta":"","header-below-stick-meta":"","astra-migrate-meta-layouts":"set","ast-page-background-enabled":"default","ast-page-background-meta":{"desktop":{"background-color":"var(--ast-global-color-5)","background-image":"","background-repeat":"repeat","background-position":"center center","background-size":"auto","background-attachment":"scroll","background-type":"","background-media":"","overlay-type":"","overlay-color":"","overlay-opacity":"","overlay-gradient":""},"tablet":{"background-color":"","background-image":"","background-repeat":"repeat","background-position":"center center","background-size":"auto","background-attachment":"scroll","background-type":"","background-media":"","overlay-type":"","overlay-color":"","overlay-opacity":"","overlay-gradient":""},"mobile":{"background-color":"","background-image":"","background-repeat":"repeat","background-position":"center center","background-size":"auto","background-attachment":"scroll","background-type":"","background-media":"","overlay-type":"","overlay-color":"","overlay-opacity":"","overlay-gradient":""}},"ast-content-background-meta":{"desktop":{"background-color":"var(--ast-global-color-4)","background-image":"","background-repeat":"repeat","background-position":"center center","background-size":"auto","background-attachment":"scroll","background-type":"","background-media":"","overlay-type":"","overlay-color":"","overlay-opacity":"","overlay-gradient":""},"tablet":{"background-color":"var(--ast-global-color-4)","background-image":"","background-repeat":"repeat","background-position":"center center","background-size":"auto","background-attachment":"scroll","background-type":"","background-media":"","overlay-type":"","overlay-color":"","overlay-opacity":"","overlay-gradient":""},"mobile":{"background-color":"var(--ast-global-color-4)","background-image":"","background-repeat":"repeat","background-position":"center center","background-size":"auto","background-attachment":"scroll","background-type":"","background-media":"","overlay-type":"","overlay-color":"","overlay-opacity":"","overlay-gradient":""}}},"product_brand":[],"product_cat":[165],"product_tag":[],"class_list":{"0":"post-21841","1":"product","2":"type-product","3":"status-publish","4":"has-post-thumbnail","6":"product_cat-jalkineet-asusteet","7":"pa_63369_v0m2dekd-sininen","8":"pa_63369_v0m2dekd-vaaleanpunainen","9":"pa_63369_v0m2dekd-valkoinen","10":"pa_63369_v0m2dekd-violetti","11":"desktop-align-left","12":"tablet-align-left","13":"mobile-align-left","15":"first","16":"instock","17":"shipping-taxable","18":"purchasable","19":"product-type-variable"},"yoast_head":"<!-- This site is optimized with the Yoast SEO plugin v26.6 - https:\/\/yoast.com\/wordpress\/plugins\/seo\/ -->\n<title>Luxe syd\u00e4n kristalli korvakorut - Deravio FI<\/title>\n<meta name=\"robots\" content=\"index, follow, max-snippet:-1, max-image-preview:large, max-video-preview:-1\" \/>\n<link rel=\"canonical\" href=\"https:\/\/deravio.com\/fi\/tuote\/luxe-sydan-kristalli-korvakorut\/\" \/>\n<meta property=\"og:locale\" content=\"fi_FI\" \/>\n<meta property=\"og:type\" content=\"article\" \/>\n<meta property=\"og:title\" content=\"Luxe syd\u00e4n kristalli korvakorut - Deravio FI\" \/>\n<meta property=\"og:description\" content=\"\ud83d\udc57Vieh\u00e4tt\u00e4v\u00e4 kimallus, joka puhuu syd\u00e4mest\u00e4. \ud83d\udcffSiisti\u00e4 eleganssia romanttisella kosketuksella. \ud83d\udc96N\u00e4m\u00e4 syd\u00e4men kristallipudotuskorvakorut sekoittavat herkk\u00e4\u00e4 liikett\u00e4 ja loistavia zirkoni-aksentteja - ne on suunniteltu kohottamaan sek\u00e4 arkip\u00e4iv\u00e4n ulkon\u00e4k\u00f6\u00e4 ett\u00e4 erityisi\u00e4 hetki\u00e4.\" \/>\n<meta property=\"og:url\" content=\"https:\/\/deravio.com\/fi\/tuote\/luxe-sydan-kristalli-korvakorut\/\" \/>\n<meta property=\"og:site_name\" content=\"Deravio FI\" \/>\n<meta property=\"article:modified_time\" content=\"2026-04-15T16:45:37+00:00\" \/>\n<meta property=\"og:image\" content=\"https:\/\/deravio.com\/fi\/wp-content\/uploads\/sites\/19\/2026\/04\/z80qngq-1.webp\" \/>\n\t<meta property=\"og:image:width\" content=\"785\" \/>\n\t<meta property=\"og:image:height\" content=\"785\" \/>\n\t<meta property=\"og:image:type\" content=\"image\/webp\" \/>\n<meta name=\"twitter:card\" content=\"summary_large_image\" \/>\n<meta name=\"twitter:label1\" content=\"Arvioitu lukuaika\" \/>\n\t<meta name=\"twitter:data1\" content=\"2 minuuttia\" \/>\n<script type=\"application\/ld+json\" class=\"yoast-schema-graph\">{\"@context\":\"https:\/\/schema.org\",\"@graph\":[{\"@type\":\"WebPage\",\"@id\":\"https:\/\/deravio.com\/fi\/tuote\/luxe-sydan-kristalli-korvakorut\/\",\"url\":\"https:\/\/deravio.com\/fi\/tuote\/luxe-sydan-kristalli-korvakorut\/\",\"name\":\"Luxe syd\u00e4n kristalli korvakorut - Deravio FI\",\"isPartOf\":{\"@id\":\"https:\/\/deravio.com\/fi\/#website\"},\"primaryImageOfPage\":{\"@id\":\"https:\/\/deravio.com\/fi\/tuote\/luxe-sydan-kristalli-korvakorut\/#primaryimage\"},\"image\":{\"@id\":\"https:\/\/deravio.com\/fi\/tuote\/luxe-sydan-kristalli-korvakorut\/#primaryimage\"},\"thumbnailUrl\":\"https:\/\/deravio.com\/fi\/wp-content\/uploads\/sites\/19\/2026\/04\/z80qngq-1.webp\",\"datePublished\":\"2026-04-15T16:45:21+00:00\",\"dateModified\":\"2026-04-15T16:45:37+00:00\",\"breadcrumb\":{\"@id\":\"https:\/\/deravio.com\/fi\/tuote\/luxe-sydan-kristalli-korvakorut\/#breadcrumb\"},\"inLanguage\":\"fi\",\"potentialAction\":[{\"@type\":\"ReadAction\",\"target\":[\"https:\/\/deravio.com\/fi\/tuote\/luxe-sydan-kristalli-korvakorut\/\"]}]},{\"@type\":\"ImageObject\",\"inLanguage\":\"fi\",\"@id\":\"https:\/\/deravio.com\/fi\/tuote\/luxe-sydan-kristalli-korvakorut\/#primaryimage\",\"url\":\"https:\/\/deravio.com\/fi\/wp-content\/uploads\/sites\/19\/2026\/04\/z80qngq-1.webp\",\"contentUrl\":\"https:\/\/deravio.com\/fi\/wp-content\/uploads\/sites\/19\/2026\/04\/z80qngq-1.webp\",\"width\":785,\"height\":785},{\"@type\":\"BreadcrumbList\",\"@id\":\"https:\/\/deravio.com\/fi\/tuote\/luxe-sydan-kristalli-korvakorut\/#breadcrumb\",\"itemListElement\":[{\"@type\":\"ListItem\",\"position\":1,\"name\":\"Home\",\"item\":\"https:\/\/deravio.com\/fi\/\"},{\"@type\":\"ListItem\",\"position\":2,\"name\":\"Kauppa\",\"item\":\"https:\/\/deravio.com\/fi\/kauppa\/\"},{\"@type\":\"ListItem\",\"position\":3,\"name\":\"Luxe syd\u00e4n kristalli korvakorut\"}]},{\"@type\":\"WebSite\",\"@id\":\"https:\/\/deravio.com\/fi\/#website\",\"url\":\"https:\/\/deravio.com\/fi\/\",\"name\":\"Deravio FI\",\"description\":\"\",\"publisher\":{\"@id\":\"https:\/\/deravio.com\/fi\/#organization\"},\"potentialAction\":[{\"@type\":\"SearchAction\",\"target\":{\"@type\":\"EntryPoint\",\"urlTemplate\":\"https:\/\/deravio.com\/fi\/?s={search_term_string}\"},\"query-input\":{\"@type\":\"PropertyValueSpecification\",\"valueRequired\":true,\"valueName\":\"search_term_string\"}}],\"inLanguage\":\"fi\"},{\"@type\":\"Organization\",\"@id\":\"https:\/\/deravio.com\/fi\/#organization\",\"name\":\"Mekulo\",\"url\":\"https:\/\/deravio.com\/fi\/\",\"logo\":{\"@type\":\"ImageObject\",\"inLanguage\":\"fi\",\"@id\":\"https:\/\/deravio.com\/fi\/#\/schema\/logo\/image\/\",\"url\":\"https:\/\/deravio.com\/fi\/wp-content\/uploads\/sites\/19\/2025\/12\/favicon_mekulo.png\",\"contentUrl\":\"https:\/\/deravio.com\/fi\/wp-content\/uploads\/sites\/19\/2025\/12\/favicon_mekulo.png\",\"width\":50,\"height\":50,\"caption\":\"Mekulo\"},\"image\":{\"@id\":\"https:\/\/deravio.com\/fi\/#\/schema\/logo\/image\/\"}}]}<\/script>\n<!-- \/ Yoast SEO plugin. -->","yoast_head_json":{"title":"Luxe syd\u00e4n kristalli korvakorut - Deravio FI","robots":{"index":"index","follow":"follow","max-snippet":"max-snippet:-1","max-image-preview":"max-image-preview:large","max-video-preview":"max-video-preview:-1"},"canonical":"https:\/\/deravio.com\/fi\/tuote\/luxe-sydan-kristalli-korvakorut\/","og_locale":"fi_FI","og_type":"article","og_title":"Luxe syd\u00e4n kristalli korvakorut - Deravio FI","og_description":"\ud83d\udc57Vieh\u00e4tt\u00e4v\u00e4 kimallus, joka puhuu syd\u00e4mest\u00e4. \ud83d\udcffSiisti\u00e4 eleganssia romanttisella kosketuksella. \ud83d\udc96N\u00e4m\u00e4 syd\u00e4men kristallipudotuskorvakorut sekoittavat herkk\u00e4\u00e4 liikett\u00e4 ja loistavia zirkoni-aksentteja - ne on suunniteltu kohottamaan sek\u00e4 arkip\u00e4iv\u00e4n ulkon\u00e4k\u00f6\u00e4 ett\u00e4 erityisi\u00e4 hetki\u00e4.","og_url":"https:\/\/deravio.com\/fi\/tuote\/luxe-sydan-kristalli-korvakorut\/","og_site_name":"Deravio FI","article_modified_time":"2026-04-15T16:45:37+00:00","og_image":[{"width":785,"height":785,"url":"https:\/\/deravio.com\/fi\/wp-content\/uploads\/sites\/19\/2026\/04\/z80qngq-1.webp","type":"image\/webp"}],"twitter_card":"summary_large_image","twitter_misc":{"Arvioitu lukuaika":"2 minuuttia"},"schema":{"@context":"https:\/\/schema.org","@graph":[{"@type":"WebPage","@id":"https:\/\/deravio.com\/fi\/tuote\/luxe-sydan-kristalli-korvakorut\/","url":"https:\/\/deravio.com\/fi\/tuote\/luxe-sydan-kristalli-korvakorut\/","name":"Luxe syd\u00e4n kristalli korvakorut - Deravio FI","isPartOf":{"@id":"https:\/\/deravio.com\/fi\/#website"},"primaryImageOfPage":{"@id":"https:\/\/deravio.com\/fi\/tuote\/luxe-sydan-kristalli-korvakorut\/#primaryimage"},"image":{"@id":"https:\/\/deravio.com\/fi\/tuote\/luxe-sydan-kristalli-korvakorut\/#primaryimage"},"thumbnailUrl":"https:\/\/deravio.com\/fi\/wp-content\/uploads\/sites\/19\/2026\/04\/z80qngq-1.webp","datePublished":"2026-04-15T16:45:21+00:00","dateModified":"2026-04-15T16:45:37+00:00","breadcrumb":{"@id":"https:\/\/deravio.com\/fi\/tuote\/luxe-sydan-kristalli-korvakorut\/#breadcrumb"},"inLanguage":"fi","potentialAction":[{"@type":"ReadAction","target":["https:\/\/deravio.com\/fi\/tuote\/luxe-sydan-kristalli-korvakorut\/"]}]},{"@type":"ImageObject","inLanguage":"fi","@id":"https:\/\/deravio.com\/fi\/tuote\/luxe-sydan-kristalli-korvakorut\/#primaryimage","url":"https:\/\/deravio.com\/fi\/wp-content\/uploads\/sites\/19\/2026\/04\/z80qngq-1.webp","contentUrl":"https:\/\/deravio.com\/fi\/wp-content\/uploads\/sites\/19\/2026\/04\/z80qngq-1.webp","width":785,"height":785},{"@type":"BreadcrumbList","@id":"https:\/\/deravio.com\/fi\/tuote\/luxe-sydan-kristalli-korvakorut\/#breadcrumb","itemListElement":[{"@type":"ListItem","position":1,"name":"Home","item":"https:\/\/deravio.com\/fi\/"},{"@type":"ListItem","position":2,"name":"Kauppa","item":"https:\/\/deravio.com\/fi\/kauppa\/"},{"@type":"ListItem","position":3,"name":"Luxe syd\u00e4n kristalli korvakorut"}]},{"@type":"WebSite","@id":"https:\/\/deravio.com\/fi\/#website","url":"https:\/\/deravio.com\/fi\/","name":"Deravio FI","description":"","publisher":{"@id":"https:\/\/deravio.com\/fi\/#organization"},"potentialAction":[{"@type":"SearchAction","target":{"@type":"EntryPoint","urlTemplate":"https:\/\/deravio.com\/fi\/?s={search_term_string}"},"query-input":{"@type":"PropertyValueSpecification","valueRequired":true,"valueName":"search_term_string"}}],"inLanguage":"fi"},{"@type":"Organization","@id":"https:\/\/deravio.com\/fi\/#organization","name":"Mekulo","url":"https:\/\/deravio.com\/fi\/","logo":{"@type":"ImageObject","inLanguage":"fi","@id":"https:\/\/deravio.com\/fi\/#\/schema\/logo\/image\/","url":"https:\/\/deravio.com\/fi\/wp-content\/uploads\/sites\/19\/2025\/12\/favicon_mekulo.png","contentUrl":"https:\/\/deravio.com\/fi\/wp-content\/uploads\/sites\/19\/2025\/12\/favicon_mekulo.png","width":50,"height":50,"caption":"Mekulo"},"image":{"@id":"https:\/\/deravio.com\/fi\/#\/schema\/logo\/image\/"}}]}},"_links":{"self":[{"href":"https:\/\/deravio.com\/fi\/wp-json\/wp\/v2\/product\/21841","targetHints":{"allow":["GET"]}}],"collection":[{"href":"https:\/\/deravio.com\/fi\/wp-json\/wp\/v2\/product"}],"about":[{"href":"https:\/\/deravio.com\/fi\/wp-json\/wp\/v2\/types\/product"}],"replies":[{"embeddable":true,"href":"https:\/\/deravio.com\/fi\/wp-json\/wp\/v2\/comments?post=21841"}],"wp:featuredmedia":[{"embeddable":true,"href":"https:\/\/deravio.com\/fi\/wp-json\/wp\/v2\/media\/21837"}],"wp:attachment":[{"href":"https:\/\/deravio.com\/fi\/wp-json\/wp\/v2\/media?parent=21841"}],"wp:term":[{"taxonomy":"product_brand","embeddable":true,"href":"https:\/\/deravio.com\/fi\/wp-json\/wp\/v2\/product_brand?post=21841"},{"taxonomy":"product_cat","embeddable":true,"href":"https:\/\/deravio.com\/fi\/wp-json\/wp\/v2\/product_cat?post=21841"},{"taxonomy":"product_tag","embeddable":true,"href":"https:\/\/deravio.com\/fi\/wp-json\/wp\/v2\/product_tag?post=21841"}],"curies":[{"name":"wp","href":"https:\/\/api.w.org\/{rel}","templated":true}]}}