{"id":21826,"date":"2026-04-15T19:43:05","date_gmt":"2026-04-15T16:43:05","guid":{"rendered":"https:\/\/deravio.com\/fi\/tuote\/oven-saranan-saatotyokalu\/"},"modified":"2026-04-15T19:43:18","modified_gmt":"2026-04-15T16:43:18","slug":"oven-saranan-saatotyokalu","status":"publish","type":"product","link":"https:\/\/deravio.com\/fi\/tuote\/oven-saranan-saatotyokalu\/","title":{"rendered":"Oven saranan s\u00e4\u00e4t\u00f6ty\u00f6kalu"},"content":{"rendered":"<p style=\"text-align: center\" data-start=\"0\" data-end=\"68\">Suuri halkaisija: 18mm &#8211; 24.5mm<\/p>\n<p style=\"text-align: center\" data-start=\"0\" data-end=\"68\">Pieni halkaisija: 9mm &#8211; 17.5mm<\/p>\n<p style=\"text-align: center\" data-start=\"0\" data-end=\"68\"><strong data-start=\"0\" data-end=\"68\">Korjaa roikkuvat tai vinossa olevat ovet sekunneissa yhdell\u00e4 yksinkertaisella ty\u00f6kalulla. \ud83d\udd27<\/strong><\/p>\n<p style=\"text-align: center\" data-start=\"70\" data-end=\"320\">T\u00e4m\u00e4n ovisaranoiden s\u00e4\u00e4t\u00f6ty\u00f6kalun avulla voit helposti ja tarkasti korjata jumittavat, hankaavat tai ep\u00e4tasaiset ovet &#8211; ilman saranan irrottamista tai ammattilaisen kutsumista. K\u00e4\u00e4nn\u00e4 vain jakoavainta s\u00e4\u00e4t\u00e4\u00e4ksesi saranav\u00e4li\u00e4 ja parantaaksesi oven liikett\u00e4 v\u00e4litt\u00f6m\u00e4sti.<\/p>\n<p data-start=\"70\" data-end=\"320\"><img decoding=\"async\" class=\"size-full wp-image-41988 aligncenter\" src=\"https:\/\/keluvo.com\/template\/wp-content\/uploads\/sites\/5\/2025\/11\/10227-ezgif.com-video-to-webp-converter-5.webp\" alt=\"\" \/><\/p>\n<h2 style=\"text-align: center\" data-start=\"327\" data-end=\"349\">\ud83c\udf1f T\u00e4rkeimm\u00e4t Edut<\/h2>\n<p data-start=\"352\" data-end=\"446\">\ud83d\udd27 Tarkat saranoiden s\u00e4\u00e4d\u00f6t &#8211; levent\u00e4\u00e4 v\u00e4lej\u00e4 k\u00e4\u00e4nt\u00e4m\u00e4ll\u00e4 vasemmalle ja kaventaa niit\u00e4 k\u00e4\u00e4nt\u00e4m\u00e4ll\u00e4 oikealle.<\/p>\n<p data-start=\"449\" data-end=\"537\">\ud83d\udeaa Korjaa tavalliset oviongelmat &#8211; ratkaisee roikkuvat, jumittuvat tai vinossa olevat ovet nopeasti.<\/p>\n<p data-start=\"540\" data-end=\"634\">\ud83d\udcaa Raskas ter\u00e4srakenne &#8211; valmistettu 45- ter\u00e4ksest\u00e4, joka takaa pitk\u00e4kestoisen lujuuden ja kest\u00e4vyyden.<\/p>\n<p data-start=\"637\" data-end=\"752\">\ud83d\udee1\ufe0f Valmistettu erityisille ovityypeille &#8211; ihanteellinen palo-oville, puhdastilojen oville ja lippusaranoilla varustetuille turvaoville.<\/p>\n<p data-start=\"755\" data-end=\"842\">\ud83e\udd32 Yksinkertainen ja ergonominen &#8211; helppo k\u00e4ytt\u00e4\u00e4 ahtaissakin tiloissa tai hankalissa asennuksissa.<\/p>\n<p data-start=\"755\" data-end=\"842\"><img fetchpriority=\"high\" decoding=\"async\" class=\"size-full wp-image-41989 aligncenter\" src=\"https:\/\/keluvo.com\/template\/wp-content\/uploads\/sites\/5\/2025\/11\/18f1445ea8cdb6cc9f74552749ea70a8541c401c-900.jpg\" alt=\"\" width=\"1039\" height=\"1080\" \/><\/p>\n<h2 style=\"text-align: center\" data-start=\"849\" data-end=\"869\">\ud83d\udee0\ufe0f K\u00e4ytt\u00f6ohjeet<\/h2>\n<ol data-start=\"870\" data-end=\"1080\">\n<li data-start=\"870\" data-end=\"928\">\n<p data-start=\"873\" data-end=\"928\">Aseta jakoavain sen saranan ymp\u00e4rille, jota haluat s\u00e4\u00e4t\u00e4\u00e4.<\/p>\n<\/li>\n<li data-start=\"929\" data-end=\"967\">\n<p data-start=\"932\" data-end=\"967\">K\u00e4\u00e4nn\u00e4 vasempaan levent\u00e4\u00e4ksesi saranav\u00e4li\u00e4.<\/p>\n<\/li>\n<li data-start=\"968\" data-end=\"1008\">\n<p data-start=\"971\" data-end=\"1008\">K\u00e4\u00e4nn\u00e4 oikealle pienent\u00e4\u00e4ksesi saranav\u00e4li\u00e4.<\/p>\n<\/li>\n<li data-start=\"1009\" data-end=\"1080\">\n<p data-start=\"1012\" data-end=\"1080\">Testaa oven liikett\u00e4 ja toista tarvittaessa, kunnes se avautuu sujuvasti.<\/p>\n<\/li>\n<\/ol>\n<h2 style=\"text-align: center\" data-start=\"1087\" data-end=\"1111\">\ud83d\udccf Tuotteen Tiedot<\/h2>\n<ul data-start=\"1112\" data-end=\"1352\">\n<li data-start=\"1158\" data-end=\"1180\">\n<p data-start=\"1160\" data-end=\"1180\">Materiaali: 45-ter\u00e4s<\/p>\n<\/li>\n<li data-start=\"1181\" data-end=\"1198\">\n<p data-start=\"1183\" data-end=\"1198\">V\u00e4ri: Hopea<\/p>\n<\/li>\n<li data-start=\"1199\" data-end=\"1273\">\n<p data-start=\"1201\" data-end=\"1219\">Saatavilla olevat koot: <span style=\"font-size: 16px\">Pieni (20.3 cm), Suuri<\/span><span style=\"font-size: 16px\">\u00a0(22.5 cm)\u00a0<\/span><\/p>\n<\/li>\n<li data-start=\"1274\" data-end=\"1352\">\n<p data-start=\"1276\" data-end=\"1352\">Suunniteltu: Palo-ovet, puhdastilojen ovet, turvaovet lippusaranoilla<\/p>\n<\/li>\n<\/ul>\n<h2 style=\"text-align: center\" data-start=\"1359\" data-end=\"1384\">\ud83d\udce6 Pakkaus Sis\u00e4lt\u00e4\u00e4<\/h2>\n<ul data-start=\"1385\" data-end=\"1417\" data-is-last-node=\"\" data-is-only-node=\"\">\n<li data-start=\"1385\" data-end=\"1417\" data-is-last-node=\"\">\n<p data-start=\"1387\" data-end=\"1417\" data-is-last-node=\"\">1, 2x ovisaranoiden s\u00e4\u00e4t\u00f6ty\u00f6kalu.<\/p>\n<\/li>\n<\/ul>\n","protected":false},"excerpt":{"rendered":"<div class=\"flex flex-col text-sm pb-25\">\n<article class=\"text-token-text-primary w-full focus:outline-none [--shadow-height:45px] has-data-writing-block:pointer-events-none has-data-writing-block:-mt-(--shadow-height) has-data-writing-block:pt-(--shadow-height) [&amp;:has([data-writing-block])&gt;*]:pointer-events-auto scroll-mt-[calc(var(--header-height)+min(200px,max(70px,20svh)))]\" dir=\"auto\" data-turn-id=\"request-6953fc99-4988-8330-83cb-2284431b2ad2-20\" data-testid=\"conversation-turn-46\" data-scroll-anchor=\"true\" data-turn=\"assistant\">\n<div class=\"text-base my-auto mx-auto pb-10 [--thread-content-margin:--spacing(4)] @w-sm\/main:[--thread-content-margin:--spacing(6)] @w-lg\/main:[--thread-content-margin:--spacing(16)] px-(--thread-content-margin)\">\n<div class=\"[--thread-content-max-width:40rem] @w-lg\/main:[--thread-content-max-width:48rem] mx-auto max-w-(--thread-content-max-width) flex-1 group\/turn-messages focus-visible:outline-hidden relative flex w-full min-w-0 flex-col agent-turn\">\n<div class=\"flex max-w-full flex-col grow\">\n<div class=\"min-h-8 text-message relative flex w-full flex-col items-end gap-2 text-start break-words whitespace-normal [.text-message+&amp;]:mt-1\" dir=\"auto\" data-message-author-role=\"assistant\" data-message-id=\"0d09ff49-0d62-4cf6-bdfd-86a2a1947f31\" data-message-model-slug=\"gpt-5-2\">\n<div class=\"flex w-full flex-col gap-1 empty:hidden first:pt-[1px]\">\n<div class=\"markdown prose dark:prose-invert w-full break-words light markdown-new-styling\">\n<p data-start=\"0\" data-end=\"275\" data-is-last-node=\"\" data-is-only-node=\"\">Oven saranoiden s\u00e4\u00e4t\u00f6ty\u00f6kalu, jolla voidaan korjata roikkuvat tai vinossa olevat ovet saranaa irrottamatta. Se mahdollistaa tarkat saranav\u00e4lien s\u00e4\u00e4d\u00f6t, jotka parantavat oven kohdistusta ja avautumisen sujuvuutta. Vahva, helppok\u00e4ytt\u00f6inen ja aikaa s\u00e4\u00e4st\u00e4v\u00e4 ty\u00f6kalu on ihanteellinen ovien nopeisiin korjauksiin kotona tai ty\u00f6paikalla.<\/p>\n<\/div>\n<\/div>\n<\/div>\n<\/div>\n<div class=\"z-0 flex min-h-[46px] justify-start\"><\/div>\n<div class=\"mt-3 w-full empty:hidden\">\n<div class=\"text-center\"><\/div>\n<\/div>\n<\/div>\n<\/div>\n<\/article>\n<\/div>\n<div class=\"pointer-events-none h-px w-px absolute bottom-0\" aria-hidden=\"true\" data-edge=\"true\"><\/div>\n","protected":false},"featured_media":21822,"comment_status":"open","ping_status":"closed","template":"","meta":{"site-sidebar-layout":"default","site-content-layout":"","ast-site-content-layout":"default","site-content-style":"default","site-sidebar-style":"default","ast-global-header-display":"","ast-banner-title-visibility":"","ast-main-header-display":"","ast-hfb-above-header-display":"","ast-hfb-below-header-display":"","ast-hfb-mobile-header-display":"","site-post-title":"","ast-breadcrumbs-content":"","ast-featured-img":"","footer-sml-layout":"","theme-transparent-header-meta":"default","adv-header-id-meta":"","stick-header-meta":"","header-above-stick-meta":"","header-main-stick-meta":"","header-below-stick-meta":"","astra-migrate-meta-layouts":"set","ast-page-background-enabled":"default","ast-page-background-meta":{"desktop":{"background-color":"var(--ast-global-color-5)","background-image":"","background-repeat":"repeat","background-position":"center center","background-size":"auto","background-attachment":"scroll","background-type":"","background-media":"","overlay-type":"","overlay-color":"","overlay-opacity":"","overlay-gradient":""},"tablet":{"background-color":"","background-image":"","background-repeat":"repeat","background-position":"center center","background-size":"auto","background-attachment":"scroll","background-type":"","background-media":"","overlay-type":"","overlay-color":"","overlay-opacity":"","overlay-gradient":""},"mobile":{"background-color":"","background-image":"","background-repeat":"repeat","background-position":"center center","background-size":"auto","background-attachment":"scroll","background-type":"","background-media":"","overlay-type":"","overlay-color":"","overlay-opacity":"","overlay-gradient":""}},"ast-content-background-meta":{"desktop":{"background-color":"var(--ast-global-color-4)","background-image":"","background-repeat":"repeat","background-position":"center center","background-size":"auto","background-attachment":"scroll","background-type":"","background-media":"","overlay-type":"","overlay-color":"","overlay-opacity":"","overlay-gradient":""},"tablet":{"background-color":"var(--ast-global-color-4)","background-image":"","background-repeat":"repeat","background-position":"center center","background-size":"auto","background-attachment":"scroll","background-type":"","background-media":"","overlay-type":"","overlay-color":"","overlay-opacity":"","overlay-gradient":""},"mobile":{"background-color":"var(--ast-global-color-4)","background-image":"","background-repeat":"repeat","background-position":"center center","background-size":"auto","background-attachment":"scroll","background-type":"","background-media":"","overlay-type":"","overlay-color":"","overlay-opacity":"","overlay-gradient":""}}},"product_brand":[],"product_cat":[15],"product_tag":[],"class_list":{"0":"post-21826","1":"product","2":"type-product","3":"status-publish","4":"has-post-thumbnail","6":"product_cat-luokittelematon","7":"pa_52519_y3x7qu62-pieni","8":"pa_52519_y3x7qu62-sarja-2-kpl","9":"pa_52519_y3x7qu62-suuri","10":"desktop-align-left","11":"tablet-align-left","12":"mobile-align-left","14":"first","15":"instock","16":"shipping-taxable","17":"purchasable","18":"product-type-variable"},"yoast_head":"<!-- This site is optimized with the Yoast SEO plugin v26.6 - https:\/\/yoast.com\/wordpress\/plugins\/seo\/ -->\n<title>Oven saranan s\u00e4\u00e4t\u00f6ty\u00f6kalu - Deravio FI<\/title>\n<meta name=\"robots\" content=\"index, follow, max-snippet:-1, max-image-preview:large, max-video-preview:-1\" \/>\n<link rel=\"canonical\" href=\"https:\/\/deravio.com\/fi\/tuote\/oven-saranan-saatotyokalu\/\" \/>\n<meta property=\"og:locale\" content=\"fi_FI\" \/>\n<meta property=\"og:type\" content=\"article\" \/>\n<meta property=\"og:title\" content=\"Oven saranan s\u00e4\u00e4t\u00f6ty\u00f6kalu - Deravio FI\" \/>\n<meta property=\"og:description\" content=\"Oven saranoiden s\u00e4\u00e4t\u00f6ty\u00f6kalu, jolla voidaan korjata roikkuvat tai vinossa olevat ovet saranaa irrottamatta. Se mahdollistaa tarkat saranav\u00e4lien s\u00e4\u00e4d\u00f6t, jotka parantavat oven kohdistusta ja avautumisen sujuvuutta. Vahva, helppok\u00e4ytt\u00f6inen ja aikaa s\u00e4\u00e4st\u00e4v\u00e4 ty\u00f6kalu on ihanteellinen ovien nopeisiin korjauksiin kotona tai ty\u00f6paikalla.\" \/>\n<meta property=\"og:url\" content=\"https:\/\/deravio.com\/fi\/tuote\/oven-saranan-saatotyokalu\/\" \/>\n<meta property=\"og:site_name\" content=\"Deravio FI\" \/>\n<meta property=\"article:modified_time\" content=\"2026-04-15T16:43:18+00:00\" \/>\n<meta property=\"og:image\" content=\"https:\/\/deravio.com\/fi\/wp-content\/uploads\/sites\/19\/2026\/04\/546ursv-1.webp\" \/>\n\t<meta property=\"og:image:width\" content=\"800\" \/>\n\t<meta property=\"og:image:height\" content=\"800\" \/>\n\t<meta property=\"og:image:type\" content=\"image\/webp\" \/>\n<meta name=\"twitter:card\" content=\"summary_large_image\" \/>\n<meta name=\"twitter:label1\" content=\"Arvioitu lukuaika\" \/>\n\t<meta name=\"twitter:data1\" content=\"2 minuuttia\" \/>\n<script type=\"application\/ld+json\" class=\"yoast-schema-graph\">{\"@context\":\"https:\/\/schema.org\",\"@graph\":[{\"@type\":\"WebPage\",\"@id\":\"https:\/\/deravio.com\/fi\/tuote\/oven-saranan-saatotyokalu\/\",\"url\":\"https:\/\/deravio.com\/fi\/tuote\/oven-saranan-saatotyokalu\/\",\"name\":\"Oven saranan s\u00e4\u00e4t\u00f6ty\u00f6kalu - Deravio FI\",\"isPartOf\":{\"@id\":\"https:\/\/deravio.com\/fi\/#website\"},\"primaryImageOfPage\":{\"@id\":\"https:\/\/deravio.com\/fi\/tuote\/oven-saranan-saatotyokalu\/#primaryimage\"},\"image\":{\"@id\":\"https:\/\/deravio.com\/fi\/tuote\/oven-saranan-saatotyokalu\/#primaryimage\"},\"thumbnailUrl\":\"https:\/\/deravio.com\/fi\/wp-content\/uploads\/sites\/19\/2026\/04\/546ursv-1.webp\",\"datePublished\":\"2026-04-15T16:43:05+00:00\",\"dateModified\":\"2026-04-15T16:43:18+00:00\",\"breadcrumb\":{\"@id\":\"https:\/\/deravio.com\/fi\/tuote\/oven-saranan-saatotyokalu\/#breadcrumb\"},\"inLanguage\":\"fi\",\"potentialAction\":[{\"@type\":\"ReadAction\",\"target\":[\"https:\/\/deravio.com\/fi\/tuote\/oven-saranan-saatotyokalu\/\"]}]},{\"@type\":\"ImageObject\",\"inLanguage\":\"fi\",\"@id\":\"https:\/\/deravio.com\/fi\/tuote\/oven-saranan-saatotyokalu\/#primaryimage\",\"url\":\"https:\/\/deravio.com\/fi\/wp-content\/uploads\/sites\/19\/2026\/04\/546ursv-1.webp\",\"contentUrl\":\"https:\/\/deravio.com\/fi\/wp-content\/uploads\/sites\/19\/2026\/04\/546ursv-1.webp\",\"width\":800,\"height\":800},{\"@type\":\"BreadcrumbList\",\"@id\":\"https:\/\/deravio.com\/fi\/tuote\/oven-saranan-saatotyokalu\/#breadcrumb\",\"itemListElement\":[{\"@type\":\"ListItem\",\"position\":1,\"name\":\"Home\",\"item\":\"https:\/\/deravio.com\/fi\/\"},{\"@type\":\"ListItem\",\"position\":2,\"name\":\"Kauppa\",\"item\":\"https:\/\/deravio.com\/fi\/kauppa\/\"},{\"@type\":\"ListItem\",\"position\":3,\"name\":\"Oven saranan s\u00e4\u00e4t\u00f6ty\u00f6kalu\"}]},{\"@type\":\"WebSite\",\"@id\":\"https:\/\/deravio.com\/fi\/#website\",\"url\":\"https:\/\/deravio.com\/fi\/\",\"name\":\"Deravio FI\",\"description\":\"\",\"publisher\":{\"@id\":\"https:\/\/deravio.com\/fi\/#organization\"},\"potentialAction\":[{\"@type\":\"SearchAction\",\"target\":{\"@type\":\"EntryPoint\",\"urlTemplate\":\"https:\/\/deravio.com\/fi\/?s={search_term_string}\"},\"query-input\":{\"@type\":\"PropertyValueSpecification\",\"valueRequired\":true,\"valueName\":\"search_term_string\"}}],\"inLanguage\":\"fi\"},{\"@type\":\"Organization\",\"@id\":\"https:\/\/deravio.com\/fi\/#organization\",\"name\":\"Mekulo\",\"url\":\"https:\/\/deravio.com\/fi\/\",\"logo\":{\"@type\":\"ImageObject\",\"inLanguage\":\"fi\",\"@id\":\"https:\/\/deravio.com\/fi\/#\/schema\/logo\/image\/\",\"url\":\"https:\/\/deravio.com\/fi\/wp-content\/uploads\/sites\/19\/2025\/12\/favicon_mekulo.png\",\"contentUrl\":\"https:\/\/deravio.com\/fi\/wp-content\/uploads\/sites\/19\/2025\/12\/favicon_mekulo.png\",\"width\":50,\"height\":50,\"caption\":\"Mekulo\"},\"image\":{\"@id\":\"https:\/\/deravio.com\/fi\/#\/schema\/logo\/image\/\"}}]}<\/script>\n<!-- \/ Yoast SEO plugin. -->","yoast_head_json":{"title":"Oven saranan s\u00e4\u00e4t\u00f6ty\u00f6kalu - Deravio FI","robots":{"index":"index","follow":"follow","max-snippet":"max-snippet:-1","max-image-preview":"max-image-preview:large","max-video-preview":"max-video-preview:-1"},"canonical":"https:\/\/deravio.com\/fi\/tuote\/oven-saranan-saatotyokalu\/","og_locale":"fi_FI","og_type":"article","og_title":"Oven saranan s\u00e4\u00e4t\u00f6ty\u00f6kalu - Deravio FI","og_description":"Oven saranoiden s\u00e4\u00e4t\u00f6ty\u00f6kalu, jolla voidaan korjata roikkuvat tai vinossa olevat ovet saranaa irrottamatta. Se mahdollistaa tarkat saranav\u00e4lien s\u00e4\u00e4d\u00f6t, jotka parantavat oven kohdistusta ja avautumisen sujuvuutta. Vahva, helppok\u00e4ytt\u00f6inen ja aikaa s\u00e4\u00e4st\u00e4v\u00e4 ty\u00f6kalu on ihanteellinen ovien nopeisiin korjauksiin kotona tai ty\u00f6paikalla.","og_url":"https:\/\/deravio.com\/fi\/tuote\/oven-saranan-saatotyokalu\/","og_site_name":"Deravio FI","article_modified_time":"2026-04-15T16:43:18+00:00","og_image":[{"width":800,"height":800,"url":"https:\/\/deravio.com\/fi\/wp-content\/uploads\/sites\/19\/2026\/04\/546ursv-1.webp","type":"image\/webp"}],"twitter_card":"summary_large_image","twitter_misc":{"Arvioitu lukuaika":"2 minuuttia"},"schema":{"@context":"https:\/\/schema.org","@graph":[{"@type":"WebPage","@id":"https:\/\/deravio.com\/fi\/tuote\/oven-saranan-saatotyokalu\/","url":"https:\/\/deravio.com\/fi\/tuote\/oven-saranan-saatotyokalu\/","name":"Oven saranan s\u00e4\u00e4t\u00f6ty\u00f6kalu - Deravio FI","isPartOf":{"@id":"https:\/\/deravio.com\/fi\/#website"},"primaryImageOfPage":{"@id":"https:\/\/deravio.com\/fi\/tuote\/oven-saranan-saatotyokalu\/#primaryimage"},"image":{"@id":"https:\/\/deravio.com\/fi\/tuote\/oven-saranan-saatotyokalu\/#primaryimage"},"thumbnailUrl":"https:\/\/deravio.com\/fi\/wp-content\/uploads\/sites\/19\/2026\/04\/546ursv-1.webp","datePublished":"2026-04-15T16:43:05+00:00","dateModified":"2026-04-15T16:43:18+00:00","breadcrumb":{"@id":"https:\/\/deravio.com\/fi\/tuote\/oven-saranan-saatotyokalu\/#breadcrumb"},"inLanguage":"fi","potentialAction":[{"@type":"ReadAction","target":["https:\/\/deravio.com\/fi\/tuote\/oven-saranan-saatotyokalu\/"]}]},{"@type":"ImageObject","inLanguage":"fi","@id":"https:\/\/deravio.com\/fi\/tuote\/oven-saranan-saatotyokalu\/#primaryimage","url":"https:\/\/deravio.com\/fi\/wp-content\/uploads\/sites\/19\/2026\/04\/546ursv-1.webp","contentUrl":"https:\/\/deravio.com\/fi\/wp-content\/uploads\/sites\/19\/2026\/04\/546ursv-1.webp","width":800,"height":800},{"@type":"BreadcrumbList","@id":"https:\/\/deravio.com\/fi\/tuote\/oven-saranan-saatotyokalu\/#breadcrumb","itemListElement":[{"@type":"ListItem","position":1,"name":"Home","item":"https:\/\/deravio.com\/fi\/"},{"@type":"ListItem","position":2,"name":"Kauppa","item":"https:\/\/deravio.com\/fi\/kauppa\/"},{"@type":"ListItem","position":3,"name":"Oven saranan s\u00e4\u00e4t\u00f6ty\u00f6kalu"}]},{"@type":"WebSite","@id":"https:\/\/deravio.com\/fi\/#website","url":"https:\/\/deravio.com\/fi\/","name":"Deravio FI","description":"","publisher":{"@id":"https:\/\/deravio.com\/fi\/#organization"},"potentialAction":[{"@type":"SearchAction","target":{"@type":"EntryPoint","urlTemplate":"https:\/\/deravio.com\/fi\/?s={search_term_string}"},"query-input":{"@type":"PropertyValueSpecification","valueRequired":true,"valueName":"search_term_string"}}],"inLanguage":"fi"},{"@type":"Organization","@id":"https:\/\/deravio.com\/fi\/#organization","name":"Mekulo","url":"https:\/\/deravio.com\/fi\/","logo":{"@type":"ImageObject","inLanguage":"fi","@id":"https:\/\/deravio.com\/fi\/#\/schema\/logo\/image\/","url":"https:\/\/deravio.com\/fi\/wp-content\/uploads\/sites\/19\/2025\/12\/favicon_mekulo.png","contentUrl":"https:\/\/deravio.com\/fi\/wp-content\/uploads\/sites\/19\/2025\/12\/favicon_mekulo.png","width":50,"height":50,"caption":"Mekulo"},"image":{"@id":"https:\/\/deravio.com\/fi\/#\/schema\/logo\/image\/"}}]}},"_links":{"self":[{"href":"https:\/\/deravio.com\/fi\/wp-json\/wp\/v2\/product\/21826","targetHints":{"allow":["GET"]}}],"collection":[{"href":"https:\/\/deravio.com\/fi\/wp-json\/wp\/v2\/product"}],"about":[{"href":"https:\/\/deravio.com\/fi\/wp-json\/wp\/v2\/types\/product"}],"replies":[{"embeddable":true,"href":"https:\/\/deravio.com\/fi\/wp-json\/wp\/v2\/comments?post=21826"}],"wp:featuredmedia":[{"embeddable":true,"href":"https:\/\/deravio.com\/fi\/wp-json\/wp\/v2\/media\/21822"}],"wp:attachment":[{"href":"https:\/\/deravio.com\/fi\/wp-json\/wp\/v2\/media?parent=21826"}],"wp:term":[{"taxonomy":"product_brand","embeddable":true,"href":"https:\/\/deravio.com\/fi\/wp-json\/wp\/v2\/product_brand?post=21826"},{"taxonomy":"product_cat","embeddable":true,"href":"https:\/\/deravio.com\/fi\/wp-json\/wp\/v2\/product_cat?post=21826"},{"taxonomy":"product_tag","embeddable":true,"href":"https:\/\/deravio.com\/fi\/wp-json\/wp\/v2\/product_tag?post=21826"}],"curies":[{"name":"wp","href":"https:\/\/api.w.org\/{rel}","templated":true}]}}