{"id":21807,"date":"2026-04-15T19:40:51","date_gmt":"2026-04-15T16:40:51","guid":{"rendered":"https:\/\/deravio.com\/fi\/tuote\/hain-eva-auton-antenni\/"},"modified":"2026-05-12T11:26:26","modified_gmt":"2026-05-12T08:26:26","slug":"hain-eva-auton-antenni","status":"publish","type":"product","link":"https:\/\/deravio.com\/fi\/tuote\/hain-eva-auton-antenni\/","title":{"rendered":"Hain ev\u00e4 auton antenni"},"content":{"rendered":"<h2 style=\"text-align: center\">Paranna Autosi Signaalia<\/h2>\n<p style=\"text-align: center\">Hain ev\u00e4antenni on suunniteltu parantamaan ajoneuvosi signaalin vastaanottoa ja tarjoamaan luotettavamman yhteyden radiollesi. T\u00e4m\u00e4 antenni ei ainoastaan paranna suorituskyky\u00e4, vaan my\u00f6s lis\u00e4\u00e4 tyylikk\u00e4\u00e4n, modernin ulkon\u00e4\u00f6n autosi ulkokuoreen.<\/p>\n<p><img decoding=\"async\" class=\"alignnone size-medium wp-image-3084 aligncenter\" src=\"https:\/\/keluvo.com\/template\/wp-content\/uploads\/sites\/5\/2024\/11\/FOR-Citroen-C4-C5-C2-C3-C6-DS3-DS4-DS5-Radio-shark-fin-Car-antenna-3M.jpg_-1.png\" alt=\"\" \/><\/p>\n<h2 style=\"text-align: center\">Helppo Asennus<\/h2>\n<p style=\"text-align: center\">Hain ev\u00e4antennin asentaminen on yksinkertaista eik\u00e4 vaadi poraamista. Puhdista ja kuivaa pinta, levit\u00e4 kaksipuolinen liima ja kiinnit\u00e4 antenni. Lis\u00e4varmuuden vuoksi voit k\u00e4ytt\u00e4\u00e4 hiustenkuivaajaa teipin tarttuvuuden parantamiseksi.<\/p>\n<p><img fetchpriority=\"high\" decoding=\"async\" class=\"alignnone size-full wp-image-20131 aligncenter\" src=\"https:\/\/mekulo.com\/template\/wp-content\/uploads\/sites\/6\/2025\/12\/6.jpeg\" alt=\"\" width=\"800\" height=\"800\" \/><\/p>\n<h2 style=\"text-align: center\">Tekniset Tiedot<\/h2>\n<p>Koko: 7 x 7 x 16,5 cm<\/p>\n<p>Paino: 76 g<\/p>\n<p>Materiaali: ABS<\/p>\n<h2 style=\"text-align: center\">Pakkaus Sis\u00e4lt\u00e4\u00e4<\/h2>\n<p>1 hain ev\u00e4 autoantennin<\/p>\n","protected":false},"excerpt":{"rendered":"<div class=\"flex flex-col text-sm pb-25\">\n<article class=\"text-token-text-primary w-full focus:outline-none [--shadow-height:45px] has-data-writing-block:pointer-events-none has-data-writing-block:-mt-(--shadow-height) has-data-writing-block:pt-(--shadow-height) [&amp;:has([data-writing-block])&gt;*]:pointer-events-auto scroll-mt-[calc(var(--header-height)+min(200px,max(70px,20svh)))]\" dir=\"auto\" data-turn-id=\"request-6953fc99-4988-8330-83cb-2284431b2ad2-7\" data-testid=\"conversation-turn-20\" data-scroll-anchor=\"true\" data-turn=\"assistant\">\n<div class=\"text-base my-auto mx-auto pb-10 [--thread-content-margin:--spacing(4)] @w-sm\/main:[--thread-content-margin:--spacing(6)] @w-lg\/main:[--thread-content-margin:--spacing(16)] px-(--thread-content-margin)\">\n<div class=\"[--thread-content-max-width:40rem] @w-lg\/main:[--thread-content-max-width:48rem] mx-auto max-w-(--thread-content-max-width) flex-1 group\/turn-messages focus-visible:outline-hidden relative flex w-full min-w-0 flex-col agent-turn\">\n<div class=\"flex max-w-full flex-col grow\">\n<div class=\"min-h-8 text-message relative flex w-full flex-col items-end gap-2 text-start break-words whitespace-normal [.text-message+&amp;]:mt-1\" dir=\"auto\" data-message-author-role=\"assistant\" data-message-id=\"1e8e0706-14ee-4b63-a54d-060f8b42be54\" data-message-model-slug=\"gpt-5-2\">\n<div class=\"flex w-full flex-col gap-1 empty:hidden first:pt-[1px]\">\n<div class=\"markdown prose dark:prose-invert w-full break-words light markdown-new-styling\">\n<p data-start=\"0\" data-end=\"260\" data-is-last-node=\"\" data-is-only-node=\"\">Hain ev\u00e4antenni, joka on suunniteltu parantamaan signaalin vastaanottoa ja antamaan ajoneuvollesi tyylikk\u00e4\u00e4n, modernin ulkon\u00e4\u00f6n. Se asennetaan helposti ilman porausta, sopii useimpiin autoihin ja parantaa radioyhteyksi\u00e4. Kest\u00e4v\u00e4 ja tyylik\u00e4s, se parantaa sek\u00e4 suorituskyky\u00e4 ett\u00e4 ulkon\u00e4k\u00f6\u00e4.<\/p>\n<\/div>\n<\/div>\n<\/div>\n<\/div>\n<div class=\"z-0 flex min-h-[46px] justify-start\"><\/div>\n<div class=\"mt-3 w-full empty:hidden\">\n<div class=\"text-center\"><\/div>\n<\/div>\n<\/div>\n<\/div>\n<\/article>\n<\/div>\n<div class=\"pointer-events-none h-px w-px absolute bottom-0\" aria-hidden=\"true\" data-edge=\"true\"><\/div>\n","protected":false},"featured_media":21803,"comment_status":"open","ping_status":"closed","template":"","meta":{"site-sidebar-layout":"default","site-content-layout":"","ast-site-content-layout":"default","site-content-style":"default","site-sidebar-style":"default","ast-global-header-display":"","ast-banner-title-visibility":"","ast-main-header-display":"","ast-hfb-above-header-display":"","ast-hfb-below-header-display":"","ast-hfb-mobile-header-display":"","site-post-title":"","ast-breadcrumbs-content":"","ast-featured-img":"","footer-sml-layout":"","ast-disable-related-posts":"","theme-transparent-header-meta":"default","adv-header-id-meta":"","stick-header-meta":"","header-above-stick-meta":"","header-main-stick-meta":"","header-below-stick-meta":"","astra-migrate-meta-layouts":"set","ast-page-background-enabled":"default","ast-page-background-meta":{"desktop":{"background-color":"var(--ast-global-color-5)","background-image":"","background-repeat":"repeat","background-position":"center center","background-size":"auto","background-attachment":"scroll","background-type":"","background-media":"","overlay-type":"","overlay-color":"","overlay-opacity":"","overlay-gradient":""},"tablet":{"background-color":"","background-image":"","background-repeat":"repeat","background-position":"center center","background-size":"auto","background-attachment":"scroll","background-type":"","background-media":"","overlay-type":"","overlay-color":"","overlay-opacity":"","overlay-gradient":""},"mobile":{"background-color":"","background-image":"","background-repeat":"repeat","background-position":"center center","background-size":"auto","background-attachment":"scroll","background-type":"","background-media":"","overlay-type":"","overlay-color":"","overlay-opacity":"","overlay-gradient":""}},"ast-content-background-meta":{"desktop":{"background-color":"var(--ast-global-color-4)","background-image":"","background-repeat":"repeat","background-position":"center center","background-size":"auto","background-attachment":"scroll","background-type":"","background-media":"","overlay-type":"","overlay-color":"","overlay-opacity":"","overlay-gradient":""},"tablet":{"background-color":"var(--ast-global-color-4)","background-image":"","background-repeat":"repeat","background-position":"center center","background-size":"auto","background-attachment":"scroll","background-type":"","background-media":"","overlay-type":"","overlay-color":"","overlay-opacity":"","overlay-gradient":""},"mobile":{"background-color":"var(--ast-global-color-4)","background-image":"","background-repeat":"repeat","background-position":"center center","background-size":"auto","background-attachment":"scroll","background-type":"","background-media":"","overlay-type":"","overlay-color":"","overlay-opacity":"","overlay-gradient":""}}},"product_brand":[],"product_cat":[161],"product_tag":[],"class_list":{"0":"post-21807","1":"product","2":"type-product","3":"status-publish","4":"has-post-thumbnail","6":"product_cat-autotuotteet","7":"pa_29750_estw78ad-harmaa","8":"pa_29750_estw78ad-hopea","9":"pa_29750_estw78ad-musta","10":"pa_29750_estw78ad-punainen","11":"pa_29750_estw78ad-valkoinen","12":"desktop-align-left","13":"tablet-align-left","14":"mobile-align-left","16":"first","17":"instock","18":"shipping-taxable","19":"purchasable","20":"product-type-variable"},"yoast_head":"<!-- This site is optimized with the Yoast SEO plugin v27.4 - https:\/\/yoast.com\/product\/yoast-seo-wordpress\/ -->\n<title>Hain ev\u00e4 auton antenni - Deravio FI<\/title>\n<meta name=\"robots\" content=\"index, follow, max-snippet:-1, max-image-preview:large, max-video-preview:-1\" \/>\n<link rel=\"canonical\" href=\"https:\/\/deravio.com\/fi\/tuote\/hain-eva-auton-antenni\/\" \/>\n<meta property=\"og:locale\" content=\"fi_FI\" \/>\n<meta property=\"og:type\" content=\"article\" \/>\n<meta property=\"og:title\" content=\"Hain ev\u00e4 auton antenni - Deravio FI\" \/>\n<meta property=\"og:description\" content=\"Hain ev\u00e4antenni, joka on suunniteltu parantamaan signaalin vastaanottoa ja antamaan ajoneuvollesi tyylikk\u00e4\u00e4n, modernin ulkon\u00e4\u00f6n. Se asennetaan helposti ilman porausta, sopii useimpiin autoihin ja parantaa radioyhteyksi\u00e4. Kest\u00e4v\u00e4 ja tyylik\u00e4s, se parantaa sek\u00e4 suorituskyky\u00e4 ett\u00e4 ulkon\u00e4k\u00f6\u00e4.\" \/>\n<meta property=\"og:url\" content=\"https:\/\/deravio.com\/fi\/tuote\/hain-eva-auton-antenni\/\" \/>\n<meta property=\"og:site_name\" content=\"Deravio FI\" \/>\n<meta property=\"article:modified_time\" content=\"2026-05-12T08:26:26+00:00\" \/>\n<meta property=\"og:image\" content=\"https:\/\/deravio.com\/fi\/wp-content\/uploads\/sites\/19\/2026\/04\/c30x87k-1.png\" \/>\n\t<meta property=\"og:image:width\" content=\"1000\" \/>\n\t<meta property=\"og:image:height\" content=\"1000\" \/>\n\t<meta property=\"og:image:type\" content=\"image\/png\" \/>\n<meta name=\"twitter:card\" content=\"summary_large_image\" \/>\n<meta name=\"twitter:label1\" content=\"Arvioitu lukuaika\" \/>\n\t<meta name=\"twitter:data1\" content=\"2 minuuttia\" \/>\n<script type=\"application\/ld+json\" class=\"yoast-schema-graph\">{\"@context\":\"https:\\\/\\\/schema.org\",\"@graph\":[{\"@type\":\"WebPage\",\"@id\":\"https:\\\/\\\/deravio.com\\\/fi\\\/tuote\\\/hain-eva-auton-antenni\\\/\",\"url\":\"https:\\\/\\\/deravio.com\\\/fi\\\/tuote\\\/hain-eva-auton-antenni\\\/\",\"name\":\"Hain ev\u00e4 auton antenni - Deravio FI\",\"isPartOf\":{\"@id\":\"https:\\\/\\\/deravio.com\\\/fi\\\/#website\"},\"primaryImageOfPage\":{\"@id\":\"https:\\\/\\\/deravio.com\\\/fi\\\/tuote\\\/hain-eva-auton-antenni\\\/#primaryimage\"},\"image\":{\"@id\":\"https:\\\/\\\/deravio.com\\\/fi\\\/tuote\\\/hain-eva-auton-antenni\\\/#primaryimage\"},\"thumbnailUrl\":\"https:\\\/\\\/deravio.com\\\/fi\\\/wp-content\\\/uploads\\\/sites\\\/19\\\/2026\\\/04\\\/c30x87k-1.png\",\"datePublished\":\"2026-04-15T16:40:51+00:00\",\"dateModified\":\"2026-05-12T08:26:26+00:00\",\"breadcrumb\":{\"@id\":\"https:\\\/\\\/deravio.com\\\/fi\\\/tuote\\\/hain-eva-auton-antenni\\\/#breadcrumb\"},\"inLanguage\":\"fi\",\"potentialAction\":[{\"@type\":\"ReadAction\",\"target\":[\"https:\\\/\\\/deravio.com\\\/fi\\\/tuote\\\/hain-eva-auton-antenni\\\/\"]}]},{\"@type\":\"ImageObject\",\"inLanguage\":\"fi\",\"@id\":\"https:\\\/\\\/deravio.com\\\/fi\\\/tuote\\\/hain-eva-auton-antenni\\\/#primaryimage\",\"url\":\"https:\\\/\\\/deravio.com\\\/fi\\\/wp-content\\\/uploads\\\/sites\\\/19\\\/2026\\\/04\\\/c30x87k-1.png\",\"contentUrl\":\"https:\\\/\\\/deravio.com\\\/fi\\\/wp-content\\\/uploads\\\/sites\\\/19\\\/2026\\\/04\\\/c30x87k-1.png\",\"width\":1000,\"height\":1000},{\"@type\":\"BreadcrumbList\",\"@id\":\"https:\\\/\\\/deravio.com\\\/fi\\\/tuote\\\/hain-eva-auton-antenni\\\/#breadcrumb\",\"itemListElement\":[{\"@type\":\"ListItem\",\"position\":1,\"name\":\"Home\",\"item\":\"https:\\\/\\\/deravio.com\\\/fi\\\/\"},{\"@type\":\"ListItem\",\"position\":2,\"name\":\"Kauppa\",\"item\":\"https:\\\/\\\/deravio.com\\\/fi\\\/kauppa\\\/\"},{\"@type\":\"ListItem\",\"position\":3,\"name\":\"Hain ev\u00e4 auton antenni\"}]},{\"@type\":\"WebSite\",\"@id\":\"https:\\\/\\\/deravio.com\\\/fi\\\/#website\",\"url\":\"https:\\\/\\\/deravio.com\\\/fi\\\/\",\"name\":\"Deravio FI\",\"description\":\"\",\"publisher\":{\"@id\":\"https:\\\/\\\/deravio.com\\\/fi\\\/#organization\"},\"potentialAction\":[{\"@type\":\"SearchAction\",\"target\":{\"@type\":\"EntryPoint\",\"urlTemplate\":\"https:\\\/\\\/deravio.com\\\/fi\\\/?s={search_term_string}\"},\"query-input\":{\"@type\":\"PropertyValueSpecification\",\"valueRequired\":true,\"valueName\":\"search_term_string\"}}],\"inLanguage\":\"fi\"},{\"@type\":\"Organization\",\"@id\":\"https:\\\/\\\/deravio.com\\\/fi\\\/#organization\",\"name\":\"Mekulo\",\"url\":\"https:\\\/\\\/deravio.com\\\/fi\\\/\",\"logo\":{\"@type\":\"ImageObject\",\"inLanguage\":\"fi\",\"@id\":\"https:\\\/\\\/deravio.com\\\/fi\\\/#\\\/schema\\\/logo\\\/image\\\/\",\"url\":\"https:\\\/\\\/deravio.com\\\/fi\\\/wp-content\\\/uploads\\\/sites\\\/19\\\/2025\\\/12\\\/favicon_mekulo.png\",\"contentUrl\":\"https:\\\/\\\/deravio.com\\\/fi\\\/wp-content\\\/uploads\\\/sites\\\/19\\\/2025\\\/12\\\/favicon_mekulo.png\",\"width\":50,\"height\":50,\"caption\":\"Mekulo\"},\"image\":{\"@id\":\"https:\\\/\\\/deravio.com\\\/fi\\\/#\\\/schema\\\/logo\\\/image\\\/\"}}]}<\/script>\n<!-- \/ Yoast SEO plugin. -->","yoast_head_json":{"title":"Hain ev\u00e4 auton antenni - Deravio FI","robots":{"index":"index","follow":"follow","max-snippet":"max-snippet:-1","max-image-preview":"max-image-preview:large","max-video-preview":"max-video-preview:-1"},"canonical":"https:\/\/deravio.com\/fi\/tuote\/hain-eva-auton-antenni\/","og_locale":"fi_FI","og_type":"article","og_title":"Hain ev\u00e4 auton antenni - Deravio FI","og_description":"Hain ev\u00e4antenni, joka on suunniteltu parantamaan signaalin vastaanottoa ja antamaan ajoneuvollesi tyylikk\u00e4\u00e4n, modernin ulkon\u00e4\u00f6n. Se asennetaan helposti ilman porausta, sopii useimpiin autoihin ja parantaa radioyhteyksi\u00e4. Kest\u00e4v\u00e4 ja tyylik\u00e4s, se parantaa sek\u00e4 suorituskyky\u00e4 ett\u00e4 ulkon\u00e4k\u00f6\u00e4.","og_url":"https:\/\/deravio.com\/fi\/tuote\/hain-eva-auton-antenni\/","og_site_name":"Deravio FI","article_modified_time":"2026-05-12T08:26:26+00:00","og_image":[{"width":1000,"height":1000,"url":"https:\/\/deravio.com\/fi\/wp-content\/uploads\/sites\/19\/2026\/04\/c30x87k-1.png","type":"image\/png"}],"twitter_card":"summary_large_image","twitter_misc":{"Arvioitu lukuaika":"2 minuuttia"},"schema":{"@context":"https:\/\/schema.org","@graph":[{"@type":"WebPage","@id":"https:\/\/deravio.com\/fi\/tuote\/hain-eva-auton-antenni\/","url":"https:\/\/deravio.com\/fi\/tuote\/hain-eva-auton-antenni\/","name":"Hain ev\u00e4 auton antenni - Deravio FI","isPartOf":{"@id":"https:\/\/deravio.com\/fi\/#website"},"primaryImageOfPage":{"@id":"https:\/\/deravio.com\/fi\/tuote\/hain-eva-auton-antenni\/#primaryimage"},"image":{"@id":"https:\/\/deravio.com\/fi\/tuote\/hain-eva-auton-antenni\/#primaryimage"},"thumbnailUrl":"https:\/\/deravio.com\/fi\/wp-content\/uploads\/sites\/19\/2026\/04\/c30x87k-1.png","datePublished":"2026-04-15T16:40:51+00:00","dateModified":"2026-05-12T08:26:26+00:00","breadcrumb":{"@id":"https:\/\/deravio.com\/fi\/tuote\/hain-eva-auton-antenni\/#breadcrumb"},"inLanguage":"fi","potentialAction":[{"@type":"ReadAction","target":["https:\/\/deravio.com\/fi\/tuote\/hain-eva-auton-antenni\/"]}]},{"@type":"ImageObject","inLanguage":"fi","@id":"https:\/\/deravio.com\/fi\/tuote\/hain-eva-auton-antenni\/#primaryimage","url":"https:\/\/deravio.com\/fi\/wp-content\/uploads\/sites\/19\/2026\/04\/c30x87k-1.png","contentUrl":"https:\/\/deravio.com\/fi\/wp-content\/uploads\/sites\/19\/2026\/04\/c30x87k-1.png","width":1000,"height":1000},{"@type":"BreadcrumbList","@id":"https:\/\/deravio.com\/fi\/tuote\/hain-eva-auton-antenni\/#breadcrumb","itemListElement":[{"@type":"ListItem","position":1,"name":"Home","item":"https:\/\/deravio.com\/fi\/"},{"@type":"ListItem","position":2,"name":"Kauppa","item":"https:\/\/deravio.com\/fi\/kauppa\/"},{"@type":"ListItem","position":3,"name":"Hain ev\u00e4 auton antenni"}]},{"@type":"WebSite","@id":"https:\/\/deravio.com\/fi\/#website","url":"https:\/\/deravio.com\/fi\/","name":"Deravio FI","description":"","publisher":{"@id":"https:\/\/deravio.com\/fi\/#organization"},"potentialAction":[{"@type":"SearchAction","target":{"@type":"EntryPoint","urlTemplate":"https:\/\/deravio.com\/fi\/?s={search_term_string}"},"query-input":{"@type":"PropertyValueSpecification","valueRequired":true,"valueName":"search_term_string"}}],"inLanguage":"fi"},{"@type":"Organization","@id":"https:\/\/deravio.com\/fi\/#organization","name":"Mekulo","url":"https:\/\/deravio.com\/fi\/","logo":{"@type":"ImageObject","inLanguage":"fi","@id":"https:\/\/deravio.com\/fi\/#\/schema\/logo\/image\/","url":"https:\/\/deravio.com\/fi\/wp-content\/uploads\/sites\/19\/2025\/12\/favicon_mekulo.png","contentUrl":"https:\/\/deravio.com\/fi\/wp-content\/uploads\/sites\/19\/2025\/12\/favicon_mekulo.png","width":50,"height":50,"caption":"Mekulo"},"image":{"@id":"https:\/\/deravio.com\/fi\/#\/schema\/logo\/image\/"}}]}},"_links":{"self":[{"href":"https:\/\/deravio.com\/fi\/wp-json\/wp\/v2\/product\/21807","targetHints":{"allow":["GET"]}}],"collection":[{"href":"https:\/\/deravio.com\/fi\/wp-json\/wp\/v2\/product"}],"about":[{"href":"https:\/\/deravio.com\/fi\/wp-json\/wp\/v2\/types\/product"}],"replies":[{"embeddable":true,"href":"https:\/\/deravio.com\/fi\/wp-json\/wp\/v2\/comments?post=21807"}],"wp:featuredmedia":[{"embeddable":true,"href":"https:\/\/deravio.com\/fi\/wp-json\/wp\/v2\/media\/21803"}],"wp:attachment":[{"href":"https:\/\/deravio.com\/fi\/wp-json\/wp\/v2\/media?parent=21807"}],"wp:term":[{"taxonomy":"product_brand","embeddable":true,"href":"https:\/\/deravio.com\/fi\/wp-json\/wp\/v2\/product_brand?post=21807"},{"taxonomy":"product_cat","embeddable":true,"href":"https:\/\/deravio.com\/fi\/wp-json\/wp\/v2\/product_cat?post=21807"},{"taxonomy":"product_tag","embeddable":true,"href":"https:\/\/deravio.com\/fi\/wp-json\/wp\/v2\/product_tag?post=21807"}],"curies":[{"name":"wp","href":"https:\/\/api.w.org\/{rel}","templated":true}]}}