{"id":21734,"date":"2026-04-15T19:31:55","date_gmt":"2026-04-15T16:31:55","guid":{"rendered":"https:\/\/deravio.com\/fi\/tuote\/eleohjaus-rc-auto\/"},"modified":"2026-04-15T19:32:08","modified_gmt":"2026-04-15T16:32:08","slug":"eleohjaus-rc-auto","status":"publish","type":"product","link":"https:\/\/deravio.com\/fi\/tuote\/eleohjaus-rc-auto\/","title":{"rendered":"Eleohjaus RC-auto"},"content":{"rendered":"<div class=\"flex max-w-full flex-col grow\">\n<div class=\"min-h-8 text-message relative flex w-full flex-col items-end gap-2 text-start break-words whitespace-normal [.text-message+&amp;]:mt-1\" dir=\"auto\" data-message-author-role=\"assistant\" data-message-id=\"d511ec06-7f8c-48d1-b102-5bb4ee1983b8\" data-message-model-slug=\"gpt-5-2\">\n<div class=\"flex w-full flex-col gap-1 empty:hidden first:pt-[1px]\">\n<div class=\"markdown prose dark:prose-invert w-full break-words light markdown-new-styling\">\n<p style=\"text-align: center\" data-start=\"0\" data-end=\"72\"><strong data-start=\"0\" data-end=\"72\">Ohjaa Autoa K\u00e4sill\u00e4si Ja Tee H\u00e4mm\u00e4stytt\u00e4vi\u00e4 Temppuja Miss\u00e4 Tahansa.<\/strong><span style=\"font-size: 16px;font-style: normal;font-weight: 400\">\ud83d\ude97\u00a0<\/span><\/p>\n<p data-start=\"74\" data-end=\"286\"><img fetchpriority=\"high\" decoding=\"async\" class=\"size-full wp-image-46153 aligncenter\" src=\"https:\/\/keluvo.com\/template\/wp-content\/uploads\/sites\/5\/2025\/12\/10226-ezgif.com-video-to-webp-converter-6.webp\" alt=\"\" width=\"500\" height=\"500\" \/><\/p>\n<h2 style=\"text-align: center\" data-start=\"524\" data-end=\"544\">\ud83d\udd25 T\u00e4rkeimm\u00e4t Edut<\/h2>\n<p data-start=\"547\" data-end=\"613\">\u270b Eleohjaustila &#8211; Ohjaa autoa k\u00e4siliikkeill\u00e4.<\/p>\n<p data-start=\"616\" data-end=\"671\">\ud83c\udfae Kauko-ohjaustila &#8211; Helppo ja tarkka ajo.<\/p>\n<p data-start=\"674\" data-end=\"731\">\ud83d\udd04 360\u00b0 stuntit &#8211; Py\u00f6r\u00e4hdyksi\u00e4, voltteja ja temppuja helposti.<\/p>\n<p data-start=\"734\" data-end=\"799\">\ud83d\udca1 LED-valot &#8211; Kirkkaat ja v\u00e4rikk\u00e4\u00e4t, t\u00e4ydelliset y\u00f6leikkeihin.<\/p>\n<p data-start=\"802\" data-end=\"858\">\ud83d\udede Stunt-renkaat &#8211; Vahva pito erilaisilla pinnoilla.<\/p>\n<p data-start=\"861\" data-end=\"911\">\ud83d\udcaa Kest\u00e4v\u00e4 rakenne &#8211; Kest\u00e4\u00e4 kolhut ja kolarit.<\/p>\n<p data-start=\"914\" data-end=\"972\">\ud83d\udc76 Lapsiturvallinen muotoilu &#8211; Ei ter\u00e4vi\u00e4 reunoja tai pieni\u00e4 osia.<\/p>\n<p data-start=\"914\" data-end=\"972\"><img decoding=\"async\" class=\"size-full wp-image-46154 aligncenter\" src=\"https:\/\/keluvo.com\/template\/wp-content\/uploads\/sites\/5\/2025\/12\/16014453268e8e971de8.webp\" alt=\"\" width=\"500\" height=\"370\" \/><\/p>\n<h2 style=\"text-align: center\" data-start=\"974\" data-end=\"991\">\u25b6\ufe0f K\u00e4ytt\u00f6ohjeet<\/h2>\n<ol data-start=\"992\" data-end=\"1267\">\n<li data-start=\"992\" data-end=\"1044\">\n<p data-start=\"995\" data-end=\"1044\">Lataa RC-auto mukana tulevalla USB-kaapelilla.<\/p>\n<\/li>\n<li data-start=\"1045\" data-end=\"1090\">\n<p data-start=\"1048\" data-end=\"1090\">Kytke auto p\u00e4\u00e4lle ja valitse ohjaustila.<\/p>\n<\/li>\n<li data-start=\"1091\" data-end=\"1166\">\n<p data-start=\"1094\" data-end=\"1166\">K\u00e4yt\u00e4 kaukos\u00e4\u00e4dint\u00e4 klassiseen ajamiseen tai k\u00e4yt\u00e4\/k\u00e4yt\u00e4 eleohjainta.<\/p>\n<\/li>\n<li data-start=\"1167\" data-end=\"1222\">\n<p data-start=\"1170\" data-end=\"1222\">Liikuta k\u00e4tt\u00e4si ohjataaksesi, py\u00f6ritt\u00e4\u00e4ksesi ja suorittaaksesi temppuja.<\/p>\n<\/li>\n<li data-start=\"1223\" data-end=\"1267\">\n<p data-start=\"1226\" data-end=\"1267\">Nauti kilpa-ajosta ja temppujen tekemisest\u00e4 mill\u00e4 tahansa pinnalla.<\/p>\n<\/li>\n<\/ol>\n<h2 style=\"text-align: center\" data-start=\"1269\" data-end=\"1291\">\ud83d\udccf Tuotetiedot<\/h2>\n<ul data-start=\"1292\" data-end=\"1552\">\n<li data-start=\"1292\" data-end=\"1339\">\n<p data-start=\"1294\" data-end=\"1339\">Materiaali: Muovi ja elektroniset komponentit<\/p>\n<\/li>\n<li data-start=\"1340\" data-end=\"1391\">\n<p data-start=\"1342\" data-end=\"1391\">Ohjaustilat: Kauko-ohjaus<\/p>\n<\/li>\n<li data-start=\"1392\" data-end=\"1454\">\n<p data-start=\"1394\" data-end=\"1454\">Virta: 3.7V 500mAh ladattava litiumparisto (sis\u00e4ltyy toimitukseen)<\/p>\n<\/li>\n<li data-start=\"1455\" data-end=\"1472\">\n<p data-start=\"1457\" data-end=\"1472\">Lataus: USB<\/p>\n<\/li>\n<li data-start=\"1517\" data-end=\"1552\">\n<p data-start=\"1519\" data-end=\"1552\">Suositeltu ik\u00e4: 3 vuotta ja yl\u00f6sp\u00e4in<\/p>\n<\/li>\n<\/ul>\n<h2 style=\"text-align: center\" data-start=\"1554\" data-end=\"1577\">\ud83d\udce6 Pakkaus Sis\u00e4lt\u00e4\u00e4<\/h2>\n<ul data-start=\"1578\" data-end=\"1723\" data-is-last-node=\"\" data-is-only-node=\"\">\n<li data-start=\"1578\" data-end=\"1608\">\n<p data-start=\"1580\" data-end=\"1608\">1x eleohjaus RC-auto<\/p>\n<\/li>\n<li data-start=\"1609\" data-end=\"1634\">\n<p data-start=\"1611\" data-end=\"1634\">1x kauko-ohjain<\/p>\n<\/li>\n<li data-start=\"1635\" data-end=\"1669\">\n<p data-start=\"1637\" data-end=\"1669\">1x eleohjausohjain<\/p>\n<\/li>\n<li data-start=\"1670\" data-end=\"1696\">\n<p data-start=\"1672\" data-end=\"1696\">1x USB-latauskaapeli<\/p>\n<\/li>\n<li data-start=\"1697\" data-end=\"1723\" data-is-last-node=\"\">\n<p data-start=\"1699\" data-end=\"1723\" data-is-last-node=\"\">1x ladattava akku.<\/p>\n<\/li>\n<\/ul>\n<\/div>\n<\/div>\n<\/div>\n<\/div>\n","protected":false},"excerpt":{"rendered":"<p>T\u00e4m\u00e4n eleohjauksella ohjattavan RC-auton avulla lapset voivat ajaa, py\u00f6r\u00e4ht\u00e4\u00e4 ja k\u00e4\u00e4nty\u00e4 k\u00e4den liikkeill\u00e4 tai perinteisell\u00e4 kaukos\u00e4\u00e4timell\u00e4. Vahvojen stunt-renkaiden, kirkkaiden LED-valojen ja kest\u00e4v\u00e4n rakenteen ansiosta se tarjoaa taukoamatonta toimintaa sis\u00e4ll\u00e4 ja ulkona. T\u00e4ss\u00e4 RC-autossa on kaksi ohjaustilaa, joten lapset voivat valita, miten he leikkiv\u00e4t. K\u00e4yt\u00e4 kaukos\u00e4\u00e4dint\u00e4 tarkkaan ajamiseen tai vaihda eleohjaukseen, jolloin voit ohjata, k\u00e4\u00e4nty\u00e4 ja tehd\u00e4 temppuja yksinkertaisilla k\u00e4siliikkeill\u00e4.<\/p>\n","protected":false},"featured_media":21730,"comment_status":"open","ping_status":"closed","template":"","meta":{"site-sidebar-layout":"default","site-content-layout":"","ast-site-content-layout":"default","site-content-style":"default","site-sidebar-style":"default","ast-global-header-display":"","ast-banner-title-visibility":"","ast-main-header-display":"","ast-hfb-above-header-display":"","ast-hfb-below-header-display":"","ast-hfb-mobile-header-display":"","site-post-title":"","ast-breadcrumbs-content":"","ast-featured-img":"","footer-sml-layout":"","ast-disable-related-posts":"","theme-transparent-header-meta":"default","adv-header-id-meta":"","stick-header-meta":"","header-above-stick-meta":"","header-main-stick-meta":"","header-below-stick-meta":"","astra-migrate-meta-layouts":"set","ast-page-background-enabled":"default","ast-page-background-meta":{"desktop":{"background-color":"var(--ast-global-color-5)","background-image":"","background-repeat":"repeat","background-position":"center center","background-size":"auto","background-attachment":"scroll","background-type":"","background-media":"","overlay-type":"","overlay-color":"","overlay-opacity":"","overlay-gradient":""},"tablet":{"background-color":"","background-image":"","background-repeat":"repeat","background-position":"center center","background-size":"auto","background-attachment":"scroll","background-type":"","background-media":"","overlay-type":"","overlay-color":"","overlay-opacity":"","overlay-gradient":""},"mobile":{"background-color":"","background-image":"","background-repeat":"repeat","background-position":"center center","background-size":"auto","background-attachment":"scroll","background-type":"","background-media":"","overlay-type":"","overlay-color":"","overlay-opacity":"","overlay-gradient":""}},"ast-content-background-meta":{"desktop":{"background-color":"var(--ast-global-color-4)","background-image":"","background-repeat":"repeat","background-position":"center center","background-size":"auto","background-attachment":"scroll","background-type":"","background-media":"","overlay-type":"","overlay-color":"","overlay-opacity":"","overlay-gradient":""},"tablet":{"background-color":"var(--ast-global-color-4)","background-image":"","background-repeat":"repeat","background-position":"center center","background-size":"auto","background-attachment":"scroll","background-type":"","background-media":"","overlay-type":"","overlay-color":"","overlay-opacity":"","overlay-gradient":""},"mobile":{"background-color":"var(--ast-global-color-4)","background-image":"","background-repeat":"repeat","background-position":"center center","background-size":"auto","background-attachment":"scroll","background-type":"","background-media":"","overlay-type":"","overlay-color":"","overlay-opacity":"","overlay-gradient":""}}},"product_brand":[],"product_cat":[172],"product_tag":[],"class_list":{"0":"post-21734","1":"product","2":"type-product","3":"status-publish","4":"has-post-thumbnail","6":"product_cat-lelut-lasten-ja-vauvatuotteet","7":"pa_60497_otzvg117-harmaa","8":"pa_60497_otzvg117-punainen","9":"pa_60497_otzvg117-sininen","10":"desktop-align-left","11":"tablet-align-left","12":"mobile-align-left","14":"first","15":"instock","16":"shipping-taxable","17":"purchasable","18":"product-type-variable"},"yoast_head":"<!-- This site is optimized with the Yoast SEO plugin v27.4 - https:\/\/yoast.com\/product\/yoast-seo-wordpress\/ -->\n<title>Eleohjaus RC-auto - Deravio FI<\/title>\n<meta name=\"robots\" content=\"index, follow, max-snippet:-1, max-image-preview:large, max-video-preview:-1\" \/>\n<link rel=\"canonical\" href=\"https:\/\/deravio.com\/fi\/tuote\/eleohjaus-rc-auto\/\" \/>\n<meta property=\"og:locale\" content=\"fi_FI\" \/>\n<meta property=\"og:type\" content=\"article\" \/>\n<meta property=\"og:title\" content=\"Eleohjaus RC-auto - Deravio FI\" \/>\n<meta property=\"og:description\" content=\"T\u00e4m\u00e4n eleohjauksella ohjattavan RC-auton avulla lapset voivat ajaa, py\u00f6r\u00e4ht\u00e4\u00e4 ja k\u00e4\u00e4nty\u00e4 k\u00e4den liikkeill\u00e4 tai perinteisell\u00e4 kaukos\u00e4\u00e4timell\u00e4. Vahvojen stunt-renkaiden, kirkkaiden LED-valojen ja kest\u00e4v\u00e4n rakenteen ansiosta se tarjoaa taukoamatonta toimintaa sis\u00e4ll\u00e4 ja ulkona. T\u00e4ss\u00e4 RC-autossa on kaksi ohjaustilaa, joten lapset voivat valita, miten he leikkiv\u00e4t. K\u00e4yt\u00e4 kaukos\u00e4\u00e4dint\u00e4 tarkkaan ajamiseen tai vaihda eleohjaukseen, jolloin voit ohjata, k\u00e4\u00e4nty\u00e4 ja tehd\u00e4 temppuja yksinkertaisilla k\u00e4siliikkeill\u00e4.\" \/>\n<meta property=\"og:url\" content=\"https:\/\/deravio.com\/fi\/tuote\/eleohjaus-rc-auto\/\" \/>\n<meta property=\"og:site_name\" content=\"Deravio FI\" \/>\n<meta property=\"article:modified_time\" content=\"2026-04-15T16:32:08+00:00\" \/>\n<meta property=\"og:image\" content=\"https:\/\/deravio.com\/fi\/wp-content\/uploads\/sites\/19\/2026\/04\/l401rt6-1.webp\" \/>\n\t<meta property=\"og:image:width\" content=\"713\" \/>\n\t<meta property=\"og:image:height\" content=\"713\" \/>\n\t<meta property=\"og:image:type\" content=\"image\/webp\" \/>\n<meta name=\"twitter:card\" content=\"summary_large_image\" \/>\n<meta name=\"twitter:label1\" content=\"Arvioitu lukuaika\" \/>\n\t<meta name=\"twitter:data1\" content=\"2 minuuttia\" \/>\n<script type=\"application\/ld+json\" class=\"yoast-schema-graph\">{\"@context\":\"https:\\\/\\\/schema.org\",\"@graph\":[{\"@type\":\"WebPage\",\"@id\":\"https:\\\/\\\/deravio.com\\\/fi\\\/tuote\\\/eleohjaus-rc-auto\\\/\",\"url\":\"https:\\\/\\\/deravio.com\\\/fi\\\/tuote\\\/eleohjaus-rc-auto\\\/\",\"name\":\"Eleohjaus RC-auto - Deravio FI\",\"isPartOf\":{\"@id\":\"https:\\\/\\\/deravio.com\\\/fi\\\/#website\"},\"primaryImageOfPage\":{\"@id\":\"https:\\\/\\\/deravio.com\\\/fi\\\/tuote\\\/eleohjaus-rc-auto\\\/#primaryimage\"},\"image\":{\"@id\":\"https:\\\/\\\/deravio.com\\\/fi\\\/tuote\\\/eleohjaus-rc-auto\\\/#primaryimage\"},\"thumbnailUrl\":\"https:\\\/\\\/deravio.com\\\/fi\\\/wp-content\\\/uploads\\\/sites\\\/19\\\/2026\\\/04\\\/l401rt6-1.webp\",\"datePublished\":\"2026-04-15T16:31:55+00:00\",\"dateModified\":\"2026-04-15T16:32:08+00:00\",\"breadcrumb\":{\"@id\":\"https:\\\/\\\/deravio.com\\\/fi\\\/tuote\\\/eleohjaus-rc-auto\\\/#breadcrumb\"},\"inLanguage\":\"fi\",\"potentialAction\":[{\"@type\":\"ReadAction\",\"target\":[\"https:\\\/\\\/deravio.com\\\/fi\\\/tuote\\\/eleohjaus-rc-auto\\\/\"]}]},{\"@type\":\"ImageObject\",\"inLanguage\":\"fi\",\"@id\":\"https:\\\/\\\/deravio.com\\\/fi\\\/tuote\\\/eleohjaus-rc-auto\\\/#primaryimage\",\"url\":\"https:\\\/\\\/deravio.com\\\/fi\\\/wp-content\\\/uploads\\\/sites\\\/19\\\/2026\\\/04\\\/l401rt6-1.webp\",\"contentUrl\":\"https:\\\/\\\/deravio.com\\\/fi\\\/wp-content\\\/uploads\\\/sites\\\/19\\\/2026\\\/04\\\/l401rt6-1.webp\",\"width\":713,\"height\":713},{\"@type\":\"BreadcrumbList\",\"@id\":\"https:\\\/\\\/deravio.com\\\/fi\\\/tuote\\\/eleohjaus-rc-auto\\\/#breadcrumb\",\"itemListElement\":[{\"@type\":\"ListItem\",\"position\":1,\"name\":\"Home\",\"item\":\"https:\\\/\\\/deravio.com\\\/fi\\\/\"},{\"@type\":\"ListItem\",\"position\":2,\"name\":\"Kauppa\",\"item\":\"https:\\\/\\\/deravio.com\\\/fi\\\/kauppa\\\/\"},{\"@type\":\"ListItem\",\"position\":3,\"name\":\"Eleohjaus RC-auto\"}]},{\"@type\":\"WebSite\",\"@id\":\"https:\\\/\\\/deravio.com\\\/fi\\\/#website\",\"url\":\"https:\\\/\\\/deravio.com\\\/fi\\\/\",\"name\":\"Deravio FI\",\"description\":\"\",\"publisher\":{\"@id\":\"https:\\\/\\\/deravio.com\\\/fi\\\/#organization\"},\"potentialAction\":[{\"@type\":\"SearchAction\",\"target\":{\"@type\":\"EntryPoint\",\"urlTemplate\":\"https:\\\/\\\/deravio.com\\\/fi\\\/?s={search_term_string}\"},\"query-input\":{\"@type\":\"PropertyValueSpecification\",\"valueRequired\":true,\"valueName\":\"search_term_string\"}}],\"inLanguage\":\"fi\"},{\"@type\":\"Organization\",\"@id\":\"https:\\\/\\\/deravio.com\\\/fi\\\/#organization\",\"name\":\"Mekulo\",\"url\":\"https:\\\/\\\/deravio.com\\\/fi\\\/\",\"logo\":{\"@type\":\"ImageObject\",\"inLanguage\":\"fi\",\"@id\":\"https:\\\/\\\/deravio.com\\\/fi\\\/#\\\/schema\\\/logo\\\/image\\\/\",\"url\":\"https:\\\/\\\/deravio.com\\\/fi\\\/wp-content\\\/uploads\\\/sites\\\/19\\\/2025\\\/12\\\/favicon_mekulo.png\",\"contentUrl\":\"https:\\\/\\\/deravio.com\\\/fi\\\/wp-content\\\/uploads\\\/sites\\\/19\\\/2025\\\/12\\\/favicon_mekulo.png\",\"width\":50,\"height\":50,\"caption\":\"Mekulo\"},\"image\":{\"@id\":\"https:\\\/\\\/deravio.com\\\/fi\\\/#\\\/schema\\\/logo\\\/image\\\/\"}}]}<\/script>\n<!-- \/ Yoast SEO plugin. -->","yoast_head_json":{"title":"Eleohjaus RC-auto - Deravio FI","robots":{"index":"index","follow":"follow","max-snippet":"max-snippet:-1","max-image-preview":"max-image-preview:large","max-video-preview":"max-video-preview:-1"},"canonical":"https:\/\/deravio.com\/fi\/tuote\/eleohjaus-rc-auto\/","og_locale":"fi_FI","og_type":"article","og_title":"Eleohjaus RC-auto - Deravio FI","og_description":"T\u00e4m\u00e4n eleohjauksella ohjattavan RC-auton avulla lapset voivat ajaa, py\u00f6r\u00e4ht\u00e4\u00e4 ja k\u00e4\u00e4nty\u00e4 k\u00e4den liikkeill\u00e4 tai perinteisell\u00e4 kaukos\u00e4\u00e4timell\u00e4. Vahvojen stunt-renkaiden, kirkkaiden LED-valojen ja kest\u00e4v\u00e4n rakenteen ansiosta se tarjoaa taukoamatonta toimintaa sis\u00e4ll\u00e4 ja ulkona. T\u00e4ss\u00e4 RC-autossa on kaksi ohjaustilaa, joten lapset voivat valita, miten he leikkiv\u00e4t. K\u00e4yt\u00e4 kaukos\u00e4\u00e4dint\u00e4 tarkkaan ajamiseen tai vaihda eleohjaukseen, jolloin voit ohjata, k\u00e4\u00e4nty\u00e4 ja tehd\u00e4 temppuja yksinkertaisilla k\u00e4siliikkeill\u00e4.","og_url":"https:\/\/deravio.com\/fi\/tuote\/eleohjaus-rc-auto\/","og_site_name":"Deravio FI","article_modified_time":"2026-04-15T16:32:08+00:00","og_image":[{"width":713,"height":713,"url":"https:\/\/deravio.com\/fi\/wp-content\/uploads\/sites\/19\/2026\/04\/l401rt6-1.webp","type":"image\/webp"}],"twitter_card":"summary_large_image","twitter_misc":{"Arvioitu lukuaika":"2 minuuttia"},"schema":{"@context":"https:\/\/schema.org","@graph":[{"@type":"WebPage","@id":"https:\/\/deravio.com\/fi\/tuote\/eleohjaus-rc-auto\/","url":"https:\/\/deravio.com\/fi\/tuote\/eleohjaus-rc-auto\/","name":"Eleohjaus RC-auto - Deravio FI","isPartOf":{"@id":"https:\/\/deravio.com\/fi\/#website"},"primaryImageOfPage":{"@id":"https:\/\/deravio.com\/fi\/tuote\/eleohjaus-rc-auto\/#primaryimage"},"image":{"@id":"https:\/\/deravio.com\/fi\/tuote\/eleohjaus-rc-auto\/#primaryimage"},"thumbnailUrl":"https:\/\/deravio.com\/fi\/wp-content\/uploads\/sites\/19\/2026\/04\/l401rt6-1.webp","datePublished":"2026-04-15T16:31:55+00:00","dateModified":"2026-04-15T16:32:08+00:00","breadcrumb":{"@id":"https:\/\/deravio.com\/fi\/tuote\/eleohjaus-rc-auto\/#breadcrumb"},"inLanguage":"fi","potentialAction":[{"@type":"ReadAction","target":["https:\/\/deravio.com\/fi\/tuote\/eleohjaus-rc-auto\/"]}]},{"@type":"ImageObject","inLanguage":"fi","@id":"https:\/\/deravio.com\/fi\/tuote\/eleohjaus-rc-auto\/#primaryimage","url":"https:\/\/deravio.com\/fi\/wp-content\/uploads\/sites\/19\/2026\/04\/l401rt6-1.webp","contentUrl":"https:\/\/deravio.com\/fi\/wp-content\/uploads\/sites\/19\/2026\/04\/l401rt6-1.webp","width":713,"height":713},{"@type":"BreadcrumbList","@id":"https:\/\/deravio.com\/fi\/tuote\/eleohjaus-rc-auto\/#breadcrumb","itemListElement":[{"@type":"ListItem","position":1,"name":"Home","item":"https:\/\/deravio.com\/fi\/"},{"@type":"ListItem","position":2,"name":"Kauppa","item":"https:\/\/deravio.com\/fi\/kauppa\/"},{"@type":"ListItem","position":3,"name":"Eleohjaus RC-auto"}]},{"@type":"WebSite","@id":"https:\/\/deravio.com\/fi\/#website","url":"https:\/\/deravio.com\/fi\/","name":"Deravio FI","description":"","publisher":{"@id":"https:\/\/deravio.com\/fi\/#organization"},"potentialAction":[{"@type":"SearchAction","target":{"@type":"EntryPoint","urlTemplate":"https:\/\/deravio.com\/fi\/?s={search_term_string}"},"query-input":{"@type":"PropertyValueSpecification","valueRequired":true,"valueName":"search_term_string"}}],"inLanguage":"fi"},{"@type":"Organization","@id":"https:\/\/deravio.com\/fi\/#organization","name":"Mekulo","url":"https:\/\/deravio.com\/fi\/","logo":{"@type":"ImageObject","inLanguage":"fi","@id":"https:\/\/deravio.com\/fi\/#\/schema\/logo\/image\/","url":"https:\/\/deravio.com\/fi\/wp-content\/uploads\/sites\/19\/2025\/12\/favicon_mekulo.png","contentUrl":"https:\/\/deravio.com\/fi\/wp-content\/uploads\/sites\/19\/2025\/12\/favicon_mekulo.png","width":50,"height":50,"caption":"Mekulo"},"image":{"@id":"https:\/\/deravio.com\/fi\/#\/schema\/logo\/image\/"}}]}},"_links":{"self":[{"href":"https:\/\/deravio.com\/fi\/wp-json\/wp\/v2\/product\/21734","targetHints":{"allow":["GET"]}}],"collection":[{"href":"https:\/\/deravio.com\/fi\/wp-json\/wp\/v2\/product"}],"about":[{"href":"https:\/\/deravio.com\/fi\/wp-json\/wp\/v2\/types\/product"}],"replies":[{"embeddable":true,"href":"https:\/\/deravio.com\/fi\/wp-json\/wp\/v2\/comments?post=21734"}],"wp:featuredmedia":[{"embeddable":true,"href":"https:\/\/deravio.com\/fi\/wp-json\/wp\/v2\/media\/21730"}],"wp:attachment":[{"href":"https:\/\/deravio.com\/fi\/wp-json\/wp\/v2\/media?parent=21734"}],"wp:term":[{"taxonomy":"product_brand","embeddable":true,"href":"https:\/\/deravio.com\/fi\/wp-json\/wp\/v2\/product_brand?post=21734"},{"taxonomy":"product_cat","embeddable":true,"href":"https:\/\/deravio.com\/fi\/wp-json\/wp\/v2\/product_cat?post=21734"},{"taxonomy":"product_tag","embeddable":true,"href":"https:\/\/deravio.com\/fi\/wp-json\/wp\/v2\/product_tag?post=21734"}],"curies":[{"name":"wp","href":"https:\/\/api.w.org\/{rel}","templated":true}]}}