{"id":633,"date":"2020-10-13T09:00:26","date_gmt":"2020-10-13T09:00:26","guid":{"rendered":"http:\/\/localhost\/razzi\/?page_id=633"},"modified":"2026-04-17T16:02:26","modified_gmt":"2026-04-17T13:02:26","slug":"meista","status":"publish","type":"page","link":"https:\/\/deravio.com\/fi\/meista\/","title":{"rendered":"Meist\u00e4"},"content":{"rendered":"\t\t<div data-elementor-type=\"wp-page\" data-elementor-id=\"633\" class=\"elementor elementor-633\" data-elementor-post-type=\"page\">\n\t\t\t\t<div class=\"elementor-element elementor-element-c107ec7 e-flex e-con-boxed e-con e-parent\" data-id=\"c107ec7\" data-element_type=\"container\" data-e-type=\"container\">\n\t\t\t\t\t<div class=\"e-con-inner\">\n\t\t\t\t<div class=\"elementor-element elementor-element-3b1412d elementor-widget elementor-widget-heading\" data-id=\"3b1412d\" data-element_type=\"widget\" data-e-type=\"widget\" data-widget_type=\"heading.default\">\n\t\t\t\t\t<h1 class=\"elementor-heading-title elementor-size-default\">Keit\u00e4 me olemme<\/h1>\t\t\t\t<\/div>\n\t\t\t\t<div class=\"elementor-element elementor-element-b7aed60 elementor-widget elementor-widget-text-editor\" data-id=\"b7aed60\" data-element_type=\"widget\" data-e-type=\"widget\" data-widget_type=\"text-editor.default\">\n\t\t\t\t\t\t\t\t\t<p class=\"p1\" style=\"text-align: center;\">Tervetuloa Deravioan! Olemme intohimoisia asiantuntijoita, jotka auttavat sinua muuttamaan kotisi ja puutarhasi todellisiksi hyvinvoinnin keitaiksi. Missiomme on tarjota sinulle korkealaatuisia ja tyylikk\u00e4it\u00e4 tuotteita, jotka parantavat mit\u00e4 tahansa tilaa.<\/p>\t\t\t\t\t\t\t\t<\/div>\n\t\t\t\t\t<\/div>\n\t\t\t\t<\/div>\n\t\t<div class=\"elementor-element elementor-element-6a62fcd e-flex e-con-boxed elementor-invisible e-con e-parent\" data-id=\"6a62fcd\" data-element_type=\"container\" data-e-type=\"container\" data-settings=\"{&quot;background_background&quot;:&quot;classic&quot;,&quot;animation&quot;:&quot;fadeIn&quot;,&quot;animation_delay&quot;:100}\">\n\t\t\t\t\t<div class=\"e-con-inner\">\n\t\t\t\t<div class=\"elementor-element elementor-element-d4414d2 elementor-widget elementor-widget-text-editor\" data-id=\"d4414d2\" data-element_type=\"widget\" data-e-type=\"widget\" data-widget_type=\"text-editor.default\">\n\t\t\t\t\t\t\t\t\t<h3 style=\"--hightlight-color: #6d388b;\"><span style=\"color: #000000;\">Yritystiedot<\/span><\/h3><p class=\"banner__heading h1 title-with-highlight\" style=\"--hightlight-color: #6d388b;\">Yrityksen nimi: Axenta LTD<br \/>Yritysnumero: 16767174<br \/>Osoite: 82A James Carter Road<br \/>Mildenhall, Suffolk IP287DE<br \/>Yhdistynyt kuningaskunta<br \/>S\u00e4hk\u00f6posti: info@deravio.com<\/p>\t\t\t\t\t\t\t\t<\/div>\n\t\t\t\t\t<\/div>\n\t\t\t\t<\/div>\n\t\t<div class=\"elementor-element elementor-element-f884877 e-flex e-con-boxed elementor-invisible e-con e-parent\" data-id=\"f884877\" data-element_type=\"container\" data-e-type=\"container\" data-settings=\"{&quot;animation&quot;:&quot;fadeIn&quot;}\">\n\t\t\t\t\t<div class=\"e-con-inner\">\n\t\t\t\t<div class=\"elementor-element elementor-element-2c45832 elementor-widget elementor-widget-heading\" data-id=\"2c45832\" data-element_type=\"widget\" data-e-type=\"widget\" data-widget_type=\"heading.default\">\n\t\t\t\t\t<h2 class=\"elementor-heading-title elementor-size-default\"><p style=\"line-height: normal\"><font color=\"#000000\" face=\"Helvetica\"><span style=\"font-size: 12px;font-weight: 400\">KYSYMYKSET JA VASTAUKSET<\/span><\/font><span style=\"font-size: 1.875rem;font-style: inherit\"><\/span><\/p><\/h2>\t\t\t\t<\/div>\n\t\t\t\t\t<\/div>\n\t\t\t\t<\/div>\n\t\t<div class=\"elementor-element elementor-element-02e682a animated-slow e-flex e-con-boxed elementor-invisible e-con e-parent\" data-id=\"02e682a\" data-element_type=\"container\" data-e-type=\"container\" data-settings=\"{&quot;animation&quot;:&quot;fadeIn&quot;}\">\n\t\t\t\t\t<div class=\"e-con-inner\">\n\t\t\t\t<div class=\"elementor-element elementor-element-9837441 elementor-widget elementor-widget-heading\" data-id=\"9837441\" data-element_type=\"widget\" data-e-type=\"widget\" data-widget_type=\"heading.default\">\n\t\t\t\t\t<h2 class=\"elementor-heading-title elementor-size-default\">Usein kysyttyj\u00e4 \nkysymyksi\u00e4<\/h2>\t\t\t\t<\/div>\n\t\t\t\t\t<\/div>\n\t\t\t\t<\/div>\n\t\t<div class=\"elementor-element elementor-element-f178ebf e-flex e-con-boxed elementor-invisible e-con e-parent\" data-id=\"f178ebf\" data-element_type=\"container\" data-e-type=\"container\" data-settings=\"{&quot;animation&quot;:&quot;fadeIn&quot;}\">\n\t\t\t\t\t<div class=\"e-con-inner\">\n\t\t\t\t<div class=\"elementor-element elementor-element-45f5029 elementor-widget__width-initial elementor-widget elementor-widget-shortcode\" data-id=\"45f5029\" data-element_type=\"widget\" data-e-type=\"widget\" data-widget_type=\"shortcode.default\">\n\t\t\t\t\t\t\t<div class=\"elementor-shortcode\"><style>#sp-ea-13416 .spcollapsing { height: 0; overflow: hidden; transition-property: height;transition-duration: 300ms;}#sp-ea-13416.sp-easy-accordion>.sp-ea-single {margin-bottom: 10px; border: 1px solid #f6f3f0; }#sp-ea-13416.sp-easy-accordion>.sp-ea-single>.ea-header a {color: #444;}#sp-ea-13416.sp-easy-accordion>.sp-ea-single>.sp-collapse>.ea-body {background: #fff; color: #444;}#sp-ea-13416.sp-easy-accordion>.sp-ea-single {background: #f6f3f0;}#sp-ea-13416.sp-easy-accordion>.sp-ea-single>.ea-header a .ea-expand-icon { float: right; color: #444;font-size: 16px;}#sp-ea-13416.sp-easy-accordion>.sp-ea-single>.ea-header a .ea-expand-icon {margin-right: 0;}<\/style><div id=\"sp_easy_accordion-1767006546\"><div id=\"sp-ea-13416\" class=\"sp-ea-one sp-easy-accordion\" data-ea-active=\"ea-click\" data-ea-mode=\"vertical\" data-preloader=\"\" data-scroll-active-item=\"\" data-offset-to-scroll=\"0\"><div class=\"ea-card ea-expand sp-ea-single\"><h3 class=\"ea-header\"><a class=\"collapsed\" id=\"ea-header-134160\" role=\"button\" data-sptoggle=\"spcollapse\" data-sptarget=\"#collapse134160\" aria-controls=\"collapse134160\" href=\"#\" aria-expanded=\"true\" tabindex=\"0\"><i aria-hidden=\"true\" role=\"presentation\" class=\"ea-expand-icon eap-icon-ea-expand-minus\"><\/i> Mist\u00e4 l\u00f6yd\u00e4n l\u00e4hetyskoodini?<\/a><\/h3><div class=\"sp-collapse spcollapse collapsed show\" id=\"collapse134160\" data-parent=\"#sp-ea-13416\" role=\"region\" aria-labelledby=\"ea-header-134160\"> <div class=\"ea-body\"><p>Kun tilauksesi on l\u00e4hetetty, saat seurantanumeron s\u00e4hk\u00f6postitse. Seurantanumero l\u00e4hetet\u00e4\u00e4n yleens\u00e4 1\u20133 ty\u00f6p\u00e4iv\u00e4n kuluessa. Huomaa, ett\u00e4 seurantanumeron aktivoituminen voi kest\u00e4\u00e4 useita ty\u00f6p\u00e4ivi\u00e4.<\/p><\/div><\/div><\/div><div class=\"ea-card sp-ea-single\"><h3 class=\"ea-header\"><a class=\"collapsed\" id=\"ea-header-134161\" role=\"button\" data-sptoggle=\"spcollapse\" data-sptarget=\"#collapse134161\" aria-controls=\"collapse134161\" href=\"#\" aria-expanded=\"false\" tabindex=\"0\"><i aria-hidden=\"true\" role=\"presentation\" class=\"ea-expand-icon eap-icon-ea-expand-plus\"><\/i> Miten voin tarkistaa tilaukseni sijainnin?<\/a><\/h3><div class=\"sp-collapse spcollapse \" id=\"collapse134161\" data-parent=\"#sp-ea-13416\" role=\"region\" aria-labelledby=\"ea-header-134161\"> <div class=\"ea-body\"><p>K\u00e4yt\u00e4 s\u00e4hk\u00f6postitse saamaasi seurantakoodia tilauksesi tilan seuraamiseen. Sy\u00f6t\u00e4 seurantanumero seurantasivustolle <a href=\"https:\/\/www.17track.net\">17track<\/a> tarkistaaksesi l\u00e4hetyksen tilan. Jos sivusto ilmoittaa, ett\u00e4 l\u00e4hetyksest\u00e4 ei ole tietoja, valitse YunExpress l\u00e4hetyksen kuljetusyhti\u00f6ksi.<\/p><p>Seurantakoodi l\u00e4hetet\u00e4\u00e4n tilauksen vahvistusviestiss\u00e4, jonka sinun pit\u00e4isi saada 1\u20133 ty\u00f6p\u00e4iv\u00e4n kuluessa alkuper\u00e4isen tilauksen tekemisest\u00e4. Jos et ole saanut seurantanumeroa 1\u20133 p\u00e4iv\u00e4n kuluttua, ota meihin yhteytt\u00e4.<\/p><\/div><\/div><\/div><div class=\"ea-card sp-ea-single\"><h3 class=\"ea-header\"><a class=\"collapsed\" id=\"ea-header-134162\" role=\"button\" data-sptoggle=\"spcollapse\" data-sptarget=\"#collapse134162\" aria-controls=\"collapse134162\" href=\"#\" aria-expanded=\"false\" tabindex=\"0\"><i aria-hidden=\"true\" role=\"presentation\" class=\"ea-expand-icon eap-icon-ea-expand-plus\"><\/i> Ent\u00e4 jos en ole tyytyv\u00e4inen tilaukseeni?<\/a><\/h3><div class=\"sp-collapse spcollapse \" id=\"collapse134162\" data-parent=\"#sp-ea-13416\" role=\"region\" aria-labelledby=\"ea-header-134162\"> <div class=\"ea-body\"><p>Jos et ole tyytyv\u00e4inen tilaukseesi, ota meihin yhteytt\u00e4 osoitteeseen info@deravio.com. Kuvaile ongelma mahdollisimman yksityiskohtaisesti ja liit\u00e4 mukaan valokuva tai video. Arvioituamme tilatun tuotteen ongelman, yrit\u00e4mme vastata mahdollisimman pian ja l\u00f6yt\u00e4\u00e4 yhteisen kompromissin ongelman ratkaisemiseksi.<\/p><p>Lis\u00e4ksi kaikki tilaukset voidaan palauttaa 14 ty\u00f6p\u00e4iv\u00e4n kuluessa. Lue lis\u00e4\u00e4 kohdasta <a href=\"https:\/\/deravio.com\/fi\/toimitus-ja-palautukset\/\">Toimitus ja palautukset.<\/a><\/p><\/div><\/div><\/div><div class=\"ea-card sp-ea-single\"><h3 class=\"ea-header\"><a class=\"collapsed\" id=\"ea-header-134163\" role=\"button\" data-sptoggle=\"spcollapse\" data-sptarget=\"#collapse134163\" aria-controls=\"collapse134163\" href=\"#\" aria-expanded=\"false\" tabindex=\"0\"><i aria-hidden=\"true\" role=\"presentation\" class=\"ea-expand-icon eap-icon-ea-expand-plus\"><\/i> Ovatko maksutietoni turvassa?<\/a><\/h3><div class=\"sp-collapse spcollapse \" id=\"collapse134163\" data-parent=\"#sp-ea-13416\" role=\"region\" aria-labelledby=\"ea-header-134163\"> <div class=\"ea-body\"><p>K\u00e4yt\u00e4mme SSL (Secure Socket Layer) -salausta, joka varmistaa, ett\u00e4 tietosi siirret\u00e4\u00e4n turvallisesti selaimesi ja palvelimiemme v\u00e4lill\u00e4. T\u00e4m\u00e4 tarjoaa lis\u00e4suojan tietojen varastamista vastaan ja varmistaa, ett\u00e4 henkil\u00f6kohtaiset maksutietosi ovat turvassa.<\/p><\/div><\/div><\/div><div class=\"ea-card sp-ea-single\"><h3 class=\"ea-header\"><a class=\"collapsed\" id=\"ea-header-134164\" role=\"button\" data-sptoggle=\"spcollapse\" data-sptarget=\"#collapse134164\" aria-controls=\"collapse134164\" href=\"#\" aria-expanded=\"false\" tabindex=\"0\"><i aria-hidden=\"true\" role=\"presentation\" class=\"ea-expand-icon eap-icon-ea-expand-plus\"><\/i> Kuinka voin palauttaa tuotteen?<\/a><\/h3><div class=\"sp-collapse spcollapse \" id=\"collapse134164\" data-parent=\"#sp-ea-13416\" role=\"region\" aria-labelledby=\"ea-header-134164\"> <div class=\"ea-body\"><p>Ota yhteytt\u00e4 osoitteeseen info@deravio.com, jos haluat lis\u00e4tietoja tuotteiden palauttamisesta. Kaikki ostokset voidaan palauttaa 14 ty\u00f6p\u00e4iv\u00e4n kuluessa ilman syyt\u00e4. Ota vain yhteytt\u00e4, niin annamme sinulle kaikki tarvittavat tiedot paketin palauttamista varten.<\/p><p>Palautusosoitteemme on:<br \/>Vienyb\u0117s g. 5, \u0160ilal\u0117, LT-75129, Liettua<\/p><p>Lue lis\u00e4\u00e4 kohdasta <a href=\"https:\/\/deravio.com\/fi\/toimitus-ja-palautukset\/\">Toimitus ja palautukset.<\/a><\/p><\/div><\/div><\/div><div class=\"ea-card sp-ea-single\"><h3 class=\"ea-header\"><a class=\"collapsed\" id=\"ea-header-134165\" role=\"button\" data-sptoggle=\"spcollapse\" data-sptarget=\"#collapse134165\" aria-controls=\"collapse134165\" href=\"#\" aria-expanded=\"false\" tabindex=\"0\"><i aria-hidden=\"true\" role=\"presentation\" class=\"ea-expand-icon eap-icon-ea-expand-plus\"><\/i> Etk\u00f6 l\u00f6yt\u00e4nyt vastausta kysymykseesi?<\/a><\/h3><div class=\"sp-collapse spcollapse \" id=\"collapse134165\" data-parent=\"#sp-ea-13416\" role=\"region\" aria-labelledby=\"ea-header-134165\"> <div class=\"ea-body\"><p>Jos sinulla on kysytt\u00e4v\u00e4\u00e4 tai tarvitset lis\u00e4tietoja, ota meihin yhteytt\u00e4 osoitteessa info@deravio.com.<\/p><p>Asiakaspalvelutiimimme on aina valmis auttamaan ja vastaamaan kysymyksiisi. Vastaamme kysymyksiin 24 tunnin kuluessa.<\/p><\/div><\/div><\/div><\/div><\/div><\/div>\n\t\t\t\t\t\t<\/div>\n\t\t\t\t\t<\/div>\n\t\t\t\t<\/div>\n\t\t<div class=\"elementor-element elementor-element-d32996f e-flex e-con-boxed e-con e-parent\" data-id=\"d32996f\" data-element_type=\"container\" data-e-type=\"container\">\n\t\t\t\t\t<div class=\"e-con-inner\">\n\t\t\t\t<div class=\"elementor-element elementor-element-1a2a253 elementor-align-center elementor-widget elementor-widget-button\" data-id=\"1a2a253\" data-element_type=\"widget\" data-e-type=\"widget\" data-widget_type=\"button.default\">\n\t\t\t\t\t\t\t\t\t\t<a class=\"elementor-button elementor-button-link elementor-size-sm\" href=\"https:\/\/deravio.com\/fi\/ota-yhteytta\/\">\n\t\t\t\t\t\t<span class=\"elementor-button-content-wrapper\">\n\t\t\t\t\t\t<span class=\"elementor-button-icon\">\n\t\t\t\t<svg aria-hidden=\"true\" class=\"e-font-icon-svg e-fas-long-arrow-alt-right\" viewBox=\"0 0 448 512\" xmlns=\"http:\/\/www.w3.org\/2000\/svg\"><path d=\"M313.941 216H12c-6.627 0-12 5.373-12 12v56c0 6.627 5.373 12 12 12h301.941v46.059c0 21.382 25.851 32.09 40.971 16.971l86.059-86.059c9.373-9.373 9.373-24.569 0-33.941l-86.059-86.059c-15.119-15.119-40.971-4.411-40.971 16.971V216z\"><\/path><\/svg>\t\t\t<\/span>\n\t\t\t\t\t\t\t\t\t<span class=\"elementor-button-text\">Ota yhteytt\u00e4<\/span>\n\t\t\t\t\t<\/span>\n\t\t\t\t\t<\/a>\n\t\t\t\t\t\t\t\t<\/div>\n\t\t\t\t\t<\/div>\n\t\t\t\t<\/div>\n\t\t\t\t<\/div>\n\t\t","protected":false},"excerpt":{"rendered":"<p>Keit\u00e4 me olemme Tervetuloa Deravioan! Olemme intohimoisia asiantuntijoita, jotka auttavat sinua muuttamaan kotisi ja puutarhasi todellisiksi hyvinvoinnin keitaiksi. Missiomme on [&hellip;]<\/p>\n","protected":false},"author":1,"featured_media":0,"parent":0,"menu_order":0,"comment_status":"closed","ping_status":"closed","template":"","meta":{"site-sidebar-layout":"no-sidebar","site-content-layout":"","ast-site-content-layout":"full-width-container","site-content-style":"default","site-sidebar-style":"default","ast-global-header-display":"","ast-banner-title-visibility":"","ast-main-header-display":"","ast-hfb-above-header-display":"","ast-hfb-below-header-display":"","ast-hfb-mobile-header-display":"","site-post-title":"disabled","ast-breadcrumbs-content":"","ast-featured-img":"","footer-sml-layout":"","theme-transparent-header-meta":"","adv-header-id-meta":"","stick-header-meta":"","header-above-stick-meta":"","header-main-stick-meta":"","header-below-stick-meta":"","astra-migrate-meta-layouts":"default","ast-page-background-enabled":"default","ast-page-background-meta":{"desktop":{"background-color":"var(--ast-global-color-5)","background-image":"","background-repeat":"repeat","background-position":"center center","background-size":"auto","background-attachment":"scroll","background-type":"","background-media":"","overlay-type":"","overlay-color":"","overlay-opacity":"","overlay-gradient":""},"tablet":{"background-color":"","background-image":"","background-repeat":"repeat","background-position":"center center","background-size":"auto","background-attachment":"scroll","background-type":"","background-media":"","overlay-type":"","overlay-color":"","overlay-opacity":"","overlay-gradient":""},"mobile":{"background-color":"","background-image":"","background-repeat":"repeat","background-position":"center center","background-size":"auto","background-attachment":"scroll","background-type":"","background-media":"","overlay-type":"","overlay-color":"","overlay-opacity":"","overlay-gradient":""}},"ast-content-background-meta":{"desktop":{"background-color":"var(--ast-global-color-4)","background-image":"","background-repeat":"repeat","background-position":"center center","background-size":"auto","background-attachment":"scroll","background-type":"","background-media":"","overlay-type":"","overlay-color":"","overlay-opacity":"","overlay-gradient":""},"tablet":{"background-color":"var(--ast-global-color-4)","background-image":"","background-repeat":"repeat","background-position":"center center","background-size":"auto","background-attachment":"scroll","background-type":"","background-media":"","overlay-type":"","overlay-color":"","overlay-opacity":"","overlay-gradient":""},"mobile":{"background-color":"var(--ast-global-color-4)","background-image":"","background-repeat":"repeat","background-position":"center center","background-size":"auto","background-attachment":"scroll","background-type":"","background-media":"","overlay-type":"","overlay-color":"","overlay-opacity":"","overlay-gradient":""}},"footnotes":""},"class_list":["post-633","page","type-page","status-publish","hentry"],"yoast_head":"<!-- This site is optimized with the Yoast SEO plugin v26.6 - https:\/\/yoast.com\/wordpress\/plugins\/seo\/ -->\n<title>Meist\u00e4 - Deravio FI<\/title>\n<meta name=\"robots\" content=\"index, follow, max-snippet:-1, max-image-preview:large, max-video-preview:-1\" \/>\n<link rel=\"canonical\" href=\"https:\/\/deravio.com\/fi\/meista\/\" \/>\n<meta property=\"og:locale\" content=\"fi_FI\" \/>\n<meta property=\"og:type\" content=\"article\" \/>\n<meta property=\"og:title\" content=\"Meist\u00e4 - Deravio FI\" \/>\n<meta property=\"og:description\" content=\"Keit\u00e4 me olemme Tervetuloa Deravioan! Olemme intohimoisia asiantuntijoita, jotka auttavat sinua muuttamaan kotisi ja puutarhasi todellisiksi hyvinvoinnin keitaiksi. Missiomme on [&hellip;]\" \/>\n<meta property=\"og:url\" content=\"https:\/\/deravio.com\/fi\/meista\/\" \/>\n<meta property=\"og:site_name\" content=\"Deravio FI\" \/>\n<meta property=\"article:modified_time\" content=\"2026-04-17T13:02:26+00:00\" \/>\n<meta name=\"twitter:card\" content=\"summary_large_image\" \/>\n<meta name=\"twitter:label1\" content=\"Arvioitu lukuaika\" \/>\n\t<meta name=\"twitter:data1\" content=\"2 minuuttia\" \/>\n<script type=\"application\/ld+json\" class=\"yoast-schema-graph\">{\"@context\":\"https:\/\/schema.org\",\"@graph\":[{\"@type\":\"WebPage\",\"@id\":\"https:\/\/deravio.com\/fi\/meista\/\",\"url\":\"https:\/\/deravio.com\/fi\/meista\/\",\"name\":\"Meist\u00e4 - Deravio FI\",\"isPartOf\":{\"@id\":\"https:\/\/deravio.com\/fi\/#website\"},\"datePublished\":\"2020-10-13T09:00:26+00:00\",\"dateModified\":\"2026-04-17T13:02:26+00:00\",\"breadcrumb\":{\"@id\":\"https:\/\/deravio.com\/fi\/meista\/#breadcrumb\"},\"inLanguage\":\"fi\",\"potentialAction\":[{\"@type\":\"ReadAction\",\"target\":[\"https:\/\/deravio.com\/fi\/meista\/\"]}]},{\"@type\":\"BreadcrumbList\",\"@id\":\"https:\/\/deravio.com\/fi\/meista\/#breadcrumb\",\"itemListElement\":[{\"@type\":\"ListItem\",\"position\":1,\"name\":\"Home\",\"item\":\"https:\/\/deravio.com\/fi\/\"},{\"@type\":\"ListItem\",\"position\":2,\"name\":\"Meist\u00e4\"}]},{\"@type\":\"WebSite\",\"@id\":\"https:\/\/deravio.com\/fi\/#website\",\"url\":\"https:\/\/deravio.com\/fi\/\",\"name\":\"Deravio FI\",\"description\":\"\",\"publisher\":{\"@id\":\"https:\/\/deravio.com\/fi\/#organization\"},\"potentialAction\":[{\"@type\":\"SearchAction\",\"target\":{\"@type\":\"EntryPoint\",\"urlTemplate\":\"https:\/\/deravio.com\/fi\/?s={search_term_string}\"},\"query-input\":{\"@type\":\"PropertyValueSpecification\",\"valueRequired\":true,\"valueName\":\"search_term_string\"}}],\"inLanguage\":\"fi\"},{\"@type\":\"Organization\",\"@id\":\"https:\/\/deravio.com\/fi\/#organization\",\"name\":\"Mekulo\",\"url\":\"https:\/\/deravio.com\/fi\/\",\"logo\":{\"@type\":\"ImageObject\",\"inLanguage\":\"fi\",\"@id\":\"https:\/\/deravio.com\/fi\/#\/schema\/logo\/image\/\",\"url\":\"https:\/\/deravio.com\/fi\/wp-content\/uploads\/sites\/19\/2025\/12\/favicon_mekulo.png\",\"contentUrl\":\"https:\/\/deravio.com\/fi\/wp-content\/uploads\/sites\/19\/2025\/12\/favicon_mekulo.png\",\"width\":50,\"height\":50,\"caption\":\"Mekulo\"},\"image\":{\"@id\":\"https:\/\/deravio.com\/fi\/#\/schema\/logo\/image\/\"}}]}<\/script>\n<!-- \/ Yoast SEO plugin. -->","yoast_head_json":{"title":"Meist\u00e4 - Deravio FI","robots":{"index":"index","follow":"follow","max-snippet":"max-snippet:-1","max-image-preview":"max-image-preview:large","max-video-preview":"max-video-preview:-1"},"canonical":"https:\/\/deravio.com\/fi\/meista\/","og_locale":"fi_FI","og_type":"article","og_title":"Meist\u00e4 - Deravio FI","og_description":"Keit\u00e4 me olemme Tervetuloa Deravioan! Olemme intohimoisia asiantuntijoita, jotka auttavat sinua muuttamaan kotisi ja puutarhasi todellisiksi hyvinvoinnin keitaiksi. Missiomme on [&hellip;]","og_url":"https:\/\/deravio.com\/fi\/meista\/","og_site_name":"Deravio FI","article_modified_time":"2026-04-17T13:02:26+00:00","twitter_card":"summary_large_image","twitter_misc":{"Arvioitu lukuaika":"2 minuuttia"},"schema":{"@context":"https:\/\/schema.org","@graph":[{"@type":"WebPage","@id":"https:\/\/deravio.com\/fi\/meista\/","url":"https:\/\/deravio.com\/fi\/meista\/","name":"Meist\u00e4 - Deravio FI","isPartOf":{"@id":"https:\/\/deravio.com\/fi\/#website"},"datePublished":"2020-10-13T09:00:26+00:00","dateModified":"2026-04-17T13:02:26+00:00","breadcrumb":{"@id":"https:\/\/deravio.com\/fi\/meista\/#breadcrumb"},"inLanguage":"fi","potentialAction":[{"@type":"ReadAction","target":["https:\/\/deravio.com\/fi\/meista\/"]}]},{"@type":"BreadcrumbList","@id":"https:\/\/deravio.com\/fi\/meista\/#breadcrumb","itemListElement":[{"@type":"ListItem","position":1,"name":"Home","item":"https:\/\/deravio.com\/fi\/"},{"@type":"ListItem","position":2,"name":"Meist\u00e4"}]},{"@type":"WebSite","@id":"https:\/\/deravio.com\/fi\/#website","url":"https:\/\/deravio.com\/fi\/","name":"Deravio FI","description":"","publisher":{"@id":"https:\/\/deravio.com\/fi\/#organization"},"potentialAction":[{"@type":"SearchAction","target":{"@type":"EntryPoint","urlTemplate":"https:\/\/deravio.com\/fi\/?s={search_term_string}"},"query-input":{"@type":"PropertyValueSpecification","valueRequired":true,"valueName":"search_term_string"}}],"inLanguage":"fi"},{"@type":"Organization","@id":"https:\/\/deravio.com\/fi\/#organization","name":"Mekulo","url":"https:\/\/deravio.com\/fi\/","logo":{"@type":"ImageObject","inLanguage":"fi","@id":"https:\/\/deravio.com\/fi\/#\/schema\/logo\/image\/","url":"https:\/\/deravio.com\/fi\/wp-content\/uploads\/sites\/19\/2025\/12\/favicon_mekulo.png","contentUrl":"https:\/\/deravio.com\/fi\/wp-content\/uploads\/sites\/19\/2025\/12\/favicon_mekulo.png","width":50,"height":50,"caption":"Mekulo"},"image":{"@id":"https:\/\/deravio.com\/fi\/#\/schema\/logo\/image\/"}}]}},"_links":{"self":[{"href":"https:\/\/deravio.com\/fi\/wp-json\/wp\/v2\/pages\/633","targetHints":{"allow":["GET"]}}],"collection":[{"href":"https:\/\/deravio.com\/fi\/wp-json\/wp\/v2\/pages"}],"about":[{"href":"https:\/\/deravio.com\/fi\/wp-json\/wp\/v2\/types\/page"}],"author":[{"embeddable":true,"href":"https:\/\/deravio.com\/fi\/wp-json\/wp\/v2\/users\/1"}],"replies":[{"embeddable":true,"href":"https:\/\/deravio.com\/fi\/wp-json\/wp\/v2\/comments?post=633"}],"version-history":[{"count":109,"href":"https:\/\/deravio.com\/fi\/wp-json\/wp\/v2\/pages\/633\/revisions"}],"predecessor-version":[{"id":21922,"href":"https:\/\/deravio.com\/fi\/wp-json\/wp\/v2\/pages\/633\/revisions\/21922"}],"wp:attachment":[{"href":"https:\/\/deravio.com\/fi\/wp-json\/wp\/v2\/media?parent=633"}],"curies":[{"name":"wp","href":"https:\/\/api.w.org\/{rel}","templated":true}]}}